{"id":9518,"date":"2023-06-08T12:39:44","date_gmt":"2023-06-08T12:39:44","guid":{"rendered":"https:\/\/moverdb.com\/?page_id=9518"},"modified":"2026-01-08T15:24:25","modified_gmt":"2026-01-08T15:24:25","slug":"moving-companies-serbia","status":"publish","type":"page","link":"https:\/\/moverdb.com\/ro\/moving-companies\/moving-companies-serbia\/","title":{"rendered":"3 Cele mai bune companii de mut\u0103ri interna\u021bionale din Serbia"},"content":{"rendered":"<p>Dac\u0103 inten\u021biona\u021bi s\u0103 v\u0103 muta\u021bi \u00een Serbia, \u00een Serbia sau din Serbia, este posibil s\u0103 v\u0103 g\u00e2ndi\u021bi s\u0103 apela\u021bi la serviciile unei companii de transport de persoane. <a href=\"https:\/\/moverdb.com\/ro\/moving-companies\/\" data-internallinksmanager029f6b8e52c=\"79\" title=\"Top 25 Companii interna\u021bionale de mutare online\">companie \u00een mi\u0219care<\/a> pentru a v\u0103 asista \u00een ceea ce prive\u0219te ambalarea, transportul \u0219i documenta\u021bia. Mai jos am compilat o list\u0103 de servicii de transport s\u00e2rbe\u0219ti. <a href=\"https:\/\/moverdb.com\/ro\/international-removals\/\" data-internallinksmanager029f6b8e52c=\"27\" title=\"36 Cele mai bune companii de mut\u0103ri interna\u021bionale din Marea Britanie\">companii de mutare<\/a> care sunt membri ai grupului <a href=\"https:\/\/moverdb.com\/ro\/iam\/\" data-internallinksmanager029f6b8e52c=\"23\" title=\"Explica\u021bii despre Asocia\u021bia Interna\u021bional\u0103 a Transportatorilor (IAM)\">Asocia\u021bia Interna\u021bional\u0103 a Transportatorilor<\/a> (IAM) \u0219i\/sau <a href=\"https:\/\/moverdb.com\/ro\/fidi-faim\/\" data-internallinksmanager029f6b8e52c=\"16\" title=\"FIDI &amp; FAIM (FIDI Accredited International Mover) Explicat\">FIDI<\/a> Accredited International Mover (FAIM), care v\u0103 poate ajuta cu mutarea dumneavoastr\u0103.<\/p>\n<h2><strong>1. Reloc\u0103rile din Balcani<\/strong><\/h2>\n<p><img loading=\"lazy\" decoding=\"async\" class=\"alignnone size-full wp-image-9337\" src=\"https:\/\/moverdb.com\/wp-content\/uploads\/Balkan-Relocations-international-moving-company.png\" alt=\"Balkan Relocations companie de mutare interna\u021bional\u0103\" width=\"1440\" height=\"677\" data-wp-pid=\"9337\" srcset=\"https:\/\/moverdb.com\/wp-content\/uploads\/Balkan-Relocations-international-moving-company.png 1440w, https:\/\/moverdb.com\/wp-content\/uploads\/Balkan-Relocations-international-moving-company-300x141.png 300w, https:\/\/moverdb.com\/wp-content\/uploads\/Balkan-Relocations-international-moving-company-1024x481.png 1024w, https:\/\/moverdb.com\/wp-content\/uploads\/Balkan-Relocations-international-moving-company-18x8.png 18w, https:\/\/moverdb.com\/wp-content\/uploads\/Balkan-Relocations-international-moving-company-600x282.png 600w\" sizes=\"auto, (max-width: 1440px) 100vw, 1440px\" \/><\/p>\n<ul>\n<li>Mut\u0103ri locale<\/li>\n<li>Mut\u0103ri interna\u021bionale<\/li>\n<li>Mutarea gospod\u0103riei<\/li>\n<li>Mi\u0219c\u0103ri corporative<\/li>\n<li>Op\u021biuni de ambalare<\/li>\n<li>Transport terestru, maritim \u0219i aerian<\/li>\n<li>Servicii vamale<\/li>\n<li>Mi\u0219c\u0103ri de animale de companie<\/li>\n<li>Asigurare<\/li>\n<li>Facilit\u0103\u021bi de depozitare<\/li>\n<\/ul>\n<p>Balkan Relocations este un serviciu de mut\u0103ri, logistic\u0103 \u0219i transport care opereaz\u0103 din Belgrad. Ace\u0219tia fac parte dintr-o re\u021bea global\u0103 de agen\u021bi de mutare \u0219i parteneri de servicii care \u00eei ajut\u0103 s\u0103 furnizeze servicii \u00een afara Serbiei. Sunt membri ai IAM cu \u0219ase ani de activitate.<\/p>\n<p>Balkan Relocations ofer\u0103 un serviciu de mutare din u\u0219\u0103 \u00een u\u0219\u0103, cu o gam\u0103 de op\u021biuni de ambalare care include doar ambalare fragil\u0103, autoambalare cu materiale de ambalare furnizate \u0219i servicii complete de ambalare. Ace\u0219tia ofer\u0103 transport \u00een \u00eentreaga lume pe cale terestr\u0103, maritim\u0103 sau aerian\u0103, cu asisten\u021b\u0103 vamal\u0103 \u0219i asigurare. Ofer\u0103, de asemenea, servicii de instalare \u0219i asamblare, mut\u0103ri de animale de companie, servicii de relocare \u0219i asisten\u021b\u0103 pentru imigrare.<\/p>\n<p>Site web: <a href=\"http:\/\/www.balkanrelocations.com\" target=\"_blank\" rel=\"noopener\">http:\/\/www.balkanrelocations.com<\/a><\/p>\n<h2><strong>2. Orphee Beinoglou<\/strong><\/h2>\n<p><img loading=\"lazy\" decoding=\"async\" class=\"alignnone size-full wp-image-9408\" src=\"https:\/\/moverdb.com\/wp-content\/uploads\/Orphee-Beinoglou-Serbia-international-moving-company.png\" alt=\"Orphee Beinoglou Serbia companie de mut\u0103ri interna\u021bionale\" width=\"1440\" height=\"680\" data-wp-pid=\"9408\" srcset=\"https:\/\/moverdb.com\/wp-content\/uploads\/Orphee-Beinoglou-Serbia-international-moving-company.png 1440w, https:\/\/moverdb.com\/wp-content\/uploads\/Orphee-Beinoglou-Serbia-international-moving-company-300x142.png 300w, https:\/\/moverdb.com\/wp-content\/uploads\/Orphee-Beinoglou-Serbia-international-moving-company-1024x484.png 1024w, https:\/\/moverdb.com\/wp-content\/uploads\/Orphee-Beinoglou-Serbia-international-moving-company-18x9.png 18w, https:\/\/moverdb.com\/wp-content\/uploads\/Orphee-Beinoglou-Serbia-international-moving-company-600x283.png 600w\" sizes=\"auto, (max-width: 1440px) 100vw, 1440px\" \/><\/p>\n<ul>\n<li>Mut\u0103ri locale \u0219i na\u021bionale<\/li>\n<li>Mut\u0103ri interna\u021bionale<\/li>\n<li>Mutarea gospod\u0103riei<\/li>\n<li>Mutarea birourilor<\/li>\n<li>Serviciu din u\u0219\u0103 \u00een u\u0219\u0103<\/li>\n<li>Serviciul de ambalare<\/li>\n<li>Transport maritim, aerian \u0219i terestru<\/li>\n<li>V\u0103muire<\/li>\n<li>Asigurare<\/li>\n<li>Servicii de depozitare<\/li>\n<\/ul>\n<p>Orphee Beinoglou este un furnizor de transport de marf\u0103 \u0219i logistic\u0103 fondat \u00een 1923 \u00een <a href=\"https:\/\/moverdb.com\/ro\/moving-to-greece\/\" data-internallinksmanager029f6b8e52c=\"353\" title=\"V\u0103 muta\u021bi \u00een Grecia? 2026 Costurile de trai \u0219i sfaturi de relocare\">Grecia<\/a> cu filiale \u00een Balcani \u0219i \u00een Mediterana de Est. Biroul lor din Serbia se afl\u0103 la Belgrad. Ace\u0219tia folosesc o re\u021bea global\u0103 care \u00eei sprijin\u0103 \u00een furnizarea de servicii \u00een alte \u021b\u0103ri. Sunt membri ai IAM cu patru ani de activitate.<\/p>\n<p>Orphee Beinglou ofer\u0103 un serviciu personal de mutare din u\u0219\u0103 \u00een u\u0219\u0103, cu un sondaj \u00eenainte de mutare pentru a v\u0103 ajuta s\u0103 v\u0103 planifica\u021bi mutarea. Ace\u0219tia ofer\u0103 un serviciu de ambalare folosind materiale de ambalare specializate \u0219i echipe instruite. Ace\u0219tia v\u0103 vor transporta bunurile pe cale maritim\u0103, aerian\u0103 sau terestr\u0103 \u0219i v\u0103 vor asista cu v\u0103muirea \u00eenainte de a v\u0103 livra bunurile \u0219i de a v\u0103 ajuta s\u0103 le despacheta\u021bi.<\/p>\n<p>Site web: <a href=\"https:\/\/orbit.rs\" target=\"_blank\" rel=\"noopener\">https:\/\/orbit.rs<\/a><\/p>\n<h2><strong>3. Viziunea 4 Logistic\u0103<\/strong><\/h2>\n<p><img loading=\"lazy\" decoding=\"async\" class=\"alignnone size-full wp-image-9444\" src=\"https:\/\/moverdb.com\/wp-content\/uploads\/Vision-4-Logistics-international-moving-company.png\" alt=\"Vision 4 Logistics companie de mut\u0103ri interna\u021bionale\" width=\"1440\" height=\"678\" data-wp-pid=\"9444\" srcset=\"https:\/\/moverdb.com\/wp-content\/uploads\/Vision-4-Logistics-international-moving-company.png 1440w, https:\/\/moverdb.com\/wp-content\/uploads\/Vision-4-Logistics-international-moving-company-300x141.png 300w, https:\/\/moverdb.com\/wp-content\/uploads\/Vision-4-Logistics-international-moving-company-1024x482.png 1024w, https:\/\/moverdb.com\/wp-content\/uploads\/Vision-4-Logistics-international-moving-company-18x8.png 18w, https:\/\/moverdb.com\/wp-content\/uploads\/Vision-4-Logistics-international-moving-company-600x283.png 600w\" sizes=\"auto, (max-width: 1440px) 100vw, 1440px\" \/><\/p>\n<ul>\n<li>Mut\u0103ri locale<\/li>\n<li>Mut\u0103ri interna\u021bionale<\/li>\n<li>Mutarea gospod\u0103riei<\/li>\n<li>Mi\u0219c\u0103ri corporative<\/li>\n<li>Serviciu din u\u0219\u0103 \u00een u\u0219\u0103<\/li>\n<li>Transport maritim, rutier, feroviar \u0219i aerian de m\u0103rfuri<\/li>\n<li>Alegerea op\u021biunilor de \u00eenc\u0103rcare<\/li>\n<li>Brokeraj vamal<\/li>\n<li>Asigurare all-risk<\/li>\n<li>Facilit\u0103\u021bi de depozitare<\/li>\n<\/ul>\n<p>Vision 4 Logistics este o companie de expedi\u021bie de m\u0103rfuri \u00eenfiin\u021bat\u0103 \u00een 2018 \u0219i cu sediul \u00een Belgrad. Ace\u0219tia ofer\u0103 mut\u0103ri interna\u021bionale prin intermediul re\u021belei lor de agen\u021bi selecta\u021bi din \u00eentreaga lume. Sunt membri ai IAM cu cinci ani de activitate.<\/p>\n<p>Vision 4 Logistics ofer\u0103 servicii de mutare din u\u0219\u0103 \u00een u\u0219\u0103 pentru mut\u0103ri locale \u0219i interna\u021bionale. Ace\u0219tia dispun de personal profesionist \u0219i de echipamente concepute pentru a-i ajuta la mutarea gospod\u0103riilor \u0219i a clien\u021bilor corporativi. Ofer\u0103 transport feroviar, aerian, rutier \u0219i maritim care include \u00eenc\u0103rc\u0103turi complete de containere, mai pu\u021bin de \u00eenc\u0103rc\u0103turi de containere, \u00eenc\u0103rc\u0103turi complete de camion \u0219i mai pu\u021bin de \u00eenc\u0103rc\u0103turi de camion. Ca m\u0103sur\u0103 preventiv\u0103, ei ofer\u0103 asigurare all-risk.<\/p>\n<p>Site web: <a href=\"http:\/\/www.v4l.rs\" target=\"_blank\" rel=\"noopener\">http:\/\/www.v4l.rs<\/a><\/p>","protected":false},"excerpt":{"rendered":"<p>If you are planning a move within, to or from Serbia, you may be considering employing the services of a moving company to assist you with packing, transportation and documentation. Below we have compiled a list of Serbian removal companies that are members of the International Association of Movers (IAM) and\/or FIDI Accredited International Mover [&hellip;]<\/p>\n","protected":false},"author":4,"featured_media":9337,"parent":190,"menu_order":0,"comment_status":"closed","ping_status":"closed","template":"","meta":{"_genesis_hide_title":false,"_genesis_hide_breadcrumbs":false,"_genesis_hide_singular_image":false,"_genesis_hide_footer_widgets":false,"_genesis_custom_body_class":"","_genesis_custom_post_class":"","_genesis_layout":"","footnotes":""},"class_list":{"0":"post-9518","1":"page","2":"type-page","3":"status-publish","4":"has-post-thumbnail","6":"entry"},"_links":{"self":[{"href":"https:\/\/moverdb.com\/ro\/wp-json\/wp\/v2\/pages\/9518","targetHints":{"allow":["GET"]}}],"collection":[{"href":"https:\/\/moverdb.com\/ro\/wp-json\/wp\/v2\/pages"}],"about":[{"href":"https:\/\/moverdb.com\/ro\/wp-json\/wp\/v2\/types\/page"}],"author":[{"embeddable":true,"href":"https:\/\/moverdb.com\/ro\/wp-json\/wp\/v2\/users\/4"}],"replies":[{"embeddable":true,"href":"https:\/\/moverdb.com\/ro\/wp-json\/wp\/v2\/comments?post=9518"}],"version-history":[{"count":1,"href":"https:\/\/moverdb.com\/ro\/wp-json\/wp\/v2\/pages\/9518\/revisions"}],"predecessor-version":[{"id":9519,"href":"https:\/\/moverdb.com\/ro\/wp-json\/wp\/v2\/pages\/9518\/revisions\/9519"}],"up":[{"embeddable":true,"href":"https:\/\/moverdb.com\/ro\/wp-json\/wp\/v2\/pages\/190"}],"wp:featuredmedia":[{"embeddable":true,"href":"https:\/\/moverdb.com\/ro\/wp-json\/wp\/v2\/media\/9337"}],"wp:attachment":[{"href":"https:\/\/moverdb.com\/ro\/wp-json\/wp\/v2\/media?parent=9518"}],"curies":[{"name":"wp","href":"https:\/\/api.w.org\/{rel}","templated":true}]}}