{"id":945,"date":"2016-09-03T20:39:51","date_gmt":"2016-09-03T20:39:51","guid":{"rendered":"http:\/\/moverdb.com\/?page_id=945"},"modified":"2026-01-08T14:48:12","modified_gmt":"2026-01-08T14:48:12","slug":"dt-moving","status":"publish","type":"page","link":"https:\/\/moverdb.com\/ro\/dt-moving\/","title":{"rendered":"DT Moving: Relocare \u0219i mut\u0103ri interna\u021bionale Recenzii"},"content":{"rendered":"<p>DT Moving este un <a href=\"https:\/\/moverdb.com\/ro\/moving-to-the-uk\/\" data-internallinksmanager029f6b8e52c=\"93\" title=\"V\u0103 muta\u021bi \u00een Regatul Unit? 2026 Costurile vie\u021bii \u0219i sfaturi de relocare\">MAREA BRITANIE<\/a> pe <a href=\"https:\/\/moverdb.com\/ro\/moving-companies\/\" data-internallinksmanager029f6b8e52c=\"79\" title=\"Top 25 Companii interna\u021bionale de mutare online\">companie de mutare interna\u021bional\u0103<\/a> care ofer\u0103 clien\u021bilor s\u0103i o gam\u0103 complet\u0103 de servicii care sunt enumerate mai jos, \u00eempreun\u0103 cu un profil al companiei \u0219i recenzii.<\/p>\n<p><strong><a href=\"https:\/\/moverdb.com\/ro\/international-removals\/\" data-internallinksmanager029f6b8e52c=\"27\" title=\"36 Cele mai bune companii de mut\u0103ri interna\u021bionale din Marea Britanie\">Muta\u021bii interna\u021bionale<\/a><\/strong><\/p>\n<ul>\n<li> Sondaj \u00eenainte de mutare, ofert\u0103 \u0219i resurse<\/li>\n<li> Ambalarea la domiciliu<\/li>\n<li> Transport aerian, maritim sau rutier<\/li>\n<li> Asigurare aranjat\u0103<\/li>\n<li> Serviciu permanent, inclusiv un manager de mutare \u0219i un serviciu de urm\u0103rire<\/li>\n<li> Livrare la domiciliu<\/li>\n<li> Desc\u0103rca\u021bi bunurile din container \/ camion \/ valiz\u0103 \u0219i plasa\u021bi-le \u00een camera pe care o alege\u021bi.<\/li>\n<li> A\u0219eza\u021bi materiale de protec\u021bie pentru a avea grij\u0103 de pardoseli \u0219i pere\u021bi acolo unde este necesar<\/li>\n<li> Verifica\u021bi fiecare articol livrat \u00een raport cu inventarul original al ambalajului (pentru a contabiliza fiecare pachet)<\/li>\n<li> Desface\u021bi toate materialele de ambalare din h\u00e2rtie, c\u0103ptu\u0219eal\u0103 \u0219i carton, apoi \u00eendep\u0103rta\u021bi-le pentru reciclare<\/li>\n<li> Reasambla\u021bi pentru dvs. orice element preindicat, ceea ce \u00eenseamn\u0103 un lucru mai pu\u021bin de care s\u0103 v\u0103 face\u021bi griji. De asemenea, putem aranja ca un om bun la toate s\u0103 v\u0103 ajute cu munca suplimentar\u0103, dac\u0103 ave\u021bi nevoie.<\/li>\n<li> V\u0103 permite s\u0103 verifica\u021bi inventarul, articol cu articol, \u0219i s\u0103 semna\u021bi atunci c\u00e2nd sunte\u021bi mul\u021bumit de livrare<\/li>\n<li> V\u0103muire<\/li>\n<\/ul>\n<p><strong>Servicii de destina\u021bie<\/strong><\/p>\n<ul>\n<li> C\u0103utare de \u00eenchiriere de case<\/li>\n<li> C\u0103utarea \u0219colii<\/li>\n<li> Tur de orientare<\/li>\n<li> Instalarea<\/li>\n<li> Formare cultural\u0103<\/li>\n<li> Sprijin pentru so\u021b \u0219i so\u021bie<\/li>\n<li> \u00cenchiriere de mobilier<\/li>\n<li> Cazare temporar\u0103<\/li>\n<li> Servicii de plecare<\/li>\n<li> Consultan\u021b\u0103 \u00een domeniul fiscal \u0219i al imigra\u021biei<\/li>\n<\/ul>\n<p><strong>Art\u0103 fin\u0103 \u0219i antichit\u0103\u021bi<\/strong><\/p>\n<ul>\n<li> Serviciu adaptat pentru fiecare client \u00een parte<\/li>\n<li> Serviciul de consultan\u021b\u0103<\/li>\n<li> Aranja\u021bi hoteluri etc. pentru cump\u0103rarea\/livrarea c\u0103l\u0103toriei<\/li>\n<li> Colec\u021bie de antichit\u0103\u021bi<\/li>\n<li> Serviciul de ambalare<\/li>\n<li> Expediere<\/li>\n<li> Asigurare<\/li>\n<\/ul>\n<p><strong>Depozitare<\/strong><\/p>\n<ul>\n<li> Marea Britanie \u0219i <a href=\"https:\/\/moverdb.com\/ro\/moving-to-france\/\" data-internallinksmanager029f6b8e52c=\"315\" title=\"V\u0103 muta\u021bi \u00een Fran\u021ba? 2026 Costurile vie\u021bii \u0219i sfaturi de relocare\">Fran\u021ba<\/a> - depozitare pe termen scurt \u0219i lung \u00een containere special construite pentru depozitare<\/li>\n<li> Securitate 24 de ore pe zi \u0219i acces codificat<\/li>\n<li> Temperatura controlat\u0103<\/li>\n<li> Sistemul de prevenire a incendiilor \u0219i sistemul de aspersoare armat<\/li>\n<li> Restul lumii - partenerii de re\u021bea vor asigura stocarea securizat\u0103<\/li>\n<\/ul>\n<p><strong>Servicii auxiliare<\/strong><\/p>\n<ul>\n<li> Handyman (demontarea \u0219i montarea de mobilier, echipamente, rafturi, alte obiecte)<\/li>\n<li> Imagine de ag\u0103\u021bat<\/li>\n<li> Ambalaje speciale (pentru obiecte fragile sau de mare valoare)<\/li>\n<li> Cur\u0103\u021benie \u00een cas\u0103<\/li>\n<li> Serviciu de menaj (despachetare, sp\u0103lare, aranjare de <a href=\"https:\/\/moverdb.com\/ro\/moving-to-china\/\" data-internallinksmanager029f6b8e52c=\"357\" title=\"V\u0103 muta\u021bi \u00een China? 2026 Costurile de trai \u0219i sfaturi de relocare\">china<\/a>, sticl\u0103rie, haine, diverse obiecte de uz casnic)<\/li>\n<li> Electrician sau instalator<\/li>\n<li> Dezinstalarea \u0219i instalarea antenei TV prin satelit<\/li>\n<li> \u00cendep\u0103rtare \"sigur\u0103\" de c\u0103tre speciali\u0219ti<\/li>\n<li> Demontarea \u0219i reinstalarea ferestrelor \u0219i a ramei u\u0219ilor<\/li>\n<li> Ascensor exterior (ascensor specializat) pentru accesul la re\u0219edin\u021b\u0103 prin fereastra sau balconul de la etajul superior<\/li>\n<li> \u00cenchiriere de mobilier<\/li>\n<li> Restaurarea \u0219i repararea mobilei<\/li>\n<li> Depozitarea ma\u0219inilor<\/li>\n<\/ul>\n<h2>Profilul companiei DT Moving<\/h2>\n<p>DT Moving a fost cunoscut\u0103 anterior sub numele de David Turner Worldwide Movers \u0219i a mutat oameni \u00een \u00eentreaga lume din 1870. Familia fondatoare este \u00eenc\u0103 implicat\u0103 \u00een afacerea care mut\u0103 corpora\u021bii de profil \u00eenalt \u0219i persoane private din \u00eentreaga lume. <\/p>\n<p>DT Moving are birouri \u00een ambele <a href=\"https:\/\/moverdb.com\/ro\/moving-to-london\/\">Londra<\/a> \u0219i <a href=\"https:\/\/moverdb.com\/ro\/moving-to-france\/moving-to-paris\/\" data-internallinksmanager029f6b8e52c=\"407\" title=\"V\u0103 muta\u021bi la Paris? 2026 Costurile vie\u021bii \u0219i sfaturi de relocare\">Paris<\/a>. Ei se m\u00e2ndresc cu experien\u021ba \u0219i integritatea lor \u0219i spun c\u0103 vechimea medie \u00een munc\u0103 pentru fiecare dintre angaja\u021bii lor este de aproximativ 15 ani. Printre valorile companiei se num\u0103r\u0103 calitatea serviciilor, responsabilitatea, conformitatea \u0219i \u00eembun\u0103t\u0103\u021birea continu\u0103.<\/p>\n<p>DT Moving spune c\u0103 a avut un <strong>97% satisfac\u021bia clien\u021bilor<\/strong> \u00een 2015, \u00een cre\u0219tere de la 95% \u00een 2014.<\/p>\n<p>DT Moving are urm\u0103toarele acredit\u0103ri \u0219i afilieri:<\/p>\n<ul>\n<li> acreditat FAIMPLUS; auditat independent de Ernst &amp; Young<\/li>\n<li> Acreditat ISO 9001-2008, inclusiv BS EN 12522\/1 BS EN 12522\/2<\/li>\n<li> Membru fondator al OMNI (The Overseas Moving Network International)<\/li>\n<li> <a href=\"https:\/\/moverdb.com\/ro\/fidi-faim\/\">FIDI<\/a> afiliat din 1950 (F\u00e9d\u00e9ration Internationale des D\u00e9m\u00e9nageurs Internationaux)<\/li>\n<li> C-TPAT inspectat de <a href=\"https:\/\/moverdb.com\/ro\/moving-to-the-united-states\/\" data-internallinksmanager029f6b8e52c=\"94\" title=\"V\u0103 muta\u021bi \u00een Statele Unite? 2026 Costurile vie\u021bii \u0219i sfaturi de relocare\">SUA<\/a> vam\u0103<\/li>\n<li> Membru autorizat al The <a href=\"https:\/\/moverdb.com\/ro\/asociatia-britanica-a-demolatorilor\/\">Asocia\u021bia Britanic\u0103 a Transportatorilor<\/a>, DBA, DBA, the <a href=\"https:\/\/moverdb.com\/ro\/mtc\/\">Clubul de tranzac\u021bionare Movers<\/a> (<a href=\"https:\/\/moverdb.com\/ro\/mtc\/\" data-internallinksmanager029f6b8e52c=\"30\" title=\"Explica\u021bii despre Movers Trading Club (MTC)\">MTC<\/a>)<\/li>\n<li> Membru al <a href=\"https:\/\/moverdb.com\/ro\/eura\/\">EuRA<\/a> (The <a href=\"https:\/\/moverdb.com\/ro\/eura\/\" data-internallinksmanager029f6b8e52c=\"13\" title=\"Explica\u021bii despre Asocia\u021bia European\u0103 de Relocare (EuRA)\">Asocia\u021bia European\u0103 de Relocare<\/a>)<\/li>\n<li> Membru al <a href=\"https:\/\/moverdb.com\/ro\/asociatia-relocalizare-profesionisti\/\">ARP<\/a> (The <a href=\"https:\/\/moverdb.com\/ro\/association-relocation-professionals\/\" data-internallinksmanager029f6b8e52c=\"6\" title=\"Asocia\u021bia Profesioni\u0219tilor \u00een Relocare (ARP) Explicat\">Asocia\u021bia profesioni\u0219tilor \u00een relocalizare<\/a>)<\/li>\n<li> Membru al <a href=\"https:\/\/moverdb.com\/ro\/sunt\/\">IAM<\/a> (<a href=\"https:\/\/moverdb.com\/ro\/iam\/\" data-internallinksmanager029f6b8e52c=\"23\" title=\"Explica\u021bii despre Asocia\u021bia Interna\u021bional\u0103 a Transportatorilor (IAM)\">Asocia\u021bia Interna\u021bional\u0103 a Transportatorilor<\/a>)<\/li>\n<li> Membru al <a href=\"https:\/\/moverdb.com\/ro\/lacma\/\">LACMA<\/a> (Asocia\u021bia de mut\u0103ri din America Latin\u0103 \u0219i Caraibe)<\/li>\n<li> Membru al <a href=\"https:\/\/moverdb.com\/ro\/consiliul-de-relocare-a-angajatilor\/\">ERC la nivel mondial<\/a> (Asocia\u021bia pentru mobilitatea for\u021bei de munc\u0103)<\/li>\n<li> Prima oar\u0103 <a href=\"https:\/\/moverdb.com\/ro\/fidi-faim\/\" data-internallinksmanager029f6b8e52c=\"16\" title=\"FIDI &amp; FAIM (FIDI Accredited International Mover) Explicat\">FAIM<\/a> Organiza\u021bie acreditat\u0103 ISO (acum FAIMPLUS)<\/li>\n<\/ul>\n<h2>DT Moving Recenzii<\/h2>\n<p><strong>Pozitiv<\/strong><\/p>\n<ul>\n<li> <em>\"Au fost uimitor de profesioni\u0219ti, politico\u0219i, promp\u021bi \u0219i eficien\u021bi. Au explicat totul \u0219i nu \u00eemi pot imagina cum ar fi putut face experien\u021ba mai u\u0219oar\u0103.\"<\/em> - Z. COHEN prin DT Moving <a href=\"http:\/\/www.dtmoving.com\/about-us\/what-our-customers-say\" target=\"_blank\" rel=\"noopener\">Ce spun clien\u021bii no\u0219tri<\/a>.<\/li>\n<li> \"<em>Tocmai m-am mutat de la Londra la <a href=\"https:\/\/moverdb.com\/ro\/se-muta-in-nc\/\">New York<\/a> \u0219i a fost foarte impresionat de serviciile de mutare de la \u00eenceput p\u00e2n\u0103 la sf\u00e2r\u0219it. Ceea ce ar fi putut fi un moment foarte stresant a fost foarte u\u0219or.\"<\/em> - Utilizator Qype, Dan via <a href=\"https:\/\/www.yelp.co.uk\/biz\/dt-moving-london?hrid=_lnG2UpJr3NSw73UR115Pw&#038;utm_campaign=www_review_share_popup&#038;utm_medium=copy_link&#038;utm_source=(direct)\" target=\"_blank\" rel=\"noopener\">Yelp<\/a><\/li>\n<li> \"DT Moving au fost excelen\u021bi de la \u00eenceput p\u00e2n\u0103 la sf\u00e2r\u0219it.\" - MCalder prin <a href=\"https:\/\/www.yell.com\/biz\/dt-moving-mitcham-3825953\/\" target=\"_blank\" rel=\"noopener\">Url\u0103<\/a><\/li>\n<li> \"Este a treia oar\u0103 c\u00e2nd eu \u0219i so\u021bul meu ne mut\u0103m pentru motive de munc\u0103 \u0219i a fost cel mai bun serviciu de p\u00e2n\u0103 acum.\" - Chris via <a href=\"http:\/\/www.allinlondon.co.uk\/directory\/1318\/74781.php\" target=\"_blank\" rel=\"noopener\">Toate \u00een Londra<\/a>.<\/li>\n<\/ul>\n<p><strong>Negativ<\/strong><\/p>\n<p><em>Nu am reu\u0219it s\u0103 g\u0103sim nicio recenzie negativ\u0103 online<\/em>.<\/p>\n<div itemprop=\"review\" itemscope itemtype=\"http:\/\/schema.org\/Review\">\n<span itemprop=\"author\" itemscope=\"\" itemtype=\"http:\/\/schema.org\/Organization\"><span itemprop=\"name\">MoverDB.com<\/span><\/span> Revizuirea online a site-ului pentru <span itemprop=\"itemreviewed\" itemscope=\"\" itemtype=\"http:\/\/schema.org\/Brand\"><span itemprop=\"name\">DT Moving<\/span><\/span>:<\/p>\n<ol>\n<li> Detalii de contact clare pe site-ul web (inclusiv num\u0103rul de telefon): <strong>Da<\/strong><\/li>\n<li> U\u0219or de ob\u021binut <a href=\"https:\/\/moverdb.com\/ro\/citate\/\">citate de mut\u0103ri interna\u021bionale<\/a>? (Formular de solicitare a unui deviz online): <strong>Da<\/strong><\/li>\n<li> Informa\u021bii clare pe site-ul web: <strong>Da,<\/strong> Site-ul web este destul de cuprinz\u0103tor, oferind poten\u021bialilor clien\u021bi o idee bun\u0103 despre ceea ce poate oferi compania.<\/li>\n<li> Apartenen\u021ba la organiza\u021bii interna\u021bionale recunoscute \u00een domeniul mut\u0103rii: <strong>Da<\/strong>, a se vedea mai sus.<\/li>\n<li> Lista de clien\u021bi \u0219i\/sau m\u0103rturii ale clien\u021bilor anteriori: <strong>Da,<\/strong>exist\u0103 o mul\u021bime de m\u0103rturii ale clien\u021bilor pe site, iar alte recenzii online sunt pozitive.<\/li>\n<\/ol>\n<div itemprop=\"reviewRating\" itemscope itemtype=\"http:\/\/schema.org\/Rating\"><meta itemprop=\"worstRating\" content = \"0\" \/><meta itemprop=\"bestRating\" content=\"5\" \/><meta itemprop=\"ratingValue\" content=\"5\"><\/div>\n<p><strong>Scor general: 5\/5<\/strong><br \/>\n<strong>Data revizuirii:<\/strong> <span itemprop=\"datePublished\" content=\"2016-09-03\">03\/09\/2016<\/span>\n<\/div>\n<p>Afla\u021bi mai multe despre <a href=\"https:\/\/moverdb.com\/ro\/mutari-internationale\/\">mut\u0103ri interna\u021bionale<\/a> \u0219i a noastr\u0103 <a href=\"https:\/\/moverdb.com\/ro\/comentarii\/\">procesul de revizuire<\/a>.<\/p>\n<p><strong>Site web:<\/strong> <a href=\"http:\/\/www.dtmoving.com\" target=\"_blank\" rel=\"noopener\">http:\/\/www.dtmoving.com<\/a><\/p>","protected":false},"excerpt":{"rendered":"<p>DT Moving is a UK based international moving company which offers its clients a full range of services which are listed below, together with a company profile and reviews. International Removals Pre-move survey, quotation and resources Packing at residence Transport by air, sea or road Insurance arranged Ongoing service including a move manager and a [&hellip;]<\/p>\n","protected":false},"author":1,"featured_media":0,"parent":0,"menu_order":0,"comment_status":"closed","ping_status":"closed","template":"","meta":{"_genesis_hide_title":false,"_genesis_hide_breadcrumbs":false,"_genesis_hide_singular_image":false,"_genesis_hide_footer_widgets":false,"_genesis_custom_body_class":"","_genesis_custom_post_class":"","_genesis_layout":"","footnotes":""},"class_list":{"0":"post-945","1":"page","2":"type-page","3":"status-publish","5":"entry"},"_links":{"self":[{"href":"https:\/\/moverdb.com\/ro\/wp-json\/wp\/v2\/pages\/945","targetHints":{"allow":["GET"]}}],"collection":[{"href":"https:\/\/moverdb.com\/ro\/wp-json\/wp\/v2\/pages"}],"about":[{"href":"https:\/\/moverdb.com\/ro\/wp-json\/wp\/v2\/types\/page"}],"author":[{"embeddable":true,"href":"https:\/\/moverdb.com\/ro\/wp-json\/wp\/v2\/users\/1"}],"replies":[{"embeddable":true,"href":"https:\/\/moverdb.com\/ro\/wp-json\/wp\/v2\/comments?post=945"}],"version-history":[{"count":8,"href":"https:\/\/moverdb.com\/ro\/wp-json\/wp\/v2\/pages\/945\/revisions"}],"predecessor-version":[{"id":6201,"href":"https:\/\/moverdb.com\/ro\/wp-json\/wp\/v2\/pages\/945\/revisions\/6201"}],"wp:attachment":[{"href":"https:\/\/moverdb.com\/ro\/wp-json\/wp\/v2\/media?parent=945"}],"curies":[{"name":"wp","href":"https:\/\/api.w.org\/{rel}","templated":true}]}}