{"id":944,"date":"2016-09-04T13:58:08","date_gmt":"2016-09-04T13:58:08","guid":{"rendered":"http:\/\/moverdb.com\/?page_id=944"},"modified":"2026-01-08T14:48:19","modified_gmt":"2026-01-08T14:48:19","slug":"excess-international-movers","status":"publish","type":"page","link":"https:\/\/moverdb.com\/ro\/excess-international-movers\/","title":{"rendered":"Exces de mut\u0103ri interna\u021bionale: Recenzii mut\u0103ri interna\u021bionale"},"content":{"rendered":"<p>Excess International Movers ofer\u0103 clien\u021bilor corporativi, persoanelor fizice \u0219i familiilor o gam\u0103 larg\u0103 de servicii care sunt enumerate mai jos. De asemenea, urmeaz\u0103 un profil al companiei \u0219i recenzii.<\/p>\n<p><strong><a href=\"https:\/\/moverdb.com\/ro\/international-removals\/\" data-internallinksmanager029f6b8e52c=\"27\" title=\"36 Cele mai bune companii de mut\u0103ri interna\u021bionale din Marea Britanie\">Muta\u021bii interna\u021bionale<\/a><\/strong><\/p>\n<ul>\n<li> Aerian, maritim sau rutier<\/li>\n<li> Serviciu din u\u0219\u0103 \u00een u\u0219\u0103<\/li>\n<li> Serviciu dedicat pentru reloc\u0103ri interna\u021bionale<\/li>\n<li> Un coordonator de mut\u0103ri pentru a organiza mut\u0103rile de la \u00eenceput p\u00e2n\u0103 la sf\u00e2r\u0219it \u0219i pentru a r\u0103spunde la orice \u00eentreb\u0103ri.<\/li>\n<li> Ambalatori \u0219i transportatori pentru a \u00eempacheta bunurile \u00een cele mai bune materiale de ambalare aprobate de industrie - de asemenea, furnizate de Excess International Movers<\/li>\n<li> Muta\u021bii \u00eenc\u0103rcate pe <a href=\"https:\/\/moverdb.com\/ro\/transport-maritim-de-containere\/\">container de transport maritim<\/a> sau luate pentru a fi \u00eenc\u0103rcate pe o aeronav\u0103<\/li>\n<li> M\u0103rfuri v\u0103muite, livrate \u0219i desc\u0103rcate la noua dvs. cas\u0103, birou, hotel sau alt\u0103 loca\u021bie final\u0103 - sau puse la dispozi\u021bie pentru a fi ridicate la aeroportul ales.<\/li>\n<li> Taxe de mutare interna\u021bional\u0103, taxe de v\u0103muire \u0219i taxe de terminal<\/li>\n<\/ul>\n<p><strong>Mut\u0103ri europene<\/strong><\/p>\n<ul>\n<li> Serviciu din u\u0219\u0103 \u00een u\u0219\u0103<\/li>\n<li> Serviciu direct dedicat. Efectele dumneavoastr\u0103 sunt \u00eempachetate la domiciliul dumneavoastr\u0103, \u00eenc\u0103rcate \u0219i transportate direct la noua dumneavoastr\u0103 locuin\u021b\u0103 din Europa. Dumneavoastr\u0103 alege\u021bi data de livrare \u00een func\u021bie de nevoile dumneavoastr\u0103. <\/li>\n<li> \u00cenc\u0103rcare partajat\u0103. Potrivit dac\u0103 dori\u021bi s\u0103 transporta\u021bi m\u0103rfuri \u00een loturi mai mici, \u00een cazul \u00een care calendarul este mai pu\u021bin important. De\u0219i ofer\u0103 \u00een continuare clien\u021bilor o dat\u0103 fix\u0103 pentru colectare, vi se ofer\u0103 un interval de timp pentru livrare \u00eenainte de colectare, iar data de livrare este confirmat\u0103 odat\u0103 ce programul de \u00eenc\u0103rcare partajat\u0103 este finalizat.<\/li>\n<li> Un coordonator dedicat pentru a r\u0103spunde la \u00eentreb\u0103ri \u0219i a organiza mut\u0103rile UE de la \u00eenceput p\u00e2n\u0103 la sf\u00e2r\u0219it<\/li>\n<li> European Removals include servicii profesionale de ambalare folosind materiale de ambalare aprobate de industrie pentru a v\u0103 asigura c\u0103 bunurile dvs. sunt \u00een siguran\u021b\u0103 \u00een timpul transportului.<\/li>\n<li> Mutarea este colectat\u0103, livrat\u0103 \u0219i apoi despachetat\u0103 \u00een noua dvs. locuin\u021b\u0103, cu tot con\u021binutul pozi\u021bionat dup\u0103 cum este necesar.<\/li>\n<\/ul>\n<p><strong>Servicii de depozitare<\/strong><\/p>\n<ul>\n<li> Securitate 24 de ore pe zi<\/li>\n<li> Accesul la bunuri necesit\u0103 o notificare prealabil\u0103 \u0219i poate atrage o tax\u0103 suplimentar\u0103<\/li>\n<li> Reduceri de depozitare pentru studen\u021bi<\/li>\n<li> Depozitarea \u00een containere<\/li>\n<\/ul>\n<p><strong>Servicii pentru studen\u021bi<\/strong><\/p>\n<ul>\n<li> Mini mi\u0219c\u0103ri speciale la pre\u021b redus<\/li>\n<li> Op\u021biune special\u0103 de depozitare cu discount pentru 5 cutii<\/li>\n<li> Student <a href=\"https:\/\/moverdb.com\/ro\/companii-de-transport-maritim\/\">expediere la nivel interna\u021bional<\/a><\/li>\n<\/ul>\n<p><strong>Servicii suplimentare<\/strong><\/p>\n<ul>\n<li> Transportul bagajelor<\/li>\n<li> Bagaje ne\u00eenso\u021bite<\/li>\n<li> Exces de bagaje<\/li>\n<li> <a href=\"https:\/\/moverdb.com\/ro\/auto-transport-expediere\/\">Transportul vehiculelor<\/a><\/li>\n<li> Corporate Moving<\/li>\n<li> Transportul de art\u0103 fin\u0103<\/li>\n<li> Importuri<\/li>\n<\/ul>\n<h2>Excess International Movers Profilul companiei<\/h2>\n<p>Excess International Movers exist\u0103 de peste 30 de ani \u0219i se ocup\u0103 de peste 50.000 de transporturi pe an, at\u00e2t la nivel interna\u021bional, c\u00e2t \u0219i local. Ei spun c\u0103 se pot ocupa de orice m\u0103rime de mutare \u0219i o vor face \u00een orice interval de timp rezonabil. Excess International Movers sus\u021bine c\u0103 expediaz\u0103 \u00een peste 25.000 de destina\u021bii din \u00eentreaga lume.<\/p>\n<p>Compania acoper\u0103 fiecare aspect al unei mut\u0103ri \u00een str\u0103in\u0103tate, de la oferta ini\u021bial\u0103 p\u00e2n\u0103 la serviciile de instalare \u00een \u021bara de destina\u021bie. Ofer\u0103 solu\u021bii de transport maritim pentru persoane fizice, familii \u0219i companii, inclusiv pentru multe companii de profil \u00eenalt.<\/p>\n<p>Acreditarea \u0219i afilierea Excess International Movers:<\/p>\n<ul>\n<li> <a href=\"https:\/\/moverdb.com\/ro\/asociatia-britanica-a-demolatorilor\/\">Asocia\u021bia Britanic\u0103 a Transportatorilor<\/a> (<a href=\"https:\/\/moverdb.com\/ro\/british-association-of-removers\/\" data-internallinksmanager029f6b8e52c=\"9\" title=\"Asocia\u021bia Britanic\u0103 a Transportatorilor (BAR) Explica\u021bii\">BAR<\/a>)<\/li>\n<li> <a href=\"https:\/\/moverdb.com\/ro\/fidi-faim\/\">Federa\u021bia Interna\u021bional\u0103 a Dezmembr\u0103torilor de Mobil\u0103<\/a> (<a href=\"https:\/\/moverdb.com\/ro\/fidi-faim\/\" data-internallinksmanager029f6b8e52c=\"16\" title=\"FIDI &amp; FAIM (FIDI Accredited International Mover) Explicat\">FIDI<\/a>)<\/li>\n<li> <a href=\"https:\/\/moverdb.com\/ro\/hgfaa\/\">Asocia\u021bia expeditorilor de bunuri de uz casnic din America<\/a> (HHGFAA)<\/li>\n<li> <a href=\"https:\/\/moverdb.com\/ro\/fidi-faim\/\">FAIM Plus<\/a><\/li>\n<li> <a href=\"https:\/\/moverdb.com\/ro\/mtc\/\">Clubul de tranzac\u021bionare The Movers<\/a> (<a href=\"https:\/\/moverdb.com\/ro\/mtc\/\" data-internallinksmanager029f6b8e52c=\"30\" title=\"Explica\u021bii despre Movers Trading Club (MTC)\">MTC<\/a>)<\/li>\n<li> The <a href=\"https:\/\/moverdb.com\/ro\/sunt\/\">Asocia\u021bia Interna\u021bional\u0103 a Transportatorilor<\/a> (<a href=\"https:\/\/moverdb.com\/ro\/iam\/\" data-internallinksmanager029f6b8e52c=\"23\" title=\"Explica\u021bii despre Asocia\u021bia Interna\u021bional\u0103 a Transportatorilor (IAM)\">IAM<\/a>)<\/li>\n<li> ISO 9001<\/li>\n<\/ul>\n<h2>Recenzii Excess International Movers<\/h2>\n<p><strong>Pozitiv<\/strong><\/p>\n<ul>\n<li> <em>\"De la \u00eenceput a fost o pl\u0103cere s\u0103 fac afaceri cu Excess Internationl Movers. Au pre\u021buri foarte rezonabile \u0219i te ghideaz\u0103 pe tot parcursul procesului. Colectarea \u0219i livrarea au fost f\u0103r\u0103 probleme \u0219i nu a\u0219 putea fi mai mul\u021bumit de servicii. Foarte recomandat.\"<\/em> - Doamna Sophie Hay via <a href=\"http:\/\/www.excess-international.com\/reviews\" target=\"_blank\" rel=\"noopener\">pagina de revizuire a companiei<\/a><\/li>\n<li> <em>\"Serviciu str\u0103lucit de la citat la nav\u0103. Am recomanda cu mare drag aceast\u0103 companie.\"<\/em> - Lisa via <a href=\"https:\/\/uk.trustpilot.com\/reviews\/57bc88a00000ff00097f3cfc\" target=\"_blank\" rel=\"noopener\">Trustpilot<\/a>.<\/li>\n<li> <em>\"Ne-am mutat de cur\u00e2nd de la <a href=\"https:\/\/moverdb.com\/ro\/moving-to-the-uk\/\" data-internallinksmanager029f6b8e52c=\"93\" title=\"V\u0103 muta\u021bi \u00een Regatul Unit? 2026 Costurile vie\u021bii \u0219i sfaturi de relocare\">MAREA BRITANIE<\/a> la <a href=\"https:\/\/moverdb.com\/ro\/moving-to-canada\/\" data-internallinksmanager029f6b8e52c=\"265\" title=\"Mutarea \u00een Canada? 2026 Costurile de trai \u0219i sfaturi de relocare\">Canada<\/a>, iar Excess International a f\u0103cut ca \u00eentregul proces s\u0103 fie foarte u\u0219or. Oferta a fost destul de precis\u0103 (costul final a fost de fapt pu\u021bin mai mic dec\u00e2t oferta ini\u021bial\u0103, ceea ce a fost bine - f\u0103r\u0103 surprize nepl\u0103cute \u00een ultimul moment), \u00eempachetatorii au f\u0103cut o treab\u0103 excelent\u0103, iar Attila a fost bucuros s\u0103 r\u0103spund\u0103 la toate \u00eentreb\u0103rile pe care le-am avut.\"<\/em> - prin <a href=\"http:\/\/www.reviewcentre.com\/Removal-Companies\/Excess-International-Movers-www-excess-international-com-review_2391382\" target=\"_blank\" rel=\"noopener\">Centrul de recenzii<\/a><\/li>\n<li> <em>\"B\u0103rba\u021bii care au venit s\u0103 fac\u0103 mutarea \u0219i \u00eempachetarea casei au fost absolut #1 - de prim\u0103 clas\u0103 cu totul, muncitori dedica\u021bi \u0219i foarte politico\u0219i.\"<\/em> - Anton via <a href=\"http:\/\/www.shipping-international.com\/companies\/excess-international-movers.html\" target=\"_blank\" rel=\"noopener\">Expediere-International.com<\/a><\/li>\n<\/ul>\n<p><strong>Negativ<\/strong><\/p>\n<ul>\n<li> <em>\"Am crezut c\u0103 am luat o decizie bun\u0103 dup\u0103 ce am primit c\u00e2teva oferte, \u00eens\u0103, din p\u0103cate, lucrurile nu au ie\u0219it a\u0219a cum ne-am a\u0219teptat.\"<\/em> - Lee\/Doamna Alexandria via <a href=\"https:\/\/uk.trustpilot.com\/reviews\/57b38afd0000ff00097cab0e\" target=\"_blank\" rel=\"noopener\">Trustpilot<\/a><\/li>\n<li> <em>\"\u00cenc\u0103 mai avem o problem\u0103 care dateaz\u0103 de la \u00eenceputul anului (2015) cu EIM, c\u00e2nd containerul nostru a sosit \u00een NZ din Marea Britanie. Personalul EIM din Marea Britanie a astupat o gaur\u0103 din acoperi\u0219ul containerului cu propria band\u0103 de \u00eempachetat.\"<\/em> - Robert Snijders via <a href=\"http:\/\/www.removalreviews.co.uk\/movingreviews\/move-from-uk-to-nz-10229\" target=\"_blank\" rel=\"noopener\">Recenzii de mutare<\/a><\/li>\n<li> <em>\"Serviciu patetic \u0219i nici o comunicare adecvat\u0103. Nu a\u0219 recomanda deloc folosirea acestor tipi. Interac\u021biunea mea a fost extrem de dezam\u0103gitoare \u0219i frustrant\u0103.\"<\/em> - prin <a href=\"http:\/\/www.reviewcentre.com\/Removal-Companies\/Excess-International-Movers-www-excess-international-com-review_3918175\" target=\"_blank\" rel=\"noopener\">Centrul de recenzii<\/a><\/li>\n<li> <em>\"O companie absolut \u00eengrozitoare pentru a face fa\u021b\u0103, m-am sim\u021bit ca \u0219i cum a\u0219 fi avut de-a face cu un colector de datorii vorbind cu ei la telefon.\" -<br \/>\nWill B. via <a href=\"https:\/\/www.yelp.co.uk\/biz\/excess-international-movers-london-2?hrid=gh9RC6mlebc__fP5wR0Q8g&#038;utm_campaign=www_review_share_popup&#038;utm_medium=copy_link&#038;utm_source=(direct)\" target=\"_blank\" rel=\"noopener\">Yelp<\/a><\/em><\/li>\n<\/ul>\n<div itemprop=\"review\" itemscope itemtype=\"http:\/\/schema.org\/Review\">\n<span itemprop=\"author\" itemscope=\"\" itemtype=\"http:\/\/schema.org\/Organization\"><span itemprop=\"name\">MoverDB.com<\/span><\/span> Revizuirea online a site-ului pentru <span itemprop=\"itemreviewed\" itemscope=\"\" itemtype=\"http:\/\/schema.org\/Brand\"><span itemprop=\"name\">Exces de mut\u0103ri interna\u021bionale<\/span><\/span>:<\/p>\n<ol>\n<li> Detalii de contact clare pe site-ul web (inclusiv num\u0103rul de telefon): <strong>Da<\/strong><\/li>\n<li> U\u0219or de ob\u021binut <a href=\"https:\/\/moverdb.com\/ro\/citate\/\">citate de mut\u0103ri interna\u021bionale<\/a>? (Formular de solicitare a unui deviz online): <strong>Da<\/strong><\/li>\n<li> Informa\u021bii clare pe site-ul web: <strong>Da,<\/strong> Informa\u021biile de pe site-ul web sunt destul de detaliate \u0219i ofer\u0103 clien\u021bilor poten\u021biali o idee bun\u0103 despre ceea ce se ofer\u0103.<\/li>\n<li> Apartenen\u021ba la organiza\u021bii interna\u021bionale recunoscute \u00een domeniul mut\u0103rii: <strong>Da<\/strong>, a se vedea mai sus.<\/li>\n<li> Lista de clien\u021bi \u0219i\/sau m\u0103rturii ale clien\u021bilor anteriori: <strong>Da,<\/strong> Exist\u0103 multe m\u0103rturii pozitive ale clien\u021bilor pe site-ul lor, de\u0219i recenziile din alte p\u0103r\u021bi sunt pu\u021bin mai amestecate.<\/li>\n<\/ol>\n<div itemprop=\"reviewRating\" itemscope itemtype=\"http:\/\/schema.org\/Rating\"><meta itemprop=\"worstRating\" content = \"0\" \/><meta itemprop=\"bestRating\" content=\"5\" \/><meta itemprop=\"ratingValue\" content=\"4\"><\/div>\n<p><strong>Scor general: 4\/5<\/strong><br \/>\n<strong>Data revizuirii:<\/strong> <span itemprop=\"datePublished\" content=\"2016-09-04\">04\/09\/2016<\/span>\n<\/div>\n<p>Afla\u021bi mai multe despre <a href=\"https:\/\/moverdb.com\/ro\/mutari-internationale\/\">mut\u0103ri interna\u021bionale<\/a> \u0219i a noastr\u0103 <a href=\"https:\/\/moverdb.com\/ro\/comentarii\/\">procesul de revizuire<\/a>.<\/p>\n<p><strong>Site web:<\/strong> <a href=\"http:\/\/www.excess-international.com\/\" target=\"_blank\" rel=\"noopener\">http:\/\/www.excess-international.com<\/a><\/p>","protected":false},"excerpt":{"rendered":"<p>Excess International Movers offer corporate clients, individuals and families a wide range of services which are listed below. There also follows a company profile and reviews. International Removals Air, sea or road Door to door service Dedicated service for international relocations A move co-ordinator to organise removals from start to finish and answer any queries [&hellip;]<\/p>\n","protected":false},"author":1,"featured_media":0,"parent":0,"menu_order":0,"comment_status":"closed","ping_status":"closed","template":"","meta":{"_genesis_hide_title":false,"_genesis_hide_breadcrumbs":false,"_genesis_hide_singular_image":false,"_genesis_hide_footer_widgets":false,"_genesis_custom_body_class":"","_genesis_custom_post_class":"","_genesis_layout":"","footnotes":""},"class_list":{"0":"post-944","1":"page","2":"type-page","3":"status-publish","5":"entry"},"_links":{"self":[{"href":"https:\/\/moverdb.com\/ro\/wp-json\/wp\/v2\/pages\/944","targetHints":{"allow":["GET"]}}],"collection":[{"href":"https:\/\/moverdb.com\/ro\/wp-json\/wp\/v2\/pages"}],"about":[{"href":"https:\/\/moverdb.com\/ro\/wp-json\/wp\/v2\/types\/page"}],"author":[{"embeddable":true,"href":"https:\/\/moverdb.com\/ro\/wp-json\/wp\/v2\/users\/1"}],"replies":[{"embeddable":true,"href":"https:\/\/moverdb.com\/ro\/wp-json\/wp\/v2\/comments?post=944"}],"version-history":[{"count":8,"href":"https:\/\/moverdb.com\/ro\/wp-json\/wp\/v2\/pages\/944\/revisions"}],"predecessor-version":[{"id":6207,"href":"https:\/\/moverdb.com\/ro\/wp-json\/wp\/v2\/pages\/944\/revisions\/6207"}],"wp:attachment":[{"href":"https:\/\/moverdb.com\/ro\/wp-json\/wp\/v2\/media?parent=944"}],"curies":[{"name":"wp","href":"https:\/\/api.w.org\/{rel}","templated":true}]}}