{"id":943,"date":"2016-09-03T18:19:36","date_gmt":"2016-09-03T18:19:36","guid":{"rendered":"http:\/\/moverdb.com\/?page_id=943"},"modified":"2026-01-08T15:20:36","modified_gmt":"2026-01-08T15:20:36","slug":"robinsons","status":"publish","type":"page","link":"https:\/\/moverdb.com\/ro\/robinsons\/","title":{"rendered":"Robinsons Relocare: Recenzii mut\u0103ri \u0219i mut\u0103ri interna\u021bionale"},"content":{"rendered":"<p>Robinsons Relocation este o companie interna\u021bional\u0103 <a href=\"https:\/\/moverdb.com\/ro\/international-removals\/\" data-internallinksmanager029f6b8e52c=\"27\" title=\"36 Cele mai bune companii de mut\u0103ri interna\u021bionale din Marea Britanie\">companie de mutare<\/a> care ofer\u0103 clien\u021bilor lor numeroase servicii pentru a-i ajuta s\u0103 se mute \u00een str\u0103in\u0103tate. Serviciile sunt enumerate mai jos, \u00eempreun\u0103 cu un profil al companiei \u0219i recenzii.<\/p>\n<p><strong>Muta\u021bii interna\u021bionale<\/strong><\/p>\n<ul>\n<li> Manager de mutare dedicat<\/li>\n<li> Din u\u0219\u0103 \u00een u\u0219\u0103<\/li>\n<li> Autoambalare sau ambalare profesional\u0103<\/li>\n<li> Transport aerian sau maritim <a href=\"https:\/\/moverdb.com\/ro\/transport-maritim-de-containere\/\">transportul maritim interna\u021bional de containere<\/a><\/li>\n<li> op\u021biuni de \u00eenc\u0103rcare complet\u0103 \u0219i de \u00eenc\u0103rcare par\u021bial\u0103<\/li>\n<li> Despachetarea \u0219i reasamblarea<\/li>\n<li> Asisten\u021b\u0103 vamal\u0103<\/li>\n<li> Asigurare aranjat\u0103<\/li>\n<li> Transportul auto<\/li>\n<li> Transport de animale de companie<\/li>\n<li> Transport de art\u0103 \u0219i antichit\u0103\u021bi<\/li>\n<li> Relocarea afacerii<\/li>\n<\/ul>\n<p><strong>Servicii de relocare<\/strong><\/p>\n<ul>\n<li> Orientarea zonei<\/li>\n<li> C\u0103utare acas\u0103<\/li>\n<li> C\u0103utarea \u0219colii<\/li>\n<li> Servicii de acomodare<\/li>\n<li> Sprijin continuu \u0219i gestionarea chiriei<\/li>\n<li> Servicii de plecare<\/li>\n<li> Vize \u0219i imigra\u021bie<\/li>\n<li> Intercultural \u0219i lingvistic<\/li>\n<li> Sprijin pentru so\u021b \u0219i so\u021bie<\/li>\n<\/ul>\n<p><strong>Depozitare<\/strong><\/p>\n<ul>\n<li> Pe termen lung \u0219i scurt<\/li>\n<li> Depozitarea mobilei<\/li>\n<li> Depozitarea vehiculelor<\/li>\n<li> Depozitare comercial\u0103<\/li>\n<li> Stocarea documentelor<\/li>\n<li> 8 ramuri din care pute\u021bi alege<\/li>\n<li> Ambalat profesional<\/li>\n<li> Asigurare automat\u0103<\/li>\n<li> 24 de ore CCTV<\/li>\n<\/ul>\n<p><strong><a href=\"https:\/\/moverdb.com\/ro\/moving-to-the-uk\/\" data-internallinksmanager029f6b8e52c=\"93\" title=\"V\u0103 muta\u021bi \u00een Regatul Unit? 2026 Costurile vie\u021bii \u0219i sfaturi de relocare\">MAREA BRITANIE<\/a> Mutarea casei<\/strong><\/p>\n<ul>\n<li> Din u\u0219\u0103 \u00een u\u0219\u0103<\/li>\n<li> Serviciu complet<\/li>\n<li> Relocarea afacerii<\/li>\n<\/ul>\n<h2>Profilul companiei Robinsons Relocation<\/h2>\n<p>Robinsons a fost fondat\u0103 \u00een 1895 de Alfred Robinson, iar compania a \u00eenceput prin mutarea c\u0103rbunelui. Concuren\u021ba era mare, a\u0219a c\u0103 Alfred Robinson a decis s\u0103 treac\u0103 la activitatea de mutare. <\/p>\n<p>Compania s-a extins \u00een domeniul mut\u0103rilor interna\u021bionale \u00een anii 1960, odat\u0103 cu apari\u021bia emigr\u0103rii \u00een mas\u0103 c\u0103tre <a href=\"https:\/\/moverdb.com\/ro\/moving-to-australia\/living-in-australia\/\" data-internallinksmanager029f6b8e52c=\"240\" title=\"21 Secretele despre via\u021ba \u00een Australia pe care trebuie s\u0103 le \u0219tii \u00eenainte de a te muta\">Australia<\/a>. Nepotul lui Alfred Robinson este ast\u0103zi pre\u0219edintele companiei.<\/p>\n<p>Robinsons este unul dintre primii cinci exportatori de bunuri personale din Marea Britanie. Scopul lor este de a le oferi clien\u021bilor, at\u00e2t persoane fizice, c\u00e2t \u0219i juridice, un plan personalizat pentru a se asigura c\u0103 mutarea lor se face f\u0103r\u0103 efort \u0219i nu are costuri ascunse. <\/p>\n<p>Compania are \u0219ase depozite construite special \u00een centrele principale din Marea Britanie. De asemenea, dispune de un parc auto de 60 de vehicule \u0219i de o for\u021b\u0103 de munc\u0103 de peste 150 de angaja\u021bi cu \u00eenalt\u0103 calificare.<\/p>\n<p>O list\u0103 cu afilierile \u0219i acredit\u0103rile Robinsons:<\/p>\n<ul>\n<li> <a href=\"https:\/\/moverdb.com\/ro\/asociatia-britanica-a-demolatorilor\/\">Asocia\u021bia Britanic\u0103 a Transportatorilor<\/a> (<a href=\"https:\/\/moverdb.com\/ro\/british-association-of-removers\/\" data-internallinksmanager029f6b8e52c=\"9\" title=\"Asocia\u021bia Britanic\u0103 a Transportatorilor (BAR) Explica\u021bii\">BAR<\/a>)<\/li>\n<li> <a href=\"https:\/\/moverdb.com\/ro\/bar-overseas\/\">Asocia\u021bia Britanic\u0103 a Transportatorilor de peste m\u0103ri<\/a><\/li>\n<li> Asocia\u021bia britanic\u0103 de transport interna\u021bional de m\u0103rfuri (BIFA)<\/li>\n<li> Reasigurare la nivel mondial<\/li>\n<li> <a href=\"https:\/\/moverdb.com\/ro\/fidi-faim\/\">Federa\u021bia Interna\u021bional\u0103 a Transportatorilor Interna\u021bionali de Mobil\u0103<\/a> (<a href=\"https:\/\/moverdb.com\/ro\/fidi-faim\/\" data-internallinksmanager029f6b8e52c=\"16\" title=\"FIDI &amp; FAIM (FIDI Accredited International Mover) Explicat\">FIDI<\/a>)<\/li>\n<li> Overseas Moving Network Incorporated (OMNI)<\/li>\n<li> FAIM Plus<\/li>\n<li> <a href=\"https:\/\/moverdb.com\/ro\/eura\/\">EuRA<\/a><\/li>\n<li> ISO 9901:2008<\/li>\n<li> ISO 14001 :2004<\/li>\n<li> Asocia\u021bia Comercian\u021bilor de Art\u0103 \u0219i Antichit\u0103\u021bi (LAPADA)<\/li>\n<li> Produc\u0103torii britanici de mobil\u0103 (BFM)<\/li>\n<\/ul>\n<h2>Recenzii Robinsons Relocation<\/h2>\n<p><strong>Pozitiv:<\/strong><\/p>\n<ul>\n<li> <em>\"Robinsons au fost foarte r\u0103bd\u0103tori cu c\u0103l\u0103toria noastr\u0103 uneori \"dificil\u0103\" pentru a ajunge la o dat\u0103 real\u0103 de mutare, coordon\u00e2ndu-se cu pl\u0103cere cu mine. Personalul de la birou a fost util, \u00een\u021beleg\u0103tor \u0219i prietenos. Apoi, c\u00e2nd a sosit ziua, b\u0103ie\u021bii care au venit s\u0103 \u00eempacheteze casa pentru <a href=\"https:\/\/moverdb.com\/ro\/moving-to-the-united-states\/\" data-internallinksmanager029f6b8e52c=\"94\" title=\"V\u0103 muta\u021bi \u00een Statele Unite? 2026 Costurile vie\u021bii \u0219i sfaturi de relocare\">us<\/a> au fost prieteno\u0219i, profesioni\u0219ti, dar mai presus de toate, con\u0219tiincio\u0219i.\"<\/em> - Charlie K Brisker via <a href=\"https:\/\/uk.trustpilot.com\/reviews\/57c6b04b0000ff000982140f\" target=\"_blank\" rel=\"noopener\">Trustpilot<\/a><\/li>\n<li> <em>\"Am avut o experien\u021b\u0103 excelent\u0103 cu Robinsons \u0219i, prin urmare, am fost destul de surprins c\u00e2nd am v\u0103zut o recenzie anterioar\u0103 care spunea contrariul. Pentru experien\u021ba noastr\u0103, ne-am mutat de mai multe ori \u00een diferite p\u0103r\u021bi ale lumii \u0219i am ajuns s\u0103 avem \u00eencredere \u00een Robinsons pentru mutarea noastr\u0103 de fiecare dat\u0103, de c\u00e2nd i-am folosit pentru prima dat\u0103 \u00een anii '90.\"<\/em> - Aiden Roberts via <a href=\"http:\/\/www.removalreviews.co.uk\/movingreviews\/really-great-service-thank-you-robinsons-6974\" target=\"_blank\" rel=\"noopener\">Recenzii de mutare<\/a> <\/li>\n<\/ul>\n<p><strong>Negativ:<\/strong><\/p>\n<ul>\n<li> <em>\"Primii doi b\u0103ie\u021bi care au sosit au fost fantastici. Apoi au mai sosit \u00eenc\u0103 trei! \u0218i-au conectat telefoanele mobile \u00een prizele noastre pentru a scoate muzic\u0103!!!! Ambalarea obiectelor mai mici au fost grozave! Nu au fost sparte! Cu toate acestea, lipsa de grij\u0103 \u0219i respect pentru obiectele mai mari a fost \u0219ocant\u0103! \"<\/em> - Sharon Card via <a href=\"https:\/\/www.trustpilot.com\/users\/55ed817e0000ff0001d9df65\" target=\"_blank\" rel=\"noopener\">Trustpilot<\/a> <\/li>\n<li> \"<em>Dup\u0103 c\u00e2teva cercet\u0103ri, am crezut c\u0103 am ales o companie de renume care s\u0103 se ocupe de relocarea mea interna\u021bional\u0103. Nu a\u0219 fi putut s\u0103 m\u0103 \u00een\u0219el mai mult.\" <\/em>Eric via <a href=\"http:\/\/www.removalreviews.co.uk\/movingreviews\/absolute-disgrace-2741\" target=\"_blank\" rel=\"noopener\">Recenzii de mutare<\/a> <\/li>\n<\/ul>\n<div itemprop=\"review\" itemscope itemtype=\"http:\/\/schema.org\/Review\">\n<span itemprop=\"author\" itemscope=\"\" itemtype=\"http:\/\/schema.org\/Organization\"><span itemprop=\"name\">MoverDB.com<\/span><\/span> Revizuirea online a site-ului pentru <span itemprop=\"itemreviewed\" itemscope=\"\" itemtype=\"http:\/\/schema.org\/Brand\"><span itemprop=\"name\">Robinsons Relocare<\/span><\/span>:<\/p>\n<ol>\n<li> Detalii de contact clare pe site-ul web (inclusiv num\u0103rul de telefon): <strong>Da<\/strong><\/li>\n<li> U\u0219or de ob\u021binut <a href=\"https:\/\/moverdb.com\/ro\/citate\/\">citate de mut\u0103ri interna\u021bionale<\/a>? (Formular de solicitare a unui deviz online): <strong>Da<\/strong><\/li>\n<li> Informa\u021bii clare pe site-ul web: <strong>Da,<\/strong> o bun\u0103 cantitate de informa\u021bii despre toate serviciile pe care le ofer\u0103.<\/li>\n<li> Apartenen\u021ba la organiza\u021bii interna\u021bionale recunoscute \u00een domeniul mut\u0103rii: <strong>Da<\/strong>, mul\u021bi dintre ei v\u0103d mai sus.<\/li>\n<li> Lista de clien\u021bi \u0219i\/sau m\u0103rturii ale clien\u021bilor anteriori: <strong>Da,<\/strong> dar nu pe site-ul lor, ci clien\u021bii las\u0103 recenzii pe TrustPilot, unde au un rating foarte pozitiv.<\/li>\n<\/ol>\n<div itemprop=\"reviewRating\" itemscope itemtype=\"http:\/\/schema.org\/Rating\"><meta itemprop=\"worstRating\" content = \"0\" \/><meta itemprop=\"bestRating\" content=\"5\" \/><meta itemprop=\"ratingValue\" content=\"5\"><\/div>\n<p><strong>Scor general: 5\/5<\/strong><br \/>\n<strong>Data revizuirii:<\/strong> <span itemprop=\"datePublished\" content=\"2016-09-03\">03\/09\/2016<\/span>\n<\/div>\n<p>Afla\u021bi mai multe despre <a href=\"https:\/\/moverdb.com\/ro\/mutari-internationale\/\">companii de mut\u0103ri interna\u021bionale<\/a> \u0219i a noastr\u0103 <a href=\"https:\/\/moverdb.com\/ro\/comentarii\/\">procesul de revizuire<\/a>.<\/p>\n<p><strong>Site web:<\/strong> <a href=\"http:\/\/www.robinsonsrelo.com\" target=\"_blank\" rel=\"noopener\">http:\/\/www.robinsonsrelo.com<\/a><\/p>","protected":false},"excerpt":{"rendered":"<p>Robinsons Relocation are an international removal company which offer their clients many services to assist them in relocating abroad. The services are listed below together with a company profile and reviews. International Removals Dedicated move manager Door to door Self-packing or professionally packed Air freight or sea freight international container shipping full load and part [&hellip;]<\/p>\n","protected":false},"author":1,"featured_media":0,"parent":0,"menu_order":0,"comment_status":"closed","ping_status":"closed","template":"","meta":{"_genesis_hide_title":false,"_genesis_hide_breadcrumbs":false,"_genesis_hide_singular_image":false,"_genesis_hide_footer_widgets":false,"_genesis_custom_body_class":"","_genesis_custom_post_class":"","_genesis_layout":"","footnotes":""},"class_list":{"0":"post-943","1":"page","2":"type-page","3":"status-publish","5":"entry"},"_links":{"self":[{"href":"https:\/\/moverdb.com\/ro\/wp-json\/wp\/v2\/pages\/943","targetHints":{"allow":["GET"]}}],"collection":[{"href":"https:\/\/moverdb.com\/ro\/wp-json\/wp\/v2\/pages"}],"about":[{"href":"https:\/\/moverdb.com\/ro\/wp-json\/wp\/v2\/types\/page"}],"author":[{"embeddable":true,"href":"https:\/\/moverdb.com\/ro\/wp-json\/wp\/v2\/users\/1"}],"replies":[{"embeddable":true,"href":"https:\/\/moverdb.com\/ro\/wp-json\/wp\/v2\/comments?post=943"}],"version-history":[{"count":5,"href":"https:\/\/moverdb.com\/ro\/wp-json\/wp\/v2\/pages\/943\/revisions"}],"predecessor-version":[{"id":6233,"href":"https:\/\/moverdb.com\/ro\/wp-json\/wp\/v2\/pages\/943\/revisions\/6233"}],"wp:attachment":[{"href":"https:\/\/moverdb.com\/ro\/wp-json\/wp\/v2\/media?parent=943"}],"curies":[{"name":"wp","href":"https:\/\/api.w.org\/{rel}","templated":true}]}}