{"id":941,"date":"2016-07-25T11:02:02","date_gmt":"2016-07-25T11:02:02","guid":{"rendered":"http:\/\/moverdb.com\/?page_id=941"},"modified":"2026-01-08T15:30:36","modified_gmt":"2026-01-08T15:30:36","slug":"united-van-lines","status":"publish","type":"page","link":"https:\/\/moverdb.com\/ro\/united-van-lines\/","title":{"rendered":"United Van Lines: Servicii de mutare interna\u021bional\u0103 \u0219i recenzii"},"content":{"rendered":"<p>United Van Lines ofer\u0103 clien\u021bilor s\u0103i numeroase servicii de mutare, at\u00e2t la nivel interna\u021bional, c\u00e2t \u0219i \u00een interiorul \u021b\u0103rii. <a href=\"https:\/\/moverdb.com\/ro\/moving-to-the-united-states\/\" data-internallinksmanager029f6b8e52c=\"94\" title=\"V\u0103 muta\u021bi \u00een Statele Unite? 2026 Costurile vie\u021bii \u0219i sfaturi de relocare\">SUA<\/a>. Mai jos este o list\u0103 a acestor servicii, plus un profil al companiei \u0219i recenzii.<\/p>\n<p><strong>Muta\u021bii interna\u021bionale<\/strong><\/p>\n<ul>\n<li> Planificarea \u0219i preg\u0103tirea mut\u0103rii<\/li>\n<li> Evaluarea \u0219i estimarea nevoilor<\/li>\n<li> Excursie de previzualizare a destina\u021biei<\/li>\n<li> Formare lingvistic\u0103 \u0219i orientare cultural\u0103<\/li>\n<li> Managementul mut\u0103rii<\/li>\n<li> Servicii de planificare<\/li>\n<li> Tranzit interna\u021bional<\/li>\n<li> Urm\u0103rire \u0219i livrare<\/li>\n<li> Servicii de instalare - b\u0103nci, medici etc.<\/li>\n<li> Servicii de viz\u0103 \u0219i imigrare<\/li>\n<li> Procesele de imigrare a \u00eentreprinderilor<\/li>\n<li> Procesele individuale de imigrare<\/li>\n<li> Asisten\u021b\u0103 pentru locuin\u021b\u0103 - temporar\u0103 sau permanent\u0103<\/li>\n<li> Servicii de c\u0103utare de case<\/li>\n<li> Cazare temporar\u0103<\/li>\n<li> Managementul propriet\u0103\u021bii \u0219i al chiriilor<\/li>\n<li> Asisten\u021b\u0103 pentru relocarea familiei<\/li>\n<li> Procesul de ob\u021binere a vizelor \u0219i pa\u0219apoartelor<\/li>\n<li> Sprijinul partenerului\/so\u021bului<\/li>\n<li> Asisten\u021b\u0103 \u0219colar\u0103<\/li>\n<li> Formare cultural\u0103 \u0219i lingvistic\u0103<\/li>\n<li> Relocarea animalelor de companie<\/li>\n<li> Asigurare<\/li>\n<\/ul>\n<p><strong>Muta\u021bi-v\u0103 cu United<\/strong><\/p>\n<ul>\n<li> Mut\u0103ri locale<\/li>\n<li> Mut\u0103ri interna\u021bionale<\/li>\n<li> Mut\u0103ri pe distan\u021be lungi<\/li>\n<li> Mi\u0219c\u0103ri corporative<\/li>\n<li> Mi\u0219c\u0103ri militare \u0219i guvernamentale<\/li>\n<li> Mi\u0219c\u0103ri \u00een domeniul auto<\/li>\n<\/ul>\n<p><strong>Ambalare \u0219i depozitare<\/strong><\/p>\n<ul>\n<li> Autoambalare<\/li>\n<li> Ambalare personalizat\u0103<\/li>\n<li> Servicii complete de ambalare<\/li>\n<li> Despacheta\u021bi-v\u0103<\/li>\n<li> Despachetare personalizat\u0103<\/li>\n<li> Despachetarea complet\u0103<\/li>\n<li> 90 de zile de depozitare \u00een tranzit<\/li>\n<li> Depozitare \u00een seif<\/li>\n<li> Depozitare \u0219i depozitare pe termen scurt \u0219i lung<\/li>\n<\/ul>\n<h2>Profilul companiei United Van Lines<\/h2>\n<p>United Van Lines s-a deschis \u00een 1928 sub numele de Return Loads Service \u00een Cleveland, <a href=\"https:\/\/moverdb.com\/ro\/moving-to-the-united-states\/moving-to-ohio\/\" data-internallinksmanager029f6b8e52c=\"409\" title=\"V\u0103 muta\u021bi \u00een Ohio? 2026 Costuri de trai \u0219i sfaturi de relocare\">Ohio<\/a>. Compania a devenit din ce \u00een ce mai puternic\u0103, extinz\u00e2ndu-se pentru a include pia\u021ba interna\u021bional\u0103. \u00cen 1995, a avut primul s\u0103u an cu venituri de un miliard de dolari. <\/p>\n<p>United Van Lines este #1 \u00een cota de pia\u021b\u0103 a firmelor de mut\u0103ri din \u021bar\u0103.<\/p>\n<p>United are 340 de agen\u021bi locali \u00een \u00eentreaga \u021bar\u0103 care ofer\u0103 servicii de mutare \u0219i depozitare. Compania folose\u0219te peste 1000 de agen\u021bi profesioni\u0219ti \u00een 128 de \u021b\u0103ri pentru mut\u0103rile lor interna\u021bionale.<\/p>\n<p>United Van Lines are urm\u0103toarele acredit\u0103ri \u0219i afilieri:<\/p>\n<ul>\n<li> <a href=\"https:\/\/moverdb.com\/ro\/amsa\/\">Asocia\u021bia american\u0103 de mutare \u0219i depozitare<\/a> (<a href=\"https:\/\/moverdb.com\/ro\/amsa\/\" data-internallinksmanager029f6b8e52c=\"5\" title=\"Asocia\u021bia American\u0103 de Mutare \u0219i Depozitare (AMSA) Explicat\">AMSA<\/a>)<\/li>\n<li> <a href=\"https:\/\/moverdb.com\/ro\/janta-promovare\/\">ProMover<\/a> (AMSA)<\/li>\n<li> National Quality Assurance USA ISO 9001 2008<\/li>\n<li> <a href=\"https:\/\/moverdb.com\/ro\/asociatia-canadiana-a-transportatorilor\/\">Asocia\u021bia canadian\u0103 a transportatorilor<\/a> (<a href=\"https:\/\/moverdb.com\/ro\/canadian-association-of-movers\/\" data-internallinksmanager029f6b8e52c=\"11\" title=\"Asocia\u021bia canadian\u0103 de mut\u0103ri (CAM) explicat\u0103\">CAM<\/a>)<\/li>\n<\/ul>\n<h2>United Van Lines Recenzii<\/h2>\n<p><strong>Pozitiv:<\/strong><\/p>\n<ul>\n<li> \"<em>United Van Lines \u0219i partenerii lor locali au fost minuna\u021bi.\"<\/em> - Julia via <a href=\"http:\/\/www.yelp.com\/user_details?userid=nPUhNLstAOJEWjHLAb1rpA\" target=\"_blank\" rel=\"noopener\">Yelp<\/a><\/li>\n<li> \"<em>Dac\u0103 v\u0103 muta\u021bi \u00een Omaha, sunte\u021bi datori s\u0103 apela\u021bi la aceast\u0103 companie.\"<\/em> - Dean S via <a href=\"http:\/\/www.movingcompanyreviews.com\/MO\/Fenton\/united-van-lines-llc-61144\" target=\"_blank\" rel=\"noopener\">MovingCompanyReviews.com<\/a><\/li>\n<\/ul>\n<p><strong>Negativ:<\/strong><\/p>\n<ul>\n<li> \"<em>Serviciu clien\u021bi oribil.\"<\/em> - Ally via <a href=\"http:\/\/www.yelp.com\/user_details?userid=ab4N7Z9Che1cq3g-QrONUw\" target=\"_blank\" rel=\"noopener\">Yelp<\/a> <\/li>\n<li> \"<em>Co\u0219mar. Am lucrat cu John Silvernail de la Corrigan United pentru a ne muta familia din <a href=\"https:\/\/moverdb.com\/ro\/moving-to-the-united-states\/moving-to-colorado\/\" data-internallinksmanager029f6b8e52c=\"399\" title=\"V\u0103 muta\u021bi \u00een Colorado? 2026 Costuri de trai \u0219i sfaturi de relocare\">Colorado<\/a> la <a href=\"https:\/\/moverdb.com\/ro\/moving-to-the-united-states\/moving-to-california\/\" data-internallinksmanager029f6b8e52c=\"330\" title=\"Mutarea \u00een California? 2026 Costurile de trai \u0219i sfaturi de relocare\">California<\/a> \u00een iunie 2014.\"<\/em> - Gaea M via <a href=\"http:\/\/www.movingcompanyreviews.com\/MO\/Fenton\/united-van-lines-llc-61144\" target=\"_blank\" rel=\"noopener\">MovingCompanyReviews.com<\/a><\/li>\n<\/ul>\n<div itemprop=\"review\" itemscope itemtype=\"http:\/\/schema.org\/Review\">\n<span itemprop=\"author\" itemscope=\"\" itemtype=\"http:\/\/schema.org\/Organization\"><span itemprop=\"name\">MoverDB.com<\/span><\/span> Revizuirea online a site-ului pentru <span itemprop=\"itemreviewed\" itemscope=\"\" itemtype=\"http:\/\/schema.org\/Brand\"><span itemprop=\"name\">United Van Lines<\/span><\/span>:<\/p>\n<ol>\n<li> Detalii de contact clare pe site-ul web (inclusiv num\u0103rul de telefon): <strong>Da<\/strong><\/li>\n<li> U\u0219or de ob\u021binut <a href=\"https:\/\/moverdb.com\/ro\/citate\/\">citate interna\u021bionale \u00een mi\u0219care<\/a>? (Formular de solicitare a unui deviz online): <strong>Da<\/strong><\/li>\n<li> Informa\u021bii clare pe site-ul web: <strong>Da.<\/strong> Site-ul web a prezentat \u00een mod clar toate serviciile pe care le ofer\u0103 compania.<\/li>\n<li> Apartenen\u021ba la organiza\u021bii interna\u021bionale recunoscute \u00een domeniul mut\u0103rii: <strong>Da<\/strong>, (a se vedea mai sus)<\/li>\n<li> Lista de clien\u021bi \u0219i\/sau m\u0103rturii ale clien\u021bilor anteriori. <strong>Da,<\/strong> Burke Inc. au auditat \u00een mod independent fi\u0219ele de satisfac\u021bie a clien\u021bilor companiei \u0219i, pe baza acestora, compania are o rat\u0103 de satisfac\u021bie a clien\u021bilor de 4,22 din 5.<\/li>\n<\/ol>\n<div itemprop=\"reviewRating\" itemscope itemtype=\"http:\/\/schema.org\/Rating\"><meta itemprop=\"worstRating\" content = \"0\" \/><meta itemprop=\"bestRating\" content=\"5\" \/><meta itemprop=\"ratingValue\" content=\"5\"><\/div>\n<p><strong>Scor general: 5\/5<\/strong><br \/>\n<strong>Data revizuirii:<\/strong> <span itemprop=\"datePublished\" content=\"2016-07-25\">25\/07\/2016<\/span>\n<\/div>\n<p>Citi\u021bi mai multe despre <a href=\"https:\/\/moverdb.com\/ro\/moving-companies\/\">companii interna\u021bionale de mutare<\/a>, <a href=\"https:\/\/moverdb.com\/ro\/us-canada-movers\/\">companii de mutare interne<\/a> \u0219i a noastr\u0103 <a href=\"https:\/\/moverdb.com\/ro\/comentarii\/\">procesul de revizuire explicat<\/a>.<\/p>\n<p><strong>Site-uri web:<\/strong> SUA: <a href=\"http:\/\/www.unitedvanlines.com\/\" target=\"_blank\" rel=\"noopener\">http:\/\/www.unitedvanlines.com\/<\/a>; <a href=\"https:\/\/moverdb.com\/ro\/moving-to-canada\/\" data-internallinksmanager029f6b8e52c=\"265\" title=\"Mutarea \u00een Canada? 2026 Costurile de trai \u0219i sfaturi de relocare\">Canada<\/a>: <a href=\"http:\/\/www.uvl.ca\/\" target=\"_blank\" rel=\"noopener\">http:\/\/www.uvl.ca\/<\/a> <\/p>","protected":false},"excerpt":{"rendered":"<p>United Van Lines offers its clients many moving services both international and within the US. Below is a list of these services, plus a company profile and reviews. International Moves Move planning and preparation Needs assessment and estimate Destination preview trip Language training and cultural orientation Move management Planning services International transit Tracking and delivery [&hellip;]<\/p>\n","protected":false},"author":1,"featured_media":0,"parent":0,"menu_order":0,"comment_status":"closed","ping_status":"closed","template":"","meta":{"_genesis_hide_title":false,"_genesis_hide_breadcrumbs":false,"_genesis_hide_singular_image":false,"_genesis_hide_footer_widgets":false,"_genesis_custom_body_class":"","_genesis_custom_post_class":"","_genesis_layout":"","footnotes":""},"class_list":{"0":"post-941","1":"page","2":"type-page","3":"status-publish","5":"entry"},"_links":{"self":[{"href":"https:\/\/moverdb.com\/ro\/wp-json\/wp\/v2\/pages\/941","targetHints":{"allow":["GET"]}}],"collection":[{"href":"https:\/\/moverdb.com\/ro\/wp-json\/wp\/v2\/pages"}],"about":[{"href":"https:\/\/moverdb.com\/ro\/wp-json\/wp\/v2\/types\/page"}],"author":[{"embeddable":true,"href":"https:\/\/moverdb.com\/ro\/wp-json\/wp\/v2\/users\/1"}],"replies":[{"embeddable":true,"href":"https:\/\/moverdb.com\/ro\/wp-json\/wp\/v2\/comments?post=941"}],"version-history":[{"count":10,"href":"https:\/\/moverdb.com\/ro\/wp-json\/wp\/v2\/pages\/941\/revisions"}],"predecessor-version":[{"id":6249,"href":"https:\/\/moverdb.com\/ro\/wp-json\/wp\/v2\/pages\/941\/revisions\/6249"}],"wp:attachment":[{"href":"https:\/\/moverdb.com\/ro\/wp-json\/wp\/v2\/media?parent=941"}],"curies":[{"name":"wp","href":"https:\/\/api.w.org\/{rel}","templated":true}]}}