{"id":939,"date":"2016-09-23T06:49:42","date_gmt":"2016-09-23T06:49:42","guid":{"rendered":"http:\/\/moverdb.com\/?page_id=939"},"modified":"2026-01-08T13:18:21","modified_gmt":"2026-01-08T13:18:21","slug":"gerson-relocation","status":"publish","type":"page","link":"https:\/\/moverdb.com\/ro\/gerson-relocation\/","title":{"rendered":"Gerson Relocare: Mutarea \u0219i mut\u0103rile interna\u021bionale Recenzii"},"content":{"rendered":"<p>Gerson Relocation ofer\u0103 clien\u021bilor s\u0103i o varietate de servicii, indiferent dac\u0103 ace\u0219tia se relocheaz\u0103 \u00een str\u0103in\u0103tate sau la nivel local. Lista serviciilor oferite este urmat\u0103 de un profil al companiei \u0219i de recenzii.<\/p>\n<p><strong>Servicii corporative\/Suport<\/strong><\/p>\n<ul>\n<li> Manager de mutare dedicat pentru a coordona mutarea<\/li>\n<li> Sondaj profesional<\/li>\n<li> Ambalare<\/li>\n<li> <a href=\"https:\/\/moverdb.com\/ro\/transport-maritim-de-containere\/\">Transport maritim, aerian sau rutier<\/a><\/li>\n<li> Despachetarea, dac\u0103 este necesar<\/li>\n<li> \u00cendep\u0103rta\u021bi materialul de ambalare pentru reciclare<\/li>\n<li> Depozitare, dac\u0103 este necesar<\/li>\n<li> Asigurare<\/li>\n<\/ul>\n<p><strong>Solu\u021bii de relocare personalizate<\/strong><\/p>\n<ul>\n<li> Pachete de informa\u021bii<\/li>\n<li> Formare cultural\u0103<\/li>\n<li> Vizite de orientare\/consultare<\/li>\n<li> Consiliere \u00een domeniul educa\u021biei<\/li>\n<li> Cazare temporar\u0103<\/li>\n<li> C\u0103utare acas\u0103<\/li>\n<li> Negocierea contractului de \u00eenchiriere<\/li>\n<li> Check in \/check out de la propriet\u0103\u021bi<\/li>\n<li> \u00cenchiriere de mobilier<\/li>\n<li> Instalarea<\/li>\n<li> Asisten\u021b\u0103 pentru parteneri<\/li>\n<li> Formare lingvistic\u0103<\/li>\n<\/ul>\n<p><strong>Private Moving<\/strong><\/p>\n<ul>\n<li> Manager de mutare dedicat<\/li>\n<li> Sondaj<\/li>\n<li> Ambalare profesional\u0103<\/li>\n<li> Transportul bunurilor pe cale maritim\u0103, aerian\u0103 sau rutier\u0103<\/li>\n<li> V\u0103muire<\/li>\n<li> Despachetarea lucrurilor<\/li>\n<li> Reciclarea materialelor de ambalare<\/li>\n<li> Depozitare, dac\u0103 este necesar<\/li>\n<li> Asigurare aranjat\u0103<\/li>\n<\/ul>\n<p><strong>Servicii de depozitare<\/strong><\/p>\n<ul>\n<li> Serviciu complet de depozitare<\/li>\n<li> Depozit de sine st\u0103t\u0103tor<\/li>\n<li> Depozit pentru studen\u021bi<\/li>\n<li> Depozitare comercial\u0103<\/li>\n<li> Pe termen scurt sau lung<\/li>\n<li> 24 de ore CCTV<\/li>\n<\/ul>\n<h2>Profilul companiei Gerson Relocation<\/h2>\n<p>Gerson Relocation a fost fondat\u0103 \u00een 1961 \u0219i are ca scop s\u0103 ofere clien\u021bilor s\u0103i un serviciu extrem de personalizat, care nu poate fi g\u0103sit \u00een alte organiza\u021bii. Compania realizeaz\u0103 acest lucru printr-un control riguros al calit\u0103\u021bii \u0219i printr-un personal profesionist \u0219i bine preg\u0103tit, dintre care unii lucreaz\u0103 \u00een cadrul companiei de zeci de ani.<\/p>\n<p>Gerson Relocation este, de asemenea, hot\u0103r\u00e2t\u0103 s\u0103 \u00ee\u0219i desf\u0103\u0219oare activitatea \u00eentr-un mod curat \u0219i responsabil fa\u021b\u0103 de mediu. Sus\u021bin trei organiza\u021bii de caritate \u0219i ofer\u0103 personalului s\u0103u dou\u0103 zile de concediu pl\u0103tit pentru ca acesta s\u0103 poat\u0103 contribui \u0219i el la aceste cauze.<\/p>\n<p>Ast\u0103zi, Gerson Relocation este o filial\u0103 a <a href=\"https:\/\/moverdb.com\/ro\/abels-removals\/\">Abels Moving Services<\/a> Ltd., o afacere de familie de mare succes, care a primit Mandatul Regal al Reginei \u00een 1988. Pe baza chestionarelor trimise clien\u021bilor, compania a ob\u021binut un rating de satisfac\u021bie a clien\u021bilor de 98% pentru 2015 \u0219i 2016.<\/p>\n<p>Gerson Relocation acredit\u0103ri \u0219i afilieri: <\/p>\n<ul>\n<li> <a href=\"https:\/\/moverdb.com\/ro\/asociatia-britanica-a-demolatorilor\/\">Asocia\u021bia Britanic\u0103 a Transportatorilor<\/a> (<a href=\"https:\/\/moverdb.com\/ro\/british-association-of-removers\/\" data-internallinksmanager029f6b8e52c=\"9\" title=\"Asocia\u021bia Britanic\u0103 a Transportatorilor (BAR) Explica\u021bii\">BAR<\/a>)<\/li>\n<li> <a href=\"https:\/\/moverdb.com\/ro\/harmony-relocation-network\/\">Re\u021beaua de relocare Harmony<\/a> (<a href=\"https:\/\/moverdb.com\/ro\/harmony-relocation-network\/\" data-internallinksmanager029f6b8e52c=\"20\" title=\"Explica\u021bii despre re\u021beaua Harmony Relocation Network (HRN)\">HRN<\/a>)<\/li>\n<li> <a href=\"https:\/\/moverdb.com\/ro\/eura\/\">Asocia\u021bia European\u0103 de Relocare<\/a> (<a href=\"https:\/\/moverdb.com\/ro\/eura\/\" data-internallinksmanager029f6b8e52c=\"13\" title=\"Explica\u021bii despre Asocia\u021bia European\u0103 de Relocare (EuRA)\">EuRA<\/a>)<\/li>\n<li> <a href=\"https:\/\/moverdb.com\/ro\/fidi-faim\/\">FIDI<\/a><\/li>\n<li> <a href=\"https:\/\/moverdb.com\/ro\/fidi-faim\/\" data-internallinksmanager029f6b8e52c=\"16\" title=\"FIDI &amp; FAIM (FIDI Accredited International Mover) Explicat\">FAIM<\/a><\/li>\n<li> <a href=\"https:\/\/moverdb.com\/ro\/mtc\/\">Clubul de tranzac\u021bionare The Movers<\/a> (<a href=\"https:\/\/moverdb.com\/ro\/mtc\/\" data-internallinksmanager029f6b8e52c=\"30\" title=\"Explica\u021bii despre Movers Trading Club (MTC)\">MTC<\/a>)<\/li>\n<\/ul>\n<h2>Recenzii Gerson Relocation<\/h2>\n<p><strong>Pozitiv<\/strong><\/p>\n<ul>\n<li>  \"<em>Nu am fi putut cere servicii mai bune din partea echipei noastre de relocare.\"<\/em> - Dna K. L. via <a href=\"http:\/\/www.gersonrelocation.com\/voice-of-the-customer\/\" target=\"_blank\" rel=\"noopener\">Pagina Clien\u021bi ferici\u021bi<\/a> <\/li>\n<\/ul>\n<p><strong>Negativ<\/strong><\/p>\n<p>Nu am reu\u0219it s\u0103 g\u0103sim nicio recenzie negativ\u0103 pentru Gerson Relocation online.<\/p>\n<div itemprop=\"review\" itemscope itemtype=\"http:\/\/schema.org\/Review\">\n<span itemprop=\"author\" itemscope=\"\" itemtype=\"http:\/\/schema.org\/Organization\"><span itemprop=\"name\">MoverDB.com<\/span><\/span> Revizuirea online a site-ului pentru <span itemprop=\"itemreviewed\" itemscope=\"\" itemtype=\"http:\/\/schema.org\/Brand\"><span itemprop=\"name\">Gerson Relocare<\/span><\/span>:<\/p>\n<ol>\n<li> Detalii de contact clare pe site-ul web (inclusiv num\u0103rul de telefon): <strong>Da<\/strong><\/li>\n<li> U\u0219or de ob\u021binut <a href=\"https:\/\/moverdb.com\/ro\/citate\/\">citate de mut\u0103ri interna\u021bionale<\/a>? (Formular de solicitare a unui deviz online): <strong>Da<\/strong><\/li>\n<li> Informa\u021bii clare pe site-ul web: <strong>Da,<\/strong> Site-ul web este destul de detaliat, oferindu-le poten\u021bialilor clien\u021bi o idee bun\u0103 despre serviciile la care se pot a\u0219tepta.<\/li>\n<li> Apartenen\u021ba la organiza\u021bii interna\u021bionale recunoscute \u00een domeniul mut\u0103rii: <strong>Da<\/strong><\/li>\n<li> Lista de clien\u021bi \u0219i\/sau m\u0103rturii ale clien\u021bilor anteriori: <strong>Da<\/strong>, Exist\u0103 multe m\u0103rturii pozitive ale clien\u021bilor pe site.<\/li>\n<\/ol>\n<div itemprop=\"reviewRating\" itemscope itemtype=\"http:\/\/schema.org\/Rating\"><meta itemprop=\"worstRating\" content = \"0\" \/><meta itemprop=\"bestRating\" content=\"5\" \/><meta itemprop=\"ratingValue\" content=\"5\"><\/div>\n<p><strong>Scor general: 5\/5<\/strong><br \/>\n<strong>Data revizuirii:<\/strong> <span itemprop=\"datePublished\" content=\"2016-09-23\">23\/09\/16<\/span>\n<\/div>\n<p>Mai multe despre <a href=\"https:\/\/moverdb.com\/ro\/mutari-internationale\/\">mut\u0103ri interna\u021bionale<\/a> \u0219i a noastr\u0103 <a href=\"https:\/\/moverdb.com\/ro\/comentarii\/\">procesul de revizuire explicat<\/a>.<\/p>\n<p><strong>Site web:<\/strong> <a href=\"http:\/\/www.gersonrelocation.com\" target=\"_blank\" rel=\"noopener\">http:\/\/www.gersonrelocation.com<\/a><\/p>","protected":false},"excerpt":{"rendered":"<p>Gerson Relocation offer their clients a variety of services, whether they are relocating abroad or locally. A company profile and reviews follow the list of services on offer. Corporate Services\/Support Dedicated move manager to coordinate the move Professional survey Packing Shipping by sea, air or road Unpacking if required Clear away packing material for recycling [&hellip;]<\/p>\n","protected":false},"author":1,"featured_media":0,"parent":0,"menu_order":0,"comment_status":"closed","ping_status":"closed","template":"","meta":{"_genesis_hide_title":false,"_genesis_hide_breadcrumbs":false,"_genesis_hide_singular_image":false,"_genesis_hide_footer_widgets":false,"_genesis_custom_body_class":"","_genesis_custom_post_class":"","_genesis_layout":"","footnotes":""},"class_list":{"0":"post-939","1":"page","2":"type-page","3":"status-publish","5":"entry"},"_links":{"self":[{"href":"https:\/\/moverdb.com\/ro\/wp-json\/wp\/v2\/pages\/939","targetHints":{"allow":["GET"]}}],"collection":[{"href":"https:\/\/moverdb.com\/ro\/wp-json\/wp\/v2\/pages"}],"about":[{"href":"https:\/\/moverdb.com\/ro\/wp-json\/wp\/v2\/types\/page"}],"author":[{"embeddable":true,"href":"https:\/\/moverdb.com\/ro\/wp-json\/wp\/v2\/users\/1"}],"replies":[{"embeddable":true,"href":"https:\/\/moverdb.com\/ro\/wp-json\/wp\/v2\/comments?post=939"}],"version-history":[{"count":3,"href":"https:\/\/moverdb.com\/ro\/wp-json\/wp\/v2\/pages\/939\/revisions"}],"predecessor-version":[{"id":6214,"href":"https:\/\/moverdb.com\/ro\/wp-json\/wp\/v2\/pages\/939\/revisions\/6214"}],"wp:attachment":[{"href":"https:\/\/moverdb.com\/ro\/wp-json\/wp\/v2\/media?parent=939"}],"curies":[{"name":"wp","href":"https:\/\/api.w.org\/{rel}","templated":true}]}}