{"id":938,"date":"2016-09-23T07:14:51","date_gmt":"2016-09-23T07:14:51","guid":{"rendered":"http:\/\/moverdb.com\/?page_id=938"},"modified":"2026-01-08T14:40:14","modified_gmt":"2026-01-08T14:40:14","slug":"relocare-momentana","status":"publish","type":"page","link":"https:\/\/moverdb.com\/ro\/momentous-relocation\/","title":{"rendered":"Mutarea de moment: Recenzii despre mut\u0103ri \u0219i mut\u0103ri interna\u021bionale"},"content":{"rendered":"<p>Momentous Relocation este o companie specializat\u0103 \u00een mut\u0103ri \u0219i reloc\u0103ri interna\u021bionale, cu sediul \u00een <a href=\"https:\/\/moverdb.com\/ro\/moving-to-london\/\">Londra<\/a>. Ofer\u0103 clien\u021bilor s\u0103i numeroase servicii care sunt enumerate mai jos, \u00eempreun\u0103 cu un profil al companiei \u0219i recenzii.<\/p>\n<p><strong>Servicii de mutare<\/strong><\/p>\n<ul>\n<li> Sondaj \u00eenainte de mutare<\/li>\n<li> <a href=\"https:\/\/moverdb.com\/ro\/transport-maritim-de-containere\/\">Transportul maritim \u0219i transportul aerian<\/a><\/li>\n<li> Servicii de destina\u021bie<\/li>\n<li> Servicii de asigurare<\/li>\n<li> Mutarea domestic\u0103<\/li>\n<li> Transportul de art\u0103 fin\u0103<\/li>\n<li> Serviciul de mutare a animalelor de companie<\/li>\n<li> Mutarea acas\u0103 ghiduri de \u021bar\u0103<\/li>\n<\/ul>\n<p><strong>Servicii de relocare<\/strong><\/p>\n<ul>\n<li> Mutarea \u0219i depozitarea global\u0103<\/li>\n<li> Vize \u0219i imigra\u021bie<\/li>\n<li> Sprijin lingvistic \u0219i cultural<\/li>\n<li> <a href=\"https:\/\/moverdb.com\/ro\/costuri-de-mutare\/\">Costul vie\u021bii<\/a> analiz\u0103<\/li>\n<li> Sprijin pentru partenerul de relocare<\/li>\n<li> Orientarea zonei<\/li>\n<li> C\u0103utarea \u0219colii<\/li>\n<li> Locuin\u021be temporare<\/li>\n<li> Linia de asisten\u021b\u0103 telefonic\u0103<\/li>\n<li> Descoperire la domiciliu<\/li>\n<li> Asisten\u021b\u0103 la instalare<\/li>\n<li> Managementul reloc\u0103rii<\/li>\n<li> Servicii de plecare<\/li>\n<\/ul>\n<p><strong>Servicii de depozitare<\/strong><\/p>\n<ul>\n<li> Depozitare pe termen scurt \u0219i lung<\/li>\n<li> Depozitare interna\u021bional\u0103<\/li>\n<li> Depozitarea \u00een <a href=\"https:\/\/moverdb.com\/ro\/moving-to-the-uk\/\" data-internallinksmanager029f6b8e52c=\"93\" title=\"V\u0103 muta\u021bi \u00een Regatul Unit? 2026 Costurile vie\u021bii \u0219i sfaturi de relocare\">MAREA BRITANIE<\/a><\/li>\n<li> Depozitarea afacerilor<\/li>\n<li> 24 de ore CCTV<\/li>\n<\/ul>\n<p><strong>Relocarea \u0219i mutarea birourilor<\/strong><\/p>\n<ul>\n<li> Managementul proiectelor<\/li>\n<li> \u00cenchiriere lad\u0103<\/li>\n<li> Porterage<\/li>\n<li> Planificare \u0219i logistic\u0103<\/li>\n<li> Pachete de asigurare personalizate<\/li>\n<li> Depozitarea mobilierului de birou<\/li>\n<li> Stocarea documentelor<\/li>\n<li> Stocarea arhivelor<\/li>\n<li> Depozitare specializat\u0103<\/li>\n<li> Responsabilitatea social\u0103 a \u00eentreprinderilor<\/li>\n<li> Servicii de eliminare a de\u0219eurilor<\/li>\n<li> Distrugere securizat\u0103<\/li>\n<li> Servicii de cur\u0103\u021benie<\/li>\n<li> Eliber\u0103ri de birouri<\/li>\n<\/ul>\n<p><strong>Serviciul de ambalare \u0219i expediere de art\u0103 fin\u0103<\/strong><\/p>\n<ul>\n<li> Confec\u021bionarea \u0219i ambalarea cazurilor<\/li>\n<li> Expediere pe cale rutier\u0103, aerian\u0103 sau maritim\u0103<\/li>\n<li> Depozitare<\/li>\n<li> Ambalare cu m\u0103nu\u0219i albe<\/li>\n<li> Servicii de expozi\u021bie<\/li>\n<\/ul>\n<p><strong>Proiecte speciale<\/strong><\/p>\n<ul>\n<li> Transportul serverului<\/li>\n<li> Relocarea interna\u021bional\u0103 a birourilor<\/li>\n<li> Mi\u0219c\u0103ri specializate<\/li>\n<li> Asigurare pe m\u0103sur\u0103<\/li>\n<\/ul>\n<h2>Profilul companiei Momentous Relocation<\/h2>\n<p>Momentous Relocation \u0219i-a \u00eenceput activitatea interna\u021bional\u0103 \u00een 1978. Sediul s\u0103u social este \u00een Baker Street, Londra, \u0219i are dou\u0103 facilit\u0103\u021bi de depozitare \u0219i birouri \u00een nord-vestul Londrei (sediul central) \u0219i Aylesbury. <\/p>\n<p>Compania \u0219i personalul acesteia spun c\u0103 \u00eentotdeauna \u00ee\u0219i pun clien\u021bii pe primul loc \u0219i se str\u0103duiesc s\u0103 fac\u0103 fiecare mutare s\u0103 fie rapid\u0103 \u0219i f\u0103r\u0103 durere pentru client.<\/p>\n<p>Momentous Relocation are un amplu program de responsabilitate social\u0103 corporativ\u0103 care include personalul, clien\u021bii, mediul \u0219i comunitatea.<\/p>\n<p>Afilieri \u0219i acredit\u0103ri ale Momentous Relocation:<\/p>\n<ul>\n<li> <a href=\"https:\/\/moverdb.com\/ro\/fidi-faim\/\">FIDI<\/a><\/li>\n<li> <a href=\"https:\/\/moverdb.com\/ro\/fidi-faim\/\">FAIM Plus<\/a><\/li>\n<li> <a href=\"https:\/\/moverdb.com\/ro\/asociatia-britanica-a-demolatorilor\/\">Asocia\u021bia Britanic\u0103 a Transportatorilor<\/a> (<a href=\"https:\/\/moverdb.com\/ro\/british-association-of-removers\/\" data-internallinksmanager029f6b8e52c=\"9\" title=\"Asocia\u021bia Britanic\u0103 a Transportatorilor (BAR) Explica\u021bii\">BAR<\/a>)<\/li>\n<li> <a href=\"https:\/\/moverdb.com\/ro\/bar-overseas\/\">Asocia\u021bia Britanic\u0103 a Transportatorilor de M\u0103rfuri de peste m\u0103ri (The British Association of Removers Overseas Group)<\/a><\/li>\n<li> <a href=\"https:\/\/moverdb.com\/ro\/mtc\/\">Clubul de tranzac\u021bionare The Movers<\/a> (<a href=\"https:\/\/moverdb.com\/ro\/mtc\/\" data-internallinksmanager029f6b8e52c=\"30\" title=\"Explica\u021bii despre Movers Trading Club (MTC)\">MTC<\/a>)<\/li>\n<li> <a href=\"https:\/\/moverdb.com\/ro\/eura\/\">EuRA<\/a><\/li>\n<li> Acredit\u0103ri ISO<\/li>\n<\/ul>\n<h2>Momentous Relocation Recenzii<\/h2>\n<p><strong>Pozitiv:<\/strong><\/p>\n<ul>\n<li> \"<em>Mi\u0219care remarcabil\u0103 \u00een toate aspectele, nu am putut vorbi suficient de bine despre servicii. \u00cei voi recomanda pe to\u021bi cei care vor cere \u00een viitor. Cikis \u0219i Scott au fost geniali!\"<\/em> via <a href=\"http:\/\/www.momentousrelocation.com\/about-us\/what-our-customers-say-momentous-relocation-reviews\/\" target=\"_blank\" rel=\"noopener\">Pagina Momentous Ce spun clien\u021bii no\u0219tri<\/a><\/li>\n<li> <em>\"A doua oar\u0103 c\u00e2nd Momentous m-a mutat, nu i-a\u0219 putea recomanda \u00eendeajuns de mult.\"<\/em> - prin <a href=\"http:\/\/moveaide.com\/movers\/momentous-relocation-london-uk-mover-review\" target=\"_blank\" rel=\"noopener\">MoveAid.com<\/a><\/li>\n<li> <em>\"M-am mutat din Marea Britanie \u00een <a href=\"https:\/\/moverdb.com\/ro\/moving-to-germany\/\" data-internallinksmanager029f6b8e52c=\"321\" title=\"V\u0103 muta\u021bi \u00een Germania? 2026 Costurile vie\u021bii \u0219i sfaturi de relocare\">Germania<\/a>. Serviciul a fost foarte profesionist, iar echipa de organizare din Marea Britanie a fost foarte flexibil\u0103 \u0219i conciliant\u0103.\"<\/em> - Ursula via <a href=\"https:\/\/www.facebook.com\/pg\/momentousltd\/reviews\/\" target=\"_blank\" rel=\"noopener\">Facebook<\/a><\/li>\n<li> <em>\"Un serviciu fantastic! Echipa, Scott \u0219i Darren au fost politico\u0219i \u0219i foarte profesioni\u0219ti, au \u00eempachetat totul foarte eficient, au folosit chiar \u0219i protec\u021bii pentru podea, astfel \u00eenc\u00e2t covoarele mele au fost complet protejate.\"<\/em> - Evelynn via <a href=\"http:\/\/www.removalreviews.co.uk\/movers\/momentous-relocation-215#8293\" target=\"_blank\" rel=\"noopener\">RemovalReviews.com<\/a><\/li>\n<\/ul>\n<p><strong>Negativ<\/strong><\/p>\n<ul>\n<li> <em>\"Am avut o experien\u021b\u0103 \u00eengrozitoare cu aceast\u0103 afacere care mi-a luat banii, apoi mi-a oferit un serviciu \u00eengrozitor (o parte din care a fost vina partenerilor lor), dar au refuzat s\u0103 \u00ee\u0219i asume orice responsabilitate sau proprietate sau evenimente care au inclus un accident grav care a avut loc unui membru al familiei din cauza mobilierului instalat incorect.\"<\/em> - James via <a href=\"http:\/\/moveaide.com\/movers\/momentous-relocation-london-uk-mover-review\" target=\"_blank\" rel=\"noopener\">MoveAid.com<\/a><\/li>\n<li> <em>Muta\u021biile de moment sunt cele mai rele <a href=\"https:\/\/moverdb.com\/ro\/international-removals\/\" data-internallinksmanager029f6b8e52c=\"27\" title=\"36 Cele mai bune companii de mut\u0103ri interna\u021bionale din Marea Britanie\">companie de mut\u0103ri<\/a> \u00een aceast\u0103 \u021bar\u0103. M-am mutat de 6 ori \u00een mai pu\u021bin de 8 ani, a\u0219a c\u0103 acum cred c\u0103 am experien\u021b\u0103 \u00een acest domeniu.<\/em> via <a href=\"http:\/\/www.removalreviews.co.uk\/movers\/momentous-relocation-215#714\" target=\"_blank\" rel=\"noopener\">RemovalReviews.com<\/a><\/li>\n<\/ul>\n<div itemprop=\"review\" itemscope itemtype=\"http:\/\/schema.org\/Review\">\n<span itemprop=\"author\" itemscope=\"\" itemtype=\"http:\/\/schema.org\/Organization\"><span itemprop=\"name\">MoverDB.com<\/span><\/span> Revizuirea online a site-ului pentru <span itemprop=\"itemreviewed\" itemscope=\"\" itemtype=\"http:\/\/schema.org\/Brand\"><span itemprop=\"name\">Mutarea momentan\u0103<\/span><\/span>:<\/p>\n<ol>\n<li> Detalii de contact clare pe site-ul web (inclusiv num\u0103rul de telefon): <strong>Da<\/strong><\/li>\n<li> U\u0219or de ob\u021binut <a href=\"https:\/\/moverdb.com\/ro\/citate\/\">citate de mut\u0103ri interna\u021bionale<\/a>? (Formular de solicitare a unui deviz online): <strong>Da<\/strong><\/li>\n<li> Informa\u021bii clare pe site-ul web: <strong>Da<\/strong>, Site-ul web prezint\u0103 serviciile oferite, dar nu ofer\u0103 prea multe informa\u021bii detaliate.<\/li>\n<li> Apartenen\u021ba la organiza\u021bii interna\u021bionale recunoscute \u00een domeniul mut\u0103rii: <strong>Da<\/strong><\/li>\n<li> Lista de clien\u021bi \u0219i\/sau m\u0103rturii ale clien\u021bilor anteriori: <strong>Da,<\/strong> Exist\u0103 mai multe m\u0103rturii pozitive de la clien\u021bi, dar nu exist\u0103 o list\u0103 de clien\u021bi. De asemenea, compania prime\u0219te, \u00een general, \u00een mare parte recenzii pozitive online.<\/li>\n<\/ol>\n<div itemprop=\"reviewRating\" itemscope itemtype=\"http:\/\/schema.org\/Rating\"><meta itemprop=\"worstRating\" content = \"0\" \/><meta itemprop=\"bestRating\" content=\"5\" \/><meta itemprop=\"ratingValue\" content=\"4.5\"><\/div>\n<p><strong>Scor general: 4.5\/5<\/strong><br \/>\n<strong>Data revizuirii:<\/strong> <span itemprop=\"datePublished\" content=\"2016-09-23\">23\/09\/16<\/span>\n<\/div>\n<p>Mai multe despre <a href=\"https:\/\/moverdb.com\/ro\/mutari-internationale\/\">companii de mut\u0103ri<\/a> \u0219i a noastr\u0103 <a href=\"https:\/\/moverdb.com\/ro\/comentarii\/\">procesul de revizuire<\/a>.<\/p>\n<p><strong>Site web:<\/strong> <a href=\"http:\/\/www.momentousrelocation.com\/\" target=\"_blank\" rel=\"noopener\">http:\/\/www.momentousrelocation.com<\/a><\/p>","protected":false},"excerpt":{"rendered":"<p>Momentous Relocation is an international removal and relocation specialist company based in London. It offers its clients many services which are listed below, together with a company profile and reviews. Moving Services Pre move survey Shipping and airfreight Destination services Insurance services Domestic moving Fine art shipping Pet moving service Moving home country guides Relocation [&hellip;]<\/p>\n","protected":false},"author":1,"featured_media":0,"parent":0,"menu_order":0,"comment_status":"closed","ping_status":"closed","template":"","meta":{"_genesis_hide_title":false,"_genesis_hide_breadcrumbs":false,"_genesis_hide_singular_image":false,"_genesis_hide_footer_widgets":false,"_genesis_custom_body_class":"","_genesis_custom_post_class":"","_genesis_layout":"","footnotes":""},"class_list":{"0":"post-938","1":"page","2":"type-page","3":"status-publish","5":"entry"},"_links":{"self":[{"href":"https:\/\/moverdb.com\/ro\/wp-json\/wp\/v2\/pages\/938","targetHints":{"allow":["GET"]}}],"collection":[{"href":"https:\/\/moverdb.com\/ro\/wp-json\/wp\/v2\/pages"}],"about":[{"href":"https:\/\/moverdb.com\/ro\/wp-json\/wp\/v2\/types\/page"}],"author":[{"embeddable":true,"href":"https:\/\/moverdb.com\/ro\/wp-json\/wp\/v2\/users\/1"}],"replies":[{"embeddable":true,"href":"https:\/\/moverdb.com\/ro\/wp-json\/wp\/v2\/comments?post=938"}],"version-history":[{"count":6,"href":"https:\/\/moverdb.com\/ro\/wp-json\/wp\/v2\/pages\/938\/revisions"}],"predecessor-version":[{"id":13178,"href":"https:\/\/moverdb.com\/ro\/wp-json\/wp\/v2\/pages\/938\/revisions\/13178"}],"wp:attachment":[{"href":"https:\/\/moverdb.com\/ro\/wp-json\/wp\/v2\/media?parent=938"}],"curies":[{"name":"wp","href":"https:\/\/api.w.org\/{rel}","templated":true}]}}