{"id":927,"date":"2016-09-23T21:57:09","date_gmt":"2016-09-23T21:57:09","guid":{"rendered":"http:\/\/moverdb.com\/?page_id=927"},"modified":"2026-01-08T13:19:00","modified_gmt":"2026-01-08T13:19:00","slug":"imove-international","status":"publish","type":"page","link":"https:\/\/moverdb.com\/ro\/imove-international\/","title":{"rendered":"IMove International: Mutarea \u0219i mut\u0103ri Recenzii"},"content":{"rendered":"<p>IMove International are sediul \u00een Surrey. Aceasta ofer\u0103 clien\u021bilor s\u0103i o gam\u0103 de servicii pentru a-i ajuta s\u0103 se mute \u00een str\u0103in\u0103tate. Acestea sunt enumerate mai jos, \u00eempreun\u0103 cu un profil al companiei \u0219i recenzii.<\/p>\n<p><strong><a href=\"https:\/\/moverdb.com\/ro\/international-removals\/\" data-internallinksmanager029f6b8e52c=\"27\" title=\"36 Cele mai bune companii de mut\u0103ri interna\u021bionale din Marea Britanie\">Muta\u021bii interna\u021bionale<\/a><\/strong><\/p>\n<ul>\n<li> Coordonator personal de mutare<\/li>\n<li> Din u\u0219\u0103 \u00een u\u0219\u0103<\/li>\n<li> U\u0219a c\u0103tre <a href=\"https:\/\/moverdb.com\/ro\/top-49-container-ports\/\" data-internallinksmanager029f6b8e52c=\"80\" title=\"Top 49 cele mai mari \u0219i mai aglomerate porturi de containere \u00een 2026\">port<\/a><\/li>\n<li> Aerian, maritim sau rutier<\/li>\n<li> Reloc\u0103ri de companii<\/li>\n<li> <a href=\"https:\/\/moverdb.com\/ro\/auto-transport-expediere\/\">Vehicule cu motor<\/a><\/li>\n<li> Serviciu complet de ambalare<\/li>\n<li> Autoambalare<\/li>\n<li> Ambalare fragil\u0103<\/li>\n<li> Furnizarea gratuit\u0103 de cutii de carton, band\u0103 adeziv\u0103 \u0219i ambalaje<\/li>\n<li> Serviciul de despachetare<\/li>\n<li> Depozitare pe termen lung \u0219i scurt <\/li>\n<li> <a href=\"https:\/\/moverdb.com\/ro\/transport-maritim-de-containere\/\">Transportul maritim prin containere<\/a><\/li>\n<li> Excesul de transport al bagajelor<\/li>\n<li> Asigurare furnizat\u0103<\/li>\n<li> Ajutor cu vama \u0219i documenta\u021bia<\/li>\n<\/ul>\n<p><strong>Alte servicii<\/strong><\/p>\n<ul>\n<li> Depozitare pe termen lung \u0219i scurt<\/li>\n<li> Transportul \u0219i depozitarea elevilor<\/li>\n<li> <a href=\"https:\/\/moverdb.com\/ro\/car-transport-shipping\/\" data-internallinksmanager029f6b8e52c=\"2\" title=\"2026 Transport auto interna\u021bional \u0219i oferte de transport maritim de vehicule\">Transportul auto<\/a><\/li>\n<li> Container partajat<\/li>\n<li> Serviciul de ambalare pentru export<\/li>\n<li> L\u0103zuire \u0219i confec\u021bionare de cutii<\/li>\n<\/ul>\n<h2>Profilul companiei IMove International<\/h2>\n<p>IMove International este o companie t\u00e2n\u0103r\u0103, cu capital privat \u0219i a fost \u00eenfiin\u021bat\u0103 \u00een mai 2011. Este o companie specializat\u0103 <a href=\"https:\/\/moverdb.com\/ro\/mutari-internationale\/\">mutare interna\u021bional\u0103<\/a>, companie de transport \u0219i relocare. <\/p>\n<p>IMove organizeaz\u0103 mut\u0103ri pentru familii, clien\u021bi corporativi \u0219i persoane fizice din <a href=\"https:\/\/moverdb.com\/ro\/moving-to-the-uk\/\" data-internallinksmanager029f6b8e52c=\"93\" title=\"V\u0103 muta\u021bi \u00een Regatul Unit? 2026 Costurile vie\u021bii \u0219i sfaturi de relocare\">MAREA BRITANIE<\/a> c\u0103tre majoritatea destina\u021biilor din \u00eentreaga lume.<\/p>\n<p>IMove expediaz\u0103 orice, de la cel mai mic colet p\u00e2n\u0103 la o cas\u0103 de mobil\u0103. Compania pune la dispozi\u021bia fiec\u0103rui client un coordonator personal de mutare, care este persoana de contact pe parcursul \u00eentregului proces de mutare.<\/p>\n<p>IMove International are urm\u0103toarele acredit\u0103ri \u0219i afilieri:<\/p>\n<ul>\n<li> ISO 9001<\/li>\n<\/ul>\n<h2>Recenzii IMove International<\/h2>\n<p><strong>Pozitiv:<\/strong><\/p>\n<ul>\n<li> <em>\"Lucrurile au decurs f\u0103r\u0103 probleme \u0219i eficient. A\u0219 recomanda cu siguran\u021b\u0103 compania pentru serviciile sale \u0219i pentru raportul calitate-pre\u021b.\"<\/em> - H Fowler prin <a href=\"http:\/\/www.imoveintl.com\/testimonials.htm\" target=\"_blank\" rel=\"noopener\">Pagina de recenzii ale clien\u021bilor<\/a><\/li>\n<li> \"<em>A\u0219 dori s\u0103 felicit IMove pentru punctualitatea, promptitudinea \u0219i profesionalismul cu care a fost realizat\u0103 relocarea mea din Orlando <a href=\"https:\/\/moverdb.com\/ro\/moving-to-the-united-states\/moving-to-florida\/\" data-internallinksmanager029f6b8e52c=\"331\" title=\"Mutarea \u00een Florida? 2026 Costurile de trai \u0219i sfaturi de relocare\">Florida<\/a> \u00een Kent, a fost efectuat\u0103.<\/em> - Annette <a href=\"http:\/\/www.removalreviews.co.uk\/movers\/imove-international-191#11473\" target=\"_blank\" rel=\"noopener\">RemovalReviews.com<\/a> <\/li>\n<li> \"<em>Recomand\u0103m cu des\u0103v\u00e2r\u0219ire aceast\u0103 companie - costuri foarte rezonabile, mutare extrem de rapid\u0103 \u0219i servicii excelente.\"<\/em> - Johathan via <a href=\"http:\/\/www.reviews.co.uk\/company-reviews\/store\/imove-international-removals-ltd\" target=\"_blank\" rel=\"noopener\">Recenzii.co.uk<\/a> <\/li>\n<\/ul>\n<p><strong>Negativ<\/strong><\/p>\n<ul>\n<li> \"<em>De\u0219i timpul de livrare de la <a href=\"https:\/\/moverdb.com\/ro\/moving-to-london\/\">Londra<\/a> la <a href=\"https:\/\/moverdb.com\/ro\/moving-to-switzerland\/\" data-internallinksmanager029f6b8e52c=\"327\" title=\"V\u0103 muta\u021bi \u00een Elve\u021bia? 2026 Costurile vie\u021bii \u0219i sfaturi de relocare\">Elve\u021bia<\/a> a fost prompt\u0103, a\u0219 descuraja cu t\u0103rie pe oricine s\u0103 foloseasc\u0103 aceast\u0103 companie, deoarece unul dintre cele mai valoroase articole nu a fost livrat niciodat\u0103 \u0219i a fost \"pierdut\". Nu a p\u0103rut s\u0103 existe nicio surpriz\u0103, \u00eengrijorare sau scuze reale \u00een ceea ce prive\u0219te pierderea acestui articol.\"<\/em> - Dna Laurens prin <a href=\"http:\/\/www.removalreviews.co.uk\/movingreviews\/stolen-item-1264\" target=\"_blank\" rel=\"noopener\">RemovalReviews.co.uk<\/a> <\/li>\n<li> \"<em>Articolele noastre au fost colectate conform datei de colectare (02.11.2015), ceea ce a fost grozav, \u00eens\u0103 acum suntem \u00een martie \u0219i \u00eenc\u0103 nu am primit cutiile.\"<\/em> - Samantha via <a href=\"http:\/\/www.reviews.co.uk\/company-reviews\/store\/imove-international-removals-ltd\" target=\"_blank\" rel=\"noopener\">Recenzii.co.uk<\/a> <\/li>\n<\/ul>\n<div itemprop=\"review\" itemscope itemtype=\"http:\/\/schema.org\/Review\">\n<span itemprop=\"author\" itemscope=\"\" itemtype=\"http:\/\/schema.org\/Organization\"><span itemprop=\"name\">MoverDB.com<\/span><\/span> Revizuirea online a site-ului pentru <span itemprop=\"itemreviewed\" itemscope=\"\" itemtype=\"http:\/\/schema.org\/Brand\"><span itemprop=\"name\">IMove International<\/span><\/span>:<\/p>\n<ol>\n<li> Detalii de contact clare pe site-ul web (inclusiv num\u0103rul de telefon): <strong>Da<\/strong><\/li>\n<li> U\u0219or de ob\u021binut <a href=\"https:\/\/moverdb.com\/ro\/citate\/\">citate de mut\u0103ri interna\u021bionale<\/a>? (Formular de solicitare a unui deviz online): <strong>Da<\/strong><\/li>\n<li> Informa\u021bii clare pe site-ul web: <strong>Da<\/strong>, Site-ul con\u021bine o mul\u021bime de informa\u021bii despre mutarea \u00een diferite \u021b\u0103ri din \u00eentreaga lume, inclusiv despre documentele necesare.<\/li>\n<li> Apartenen\u021ba la organiza\u021bii interna\u021bionale recunoscute \u00een domeniul mut\u0103rii: <strong>Par\u021bial<\/strong>De\u0219i sunt \u00eenregistra\u021bi ISO, se pare c\u0103 nu au alte acredit\u0103ri.<\/li>\n<li> Lista de clien\u021bi \u0219i\/sau m\u0103rturii ale clien\u021bilor anteriori: <strong>Da,<\/strong> Exist\u0103 o mul\u021bime de recenzii pozitive ale clien\u021bilor pe site.<\/li>\n<\/ol>\n<div itemprop=\"reviewRating\" itemscope itemtype=\"http:\/\/schema.org\/Rating\"><meta itemprop=\"worstRating\" content = \"0\" \/><meta itemprop=\"bestRating\" content=\"5\" \/><meta itemprop=\"ratingValue\" content=\"4\"><\/div>\n<p><strong>Scor general: 4\/5<\/strong><br \/>\n<strong>Data revizuirii:<\/strong> <span itemprop=\"datePublished\" content=\"2016-09-23\">23\/09\/16<\/span>\n<\/div>\n<p>Citi\u021bi mai multe despre <a href=\"https:\/\/moverdb.com\/ro\/mutari-internationale\/\">companii de mut\u0103ri<\/a> \u0219i a noastr\u0103 <a href=\"https:\/\/moverdb.com\/ro\/comentarii\/\">procesul de revizuire<\/a>.<\/p>\n<p><strong>Site web:<\/strong> <a href=\"http:\/\/www.imoveintl.com\/\" target=\"_blank\" rel=\"noopener\">http:\/\/www.imoveintl.com\/<\/a><\/p>","protected":false},"excerpt":{"rendered":"<p>IMove International is based in Surrey. It offers its customers a range of services to assist with their move abroad. These are listed below, together with a company profile and reviews. International Removals Personal move coordinator Door to door Door to port Air, sea or road Company relocations Motor vehicles Full packing service Self-packing Fragile [&hellip;]<\/p>\n","protected":false},"author":1,"featured_media":0,"parent":0,"menu_order":0,"comment_status":"closed","ping_status":"closed","template":"","meta":{"_genesis_hide_title":false,"_genesis_hide_breadcrumbs":false,"_genesis_hide_singular_image":false,"_genesis_hide_footer_widgets":false,"_genesis_custom_body_class":"","_genesis_custom_post_class":"","_genesis_layout":"","footnotes":""},"class_list":{"0":"post-927","1":"page","2":"type-page","3":"status-publish","5":"entry"},"_links":{"self":[{"href":"https:\/\/moverdb.com\/ro\/wp-json\/wp\/v2\/pages\/927","targetHints":{"allow":["GET"]}}],"collection":[{"href":"https:\/\/moverdb.com\/ro\/wp-json\/wp\/v2\/pages"}],"about":[{"href":"https:\/\/moverdb.com\/ro\/wp-json\/wp\/v2\/types\/page"}],"author":[{"embeddable":true,"href":"https:\/\/moverdb.com\/ro\/wp-json\/wp\/v2\/users\/1"}],"replies":[{"embeddable":true,"href":"https:\/\/moverdb.com\/ro\/wp-json\/wp\/v2\/comments?post=927"}],"version-history":[{"count":6,"href":"https:\/\/moverdb.com\/ro\/wp-json\/wp\/v2\/pages\/927\/revisions"}],"predecessor-version":[{"id":13160,"href":"https:\/\/moverdb.com\/ro\/wp-json\/wp\/v2\/pages\/927\/revisions\/13160"}],"wp:attachment":[{"href":"https:\/\/moverdb.com\/ro\/wp-json\/wp\/v2\/media?parent=927"}],"curies":[{"name":"wp","href":"https:\/\/api.w.org\/{rel}","templated":true}]}}