{"id":926,"date":"2017-07-04T15:15:07","date_gmt":"2017-07-04T15:15:07","guid":{"rendered":"http:\/\/moverdb.com\/?page_id=926"},"modified":"2026-01-08T14:47:30","modified_gmt":"2026-01-08T14:47:30","slug":"american-red-ball-transit","status":"publish","type":"page","link":"https:\/\/moverdb.com\/ro\/american-red-ball-transit\/","title":{"rendered":"American Red Ball Transit: Recenzii despre mut\u0103rile interna\u021bionale"},"content":{"rendered":"<p>American Red Ball Transit ofer\u0103 clien\u021bilor s\u0103i numeroase servicii interne \u00een cadrul <a href=\"https:\/\/moverdb.com\/ro\/moving-to-the-united-states\/\" data-internallinksmanager029f6b8e52c=\"94\" title=\"V\u0103 muta\u021bi \u00een Statele Unite? 2026 Costurile vie\u021bii \u0219i sfaturi de relocare\">SUA<\/a>, acestea sunt enumerate mai jos, \u00eempreun\u0103 cu un profil al companiei \u0219i recenzii.<\/p>\n<p><strong>Relocare corporativ\u0103<\/strong><\/p>\n<ul>\n<li> Plan personalizat de relocare<\/li>\n<li> Asisten\u021b\u0103 pentru mutarea personalului \u0219i a birourilor<\/li>\n<li> Serviciu complet de ambalare<\/li>\n<li> Demontarea \u0219i remontarea mobilierului<\/li>\n<li> IT \u00een mi\u0219care<\/li>\n<li> Serviciul de despachetare<\/li>\n<li> Depozitare pe termen lung \u0219i scurt<\/li>\n<\/ul>\n<p><strong>Muta\u021bii interne<\/strong><\/p>\n<ul>\n<li> Calendar interactiv \u00een mi\u0219care<\/li>\n<li> Din u\u0219\u0103 \u00een u\u0219\u0103<\/li>\n<li> Serviciu complet de ambalare, articole fragile sau de tip \"f\u0103-o singur<\/li>\n<li> Demontarea \u0219i remontarea mobilierului.<\/li>\n<li> Asigurare disponibil\u0103<\/li>\n<li> Serviciul de despachetare oferit<\/li>\n<li> Depozitare pe termen lung \u0219i scurt disponibil\u0103<\/li>\n<\/ul>\n<h2>Profilul companiei American Red Ball Transit<\/h2>\n<p>American Red Ball Transit, fondat\u0103 \u00een 1919, este cea mai veche companie de tranzit interstatal\u0103. <a href=\"https:\/\/moverdb.com\/ro\/international-removals\/\" data-internallinksmanager029f6b8e52c=\"27\" title=\"36 Cele mai bune companii de mut\u0103ri interna\u021bionale din Marea Britanie\">companie de mutare<\/a> \u00een SUA \u0219i are sediul \u00een Indianapolis. Compania este renumit\u0103 pentru expertiza sa \u00een mut\u0103ri militare \u0219i a efectuat numeroase mut\u0103ri \u00eenc\u0103 din timpul celui de-al Doilea R\u0103zboi Mondial. \u00cen 1996, American Red Ball Transit a fost v\u00e2ndut\u0103 c\u0103tre <a href=\"https:\/\/moverdb.com\/ro\/atlas-van-lines-international\/\">Grupul Atlas World<\/a>. Acest grup relocheaz\u0103 peste 13.000 de familii de militari pe an.<\/p>\n<p>\u00cen 2001, American Red Ball Transit, care este filiala na\u021bional\u0103 a American Red Ball International, a fost v\u00e2ndut\u0103 conducerii acesteia. American Red Ball International continu\u0103 s\u0103 se ocupe de partea interna\u021bional\u0103 a afacerii.<\/p>\n<p>American Red Ball Transit are urm\u0103toarele afilieri \u0219i acredit\u0103ri:<\/p>\n<ul>\n<li> Biroul pentru afaceri mai bune (BBB)<\/li>\n<li> <a href=\"https:\/\/moverdb.com\/ro\/amsa\/\">Asocia\u021bia american\u0103 de mutare \u0219i depozitare<\/a> (<a href=\"https:\/\/moverdb.com\/ro\/amsa\/\" data-internallinksmanager029f6b8e52c=\"5\" title=\"Asocia\u021bia American\u0103 de Mutare \u0219i Depozitare (AMSA) Explicat\">AMSA<\/a>)<\/li>\n<li> <a href=\"https:\/\/moverdb.com\/ro\/janta-promovare\/\">ProMover<\/a><\/li>\n<\/ul>\n<h2>Recenzii ale Companiei American Red Ball Transit<\/h2>\n<p><strong>Pozitiv:<\/strong><\/p>\n<ul>\n<li> <em>\"American Red Ball este unul dintre cei mai buni parteneri ai no\u0219tri, o organiza\u021bie de calitate cu persoane de calitate. Foarte recomandat.\"<\/em> - John via <a href=\"https:\/\/www.yelp.co.uk\/biz\/american-red-ball-transit-company-indianapolis?hrid=mQPsd2n9lj4MbWXdnRerwA&#038;utm_campaign=www_review_share_popup&#038;utm_medium=copy_link&#038;utm_source=(direct)\" target=\"_blank\" rel=\"noopener\">Yelp<\/a><\/li>\n<\/ul>\n<p><strong>Negativ:<\/strong><\/p>\n<ul>\n<li> <em>\"Am avut o experien\u021b\u0103 absolut oribil\u0103 cu aceast\u0103 companie.\"<\/em> - R.R. prin intermediul <a href=\"https:\/\/www.bbb.org\/indy\/business-reviews\/movers\/american-red-ball-transit-company-inc-in-indianapolis-in-753\/reviews-and-complaints?section=reviews&#038;reviewtype=negative\" target=\"_blank\" rel=\"noopener\">BBB.org<\/a><\/li>\n<\/ul>\n<div itemprop=\"review\" itemscope itemtype=\"http:\/\/schema.org\/Review\">\n<span itemprop=\"author\" itemscope=\"\" itemtype=\"http:\/\/schema.org\/Organization\"><span itemprop=\"name\">MoverDB.com<\/span><\/span> Revizuirea online a site-ului pentru <span itemprop=\"itemreviewed\" itemscope=\"\" itemtype=\"http:\/\/schema.org\/Brand\"><span itemprop=\"name\">American Red Ball Transit<\/span><\/span>:<\/p>\n<ol>\n<li> Detalii de contact clare pe site-ul web (inclusiv num\u0103rul de telefon): <strong>Da<\/strong><\/li>\n<li> U\u0219or de ob\u021binut <a href=\"https:\/\/moverdb.com\/ro\/citate\/\">citate interna\u021bionale \u00een mi\u0219care<\/a>? (Formular de solicitare a unui deviz online): <strong>Da<\/strong><\/li>\n<li> Informa\u021bii clare pe site-ul web: <strong>Limitat\u0103,<\/strong> Site-ul de internet v\u0103 spune foarte pu\u021bine lucruri.<\/li>\n<li> Apartenen\u021ba la organiza\u021bii interna\u021bionale recunoscute \u00een domeniul mut\u0103rii: <strong>Da<\/strong><\/li>\n<li> Lista de clien\u021bi \u0219i\/sau m\u0103rturii ale clien\u021bilor anteriori: <strong>Nu<\/strong>, iar recenziile online sunt mixte.<\/li>\n<\/ol>\n<div itemprop=\"reviewRating\" itemscope itemtype=\"http:\/\/schema.org\/Rating\"><meta itemprop=\"worstRating\" content = \"0\" \/><meta itemprop=\"bestRating\" content=\"5\" \/><meta itemprop=\"ratingValue\" content=\"3\"><\/div>\n<p><strong>Scor general: 3\/5<\/strong><br \/>\n<strong>Data revizuirii:<\/strong> <span itemprop=\"datePublished\" content=\"2017-07-04\">04\/07\/2016<\/span>\n<\/div>\n<p>Citi\u021bi mai multe despre <a href=\"https:\/\/moverdb.com\/ro\/moving-companies\/\">companii interna\u021bionale de mutare<\/a>, <a href=\"https:\/\/moverdb.com\/ro\/us-canada-movers\/\">Transportatorii na\u021bionali din SUA<\/a> \u0219i afla\u021bi mai multe despre <a href=\"https:\/\/moverdb.com\/ro\/comentarii\/\">procesul de revizuire<\/a>.<\/p>\n<p><strong>Site web:<\/strong> <a href=\"http:\/\/www.redball.com\/\" target=\"_blank\" rel=\"noopener\">http:\/\/www.redball.com\/<\/a><\/p>","protected":false},"excerpt":{"rendered":"<p>American Red Ball Transit offers its customers many domestic services within the US, these are listed below, together with a company profile and reviews. Corporate Relocation Personalised relocation plan Assistance with personnel and office moves Full packing service Disassembly and reassembly of furniture IT moving Unpacking service Long and short term storage Domestic Moves Interactive [&hellip;]<\/p>\n","protected":false},"author":1,"featured_media":0,"parent":0,"menu_order":0,"comment_status":"closed","ping_status":"closed","template":"","meta":{"_genesis_hide_title":false,"_genesis_hide_breadcrumbs":false,"_genesis_hide_singular_image":false,"_genesis_hide_footer_widgets":false,"_genesis_custom_body_class":"","_genesis_custom_post_class":"","_genesis_layout":"","footnotes":""},"class_list":{"0":"post-926","1":"page","2":"type-page","3":"status-publish","5":"entry"},"_links":{"self":[{"href":"https:\/\/moverdb.com\/ro\/wp-json\/wp\/v2\/pages\/926","targetHints":{"allow":["GET"]}}],"collection":[{"href":"https:\/\/moverdb.com\/ro\/wp-json\/wp\/v2\/pages"}],"about":[{"href":"https:\/\/moverdb.com\/ro\/wp-json\/wp\/v2\/types\/page"}],"author":[{"embeddable":true,"href":"https:\/\/moverdb.com\/ro\/wp-json\/wp\/v2\/users\/1"}],"replies":[{"embeddable":true,"href":"https:\/\/moverdb.com\/ro\/wp-json\/wp\/v2\/comments?post=926"}],"version-history":[{"count":4,"href":"https:\/\/moverdb.com\/ro\/wp-json\/wp\/v2\/pages\/926\/revisions"}],"predecessor-version":[{"id":6171,"href":"https:\/\/moverdb.com\/ro\/wp-json\/wp\/v2\/pages\/926\/revisions\/6171"}],"wp:attachment":[{"href":"https:\/\/moverdb.com\/ro\/wp-json\/wp\/v2\/media?parent=926"}],"curies":[{"name":"wp","href":"https:\/\/api.w.org\/{rel}","templated":true}]}}