{"id":925,"date":"2016-09-27T05:35:52","date_gmt":"2016-09-27T05:35:52","guid":{"rendered":"http:\/\/moverdb.com\/?page_id=925"},"modified":"2026-01-08T14:40:05","modified_gmt":"2026-01-08T14:40:05","slug":"lopa-removals","status":"publish","type":"page","link":"https:\/\/moverdb.com\/ro\/lopa-removals\/","title":{"rendered":"Lopa Removals: Recenzii mut\u0103ri interna\u021bionale"},"content":{"rendered":"<p>Lopa Removals are sediul \u00een Romford \u0219i ofer\u0103 clien\u021bilor s\u0103i o serie de servicii care sunt enumerate mai jos, \u00eempreun\u0103 cu un profil al companiei \u0219i recenzii.<\/p>\n<p><strong>Mi\u0219c\u0103ri europene \u0219i interna\u021bionale<\/strong><\/p>\n<ul>\n<li> Manager de mutare dedicat<\/li>\n<li> Mutarea complet\u0103 a casei se finalizeaz\u0103 \u00een 2-5 zile<\/li>\n<li> Asigurare aranjat\u0103<\/li>\n<li> Urm\u0103rirea vehiculelor prin GPS<\/li>\n<li> Ambalare complet\u0103, ambalare fragil\u0103 sau face\u021bi-o singur<\/li>\n<li> Cutii \u0219i materiale de ambalare gratuite<\/li>\n<li> Garan\u021bie f\u0103r\u0103 daune<\/li>\n<li> Crating<\/li>\n<li> Ascensoare externe pentru obiecte precum pianele<\/li>\n<li> \u00cenc\u0103rc\u0103ri par\u021biale \u0219i \u00eenc\u0103rc\u0103ri complete<\/li>\n<li> Serviciul de despachetare<\/li>\n<li> Depozitare pe termen scurt \u0219i lung<\/li>\n<\/ul>\n<p><strong>Depozitare<\/strong><\/p>\n<ul>\n<li> Pe termen scurt \u0219i lung<\/li>\n<li> Securizat \u0219i \u00eenchis<\/li>\n<li> Asigurat<\/li>\n<li> Stivuit profesional<\/li>\n<li> Apartenen\u021ba protejat\u0103 \u00een mod corespunz\u0103tor \u00eempotriva deterior\u0103rii \u0219i a murd\u0103riei<\/li>\n<\/ul>\n<p><strong>Mi\u0219c\u0103ri de specialitate<\/strong><\/p>\n<ul>\n<li> Galerii de art\u0103<\/li>\n<li> Expozi\u021bii<\/li>\n<\/ul>\n<h2>Profilul companiei Lopa Removals<\/h2>\n<p>Lopa Removals este specializat\u0103 \u00een mut\u0103ri interna\u021bionale \u0219i \u00een special \u00een cele din Europa. Compania are sediul \u00een Romford. Aceasta este o companie t\u00e2n\u0103r\u0103 al c\u0103rei principal obiectiv este \u00eembun\u0103t\u0103\u021birea mut\u0103rilor existente \u00eentre \u021b\u0103rile europene. <\/p>\n<p>Are o list\u0103 lung\u0103 de clien\u021bi mul\u021bumi\u021bi. Lopa Removals ofer\u0103 un nivel ridicat de servicii pentru clien\u021bi at\u00e2t \u00eenainte, c\u00e2t \u0219i \u00een timpul \u0219i dup\u0103 mutare. Datorit\u0103 feedback-ului pozitiv al clien\u021bilor, \u00een prezent se concentreaz\u0103 pe mut\u0103ri \u00eentre <a href=\"https:\/\/moverdb.com\/ro\/moving-to-london\/\">Londra<\/a>, <a href=\"https:\/\/moverdb.com\/ro\/moving-to-france\/moving-to-paris\/\" data-internallinksmanager029f6b8e52c=\"407\" title=\"V\u0103 muta\u021bi la Paris? 2026 Costurile vie\u021bii \u0219i sfaturi de relocare\">Paris<\/a> \u0219i Bruxelles \u0219i f\u0103c\u00e2nd ca aceste mi\u0219c\u0103ri s\u0103 fie cele mai bune de pe pia\u021b\u0103.<\/p>\n<p>Lopa Removals are urm\u0103toarele acredit\u0103ri \u0219i afilieri:<\/p>\n<ul>\n<li> Standardul de calitate ISO 9001<\/li>\n<li> <a href=\"https:\/\/moverdb.com\/ro\/asociatia-britanica-a-demolatorilor\/\">Asocia\u021bia Britanic\u0103 a Transportatorilor<\/a> (<a href=\"https:\/\/moverdb.com\/ro\/british-association-of-removers\/\" data-internallinksmanager029f6b8e52c=\"9\" title=\"Asocia\u021bia Britanic\u0103 a Transportatorilor (BAR) Explica\u021bii\">BAR<\/a>)<\/li>\n<\/ul>\n<h2>Opinii despre Lopa Removals<\/h2>\n<p><strong>Pozitiv:<\/strong><\/p>\n<ul>\n<li> \"Lopa removals a oferit un serviciu foarte bun \u0219i a f\u0103cut ca mutarea noastr\u0103 din Londra la Paris s\u0103 fie u\u0219oar\u0103 \u0219i f\u0103r\u0103 stres.\" - S. Gerber via <a href=\"https:\/\/uk.trustpilot.com\/reviews\/57b199dc0000ff00097bf54d\" target=\"_blank\" rel=\"noopener\">Trustpilot<\/a><\/li>\n<\/ul>\n<p><strong>Negativ:<\/strong><\/p>\n<ul>\n<li> \"<em>M-am mutat de la <a href=\"https:\/\/moverdb.com\/ro\/moving-to-belgium\/\" data-internallinksmanager029f6b8e52c=\"323\" title=\"V\u0103 muta\u021bi \u00een Belgia? 2026 Costuri de trai \u0219i sfaturi de relocare\">Belgia<\/a> \u0219i a fost \u00eenc\u00e2ntat s\u0103 g\u0103seasc\u0103 ace\u0219ti b\u0103ie\u021bi, la pre\u021buri rezonabile, recenzii foarte bune pe aici \u0219i a anun\u021bat ca fiind de familie \u0219i foarte \u00een\u021beleg\u0103toare. Ar fi trebuit s\u0103 \u0219tiu mai bine.\"<\/em> Andrei via <a href=\"https:\/\/uk.trustpilot.com\/reviews\/53ce415d0000640002999120\" target=\"_blank\" rel=\"noopener\">Trustpilot<\/a> <\/li>\n<\/ul>\n<div itemprop=\"review\" itemscope itemtype=\"http:\/\/schema.org\/Review\">\n<span itemprop=\"author\" itemscope=\"\" itemtype=\"http:\/\/schema.org\/Organization\"><span itemprop=\"name\">MoverDB.com<\/span><\/span> Revizuirea online a site-ului pentru <span itemprop=\"itemreviewed\" itemscope=\"\" itemtype=\"http:\/\/schema.org\/Brand\"><span itemprop=\"name\">Lopa Mut\u0103ri<\/span><\/span>:<\/p>\n<ol>\n<li> Detalii de contact clare pe site-ul web (inclusiv num\u0103rul de telefon): <strong>Da<\/strong><\/li>\n<li> U\u0219or de ob\u021binut <a href=\"https:\/\/moverdb.com\/ro\/citate\/\">mut\u0103ri citate<\/a>? (Formular de solicitare a unui deviz online): <strong>Da<\/strong><\/li>\n<li> Informa\u021bii clare pe site-ul web: <strong>Unii,<\/strong> dar, \u00een general, site-ul con\u021bine relativ pu\u021bine informa\u021bii<\/li>\n<li> Apartenen\u021ba la organiza\u021bii interna\u021bionale recunoscute \u00een domeniul mut\u0103rii: <strong>Da<\/strong><\/li>\n<li> Lista de clien\u021bi \u0219i\/sau m\u0103rturii ale clien\u021bilor anteriori: <strong>Par\u021bial\u0103,<\/strong> de\u0219i nu sunt g\u0103zduite pe site, au un rating pozitiv pe Trustpilot.<\/li>\n<\/ol>\n<div itemprop=\"reviewRating\" itemscope itemtype=\"http:\/\/schema.org\/Rating\"><meta itemprop=\"worstRating\" content = \"0\" \/><meta itemprop=\"bestRating\" content=\"5\" \/><meta itemprop=\"ratingValue\" content=\"4\"><\/div>\n<p><strong>Scor general: 4\/5<\/strong><br \/>\n<strong>Data revizuirii:<\/strong> <span itemprop=\"datePublished\" content=\"2016-09-27\">27\/08\/16<\/span>\n<\/div>\n<p>Citi\u021bi mai multe despre <a href=\"https:\/\/moverdb.com\/ro\/mutari-internationale\/\">mut\u0103ri interna\u021bionale<\/a> \u0219i a noastr\u0103 <a href=\"https:\/\/moverdb.com\/ro\/comentarii\/\">procesul de revizuire<\/a>.<\/p>\n<p><strong>Site web:<\/strong> <a href=\"http:\/\/new.loparemovals.com\/\" target=\"_blank\" rel=\"noopener\">http:\/\/new.loparemovals.com\/<\/a><\/p>","protected":false},"excerpt":{"rendered":"<p>Lopa Removals is based in Romford and offers its customers a range of services which are listed below, together with a company profile and reviews. European and International Moves Dedicated move manager Full house moves complete in 2-5 days Insurance arranged GPS vehicle tracking Full packing, fragile packing or do it yourself Free boxes and [&hellip;]<\/p>\n","protected":false},"author":1,"featured_media":0,"parent":0,"menu_order":0,"comment_status":"closed","ping_status":"closed","template":"","meta":{"_genesis_hide_title":false,"_genesis_hide_breadcrumbs":false,"_genesis_hide_singular_image":false,"_genesis_hide_footer_widgets":false,"_genesis_custom_body_class":"","_genesis_custom_post_class":"","_genesis_layout":"","footnotes":""},"class_list":{"0":"post-925","1":"page","2":"type-page","3":"status-publish","5":"entry"},"_links":{"self":[{"href":"https:\/\/moverdb.com\/ro\/wp-json\/wp\/v2\/pages\/925","targetHints":{"allow":["GET"]}}],"collection":[{"href":"https:\/\/moverdb.com\/ro\/wp-json\/wp\/v2\/pages"}],"about":[{"href":"https:\/\/moverdb.com\/ro\/wp-json\/wp\/v2\/types\/page"}],"author":[{"embeddable":true,"href":"https:\/\/moverdb.com\/ro\/wp-json\/wp\/v2\/users\/1"}],"replies":[{"embeddable":true,"href":"https:\/\/moverdb.com\/ro\/wp-json\/wp\/v2\/comments?post=925"}],"version-history":[{"count":7,"href":"https:\/\/moverdb.com\/ro\/wp-json\/wp\/v2\/pages\/925\/revisions"}],"predecessor-version":[{"id":13171,"href":"https:\/\/moverdb.com\/ro\/wp-json\/wp\/v2\/pages\/925\/revisions\/13171"}],"wp:attachment":[{"href":"https:\/\/moverdb.com\/ro\/wp-json\/wp\/v2\/media?parent=925"}],"curies":[{"name":"wp","href":"https:\/\/api.w.org\/{rel}","templated":true}]}}