{"id":924,"date":"2016-09-03T21:30:31","date_gmt":"2016-09-03T21:30:31","guid":{"rendered":"http:\/\/moverdb.com\/?page_id=924"},"modified":"2026-01-08T14:48:13","modified_gmt":"2026-01-08T14:48:13","slug":"eagle-relocari","status":"publish","type":"page","link":"https:\/\/moverdb.com\/ro\/eagle-relocations\/","title":{"rendered":"Eagle Relocations: Recenzii despre mut\u0103ri \u0219i mut\u0103ri interna\u021bionale"},"content":{"rendered":"<p>Eagle Relocations este o <a href=\"https:\/\/moverdb.com\/ro\/international-removals\/\" data-internallinksmanager029f6b8e52c=\"27\" title=\"36 Cele mai bune companii de mut\u0103ri interna\u021bionale din Marea Britanie\">companie de mut\u0103ri<\/a> cu sediul \u00een Watford, <a href=\"https:\/\/moverdb.com\/ro\/moving-to-the-uk\/\" data-internallinksmanager029f6b8e52c=\"93\" title=\"V\u0103 muta\u021bi \u00een Regatul Unit? 2026 Costurile vie\u021bii \u0219i sfaturi de relocare\">MAREA BRITANIE<\/a>. Ofer\u0103 clien\u021bilor s\u0103i o gam\u0103 de servicii de mutare care sunt enumerate mai jos, \u00eempreun\u0103 cu un profil al companiei \u0219i recenzii.<\/p>\n<p><strong>Muta\u021bii interna\u021bionale<\/strong><\/p>\n<ul>\n<li> Serviciu din u\u0219\u0103 \u00een u\u0219\u0103<\/li>\n<li> Serviciu de la u\u0219\u0103 la bordur\u0103<\/li>\n<li> U\u0219a c\u0103tre <a href=\"https:\/\/moverdb.com\/ro\/top-49-container-ports\/\" data-internallinksmanager029f6b8e52c=\"80\" title=\"Top 49 cele mai mari \u0219i mai aglomerate porturi de containere \u00een 2026\">port<\/a> serviciu<\/li>\n<li> Serviciu complet de ambalare<\/li>\n<li> Serviciu de ambalare fragil\u0103 sau par\u021bial\u0103<\/li>\n<li> Serviciu ambalat de proprietar<\/li>\n<li> Demontarea \u0219i remontarea mobilierului<\/li>\n<li> Materiale de ambalare furnizate<\/li>\n<li> Tranzit rutier, aerian \u0219i maritim<\/li>\n<li> V\u0103muire<\/li>\n<li> \u00cendep\u0103rtarea molozului<\/li>\n<li> Serviciu de concierge<\/li>\n<li> Serviciul de menajer\u0103<\/li>\n<\/ul>\n<p><strong>Mut\u0103ri corporative<\/strong><\/p>\n<ul>\n<li> Manager personal de mutare corporativ\u0103<\/li>\n<li> Studiul spa\u021biilor existente \u0219i noi<\/li>\n<li> Demontarea \u0219i remontarea mobilierului<\/li>\n<li> Speciali\u0219ti IT pentru mutarea calculatoarelor<\/li>\n<li> L\u0103zi de mutare concepute pentru birouri<\/li>\n<li> L\u0103zi etichetate<\/li>\n<li> Managerul de mutare se afl\u0103 \u00een permanen\u021b\u0103 la fa\u021ba locului \u00een timpul mut\u0103rii<\/li>\n<li> Asigurare aranjat\u0103<\/li>\n<\/ul>\n<p><strong>Marea Britanie Home Removals<\/strong><\/p>\n<ul>\n<li> Asigurarea leg\u0103turii cu administratorul mut\u0103rii<\/li>\n<li> Sondaj \u00eenainte de mutare<\/li>\n<li> Coordonator de mutare dedicat<\/li>\n<li> Din u\u0219\u0103 \u00een u\u0219\u0103<\/li>\n<li> Ambalare complet\u0103, ambalare par\u021bial\u0103 sau face\u021bi-o singur<\/li>\n<li> Demontarea \u0219i remontarea mobilierului<\/li>\n<li> Asigurare aranjat\u0103<\/li>\n<li> \u00cendep\u0103rtarea molozului<\/li>\n<\/ul>\n<h2>Profilul companiei Eagle Relocations<\/h2>\n<p>Eagle Relocations a fost \u00eenfiin\u021bat\u0103 ca o afacere de familie \u00een 1967 \u0219i era cunoscut\u0103 atunci sub numele de Eagle Shipping. \u00cen 2002, a devenit o societate cu r\u0103spundere limitat\u0103 \u0219i \u0219i-a schimbat numele \u00een Eagle Relocations. Aceasta ofer\u0103 clien\u021bilor s\u0103i servicii complete de mutare la nivel local, na\u021bional \u0219i interna\u021bional.<\/p>\n<p>Eagle Relocations a mutat peste 3.500 de persoane \u00een 2015. Ace\u0219tia ofer\u0103 o varietate de pachete pentru a se potrivi nevoilor \u0219i buzunarelor oamenilor. Ei cred \u00een servicii solide pentru clien\u021bi \u0219i \u00een angajament.<\/p>\n<p>Eagle Relocations are urm\u0103toarele acredit\u0103ri \u0219i afilieri:<\/p>\n<ul>\n<li> <a href=\"https:\/\/moverdb.com\/ro\/asociatia-britanica-a-demolatorilor\/\">Asocia\u021bia Britanic\u0103 a Transportatorilor<\/a> (<a href=\"https:\/\/moverdb.com\/ro\/british-association-of-removers\/\" data-internallinksmanager029f6b8e52c=\"9\" title=\"Asocia\u021bia Britanic\u0103 a Transportatorilor (BAR) Explica\u021bii\">BAR<\/a>)<\/li>\n<li> <a href=\"https:\/\/moverdb.com\/ro\/fedemac\/\">Federa\u021bia Asocia\u021biei Europene a Transportatorilor<\/a> (<a href=\"https:\/\/moverdb.com\/ro\/fedemac\/\" data-internallinksmanager029f6b8e52c=\"15\" title=\"Federa\u021bia Asocia\u021biei Europene a Transportatorilor (FEDEMAC) Explica\u021bii\">FEDEMAC<\/a>)<\/li>\n<li> <a href=\"https:\/\/moverdb.com\/ro\/sunt\/\">Asocia\u021bia Interna\u021bional\u0103 a Transportatorilor<\/a> (<a href=\"https:\/\/moverdb.com\/ro\/iam\/\" data-internallinksmanager029f6b8e52c=\"23\" title=\"Explica\u021bii despre Asocia\u021bia Interna\u021bional\u0103 a Transportatorilor (IAM)\">IAM<\/a>)<\/li>\n<li> <a href=\"https:\/\/moverdb.com\/ro\/hgfaa\/\">Asocia\u021bia expeditorilor de bunuri de uz casnic din America<\/a><\/li>\n<li> Asocia\u021bia britanic\u0103 de transport interna\u021bional de m\u0103rfuri (BIFA)<\/li>\n<li> <a href=\"https:\/\/moverdb.com\/ro\/bar-overseas\/\">Asocia\u021bia Britanic\u0103 a Transportatorilor (BAR) Overseas<\/a><\/li>\n<\/ul>\n<h2>Recenzii Eagle Relocations<\/h2>\n<p><strong>Pozitiv:<\/strong><\/p>\n<ul>\n<li> <em>B\u0103ie\u021bii au fost grozavi... Super utili, eficien\u021bi, profesioni\u0219ti \u0219i to\u021bi cu z\u00e2mbete mari pe fa\u021b\u0103...<\/em> - Ross via <a href=\"http:\/\/www.eaglerelocations.com\/testimonials\/\" target=\"_blank\" rel=\"noopener\">pagina de m\u0103rturii ale clien\u021bilor<\/a><\/li>\n<li> <em>\"Au fost demni de \u00eencredere, profesioni\u0219ti, joviali, harnici \u0219i aten\u021bi \u0219i au f\u0103cut ca o perioad\u0103 extrem de stresant\u0103 s\u0103 fie una u\u0219oar\u0103. Ofer\u0103 un raport calitate-pre\u021b excelent \u0219i m\u0103 bucur c\u0103 nu am ales o companie care mi-a oferit prin e-mail un cost de relocare \"prea bun pentru a fi adev\u0103rat\", f\u0103r\u0103 ca m\u0103car s\u0103 ne fi vizitat casa. Dup\u0103 p\u0103rerea mea, sunt lideri de pia\u021b\u0103 \u0219i voi fi ve\u0219nic recunosc\u0103toare companiei Eagle Relocations.\"<\/em> - Karen via <a href=\"https:\/\/www.trustpilot.com\/reviews\/56fe57450000ff00094ba791\" target=\"_blank\" rel=\"noopener\">TrustPilot<\/a> <\/li>\n<li> <em>\"Tocmai am apelat la Eagle Relocations \u00een 3 ocazii diferite. M-am mutat de la Hendon la Borhamwood, de la Borhamwood la Storage \u0219i apoi la Bali. De fiecare dat\u0103 mi s-a p\u0103rut c\u0103 au fost extrem de profesioni\u0219ti.\"<\/em> - Pankesh P via <a href=\"https:\/\/www.yell.com\/reviews\/user\/PankeshP\" target=\"_blank\" rel=\"noopener\">Url\u0103<\/a><\/li>\n<\/ul>\n<p><strong>Negativ:<\/strong><\/p>\n<ul>\n<li> <em>\"Nu folosi\u021bi aceast\u0103 companie, au pierdut toate bunurile mele materiale.\"<\/em> - Adrienne via <a href=\"https:\/\/www.trustpilot.com\/reviews\/587ecbbc0dc2f609f06be069\" target=\"_blank\" rel=\"noopener\">Trustpilot<\/a><\/li>\n<\/ul>\n<div itemprop=\"review\" itemscope itemtype=\"http:\/\/schema.org\/Review\">\n<span itemprop=\"author\" itemscope=\"\" itemtype=\"http:\/\/schema.org\/Organization\"><span itemprop=\"name\">MoverDB.com<\/span><\/span> Revizuirea online a site-ului pentru <span itemprop=\"itemreviewed\" itemscope=\"\" itemtype=\"http:\/\/schema.org\/Brand\"><span itemprop=\"name\">Eagle Reloc\u0103ri<\/span><\/span>:<\/p>\n<ol>\n<li> Detalii de contact clare pe site-ul web (inclusiv num\u0103rul de telefon): <strong>Da<\/strong><\/li>\n<li> U\u0219or de ob\u021binut <a href=\"https:\/\/moverdb.com\/ro\/citate\/\">citate de mut\u0103ri interna\u021bionale<\/a>? (Formular de solicitare a unui deviz online): <strong>Da<\/strong><\/li>\n<li> Informa\u021bii clare pe site-ul web: <strong>Da,<\/strong> include ghiduri de \u021bar\u0103 \u0219i un blog cu informa\u021bii utile despre mutarea \u00een str\u0103in\u0103tate.<\/li>\n<li> Apartenen\u021ba la organiza\u021bii interna\u021bionale recunoscute \u00een domeniul mut\u0103rii: <strong>Da<\/strong>, a se vedea mai sus.<\/li>\n<li> Lista de clien\u021bi \u0219i\/sau m\u0103rturii ale clien\u021bilor anteriori: <strong>Unii,<\/strong> Exist\u0103 teste ale clien\u021bilor pe site-ul web, dar multe dintre ele sunt oarecum similare \u0219i exist\u0103 pu\u021bine recenzii \u00een alt\u0103 parte pe internet. Cu toate acestea, recenziile care sunt disponibile sunt \u00een mare parte pozitive.<\/li>\n<\/ol>\n<div itemprop=\"reviewRating\" itemscope itemtype=\"http:\/\/schema.org\/Rating\"><meta itemprop=\"worstRating\" content = \"0\" \/><meta itemprop=\"bestRating\" content=\"5\" \/><meta itemprop=\"ratingValue\" content=\"4.5\"><\/div>\n<p><strong>Scor general: 4.5\/5<\/strong><br \/>\n<strong>Data revizuirii:<\/strong> <span itemprop=\"datePublished\" content=\"2016-09-03\">03\/09\/2016<\/span>\n<\/div>\n<p>Afla\u021bi mai multe despre mai multe despre <a href=\"https:\/\/moverdb.com\/ro\/mutari-internationale\/\">mut\u0103ri interna\u021bionale<\/a> \u0219i a noastr\u0103 <a href=\"https:\/\/moverdb.com\/ro\/comentarii\/\">procesul de revizuire<\/a>.<\/p>\n<p><strong>Site web:<\/strong> <a href=\"http:\/\/www.eaglerelocations.com\" target=\"_blank\" rel=\"noopener\">http:\/\/www.eaglerelocations.com<\/a><\/p>","protected":false},"excerpt":{"rendered":"<p>Eagle Relocations is a removals company based in Watford, UK. It offers its clients a range of removals services which are listed below, together with a company profile and reviews. International Removals Door to door service Door to kerbside service Door to port service Full packing service Fragile or part pack service Owner packed service [&hellip;]<\/p>\n","protected":false},"author":1,"featured_media":0,"parent":0,"menu_order":0,"comment_status":"closed","ping_status":"closed","template":"","meta":{"_genesis_hide_title":false,"_genesis_hide_breadcrumbs":false,"_genesis_hide_singular_image":false,"_genesis_hide_footer_widgets":false,"_genesis_custom_body_class":"","_genesis_custom_post_class":"","_genesis_layout":"","footnotes":""},"class_list":{"0":"post-924","1":"page","2":"type-page","3":"status-publish","5":"entry"},"_links":{"self":[{"href":"https:\/\/moverdb.com\/ro\/wp-json\/wp\/v2\/pages\/924","targetHints":{"allow":["GET"]}}],"collection":[{"href":"https:\/\/moverdb.com\/ro\/wp-json\/wp\/v2\/pages"}],"about":[{"href":"https:\/\/moverdb.com\/ro\/wp-json\/wp\/v2\/types\/page"}],"author":[{"embeddable":true,"href":"https:\/\/moverdb.com\/ro\/wp-json\/wp\/v2\/users\/1"}],"replies":[{"embeddable":true,"href":"https:\/\/moverdb.com\/ro\/wp-json\/wp\/v2\/comments?post=924"}],"version-history":[{"count":6,"href":"https:\/\/moverdb.com\/ro\/wp-json\/wp\/v2\/pages\/924\/revisions"}],"predecessor-version":[{"id":6202,"href":"https:\/\/moverdb.com\/ro\/wp-json\/wp\/v2\/pages\/924\/revisions\/6202"}],"wp:attachment":[{"href":"https:\/\/moverdb.com\/ro\/wp-json\/wp\/v2\/media?parent=924"}],"curies":[{"name":"wp","href":"https:\/\/api.w.org\/{rel}","templated":true}]}}