{"id":923,"date":"2016-08-25T14:59:50","date_gmt":"2016-08-25T14:59:50","guid":{"rendered":"http:\/\/moverdb.com\/?page_id=923"},"modified":"2026-01-08T14:40:15","modified_gmt":"2026-01-08T14:40:15","slug":"movecorp","status":"publish","type":"page","link":"https:\/\/moverdb.com\/ro\/movecorp\/","title":{"rendered":"Movecorp: Recenzii mut\u0103ri \u0219i mut\u0103ri interna\u021bionale"},"content":{"rendered":"<p>Movecorp are sediul \u00een West Midlands \u0219i ofer\u0103 clien\u021bilor s\u0103i diferite <a href=\"https:\/\/moverdb.com\/ro\/international-removals\/\" data-internallinksmanager029f6b8e52c=\"27\" title=\"36 Cele mai bune companii de mut\u0103ri interna\u021bionale din Marea Britanie\">mut\u0103ri interna\u021bionale<\/a> servicii care sunt enumerate mai jos, \u00eempreun\u0103 cu un profil al companiei \u0219i recenzii.<\/p>\n<p><strong>Muta\u021bii interna\u021bionale<\/strong><\/p>\n<ul>\n<li> Coordonator de mutare dedicat<\/li>\n<li> Din u\u0219\u0103 \u00een u\u0219\u0103<\/li>\n<li> Ambalare - servicii complete, articole fragile sau face\u021bi-o singur<\/li>\n<li> Materiale de ambalare furnizate<\/li>\n<li> Asisten\u021b\u0103 cu documentele<\/li>\n<li> Transport maritim cu \u00eenc\u0103rcare par\u021bial\u0103 - container comun<\/li>\n<li> Dedicat <a href=\"https:\/\/moverdb.com\/ro\/transport-maritim-de-containere\/\">transportul maritim interna\u021bional de containere<\/a><\/li>\n<li> Stocare gratuit\u0103 pentru o lun\u0103<\/li>\n<li> Despachetarea<\/li>\n<li> Asigurare aranjat\u0103<\/li>\n<li> Serviciul de relocare a personalului<\/li>\n<\/ul>\n<p><strong>Mut\u0103ri europene<\/strong><\/p>\n<ul>\n<li> Serviciu din u\u0219\u0103 \u00een u\u0219\u0103<\/li>\n<li> Coordonator de mutare dedicat<\/li>\n<li> Servicii complete de ambalare disponibile<\/li>\n<li> Materiale de ambalare furnizate<\/li>\n<li> Asisten\u021b\u0103 cu documentele<\/li>\n<li> Transport maritim cu \u00eenc\u0103rc\u0103tur\u0103 par\u021bial\u0103 (LCL)<\/li>\n<li> Container de transport maritim dedicat<\/li>\n<li> Stocare gratuit\u0103 pentru o lun\u0103<\/li>\n<li> Servicii complete de despachetare disponibile<\/li>\n<li> Asigurare aranjat\u0103<\/li>\n<\/ul>\n<p><strong>Mutarea casei<\/strong><\/p>\n<ul>\n<li> Serviciu din u\u0219\u0103 \u00een u\u0219\u0103<\/li>\n<li> Serviciu complet de \u00eempachetare \u0219i ambalare <\/li>\n<li> Depozitare - prima lun\u0103 gratuit\u0103<\/li>\n<li> Asigurare aranjat\u0103<\/li>\n<li> \u00cenc\u0103rcare par\u021bial\u0103 (LCL)<\/li>\n<li> \u00cenc\u0103rcare complet\u0103 (FCL)<\/li>\n<li> Serviciul de despachetare la livrare<\/li>\n<\/ul>\n<h2>Profilul companiei Movecorp<\/h2>\n<p>Movecorp este un <a href=\"https:\/\/moverdb.com\/ro\/moving-to-the-uk\/\" data-internallinksmanager029f6b8e52c=\"93\" title=\"V\u0103 muta\u021bi \u00een Regatul Unit? 2026 Costurile vie\u021bii \u0219i sfaturi de relocare\">MAREA BRITANIE<\/a> companie de mut\u0103ri care este specializat\u0103 \u00een mut\u0103ri interna\u021bionale \u0219i europene. Sediul s\u0103u central se afl\u0103 \u00een West Midlands, ceea ce plaseaz\u0103 compania \u00eentr-o pozi\u021bie bun\u0103 pentru a deservi \u00eentreaga Marea Britanie. <\/p>\n<p>Movecorp mut\u0103 persoane \u00een Marea Britanie \u00een fiecare zi a s\u0103pt\u0103m\u00e2nii \u0219i efectueaz\u0103 livr\u0103ri s\u0103pt\u0103m\u00e2nale c\u0103tre toate destina\u021biile europene majore.<\/p>\n<p>Movecorp ofer\u0103 un serviciu personalizat pentru to\u021bi clien\u021bii s\u0103i \u0219i \u00eei informeaz\u0103 cu privire la fiecare pas f\u0103cut. Ei se m\u00e2ndresc cu abordarea prietenoas\u0103 \u0219i eficient\u0103 a fiec\u0103rei mut\u0103ri pe care o efectueaz\u0103.<\/p>\n<p>Movecorp are urm\u0103toarele afilieri \u0219i acredit\u0103ri:<\/p>\n<ul>\n<li> <a href=\"https:\/\/moverdb.com\/ro\/sunt\/\">Asocia\u021bia Interna\u021bional\u0103 a Transportatorilor<\/a> (<a href=\"https:\/\/moverdb.com\/ro\/iam\/\" data-internallinksmanager029f6b8e52c=\"23\" title=\"Explica\u021bii despre Asocia\u021bia Interna\u021bional\u0103 a Transportatorilor (IAM)\">IAM<\/a>)<\/li>\n<li> <a href=\"https:\/\/moverdb.com\/ro\/rios\/\">Schema Ombudsmanului din industria de mutare<\/a><\/li>\n<li> <a href=\"https:\/\/moverdb.com\/ro\/fedemac\/\">Federa\u021bia Asocia\u021biei Europene a Transportatorilor<\/a> (<a href=\"https:\/\/moverdb.com\/ro\/fedemac\/\" data-internallinksmanager029f6b8e52c=\"15\" title=\"Federa\u021bia Asocia\u021biei Europene a Transportatorilor (FEDEMAC) Explica\u021bii\">FEDEMAC<\/a>)<\/li>\n<li> <a href=\"https:\/\/moverdb.com\/ro\/asociatia-de-transport-de-marfa\/\">Asocia\u021bia de transport de marf\u0103<\/a> (<a href=\"https:\/\/moverdb.com\/ro\/freight-transport-association\/\" data-internallinksmanager029f6b8e52c=\"18\" title=\"Asocia\u021bia de transport de m\u0103rfuri (FTA) - explica\u021bii\">ALS<\/a>)<\/li>\n<li> <a href=\"https:\/\/moverdb.com\/ro\/mtc\/\">Clubul de tranzac\u021bionare Movers<\/a> (<a href=\"https:\/\/moverdb.com\/ro\/mtc\/\" data-internallinksmanager029f6b8e52c=\"30\" title=\"Explica\u021bii despre Movers Trading Club (MTC)\">MTC<\/a>)<\/li>\n<li> <a href=\"https:\/\/moverdb.com\/ro\/eurovan-movers\/\">Eurovan<\/a><\/li>\n<li> <a href=\"https:\/\/moverdb.com\/ro\/ngrs\/\">Breasla na\u021bional\u0103 a transportatorilor \u0219i depozitarilor<\/a> (<a href=\"https:\/\/moverdb.com\/ro\/ngrs\/\" data-internallinksmanager029f6b8e52c=\"74\" title=\"Explicarea breslei na\u021bionale a transportatorilor \u0219i depozitarilor (NGRS)\">NGRS<\/a>)<\/li>\n<li> Care? Comerciant de \u00eencredere<\/li>\n<li> Standarde de calitate a serviciilor - BS 8564<\/li>\n<li> CHAS<\/li>\n<\/ul>\n<h2>Recenzii MoveCorp<\/h2>\n<p><strong>Pozitiv:<\/strong><\/p>\n<ul>\n<li> <em>\"Recomand Movecorp. Serviciul primit a fost remarcabil \u0219i prietenos.\"<\/em> - Ella Dennett via Movecorp <a href=\"http:\/\/www.movecorp.co.uk\/reviews\/\" target=\"_blank\" rel=\"noopener\">pagina de recenzii \u0219i rapoarte ale clien\u021bilor<\/a>.<\/li>\n<li> <em>\"Foarte eficient, totul a fost ambalat excelent \u0219i a sosit \u00een stare bun\u0103,\"<\/em> - Stan prin <a href=\"https:\/\/www.trustpilot.com\/reviews\/579606ae0000ff00097414e9\" target=\"_blank\" rel=\"noopener\">TrustPilot<\/a> <\/li>\n<li> <em>\"Experien\u021ba noastr\u0103 a fost minunat\u0103. Coordonatorul nostru de mutare, Emma, a fost foarte util\u0103 \u0219i a r\u0103spuns la solicit\u0103rile noastre \u00een timp util. Un mare mul\u021bumesc pentru ajutorul ei!\"<\/em> Andrea via <a href=\"http:\/\/www.removalreviews.co.uk\/movingreviews\/great-service-11241\" target=\"_blank\" rel=\"noopener\">Recenzii de mutare<\/a><\/li>\n<li> <em>\"Site-ul Movecorp a fost u\u0219or de navigat \u0219i am g\u0103sit informa\u021bii utile pentru a m\u0103 ajuta s\u0103 \u00eemi organizez mutarea.\"<\/em> - LisaM1983 via <a href=\"http:\/\/www.reviewcentre.com\/Removal-Companies\/MoveCorp-International-Removals-www-movecorp-co-uk-review_2305958\" target=\"_blank\" rel=\"noopener\">Centrul de recenzii<\/a><\/li>\n<li> <em>\"Echipa de la Movecorp a fost fantastic\u0103 de la \u00eenceput p\u00e2n\u0103 la sf\u00e2r\u0219it.\"<\/em> - prin <a href=\"http:\/\/www.referenceline.com\/removers_removals-in-walsall-movecorpcouk-21956#GOTO178308\" target=\"_blank\" rel=\"noopener\">Linia de referin\u021b\u0103<\/a><\/li>\n<\/ul>\n<p><strong>Negativ:<\/strong><\/p>\n<ul>\n<li> <em>\"Au avut con\u021binutul mut\u0103rii mele timp de mai bine de trei luni \u0219i abia s\u0103pt\u0103m\u00e2na trecut\u0103 a p\u0103r\u0103sit Marea Britanie.\"<\/em> - Chuck via <a href=\"https:\/\/www.trustpilot.com\/reviews\/55f4a26f0000ff000907c3df\" target=\"_blank\" rel=\"noopener\">TrustPilot<\/a><\/li>\n<li> <em>\"De\u0219i am v\u0103zut c\u00e2teva recenzii bune pe internet, experien\u021ba mea a fost, din p\u0103cate, destul de proast\u0103.\"<\/em> - Steven Johnson via <a href=\"http:\/\/www.removalreviews.co.uk\/movingreviews\/use-at-own-risk-11126\" target=\"_blank\" rel=\"noopener\">Recenzii de mutare<\/a> <\/li>\n<li> <em>\"Cea mai proast\u0103 experien\u021b\u0103 de mutare - sentimentul de \u00een\u0219elat \u0219i \u00een\u0219elat\"<\/em> - MayVisR42 via <a href=\"http:\/\/www.reviewcentre.com\/Removal-Companies\/MoveCorp-International-Removals-www-movecorp-co-uk-review_3464277\" target=\"_blank\" rel=\"noopener\">Centrul de recenzii<\/a> <\/li>\n<\/ul>\n<div itemprop=\"review\" itemscope itemtype=\"http:\/\/schema.org\/Review\">\n<span itemprop=\"author\" itemscope=\"\" itemtype=\"http:\/\/schema.org\/Organization\"><span itemprop=\"name\">MoverDB.com<\/span><\/span> Revizuirea online a site-ului pentru <span itemprop=\"itemreviewed\" itemscope=\"\" itemtype=\"http:\/\/schema.org\/Brand\"><span itemprop=\"name\">MoveCorp<\/span><\/span>:<\/p>\n<ol>\n<li> Detalii de contact clare pe site-ul web (inclusiv num\u0103rul de telefon)? <strong>Da<\/strong><\/li>\n<li> U\u0219or de ob\u021binut <a href=\"https:\/\/moverdb.com\/ro\/citate\/\">citate de mut\u0103ri interna\u021bionale<\/a>? (Formular de solicitare a unui deviz online): <strong>Da<\/strong><\/li>\n<li> Informa\u021bii clare pe site-ul web: <strong>Nu,<\/strong> Site-ul web con\u021bine foarte pu\u021bine informa\u021bii \u00een afar\u0103 de modul de ob\u021binere a unei oferte \u0219i de destina\u021biile deservite.<\/li>\n<li> Apartenen\u021ba la organiza\u021bii interna\u021bionale recunoscute \u00een domeniul mut\u0103rii: <strong>Da,<\/strong> multe - vezi mai sus<\/li>\n<li> Lista de clien\u021bi \u0219i\/sau m\u0103rturii ale clien\u021bilor anteriori: <strong>Da,<\/strong> exist\u0103 multe m\u0103rturii pozitive ale clien\u021bilor pe site.<\/li>\n<\/ol>\n<div itemprop=\"reviewRating\" itemscope itemtype=\"http:\/\/schema.org\/Rating\"><meta itemprop=\"worstRating\" content = \"0\" \/><meta itemprop=\"bestRating\" content=\"5\" \/><meta itemprop=\"ratingValue\" content=\"4.5\"><\/div>\n<p><strong>Scor general: 4.5\/5<\/strong><br \/>\n<strong>Data revizuirii:<\/strong> <span itemprop=\"datePublished\" content=\"2016-08-25\">25\/08\/2016<\/span>\n<\/div>\n<p>Afla\u021bi mai multe despre <a href=\"https:\/\/moverdb.com\/ro\/mutari-internationale\/\">mut\u0103ri interna\u021bionale<\/a> \u0219i a noastr\u0103 <a href=\"https:\/\/moverdb.com\/ro\/comentarii\/\">procesul de revizuire<\/a>.<\/p>\n<p><strong>Site web:<\/strong> <a href=\"http:\/\/www.movecorp.co.uk\" target=\"_blank\" rel=\"noopener\">http:\/\/www.movecorp.co.uk<\/a><\/p>","protected":false},"excerpt":{"rendered":"<p>Movecorp is based in the West Midlands and offers its customers various international removals services which are listed below, together with a company profile and reviews. International Removals Dedicated move coordinator Door to door Packing &#8211; full service, fragile items or do it yourself Packing materials supplied Assistance with paperwork Part load shipping &#8211; shared [&hellip;]<\/p>\n","protected":false},"author":1,"featured_media":0,"parent":0,"menu_order":0,"comment_status":"closed","ping_status":"closed","template":"","meta":{"_genesis_hide_title":false,"_genesis_hide_breadcrumbs":false,"_genesis_hide_singular_image":false,"_genesis_hide_footer_widgets":false,"_genesis_custom_body_class":"","_genesis_custom_post_class":"","_genesis_layout":"","footnotes":""},"class_list":{"0":"post-923","1":"page","2":"type-page","3":"status-publish","5":"entry"},"_links":{"self":[{"href":"https:\/\/moverdb.com\/ro\/wp-json\/wp\/v2\/pages\/923","targetHints":{"allow":["GET"]}}],"collection":[{"href":"https:\/\/moverdb.com\/ro\/wp-json\/wp\/v2\/pages"}],"about":[{"href":"https:\/\/moverdb.com\/ro\/wp-json\/wp\/v2\/types\/page"}],"author":[{"embeddable":true,"href":"https:\/\/moverdb.com\/ro\/wp-json\/wp\/v2\/users\/1"}],"replies":[{"embeddable":true,"href":"https:\/\/moverdb.com\/ro\/wp-json\/wp\/v2\/comments?post=923"}],"version-history":[{"count":8,"href":"https:\/\/moverdb.com\/ro\/wp-json\/wp\/v2\/pages\/923\/revisions"}],"predecessor-version":[{"id":13179,"href":"https:\/\/moverdb.com\/ro\/wp-json\/wp\/v2\/pages\/923\/revisions\/13179"}],"wp:attachment":[{"href":"https:\/\/moverdb.com\/ro\/wp-json\/wp\/v2\/media?parent=923"}],"curies":[{"name":"wp","href":"https:\/\/api.w.org\/{rel}","templated":true}]}}