{"id":921,"date":"2016-08-29T20:53:00","date_gmt":"2016-08-29T20:53:00","guid":{"rendered":"http:\/\/moverdb.com\/?page_id=921"},"modified":"2026-01-08T15:20:42","modified_gmt":"2026-01-08T15:20:42","slug":"simpsons-removals","status":"publish","type":"page","link":"https:\/\/moverdb.com\/ro\/simpsons-removals\/","title":{"rendered":"Simpsons Removals and Storage: Recenzii despre mut\u0103rile interna\u021bionale"},"content":{"rendered":"<p>Simpsons Removals and Storage Ltd are sediul \u00een Kent \u0219i ofer\u0103 clien\u021bilor s\u0103i o gam\u0103 de <a href=\"https:\/\/moverdb.com\/ro\/international-removals\/\" data-internallinksmanager029f6b8e52c=\"27\" title=\"36 Cele mai bune companii de mut\u0103ri interna\u021bionale din Marea Britanie\">mut\u0103ri interna\u021bionale<\/a> servicii care sunt enumerate mai jos. Urmeaz\u0103, de asemenea, un profil al companiei \u0219i recenzii.<\/p>\n<p><strong>Muta\u021bii interna\u021bionale<\/strong><\/p>\n<ul>\n<li> De la u\u0219\u0103 la u\u0219\u0103 sau de la aeroport la destina\u021bie<\/li>\n<li> Serviciu complet, articole fragile sau \u00eempachetare de sine st\u0103t\u0103toare<\/li>\n<li> Materialele de ambalare pot fi furnizate<\/li>\n<li> Transport aerian sau maritim - <a href=\"https:\/\/moverdb.com\/ro\/transport-maritim-de-containere\/\">transportul maritim interna\u021bional de containere<\/a><\/li>\n<li> Exces de bagaje pentru \u00eenc\u0103rc\u0103turi mici<\/li>\n<li> Asigurare aranjat\u0103<\/li>\n<li> Manipulare terminal\/<a href=\"https:\/\/moverdb.com\/ro\/top-49-container-ports\/\" data-internallinksmanager029f6b8e52c=\"80\" title=\"Top 49 cele mai mari \u0219i mai aglomerate porturi de containere \u00een 2026\">port<\/a> taxe<\/li>\n<li> V\u0103muire<\/li>\n<li> Livrare \u0219i despachetare<\/li>\n<li> \u00cendep\u0103rtarea molozului<\/li>\n<li> Servicii pentru meseria\u0219i<\/li>\n<li> Serviciul de menajer\u0103<\/li>\n<\/ul>\n<p><strong>Materiale de ambalare<\/strong><\/p>\n<ul>\n<li> Ambalarea cutiilor de carton \u00eentr-o gam\u0103 larg\u0103 de dimensiuni<\/li>\n<li> Cutii de dulapuri suspendate<\/li>\n<li> Band\u0103 de ambalare<\/li>\n<li> H\u00e2rtie de ambalaj<\/li>\n<li> P\u0103turi de h\u00e2rtie<\/li>\n<li> P\u0103turi de tranzit din material textil<\/li>\n<li> Saci pentru saltele<\/li>\n<li> Cutii de arhiv\u0103<\/li>\n<li> L\u0103zi de lemn personalizate disponibile la cerere - este necesar\u0103 o notificare prealabil\u0103 cu 7 zile \u00eenainte.<\/li>\n<\/ul>\n<p><strong>Mi\u0219c\u0103ri europene<\/strong><\/p>\n<ul>\n<li> Aerian, maritim sau rutier<\/li>\n<li> Serviciu de \u00eenc\u0103rcare dedicat<\/li>\n<li> \u00cenc\u0103rc\u0103ri par\u021biale disponibile<\/li>\n<li> Serviciu din u\u0219\u0103 \u00een u\u0219\u0103 disponibil<\/li>\n<li> Serviciu complet, articole fragile sau \u00eempachetare de sine st\u0103t\u0103toare<\/li>\n<li> Materialele de ambalare pot fi furnizate<\/li>\n<li> Asigurare aranjat\u0103<\/li>\n<li> Serviciu de despachetare disponibil<\/li>\n<li> \u00cendep\u0103rtarea molozului<\/li>\n<\/ul>\n<p><strong><a href=\"https:\/\/moverdb.com\/ro\/moving-to-the-uk\/\" data-internallinksmanager029f6b8e52c=\"93\" title=\"V\u0103 muta\u021bi \u00een Regatul Unit? 2026 Costurile vie\u021bii \u0219i sfaturi de relocare\">MAREA BRITANIE<\/a> Mut\u0103ri<\/strong><\/p>\n<ul>\n<li> Din u\u0219\u0103 \u00een u\u0219\u0103<\/li>\n<li> Muta\u021bii personale<\/li>\n<li> Mut\u0103ri corporative<\/li>\n<li> Serviciu complet, articole fragile sau \u00eempachetare de sine st\u0103t\u0103toare<\/li>\n<li> Materialele de ambalare pot fi furnizate<\/li>\n<li> Asigurare aranjat\u0103<\/li>\n<li> Serviciu de despachetare disponibil<\/li>\n<li> \u00cendep\u0103rtarea molozului<\/li>\n<\/ul>\n<p><strong>Mut\u0103ri corporative<\/strong><\/p>\n<ul>\n<li> Relocarea birourilor<\/li>\n<li> Mut\u0103ri corporative \u00een \u00eentreaga lume<\/li>\n<li> Exclusivitatea mut\u0103rii la domiciliu \u00een \u00eentreaga lume<\/li>\n<li> Solu\u021bii de relocalizare IT<\/li>\n<li> Mut\u0103ri de fabrici \u0219i laboratoare<\/li>\n<li> V\u00e2nz\u0103ri cu am\u0103nuntul de mobilier de birou<\/li>\n<\/ul>\n<p><strong>Depozitare<\/strong><\/p>\n<ul>\n<li> Depozit de sine st\u0103t\u0103tor<\/li>\n<li> Depozitarea gospod\u0103riei<\/li>\n<li> Stocarea arhivelor<\/li>\n<li> Stocare extern\u0103<\/li>\n<li> CCTV 24\/7<\/li>\n<\/ul>\n<h2>Simpsons Mut\u0103ri \u0219i depozitare<\/h2>\n<p>Simpsons Removals and Storage Ltd a fost fondat\u0103 \u00een 1979 de Barry Simpson. Ast\u0103zi, aceast\u0103 companie de mut\u0103ri cu sediul \u00een Kent este \u00een continuare o afacere de familie \u0219i este condus\u0103 de fiul \u0219i fiica lui Barry Simpson. <\/p>\n<p>Scopul companiei este de a oferi servicii profesionale \u0219i eficiente clien\u021bilor individuali, corporativi \u0219i comerciali care se mut\u0103 la nivel local sau interna\u021bional. <\/p>\n<p>Simpsons dispune de o flot\u0103 de 20 de vehicule pentru a se potrivi nevoilor oric\u0103rei mut\u0103ri. De asemenea, dispun de 100.000 de metri p\u0103tra\u021bi de spa\u021biu de depozitare \u0219i de \u00eenc\u0103 20.000 de metri p\u0103tra\u021bi de spa\u021biu care poate fi folosit pentru depozitarea containerelor. <\/p>\n<p>Compania are acum 36 de ani de experien\u021b\u0103 \u00een domeniul mut\u0103rilor \u0219i se simte echipat\u0103 pentru a \u00eentreprinde orice mutare, indiferent c\u00e2t de mare sau mic\u0103, oriunde \u00een lume.<\/p>\n<p>Simpsons Removals and Storage are urm\u0103toarele acredit\u0103ri \u0219i afilieri:<\/p>\n<ul>\n<li> <a href=\"https:\/\/moverdb.com\/ro\/asociatia-britanica-a-demolatorilor\/\">Asocia\u021bia Britanic\u0103 a Transportatorilor<\/a> (<a href=\"https:\/\/moverdb.com\/ro\/british-association-of-removers\/\" data-internallinksmanager029f6b8e52c=\"9\" title=\"Asocia\u021bia Britanic\u0103 a Transportatorilor (BAR) Explica\u021bii\">BAR<\/a>)<\/li>\n<li> <a href=\"https:\/\/moverdb.com\/ro\/bar-overseas\/\">Asocia\u021bia Britanic\u0103 a Transportatorilor - Transportator de peste m\u0103ri<\/a><\/li>\n<li> Asocia\u021bia Britanic\u0103 a Transportatorilor - Grupul de mut\u0103ri comerciale<\/li>\n<li> <a href=\"https:\/\/moverdb.com\/ro\/sunt\/\">Asocia\u021bia Interna\u021bional\u0103 a Transportatorilor<\/a> - <a href=\"https:\/\/moverdb.com\/ro\/iam\/\" data-internallinksmanager029f6b8e52c=\"23\" title=\"Explica\u021bii despre Asocia\u021bia Interna\u021bional\u0103 a Transportatorilor (IAM)\">IAM<\/a><\/li>\n<li> <a href=\"https:\/\/moverdb.com\/ro\/fedemac\/\">Federa\u021bia Asocia\u021biei Europene a Transportatorilor<\/a> - <a href=\"https:\/\/moverdb.com\/ro\/fedemac\/\" data-internallinksmanager029f6b8e52c=\"15\" title=\"Federa\u021bia Asocia\u021biei Europene a Transportatorilor (FEDEMAC) Explica\u021bii\">FEDEMAC<\/a><\/li>\n<li> Standard de servicii de calitate asigurat\u0103 BS8564<\/li>\n<li> Standard de servicii de calitate asigurat\u0103 BS8522 - Mutarea comercial\u0103<\/li>\n<li> Asocia\u021bia Comercian\u021bilor de Art\u0103 \u0219i Antichit\u0103\u021bi - LAPADA<\/li>\n<li> Clubul de comercian\u021bi Movers Traders (<a href=\"https:\/\/moverdb.com\/ro\/mtc\/\" data-internallinksmanager029f6b8e52c=\"30\" title=\"Explica\u021bii despre Movers Trading Club (MTC)\">MTC<\/a>)<\/li>\n<\/ul>\n<h2>Simpsons Remorc\u0103ri \u0219i depozitare Recenzii<\/h2>\n<p><strong>Pozitiv:<\/strong><\/p>\n<ul>\n<li> <em>\"Am vrut doar s\u0103 spun c\u0103 am fost foarte mul\u021bumit de serviciile oferite de Simpsons pentru livrarea comorilor mele de ieri! \u00centreaga mi\u0219care a bunurilor mele de la <a href=\"https:\/\/moverdb.com\/ro\/moving-to-canada\/\" data-internallinksmanager029f6b8e52c=\"265\" title=\"Mutarea \u00een Canada? 2026 Costurile de trai \u0219i sfaturi de relocare\">Canada<\/a> \u00een Marea Britanie a fost minunat.\"<\/em> - Jane via<a href=\"http:\/\/www.simpsons-uk.com\/testimonials\" target=\"_blank\" rel=\"noopener\"> M\u0103rturie Simpsons<\/a><\/li>\n<li> <em>\"Dup\u0103 ce am pierdut slotul nostru cu compania de mut\u0103ri ini\u021bial\u0103, am c\u0103utat o alta. Simpsons au fost cei mai aten\u021bi \u0219i l-au trimis pe proprietar s\u0103 vad\u0103 <a href=\"https:\/\/moverdb.com\/ro\/moving-to-the-united-states\/\" data-internallinksmanager029f6b8e52c=\"94\" title=\"V\u0103 muta\u021bi \u00een Statele Unite? 2026 Costurile vie\u021bii \u0219i sfaturi de relocare\">us<\/a> \u0219i s\u0103 stabileasc\u0103 pre\u021bul lucr\u0103rii.\"<\/em> - Dan via <a href=\"http:\/\/www.removalreviews.co.uk\/movingreviews\/surprisingly-good-2361\" target=\"_blank\" rel=\"noopener\">Recenzii de mutare<\/a><\/li>\n<li> <em>\"Personal foarte profesionist \u0219i foarte prietenos \u0219i util.\"<\/em> - Eros prin <a href=\"https:\/\/www.reallymoving.com\/international-removals\/directory\/216\/simpsons-removals-limited\" target=\"_blank\" rel=\"noopener\">ReallyMoving.com<\/a><\/li>\n<li> <em>\"Am fost foarte mul\u021bumit de \u00eentregul proces. Personalul a fost prietenos \u0219i de ajutor \u0219i am fost bine informat cu privire la starea transportului meu pe tot parcursul acestuia.\"<\/em> - K Pryce via <a href=\"http:\/\/www.reviewcentre.com\/Removal-Companies\/Simpsons-Removals-and-Storage-Ltd-www-simpsons-uk-com-review_2646331\" target=\"_blank\" rel=\"noopener\">Centrul de recenzii<\/a> <\/li>\n<\/ul>\n<p><strong>Negativ:<\/strong><\/p>\n<ul>\n<li> \"<em>Niciodat\u0103, repet NICIODAT\u0102, nu folosi\u021bi Simpsons removals.\"<\/em> - Ruth prin <a href=\"http:\/\/www.removalreviews.co.uk\/movingreviews\/poor-delivery-men-and-customer-service-2658\" target=\"_blank\" rel=\"noopener\">Recenzii de mutare<\/a> <\/li>\n<li> \"<em>Compania nu a reu\u0219it s\u0103 fac\u0103 \u00eendep\u0103rtarea \u0219i a pasat contractul unei alte firme.\"<\/em> - Mistral prin <a href=\"https:\/\/www.reallymoving.com\/international-removals\/directory\/216\/simpsons-removals-limited\" target=\"_blank\" rel=\"noopener\">ReallyMoving.com<\/a> <\/li>\n<li> <em>\"Aceast\u0103 companie este o ru\u0219ine.\"<\/em> - prin <a href=\"http:\/\/www.reviewcentre.com\/Removal-Companies\/Simpsons-Removals-and-Storage-Ltd-www-simpsons-uk-com-review_4006517\" target=\"_blank\" rel=\"noopener\">Centrul de recenzii<\/a> <\/li>\n<\/ul>\n<div itemprop=\"review\" itemscope itemtype=\"http:\/\/schema.org\/Review\">\n<span itemprop=\"author\" itemscope=\"\" itemtype=\"http:\/\/schema.org\/Organization\"><span itemprop=\"name\">MoverDB.com<\/span><\/span> Revizuirea online a site-ului pentru <span itemprop=\"itemreviewed\" itemscope=\"\" itemtype=\"http:\/\/schema.org\/Brand\"><span itemprop=\"name\">Simpsons Mut\u0103ri \u0219i depozitare<\/span><\/span>:<\/p>\n<ol>\n<li> Detalii de contact clare pe site-ul web (inclusiv num\u0103rul de telefon): <strong>Da<\/strong><\/li>\n<li> U\u0219or de ob\u021binut <a href=\"https:\/\/moverdb.com\/ro\/citate\/\">citate de mut\u0103ri interna\u021bionale<\/a>? (Formular de solicitare a unui deviz online): <strong>Da<\/strong><\/li>\n<li> Informa\u021bii clare pe site-ul web: <strong>Da<\/strong>, informa\u021bii de contact \u0219i ghiduri de baz\u0103 furnizate online.<\/li>\n<li> Apartenen\u021ba la organiza\u021bii interna\u021bionale recunoscute \u00een domeniul mut\u0103rii: <strong>Da<\/strong>, a se vedea mai sus.<\/li>\n<li> Lista de clien\u021bi \u0219i\/sau m\u0103rturii ale clien\u021bilor anteriori: <strong>Da<\/strong>, exist\u0103 m\u0103rturii pozitive ale clien\u021bilor pe site.<\/li>\n<\/ol>\n<div itemprop=\"reviewRating\" itemscope itemtype=\"http:\/\/schema.org\/Rating\"><meta itemprop=\"worstRating\" content = \"0\" \/><meta itemprop=\"bestRating\" content=\"5\" \/><meta itemprop=\"ratingValue\" content=\"4.5\"><\/div>\n<p><strong>Scor general: 4.5\/5<\/strong><br \/>\n<strong>Data revizuirii:<\/strong> <span itemprop=\"datePublished\" content=\"2016-08-29\">29\/08\/2016<\/span>\n<\/div>\n<p>Mai multe despre <a href=\"https:\/\/moverdb.com\/ro\/mutari-internationale\/\">mut\u0103ri interna\u021bionale<\/a> \u0219i a noastr\u0103 <a href=\"https:\/\/moverdb.com\/ro\/comentarii\/\">procesul de revizuire<\/a>.<\/p>\n<p><strong>Site web:<\/strong> <a href=\"http:\/\/www.simpsons-uk.com\/\" target=\"_blank\" rel=\"noopener\">http:\/\/www.simpsons-uk.com<\/a><\/p>","protected":false},"excerpt":{"rendered":"<p>Simpsons Removals and Storage Ltd is based in Kent and offers its customers a range of international removals services which are listed below. There also follows a company profile and reviews. International Removals Door to door or airport at destination Full service, fragile items or do-it-yourself packing Packing materials can be provided Air freight or [&hellip;]<\/p>\n","protected":false},"author":1,"featured_media":0,"parent":0,"menu_order":0,"comment_status":"closed","ping_status":"closed","template":"","meta":{"_genesis_hide_title":false,"_genesis_hide_breadcrumbs":false,"_genesis_hide_singular_image":false,"_genesis_hide_footer_widgets":false,"_genesis_custom_body_class":"","_genesis_custom_post_class":"","_genesis_layout":"","footnotes":""},"class_list":{"0":"post-921","1":"page","2":"type-page","3":"status-publish","5":"entry"},"_links":{"self":[{"href":"https:\/\/moverdb.com\/ro\/wp-json\/wp\/v2\/pages\/921","targetHints":{"allow":["GET"]}}],"collection":[{"href":"https:\/\/moverdb.com\/ro\/wp-json\/wp\/v2\/pages"}],"about":[{"href":"https:\/\/moverdb.com\/ro\/wp-json\/wp\/v2\/types\/page"}],"author":[{"embeddable":true,"href":"https:\/\/moverdb.com\/ro\/wp-json\/wp\/v2\/users\/1"}],"replies":[{"embeddable":true,"href":"https:\/\/moverdb.com\/ro\/wp-json\/wp\/v2\/comments?post=921"}],"version-history":[{"count":5,"href":"https:\/\/moverdb.com\/ro\/wp-json\/wp\/v2\/pages\/921\/revisions"}],"predecessor-version":[{"id":6238,"href":"https:\/\/moverdb.com\/ro\/wp-json\/wp\/v2\/pages\/921\/revisions\/6238"}],"wp:attachment":[{"href":"https:\/\/moverdb.com\/ro\/wp-json\/wp\/v2\/media?parent=921"}],"curies":[{"name":"wp","href":"https:\/\/api.w.org\/{rel}","templated":true}]}}