{"id":920,"date":"2016-09-03T16:04:22","date_gmt":"2016-09-03T16:04:22","guid":{"rendered":"http:\/\/moverdb.com\/?page_id=920"},"modified":"2026-01-08T14:47:54","modified_gmt":"2026-01-08T14:47:54","slug":"burke-bros","status":"publish","type":"page","link":"https:\/\/moverdb.com\/ro\/burke-bros\/","title":{"rendered":"Burke Bros Moving Group: Recenzii mut\u0103ri interna\u021bionale"},"content":{"rendered":"<p>Burke Bros sunt exper\u021bi \u00een mut\u0103ri, depozite, expeditori \u0219i reloc\u0103ri la nivel mondial. Mai jos sunt enumerate serviciile pe care le ofer\u0103, urmate de un profil al companiei \u0219i diverse recenzii.<\/p>\n<p><strong>Corporativ \u0219i personal <a href=\"https:\/\/moverdb.com\/ro\/international-removals\/\" data-internallinksmanager029f6b8e52c=\"27\" title=\"36 Cele mai bune companii de mut\u0103ri interna\u021bionale din Marea Britanie\">Muta\u021bii interna\u021bionale<\/a><\/strong><\/p>\n<ul>\n<li> Echip\u0103 corporativ\u0103 dedicat\u0103<\/li>\n<li> Servicii complete de la u\u0219\u0103 la u\u0219\u0103<\/li>\n<li> Sondaj gratuit \u00een mi\u0219care<\/li>\n<li> Re\u021bea de exper\u021bi \u00een relocalizare de renume la nivel mondial<\/li>\n<li> Echip\u0103 dedicat\u0103 de ambalare pentru export<\/li>\n<li> Sfaturi privind carantina interna\u021bional\u0103<\/li>\n<li> Informa\u021bii privind v\u0103mile \u0219i accizele interna\u021bionale<\/li>\n<li> <a href=\"https:\/\/moverdb.com\/ro\/moving-to-the-uk\/\" data-internallinksmanager029f6b8e52c=\"93\" title=\"V\u0103 muta\u021bi \u00een Regatul Unit? 2026 Costurile vie\u021bii \u0219i sfaturi de relocare\">MAREA BRITANIE<\/a> depozitare - preexpedi\u021bie<\/li>\n<li> Asigurare aranjat\u0103<\/li>\n<li> Asisten\u021b\u0103 la v\u0103muire<\/li>\n<\/ul>\n<p><strong>Mi\u0219c\u0103ri europene<\/strong><\/p>\n<ul>\n<li> Servicii complete de la u\u0219\u0103 la u\u0219\u0103<\/li>\n<li> Echip\u0103 de ambalare dedicat\u0103<\/li>\n<li> Asigurare aranjat\u0103<\/li>\n<li> Naviga\u021bii s\u0103pt\u0103m\u00e2nale<\/li>\n<li> Asisten\u021b\u0103 \u00een domeniul vamal \u0219i al accizelor, dac\u0103 este cazul<\/li>\n<\/ul>\n<p><strong>Muta\u021bii domestice \u00een Marea Britanie - Corporate \u0219i Personal<\/strong><\/p>\n<ul>\n<li> Vizita personal\u0103 a consultantului<\/li>\n<li> Serviciul de management de proiect pentru \u00eentreprinderi<\/li>\n<li> Servicii complete de la u\u0219\u0103 la u\u0219\u0103<\/li>\n<li> Echip\u0103 de ambalare dedicat\u0103<\/li>\n<li> Asigurare aranjat\u0103<\/li>\n<li> Ambalaje specializate<\/li>\n<li> \u00cenchiriere de l\u0103zi de birou<\/li>\n<\/ul>\n<p><strong>Depozitare<\/strong><\/p>\n<ul>\n<li> Depozitare - Wolverhampton <\/li>\n<li> Acces nelimitat \u00een timpul orelor de deschidere<\/li>\n<li> Se poate achizi\u021biona o gam\u0103 de cutii<\/li>\n<li> 24 de ore CCTV<\/li>\n<li> Stocarea documentelor \u0219i a arhivelor<\/li>\n<\/ul>\n<p><strong>Servicii speciale \u00een timpul mut\u0103rilor<\/strong><\/p>\n<ul>\n<li> Distrugerea documentelor<\/li>\n<li> Stocarea documentelor<\/li>\n<li> Reciclarea mobilierului vechi \u0219i a echipamentelor IT<\/li>\n<li> Demontarea \u0219i instalarea sistemelor informatice<\/li>\n<li> Material de ambalare specializat pentru echipamente IT<\/li>\n<\/ul>\n<h2>Profilul companiei Burke Bros Moving Group<\/h2>\n<p>Burke Bros a fost \u00eenfiin\u021bat\u0103 \u00een 1982 \u0219i a mutat peste 49.000 de clien\u021bi \u00een acest timp. Au \u00eenregistrat aproape o jum\u0103tate de milion de ore de \u00eempachetare, mutare \u0219i despachetare. Compania este situat\u0103 \u00een centrul Angliei \u0219i are \u0219apte birouri \u0219i o zon\u0103 de depozitare securizat\u0103 de 52.000 de metri p\u0103tra\u021bi.<\/p>\n<p>Burke Bros este o afacere de familie condus\u0103 de fra\u021bii Burke, Gary \u0219i Chris. Mul\u021bi dintre angaja\u021bii lor sunt al\u0103turi de ei de peste 20 de ani. Compania spune c\u0103 se m\u00e2ndre\u0219te cu abordarea grijulie a fiec\u0103rei mut\u0103ri.<\/p>\n<p>Problemele ecologice reprezint\u0103 o parte important\u0103 a companiei, iar Burke Bros a introdus reciclarea \u0219i gestionarea de\u0219eurilor pentru clien\u021bi, pentru a reduce amprenta de carbon.<\/p>\n<p>Burke Bros Afilieri \u0219i acredit\u0103ri:<\/p>\n<ul>\n<li> <a href=\"https:\/\/moverdb.com\/ro\/asociatia-britanica-a-demolatorilor\/\">Asocia\u021bia Britanic\u0103 a Transportatorilor<\/a> (<a href=\"https:\/\/moverdb.com\/ro\/british-association-of-removers\/\" data-internallinksmanager029f6b8e52c=\"9\" title=\"Asocia\u021bia Britanic\u0103 a Transportatorilor (BAR) Explica\u021bii\">BAR<\/a>)<\/li>\n<li> <a href=\"https:\/\/moverdb.com\/ro\/fidi-faim\/\">F\u00e9d\u00e9ration Internationale des D\u00e9m\u00e9nageurs Internationaux<\/a> (<a href=\"https:\/\/moverdb.com\/ro\/fidi-faim\/\" data-internallinksmanager029f6b8e52c=\"16\" title=\"FIDI &amp; FAIM (FIDI Accredited International Mover) Explicat\">FIDI<\/a>)<\/li>\n<li> <a href=\"https:\/\/moverdb.com\/ro\/sunt\/\">Asocia\u021bia Interna\u021bional\u0103 a Transportatorilor<\/a> (<a href=\"https:\/\/moverdb.com\/ro\/iam\/\" data-internallinksmanager029f6b8e52c=\"23\" title=\"Explica\u021bii despre Asocia\u021bia Interna\u021bional\u0103 a Transportatorilor (IAM)\">IAM<\/a>)<\/li>\n<li> Asocia\u021bia Panamerican\u0103 a Transportatorilor Interna\u021bionali (PAIMA)<\/li>\n<li> The <a href=\"https:\/\/moverdb.com\/ro\/bar-overseas\/\">Asocia\u021bia britanic\u0103 de mut\u0103ri de peste m\u0103ri<\/a><\/li>\n<li> BS5750<\/li>\n<li> STI<\/li>\n<\/ul>\n<p><strong>Recenzii Burke Bros<\/strong><\/p>\n<p><strong>Pozitiv<\/strong><\/p>\n<ul>\n<li> <em>\"Am vrut s\u0103 v\u0103 trimitem o not\u0103 de mul\u021bumire pentru serviciile minunate pe care tocmai le-am experimentat \u00een timpul mut\u0103rii noastre din Anglia c\u0103tre <a href=\"https:\/\/moverdb.com\/ro\/moving-to-france\/\" data-internallinksmanager029f6b8e52c=\"315\" title=\"V\u0103 muta\u021bi \u00een Fran\u021ba? 2026 Costurile vie\u021bii \u0219i sfaturi de relocare\">Fran\u021ba<\/a>. Noi nu am fi putut dori pentru un set mai bun de b\u0103ie\u021bi pentru a \u00eempacheta \u00eenc\u0103rcarea \u0219i desc\u0103rcarea pentru <a href=\"https:\/\/moverdb.com\/ro\/moving-to-the-united-states\/\" data-internallinksmanager029f6b8e52c=\"94\" title=\"V\u0103 muta\u021bi \u00een Statele Unite? 2026 Costurile vie\u021bii \u0219i sfaturi de relocare\">us<\/a>.\"<\/em> - Sue &amp; David via Burke Bros <a href=\"http:\/\/burkebros.co.uk\/about_us\/testimonials\/\" target=\"_blank\" rel=\"noopener\">pagina de m\u0103rturii<\/a><\/li>\n<li> <em>\"Am folosit Burke Bros pentru a ne muta din Marea Britanie \u00een Dordogne, \u00een Fran\u021ba, nu pentru c\u0103 au fost rezonabili cu tarifele lor, au fost, ci pentru modul profesionist \u00een care au gestionat lucrarea de la \u00eenceput p\u00e2n\u0103 la sf\u00e2r\u0219it.\"<\/em> - Malcolm via <a href=\"https:\/\/www.yell.com\/biz\/burke-bros-worldwide-moving-group-wolverhampton-900810900\/\" target=\"_blank\" rel=\"noopener\">Url\u0103<\/a><\/li>\n<\/ul>\n<p><strong>Negativ <\/strong><\/p>\n<ul>\n<li> <em>Cea mai proast\u0103 experien\u021b\u0103 de mutare din ultimii 35 de ani (8 mut\u0103ri)<\/em> - Dl D Neal prin <a href=\"http:\/\/www.removalreviews.co.uk\/movingreviews\/appalling-12193\" target=\"_blank\" rel=\"noopener\">Recenzii de mutare<\/a><\/li>\n<li> \"Nu v\u0103 irosi\u021bi banii.\" - Thibit via <a href=\"https:\/\/www.yell.com\/biz\/burke-bros-worldwide-moving-group-wolverhampton-900810900\/\" target=\"_blank\" rel=\"noopener\">Url\u0103<\/a><\/li>\n<\/li>\n<\/ul>\n<div itemprop=\"review\" itemscope itemtype=\"http:\/\/schema.org\/Review\">\n<span itemprop=\"author\" itemscope=\"\" itemtype=\"http:\/\/schema.org\/Organization\"><span itemprop=\"name\">MoverDB.com<\/span><\/span> Revizuirea online a site-ului pentru <span itemprop=\"itemreviewed\" itemscope=\"\" itemtype=\"http:\/\/schema.org\/Brand\"><span itemprop=\"name\">Burke Bros Moving Group<\/span><\/span>:<\/p>\n<ol>\n<li> Detalii de contact clare pe site-ul web (inclusiv num\u0103rul de telefon): <strong>Da<\/strong><\/li>\n<li> U\u0219or de ob\u021binut <a href=\"https:\/\/moverdb.com\/ro\/citate\/\">citate de mut\u0103ri interna\u021bionale<\/a>? (Formular de solicitare a unui deviz online): <strong>Da<\/strong><\/li>\n<li> Informa\u021bii clare pe site-ul web: <strong>Da,<\/strong> inclusiv ghiduri pentru diferitele \u021b\u0103ri pe care le deservesc.<\/li>\n<li> Apartenen\u021ba la organiza\u021bii interna\u021bionale recunoscute \u00een domeniul mut\u0103rii: <strong>Da<\/strong>, a se vedea mai sus.<\/li>\n<li> Lista de clien\u021bi \u0219i\/sau m\u0103rturii ale clien\u021bilor anteriori: <strong>Unii,<\/strong> au un num\u0103r restr\u00e2ns de m\u0103rturii pe site-ul lor, cu recenzii \u00een general pozitive pe alte site-uri web.<\/li>\n<\/ol>\n<div itemprop=\"reviewRating\" itemscope itemtype=\"http:\/\/schema.org\/Rating\"><meta itemprop=\"worstRating\" content = \"0\" \/><meta itemprop=\"bestRating\" content=\"5\" \/><meta itemprop=\"ratingValue\" content=\"4.5\"><\/div>\n<p><strong>Scor general: 4.5\/5<\/strong><br \/>\n<strong>Data revizuirii:<\/strong> <span itemprop=\"datePublished\" content=\"2016-09-03\">03\/09\/2016<\/span>\n<\/div>\n<p>Citi\u021bi mai multe despre <a href=\"https:\/\/moverdb.com\/ro\/mutari-internationale\/\">mut\u0103ri interna\u021bionale<\/a> \u0219i a noastr\u0103 <a href=\"https:\/\/moverdb.com\/ro\/comentarii\/\">procesul de revizuire.<\/a>.<\/p>\n<p><strong>Site web:<\/strong> <a href=\"http:\/\/burkebros.co.uk\/\" target=\"_blank\" rel=\"noopener\">http:\/\/burkebros.co.uk<\/a><\/p>","protected":false},"excerpt":{"rendered":"<p>Burke Bros are worldwide movers, storers, shippers and global relocation experts. Listed below are the services they offer, followed by a company profile and various reviews. Corporate and Personal International Removals Dedicated corporate team Comprehensive door to door service Free moving survey Network of reputable relocation experts world wide Dedicated export packing team International quarantine [&hellip;]<\/p>\n","protected":false},"author":1,"featured_media":0,"parent":0,"menu_order":0,"comment_status":"closed","ping_status":"closed","template":"","meta":{"_genesis_hide_title":false,"_genesis_hide_breadcrumbs":false,"_genesis_hide_singular_image":false,"_genesis_hide_footer_widgets":false,"_genesis_custom_body_class":"","_genesis_custom_post_class":"","_genesis_layout":"","footnotes":""},"class_list":{"0":"post-920","1":"page","2":"type-page","3":"status-publish","5":"entry"},"_links":{"self":[{"href":"https:\/\/moverdb.com\/ro\/wp-json\/wp\/v2\/pages\/920","targetHints":{"allow":["GET"]}}],"collection":[{"href":"https:\/\/moverdb.com\/ro\/wp-json\/wp\/v2\/pages"}],"about":[{"href":"https:\/\/moverdb.com\/ro\/wp-json\/wp\/v2\/types\/page"}],"author":[{"embeddable":true,"href":"https:\/\/moverdb.com\/ro\/wp-json\/wp\/v2\/users\/1"}],"replies":[{"embeddable":true,"href":"https:\/\/moverdb.com\/ro\/wp-json\/wp\/v2\/comments?post=920"}],"version-history":[{"count":5,"href":"https:\/\/moverdb.com\/ro\/wp-json\/wp\/v2\/pages\/920\/revisions"}],"predecessor-version":[{"id":6189,"href":"https:\/\/moverdb.com\/ro\/wp-json\/wp\/v2\/pages\/920\/revisions\/6189"}],"wp:attachment":[{"href":"https:\/\/moverdb.com\/ro\/wp-json\/wp\/v2\/media?parent=920"}],"curies":[{"name":"wp","href":"https:\/\/api.w.org\/{rel}","templated":true}]}}