{"id":908,"date":"2016-10-12T05:28:52","date_gmt":"2016-10-12T05:28:52","guid":{"rendered":"http:\/\/moverdb.com\/?page_id=908"},"modified":"2026-01-08T14:47:34","modified_gmt":"2026-01-08T14:47:34","slug":"arpin-international","status":"publish","type":"page","link":"https:\/\/moverdb.com\/ro\/arpin-international\/","title":{"rendered":"Arpin International: Mutarea \u0219i mut\u0103rile Recenzii"},"content":{"rendered":"<p>Arpin International este o companie global\u0103 <a href=\"https:\/\/moverdb.com\/ro\/international-removals\/\" data-internallinksmanager029f6b8e52c=\"27\" title=\"36 Cele mai bune companii de mut\u0103ri interna\u021bionale din Marea Britanie\">companie de mut\u0103ri<\/a> \u0219i cu numeroase servicii care sunt enumerate mai jos. De asemenea, citi\u021bi profilul companiei \u0219i recenziile lor. V\u0103 rug\u0103m s\u0103 re\u021bine\u021bi c\u0103 este filiala interna\u021bional\u0103 a American <a href=\"https:\/\/moverdb.com\/ro\/moving-companies\/\" data-internallinksmanager029f6b8e52c=\"79\" title=\"Top 25 Companii interna\u021bionale de mutare online\">companie \u00een mi\u0219care<\/a> <a href=\"https:\/\/moverdb.com\/ro\/arpin-van-lines\/\">Arpin Van Lines<\/a>.<\/p>\n<p><strong>Muta\u021bii interna\u021bionale<\/strong><\/p>\n<ul>\n<li> Serviciu din u\u0219\u0103 \u00een u\u0219\u0103<\/li>\n<li> Ambalare \u0219i despachetare<\/li>\n<li> Coordonator dedicat pentru mut\u0103ri interna\u021bionale (IMC)<\/li>\n<li> IMC este disponibil \u00een permanen\u021b\u0103 prin telefon, fax sau e-mail<\/li>\n<li> IMC-urile sunt toate <a href=\"https:\/\/moverdb.com\/ro\/fidi-faim\/\" data-internallinksmanager029f6b8e52c=\"16\" title=\"FIDI &amp; FAIM (FIDI Accredited International Mover) Explicat\">FIDI<\/a> instruit<\/li>\n<li> ArpinTRAC permite clien\u021bilor s\u0103-\u0219i urm\u0103reasc\u0103 transportul 24\/7<\/li>\n<li> Mut\u0103ri corporative, private, guvernamentale \u0219i militare<\/li>\n<li> V\u0103muire<\/li>\n<li> Relocarea animalelor de companie<\/li>\n<li> Transport auto<\/li>\n<li> Asisten\u021b\u0103 pentru g\u0103sirea unei case<\/li>\n<li> Asisten\u021b\u0103 cu \u0219colile<\/li>\n<li> Asisten\u021b\u0103 medical\u0103<\/li>\n<\/ul>\n<p><strong>Depozitare<\/strong><\/p>\n<ul>\n<li> Depozitare pe termen lung sau pe termen scurt \u00een toat\u0103 lumea<\/li>\n<li> Monitorizare CCTV<\/li>\n<\/ul>\n<h2>Profilul companiei Arpin International<\/h2>\n<p>Arpin International face parte din Grupul Arpin International, care a \u00eenceput \u00een 1900. Vicepre\u0219edintele executiv de ast\u0103zi, Peter Arpin, este cea de-a patra genera\u021bie care conduce aceast\u0103 companie. Arpin International a fost \u00eenfiin\u021bat\u0103 \u00een 1989 \u0219i are sediul central \u00een <a href=\"https:\/\/moverdb.com\/ro\/moving-to-the-united-states\/moving-to-rhode-island\/\" data-internallinksmanager029f6b8e52c=\"450\" title=\"V\u0103 muta\u021bi \u00een Rhode Island? 2026 Costuri de trai \u0219i sfaturi de relocare\">Rhode Island<\/a>, <a href=\"https:\/\/moverdb.com\/ro\/moving-to-the-united-states\/\" data-internallinksmanager029f6b8e52c=\"94\" title=\"V\u0103 muta\u021bi \u00een Statele Unite? 2026 Costurile vie\u021bii \u0219i sfaturi de relocare\">SUA<\/a>. <\/p>\n<p>Compania are 385 de agen\u021bi \u00een SUA \u0219i birouri \u00een EMEA \u0219i APAC. Conducerea superioar\u0103 a companiei are peste 25 de ani de experien\u021b\u0103 \u00een mutarea persoanelor \u00een \u00eentreaga lume.<\/p>\n<p>Viziunea Arpin International este de a oferi clien\u021bilor s\u0103i cea mai bun\u0103 combina\u021bie de servicii \u0219i pre\u021b. Mul\u021bi dintre angaja\u021bii lor au fost expatria\u021bi la un moment dat \u00een via\u021ba lor \u0219i \u00een\u021beleg astfel provoc\u0103rile cu care se confrunt\u0103 familiile atunci c\u00e2nd se mut\u0103 \u00eentr-o alt\u0103 \u021bar\u0103. <\/p>\n<p>Angaja\u021bii Arpin International \u00eencearc\u0103 s\u0103 fac\u0103 mutarea c\u00e2t mai pu\u021bin dureroas\u0103 posibil, ocup\u00e2ndu-se de problemele mici \u0219i mari care pot ap\u0103rea.<\/p>\n<p>Compania a \u00eenfiin\u021bat un Comitet pentru durabilitate \u00een \u00eencercarea de a \"construi un viitor mai verde\" pentru genera\u021biile viitoare. Ace\u0219tia doresc s\u0103 dea \u00eenapoi comunit\u0103\u021bilor locale, industriei \u0219i lumii, mult mai mult dec\u00e2t au luat.<\/p>\n<p>Arpin International are urm\u0103toarele acredit\u0103ri \u0219i afilieri:<\/p>\n<ul>\n<li> <a href=\"https:\/\/moverdb.com\/ro\/fidi-faim\/\">FIDI<\/a><\/li>\n<li> <a href=\"https:\/\/moverdb.com\/ro\/fidi-faim\/\">FAIM<\/a><\/li>\n<li> <a href=\"https:\/\/moverdb.com\/ro\/asociatia-britanica-a-demolatorilor\/\">Asocia\u021bia Britanic\u0103 de mut\u0103ri<\/a> (<a href=\"https:\/\/moverdb.com\/ro\/british-association-of-removers\/\" data-internallinksmanager029f6b8e52c=\"9\" title=\"Asocia\u021bia Britanic\u0103 a Transportatorilor (BAR) Explica\u021bii\">BAR<\/a>)<\/li>\n<li> <a href=\"https:\/\/moverdb.com\/ro\/sunt\/\">Asocia\u021bia Interna\u021bional\u0103 a Transportatorilor<\/a> (IMA)<\/li>\n<li> Parteneriatul vamal-comercial \u00eempotriva terorismului<\/li>\n<li> <a href=\"https:\/\/moverdb.com\/ro\/lacma\/\">LACMA<\/a><\/li>\n<li> <a href=\"https:\/\/moverdb.com\/ro\/consiliul-de-relocare-a-angajatilor\/\">ERC la nivel mondial<\/a><\/li>\n<li> <a href=\"https:\/\/moverdb.com\/ro\/eura\/\">EuRA<\/a><\/li>\n<\/ul>\n<h2>Recenzii Arpin International<\/h2>\n<p><em>De\u0219i nu exist\u0103 recenzii online pentru Arpin International, pute\u021bi citi <a href=\"https:\/\/moverdb.com\/ro\/arpin-van-lines\/\">comentarii despre Arpin Van Lines aici<\/a>.<\/em><\/p>\n<div itemprop=\"review\" itemscope itemtype=\"http:\/\/schema.org\/Review\">\n<span itemprop=\"author\" itemscope=\"\" itemtype=\"http:\/\/schema.org\/Organization\"><span itemprop=\"name\">MoverDB.com<\/span><\/span> Revizuirea online a site-ului pentru <span itemprop=\"itemreviewed\" itemscope=\"\" itemtype=\"http:\/\/schema.org\/Brand\"><span itemprop=\"name\">Arpin International<\/span><\/span>:<\/p>\n<ol>\n<li> Detalii de contact clare pe site-ul web (inclusiv num\u0103rul de telefon): <strong>Da<\/strong><\/li>\n<li> U\u0219or de ob\u021binut <a href=\"https:\/\/moverdb.com\/ro\/citate\/\">citate de mut\u0103ri interna\u021bionale<\/a>? (Formular de solicitare a unui deviz online): <strong>Nu<\/strong><\/li>\n<li> Informa\u021bii clare pe site-ul web: <strong>Nu chiar.<\/strong>, site-ul este lent \u0219i con\u021bine pu\u021bine informa\u021bii.<\/li>\n<li> Apartenen\u021ba la organiza\u021bii interna\u021bionale recunoscute \u00een domeniul mut\u0103rii: <strong>Da<\/strong><\/li>\n<li> Lista de clien\u021bi \u0219i\/sau m\u0103rturii ale clien\u021bilor anteriori: <strong>Nu,<\/strong> \u0219i nu am g\u0103sit nicio recenzie online.<\/li>\n<\/ol>\n<div itemprop=\"reviewRating\" itemscope itemtype=\"http:\/\/schema.org\/Rating\"><meta itemprop=\"worstRating\" content = \"0\" \/><meta itemprop=\"bestRating\" content=\"5\" \/><meta itemprop=\"ratingValue\" content=\"4\"><\/div>\n<p><strong>Scor general: 4\/5<\/strong> - <em>V\u0103 rug\u0103m s\u0103 re\u021bine\u021bi c\u0103 acest scor reflect\u0103 Arpin Van Lines, deoarece exist\u0103 prea pu\u021bine informa\u021bii pentru a face o evaluare separat\u0103 pentru Arpin International. <\/em><br \/>\n<strong>Data revizuirii:<\/strong> <span itemprop=\"datePublished\" content=\"2016-10-12\">12\/10\/16<\/span>\n<\/div>\n<p>Citi\u021bi mai multe despre <a href=\"https:\/\/moverdb.com\/ro\/moving-companies\/\" target=\"_blank\" rel=\"noopener\">companii interna\u021bionale de mutare<\/a>, <a href=\"https:\/\/moverdb.com\/ro\/mutari-internationale\/\">companii de mut\u0103ri<\/a> \u0219i a noastr\u0103 <a href=\"https:\/\/moverdb.com\/ro\/comentarii\/\">procesul de revizuire<\/a>.<\/p>\n<p><strong>Site web:<\/strong> <a href=\"http:\/\/www.arpinintl.com\/\" target=\"_blank\" rel=\"noopener\">http:\/\/www.arpinintl.com\/<\/a><\/p>","protected":false},"excerpt":{"rendered":"<p>Arpin International is a global removals company and with many services which are listed below. Also read their company profile and reviews. Please note that it&#8217;s the international branch of American moving company Arpin Van Lines. International Moves Door to door service Packing and unpacking Dedicated International Move Coordinator (IMC) IMC available by telephone, fax [&hellip;]<\/p>\n","protected":false},"author":1,"featured_media":0,"parent":0,"menu_order":0,"comment_status":"closed","ping_status":"closed","template":"","meta":{"_genesis_hide_title":false,"_genesis_hide_breadcrumbs":false,"_genesis_hide_singular_image":false,"_genesis_hide_footer_widgets":false,"_genesis_custom_body_class":"","_genesis_custom_post_class":"","_genesis_layout":"","footnotes":""},"class_list":{"0":"post-908","1":"page","2":"type-page","3":"status-publish","5":"entry"},"_links":{"self":[{"href":"https:\/\/moverdb.com\/ro\/wp-json\/wp\/v2\/pages\/908","targetHints":{"allow":["GET"]}}],"collection":[{"href":"https:\/\/moverdb.com\/ro\/wp-json\/wp\/v2\/pages"}],"about":[{"href":"https:\/\/moverdb.com\/ro\/wp-json\/wp\/v2\/types\/page"}],"author":[{"embeddable":true,"href":"https:\/\/moverdb.com\/ro\/wp-json\/wp\/v2\/users\/1"}],"replies":[{"embeddable":true,"href":"https:\/\/moverdb.com\/ro\/wp-json\/wp\/v2\/comments?post=908"}],"version-history":[{"count":4,"href":"https:\/\/moverdb.com\/ro\/wp-json\/wp\/v2\/pages\/908\/revisions"}],"predecessor-version":[{"id":6175,"href":"https:\/\/moverdb.com\/ro\/wp-json\/wp\/v2\/pages\/908\/revisions\/6175"}],"wp:attachment":[{"href":"https:\/\/moverdb.com\/ro\/wp-json\/wp\/v2\/media?parent=908"}],"curies":[{"name":"wp","href":"https:\/\/api.w.org\/{rel}","templated":true}]}}