{"id":895,"date":"2016-10-11T05:16:54","date_gmt":"2016-10-11T05:16:54","guid":{"rendered":"http:\/\/moverdb.com\/?page_id=895"},"modified":"2026-01-08T14:48:03","modified_gmt":"2026-01-08T14:48:03","slug":"constantine-moving","status":"publish","type":"page","link":"https:\/\/moverdb.com\/ro\/constantine-moving\/","title":{"rendered":"Constantine Moving: Impresii de mut\u0103ri interna\u021bionale"},"content":{"rendered":"<p>Serviciile oferite de Constantine Moving sunt enumerate mai jos, urmate de un profil al companiei \u0219i de recenzii.<\/p>\n<p><strong>Interna\u021bional Home Moving<\/strong><\/p>\n<ul>\n<li> \u00cent\u00e2lnire \u00eenainte de mutare<\/li>\n<li> Ofert\u0103 gratuit\u0103, plan de mutare \u0219i calendar<\/li>\n<li> Echipa de ambalare cu experien\u021b\u0103 profesional\u0103 de \u00eenalt\u0103 calificare<\/li>\n<li> Depozitare disponibil\u0103<\/li>\n<li> Transport maritim<\/li>\n<li> Transport aerian<\/li>\n<li> Transport rutier<\/li>\n<li> V\u0103muire<\/li>\n<li> Livrare la noua locuin\u021b\u0103<\/li>\n<li> Despachetarea \u0219i reasamblarea mobilierului<\/li>\n<li> \u00cendep\u0103rtarea tuturor ambalajelor pentru reciclare<\/li>\n<\/ul>\n<p><strong>Fine Art Moving<\/strong><\/p>\n<ul>\n<li> Cazuri de design \u0219i \u021bes\u0103turi pentru orice dimensiune a obiectului<\/li>\n<li> Coordonator de proiect dedicat<\/li>\n<li> Materiale de ambalare specializate<\/li>\n<li> Tehnicieni de ambalare cu preg\u0103tire profesional\u0103, cu experien\u021b\u0103 \u00eenalt\u0103<\/li>\n<li> Transporturi rutiere, aeriene sau maritime<\/li>\n<li> Instala\u021bi totul, de la obiecte mici \u0219i delicate la piese mari de muzeu<\/li>\n<li> Tehnicienii transport\u0103 echipamente de manipulare, cum ar fi schele, sc\u0103ri etc.<\/li>\n<li> Depozitare \u00eentr-un mediu cu umiditate controlat\u0103, cu CCTV 24 de ore din 24<\/li>\n<li> Decantoare de muzeu<\/li>\n<li> Galeria de instala\u021bii<\/li>\n<li> Reloc\u0103ri de colec\u021bii \u00eentregi<\/li>\n<\/ul>\n<p><strong>Depozitare<\/strong><\/p>\n<ul>\n<li> Facilit\u0103\u021bi de depozitare protejate prin m\u0103suri de securitate extinse<\/li>\n<li> Mediu cu umiditate controlat\u0103 pentru a proteja comorile depozitate<\/li>\n<\/ul>\n<p><strong>Servicii auxiliare<\/strong><\/p>\n<ul>\n<li> <a href=\"https:\/\/moverdb.com\/ro\/car-transport-shipping\/\" data-internallinksmanager029f6b8e52c=\"2\" title=\"2026 Transport auto interna\u021bional \u0219i oferte de transport maritim de vehicule\">Transport auto<\/a> &amp; Depozitare<\/li>\n<li> Transportul animalelor de companie<\/li>\n<li> Lucr\u0103tor manual (demontarea \u0219i remontarea mobilierului specializat, a echipamentelor etc.)<\/li>\n<li> Imagine ag\u0103\u021bat\u0103\/Instalare de art\u0103<\/li>\n<li> Ambalaje speciale (pentru obiecte fragile sau de mare valoare)<\/li>\n<li> Cur\u0103\u021benie \u00een cas\u0103<\/li>\n<li> Maid Service (sp\u0103lare, aranjare de <a href=\"https:\/\/moverdb.com\/ro\/moving-to-china\/\" data-internallinksmanager029f6b8e52c=\"357\" title=\"V\u0103 muta\u021bi \u00een China? 2026 Costurile de trai \u0219i sfaturi de relocare\">china<\/a>, sticl\u0103rie, haine etc.)<\/li>\n<li> Electrician sau instalator<\/li>\n<li> Deconectarea \u0219i reinstalarea antenei TV prin satelit<\/li>\n<li> \u00cendep\u0103rtare \"sigur\u0103\" de c\u0103tre speciali\u0219ti<\/li>\n<li> Demontarea \u0219i reinstalarea ramei ferestrelor \u0219i u\u0219ilor<\/li>\n<li> Ascensor exterior (ascensor specializat) pentru accesul la re\u0219edin\u021b\u0103 prin etajele superioare<\/li>\n<li> \u00cenchiriere de mobilier<\/li>\n<li> Restaurarea \u0219i repararea mobilei<\/li>\n<\/ul>\n<h2>Profilul companiei Constantine Moving<\/h2>\n<p>Grupul de companii Constantine a \u00eenceput la mijlocul secolului al XIX-lea, c\u00e2nd Joseph Constantine \u0219i al\u021bi membri ai familiei au cump\u0103rat o companie care de\u021binea nave cu vele. \u00cen momentul \u00een care aburul a dep\u0103\u0219it p\u00e2nzele, grupul Constantine s-a extins p\u00e2n\u0103 la punctul \u00een care a devenit unul dintre cei mai mari armatori de nave din \u00eentreaga lume. <a href=\"https:\/\/moverdb.com\/ro\/moving-to-the-uk\/\" data-internallinksmanager029f6b8e52c=\"93\" title=\"V\u0103 muta\u021bi \u00een Regatul Unit? 2026 Costurile vie\u021bii \u0219i sfaturi de relocare\">MAREA BRITANIE<\/a>.<\/p>\n<p>Primul \u0219i al Doilea R\u0103zboi Mondial le-au luat din p\u0103cate navele, a\u0219a c\u0103 grupul s-a orientat c\u0103tre c\u0103l\u0103torii, <a href=\"https:\/\/moverdb.com\/ro\/expeditor-de-marfuri\/\">expediere de m\u0103rfuri<\/a> \u0219i investi\u021bii imobiliare. \u00cen prezent, Constantine Moving se concentreaz\u0103 pe mutarea oamenilor \u0219i a operelor de art\u0103 \u00een \u00eentreaga lume. Ei de\u021bin cu m\u00e2ndrie un mandat regal de numire \u00een semn de recunoa\u0219tere a serviciilor lor pentru Regina Elisabeta a II-a.<\/p>\n<p>Constantine Moving Afilieri \u0219i acredit\u0103ri:<\/p>\n<ul>\n<li> <a href=\"https:\/\/moverdb.com\/ro\/asociatia-britanica-a-demolatorilor\/\">Asocia\u021bia Britanic\u0103 a Transportatorilor<\/a> (<a href=\"https:\/\/moverdb.com\/ro\/british-association-of-removers\/\" data-internallinksmanager029f6b8e52c=\"9\" title=\"Asocia\u021bia Britanic\u0103 a Transportatorilor (BAR) Explica\u021bii\">BAR<\/a>)<\/li>\n<li> <a href=\"https:\/\/moverdb.com\/ro\/fidi-faim\/\">FIDI<\/a><\/li>\n<li> <a href=\"https:\/\/moverdb.com\/ro\/fidi-faim\/\">FAIM<\/a><\/li>\n<li> Institutul pentru standarde comerciale (TSI)<\/li>\n<li> <a href=\"https:\/\/moverdb.com\/ro\/sunt\/\">Asocia\u021bia Interna\u021bional\u0103 a Transportatorilor<\/a> (<a href=\"https:\/\/moverdb.com\/ro\/iam\/\" data-internallinksmanager029f6b8e52c=\"23\" title=\"Explica\u021bii despre Asocia\u021bia Interna\u021bional\u0103 a Transportatorilor (IAM)\">IAM<\/a>)<\/li>\n<li> \u00cent\u00e2lnirea Interna\u021bional\u0103 a Transportatorilor de Art\u0103 (ARTIM)<\/li>\n<li> Prin numire la Majestatea Sa Regina<\/li>\n<\/ul>\n<h2>Constantine Moving Recenzii<\/h2>\n<p><em>\u00cen prezent nu exist\u0103 recenzii pozitive sau negative pentru Constantine Moving online.<\/em><\/p>\n<div itemprop=\"review\" itemscope itemtype=\"http:\/\/schema.org\/Review\">\n<span itemprop=\"author\" itemscope=\"\" itemtype=\"http:\/\/schema.org\/Organization\"><span itemprop=\"name\">MoverDB.com<\/span><\/span> Revizuirea online a site-ului pentru <span itemprop=\"itemreviewed\" itemscope=\"\" itemtype=\"http:\/\/schema.org\/Brand\"><span itemprop=\"name\">Constantine Moving<\/span><\/span>:<\/p>\n<ol>\n<li> Detalii de contact clare pe site-ul web (inclusiv num\u0103rul de telefon): <strong>Da<\/strong><\/li>\n<li> U\u0219or de ob\u021binut <a href=\"https:\/\/moverdb.com\/ro\/citate\/\">citate de mut\u0103ri interna\u021bionale<\/a>? (Formular de solicitare a unui deviz online): <strong>Nu<\/strong><\/li>\n<li> Informa\u021bii clare pe site-ul web: <strong>Unii,<\/strong> Site-ul nu con\u021bine multe informa\u021bii detaliate. Acesta este furnizat \u00een faza de planificare.<\/li>\n<li> Apartenen\u021ba la organiza\u021bii interna\u021bionale recunoscute \u00een domeniul mut\u0103rii: <strong>Da<\/strong>, a se vedea mai sus.<\/li>\n<li> Lista de clien\u021bi \u0219i\/sau m\u0103rturii ale clien\u021bilor anteriori: <strong>Nu<\/strong>, de\u0219i regina Elisabeta a II-a \u0219i familia regal\u0103 se num\u0103r\u0103 printre clien\u021bii lor.<\/li>\n<\/ol>\n<div itemprop=\"reviewRating\" itemscope itemtype=\"http:\/\/schema.org\/Rating\"><meta itemprop=\"worstRating\" content = \"0\" \/><meta itemprop=\"bestRating\" content=\"5\" \/><meta itemprop=\"ratingValue\" content=\"4\"><\/div>\n<p><strong>Scor general: 4\/5<\/strong><br \/>\n<strong>Data revizuirii:<\/strong> <span itemprop=\"datePublished\" content=\"2016-10-11\">11\/10\/16<\/span>\n<\/div>\n<p>Citi\u021bi mai multe despre <a href=\"https:\/\/moverdb.com\/ro\/mutari-internationale\/\">companii interna\u021bionale de mutare<\/a> \u0219i a noastr\u0103 <a href=\"https:\/\/moverdb.com\/ro\/comentarii\/\">procesul de revizuire<\/a>.<\/p>\n<p><strong>Site web:<\/strong> <a href=\"http:\/\/www.constantinemoving.com\/\" target=\"_blank\" rel=\"noopener\">http:\/\/www.constantinemoving.com\/<\/a><\/p>","protected":false},"excerpt":{"rendered":"<p>The services of Constantine Moving are listed below, following by a company profile and reviews. International Home Moving Pre-move appointment Free quote, move plan and timetable Highly experienced professionally trained packing crew Storage available Sea shipment Air shipment Road transportation Customs clearance Delivery to new home Unpacking and reassembling of furniture Removal of all packing [&hellip;]<\/p>\n","protected":false},"author":1,"featured_media":0,"parent":0,"menu_order":0,"comment_status":"closed","ping_status":"closed","template":"","meta":{"_genesis_hide_title":false,"_genesis_hide_breadcrumbs":false,"_genesis_hide_singular_image":false,"_genesis_hide_footer_widgets":false,"_genesis_custom_body_class":"","_genesis_custom_post_class":"","_genesis_layout":"","footnotes":""},"class_list":{"0":"post-895","1":"page","2":"type-page","3":"status-publish","5":"entry"},"_links":{"self":[{"href":"https:\/\/moverdb.com\/ro\/wp-json\/wp\/v2\/pages\/895","targetHints":{"allow":["GET"]}}],"collection":[{"href":"https:\/\/moverdb.com\/ro\/wp-json\/wp\/v2\/pages"}],"about":[{"href":"https:\/\/moverdb.com\/ro\/wp-json\/wp\/v2\/types\/page"}],"author":[{"embeddable":true,"href":"https:\/\/moverdb.com\/ro\/wp-json\/wp\/v2\/users\/1"}],"replies":[{"embeddable":true,"href":"https:\/\/moverdb.com\/ro\/wp-json\/wp\/v2\/comments?post=895"}],"version-history":[{"count":3,"href":"https:\/\/moverdb.com\/ro\/wp-json\/wp\/v2\/pages\/895\/revisions"}],"predecessor-version":[{"id":6195,"href":"https:\/\/moverdb.com\/ro\/wp-json\/wp\/v2\/pages\/895\/revisions\/6195"}],"wp:attachment":[{"href":"https:\/\/moverdb.com\/ro\/wp-json\/wp\/v2\/media?parent=895"}],"curies":[{"name":"wp","href":"https:\/\/api.w.org\/{rel}","templated":true}]}}