{"id":8914,"date":"2023-04-27T14:27:27","date_gmt":"2023-04-27T14:27:27","guid":{"rendered":"https:\/\/moverdb.com\/?page_id=8914"},"modified":"2026-01-08T15:24:51","modified_gmt":"2026-01-08T15:24:51","slug":"moving-companies-poland","status":"publish","type":"page","link":"https:\/\/moverdb.com\/ro\/moving-companies\/moving-companies-poland\/","title":{"rendered":"4 Cele mai bune companii de mutare interna\u021bional\u0103 \u00een Polonia"},"content":{"rendered":"<p>Dac\u0103 v\u0103 muta\u021bi casa sau afacerea, este posibil s\u0103 dori\u021bi s\u0103 apela\u021bi la serviciile unui <a href=\"https:\/\/moverdb.com\/ro\/moving-companies\/\" data-internallinksmanager029f6b8e52c=\"79\" title=\"Top 25 Companii interna\u021bionale de mutare online\">companie \u00een mi\u0219care<\/a> pentru a reduce stresul \u0219i volumul de munc\u0103 implicat. Dac\u0103 v\u0103 deplasa\u021bi \u00een interiorul, spre sau dinspre <a href=\"https:\/\/moverdb.com\/ro\/moving-to-poland\/\" data-internallinksmanager029f6b8e52c=\"378\" title=\"V\u0103 muta\u021bi \u00een Polonia? 2026 Costurile de trai \u0219i sfaturi de relocare\">Polonia<\/a>, apoi mai jos polonez <a href=\"https:\/\/moverdb.com\/ro\/international-removals\/\" data-internallinksmanager029f6b8e52c=\"27\" title=\"36 Cele mai bune companii de mut\u0103ri interna\u021bionale din Marea Britanie\">companii de mutare<\/a> care sunt membri ai grupului <a href=\"https:\/\/moverdb.com\/ro\/iam\/\" data-internallinksmanager029f6b8e52c=\"23\" title=\"Explica\u021bii despre Asocia\u021bia Interna\u021bional\u0103 a Transportatorilor (IAM)\">Asocia\u021bia Interna\u021bional\u0103 a Transportatorilor<\/a> (IAM) \u0219i\/sau <a href=\"https:\/\/moverdb.com\/ro\/fidi-faim\/\" data-internallinksmanager029f6b8e52c=\"16\" title=\"FIDI &amp; FAIM (FIDI Accredited International Mover) Explicat\">FIDI<\/a> Accredited International Mover (FAIM) v\u0103 poate ajuta cu mutarea dumneavoastr\u0103.<\/p>\n<div id=\"ez-toc-container\" class=\"ez-toc-v2_0_82_2 ez-toc-wrap-left counter-hierarchy ez-toc-counter ez-toc-transparent ez-toc-container-direction\">\n<div class=\"ez-toc-title-container\">\n<p class=\"ez-toc-title\" style=\"cursor:inherit\">Sec\u021biuni<\/p>\n<span class=\"ez-toc-title-toggle\"><a href=\"#\" class=\"ez-toc-pull-right ez-toc-btn ez-toc-btn-xs ez-toc-btn-default ez-toc-toggle\" aria-label=\"Comuta\u021bi tabelul de con\u021binut\"><span class=\"ez-toc-js-icon-con\"><span class=\"\"><span class=\"eztoc-hide\" style=\"display:none;\">Toggle<\/span><span class=\"ez-toc-icon-toggle-span\"><svg style=\"fill: #999;color:#999\" xmlns=\"http:\/\/www.w3.org\/2000\/svg\" class=\"list-377408\" width=\"20px\" height=\"20px\" viewbox=\"0 0 24 24\" fill=\"none\"><path d=\"M6 6H4v2h2V6zm14 0H8v2h12V6zM4 11h2v2H4v-2zm16 0H8v2h12v-2zM4 16h2v2H4v-2zm16 0H8v2h12v-2z\" fill=\"currentColor\"><\/path><\/svg><svg style=\"fill: #999;color:#999\" class=\"arrow-unsorted-368013\" xmlns=\"http:\/\/www.w3.org\/2000\/svg\" width=\"10px\" height=\"10px\" viewbox=\"0 0 24 24\" version=\"1.2\" baseprofile=\"tiny\"><path d=\"M18.2 9.3l-6.2-6.3-6.2 6.3c-.2.2-.3.4-.3.7s.1.5.3.7c.2.2.4.3.7.3h11c.3 0 .5-.1.7-.3.2-.2.3-.5.3-.7s-.1-.5-.3-.7zM5.8 14.7l6.2 6.3 6.2-6.3c.2-.2.3-.5.3-.7s-.1-.5-.3-.7c-.2-.2-.4-.3-.7-.3h-11c-.3 0-.5.1-.7.3-.2.2-.3.5-.3.7s.1.5.3.7z\"\/><\/svg><\/span><\/span><\/span><\/a><\/span><\/div>\n<nav><ul class='ez-toc-list ez-toc-list-level-1 eztoc-toggle-hide-by-default' ><li class='ez-toc-page-1 ez-toc-heading-level-2'><a class=\"ez-toc-link ez-toc-heading-1\" href=\"https:\/\/moverdb.com\/ro\/moving-companies\/moving-companies-poland\/#1_AGS_Group\" >1. Grupul AGS<\/a><\/li><li class='ez-toc-page-1 ez-toc-heading-level-2'><a class=\"ez-toc-link ez-toc-heading-2\" href=\"https:\/\/moverdb.com\/ro\/moving-companies\/moving-companies-poland\/#2_MK_Relocation\" >2. MK Relocarea MK<\/a><\/li><li class='ez-toc-page-1 ez-toc-heading-level-2'><a class=\"ez-toc-link ez-toc-heading-3\" href=\"https:\/\/moverdb.com\/ro\/moving-companies\/moving-companies-poland\/#3_Santa_Fe_Relocation\" >3. Relocarea Santa Fe<\/a><\/li><li class='ez-toc-page-1 ez-toc-heading-level-2'><a class=\"ez-toc-link ez-toc-heading-4\" href=\"https:\/\/moverdb.com\/ro\/moving-companies\/moving-companies-poland\/#4_Universal_Express_Worldwide_Movers\" >4. Universal Express Worldwide Movers<\/a><\/li><li class='ez-toc-page-1 ez-toc-heading-level-2'><a class=\"ez-toc-link ez-toc-heading-5\" href=\"https:\/\/moverdb.com\/ro\/moving-companies\/moving-companies-poland\/#Other_Useful_Guides_to_Poland\" >Alte ghiduri utile pentru Polonia<\/a><\/li><\/ul><\/nav><\/div>\n<h2><span class=\"ez-toc-section\" id=\"1_AGS_Group\"><\/span><strong>1. Grupul AGS<\/strong><span class=\"ez-toc-section-end\"><\/span><\/h2>\n<p><img loading=\"lazy\" decoding=\"async\" class=\"alignnone size-full wp-image-8915\" src=\"https:\/\/moverdb.com\/wp-content\/uploads\/AGS-Global-Solutions-Poland-international-moving-company.png\" alt=\"AGS Global Solutions Polonia companie de mut\u0103ri interna\u021bionale\" width=\"1440\" height=\"710\" data-wp-pid=\"8915\" srcset=\"https:\/\/moverdb.com\/wp-content\/uploads\/AGS-Global-Solutions-Poland-international-moving-company.png 1440w, https:\/\/moverdb.com\/wp-content\/uploads\/AGS-Global-Solutions-Poland-international-moving-company-300x148.png 300w, https:\/\/moverdb.com\/wp-content\/uploads\/AGS-Global-Solutions-Poland-international-moving-company-1024x505.png 1024w, https:\/\/moverdb.com\/wp-content\/uploads\/AGS-Global-Solutions-Poland-international-moving-company-18x9.png 18w, https:\/\/moverdb.com\/wp-content\/uploads\/AGS-Global-Solutions-Poland-international-moving-company-600x296.png 600w\" sizes=\"auto, (max-width: 1440px) 100vw, 1440px\" \/><\/p>\n<ul>\n<li>Mi\u0219c\u0103ri na\u021bionale<\/li>\n<li>Mut\u0103ri interna\u021bionale<\/li>\n<li>Mut\u0103ri reziden\u021biale<\/li>\n<li>Mi\u0219c\u0103ri de afaceri<\/li>\n<li>Serviciul de ambalare<\/li>\n<li>Transport terestru, maritim \u0219i aerian<\/li>\n<li>Urm\u0103rire online<\/li>\n<li>Manipularea artelor frumoase<\/li>\n<li>Transferul vehiculului<\/li>\n<li>Depozitare securizat\u0103<\/li>\n<\/ul>\n<p>AGS Group este o companie interna\u021bional\u0103 de mut\u0103ri \u0219i reloc\u0103ri care activeaz\u0103 din 1974, cu 146 de birouri \u00een 97 de \u021b\u0103ri din \u00eentreaga lume, inclusiv \u00een Var\u0219ovia, Polonia, care a fost \u00eenfiin\u021bat\u0103 \u00een 1992. Ei sunt acredita\u021bi de FIDI.<\/p>\n<p>AGS Group v\u0103 ofer\u0103 o inspec\u021bie a locuin\u021bei \u0219i o ofert\u0103 personalizat\u0103 \u00een func\u021bie de nevoile dumneavoastr\u0103. Ace\u0219tia au dezvoltat materiale \u0219i metode inovatoare de ambalare pentru a v\u0103 proteja bunurile \u0219i sunt, de asemenea, ecologice. Ei vor aranja transportul terestru, aerian sau maritim, iar dumneavoastr\u0103 pute\u021bi urm\u0103ri progresul online. Ofer\u0103 servicii suplimentare, printre care se num\u0103r\u0103 manipularea operelor de art\u0103, transferul vehiculelor \u0219i depozitarea securizat\u0103.<\/p>\n<p>Site web: <a href=\"https:\/\/www.ags-globalsolutions.com\/\" target=\"_blank\" rel=\"noopener\">https:\/\/www.ags-globalsolutions.com\/<\/a><\/p>\n<h2><span class=\"ez-toc-section\" id=\"2_MK_Relocation\"><\/span><strong>2. MK Relocarea MK<\/strong><span class=\"ez-toc-section-end\"><\/span><\/h2>\n<p><img loading=\"lazy\" decoding=\"async\" class=\"alignnone size-full wp-image-8825\" src=\"https:\/\/moverdb.com\/wp-content\/uploads\/MK-Relocations-international-moving-company.png\" alt=\"MK Relocations companie de mutare interna\u021bional\u0103\" width=\"1440\" height=\"679\" data-wp-pid=\"8825\" srcset=\"https:\/\/moverdb.com\/wp-content\/uploads\/MK-Relocations-international-moving-company.png 1440w, https:\/\/moverdb.com\/wp-content\/uploads\/MK-Relocations-international-moving-company-300x141.png 300w, https:\/\/moverdb.com\/wp-content\/uploads\/MK-Relocations-international-moving-company-1024x483.png 1024w, https:\/\/moverdb.com\/wp-content\/uploads\/MK-Relocations-international-moving-company-18x8.png 18w, https:\/\/moverdb.com\/wp-content\/uploads\/MK-Relocations-international-moving-company-600x283.png 600w\" sizes=\"auto, (max-width: 1440px) 100vw, 1440px\" \/><\/p>\n<ul>\n<li>Mi\u0219c\u0103ri na\u021bionale<\/li>\n<li>Mut\u0103ri interna\u021bionale<\/li>\n<li>Mutarea gospod\u0103riei<\/li>\n<li>Mutarea birourilor \u0219i a depozitelor<\/li>\n<li>Serviciu din u\u0219\u0103 \u00een u\u0219\u0103<\/li>\n<li>Serviciul de ambalare<\/li>\n<li>Organizarea transportului<\/li>\n<li>V\u0103muire<\/li>\n<li>Asigurare<\/li>\n<li>Facilit\u0103\u021bi de depozitare<\/li>\n<\/ul>\n<p>MK Relocation este un specialist \u00een mut\u0103ri \u0219i reloc\u0103ri cu sediul \u00een Var\u0219ovia. Ofer\u0103 servicii de mutare \u00een, spre \u0219i dinspre Polonia. Sunt acredita\u021bi de FIDI, ceea ce le ofer\u0103 acces la o re\u021bea interna\u021bional\u0103 de agen\u021bi de mutare care \u00eei sprijin\u0103.<\/p>\n<p>MK Relocation ofer\u0103 o \u00eent\u00e2lnire personalizat\u0103 pentru a discuta nevoile dumneavoastr\u0103 \u0219i ofer\u0103 un serviciu din u\u0219\u0103 \u00een u\u0219\u0103. Ace\u0219tia ofer\u0103 un serviciu de ambalare pentru a v\u0103 proteja bunurile, care include o varietate de materiale de ambalare, cum ar fi cutii dedicate, ambalaje, capace, containere sigilate din plastic \u0219i absorbante de umiditate. Ofer\u0103 servicii suplimentare care includ transportul animalelor de companie, manipularea antichit\u0103\u021bilor \u0219i a obiectelor de art\u0103 \u0219i facilit\u0103\u021bi de depozitare.<\/p>\n<p>Site web: <a href=\"https:\/\/www.mkrelocation.pl\/\" target=\"_blank\" rel=\"noopener\">https:\/\/www.mkrelocation.pl\/<\/a><\/p>\n<h2><span class=\"ez-toc-section\" id=\"3_Santa_Fe_Relocation\"><\/span><strong>3. Relocarea Santa Fe<\/strong><span class=\"ez-toc-section-end\"><\/span><\/h2>\n<p><img loading=\"lazy\" decoding=\"async\" class=\"alignnone size-full wp-image-8851\" src=\"https:\/\/moverdb.com\/wp-content\/uploads\/Santa-Fe-Relocation-Poland-international-moving-company.png\" alt=\"Santa Fe Relocation Polonia companie de mutare interna\u021bional\u0103\" width=\"1440\" height=\"679\" data-wp-pid=\"8851\" srcset=\"https:\/\/moverdb.com\/wp-content\/uploads\/Santa-Fe-Relocation-Poland-international-moving-company.png 1440w, https:\/\/moverdb.com\/wp-content\/uploads\/Santa-Fe-Relocation-Poland-international-moving-company-300x141.png 300w, https:\/\/moverdb.com\/wp-content\/uploads\/Santa-Fe-Relocation-Poland-international-moving-company-1024x483.png 1024w, https:\/\/moverdb.com\/wp-content\/uploads\/Santa-Fe-Relocation-Poland-international-moving-company-18x8.png 18w, https:\/\/moverdb.com\/wp-content\/uploads\/Santa-Fe-Relocation-Poland-international-moving-company-600x283.png 600w\" sizes=\"auto, (max-width: 1440px) 100vw, 1440px\" \/><\/p>\n<ul>\n<li>Mut\u0103ri locale \u0219i na\u021bionale<\/li>\n<li>Mut\u0103ri interna\u021bionale<\/li>\n<li>Mutarea gospod\u0103riei<\/li>\n<li>Mutarea birourilor<\/li>\n<li>Servicii de relocare<\/li>\n<li>Serviciul de ambalare<\/li>\n<li>Transport aerian, maritim \u0219i terestru<\/li>\n<li>V\u0103muire<\/li>\n<li>Transportul animalelor de companie \u0219i al vehiculelor<\/li>\n<li>Facilit\u0103\u021bi de depozitare<\/li>\n<\/ul>\n<p>Santa Fe Relocation este o companie interna\u021bional\u0103 de mut\u0103ri \u0219i reloc\u0103ri care are 64 de birouri \u00een 38 de \u021b\u0103ri, inclusiv unul \u00een Var\u0219ovia, deschis \u00een 1991. Este membr\u0103 a IAM cu 32 de ani de activitate \u0219i este acreditat\u0103 de FIDI.<\/p>\n<p>Santa Fe Relocation ofer\u0103 o consulta\u021bie \u00eenainte de mutare \u0219i un studiu video sau la domiciliu pentru a v\u0103 evalua nevoile. Ofer\u0103 un serviciu complet de \u00eempachetare a bunurilor dumneavoastr\u0103 pentru a le transporta \u00een siguran\u021b\u0103 pe calea aerului, pe mare \u0219i pe uscat, cu v\u0103muire. Serviciile lor de relocare includ c\u0103ut\u0103ri de locuin\u021be \u0219i \u0219coli, servicii de instalare, asisten\u021b\u0103 la plecare, asisten\u021b\u0103 pentru vize \u0219i imigra\u021bie. De asemenea, ofer\u0103 <a href=\"https:\/\/moverdb.com\/ro\/car-transport-shipping\/\" data-internallinksmanager029f6b8e52c=\"2\" title=\"2026 Transport auto interna\u021bional \u0219i oferte de transport maritim de vehicule\">transportul vehiculelor<\/a> \u0219i relocarea animalelor de companie.<\/p>\n<p>Site web: <a href=\"https:\/\/www.santaferelo.com\/en\/contact\/our-offices\/poland-warsaw\/\" target=\"_blank\" rel=\"noopener\">https:\/\/www.santaferelo.com\/en\/contact\/our-offices\/poland-warsaw\/<\/a><\/p>\n<h2><span class=\"ez-toc-section\" id=\"4_Universal_Express_Worldwide_Movers\"><\/span><strong>4. Universal Express Worldwide Movers<\/strong><span class=\"ez-toc-section-end\"><\/span><\/h2>\n<p><img loading=\"lazy\" decoding=\"async\" class=\"alignnone size-full wp-image-8868\" src=\"https:\/\/moverdb.com\/wp-content\/uploads\/Universal-Express-Worldwide-Movers-international-moving-company.png\" alt=\"Universal Express Worldwide Movers companie de mutare interna\u021bional\u0103\" width=\"1440\" height=\"679\" data-wp-pid=\"8868\" srcset=\"https:\/\/moverdb.com\/wp-content\/uploads\/Universal-Express-Worldwide-Movers-international-moving-company.png 1440w, https:\/\/moverdb.com\/wp-content\/uploads\/Universal-Express-Worldwide-Movers-international-moving-company-300x141.png 300w, https:\/\/moverdb.com\/wp-content\/uploads\/Universal-Express-Worldwide-Movers-international-moving-company-1024x483.png 1024w, https:\/\/moverdb.com\/wp-content\/uploads\/Universal-Express-Worldwide-Movers-international-moving-company-18x8.png 18w, https:\/\/moverdb.com\/wp-content\/uploads\/Universal-Express-Worldwide-Movers-international-moving-company-600x283.png 600w\" sizes=\"auto, (max-width: 1440px) 100vw, 1440px\" \/><\/p>\n<ul>\n<li>Muta\u021bii la nivel na\u021bional<\/li>\n<li>Mut\u0103ri interna\u021bionale<\/li>\n<li>Mut\u0103ri reziden\u021biale<\/li>\n<li>Mut\u0103ri de birouri \u0219i industriale<\/li>\n<li>Serviciu din u\u0219\u0103 \u00een u\u0219\u0103<\/li>\n<li>Serviciul de ambalare<\/li>\n<li>Transport terestru, aerian \u0219i maritim<\/li>\n<li>V\u0103muire<\/li>\n<li>Asigurare<\/li>\n<li>Facilit\u0103\u021bi de depozitare<\/li>\n<\/ul>\n<p>Universal Express Worldwide Movers este o companie de mut\u0103ri \u0219i reloc\u0103ri care are filiale \u00een Cracovia, Wroclaw, Poznan \u0219i Gdynia. Ace\u0219tia au o re\u021bea interna\u021bional\u0103 de agen\u021bi de mutare care \u00eei asist\u0103 cu mut\u0103ri \u00een \u00eentreaga lume. Sunt membri ai IAM cu 33 de ani de activitate \u0219i sunt acredita\u021bi de FIDI.<\/p>\n<p>Universal Express Worldwide Movers ofer\u0103 un studiu \u00eenainte de mutare pentru a discuta despre mutarea dumneavoastr\u0103 \u0219i pentru a v\u0103 personaliza planul de mutare. Managerul lor de mut\u0103ri v\u0103 va asista cu un serviciu de la u\u0219\u0103 la u\u0219\u0103, care include ambalarea \u00een siguran\u021b\u0103 a bunurilor dumneavoastr\u0103 pentru tranzit. Acesta se va ocupa de transportul bunurilor dumneavoastr\u0103 pe uscat, pe calea aerului sau pe mare, cu v\u0103muire \u0219i v\u0103 va sf\u0103tui cu privire la asigur\u0103ri.<\/p>\n<p>Site web: <a href=\"http:\/\/www.uer.pl\/\" target=\"_blank\" rel=\"noopener\">http:\/\/www.uer.pl\/<\/a><\/p>\n<h2><span class=\"ez-toc-section\" id=\"Other_Useful_Guides_to_Poland\"><\/span>Alte ghiduri utile pentru Polonia<span class=\"ez-toc-section-end\"><\/span><\/h2>\n<ul>\n<li> <a href=\"https:\/\/moverdb.com\/ro\/transport-maritim-de-containere\/polonia\/\">2024 Tarife de transport maritim de marf\u0103 \u00een containere c\u0103tre \u0219i din Polonia<\/a><\/li>\n<li> <a href=\"https:\/\/moverdb.com\/ro\/cele-mai-bune-servicii-de-transfer-international-de-bani\/money-transfer-companies-poland\/\">10 Cele mai bune companii de transfer de bani din Polonia<\/a><\/li>\n<li> <a href=\"https:\/\/moverdb.com\/ro\/moving-to-poland\/\">V\u0103 muta\u021bi \u00een Polonia? 2026 Costurile de trai \u0219i sfaturi de relocare<\/a><\/li>\n<li> <a href=\"https:\/\/moverdb.com\/ro\/moving-to-poland\/best-places-to-live-poland\/\">12 cele mai bune locuri de locuit \u00een Polonia<\/a><\/li>\n<li> <a href=\"https:\/\/moverdb.com\/ro\/moving-to-poland\/living-in-poland\/\">21 de secrete despre via\u021ba \u00een Polonia de \u0219tiut \u00eenainte de a te muta<\/a><\/li>\n<li> <a href=\"https:\/\/moverdb.com\/ro\/moving-to-poland\/moving-to-poland-from-the-uk\/\">Mutarea \u00een Polonia din Marea Britanie<\/a><\/li>\n<\/ul>","protected":false},"excerpt":{"rendered":"<p>If you are moving home or business, you may want to employ the services of a moving company to reduce the stress and workload involved. If you are moving within, to or from Poland, then the below Polish removal companies that are members of the International Association of Movers (IAM) and\/or FIDI Accredited International Mover [&hellip;]<\/p>\n","protected":false},"author":4,"featured_media":0,"parent":190,"menu_order":0,"comment_status":"closed","ping_status":"closed","template":"","meta":{"_genesis_hide_title":false,"_genesis_hide_breadcrumbs":false,"_genesis_hide_singular_image":false,"_genesis_hide_footer_widgets":false,"_genesis_custom_body_class":"","_genesis_custom_post_class":"","_genesis_layout":"","footnotes":""},"class_list":{"0":"post-8914","1":"page","2":"type-page","3":"status-publish","5":"entry","6":"has-post-thumbnail"},"_links":{"self":[{"href":"https:\/\/moverdb.com\/ro\/wp-json\/wp\/v2\/pages\/8914","targetHints":{"allow":["GET"]}}],"collection":[{"href":"https:\/\/moverdb.com\/ro\/wp-json\/wp\/v2\/pages"}],"about":[{"href":"https:\/\/moverdb.com\/ro\/wp-json\/wp\/v2\/types\/page"}],"author":[{"embeddable":true,"href":"https:\/\/moverdb.com\/ro\/wp-json\/wp\/v2\/users\/4"}],"replies":[{"embeddable":true,"href":"https:\/\/moverdb.com\/ro\/wp-json\/wp\/v2\/comments?post=8914"}],"version-history":[{"count":5,"href":"https:\/\/moverdb.com\/ro\/wp-json\/wp\/v2\/pages\/8914\/revisions"}],"predecessor-version":[{"id":17127,"href":"https:\/\/moverdb.com\/ro\/wp-json\/wp\/v2\/pages\/8914\/revisions\/17127"}],"up":[{"embeddable":true,"href":"https:\/\/moverdb.com\/ro\/wp-json\/wp\/v2\/pages\/190"}],"wp:attachment":[{"href":"https:\/\/moverdb.com\/ro\/wp-json\/wp\/v2\/media?parent=8914"}],"curies":[{"name":"wp","href":"https:\/\/api.w.org\/{rel}","templated":true}]}}