{"id":8912,"date":"2023-04-27T14:28:23","date_gmt":"2023-04-27T14:28:23","guid":{"rendered":"https:\/\/moverdb.com\/?page_id=8912"},"modified":"2026-01-08T15:29:31","modified_gmt":"2026-01-08T15:29:31","slug":"moving-companies-philippines","status":"publish","type":"page","link":"https:\/\/moverdb.com\/ro\/moving-companies\/moving-companies-philippines\/","title":{"rendered":"7 Cele mai bune companii de mutare interna\u021bional\u0103 din Filipine"},"content":{"rendered":"<p>Dac\u0103 v\u0103 muta\u021bi locuin\u021ba sau afacerea \u00een, spre sau dinspre <a href=\"https:\/\/moverdb.com\/ro\/moving-to-the-philippines\/\" data-internallinksmanager029f6b8e52c=\"376\" title=\"V\u0103 muta\u021bi \u00een Filipine? 2026 Costurile vie\u021bii \u0219i sfaturi de relocare\">Filipine<\/a>, este posibil s\u0103 c\u0103uta\u021bi un sprijin care s\u0103 v\u0103 ajute s\u0103 u\u0219ura\u021bi sarcina. <a href=\"https:\/\/moverdb.com\/ro\/moving-companies\/\" data-internallinksmanager029f6b8e52c=\"79\" title=\"Top 25 Companii interna\u021bionale de mutare online\">Companii de mutare<\/a> v\u0103 poate ajuta cu \u00eempachetarea, organizarea transportului \u0219i asisten\u021ba pentru documenta\u021bie. Mai jos am compilat o list\u0103 de companii cu sediul \u00een Filipine <a href=\"https:\/\/moverdb.com\/ro\/international-removals\/\" data-internallinksmanager029f6b8e52c=\"27\" title=\"36 Cele mai bune companii de mut\u0103ri interna\u021bionale din Marea Britanie\">companii de mutare<\/a> care sunt membri ai grupului <a href=\"https:\/\/moverdb.com\/ro\/iam\/\" data-internallinksmanager029f6b8e52c=\"23\" title=\"Explica\u021bii despre Asocia\u021bia Interna\u021bional\u0103 a Transportatorilor (IAM)\">Asocia\u021bia Interna\u021bional\u0103 a Transportatorilor<\/a> (IAM) \u0219i\/sau <a href=\"https:\/\/moverdb.com\/ro\/fidi-faim\/\" data-internallinksmanager029f6b8e52c=\"16\" title=\"FIDI &amp; FAIM (FIDI Accredited International Mover) Explicat\">FIDI<\/a> Accredited International Mover (FAIM), care v\u0103 poate ajuta cu mutarea dumneavoastr\u0103.<\/p>\n<div id=\"ez-toc-container\" class=\"ez-toc-v2_0_82_2 ez-toc-wrap-left counter-hierarchy ez-toc-counter ez-toc-transparent ez-toc-container-direction\">\n<div class=\"ez-toc-title-container\">\n<p class=\"ez-toc-title\" style=\"cursor:inherit\">Sec\u021biuni<\/p>\n<span class=\"ez-toc-title-toggle\"><a href=\"#\" class=\"ez-toc-pull-right ez-toc-btn ez-toc-btn-xs ez-toc-btn-default ez-toc-toggle\" aria-label=\"Comuta\u021bi tabelul de con\u021binut\"><span class=\"ez-toc-js-icon-con\"><span class=\"\"><span class=\"eztoc-hide\" style=\"display:none;\">Toggle<\/span><span class=\"ez-toc-icon-toggle-span\"><svg style=\"fill: #999;color:#999\" xmlns=\"http:\/\/www.w3.org\/2000\/svg\" class=\"list-377408\" width=\"20px\" height=\"20px\" viewbox=\"0 0 24 24\" fill=\"none\"><path d=\"M6 6H4v2h2V6zm14 0H8v2h12V6zM4 11h2v2H4v-2zm16 0H8v2h12v-2zM4 16h2v2H4v-2zm16 0H8v2h12v-2z\" fill=\"currentColor\"><\/path><\/svg><svg style=\"fill: #999;color:#999\" class=\"arrow-unsorted-368013\" xmlns=\"http:\/\/www.w3.org\/2000\/svg\" width=\"10px\" height=\"10px\" viewbox=\"0 0 24 24\" version=\"1.2\" baseprofile=\"tiny\"><path d=\"M18.2 9.3l-6.2-6.3-6.2 6.3c-.2.2-.3.4-.3.7s.1.5.3.7c.2.2.4.3.7.3h11c.3 0 .5-.1.7-.3.2-.2.3-.5.3-.7s-.1-.5-.3-.7zM5.8 14.7l6.2 6.3 6.2-6.3c.2-.2.3-.5.3-.7s-.1-.5-.3-.7c-.2-.2-.4-.3-.7-.3h-11c-.3 0-.5.1-.7.3-.2.2-.3.5-.3.7s.1.5.3.7z\"\/><\/svg><\/span><\/span><\/span><\/a><\/span><\/div>\n<nav><ul class='ez-toc-list ez-toc-list-level-1 eztoc-toggle-hide-by-default' ><li class='ez-toc-page-1 ez-toc-heading-level-2'><a class=\"ez-toc-link ez-toc-heading-1\" href=\"https:\/\/moverdb.com\/ro\/moving-companies\/moving-companies-philippines\/#1_Asia_Relocation\" >1. Relocarea \u00een Asia<\/a><\/li><li class='ez-toc-page-1 ez-toc-heading-level-2'><a class=\"ez-toc-link ez-toc-heading-2\" href=\"https:\/\/moverdb.com\/ro\/moving-companies\/moving-companies-philippines\/#2_Consolidated_Strategies_Solutions\" >2. Strategii \u0219i solu\u021bii consolidate<\/a><\/li><li class='ez-toc-page-1 ez-toc-heading-level-2'><a class=\"ez-toc-link ez-toc-heading-3\" href=\"https:\/\/moverdb.com\/ro\/moving-companies\/moving-companies-philippines\/#3_Dads_Moving_Storage\" >3. Tata's Moving &amp; Storage<\/a><\/li><li class='ez-toc-page-1 ez-toc-heading-level-2'><a class=\"ez-toc-link ez-toc-heading-4\" href=\"https:\/\/moverdb.com\/ro\/moving-companies\/moving-companies-philippines\/#4_Global_Logistics_Services\" >4. Servicii logistice globale<\/a><\/li><li class='ez-toc-page-1 ez-toc-heading-level-2'><a class=\"ez-toc-link ez-toc-heading-5\" href=\"https:\/\/moverdb.com\/ro\/moving-companies\/moving-companies-philippines\/#5_Goetz_Moving_Storage\" >5. Goetz Moving &amp; Storage<\/a><\/li><li class='ez-toc-page-1 ez-toc-heading-level-2'><a class=\"ez-toc-link ez-toc-heading-6\" href=\"https:\/\/moverdb.com\/ro\/moving-companies\/moving-companies-philippines\/#6_Melcon_Worldwide_Logistics\" >6. Melcon Worldwide Logistics<\/a><\/li><li class='ez-toc-page-1 ez-toc-heading-level-2'><a class=\"ez-toc-link ez-toc-heading-7\" href=\"https:\/\/moverdb.com\/ro\/moving-companies\/moving-companies-philippines\/#7_Santa_Fe_Relocation\" >7. Relocarea Santa Fe<\/a><\/li><li class='ez-toc-page-1 ez-toc-heading-level-2'><a class=\"ez-toc-link ez-toc-heading-8\" href=\"https:\/\/moverdb.com\/ro\/moving-companies\/moving-companies-philippines\/#Other_Useful_Guides_to_the_Philippines\" >Alte ghiduri utile pentru Filipine<\/a><\/li><\/ul><\/nav><\/div>\n<h2><span class=\"ez-toc-section\" id=\"1_Asia_Relocation\"><\/span><strong>1. Relocarea \u00een Asia<\/strong><span class=\"ez-toc-section-end\"><\/span><\/h2>\n<p><img loading=\"lazy\" decoding=\"async\" class=\"alignnone size-full wp-image-8759\" src=\"https:\/\/moverdb.com\/wp-content\/uploads\/Asia-Relocation-international-moving-company.png\" alt=\"Asia Relocation companie de mutare interna\u021bional\u0103\" width=\"1440\" height=\"677\" data-wp-pid=\"8759\" srcset=\"https:\/\/moverdb.com\/wp-content\/uploads\/Asia-Relocation-international-moving-company.png 1440w, https:\/\/moverdb.com\/wp-content\/uploads\/Asia-Relocation-international-moving-company-300x141.png 300w, https:\/\/moverdb.com\/wp-content\/uploads\/Asia-Relocation-international-moving-company-1024x481.png 1024w, https:\/\/moverdb.com\/wp-content\/uploads\/Asia-Relocation-international-moving-company-18x8.png 18w, https:\/\/moverdb.com\/wp-content\/uploads\/Asia-Relocation-international-moving-company-600x282.png 600w\" sizes=\"auto, (max-width: 1440px) 100vw, 1440px\" \/><\/p>\n<ul>\n<li>Mut\u0103ri locale<\/li>\n<li>Mut\u0103ri interna\u021bionale<\/li>\n<li>Mutarea gospod\u0103riei<\/li>\n<li>Mutarea birourilor<\/li>\n<li>Serviciul de ambalare<\/li>\n<li>Aranjamente de transport<\/li>\n<li>Vize \u0219i imigra\u021bie<\/li>\n<li>Transportul vehiculelor \u0219i al animalelor de companie<\/li>\n<li>Asigurare<\/li>\n<li>Depozitare pe termen scurt \u0219i lung<\/li>\n<\/ul>\n<p>Asia Relocation ofer\u0103 solu\u021bii gestionate de mutare interna\u021bional\u0103 \u0219i are sediul \u00een ora\u0219ul Makati. Ace\u0219tia lucreaz\u0103 cu furnizori \u0219i agen\u021bi care corespund standardelor lor de calitate pentru a-i ajuta \u00een furnizarea de servicii interna\u021bionale. Ei sunt membri ai IAM cu 12 ani de activitate.<\/p>\n<p>Asia Relocation ofer\u0103 o gam\u0103 larg\u0103 de servicii de mutare \u0219i relocare, care includ mut\u0103ri na\u021bionale \u0219i interna\u021bionale, servicii de viz\u0103 \u0219i de imigrare, <a href=\"https:\/\/moverdb.com\/ro\/car-transport-shipping\/\" data-internallinksmanager029f6b8e52c=\"2\" title=\"2026 Transport auto interna\u021bional \u0219i oferte de transport maritim de vehicule\">transportul vehiculelor<\/a>, op\u021biuni de relocare \u0219i depozitare a animalelor de companie. Ace\u0219tia v\u0103 vor oferi un plan de mutare personalizat, un serviciu complet de ambalare \u0219i aranjarea transportului. Ofer\u0103 servicii de relocalizare, inclusiv c\u0103utarea de locuin\u021be \u0219i \u0219coli, cazare temporar\u0103, orientare \u0219i leasing de vehicule.<\/p>\n<p>Site web: <a href=\"https:\/\/asia-relocation.com\/\" target=\"_blank\" rel=\"noopener\">https:\/\/asia-relocation.com\/<\/a><\/p>\n<h2><span class=\"ez-toc-section\" id=\"2_Consolidated_Strategies_Solutions\"><\/span><strong>2. Strategii \u0219i solu\u021bii consolidate<\/strong><span class=\"ez-toc-section-end\"><\/span><\/h2>\n<p><img loading=\"lazy\" decoding=\"async\" class=\"alignnone size-full wp-image-8778\" src=\"https:\/\/moverdb.com\/wp-content\/uploads\/Consolidated-Strategies-Solutions-international-moving-company.png\" alt=\"Consolidated Strategies &amp; Solutions companie de mut\u0103ri interna\u021bionale\" width=\"1440\" height=\"679\" data-wp-pid=\"8778\" srcset=\"https:\/\/moverdb.com\/wp-content\/uploads\/Consolidated-Strategies-Solutions-international-moving-company.png 1440w, https:\/\/moverdb.com\/wp-content\/uploads\/Consolidated-Strategies-Solutions-international-moving-company-300x141.png 300w, https:\/\/moverdb.com\/wp-content\/uploads\/Consolidated-Strategies-Solutions-international-moving-company-1024x483.png 1024w, https:\/\/moverdb.com\/wp-content\/uploads\/Consolidated-Strategies-Solutions-international-moving-company-18x8.png 18w, https:\/\/moverdb.com\/wp-content\/uploads\/Consolidated-Strategies-Solutions-international-moving-company-600x283.png 600w\" sizes=\"auto, (max-width: 1440px) 100vw, 1440px\" \/><\/p>\n<ul>\n<li>Mut\u0103ri locale<\/li>\n<li>Mut\u0103ri interna\u021bionale<\/li>\n<li>Mutarea gospod\u0103riei<\/li>\n<li>Servicii de relocare<\/li>\n<li>Consulta\u021bii disponibile<\/li>\n<li>Serviciu personalizat<\/li>\n<li>Serviciul de ambalare<\/li>\n<li>Cutii sigilate \u00een siguran\u021b\u0103<\/li>\n<li>Organizarea transportului<\/li>\n<li>Facilit\u0103\u021bi de depozitare securizate<\/li>\n<\/ul>\n<p>Consolidated Strategies &amp; Solutions este o companie de mut\u0103ri interna\u021bionale cu peste 15 ani de experien\u021b\u0103 \u0219i are sediul \u00een Quezon City. Sunt membri ai IAM, ceea ce le ofer\u0103 acces la o re\u021bea interna\u021bional\u0103 de agen\u021bi de mutare care \u00eei sprijin\u0103 cu servicii \u00een \u00eentreaga lume.<\/p>\n<p>Consolidated Strategies &amp; Solutions ofer\u0103 mut\u0103ri locale \u0219i na\u021bionale \u00een Filipine \u0219i mut\u0103ri interna\u021bionale c\u0103tre \u0219i dinspre Filipine. Ace\u0219tia ofer\u0103 servicii de ambalare pentru a v\u0103 ajuta s\u0103 v\u0103 proteja\u021bi bunurile \u00een timpul transportului \u0219i depozit\u0103rii. Ofer\u0103 facilit\u0103\u021bi de depozitare securizate, unde cutiile dvs. pot fi sigilate \u00een casa dvs. \u0219i apoi transportate la facilit\u0103\u021bile lor de depozitare.<\/p>\n<p>Site web: <a href=\"http:\/\/www.csandsolutions.com\" target=\"_blank\" rel=\"noopener\">http:\/\/www.csandsolutions.com<\/a><\/p>\n<h2><span class=\"ez-toc-section\" id=\"3_Dads_Moving_Storage\"><\/span><strong>3. Tata's Moving &amp; Storage<\/strong><span class=\"ez-toc-section-end\"><\/span><\/h2>\n<p><img loading=\"lazy\" decoding=\"async\" class=\"alignnone size-full wp-image-8782\" src=\"https:\/\/moverdb.com\/wp-content\/uploads\/Dads-Moving-Storage-international-moving-company.png\" alt=\"\" width=\"1440\" height=\"683\" data-wp-pid=\"8782\" srcset=\"https:\/\/moverdb.com\/wp-content\/uploads\/Dads-Moving-Storage-international-moving-company.png 1440w, https:\/\/moverdb.com\/wp-content\/uploads\/Dads-Moving-Storage-international-moving-company-300x142.png 300w, https:\/\/moverdb.com\/wp-content\/uploads\/Dads-Moving-Storage-international-moving-company-1024x486.png 1024w, https:\/\/moverdb.com\/wp-content\/uploads\/Dads-Moving-Storage-international-moving-company-18x9.png 18w, https:\/\/moverdb.com\/wp-content\/uploads\/Dads-Moving-Storage-international-moving-company-600x285.png 600w\" sizes=\"auto, (max-width: 1440px) 100vw, 1440px\" \/><\/p>\n<ul>\n<li>Mi\u0219c\u0103ri na\u021bionale<\/li>\n<li>Mut\u0103ri interna\u021bionale<\/li>\n<li>Mutarea gospod\u0103riei<\/li>\n<li>Mi\u0219c\u0103ri de organizare<\/li>\n<li>Pre\u021buri all-inclusive<\/li>\n<li>Serviciul de ambalare<\/li>\n<li>Materiale prietenoase cu mediul \u00eenconjur\u0103tor<\/li>\n<li>Organizarea transportului<\/li>\n<li>Consiliere \u0219i orientare<\/li>\n<li>Facilit\u0103\u021bi de depozitare<\/li>\n<\/ul>\n<p>Dad's Moving &amp; Storage este o companie de mutare \u0219i depozitare \u00eenfiin\u021bat\u0103 de c\u00e2\u021biva veterani experimenta\u021bi \u00een mutare \u0219i are sediul \u00een Muntinlupa City. Lucreaz\u0103 cu agen\u021bi de mutare din \u00eentreaga lume, \u00een 196 de \u021b\u0103ri, pentru a-i sprijini \u00een furnizarea serviciilor lor \u00een afara Filipinelor. Ei sunt membri ai IAM cu \u0219ase ani de serviciu.<\/p>\n<p>Dad's Moving &amp; Storage ofer\u0103 servicii de mutare \u00een Filipine, c\u0103tre \u0219i dinspre Filipine pentru gospod\u0103rii \u0219i angaja\u021bi ai organiza\u021biilor care se mut\u0103. Ei v\u0103 vor sprijini \u0219i v\u0103 vor \u00eendruma \u00een timpul mut\u0103rii \u0219i v\u0103 vor ajuta s\u0103 v\u0103 \u00eempacheta\u021bi bunurile \u00een siguran\u021b\u0103, folosind cele mai potrivite materiale \u0219i cutii de carton pentru a le proteja.<\/p>\n<p>Site web: <a href=\"http:\/\/dadsmoving.com\" target=\"_blank\" rel=\"noopener\">http:\/\/dadsmoving.com<\/a><\/p>\n<h2><span class=\"ez-toc-section\" id=\"4_Global_Logistics_Services\"><\/span><strong>4. Servicii logistice globale<\/strong><span class=\"ez-toc-section-end\"><\/span><\/h2>\n<p><img loading=\"lazy\" decoding=\"async\" class=\"alignnone size-full wp-image-8805\" src=\"https:\/\/moverdb.com\/wp-content\/uploads\/Global-Logistics-Services-international-moving-company.png\" alt=\"Global Logistics Services companie de mutare interna\u021bional\u0103\" width=\"1440\" height=\"680\" data-wp-pid=\"8805\" srcset=\"https:\/\/moverdb.com\/wp-content\/uploads\/Global-Logistics-Services-international-moving-company.png 1440w, https:\/\/moverdb.com\/wp-content\/uploads\/Global-Logistics-Services-international-moving-company-300x142.png 300w, https:\/\/moverdb.com\/wp-content\/uploads\/Global-Logistics-Services-international-moving-company-1024x484.png 1024w, https:\/\/moverdb.com\/wp-content\/uploads\/Global-Logistics-Services-international-moving-company-18x9.png 18w, https:\/\/moverdb.com\/wp-content\/uploads\/Global-Logistics-Services-international-moving-company-600x283.png 600w\" sizes=\"auto, (max-width: 1440px) 100vw, 1440px\" \/><\/p>\n<ul>\n<li>Mi\u0219c\u0103ri na\u021bionale<\/li>\n<li>Reloc\u0103ri interna\u021bionale<\/li>\n<li>Reloc\u0103ri reziden\u021biale<\/li>\n<li>Mutarea birourilor<\/li>\n<li>Serviciul de ambalare<\/li>\n<li>Organizarea transportului<\/li>\n<li>Urm\u0103rirea expedierii<\/li>\n<li>Transportul vehiculelor<\/li>\n<li>Relocarea animalelor de companie<\/li>\n<li>Servicii de depozitare<\/li>\n<\/ul>\n<p>Global Logistics Services este o companie de mut\u0103ri \u0219i reloc\u0103ri interna\u021bionale fondat\u0103 \u00een 2013 \u0219i are sediul \u00een Paranaque, cu birouri \u0219i \u00een <a href=\"https:\/\/moverdb.com\/ro\/moving-to-the-united-states\/moving-to-new-york\/\" data-internallinksmanager029f6b8e52c=\"332\" title=\"V\u0103 muta\u021bi \u00een New York (stat)? 2026 Costuri de trai \u0219i sfaturi de relocare\">New York<\/a> \u0219i Insulele Marshall. Ace\u0219tia dispun de o re\u021bea global\u0103 extins\u0103 de parteneri care \u00eei ajut\u0103 \u00een furnizarea serviciilor lor interna\u021bionale. Sunt membri ai IAM cu 16 ani de activitate.<\/p>\n<p>Global Logistics Services ofer\u0103 o solu\u021bie unic\u0103 pentru reloc\u0103ri, fie c\u0103 este vorba de o locuin\u021b\u0103 sau de un birou. Ace\u0219tia ofer\u0103 un serviciu de ambalare folosind cutii durabile pentru a v\u0103 proteja bunurile \u0219i vor asigura transportul \u00een siguran\u021b\u0103 la destina\u021bie. Ace\u0219tia ofer\u0103 servicii specializate pentru mutarea pianelor, ma\u0219inilor \u0219i animalelor de companie.<\/p>\n<p>Site web: <a href=\"http:\/\/www.a1global-logistics.com\" target=\"_blank\" rel=\"noopener\">http:\/\/www.a1global-logistics.com<\/a><\/p>\n<h2><span class=\"ez-toc-section\" id=\"5_Goetz_Moving_Storage\"><\/span><strong>5. Goetz Moving &amp; Storage<\/strong><span class=\"ez-toc-section-end\"><\/span><\/h2>\n<p><img loading=\"lazy\" decoding=\"async\" class=\"alignnone size-full wp-image-8809\" src=\"https:\/\/moverdb.com\/wp-content\/uploads\/Goetz-Moving-Storage-international-moving-company.png\" alt=\"Goetz Moving &amp; Storage companie interna\u021bional\u0103 de mutare\" width=\"1440\" height=\"680\" data-wp-pid=\"8809\" srcset=\"https:\/\/moverdb.com\/wp-content\/uploads\/Goetz-Moving-Storage-international-moving-company.png 1440w, https:\/\/moverdb.com\/wp-content\/uploads\/Goetz-Moving-Storage-international-moving-company-300x142.png 300w, https:\/\/moverdb.com\/wp-content\/uploads\/Goetz-Moving-Storage-international-moving-company-1024x484.png 1024w, https:\/\/moverdb.com\/wp-content\/uploads\/Goetz-Moving-Storage-international-moving-company-18x9.png 18w, https:\/\/moverdb.com\/wp-content\/uploads\/Goetz-Moving-Storage-international-moving-company-600x283.png 600w\" sizes=\"auto, (max-width: 1440px) 100vw, 1440px\" \/><\/p>\n<ul>\n<li>Mut\u0103ri locale<\/li>\n<li>Mut\u0103ri interna\u021bionale<\/li>\n<li>Mut\u0103ri reziden\u021biale<\/li>\n<li>Mutarea birourilor<\/li>\n<li>Serviciu din u\u0219\u0103 \u00een u\u0219\u0103<\/li>\n<li>Transport aerian \u0219i maritim<\/li>\n<li>V\u0103muire<\/li>\n<li>Servicii de viz\u0103 \u0219i imigrare<\/li>\n<li>Asigurare<\/li>\n<li>Facilit\u0103\u021bi de depozitare<\/li>\n<\/ul>\n<p>Goetz Moving &amp; Storage ofer\u0103 servicii de mutare interna\u021bional\u0103 din u\u0219\u0103 \u00een u\u0219\u0103, a fost fondat\u0103 \u00een 1984 \u0219i are sediul \u00een Paranaque. Ei au o re\u021bea de agen\u021bi de mut\u0103ri locale \u0219i interna\u021bionale \u00een loca\u021bii strategice din \u00eentreaga lume pentru a-i sprijini. Sunt membri ai IAM cu 39 de ani de activitate.<\/p>\n<p>Goetz Moving &amp; Storage ofer\u0103 servicii de mutare \u0219i relocare din u\u0219\u0103 \u00een u\u0219\u0103, care includ aranjarea transportului \u0219i v\u0103muirea, precum \u0219i asigurarea. Ace\u0219tia ofer\u0103 servicii de relocare care includ orientare \u00een zon\u0103, c\u0103ut\u0103ri de locuin\u021be \u0219i \u0219coli, servicii de instalare, servicii de plecare, formare cultural\u0103 \u0219i asisten\u021b\u0103 pentru vize \u0219i imigrare.<\/p>\n<p>Site web: <a href=\"http:\/\/www.goetzmoving.com\" target=\"_blank\" rel=\"noopener\">http:\/\/www.goetzmoving.com<\/a><\/p>\n<h2><span class=\"ez-toc-section\" id=\"6_Melcon_Worldwide_Logistics\"><\/span><strong>6. Melcon Worldwide Logistics<\/strong><span class=\"ez-toc-section-end\"><\/span><\/h2>\n<p><img loading=\"lazy\" decoding=\"async\" class=\"alignnone size-full wp-image-8824\" src=\"https:\/\/moverdb.com\/wp-content\/uploads\/Melcon-Worldwide-Logistics-international-moving-company.png\" alt=\"Melcon Worldwide Logistics companie de mut\u0103ri interna\u021bionale\" width=\"1440\" height=\"678\" data-wp-pid=\"8824\" srcset=\"https:\/\/moverdb.com\/wp-content\/uploads\/Melcon-Worldwide-Logistics-international-moving-company.png 1440w, https:\/\/moverdb.com\/wp-content\/uploads\/Melcon-Worldwide-Logistics-international-moving-company-300x141.png 300w, https:\/\/moverdb.com\/wp-content\/uploads\/Melcon-Worldwide-Logistics-international-moving-company-1024x482.png 1024w, https:\/\/moverdb.com\/wp-content\/uploads\/Melcon-Worldwide-Logistics-international-moving-company-18x8.png 18w, https:\/\/moverdb.com\/wp-content\/uploads\/Melcon-Worldwide-Logistics-international-moving-company-600x283.png 600w\" sizes=\"auto, (max-width: 1440px) 100vw, 1440px\" \/><\/p>\n<ul>\n<li>Mut\u0103ri locale<\/li>\n<li>Mut\u0103ri interna\u021bionale<\/li>\n<li>Mut\u0103ri reziden\u021biale<\/li>\n<li>Mutarea birourilor \u0219i a fabricilor<\/li>\n<li>Serviciu din u\u0219\u0103 \u00een u\u0219\u0103<\/li>\n<li>Transport aerian \u0219i maritim<\/li>\n<li>Servicii de brokeraj<\/li>\n<li>Transportul animalelor de companie<\/li>\n<li>Asigurarea de tranzit<\/li>\n<li>Facilit\u0103\u021bi de depozitare<\/li>\n<\/ul>\n<p>Melcon Worldwide Logistics este o companie de logistic\u0103 unic\u0103 care ofer\u0103 servicii de expediere, distribu\u021bie \u0219i depozitare. Are birouri \u00een Taguig City \u0219i Davao City. Sunt membri ai IAM, cu 20 de ani de activitate, ceea ce le ofer\u0103 acces la o re\u021bea interna\u021bional\u0103 de agen\u021bi de mutare care \u00eei sprijin\u0103.<\/p>\n<p>Melcon Worldwide Logistics ofer\u0103 servicii logistice personalizate care includ un serviciu de mutare din u\u0219\u0103 \u00een u\u0219\u0103 \u0219i transferuri locale. Ace\u0219tia v\u0103 vor proteja bunurile personale \u0219i vor aranja transportul pe calea aerului sau maritim\u0103 cu asigurare de tranzit. Ofer\u0103 un serviciu de mutare a animalelor de companie pentru a v\u0103 ajuta s\u0103 v\u0103 lua\u021bi cu dumneavoastr\u0103 animalele de companie. De asemenea, ofer\u0103 op\u021biuni de depozitare cu control al umidit\u0103\u021bii \u0219i de depozitare la rece.<\/p>\n<p>Site web: <a href=\"http:\/\/www.melconlogistics.com\" target=\"_blank\" rel=\"noopener\">http:\/\/www.melconlogistics.com<\/a><\/p>\n<h2><span class=\"ez-toc-section\" id=\"7_Santa_Fe_Relocation\"><\/span><strong>7. Relocarea Santa Fe<\/strong><span class=\"ez-toc-section-end\"><\/span><\/h2>\n<p><img loading=\"lazy\" decoding=\"async\" class=\"alignnone size-full wp-image-8850\" src=\"https:\/\/moverdb.com\/wp-content\/uploads\/Santa-Fe-Relocation-Philippines-international-moving-company.png\" alt=\"Santa Fe Relocation Filipine companie de mutare interna\u021bional\u0103\" width=\"1440\" height=\"676\" data-wp-pid=\"8850\" srcset=\"https:\/\/moverdb.com\/wp-content\/uploads\/Santa-Fe-Relocation-Philippines-international-moving-company.png 1440w, https:\/\/moverdb.com\/wp-content\/uploads\/Santa-Fe-Relocation-Philippines-international-moving-company-300x141.png 300w, https:\/\/moverdb.com\/wp-content\/uploads\/Santa-Fe-Relocation-Philippines-international-moving-company-1024x481.png 1024w, https:\/\/moverdb.com\/wp-content\/uploads\/Santa-Fe-Relocation-Philippines-international-moving-company-18x8.png 18w, https:\/\/moverdb.com\/wp-content\/uploads\/Santa-Fe-Relocation-Philippines-international-moving-company-600x282.png 600w\" sizes=\"auto, (max-width: 1440px) 100vw, 1440px\" \/><\/p>\n<ul>\n<li>Mi\u0219c\u0103ri na\u021bionale<\/li>\n<li>Mut\u0103ri interna\u021bionale<\/li>\n<li>Mut\u0103ri reziden\u021biale<\/li>\n<li>Consulta\u021bie \u00eenainte de mutare<\/li>\n<li>Serviciul de ambalare<\/li>\n<li>Transporturi terestre, aeriene \u0219i maritime<\/li>\n<li>V\u0103muire<\/li>\n<li>Transportul vehiculelor<\/li>\n<li>Relocarea animalelor de companie<\/li>\n<li>Facilit\u0103\u021bi de depozitare pe termen scurt \u0219i lung<\/li>\n<\/ul>\n<p>Santa Fe Relocation este o companie de mut\u0103ri interna\u021bionale cu 96 de birouri \u00een 47 de \u021b\u0103ri, iar filiala lor din Filipine se afl\u0103 \u00een Calamba City. Ace\u0219tia ajut\u0103 oamenii s\u0103 se mute de peste 120 de ani. Sunt membri ai IAM \u0219i sunt acredita\u021bi de FIDI.<\/p>\n<p>Santa Fe Relocation ofer\u0103 un consultant \u00een mutare pentru a v\u0103 sprijini \u00een mutarea dumneavoastr\u0103. Acesta se va ocupa de \u00eempachetarea bunurilor dumneavoastr\u0103 \u0219i de transportul pe uscat, pe calea aerului sau pe mare, cu v\u0103muire. Ace\u0219tia ofer\u0103 o gam\u0103 de servicii suplimentare \u0219i de relocare, inclusiv cur\u0103\u021benie, \u00eenchirieri pe termen scurt, transport de vehicule, relocarea animalelor de companie, vize \u0219i imigra\u021bie, servicii de plecare, formare cultural\u0103, orientare \u0219i c\u0103ut\u0103ri de case \u0219i \u0219coli.<\/p>\n<p>Site web: <a href=\"https:\/\/www.santaferelo.com\/en\/contact\/our-offices\/philippines-manila\/\" target=\"_blank\" rel=\"noopener\">https:\/\/www.santaferelo.com\/en\/contact\/our-offices\/philippines-manila\/<\/a><\/p>\n<h2><span class=\"ez-toc-section\" id=\"Other_Useful_Guides_to_the_Philippines\"><\/span>Alte ghiduri utile pentru Filipine<span class=\"ez-toc-section-end\"><\/span><\/h2>\n<ul>\n<li> <a href=\"https:\/\/moverdb.com\/ro\/transport-maritim-de-containere\/filipine\/\">2024 Tarife de transport maritim de marf\u0103 \u00een containere c\u0103tre \u0219i din Filipine<\/a><\/li>\n<li> <a href=\"https:\/\/moverdb.com\/ro\/moving-to-the-philippines\/\">V\u0103 muta\u021bi \u00een Filipine? 2026 Costurile vie\u021bii \u0219i sfaturi de relocare<\/a><\/li>\n<li> <a href=\"https:\/\/moverdb.com\/ro\/moving-to-the-philippines\/best-places-to-live-philippines\/\">12 Cele mai bune locuri pentru a tr\u0103i \u00een Filipine<\/a><\/li>\n<li> <a href=\"https:\/\/moverdb.com\/ro\/moving-to-the-philippines\/living-in-the-philippines\/\">21 Secretele despre via\u021ba \u00een Filipine pe care trebuie s\u0103 le \u0219tii \u00eenainte de a te muta<\/a><\/li>\n<li> <a href=\"https:\/\/moverdb.com\/ro\/moving-to-the-philippines\/philippines-from-us\/\">Mutarea \u00een Filipine din Statele Unite ale Americii<\/a><\/li>\n<\/ul>","protected":false},"excerpt":{"rendered":"<p>If you are moving home or business within, to or from the Philippines, you may be looking for some support to help lighten the load. Moving companies can assist with packing, organising transportation and documentation support. Below we have compiled a list of Philippines based removal companies that are members of the International Association of [&hellip;]<\/p>\n","protected":false},"author":4,"featured_media":0,"parent":190,"menu_order":0,"comment_status":"closed","ping_status":"closed","template":"","meta":{"_genesis_hide_title":false,"_genesis_hide_breadcrumbs":false,"_genesis_hide_singular_image":false,"_genesis_hide_footer_widgets":false,"_genesis_custom_body_class":"","_genesis_custom_post_class":"","_genesis_layout":"","footnotes":""},"class_list":{"0":"post-8912","1":"page","2":"type-page","3":"status-publish","5":"entry","6":"has-post-thumbnail"},"_links":{"self":[{"href":"https:\/\/moverdb.com\/ro\/wp-json\/wp\/v2\/pages\/8912","targetHints":{"allow":["GET"]}}],"collection":[{"href":"https:\/\/moverdb.com\/ro\/wp-json\/wp\/v2\/pages"}],"about":[{"href":"https:\/\/moverdb.com\/ro\/wp-json\/wp\/v2\/types\/page"}],"author":[{"embeddable":true,"href":"https:\/\/moverdb.com\/ro\/wp-json\/wp\/v2\/users\/4"}],"replies":[{"embeddable":true,"href":"https:\/\/moverdb.com\/ro\/wp-json\/wp\/v2\/comments?post=8912"}],"version-history":[{"count":4,"href":"https:\/\/moverdb.com\/ro\/wp-json\/wp\/v2\/pages\/8912\/revisions"}],"predecessor-version":[{"id":16985,"href":"https:\/\/moverdb.com\/ro\/wp-json\/wp\/v2\/pages\/8912\/revisions\/16985"}],"up":[{"embeddable":true,"href":"https:\/\/moverdb.com\/ro\/wp-json\/wp\/v2\/pages\/190"}],"wp:attachment":[{"href":"https:\/\/moverdb.com\/ro\/wp-json\/wp\/v2\/media?parent=8912"}],"curies":[{"name":"wp","href":"https:\/\/api.w.org\/{rel}","templated":true}]}}