{"id":891,"date":"2016-09-03T21:06:56","date_gmt":"2016-09-03T21:06:56","guid":{"rendered":"http:\/\/moverdb.com\/?page_id=891"},"modified":"2026-01-08T14:47:50","modified_gmt":"2026-01-08T14:47:50","slug":"bournes","status":"publish","type":"page","link":"https:\/\/moverdb.com\/ro\/bournes\/","title":{"rendered":"Bournes se mi\u0219c\u0103: Recenzii mut\u0103ri \u0219i mut\u0103ri interna\u021bionale"},"content":{"rendered":"<p>Bournes ofer\u0103 clien\u021bilor s\u0103i o selec\u021bie de <a href=\"https:\/\/moverdb.com\/ro\/international-removals\/\" data-internallinksmanager029f6b8e52c=\"27\" title=\"36 Cele mai bune companii de mut\u0103ri interna\u021bionale din Marea Britanie\">mut\u0103ri interna\u021bionale<\/a> servicii pentru mutarea \u00een str\u0103in\u0103tate, care sunt enumerate mai jos. Urmeaz\u0103, de asemenea, un profil al companiei \u0219i recenzii.<\/p>\n<p><strong>Mutarea interna\u021bional\u0103<\/strong><\/p>\n<ul>\n<li> Serviciu complet de ambalare<\/li>\n<li> Serviciul de ambalare a pieselor<\/li>\n<li> Autoambalare<\/li>\n<li> \u00cengrijire special\u0103 pentru exportul de mobil\u0103<\/li>\n<li> Asisten\u021b\u0103 cu documenta\u021bia<\/li>\n<li> Colec\u021bia<\/li>\n<li> Transport pe nav\u0103 - <a href=\"https:\/\/moverdb.com\/ro\/transport-maritim-de-containere\/\">transport maritim container complet<\/a>, \u00eenc\u0103rc\u0103tur\u0103 par\u021bial\u0103, container din lemn<\/li>\n<li> Transport aerian<\/li>\n<li> Relocarea animalelor de companie<\/li>\n<li> <a href=\"https:\/\/moverdb.com\/ro\/auto-transport-expediere\/\">Relocarea vehiculului<\/a><\/li>\n<li> Serviciul de menajer\u0103<\/li>\n<li> Servicii de handyman<\/li>\n<li> Asigurare aranjat\u0103<\/li>\n<\/ul>\n<p><strong>Asisten\u021b\u0103 pentru relocare<\/strong><\/p>\n<ul>\n<li> Planificarea dinaintea plec\u0103rii include o evaluare a nevoilor (\u0219coli etc.)<\/li>\n<li> Formare intercultural\u0103<\/li>\n<li> Program de vizionare<\/li>\n<li> Serviciu de orientare \u0219i c\u0103utare a locuin\u021bei<\/li>\n<li> C\u0103utarea \u0219colii<\/li>\n<li> Instalarea \u00een serviciu<\/li>\n<li> Practici de afaceri<\/li>\n<li> Asisten\u021b\u0103 la repatriere<\/li>\n<\/ul>\n<p><strong>Mut\u0103ri comerciale<\/strong><\/p>\n<ul>\n<li> Managementul proiectelor<\/li>\n<li> Planificarea \u00eenainte de mutare<\/li>\n<li> Servicii de ambalare \u0219i despachetare<\/li>\n<li> Depozitare<\/li>\n<li> Transport la nivel mondial<\/li>\n<li> Livrare interioar\u0103<\/li>\n<li> Instalare \u0219i asamblare<\/li>\n<li> Logistic\u0103 invers\u0103 \u0219i lichid\u0103ri<\/li>\n<\/ul>\n<p><strong>Depozitare<\/strong><\/p>\n<ul>\n<li> Peste 1200 de loca\u021bii pe 6 continente<\/li>\n<li> Pe termen lung \u0219i pe termen scurt<\/li>\n<li> CCTV 24\/7 sau echipe de securitate<\/li>\n<li> Toate loca\u021biile securizate<\/li>\n<\/ul>\n<h2>Profilul companiei Bournes<\/h2>\n<p>Bournes a fost \u00eenfiin\u021bat\u0103 \u00een 1875 de c\u0103tre Thomas Bourne ca o companie de transport de m\u0103rfuri \u0219i c\u0103rbune. Dup\u0103 cel de-al Doilea R\u0103zboi Mondial, compania s-a extins \u00een domeniul mut\u0103rilor \u0219i depozit\u0103rii. \u00cen anii 1960 \u0219i 1970, compania s-a dezvoltat considerabil, cump\u0103r\u00e2nd firme mai mici \u0219i construind facilit\u0103\u021bi de depozitare dedicate.<\/p>\n<p>Bournes a \u00eenceput mut\u0103rile europene \u00een 1993, iar \u00een 2001 au \u00eenceput <a href=\"https:\/\/moverdb.com\/ro\/moving-companies\/\">mutarea la nivel interna\u021bional<\/a>. \u00cen prezent, ace\u0219tia erau capabili s\u0103 relocheze persoane \u0219i companii \u00een 1500 de loca\u021bii din peste 120 de \u021b\u0103ri.<\/p>\n<p>Compania este condus\u0103 \u0219i ast\u0103zi de cea de-a cincea genera\u021bie de Bournes, ale c\u0103rei valori de familie \u0219i de afaceri sunt onestitatea, integritatea \u0219i transparen\u021ba. Bournes are un personal dedicat, bine preg\u0103tit, care \u021bine leg\u0103tura cu sute de exper\u021bi \u00een reloc\u0103ri \u0219i mut\u0103ri la nivel mondial.<\/p>\n<p>Bournes are urm\u0103toarele acredit\u0103ri \u0219i afilieri:<\/p>\n<ul>\n<li> <a href=\"https:\/\/moverdb.com\/ro\/harmony-relocation-network\/\">Re\u021beaua de relocare Harmony<\/a><\/li>\n<li> O companie de mutare la standardul britanic ISO 9001:2008<\/li>\n<li> <a href=\"https:\/\/moverdb.com\/ro\/asociatia-britanica-a-demolatorilor\/\">Asocia\u021bia Britanic\u0103 a Transportatorilor<\/a> (<a href=\"https:\/\/moverdb.com\/ro\/british-association-of-removers\/\" data-internallinksmanager029f6b8e52c=\"9\" title=\"Asocia\u021bia Britanic\u0103 a Transportatorilor (BAR) Explica\u021bii\">BAR<\/a>)<\/li>\n<li> <a href=\"https:\/\/moverdb.com\/ro\/bar-overseas\/\">Asocia\u021bia Britanic\u0103 a Transportatorilor de M\u0103rfuri de peste m\u0103ri (The British Association of Removers Overseas Group)<\/a><\/li>\n<li> Care? Comerciant de \u00eencredere<\/li>\n<li> <a href=\"https:\/\/moverdb.com\/ro\/fidi-faim\/\">FIDI<\/a><\/li>\n<li> <a href=\"https:\/\/moverdb.com\/ro\/fidi-faim\/\" data-internallinksmanager029f6b8e52c=\"16\" title=\"FIDI &amp; FAIM (FIDI Accredited International Mover) Explicat\">FAIM<\/a><\/li>\n<li> The <a href=\"https:\/\/moverdb.com\/ro\/sunt\/\">Asocia\u021bia Interna\u021bional\u0103 a Transportatorilor<\/a> (<a href=\"https:\/\/moverdb.com\/ro\/iam\/\" data-internallinksmanager029f6b8e52c=\"23\" title=\"Explica\u021bii despre Asocia\u021bia Interna\u021bional\u0103 a Transportatorilor (IAM)\">IAM<\/a>)<\/li>\n<li> <a href=\"https:\/\/moverdb.com\/ro\/eura\/\">Asocia\u021bia European\u0103 de Relocare<\/a> (<a href=\"https:\/\/moverdb.com\/ro\/eura\/\" data-internallinksmanager029f6b8e52c=\"13\" title=\"Explica\u021bii despre Asocia\u021bia European\u0103 de Relocare (EuRA)\">EuRA<\/a>)<\/li>\n<li> <a href=\"https:\/\/moverdb.com\/ro\/mtc\/\">Clubul de tranzac\u021bionare The Movers<\/a> (<a href=\"https:\/\/moverdb.com\/ro\/mtc\/\" data-internallinksmanager029f6b8e52c=\"30\" title=\"Explica\u021bii despre Movers Trading Club (MTC)\">MTC<\/a>)<\/li>\n<\/ul>\n<h2>Bournes Moves Recenzii<\/h2>\n<p><strong>Pozitiv<\/strong><\/p>\n<ul>\n<li> <em>\"Bournes a fost uimitor, de la evaluarea ini\u021bial\u0103 a ceea ce ar trebui \u0219i nu ar trebui s\u0103 expediez la <a href=\"https:\/\/moverdb.com\/ro\/moving-to-australia\/living-in-australia\/\" data-internallinksmanager029f6b8e52c=\"240\" title=\"21 Secretele despre via\u021ba \u00een Australia pe care trebuie s\u0103 le \u0219tii \u00eenainte de a te muta\">Australia<\/a>, \u00eempachetarea \u0219i despachetarea \u00een Australia. Serviciul a f\u0103cut ca mutarea s\u0103 fie c\u00e2t se poate de lipsit\u0103 de stres, a\u0219a cum poate fi o astfel de mutare, \u0219i nu pot s\u0103 \u00eei recomand \u00eendeajuns de mult.\"<\/em> - prin <a href=\"http:\/\/bournesmoves.com\/international-removals\/international-customer-reviews.htm\" target=\"_blank\" rel=\"noopener\">Bournes Pagina de recenzie<\/a><\/li>\n<li> <em>\"Serviciu rapid cu tarife competitive. Echipa a fost foarte politicoas\u0103 \u0219i de ajutor \u0219i a gestionat bine modific\u0103rile la datele noastre de finalizare. Depozitul suplimentar a fost furnizat cu u\u0219urin\u021b\u0103 peste noapte, astfel \u00eenc\u00e2t s\u0103 putem cur\u0103\u021ba noua proprietate \u00eenainte de a ne muta \u00een ea. Servicii bune \u00een general.\"<\/em> - prin <a href=\"https:\/\/www.trustedmover.org\/questionnaire\/4587\" target=\"_blank\" rel=\"noopener\">Pagina de revizuire BAR<\/a><\/li>\n<li> <em>\"Serviciu excelent de la citarea bine informat\u0103 \u0219i lini\u0219titoare p\u00e2n\u0103 la echipa de ajutor \u0219i prietenoas\u0103 care a ajutat. <a href=\"https:\/\/moverdb.com\/ro\/moving-to-the-united-states\/\" data-internallinksmanager029f6b8e52c=\"94\" title=\"V\u0103 muta\u021bi \u00een Statele Unite? 2026 Costurile vie\u021bii \u0219i sfaturi de relocare\">us<\/a> cu mi\u0219carea\"<\/em> - Susanna via <a href=\"http:\/\/trustedtraders.which.co.uk\/businesses\/bournes-moves\/#reviews\" target=\"_blank\" rel=\"noopener\">Care?<\/a><\/li>\n<li> <em>\"Am fost foarte mul\u021bumit. Mai ales atunci c\u00e2nd transportul meu a ajuns \u00een siguran\u021b\u0103 la domiciliul meu din <a href=\"https:\/\/moverdb.com\/ro\/moving-to-the-uk\/\" data-internallinksmanager029f6b8e52c=\"93\" title=\"V\u0103 muta\u021bi \u00een Regatul Unit? 2026 Costurile vie\u021bii \u0219i sfaturi de relocare\">MAREA BRITANIE<\/a> deoarece echipajul a fost extrem de politicos \u0219i foarte util.\"<\/em> - Susan via <a href=\"https:\/\/www.facebook.com\/BournesRemovals\/reviews\/\" target=\"_blank\" rel=\"noopener\">Facebook<\/a><\/li>\n<\/ul>\n<p><strong>Negativ<\/strong><\/p>\n<ul>\n<li> \"Am avut ghinionul de a alege Bournes, care a fost prima noastr\u0103 mutare \u00een 19 ani, a\u0219a c\u0103 a fost un lucru important pentru \u00eentreaga familie. V\u0103 rug\u0103m s\u0103 fi\u021bi foarte aten\u021bi atunci c\u00e2nd alege\u021bi aceast\u0103 companie.\" - Ali via <a href=\"http:\/\/www.removalreviews.co.uk\/movingreviews\/miserable-move-12090\" target=\"_blank\" rel=\"noopener\">Recenzii de mutare<\/a><\/li>\n<\/ul>\n<div itemprop=\"review\" itemscope itemtype=\"http:\/\/schema.org\/Review\">\n<span itemprop=\"author\" itemscope=\"\" itemtype=\"http:\/\/schema.org\/Organization\"><span itemprop=\"name\">MoverDB.com<\/span><\/span> Revizuirea online a site-ului pentru <span itemprop=\"itemreviewed\" itemscope=\"\" itemtype=\"http:\/\/schema.org\/Brand\"><span itemprop=\"name\">Mi\u0219c\u0103ri Bournes<\/span><\/span>:<\/p>\n<ol>\n<li> Detalii de contact clare pe site-ul web (inclusiv num\u0103rul de telefon): <strong>Da<\/strong><\/li>\n<li> U\u0219or de ob\u021binut <a href=\"https:\/\/moverdb.com\/ro\/citate\/\">citate de mut\u0103ri interna\u021bionale<\/a>? (Formular de solicitare a unui deviz online): <strong>Da<\/strong><\/li>\n<li> Informa\u021bii clare pe site-ul web: <strong>Da,<\/strong> Site-ul con\u021bine o mul\u021bime de informa\u021bii utile.<\/li>\n<li> Apartenen\u021ba la organiza\u021bii interna\u021bionale recunoscute \u00een domeniul mut\u0103rii: <strong>Da<\/strong>, a se vedea mai sus.<\/li>\n<li> Lista de clien\u021bi \u0219i\/sau m\u0103rturii ale clien\u021bilor anteriori: <strong>Unii,<\/strong> exist\u0103 recenzii ale clien\u021bilor pe site-ul web, dar nu sunt cel mai u\u0219or de g\u0103sit, ceea ce este ciudat, deoarece acestea sunt foarte pozitive.<\/li>\n<\/ol>\n<div itemprop=\"reviewRating\" itemscope itemtype=\"http:\/\/schema.org\/Rating\"><meta itemprop=\"worstRating\" content = \"0\" \/><meta itemprop=\"bestRating\" content=\"5\" \/><meta itemprop=\"ratingValue\" content=\"4.5\"><\/div>\n<p><strong>Scor general: 4.5\/5<\/strong><br \/>\n<strong>Data revizuirii:<\/strong> <span itemprop=\"datePublished\" content=\"2016-09-03\">03\/09\/2016<\/span>\n<\/div>\n<p>Citi\u021bi despre alte <a href=\"https:\/\/moverdb.com\/ro\/mutari-internationale\/\">companii de mut\u0103ri<\/a> \u0219i multe altele pe site-ul nostru <a href=\"https:\/\/moverdb.com\/ro\/comentarii\/\">procesul de revizuire<\/a>.<\/p>\n<p><strong>Site web:<\/strong> <a href=\"http:\/\/bournesmoves.com\" target=\"_blank\" rel=\"noopener\">http:\/\/bournesmoves.com<\/a><\/p>","protected":false},"excerpt":{"rendered":"<p>Bournes offers its clients a selection of international removals services for moving overseas which are listed below. There also follows a company profile and reviews. International Moving Full packing service Part packing service Self-packing Special care furniture export wrapping Assistance with documentation Collection Transport by ship &#8211; full container shipping, part load, wooden container Airfreight [&hellip;]<\/p>\n","protected":false},"author":1,"featured_media":0,"parent":0,"menu_order":0,"comment_status":"closed","ping_status":"closed","template":"","meta":{"_genesis_hide_title":false,"_genesis_hide_breadcrumbs":false,"_genesis_hide_singular_image":false,"_genesis_hide_footer_widgets":false,"_genesis_custom_body_class":"","_genesis_custom_post_class":"","_genesis_layout":"","footnotes":""},"class_list":{"0":"post-891","1":"page","2":"type-page","3":"status-publish","5":"entry"},"_links":{"self":[{"href":"https:\/\/moverdb.com\/ro\/wp-json\/wp\/v2\/pages\/891","targetHints":{"allow":["GET"]}}],"collection":[{"href":"https:\/\/moverdb.com\/ro\/wp-json\/wp\/v2\/pages"}],"about":[{"href":"https:\/\/moverdb.com\/ro\/wp-json\/wp\/v2\/types\/page"}],"author":[{"embeddable":true,"href":"https:\/\/moverdb.com\/ro\/wp-json\/wp\/v2\/users\/1"}],"replies":[{"embeddable":true,"href":"https:\/\/moverdb.com\/ro\/wp-json\/wp\/v2\/comments?post=891"}],"version-history":[{"count":6,"href":"https:\/\/moverdb.com\/ro\/wp-json\/wp\/v2\/pages\/891\/revisions"}],"predecessor-version":[{"id":6185,"href":"https:\/\/moverdb.com\/ro\/wp-json\/wp\/v2\/pages\/891\/revisions\/6185"}],"wp:attachment":[{"href":"https:\/\/moverdb.com\/ro\/wp-json\/wp\/v2\/media?parent=891"}],"curies":[{"name":"wp","href":"https:\/\/api.w.org\/{rel}","templated":true}]}}