{"id":8908,"date":"2023-04-27T14:29:46","date_gmt":"2023-04-27T14:29:46","guid":{"rendered":"https:\/\/moverdb.com\/?page_id=8908"},"modified":"2026-01-08T15:29:02","modified_gmt":"2026-01-08T15:29:02","slug":"moving-companies-panama","status":"publish","type":"page","link":"https:\/\/moverdb.com\/ro\/moving-companies\/moving-companies-panama\/","title":{"rendered":"5 Cele mai bune companii de mutare interna\u021bional\u0103 din Panama"},"content":{"rendered":"<p>V\u0103 muta\u021bi locuin\u021ba sau biroul \u00een, spre sau dinspre <a href=\"https:\/\/moverdb.com\/ro\/moving-to-panama\/\" data-internallinksmanager029f6b8e52c=\"432\" title=\"V\u0103 muta\u021bi \u00een Panama? 2026 Costurile de trai \u0219i sfaturi de relocare\">Panama<\/a>? Atunci este posibil s\u0103 dori\u021bi s\u0103 apela\u021bi la serviciile unui <a href=\"https:\/\/moverdb.com\/ro\/moving-companies\/\" data-internallinksmanager029f6b8e52c=\"79\" title=\"Top 25 Companii interna\u021bionale de mutare online\">companie \u00een mi\u0219care<\/a> pentru a v\u0103 asista cu \u00eempachetarea, organizarea transportului \u0219i aranjarea documenta\u021biei pentru mut\u0103rile interna\u021bionale. Mai jos am compilat o list\u0103 de firme cu sediul \u00een Panama <a href=\"https:\/\/moverdb.com\/ro\/international-removals\/\" data-internallinksmanager029f6b8e52c=\"27\" title=\"36 Cele mai bune companii de mut\u0103ri interna\u021bionale din Marea Britanie\">companii de mutare<\/a> care sunt membri ai grupului <a href=\"https:\/\/moverdb.com\/ro\/iam\/\" data-internallinksmanager029f6b8e52c=\"23\" title=\"Explica\u021bii despre Asocia\u021bia Interna\u021bional\u0103 a Transportatorilor (IAM)\">Asocia\u021bia Interna\u021bional\u0103 a Transportatorilor<\/a> (IAM) \u0219i\/sau <a href=\"https:\/\/moverdb.com\/ro\/fidi-faim\/\" data-internallinksmanager029f6b8e52c=\"16\" title=\"FIDI &amp; FAIM (FIDI Accredited International Mover) Explicat\">FIDI<\/a> Accredited International Mover (FAIM), care v\u0103 poate ajuta cu mutarea dumneavoastr\u0103.<\/p>\n<div id=\"ez-toc-container\" class=\"ez-toc-v2_0_82_2 ez-toc-wrap-left counter-hierarchy ez-toc-counter ez-toc-transparent ez-toc-container-direction\">\n<div class=\"ez-toc-title-container\">\n<p class=\"ez-toc-title\" style=\"cursor:inherit\">Sec\u021biuni<\/p>\n<span class=\"ez-toc-title-toggle\"><a href=\"#\" class=\"ez-toc-pull-right ez-toc-btn ez-toc-btn-xs ez-toc-btn-default ez-toc-toggle\" aria-label=\"Comuta\u021bi tabelul de con\u021binut\"><span class=\"ez-toc-js-icon-con\"><span class=\"\"><span class=\"eztoc-hide\" style=\"display:none;\">Toggle<\/span><span class=\"ez-toc-icon-toggle-span\"><svg style=\"fill: #999;color:#999\" xmlns=\"http:\/\/www.w3.org\/2000\/svg\" class=\"list-377408\" width=\"20px\" height=\"20px\" viewbox=\"0 0 24 24\" fill=\"none\"><path d=\"M6 6H4v2h2V6zm14 0H8v2h12V6zM4 11h2v2H4v-2zm16 0H8v2h12v-2zM4 16h2v2H4v-2zm16 0H8v2h12v-2z\" fill=\"currentColor\"><\/path><\/svg><svg style=\"fill: #999;color:#999\" class=\"arrow-unsorted-368013\" xmlns=\"http:\/\/www.w3.org\/2000\/svg\" width=\"10px\" height=\"10px\" viewbox=\"0 0 24 24\" version=\"1.2\" baseprofile=\"tiny\"><path d=\"M18.2 9.3l-6.2-6.3-6.2 6.3c-.2.2-.3.4-.3.7s.1.5.3.7c.2.2.4.3.7.3h11c.3 0 .5-.1.7-.3.2-.2.3-.5.3-.7s-.1-.5-.3-.7zM5.8 14.7l6.2 6.3 6.2-6.3c.2-.2.3-.5.3-.7s-.1-.5-.3-.7c-.2-.2-.4-.3-.7-.3h-11c-.3 0-.5.1-.7.3-.2.2-.3.5-.3.7s.1.5.3.7z\"\/><\/svg><\/span><\/span><\/span><\/a><\/span><\/div>\n<nav><ul class='ez-toc-list ez-toc-list-level-1 eztoc-toggle-hide-by-default' ><li class='ez-toc-page-1 ez-toc-heading-level-2'><a class=\"ez-toc-link ez-toc-heading-1\" href=\"https:\/\/moverdb.com\/ro\/moving-companies\/moving-companies-panama\/#1_Canal_Movers_Logistics\" >1. Canal Movers &amp; Logistics<\/a><\/li><li class='ez-toc-page-1 ez-toc-heading-level-2'><a class=\"ez-toc-link ez-toc-heading-2\" href=\"https:\/\/moverdb.com\/ro\/moving-companies\/moving-companies-panama\/#2_Logisfashion\" >2. Logisfashion<\/a><\/li><li class='ez-toc-page-1 ez-toc-heading-level-2'><a class=\"ez-toc-link ez-toc-heading-3\" href=\"https:\/\/moverdb.com\/ro\/moving-companies\/moving-companies-panama\/#3_Mudanzas_Express\" >3. Mudanzas Express<\/a><\/li><li class='ez-toc-page-1 ez-toc-heading-level-2'><a class=\"ez-toc-link ez-toc-heading-4\" href=\"https:\/\/moverdb.com\/ro\/moving-companies\/moving-companies-panama\/#4_Panama_Moving_Solutions\" >4. Panama Moving Solutions<\/a><\/li><li class='ez-toc-page-1 ez-toc-heading-level-2'><a class=\"ez-toc-link ez-toc-heading-5\" href=\"https:\/\/moverdb.com\/ro\/moving-companies\/moving-companies-panama\/#5_Panama_Packing_Storage\" >5. Ambalare \u0219i depozitare \u00een Panama<\/a><\/li><\/ul><\/nav><\/div>\n<h2><span class=\"ez-toc-section\" id=\"1_Canal_Movers_Logistics\"><\/span><strong>1. Canal Movers &amp; Logistics<\/strong><span class=\"ez-toc-section-end\"><\/span><\/h2>\n<p><img loading=\"lazy\" decoding=\"async\" class=\"alignnone size-full wp-image-8770\" src=\"https:\/\/moverdb.com\/wp-content\/uploads\/Canal-Movers-Logistics-international-moving-company.png\" alt=\"Canal Movers &amp; Logistics companie de mutare interna\u021bional\u0103\" width=\"1440\" height=\"679\" data-wp-pid=\"8770\" srcset=\"https:\/\/moverdb.com\/wp-content\/uploads\/Canal-Movers-Logistics-international-moving-company.png 1440w, https:\/\/moverdb.com\/wp-content\/uploads\/Canal-Movers-Logistics-international-moving-company-300x141.png 300w, https:\/\/moverdb.com\/wp-content\/uploads\/Canal-Movers-Logistics-international-moving-company-1024x483.png 1024w, https:\/\/moverdb.com\/wp-content\/uploads\/Canal-Movers-Logistics-international-moving-company-18x8.png 18w, https:\/\/moverdb.com\/wp-content\/uploads\/Canal-Movers-Logistics-international-moving-company-600x283.png 600w\" sizes=\"auto, (max-width: 1440px) 100vw, 1440px\" \/><\/p>\n<ul>\n<li>Mut\u0103ri locale \u0219i na\u021bionale<\/li>\n<li>Mut\u0103ri interna\u021bionale<\/li>\n<li>Mutarea gospod\u0103riilor<\/li>\n<li>Mutarea birourilor<\/li>\n<li>Servicii personalizate<\/li>\n<li>Serviciu profesionist de ambalare<\/li>\n<li>Manipularea operelor de art\u0103<\/li>\n<li>Transportul vehiculelor \u0219i al animalelor de companie<\/li>\n<li>Asigurare<\/li>\n<li>Facilit\u0103\u021bi de depozitare<\/li>\n<\/ul>\n<p>Canal Movers &amp; Logistics este o companie de mut\u0103ri \u0219i logistic\u0103 care se adreseaz\u0103 at\u00e2t companiilor multina\u021bionale, c\u00e2t \u0219i persoanelor fizice. Lucreaz\u0103 cu o re\u021bea global\u0103 de agen\u021bi de logistic\u0103 \u0219i de mutare. Este membr\u0103 a IAM cu 22 de ani de activitate \u0219i este acreditat\u0103 de FIDI.<\/p>\n<p>Canal Movers &amp; Logistics v\u0103 ofer\u0103 un coordonator de mut\u0103ri care v\u0103 poate ajuta \u00een mut\u0103rile locale, na\u021bionale \u0219i interna\u021bionale, indiferent dac\u0103 v\u0103 muta\u021bi casa sau afacerea. Ace\u0219tia ofer\u0103 un serviciu profesionist de ambalare pentru a v\u0103 proteja bunurile \u00een tranzit \u0219i ofer\u0103 acoperire de asigurare. De asemenea, ofer\u0103 servicii suplimentare care includ \u00eenchirierea de mobil\u0103, transportul de ma\u0219ini, motociclete \u0219i b\u0103rci, transportul animalelor de companie \u0219i manipularea operelor de art\u0103.<\/p>\n<p>Site web: <a href=\"http:\/\/www.canalmovers.com\" target=\"_blank\" rel=\"noopener\">http:\/\/www.canalmovers.com<\/a><\/p>\n<h2><span class=\"ez-toc-section\" id=\"2_Logisfashion\"><\/span><strong>2. Logisfashion<\/strong><span class=\"ez-toc-section-end\"><\/span><\/h2>\n<p><img loading=\"lazy\" decoding=\"async\" class=\"alignnone size-full wp-image-8822\" src=\"https:\/\/moverdb.com\/wp-content\/uploads\/Logisfashion-international-moving-company.png\" alt=\"Logisfashion companie interna\u021bional\u0103 de mutare\" width=\"1440\" height=\"680\" data-wp-pid=\"8822\" srcset=\"https:\/\/moverdb.com\/wp-content\/uploads\/Logisfashion-international-moving-company.png 1440w, https:\/\/moverdb.com\/wp-content\/uploads\/Logisfashion-international-moving-company-300x142.png 300w, https:\/\/moverdb.com\/wp-content\/uploads\/Logisfashion-international-moving-company-1024x484.png 1024w, https:\/\/moverdb.com\/wp-content\/uploads\/Logisfashion-international-moving-company-18x9.png 18w, https:\/\/moverdb.com\/wp-content\/uploads\/Logisfashion-international-moving-company-600x283.png 600w\" sizes=\"auto, (max-width: 1440px) 100vw, 1440px\" \/><\/p>\n<ul>\n<li>Transport na\u021bional<\/li>\n<li>Transport interna\u021bional<\/li>\n<li>Transport privat<\/li>\n<li>Transport comercial<\/li>\n<li>Servicii personalizate din u\u0219\u0103 \u00een u\u0219\u0103<\/li>\n<li>Diferite dimensiuni de expediere<\/li>\n<li>Transport aerian, maritim \u0219i terestru<\/li>\n<li>Asisten\u021b\u0103 vamal\u0103<\/li>\n<li>Asigurare<\/li>\n<li>Facilit\u0103\u021bi de depozitare<\/li>\n<\/ul>\n<p>Logisfashion este o companie interna\u021bional\u0103 de logistic\u0103 \u00eenfiin\u021bat\u0103 \u00een 1997, cu filiale \u00een nou\u0103 \u021b\u0103ri din \u00eentreaga lume \u0219i un birou \u00een Panama City. Sunt membri ai IAM cu 42 de ani de activitate, ceea ce le ofer\u0103 acces la o re\u021bea interna\u021bional\u0103 de agen\u021bi de mutare.<\/p>\n<p>Logisfashion ofer\u0103 servicii de transport interna\u021bional pe calea aerului, pe mare \u0219i pe uscat, care includ \u00eenc\u0103rc\u0103turi de containere complete \u0219i \u00eenc\u0103rc\u0103turi mai mici dec\u00e2t cele de containere. Ace\u0219tia ofer\u0103 un serviciu personalizat de la u\u0219\u0103 la u\u0219\u0103, cu trasabilitate a transportului, v\u0103muire \u0219i includ asigurarea m\u0103rfurilor. De asemenea, ofer\u0103 facilit\u0103\u021bi de depozitare \u0219i de stocare pentru a sprijini activit\u0103\u021bile de distribu\u021bie \u0219i de import sau export.<\/p>\n<p>Site web: <a href=\"http:\/\/www.logisfashion.com\" target=\"_blank\" rel=\"noopener\">http:\/\/www.logisfashion.com<\/a><\/p>\n<h2><span class=\"ez-toc-section\" id=\"3_Mudanzas_Express\"><\/span><strong>3. Mudanzas Express<\/strong><span class=\"ez-toc-section-end\"><\/span><\/h2>\n<p><img loading=\"lazy\" decoding=\"async\" class=\"alignnone size-full wp-image-8833\" src=\"https:\/\/moverdb.com\/wp-content\/uploads\/Mudanzas-Express-international-moving-company.png\" alt=\"Mudanzas Express companie de mutare interna\u021bional\u0103\" width=\"1440\" height=\"686\" data-wp-pid=\"8833\" srcset=\"https:\/\/moverdb.com\/wp-content\/uploads\/Mudanzas-Express-international-moving-company.png 1440w, https:\/\/moverdb.com\/wp-content\/uploads\/Mudanzas-Express-international-moving-company-300x143.png 300w, https:\/\/moverdb.com\/wp-content\/uploads\/Mudanzas-Express-international-moving-company-1024x488.png 1024w, https:\/\/moverdb.com\/wp-content\/uploads\/Mudanzas-Express-international-moving-company-18x9.png 18w, https:\/\/moverdb.com\/wp-content\/uploads\/Mudanzas-Express-international-moving-company-600x286.png 600w\" sizes=\"auto, (max-width: 1440px) 100vw, 1440px\" \/><\/p>\n<ul>\n<li>Mut\u0103ri locale<\/li>\n<li>Mut\u0103ri interna\u021bionale<\/li>\n<li>Mutarea gospod\u0103riei<\/li>\n<li>Mut\u0103ri comerciale \u0219i de birouri<\/li>\n<li>Serviciu din u\u0219\u0103 \u00een u\u0219\u0103<\/li>\n<li>Procesul de management supravegheat<\/li>\n<li>Serviciul de ambalare<\/li>\n<li>Transport aerian \u0219i maritim<\/li>\n<li>Brokeraj vamal<\/li>\n<li>Transport auto<\/li>\n<\/ul>\n<p>Mudanzas Express este o companie de mut\u0103ri interna\u021bionale cu sediul \u00een Tocumen \u0219i are peste 12 ani de experien\u021b\u0103. Ei sunt membri ai IAM cu 15 ani de serviciu \u0219i acest lucru le ofer\u0103 o re\u021bea interna\u021bional\u0103 de agen\u021bi de mutare pentru a-i sprijini cu servicii \u00een afara Panama.<\/p>\n<p>Mudanzas Express ofer\u0103 un serviciu de mutare pentru cei care se mut\u0103 \u00een sau din Panama, care ofer\u0103 un serviciu de la u\u0219\u0103 la u\u0219\u0103. Ace\u0219tia ofer\u0103 un serviciu de ambalare pentru a v\u0103 proteja bunurile \u00een timpul transportului, dezasamblarea \u0219i asamblarea mobilei \u0219i manipularea obiectelor fragile \u0219i a pianelor.  Ace\u0219tia vor aranja transportul \u0219i vor gestiona procesul, inclusiv brokerajul vamal.<\/p>\n<p>Site web: <a href=\"http:\/\/www.mudanzasexpresspanama.com\" target=\"_blank\" rel=\"noopener\">http:\/\/www.mudanzasexpresspanama.com<\/a><\/p>\n<h2><span class=\"ez-toc-section\" id=\"4_Panama_Moving_Solutions\"><\/span><strong>4. Panama Moving Solutions<\/strong><span class=\"ez-toc-section-end\"><\/span><\/h2>\n<p><img loading=\"lazy\" decoding=\"async\" class=\"alignnone size-full wp-image-8843\" src=\"https:\/\/moverdb.com\/wp-content\/uploads\/Panama-Moving-Solutions-international-moving-company.png\" alt=\"Panama Moving Solutions companie de mutare interna\u021bional\u0103\" width=\"1440\" height=\"681\" data-wp-pid=\"8843\" srcset=\"https:\/\/moverdb.com\/wp-content\/uploads\/Panama-Moving-Solutions-international-moving-company.png 1440w, https:\/\/moverdb.com\/wp-content\/uploads\/Panama-Moving-Solutions-international-moving-company-300x142.png 300w, https:\/\/moverdb.com\/wp-content\/uploads\/Panama-Moving-Solutions-international-moving-company-1024x484.png 1024w, https:\/\/moverdb.com\/wp-content\/uploads\/Panama-Moving-Solutions-international-moving-company-18x9.png 18w, https:\/\/moverdb.com\/wp-content\/uploads\/Panama-Moving-Solutions-international-moving-company-600x284.png 600w\" sizes=\"auto, (max-width: 1440px) 100vw, 1440px\" \/><\/p>\n<ul>\n<li>Mut\u0103ri locale \u0219i na\u021bionale<\/li>\n<li>Mut\u0103ri interna\u021bionale<\/li>\n<li>Mutarea gospod\u0103riilor<\/li>\n<li>Mut\u0103ri corporative<\/li>\n<li>Din u\u0219\u0103 \u00een u\u0219\u0103 \u0219i din u\u0219\u0103 \u00een u\u0219\u0103<a href=\"https:\/\/moverdb.com\/ro\/top-49-container-ports\/\" data-internallinksmanager029f6b8e52c=\"80\" title=\"Top 49 cele mai mari \u0219i mai aglomerate porturi de containere \u00een 2026\">port<\/a> servicii<\/li>\n<li>Servicii de ambalare<\/li>\n<li>Organizarea transportului<\/li>\n<li>Transportul animalelor de companie<\/li>\n<li>Transportul vehiculelor<\/li>\n<li>Facilit\u0103\u021bi de depozitare<\/li>\n<\/ul>\n<p>Panama Moving Solutions ofer\u0103 servicii de mut\u0103ri interna\u021bionale \u0219i transport de marf\u0103 cu o experien\u021b\u0103 de peste 20 de ani \u0219i are sediul \u00een Panama City. Ei lucreaz\u0103 cu agen\u021bi de mutare recunoscu\u021bi la nivel interna\u021bional pentru a-i sprijini \u00een furnizarea de servicii \u0219i sunt membri ai IAM cu \u0219ase ani de serviciu.<\/p>\n<p>Panama Moving Solutions ofer\u0103 servicii de mutare pe m\u0103sur\u0103 \u00een Panama, spre \u0219i din Panama, care pot fi servicii u\u0219\u0103-la-u\u0219\u0103 sau u\u0219\u0103-la-port. Ace\u0219tia ofer\u0103 un serviciu de ambalare care utilizeaz\u0103 cele mai bune produse de ambalare \u0219i cele mai noi tehnici de ambalare pentru a reduce daunele \u0219i umiditatea. Ei ofer\u0103 servicii suplimentare care includ transportul animalelor de companie \u0219i al vehiculelor \u0219i depozitarea.<\/p>\n<p>Site web: <a href=\"http:\/\/www.pmovings.com\" target=\"_blank\" rel=\"noopener\">http:\/\/www.pmovings.com<\/a><\/p>\n<h2><span class=\"ez-toc-section\" id=\"5_Panama_Packing_Storage\"><\/span><strong>5. Ambalare \u0219i depozitare \u00een Panama<\/strong><span class=\"ez-toc-section-end\"><\/span><\/h2>\n<p><img loading=\"lazy\" decoding=\"async\" class=\"alignnone size-full wp-image-8844\" src=\"https:\/\/moverdb.com\/wp-content\/uploads\/Panama-Packing-Storage-international-moving-company.png\" alt=\"Panama Packing &amp; Storage companie de mutare interna\u021bional\u0103\" width=\"1440\" height=\"682\" data-wp-pid=\"8844\" srcset=\"https:\/\/moverdb.com\/wp-content\/uploads\/Panama-Packing-Storage-international-moving-company.png 1440w, https:\/\/moverdb.com\/wp-content\/uploads\/Panama-Packing-Storage-international-moving-company-300x142.png 300w, https:\/\/moverdb.com\/wp-content\/uploads\/Panama-Packing-Storage-international-moving-company-1024x485.png 1024w, https:\/\/moverdb.com\/wp-content\/uploads\/Panama-Packing-Storage-international-moving-company-18x9.png 18w, https:\/\/moverdb.com\/wp-content\/uploads\/Panama-Packing-Storage-international-moving-company-600x284.png 600w\" sizes=\"auto, (max-width: 1440px) 100vw, 1440px\" \/><\/p>\n<ul>\n<li>Mut\u0103ri locale<\/li>\n<li>Mut\u0103ri interna\u021bionale<\/li>\n<li>Mutarea gospod\u0103riei<\/li>\n<li>Servicii de birou<\/li>\n<li>Servicii door-to-door sau door-to-port<\/li>\n<li>Serviciul de ambalare<\/li>\n<li>Transport rutier, maritim \u0219i aerian<\/li>\n<li>Suport pentru import \u0219i export<\/li>\n<li>Manipularea artelor frumoase<\/li>\n<li>Facilit\u0103\u021bi de depozitare de la scurt la lung<\/li>\n<\/ul>\n<p>Panama Packing &amp; Storage este o companie de mut\u0103ri din America Latin\u0103, \u00eenfiin\u021bat\u0103 \u00een 1971 \u0219i cu sediul \u00een Panama City. Ei au o re\u021bea global\u0103 de agen\u021bi de mutare care \u00eei pot sprijini cu serviciile lor \u00een afara zonelor lor de operare. Ei sunt membri ai IAM \u0219i sunt acredita\u021bi de FIDI.<\/p>\n<p>Panama Packing &amp; Storage ofer\u0103 reloc\u0103ri interna\u021bionale \u0219i mut\u0103ri locale, care includ un serviciu de manipulare a artei fine. Ace\u0219tia ofer\u0103 servicii de ambalare \u0219i despachetare care includ \u00eempachetarea \u0219i ambalarea obiectelor fragile. Ace\u0219tia ofer\u0103 facilit\u0103\u021bi de depozitare securizate care sunt potrivite pentru solu\u021bii pe termen scurt sau lung.<\/p>\n<p>Site web: <a href=\"http:\/\/www.panamapacking.com\" target=\"_blank\" rel=\"noopener\">http:\/\/www.panamapacking.com<\/a><\/p>","protected":false},"excerpt":{"rendered":"<p>Are you moving home or office within, to or from Panama? Then you may want to employ the services of a moving company to assist you with packing, organising transportation and arrangement of documentation for international moves. Below we have compiled a list of Panama based removal companies that are members of the International Association [&hellip;]<\/p>\n","protected":false},"author":4,"featured_media":0,"parent":190,"menu_order":0,"comment_status":"closed","ping_status":"closed","template":"","meta":{"_genesis_hide_title":false,"_genesis_hide_breadcrumbs":false,"_genesis_hide_singular_image":false,"_genesis_hide_footer_widgets":false,"_genesis_custom_body_class":"","_genesis_custom_post_class":"","_genesis_layout":"","footnotes":""},"class_list":{"0":"post-8908","1":"page","2":"type-page","3":"status-publish","5":"entry","6":"has-post-thumbnail"},"_links":{"self":[{"href":"https:\/\/moverdb.com\/ro\/wp-json\/wp\/v2\/pages\/8908","targetHints":{"allow":["GET"]}}],"collection":[{"href":"https:\/\/moverdb.com\/ro\/wp-json\/wp\/v2\/pages"}],"about":[{"href":"https:\/\/moverdb.com\/ro\/wp-json\/wp\/v2\/types\/page"}],"author":[{"embeddable":true,"href":"https:\/\/moverdb.com\/ro\/wp-json\/wp\/v2\/users\/4"}],"replies":[{"embeddable":true,"href":"https:\/\/moverdb.com\/ro\/wp-json\/wp\/v2\/comments?post=8908"}],"version-history":[{"count":1,"href":"https:\/\/moverdb.com\/ro\/wp-json\/wp\/v2\/pages\/8908\/revisions"}],"predecessor-version":[{"id":8909,"href":"https:\/\/moverdb.com\/ro\/wp-json\/wp\/v2\/pages\/8908\/revisions\/8909"}],"up":[{"embeddable":true,"href":"https:\/\/moverdb.com\/ro\/wp-json\/wp\/v2\/pages\/190"}],"wp:attachment":[{"href":"https:\/\/moverdb.com\/ro\/wp-json\/wp\/v2\/media?parent=8908"}],"curies":[{"name":"wp","href":"https:\/\/api.w.org\/{rel}","templated":true}]}}