{"id":8906,"date":"2023-04-27T14:30:32","date_gmt":"2023-04-27T14:30:32","guid":{"rendered":"https:\/\/moverdb.com\/?page_id=8906"},"modified":"2026-01-08T15:24:24","modified_gmt":"2026-01-08T15:24:24","slug":"moving-companies-paraguay","status":"publish","type":"page","link":"https:\/\/moverdb.com\/ro\/moving-companies\/moving-companies-paraguay\/","title":{"rendered":"3 Cele mai bune companii de mutare interna\u021bional\u0103 \u00een Paraguay"},"content":{"rendered":"<p>Pl\u0103nui\u021bi o mutare \u00een, spre sau din Paraguay? Dac\u0103 ave\u021bi nevoie de ajutor cu \u00eempachetarea \u0219i organizarea mut\u0103rii, \u00een special dac\u0103 v\u0103 muta\u021bi dintr-o \u021bar\u0103 \u00een alta \u0219i trebuie s\u0103 completa\u021bi actele de import\/export. Mai jos am compilat o list\u0103 de firme cu sediul \u00een Paraguay <a href=\"https:\/\/moverdb.com\/ro\/international-removals\/\" data-internallinksmanager029f6b8e52c=\"27\" title=\"36 Cele mai bune companii de mut\u0103ri interna\u021bionale din Marea Britanie\">companii de mutare<\/a> care sunt membri ai grupului <a href=\"https:\/\/moverdb.com\/ro\/iam\/\" data-internallinksmanager029f6b8e52c=\"23\" title=\"Explica\u021bii despre Asocia\u021bia Interna\u021bional\u0103 a Transportatorilor (IAM)\">Asocia\u021bia Interna\u021bional\u0103 a Transportatorilor<\/a> (IAM) \u0219i\/sau <a href=\"https:\/\/moverdb.com\/ro\/fidi-faim\/\" data-internallinksmanager029f6b8e52c=\"16\" title=\"FIDI &amp; FAIM (FIDI Accredited International Mover) Explicat\">FIDI<\/a> Accredited International Mover (FAIM), care v\u0103 poate ajuta cu mutarea dumneavoastr\u0103.<\/p>\n<h2><strong>1. Servimex<\/strong><\/h2>\n<p><img loading=\"lazy\" decoding=\"async\" class=\"alignnone size-full wp-image-8856\" src=\"https:\/\/moverdb.com\/wp-content\/uploads\/Servimex-international-moving-company.png\" alt=\"Servimex companie de mut\u0103ri interna\u021bionale\" width=\"1440\" height=\"674\" data-wp-pid=\"8856\" srcset=\"https:\/\/moverdb.com\/wp-content\/uploads\/Servimex-international-moving-company.png 1440w, https:\/\/moverdb.com\/wp-content\/uploads\/Servimex-international-moving-company-300x140.png 300w, https:\/\/moverdb.com\/wp-content\/uploads\/Servimex-international-moving-company-1024x479.png 1024w, https:\/\/moverdb.com\/wp-content\/uploads\/Servimex-international-moving-company-18x8.png 18w, https:\/\/moverdb.com\/wp-content\/uploads\/Servimex-international-moving-company-600x281.png 600w\" sizes=\"auto, (max-width: 1440px) 100vw, 1440px\" \/><\/p>\n<ul>\n<li>Mut\u0103ri na\u021bionale locale<\/li>\n<li>Mut\u0103ri interna\u021bionale<\/li>\n<li>Mut\u0103ri reziden\u021biale<\/li>\n<li>Mutarea birourilor<\/li>\n<li>Servicii door-to-door<\/li>\n<li>Serviciul de ambalare<\/li>\n<li>Transport rutier, maritim \u0219i aerian<\/li>\n<li>V\u0103muire<\/li>\n<li>Asigurare<\/li>\n<li>Facilit\u0103\u021bi de depozitare<\/li>\n<\/ul>\n<p>Servimex este un <a href=\"https:\/\/moverdb.com\/ro\/moving-companies\/\" data-internallinksmanager029f6b8e52c=\"79\" title=\"Top 25 Companii interna\u021bionale de mutare online\">companie \u00een mi\u0219care<\/a> care a fost \u00eenfiin\u021bat\u0103 \u00een 1979 \u0219i are sediul \u00een Asuncion. Sunt membri ai IAM cu 44 de ani de activitate \u0219i sunt acredita\u021bi de FIDI, ceea ce le ofer\u0103 acces la o re\u021bea interna\u021bional\u0103 de agen\u021bi de mut\u0103ri.<\/p>\n<p>Servimex ofer\u0103 un serviciu de ambalare a bunurilor de uz casnic \u0219i a operelor de art\u0103, care vor fi ambalate \u00een ambalaje industriale pentru a le proteja \u00een timpul transportului. Ace\u0219tia ofer\u0103 solu\u021bii de transport multimodal, inclusiv rutier, maritim \u0219i aerian, folosind containere, \u0219i v\u0103 vor ajuta cu v\u0103muirea la export \u0219i import. Ofer\u0103 servicii de relocare, inclusiv servicii de imigrare, orientare, asisten\u021b\u0103 la instalare, c\u0103ut\u0103ri de case \u0219i \u0219coli \u0219i asisten\u021b\u0103 la plecare.<\/p>\n<p>Site web: <a href=\"http:\/\/www.servimex.com.py\" target=\"_blank\" rel=\"noopener\">http:\/\/www.servimex.com.py<\/a><\/p>\n<h2><strong>2. Benkovics<\/strong><\/h2>\n<p><img loading=\"lazy\" decoding=\"async\" class=\"alignnone size-full wp-image-8766\" src=\"https:\/\/moverdb.com\/wp-content\/uploads\/Benkovics-international-moving-company.png\" alt=\"Benkovics companie de mut\u0103ri interna\u021bionale\" width=\"1440\" height=\"679\" data-wp-pid=\"8766\" srcset=\"https:\/\/moverdb.com\/wp-content\/uploads\/Benkovics-international-moving-company.png 1440w, https:\/\/moverdb.com\/wp-content\/uploads\/Benkovics-international-moving-company-300x141.png 300w, https:\/\/moverdb.com\/wp-content\/uploads\/Benkovics-international-moving-company-1024x483.png 1024w, https:\/\/moverdb.com\/wp-content\/uploads\/Benkovics-international-moving-company-18x8.png 18w, https:\/\/moverdb.com\/wp-content\/uploads\/Benkovics-international-moving-company-600x283.png 600w\" sizes=\"auto, (max-width: 1440px) 100vw, 1440px\" \/><\/p>\n<ul>\n<li>Mut\u0103ri na\u021bionale<\/li>\n<li>Mut\u0103ri interna\u021bionale<\/li>\n<li>Mutarea gospod\u0103riilor<\/li>\n<li>Sondaj \u00eenainte de mutare<\/li>\n<li>\u00cendrumare \u00een mi\u0219care<\/li>\n<li>Serviciul de ambalare<\/li>\n<li>Transport terestru, aerian \u0219i maritim<\/li>\n<li>V\u0103muire la export<\/li>\n<li>Asigurare<\/li>\n<li>Depozitare pe termen scurt \u0219i lung<\/li>\n<\/ul>\n<p>Benkovics este o firm\u0103 de mut\u0103ri care are sediul \u00een Asuncion. Ace\u0219tia lucreaz\u0103 cu agen\u021bi de mutare acredita\u021bi la nivel interna\u021bional din \u00eentreaga lume pentru a-\u0219i livra serviciile la nivel interna\u021bional. Ei sunt membri ai IAM cu 64 de ani de serviciu.<\/p>\n<p>Benkovics ofer\u0103 un studiu \u00eenainte de mutare pentru a evalua volumul cerin\u021belor dumneavoastr\u0103 de mutare \u0219i pentru a v\u0103 oferi o estimare. Ace\u0219tia ofer\u0103 un serviciu de ambalare care utilizeaz\u0103 materiale de ambalare de cea mai bun\u0103 calitate, inclusiv schele\u021bi din lemn \u0219i cutii rezistente pentru a v\u0103 proteja bunurile. Exper\u021bii lor \u00een logistic\u0103 vor aranja transportul rutier, aerian sau maritim \u0219i v\u0103 vor ajuta cu autoriza\u021bia de export. La sosire, ace\u0219tia vor despacheta \u0219i vor \u00eendep\u0103rta toate de\u0219eurile.<\/p>\n<p>Site web: <a href=\"http:\/\/www.benkovics.com.py\" target=\"_blank\" rel=\"noopener\">http:\/\/www.benkovics.com.py<\/a><\/p>\n<h2><strong>3. Asuncion Vanpack<\/strong><\/h2>\n<p><img loading=\"lazy\" decoding=\"async\" class=\"alignnone size-full wp-image-8761\" src=\"https:\/\/moverdb.com\/wp-content\/uploads\/Asuncion-Vanpack-international-moving-company.png\" alt=\"Asuncion Vanpack companie de mutare interna\u021bional\u0103\" width=\"1440\" height=\"677\" data-wp-pid=\"8761\" srcset=\"https:\/\/moverdb.com\/wp-content\/uploads\/Asuncion-Vanpack-international-moving-company.png 1440w, https:\/\/moverdb.com\/wp-content\/uploads\/Asuncion-Vanpack-international-moving-company-300x141.png 300w, https:\/\/moverdb.com\/wp-content\/uploads\/Asuncion-Vanpack-international-moving-company-1024x481.png 1024w, https:\/\/moverdb.com\/wp-content\/uploads\/Asuncion-Vanpack-international-moving-company-18x8.png 18w, https:\/\/moverdb.com\/wp-content\/uploads\/Asuncion-Vanpack-international-moving-company-600x282.png 600w\" sizes=\"auto, (max-width: 1440px) 100vw, 1440px\" \/><\/p>\n<ul>\n<li>Mi\u0219c\u0103ri na\u021bionale<\/li>\n<li>Mut\u0103ri interna\u021bionale<\/li>\n<li>Mutarea gospod\u0103riei<\/li>\n<li>Sondaj la domiciliu<\/li>\n<li>Serviciul de ambalare<\/li>\n<li>Ambalaje specializate<\/li>\n<li>Organizarea transportului<\/li>\n<li>Asigurare<\/li>\n<li>Gestionarea fi\u0219ierelor<\/li>\n<li>Facilit\u0103\u021bi de depozitare<\/li>\n<\/ul>\n<p>Asuncion Vanpack este o companie de transport \u0219i logistic\u0103 cu o experien\u021b\u0103 de peste 30 de ani \u0219i are sediul \u00een Asuncion. Sunt membri ai IAM cu 35 de ani de serviciu, ceea ce le ofer\u0103 acces la o re\u021bea interna\u021bional\u0103 de agen\u021bi de mutare care \u00eei sprijin\u0103 \u00een afara Paraguayului.<\/p>\n<p>Asuncion Vanpack efectueaz\u0103 un sondaj pentru a stabili volumul mut\u0103rii dvs. pentru a v\u0103 recomanda cele mai bune op\u021biuni pentru mutarea dvs. \u0219i pentru a \u00eentocmi o ofert\u0103. Ace\u0219tia ofer\u0103 un serviciu de ambalare care ofer\u0103 cele mai bune materiale de ambalare pentru a v\u0103 proteja obiectele \u00een timpul tranzitului \u0219i folosesc un design de ambalare specific pentru fiecare obiect \u0219i dispun de t\u00e2mpl\u0103rie pentru cerin\u021be specializate.<\/p>\n<p>Site web: <a href=\"http:\/\/www.asuncionvanpack.com\" target=\"_blank\" rel=\"noopener\">http:\/\/www.asuncionvanpack.com<\/a><\/p>","protected":false},"excerpt":{"rendered":"<p>Are you planning a move within, to or from Paraguay? If you need help with packing and organising your move especially if you are moving countries and need to complete import\/export paperwork. Below we have compiled a list of Paraguay based removal companies that are members of the International Association of Movers (IAM) and\/or FIDI [&hellip;]<\/p>\n","protected":false},"author":4,"featured_media":0,"parent":190,"menu_order":0,"comment_status":"closed","ping_status":"closed","template":"","meta":{"_genesis_hide_title":false,"_genesis_hide_breadcrumbs":false,"_genesis_hide_singular_image":false,"_genesis_hide_footer_widgets":false,"_genesis_custom_body_class":"","_genesis_custom_post_class":"","_genesis_layout":"","footnotes":""},"class_list":{"0":"post-8906","1":"page","2":"type-page","3":"status-publish","5":"entry","6":"has-post-thumbnail"},"_links":{"self":[{"href":"https:\/\/moverdb.com\/ro\/wp-json\/wp\/v2\/pages\/8906","targetHints":{"allow":["GET"]}}],"collection":[{"href":"https:\/\/moverdb.com\/ro\/wp-json\/wp\/v2\/pages"}],"about":[{"href":"https:\/\/moverdb.com\/ro\/wp-json\/wp\/v2\/types\/page"}],"author":[{"embeddable":true,"href":"https:\/\/moverdb.com\/ro\/wp-json\/wp\/v2\/users\/4"}],"replies":[{"embeddable":true,"href":"https:\/\/moverdb.com\/ro\/wp-json\/wp\/v2\/comments?post=8906"}],"version-history":[{"count":1,"href":"https:\/\/moverdb.com\/ro\/wp-json\/wp\/v2\/pages\/8906\/revisions"}],"predecessor-version":[{"id":8907,"href":"https:\/\/moverdb.com\/ro\/wp-json\/wp\/v2\/pages\/8906\/revisions\/8907"}],"up":[{"embeddable":true,"href":"https:\/\/moverdb.com\/ro\/wp-json\/wp\/v2\/pages\/190"}],"wp:attachment":[{"href":"https:\/\/moverdb.com\/ro\/wp-json\/wp\/v2\/media?parent=8906"}],"curies":[{"name":"wp","href":"https:\/\/api.w.org\/{rel}","templated":true}]}}