{"id":890,"date":"2016-08-29T10:10:27","date_gmt":"2016-08-29T10:10:27","guid":{"rendered":"http:\/\/moverdb.com\/?page_id=890"},"modified":"2026-01-08T15:20:31","modified_gmt":"2026-01-08T15:20:31","slug":"pearson","status":"publish","type":"page","link":"https:\/\/moverdb.com\/ro\/pearson\/","title":{"rendered":"Pearson Home Moving: Recenzii mut\u0103ri interna\u021bionale"},"content":{"rendered":"<p>Pearson Home Moving sunt o companie de mutare \u0219i relocalizare care ofer\u0103 urm\u0103toarele servicii clien\u021bilor lor. Lista de servicii este urmat\u0103 de profilul companiei \u0219i de recenzii.<\/p>\n<p><strong>Servicii interna\u021bionale de mutare a locuin\u021bei<\/strong><\/p>\n<ul>\n<li> Manager de mutare dedicat<\/li>\n<li> Serviciu din u\u0219\u0103 \u00een u\u0219\u0103<\/li>\n<li> Flot\u0103 de vehicule dedicate<\/li>\n<li> Ambalatori profesioni\u0219ti - dezasamblare \u0219i ambalare<\/li>\n<li> Materiale de ambalare suplimentate<\/li>\n<li> <a href=\"https:\/\/moverdb.com\/ro\/transport-maritim-de-containere\/\">Transport aerian sau maritim<\/a><\/li>\n<li> Asisten\u021b\u0103 vamal\u0103<\/li>\n<li> Despacheta\u021bi \u0219i reasambla\u021bi<\/li>\n<li> Relocarea animalelor de companie<\/li>\n<li> <a href=\"https:\/\/moverdb.com\/ro\/auto-transport-expediere\/\">Relocarea vehiculului<\/a><\/li>\n<li> Serviciul de cur\u0103\u021benie<\/li>\n<li> Asigurare aranjat\u0103<\/li>\n<li> Depozitare disponibil\u0103<\/li>\n<\/ul>\n<h2>Pearson Home Moving Profilul companiei<\/h2>\n<p>Pearson Home Moving a fost \u00eenfiin\u021bat\u0103 \u00een 1917 de Edward Pearson \u0219i p\u00e2n\u0103 \u00een prezent a efectuat cu succes peste 250.000 de mut\u0103ri pe toate continentele, chiar \u0219i \u00een Antarctica. Scopul lui Edward Pearson a fost acela de a deveni cel mai bun <a href=\"https:\/\/moverdb.com\/ro\/international-removals\/\" data-internallinksmanager029f6b8e52c=\"27\" title=\"36 Cele mai bune companii de mut\u0103ri interna\u021bionale din Marea Britanie\">companie de mutare<\/a> \u00een afaceri.<\/p>\n<p>Compania spune c\u0103 a folosit ultimii 100 de ani pentru a construi una dintre cele mai bune re\u021bele globale de profesioni\u0219ti \u00een domeniul mut\u0103rilor din lume. Pearson Home Moving \u00ee\u0219i pune clien\u021bii pe primul loc, indiferent c\u00e2t de mic\u0103 este mutarea.<\/p>\n<p>Politicile de mediu ale Pearson Home Moving includ utilizarea de produse ecologice \u0219i reciclarea ori de c\u00e2te ori este posibil; \u0219i \u00eencearc\u0103 \u00eentotdeauna s\u0103 foloseasc\u0103 vehicule cu \u00eenc\u0103rc\u0103tur\u0103 complet\u0103 pentru a reduce amprenta de carbon.<\/p>\n<p>Ace\u0219tia au urm\u0103toarele acredit\u0103ri \u0219i afilieri:<\/p>\n<ul>\n<li> <a href=\"https:\/\/moverdb.com\/ro\/asociatia-britanica-a-demolatorilor\/\">Asocia\u021bia Britanic\u0103 a Transportatorilor<\/a> (<a href=\"https:\/\/moverdb.com\/ro\/british-association-of-removers\/\" data-internallinksmanager029f6b8e52c=\"9\" title=\"Asocia\u021bia Britanic\u0103 a Transportatorilor (BAR) Explica\u021bii\">BAR<\/a>)<\/li>\n<li> <a href=\"https:\/\/moverdb.com\/ro\/harmony-relocation-network\/\">Re\u021beaua de relocare Harmony<\/a><\/li>\n<li> DNV ISO9001<\/li>\n<li> <a href=\"https:\/\/moverdb.com\/ro\/fedemac\/\">Federa\u021bia Asocia\u021biei Europene a Transportatorilor<\/a> (<a href=\"https:\/\/moverdb.com\/ro\/fedemac\/\" data-internallinksmanager029f6b8e52c=\"15\" title=\"Federa\u021bia Asocia\u021biei Europene a Transportatorilor (FEDEMAC) Explica\u021bii\">FEDEMAC<\/a>)<\/li>\n<li> <a href=\"https:\/\/moverdb.com\/ro\/fidi-faim\/\">FIDI<\/a><\/li>\n<\/ul>\n<h2>Pearson Home Moving Recenzii<\/h2>\n<p><strong>Pozitiv:<\/strong><\/p>\n<ul>\n<li> \"Aceasta a fost a 19-a mutare \u00een 40 de ani. Cel mai bun de p\u00e2n\u0103 acum, personalul de birou foarte profesionist, iar oamenii de mutare au fost de prim\u0103 clas\u0103. Foarte bine f\u0103cut! Am recomanda Pearson din toat\u0103 inima tuturor.\" - Peter via <a href=\"http:\/\/www.pearsonhomemoving.com\/\" target=\"_blank\" rel=\"noopener\">Pearson Home Moving Website<\/a><\/li>\n<li> <em>\"Aceast\u0103 companie a fost fantastic\u0103 de la \u00eenceput p\u00e2n\u0103 la sf\u00e2r\u0219it. Pre\u021bul lor a fost foarte competitiv \u0219i au dat <a href=\"https:\/\/moverdb.com\/ro\/moving-to-the-united-states\/\" data-internallinksmanager029f6b8e52c=\"94\" title=\"V\u0103 muta\u021bi \u00een Statele Unite? 2026 Costurile vie\u021bii \u0219i sfaturi de relocare\">us<\/a> un serviciu excelent.\"<\/em> - Steve via <a href=\"http:\/\/www.mymovingreviews.com\/movers\/pearson-home-moving-2276#56936\" target=\"_blank\" rel=\"noopener\">MyMovingReviews.com<\/a><\/li>\n<li> <em>\"Am primit un serviciu foarte profesionist pentru mutarea noastr\u0103 de la <a href=\"https:\/\/moverdb.com\/ro\/moving-to-germany\/\" data-internallinksmanager029f6b8e52c=\"321\" title=\"V\u0103 muta\u021bi \u00een Germania? 2026 Costurile vie\u021bii \u0219i sfaturi de relocare\">Germania<\/a> la <a href=\"https:\/\/moverdb.com\/ro\/moving-to-the-uk\/\" data-internallinksmanager029f6b8e52c=\"93\" title=\"V\u0103 muta\u021bi \u00een Regatul Unit? 2026 Costurile vie\u021bii \u0219i sfaturi de relocare\">MAREA BRITANIE<\/a>.\"<\/em> - Kerry via <a href=\"http:\/\/www.removalreviews.co.uk\/movingreviews\/home-move-to-uk-10941\" target=\"_blank\" rel=\"noopener\">Recenzii de mutare<\/a><\/li>\n<li> \"<em>Servicii excelente pentru clien\u021bi \/ servicii generale excelente.\"<\/em> - Bruce via <a href=\"http:\/\/www.ciao.co.uk\/Pearson_Home_Moving__Review_6008009\" target=\"_blank\" rel=\"noopener\">Ciao!<\/a> <\/li>\n<\/ul>\n<p><strong>Negativ:<\/strong><\/p>\n<ul>\n<li> <em>\"Livrarea a venit cu dou\u0103 zile \u00eent\u00e2rziere. Putem \u00een\u021belege c\u0103 au existat probleme \u0219i \u00eent\u00e2rzieri la grani\u021b\u0103 care nu depind de controlul lor, dar nu \u0219i faptul c\u0103 nu am fost niciodat\u0103 informa\u021bi cu privire la stadiul livr\u0103rii\"<\/em> - Christoph via <a href=\"http:\/\/www.mymovingreviews.com\/movers\/pearson-home-moving-2276#57516\" target=\"_blank\" rel=\"noopener\">MyMovingReviews.com<\/a> <\/li>\n<li> <em>\"La livrare, cutiile mele erau at\u00e2t murdare, c\u00e2t \u0219i ude. \u00cen consecin\u021b\u0103, au fost \u0219i deteriorate.\"<\/em> - Harald \u00een Glos via <a href=\"http:\/\/www.removalreviews.co.uk\/movingreviews\/never-again-10123\" target=\"_blank\" rel=\"noopener\">Recenzii de mutare<\/a><\/li>\n<li> <em>\"\u00cen cele din urm\u0103, lucrurile mele au fost livrate la jum\u0103tatea lunii septembrie, la 81 de zile dup\u0103 ce fuseser\u0103 ridicate.\"<\/em> - Imoena via <a href=\"http:\/\/www.ciao.co.uk\/Pearson_Home_Moving__Review_6113468\" target=\"_blank\" rel=\"noopener\">Ciao!<\/a> <\/li>\n<\/ul>\n<div itemprop=\"review\" itemscope itemtype=\"http:\/\/schema.org\/Review\">\n<span itemprop=\"author\" itemscope=\"\" itemtype=\"http:\/\/schema.org\/Organization\"><span itemprop=\"name\">MoverDB.com<\/span><\/span> Revizuirea online a site-ului pentru <span itemprop=\"itemreviewed\" itemscope=\"\" itemtype=\"http:\/\/schema.org\/Brand\"><span itemprop=\"name\">Pearson Home Moving<\/span><\/span>:<\/p>\n<ol>\n<li> Detalii de contact clare pe site-ul web (inclusiv num\u0103rul de telefon): <strong>Da<\/strong><\/li>\n<li> U\u0219or de ob\u021binut <a href=\"https:\/\/moverdb.com\/ro\/citate\/\">citate de mut\u0103ri interna\u021bionale<\/a>? (Formular de solicitare a unui deviz online): <strong>Da<\/strong><\/li>\n<li> Informa\u021bii clare pe site-ul web: <strong>Unele<\/strong>De\u0219i exist\u0103 informa\u021bii de contact clare \u0219i o prezentare general\u0103 a serviciilor, site-ul web nu con\u021bine informa\u021bii detaliate despre planificarea mut\u0103rii.<\/li>\n<li> Apartenen\u021ba la organiza\u021bii interna\u021bionale recunoscute \u00een domeniul mut\u0103rii: <strong>Da<\/strong>, a se vedea mai sus.<\/li>\n<li> Lista de clien\u021bi \u0219i\/sau m\u0103rturii ale clien\u021bilor anteriori: <strong>Da,<\/strong> Exist\u0103 mai multe m\u0103rturii ale clien\u021bilor pe site.<\/li>\n<\/ol>\n<div itemprop=\"reviewRating\" itemscope itemtype=\"http:\/\/schema.org\/Rating\"><meta itemprop=\"worstRating\" content = \"0\" \/><meta itemprop=\"bestRating\" content=\"5\" \/><meta itemprop=\"ratingValue\" content=\"4.5\"><\/div>\n<p><strong>Scor general: 4.5\/5<\/strong><br \/>\n<strong>Data revizuirii:<\/strong> <span itemprop=\"datePublished\" content=\"2016-08-29\">29\/08\/2016<\/span>\n<\/div>\n<p>Mai multe despre <a href=\"https:\/\/moverdb.com\/ro\/mutari-internationale\/\">mut\u0103ri interna\u021bionale<\/a> \u0219i a noastr\u0103 <a href=\"https:\/\/moverdb.com\/ro\/comentarii\/\">procesul de revizuire<\/a>.<\/p>\n<p><strong>Site web:<\/strong> <a href=\"http:\/\/www.pearsonhomemoving.com\" target=\"_blank\" rel=\"noopener\">http:\/\/www.pearsonhomemoving.com<\/a><\/p>","protected":false},"excerpt":{"rendered":"<p>Pearson Home Moving are a removal and relocation company which offer the following services to their clients. The service list is followed by their company profile and reviews. International Home Moving Services Dedicated move manager Door to door service Dedicated vehicle fleet Professional packers &#8211; disassemble and pack Packing materials suppled Air freight or sea [&hellip;]<\/p>\n","protected":false},"author":1,"featured_media":0,"parent":0,"menu_order":0,"comment_status":"closed","ping_status":"closed","template":"","meta":{"_genesis_hide_title":false,"_genesis_hide_breadcrumbs":false,"_genesis_hide_singular_image":false,"_genesis_hide_footer_widgets":false,"_genesis_custom_body_class":"","_genesis_custom_post_class":"","_genesis_layout":"","footnotes":""},"class_list":{"0":"post-890","1":"page","2":"type-page","3":"status-publish","5":"entry"},"_links":{"self":[{"href":"https:\/\/moverdb.com\/ro\/wp-json\/wp\/v2\/pages\/890","targetHints":{"allow":["GET"]}}],"collection":[{"href":"https:\/\/moverdb.com\/ro\/wp-json\/wp\/v2\/pages"}],"about":[{"href":"https:\/\/moverdb.com\/ro\/wp-json\/wp\/v2\/types\/page"}],"author":[{"embeddable":true,"href":"https:\/\/moverdb.com\/ro\/wp-json\/wp\/v2\/users\/1"}],"replies":[{"embeddable":true,"href":"https:\/\/moverdb.com\/ro\/wp-json\/wp\/v2\/comments?post=890"}],"version-history":[{"count":6,"href":"https:\/\/moverdb.com\/ro\/wp-json\/wp\/v2\/pages\/890\/revisions"}],"predecessor-version":[{"id":6229,"href":"https:\/\/moverdb.com\/ro\/wp-json\/wp\/v2\/pages\/890\/revisions\/6229"}],"wp:attachment":[{"href":"https:\/\/moverdb.com\/ro\/wp-json\/wp\/v2\/media?parent=890"}],"curies":[{"name":"wp","href":"https:\/\/api.w.org\/{rel}","templated":true}]}}