{"id":8897,"date":"2023-04-27T14:33:01","date_gmt":"2023-04-27T14:33:01","guid":{"rendered":"https:\/\/moverdb.com\/?page_id=8897"},"modified":"2026-01-08T15:29:01","modified_gmt":"2026-01-08T15:29:01","slug":"moving-companies-norway","status":"publish","type":"page","link":"https:\/\/moverdb.com\/ro\/moving-companies\/moving-companies-norway\/","title":{"rendered":"5 Cele mai bune companii de mutare interna\u021bional\u0103 din Norvegia"},"content":{"rendered":"<p>Dac\u0103 v\u0103 muta\u021bi locuin\u021ba sau afacerea \u00een, spre sau dinspre <a href=\"https:\/\/moverdb.com\/ro\/moving-to-norway\/\" data-internallinksmanager029f6b8e52c=\"325\" title=\"V\u0103 muta\u021bi \u00een Norvegia? 2026 Costurile de trai \u0219i sfaturi de relocare\">Norvegia<\/a> atunci este posibil s\u0103 dori\u021bi s\u0103 apela\u021bi la serviciile unui <a href=\"https:\/\/moverdb.com\/ro\/moving-companies\/\" data-internallinksmanager029f6b8e52c=\"79\" title=\"Top 25 Companii interna\u021bionale de mutare online\">companie \u00een mi\u0219care<\/a> pentru a v\u0103 ajuta. Ace\u0219tia v\u0103 pot ajuta cu \u00eempachetarea, organizarea transportului \u0219i rezolvarea documentelor. Mai jos am \u00eentocmit o list\u0103 de firme din Norvegia. <a href=\"https:\/\/moverdb.com\/ro\/international-removals\/\" data-internallinksmanager029f6b8e52c=\"27\" title=\"36 Cele mai bune companii de mut\u0103ri interna\u021bionale din Marea Britanie\">companii de mutare<\/a> care sunt membri ai grupului <a href=\"https:\/\/moverdb.com\/ro\/iam\/\" data-internallinksmanager029f6b8e52c=\"23\" title=\"Explica\u021bii despre Asocia\u021bia Interna\u021bional\u0103 a Transportatorilor (IAM)\">Asocia\u021bia Interna\u021bional\u0103 a Transportatorilor<\/a> (IAM) \u0219i\/sau <a href=\"https:\/\/moverdb.com\/ro\/fidi-faim\/\" data-internallinksmanager029f6b8e52c=\"16\" title=\"FIDI &amp; FAIM (FIDI Accredited International Mover) Explicat\">FIDI<\/a> Accredited International Mover (FAIM) care v\u0103 poate ajuta cu mutarea dumneavoastr\u0103.<\/p>\n<div id=\"ez-toc-container\" class=\"ez-toc-v2_0_82_2 ez-toc-wrap-left counter-hierarchy ez-toc-counter ez-toc-transparent ez-toc-container-direction\">\n<div class=\"ez-toc-title-container\">\n<p class=\"ez-toc-title\" style=\"cursor:inherit\">Sec\u021biuni<\/p>\n<span class=\"ez-toc-title-toggle\"><a href=\"#\" class=\"ez-toc-pull-right ez-toc-btn ez-toc-btn-xs ez-toc-btn-default ez-toc-toggle\" aria-label=\"Comuta\u021bi tabelul de con\u021binut\"><span class=\"ez-toc-js-icon-con\"><span class=\"\"><span class=\"eztoc-hide\" style=\"display:none;\">Toggle<\/span><span class=\"ez-toc-icon-toggle-span\"><svg style=\"fill: #999;color:#999\" xmlns=\"http:\/\/www.w3.org\/2000\/svg\" class=\"list-377408\" width=\"20px\" height=\"20px\" viewbox=\"0 0 24 24\" fill=\"none\"><path d=\"M6 6H4v2h2V6zm14 0H8v2h12V6zM4 11h2v2H4v-2zm16 0H8v2h12v-2zM4 16h2v2H4v-2zm16 0H8v2h12v-2z\" fill=\"currentColor\"><\/path><\/svg><svg style=\"fill: #999;color:#999\" class=\"arrow-unsorted-368013\" xmlns=\"http:\/\/www.w3.org\/2000\/svg\" width=\"10px\" height=\"10px\" viewbox=\"0 0 24 24\" version=\"1.2\" baseprofile=\"tiny\"><path d=\"M18.2 9.3l-6.2-6.3-6.2 6.3c-.2.2-.3.4-.3.7s.1.5.3.7c.2.2.4.3.7.3h11c.3 0 .5-.1.7-.3.2-.2.3-.5.3-.7s-.1-.5-.3-.7zM5.8 14.7l6.2 6.3 6.2-6.3c.2-.2.3-.5.3-.7s-.1-.5-.3-.7c-.2-.2-.4-.3-.7-.3h-11c-.3 0-.5.1-.7.3-.2.2-.3.5-.3.7s.1.5.3.7z\"\/><\/svg><\/span><\/span><\/span><\/a><\/span><\/div>\n<nav><ul class='ez-toc-list ez-toc-list-level-1 eztoc-toggle-hide-by-default' ><li class='ez-toc-page-1 ez-toc-heading-level-2'><a class=\"ez-toc-link ez-toc-heading-1\" href=\"https:\/\/moverdb.com\/ro\/moving-companies\/moving-companies-norway\/#1_Adams_Express\" >1. Adams Express<\/a><\/li><li class='ez-toc-page-1 ez-toc-heading-level-2'><a class=\"ez-toc-link ez-toc-heading-2\" href=\"https:\/\/moverdb.com\/ro\/moving-companies\/moving-companies-norway\/#2_Hakull\" >2. Hakull<\/a><\/li><li class='ez-toc-page-1 ez-toc-heading-level-2'><a class=\"ez-toc-link ez-toc-heading-3\" href=\"https:\/\/moverdb.com\/ro\/moving-companies\/moving-companies-norway\/#3_NFB_International_Relocations\" >3. Reloc\u0103ri interna\u021bionale ale NFB<\/a><\/li><li class='ez-toc-page-1 ez-toc-heading-level-2'><a class=\"ez-toc-link ez-toc-heading-4\" href=\"https:\/\/moverdb.com\/ro\/moving-companies\/moving-companies-norway\/#4_SIRVA\" >4. SIRVA<\/a><\/li><li class='ez-toc-page-1 ez-toc-heading-level-2'><a class=\"ez-toc-link ez-toc-heading-5\" href=\"https:\/\/moverdb.com\/ro\/moving-companies\/moving-companies-norway\/#5_Vinjes\" >5. Vinjes<\/a><\/li><li class='ez-toc-page-1 ez-toc-heading-level-2'><a class=\"ez-toc-link ez-toc-heading-6\" href=\"https:\/\/moverdb.com\/ro\/moving-companies\/moving-companies-norway\/#Other_Useful_Guides_to_Norway\" >Alte ghiduri utile pentru Norvegia<\/a><\/li><\/ul><\/nav><\/div>\n<h2><span class=\"ez-toc-section\" id=\"1_Adams_Express\"><\/span><strong>1. Adams Express<\/strong><span class=\"ez-toc-section-end\"><\/span><\/h2>\n<p><img loading=\"lazy\" decoding=\"async\" class=\"alignnone size-full wp-image-8750\" src=\"https:\/\/moverdb.com\/wp-content\/uploads\/Adams-Express-international-moving-company.png\" alt=\"Adams Express companie de mutare interna\u021bional\u0103\" width=\"1440\" height=\"674\" data-wp-pid=\"8750\" srcset=\"https:\/\/moverdb.com\/wp-content\/uploads\/Adams-Express-international-moving-company.png 1440w, https:\/\/moverdb.com\/wp-content\/uploads\/Adams-Express-international-moving-company-300x140.png 300w, https:\/\/moverdb.com\/wp-content\/uploads\/Adams-Express-international-moving-company-1024x479.png 1024w, https:\/\/moverdb.com\/wp-content\/uploads\/Adams-Express-international-moving-company-18x8.png 18w, https:\/\/moverdb.com\/wp-content\/uploads\/Adams-Express-international-moving-company-600x281.png 600w\" sizes=\"auto, (max-width: 1440px) 100vw, 1440px\" \/><\/p>\n<ul>\n<li>Mi\u0219c\u0103ri na\u021bionale<\/li>\n<li>Mut\u0103ri interna\u021bionale<\/li>\n<li>Mutarea gospod\u0103riei<\/li>\n<li>Mutarea birourilor<\/li>\n<li>Serviciul de ambalare<\/li>\n<li>Organizarea transportului<\/li>\n<li>V\u0103muire<\/li>\n<li>Manipularea artelor frumoase<\/li>\n<li>Asigurare<\/li>\n<li>Depozitare pe termen scurt \u0219i lung<\/li>\n<\/ul>\n<p>Adams Express este o companie de mut\u0103ri, depozitare \u0219i logistic\u0103 care are sedii \u00een Bergen, Oslo \u0219i Stavanger. Ace\u0219tia au o re\u021bea extins\u0103 de agen\u021bi \u00een \u00eentreaga lume care \u00eei pot ajuta cu servicii interna\u021bionale. Sunt membri ai IAM cu 125 de ani de activitate \u0219i sunt acredita\u021bi de FIDI.<\/p>\n<p>Adams Express ofer\u0103 servicii de mutare de la transporturi mici p\u00e2n\u0103 la contracte mari. Ace\u0219tia ofer\u0103 un serviciu de la u\u0219\u0103 la u\u0219\u0103, care include inspectarea obiectelor dvs. \u0219i planificarea mut\u0103rii. Ofer\u0103 un serviciu de \u00eempachetare pentru a v\u0103 proteja bunurile \u0219i va despacheta la sosire. V\u0103 vor transporta bunurile p\u00e2n\u0103 la destina\u021bie \u0219i v\u0103 vor ajuta cu v\u0103muirea \u0219i asigurarea.<\/p>\n<p>Site web: <a href=\"http:\/\/www.adamsexpress.no\" target=\"_blank\" rel=\"noopener\">http:\/\/www.adamsexpress.no<\/a><\/p>\n<h2><span class=\"ez-toc-section\" id=\"2_Hakull\"><\/span><strong>2. Hakull<\/strong><span class=\"ez-toc-section-end\"><\/span><\/h2>\n<p><img loading=\"lazy\" decoding=\"async\" class=\"alignnone size-full wp-image-8812\" src=\"https:\/\/moverdb.com\/wp-content\/uploads\/Hakull-international-moving-company.png\" alt=\"Hakull companie de mutare interna\u021bional\u0103\" width=\"1440\" height=\"680\" data-wp-pid=\"8812\" srcset=\"https:\/\/moverdb.com\/wp-content\/uploads\/Hakull-international-moving-company.png 1440w, https:\/\/moverdb.com\/wp-content\/uploads\/Hakull-international-moving-company-300x142.png 300w, https:\/\/moverdb.com\/wp-content\/uploads\/Hakull-international-moving-company-1024x484.png 1024w, https:\/\/moverdb.com\/wp-content\/uploads\/Hakull-international-moving-company-18x9.png 18w, https:\/\/moverdb.com\/wp-content\/uploads\/Hakull-international-moving-company-600x283.png 600w\" sizes=\"auto, (max-width: 1440px) 100vw, 1440px\" \/><\/p>\n<ul>\n<li>Mut\u0103ri locale \u0219i na\u021bionale<\/li>\n<li>Mut\u0103ri interna\u021bionale<\/li>\n<li>Mutarea gospod\u0103riilor<\/li>\n<li>Mutarea birourilor<\/li>\n<li>Servicii de relocare<\/li>\n<li>Serviciu din u\u0219\u0103 \u00een u\u0219\u0103<\/li>\n<li>Serviciul de ambalare<\/li>\n<li>Transport rutier, maritim \u0219i aerian<\/li>\n<li>V\u0103muire<\/li>\n<li>Facilit\u0103\u021bi de depozitare<\/li>\n<\/ul>\n<p>Hakull este o companie de transport interna\u021bional \u0219i servicii de mutare \u00eenfiin\u021bat\u0103 \u00een 1946, cu sedii \u00een Sandes, Kristiansand, Oslo \u0219i Norresundby. Este membr\u0103 a IAM cu 77 de ani de activitate \u0219i este acreditat\u0103 de FIDI.<\/p>\n<p>Hakull ofer\u0103 servicii de mutare pentru o varietate de bunuri, inclusiv mobil\u0103 \u0219i orice altceva din casa dvs., cu un serviciu din u\u0219\u0103 \u00een u\u0219\u0103. Ace\u0219tia ofer\u0103 un serviciu de ambalare pentru a v\u0103 proteja bunurile \u00een timpul transportului. Ace\u0219tia ofer\u0103 transport rutier, maritim sau aerian, care include o gam\u0103 de containere, cum ar fi \u00eenc\u0103rc\u0103turi complete sau mai pu\u021bin complete. V\u0103 vor ajuta cu v\u0103muirea \u0219i v\u0103 pot oferi depozitare, dac\u0103 este necesar, cu asigurare.<\/p>\n<p>Site web: <a href=\"http:\/\/www.haakull.no\" target=\"_blank\" rel=\"noopener\">http:\/\/www.haakull.no<\/a><\/p>\n<h2><span class=\"ez-toc-section\" id=\"3_NFB_International_Relocations\"><\/span><strong>3. Reloc\u0103ri interna\u021bionale ale NFB<\/strong><span class=\"ez-toc-section-end\"><\/span><\/h2>\n<p><img loading=\"lazy\" decoding=\"async\" class=\"alignnone size-full wp-image-8837\" src=\"https:\/\/moverdb.com\/wp-content\/uploads\/NFB-International-Relocations-company.png\" alt=\"Compania NFB International Relocations\" width=\"1440\" height=\"677\" data-wp-pid=\"8837\" srcset=\"https:\/\/moverdb.com\/wp-content\/uploads\/NFB-International-Relocations-company.png 1440w, https:\/\/moverdb.com\/wp-content\/uploads\/NFB-International-Relocations-company-300x141.png 300w, https:\/\/moverdb.com\/wp-content\/uploads\/NFB-International-Relocations-company-1024x481.png 1024w, https:\/\/moverdb.com\/wp-content\/uploads\/NFB-International-Relocations-company-18x8.png 18w, https:\/\/moverdb.com\/wp-content\/uploads\/NFB-International-Relocations-company-600x282.png 600w\" sizes=\"auto, (max-width: 1440px) 100vw, 1440px\" \/><\/p>\n<ul>\n<li>Mi\u0219c\u0103ri na\u021bionale<\/li>\n<li>Mut\u0103ri interna\u021bionale<\/li>\n<li>Mutarea gospod\u0103riei<\/li>\n<li>Compania se mut\u0103<\/li>\n<li>Serviciul de ambalare<\/li>\n<li>Transport rutier, maritim \u0219i aerian<\/li>\n<li>Servicii de menaj \u0219i de menajer\u0103<\/li>\n<li>C\u0103ut\u0103ri la domiciliu \u0219i la \u0219coal\u0103<\/li>\n<li>Asigurarea de tranzit<\/li>\n<li>Depozitare pe termen scurt \u0219i lung<\/li>\n<\/ul>\n<p>NFB International Relocations este o companie de mut\u0103ri interna\u021bionale cu sediul \u00een Skui. Ace\u0219tia lucreaz\u0103 cu o re\u021bea global\u0103 de companii de mut\u0103ri profesionale din \u00eentreaga lume, \u00een 150 de \u021b\u0103ri, pentru a oferi servicii interna\u021bionale. Ei sunt membri ai IAM cu 15 ani de serviciu \u0219i sunt acredita\u021bi de FIDI.<\/p>\n<p>NFB International Relocations ofer\u0103 servicii de mutare din u\u0219\u0103 \u00een u\u0219\u0103, care \u00eencep cu un studiu \u00eenainte de mutare. Ace\u0219tia ofer\u0103 o gam\u0103 larg\u0103 de servicii de mutare, inclusiv ambalare, transport \u00een Norvegia, Europa \u0219i la nivel interna\u021bional, servicii de gestionare a mut\u0103rii, servicii de menajere \u0219i menajere, depozitare \u0219i asigurare. Ace\u0219tia ofer\u0103 servicii de relocare care includ c\u0103ut\u0103ri de case \u0219i \u0219coli, imigra\u021bie \u0219i vize, orientare \u0219i asisten\u021b\u0103 la \u00eenregistrarea la serviciile locale.<\/p>\n<p>Site web: <a href=\"http:\/\/www.nfbir.com\" target=\"_blank\" rel=\"noopener\">http:\/\/www.nfbir.com<\/a><\/p>\n<h2><span class=\"ez-toc-section\" id=\"4_SIRVA\"><\/span><strong>4. SIRVA<\/strong><span class=\"ez-toc-section-end\"><\/span><\/h2>\n<p><img loading=\"lazy\" decoding=\"async\" class=\"alignnone size-full wp-image-8859\" src=\"https:\/\/moverdb.com\/wp-content\/uploads\/SIRVA-Norway-international-moving-company.png\" alt=\"SIRVA Norvegia companie de mutare interna\u021bional\u0103\" width=\"1440\" height=\"681\" data-wp-pid=\"8859\" srcset=\"https:\/\/moverdb.com\/wp-content\/uploads\/SIRVA-Norway-international-moving-company.png 1440w, https:\/\/moverdb.com\/wp-content\/uploads\/SIRVA-Norway-international-moving-company-300x142.png 300w, https:\/\/moverdb.com\/wp-content\/uploads\/SIRVA-Norway-international-moving-company-1024x484.png 1024w, https:\/\/moverdb.com\/wp-content\/uploads\/SIRVA-Norway-international-moving-company-18x9.png 18w, https:\/\/moverdb.com\/wp-content\/uploads\/SIRVA-Norway-international-moving-company-600x284.png 600w\" sizes=\"auto, (max-width: 1440px) 100vw, 1440px\" \/><\/p>\n<ul>\n<li>Mi\u0219c\u0103ri na\u021bionale<\/li>\n<li>Mut\u0103ri interna\u021bionale<\/li>\n<li>Mutarea gospod\u0103riei<\/li>\n<li>Mut\u0103ri comerciale<\/li>\n<li>Gestionare de la un cap\u0103t la altul<\/li>\n<li>Exper\u021bi \u00een mutare pentru a v\u0103 ghida<\/li>\n<li>Punct unic de contact<\/li>\n<li>Alegerea op\u021biunilor de ambalare<\/li>\n<li>Organizarea transportului<\/li>\n<li>Facilit\u0103\u021bi de depozitare<\/li>\n<\/ul>\n<p>SIRVA este un furnizor global de servicii de mutare \u0219i relocalizare care are 77 de loca\u021bii care deservesc peste 190 de \u021b\u0103ri, cu birouri \u00een Oslo \u0219i Stavanger. M\u0103rcile lor de mutare includ SIRVA, Allied, North American Van Lines, SMARTBOX \u0219i multe altele. Sunt membri ai IAM cu 46 de ani de activitate \u0219i sunt acredita\u021bi de FIDI.<\/p>\n<p>SIRVA utilizeaz\u0103 instrumente \u0219i solu\u021bii de ultim\u0103 genera\u021bie pentru a-\u0219i furniza serviciile. Ace\u0219tia ofer\u0103 servicii complete de mutare sau servicii de mutare de tip \"do-it-yourself\". Ei sunt specializa\u021bi \u00een furnizarea de servicii pentru \u00eentreprinderile care \u00ee\u0219i mut\u0103 angaja\u021bii individual sau \u00een grup. Pun la dispozi\u021bie exper\u021bi \u00een mut\u0103ri pentru a v\u0103 ghida pe parcursul procesului \u0219i pentru a fi un punct de contact unic.<\/p>\n<p>Site web: <a href=\"http:\/\/www.teamrelocations.com\" target=\"_blank\" rel=\"noopener\">http:\/\/www.teamrelocations.com<\/a><\/p>\n<h2><span class=\"ez-toc-section\" id=\"5_Vinjes\"><\/span><strong>5. Vinjes<\/strong><span class=\"ez-toc-section-end\"><\/span><\/h2>\n<p><img loading=\"lazy\" decoding=\"async\" class=\"alignnone size-full wp-image-8874\" src=\"https:\/\/moverdb.com\/wp-content\/uploads\/Vinjes-international-moving-company.png\" alt=\"Vinjes companie interna\u021bional\u0103 de mutare\" width=\"1440\" height=\"681\" data-wp-pid=\"8874\" srcset=\"https:\/\/moverdb.com\/wp-content\/uploads\/Vinjes-international-moving-company.png 1440w, https:\/\/moverdb.com\/wp-content\/uploads\/Vinjes-international-moving-company-300x142.png 300w, https:\/\/moverdb.com\/wp-content\/uploads\/Vinjes-international-moving-company-1024x484.png 1024w, https:\/\/moverdb.com\/wp-content\/uploads\/Vinjes-international-moving-company-18x9.png 18w, https:\/\/moverdb.com\/wp-content\/uploads\/Vinjes-international-moving-company-600x284.png 600w\" sizes=\"auto, (max-width: 1440px) 100vw, 1440px\" \/><\/p>\n<ul>\n<li>Mi\u0219c\u0103ri na\u021bionale<\/li>\n<li>Mut\u0103ri interna\u021bionale<\/li>\n<li>Mutarea gospod\u0103riei<\/li>\n<li>Mutarea birourilor<\/li>\n<li>Alegerea op\u021biunilor de ambalare<\/li>\n<li>Serviciul de ambalare<\/li>\n<li>Organizarea transportului<\/li>\n<li>\u00cenchiriere de remorci<\/li>\n<li>Asigurare<\/li>\n<li>Facilit\u0103\u021bi de depozitare<\/li>\n<\/ul>\n<p>Vinjes este o firm\u0103 de transport fondat\u0103 \u00een 1889, care ofer\u0103 servicii de mutare \u0219i depozitare \u0219i care are sediul \u00een Tiller. Ei lucreaz\u0103 \u00een cooperare cu alte companii de mutare de \u00eencredere pentru a le ajuta \u00een furnizarea de servicii interna\u021bionale. Ei sunt membri ai IAM cu 134 de ani de serviciu.<\/p>\n<p>Vinjes ofer\u0103 o gam\u0103 de op\u021biuni de mutare, care includ ambalarea \"f\u0103-o singur\" \u0219i \u00eenchirierea de remorci, ambalare par\u021bial\u0103 \u0219i servicii de ambalare complet\u0103. Serviciul lor de ambalare include \u00eempachetarea \u00een siguran\u021b\u0103 a lucrurilor dvs. \u00een materiale de ambalare adecvate \u0219i despachetarea la noua dvs. adres\u0103. De asemenea, ofer\u0103 asigurare pentru con\u021binut \u00een timpul mut\u0103rii \u0219i facilit\u0103\u021bi de depozitare, dac\u0103 este necesar.<\/p>\n<p>Site web: <a href=\"http:\/\/www.vinjes.no\" target=\"_blank\" rel=\"noopener\">http:\/\/www.vinjes.no<\/a><\/p>\n<h2><span class=\"ez-toc-section\" id=\"Other_Useful_Guides_to_Norway\"><\/span>Alte ghiduri utile pentru Norvegia<span class=\"ez-toc-section-end\"><\/span><\/h2>\n<ul>\n<li> <a href=\"https:\/\/moverdb.com\/ro\/transport-maritim-de-containere\/norvegia\/\">2024 Tarife de transport maritim de marf\u0103 \u00een containere c\u0103tre \u0219i din Norvegia<\/a><\/li>\n<li> <a href=\"https:\/\/moverdb.com\/ro\/moving-to-norway\/\">V\u0103 muta\u021bi \u00een Norvegia? 2026 Costuri de trai \u0219i sfaturi de relocare<\/a><\/li>\n<li> <a href=\"https:\/\/moverdb.com\/ro\/moving-to-norway\/best-places-to-live-norway\/\">13 cele mai bune locuri de locuit din Norvegia\/a&gt;<\/li>\n<li> <a href=\"https:\/\/moverdb.com\/ro\/moving-to-norway\/living-in-norway\/\">21 de secrete despre via\u021ba \u00een Norvegia pe care trebuie s\u0103 le \u0219tii \u00eenainte de a te muta<\/a><\/li>\n<\/ul>","protected":false},"excerpt":{"rendered":"<p>If you are moving home or business within, to or from Norway then you may want to employ the services of a moving company to assist you. They can help you with packing, organising transportation and sorting out paperwork. Below we have compiled a list of Norway based removal companies that are members of the [&hellip;]<\/p>\n","protected":false},"author":4,"featured_media":0,"parent":190,"menu_order":0,"comment_status":"closed","ping_status":"closed","template":"","meta":{"_genesis_hide_title":false,"_genesis_hide_breadcrumbs":false,"_genesis_hide_singular_image":false,"_genesis_hide_footer_widgets":false,"_genesis_custom_body_class":"","_genesis_custom_post_class":"","_genesis_layout":"","footnotes":""},"class_list":{"0":"post-8897","1":"page","2":"type-page","3":"status-publish","5":"entry","6":"has-post-thumbnail"},"_links":{"self":[{"href":"https:\/\/moverdb.com\/ro\/wp-json\/wp\/v2\/pages\/8897","targetHints":{"allow":["GET"]}}],"collection":[{"href":"https:\/\/moverdb.com\/ro\/wp-json\/wp\/v2\/pages"}],"about":[{"href":"https:\/\/moverdb.com\/ro\/wp-json\/wp\/v2\/types\/page"}],"author":[{"embeddable":true,"href":"https:\/\/moverdb.com\/ro\/wp-json\/wp\/v2\/users\/4"}],"replies":[{"embeddable":true,"href":"https:\/\/moverdb.com\/ro\/wp-json\/wp\/v2\/comments?post=8897"}],"version-history":[{"count":2,"href":"https:\/\/moverdb.com\/ro\/wp-json\/wp\/v2\/pages\/8897\/revisions"}],"predecessor-version":[{"id":17049,"href":"https:\/\/moverdb.com\/ro\/wp-json\/wp\/v2\/pages\/8897\/revisions\/17049"}],"up":[{"embeddable":true,"href":"https:\/\/moverdb.com\/ro\/wp-json\/wp\/v2\/pages\/190"}],"wp:attachment":[{"href":"https:\/\/moverdb.com\/ro\/wp-json\/wp\/v2\/media?parent=8897"}],"curies":[{"name":"wp","href":"https:\/\/api.w.org\/{rel}","templated":true}]}}