{"id":889,"date":"2016-09-03T15:17:39","date_gmt":"2016-09-03T15:17:39","guid":{"rendered":"http:\/\/moverdb.com\/?page_id=889"},"modified":"2026-01-08T15:20:33","modified_gmt":"2026-01-08T15:20:33","slug":"pss-removals","status":"publish","type":"page","link":"https:\/\/moverdb.com\/ro\/pss-removals\/","title":{"rendered":"PSS International Removals: Servicii de mutare \u0219i recenzii"},"content":{"rendered":"<p>PSS <a href=\"https:\/\/moverdb.com\/ro\/international-removals\/\" data-internallinksmanager029f6b8e52c=\"27\" title=\"36 Cele mai bune companii de mut\u0103ri interna\u021bionale din Marea Britanie\">Muta\u021bii interna\u021bionale<\/a> se ocup\u0103 de mutarea persoanelor \u00een str\u0103in\u0103tate de peste 34 de ani. Mai jos sunt enumerate diferitele servicii pe care le ofer\u0103.<\/p>\n<p><strong>Muta\u021bii interna\u021bionale<\/strong><\/p>\n<ul>\n<li> Servicii personalizate pentru majoritatea \u021b\u0103rilor<\/li>\n<li> Coordonatorul desemnat pentru mut\u0103ri interna\u021bionale<\/li>\n<li> Ambalatori profesioni\u0219ti sau op\u021biunea de autoambalare<\/li>\n<li> Serviciu din u\u0219\u0103 \u00een u\u0219\u0103<\/li>\n<li> Asigurare aranjat\u0103<\/li>\n<li> Consiliere privind fiecare aspect al \u021b\u0103rii de destina\u021bie<\/li>\n<\/ul>\n<p><strong>Servicii de migra\u021bie<\/strong><br \/>\n<strong>Informa\u021bii\/Documenta\u021bie vamal\u0103<\/strong><\/p>\n<p><strong><a href=\"https:\/\/moverdb.com\/ro\/transport-maritim-de-containere\/\">Transport interna\u021bional<\/a><\/strong><\/p>\n<ul>\n<li> Marf\u0103 maritim\u0103 sau Express Airfreight<\/li>\n<li> Asigurare aranjat\u0103<\/li>\n<\/ul>\n<p><strong>Serviciul de curierat rapid de peste m\u0103ri<\/strong><\/p>\n<ul>\n<li> Livrare expres\u0103 de la u\u0219\u0103 la u\u0219\u0103 a coletelor pentru articolele de care ave\u021bi nevoie urgent\u0103<\/li>\n<\/ul>\n<p><strong>Exces de bagaje<\/strong><\/p>\n<ul>\n<li> Transport rutier (\u00een Europa) Transport maritim sau transport aerian expres<\/li>\n<li> Autoambalare<\/li>\n<li> Ambalat pentru tine<\/li>\n<li> Asigurare aranjat\u0103<\/li>\n<\/ul>\n<p><strong><a href=\"https:\/\/moverdb.com\/ro\/car-transport-shipping\/\" data-internallinksmanager029f6b8e52c=\"2\" title=\"2026 Transport auto interna\u021bional \u0219i oferte de transport maritim de vehicule\">Transport auto<\/a><\/strong><\/p>\n<ul>\n<li> Expedierea ma\u0219inii separat<\/li>\n<li> Expedierea ma\u0219inii \u00een acela\u0219i container cu bunurile<\/li>\n<li> Asigurare aranjat\u0103<\/li>\n<\/ul>\n<h2>Profilul companiei PSS International Removals<\/h2>\n<p>PSS International Removals este implicat \u00een mut\u0103ri \u00een str\u0103in\u0103tate de peste 34 de ani. Compania se concentreaz\u0103 pe mut\u0103ri \u00een str\u0103in\u0103tate \u0219i nu opereaz\u0103 mut\u0103ri \u00een interiorul \u021b\u0103rii. <a href=\"https:\/\/moverdb.com\/ro\/moving-to-the-uk\/\" data-internallinksmanager029f6b8e52c=\"93\" title=\"V\u0103 muta\u021bi \u00een Regatul Unit? 2026 Costurile vie\u021bii \u0219i sfaturi de relocare\">MAREA BRITANIE<\/a>. <\/p>\n<p>PSS International Removals expediaz\u0103 articole de la o singur\u0103 cutie de carton la o gospod\u0103rie mare sau chiar la mut\u0103ri corporative mari. Nicio mutare nu este prea complicat\u0103 sau prea mare sau mic\u0103.<\/p>\n<p>Fiecare membru al personalului este instruit \u00een procedurile de export \u0219i lucreaz\u0103 numai cu cele mai bune companii de mutare profesionale din str\u0103in\u0103tate pentru a oferi serviciile personalizate pe care le promit. Este unul dintre cei mai mari <a href=\"https:\/\/moverdb.com\/ro\/mutari-internationale\/\">companii de mut\u0103ri interna\u021bionale<\/a> \u0219i a mutat 4.536 de clien\u021bi \u00een str\u0103in\u0103tate \u00een cursul anului 2015.<\/p>\n<p>PSS International are urm\u0103toarele acredit\u0103ri \u0219i afilieri:<\/p>\n<ul>\n<li> <a href=\"https:\/\/moverdb.com\/ro\/asociatia-britanica-a-demolatorilor\/\">Asocia\u021bia Britanic\u0103 a Transportatorilor<\/a> (<a href=\"https:\/\/moverdb.com\/ro\/british-association-of-removers\/\" data-internallinksmanager029f6b8e52c=\"9\" title=\"Asocia\u021bia Britanic\u0103 a Transportatorilor (BAR) Explica\u021bii\">BAR<\/a>)<\/li>\n<li> <a href=\"https:\/\/moverdb.com\/ro\/bar-overseas\/\">Asocia\u021bia Britanic\u0103 a Transportatorilor de peste m\u0103ri<\/a><\/li>\n<li> <a href=\"https:\/\/moverdb.com\/ro\/fidi-faim\/\">FIDI<\/a><\/li>\n<li> <a href=\"https:\/\/moverdb.com\/ro\/fidi-faim\/\" data-internallinksmanager029f6b8e52c=\"16\" title=\"FIDI &amp; FAIM (FIDI Accredited International Mover) Explicat\">FAIM<\/a><\/li>\n<\/ul>\n<p><strong>PSS International Removals Recenzii<\/strong><\/p>\n<p><strong>Pozitiv<\/strong><\/p>\n<ul>\n<li> <em>\"Fiecare a fost de mare ajutor \u0219i foarte profesionist. Nu mi-a\u0219 putea imagina c\u0103 aceast\u0103 zi ar putea merge mai bine \u0219i mai u\u0219or. Eram at\u00e2t de stresat\u0103, iar ei au reu\u0219it s\u0103 m\u0103 \u00eenveseleasc\u0103 <a href=\"https:\/\/moverdb.com\/ro\/moving-to-the-united-states\/\" data-internallinksmanager029f6b8e52c=\"94\" title=\"V\u0103 muta\u021bi \u00een Statele Unite? 2026 Costurile vie\u021bii \u0219i sfaturi de relocare\">us<\/a> sus. Foarte profesioni\u0219ti \u0219i oameni dr\u0103gu\u021bi \u0219i prieteno\u0219i.Sunt foarte impresionat.\"<\/em> - Ania via <a href=\"https:\/\/www.pssremovals.com\/reviews\" target=\"_blank\" rel=\"noopener\">PSS Removals Recenzii ale clien\u021bilor<\/a><\/li>\n<li> <em>\"Am apelat la PSS \u00een urma unei recomand\u0103ri din partea unor prieteni. Am avut un container de 20 de picioare cu utilizare exclusiv\u0103 pentru <a href=\"https:\/\/moverdb.com\/ro\/moving-to-australia\/living-in-australia\/\" data-internallinksmanager029f6b8e52c=\"240\" title=\"21 Secretele despre via\u021ba \u00een Australia pe care trebuie s\u0103 le \u0219tii \u00eenainte de a te muta\">Australia<\/a>. Echipa care a venit \u0219i a \u00eempachetat casa noastr\u0103 a fost extraordinar\u0103 - au lucrat at\u00e2t de repede. Odat\u0103 ce bunurile noastre au fost pe drum, am avut momente \u00een care am intrat \u00een panic\u0103, g\u00e2ndindu-m\u0103 la ceea ce ar putea fi rupt sau deteriorat, dar lucrurile noastre au ajuns s\u0103pt\u0103m\u00e2na trecut\u0103 \u0219i totul arat\u0103 la fel ca atunci c\u00e2nd au fost \u00eempachetate.\"<\/em> - Zoe via <a href=\"http:\/\/www.mymovingreviews.com\/movers\/pss-international-removals-1788#57593\" target=\"_blank\" rel=\"noopener\">MyMovingReviews.com<\/a> <\/li>\n<li> <em>\"De la \u00eenceput p\u00e2n\u0103 la sf\u00e2r\u0219it, nu puteam fi mai mul\u021bumit de serviciu, deoarece au realizat o configura\u021bie excelent\u0103 \u0219i au fost de ajutor \u0219i prieteno\u0219i pe tot parcursul, ceea ce spune ceva av\u00e2nd \u00een vedere c\u0103 am fost probabil cei mai dezorganiza\u021bi \u0219i mai stresa\u021bi oameni care s-au mutat vreodat\u0103.\"<\/em> - Michelle via <a href=\"http:\/\/www.removalreviews.co.uk\/movingreviews\/good-company-8764\" target=\"_blank\" rel=\"noopener\">Recenzii de mutare<\/a> <\/li>\n<\/ul>\n<p><strong>Negativ<\/strong><\/p>\n<ul>\n<li> <em>\"Am solicitat mutarea obiectelor de uz casnic din Marea Britanie \u00een SUA. De\u0219i am anun\u021bat cu foarte pu\u021bin timp \u00eenainte \u0219i nu am completat formularele la timp, NU SUNT FERICIT de faptul c\u0103 am fost taxat suplimentar cu 400 de dolari americani la destina\u021bie pentru scanarea aleatorie cu raze X la vam\u0103 \u0219i sosirea \u00eent\u00e2rziat\u0103 dup\u0103 4 luni, care include \u0219i perioada de depozitare.\"<\/em> - Sanjay via <a href=\"http:\/\/www.mymovingreviews.com\/movers\/pss-international-removals-1788#57002\" target=\"_blank\" rel=\"noopener\">MyMovingReviews.com<\/a><\/li>\n<li> \"<em>Compania este acolo doar pentru a le fura oamenilor banii!!!!!!\"<\/em> - Amir via <a href=\"http:\/\/www.removalreviews.co.uk\/movingreviews\/straight-up-con-6619\" target=\"_blank\" rel=\"noopener\">Recenzii de mutare<\/a> <\/li>\n<\/ul>\n<div itemprop=\"review\" itemscope itemtype=\"http:\/\/schema.org\/Review\">\n<span itemprop=\"author\" itemscope=\"\" itemtype=\"http:\/\/schema.org\/Organization\"><span itemprop=\"name\">MoverDB.com<\/span><\/span> Revizuirea online a site-ului pentru <span itemprop=\"itemreviewed\" itemscope=\"\" itemtype=\"http:\/\/schema.org\/Brand\"><span itemprop=\"name\">PSS International Removals<\/span><\/span>:<\/p>\n<ol>\n<li> Detalii de contact clare pe site-ul web (inclusiv num\u0103rul de telefon): <strong>Da<\/strong><\/li>\n<li> U\u0219or de ob\u021binut <a href=\"https:\/\/moverdb.com\/ro\/citate\/\">citate de mut\u0103ri interna\u021bionale<\/a>? (Formular de solicitare a unui deviz online): <strong>Da<\/strong><\/li>\n<li> Informa\u021bii clare pe site-ul web: <strong>Da,<\/strong> o mul\u021bime de informa\u021bii detaliate despre fiecare destina\u021bie.<\/li>\n<li> Apartenen\u021ba la organiza\u021bii interna\u021bionale recunoscute \u00een domeniul mut\u0103rii: <strong>Da<\/strong>, a se vedea mai sus.<\/li>\n<li> Lista de clien\u021bi \u0219i\/sau m\u0103rturii ale clien\u021bilor anteriori: <strong>Da,<\/strong> au o pagin\u0103 de recenzii ale clien\u021bilor \u0219i primesc \u00een general recenzii pozitive pe alte site-uri web.<\/li>\n<\/ol>\n<div itemprop=\"reviewRating\" itemscope itemtype=\"http:\/\/schema.org\/Rating\"><meta itemprop=\"worstRating\" content = \"0\" \/><meta itemprop=\"bestRating\" content=\"5\" \/><meta itemprop=\"ratingValue\" content=\"5\"><\/div>\n<p><strong>Scor general: 5\/5<\/strong><br \/>\n<strong>Data revizuirii:<\/strong> <span itemprop=\"datePublished\" content=\"2016-09-03\">03\/09\/2016<\/span>\n<\/div>\n<p>Mai multe despre <a href=\"https:\/\/moverdb.com\/ro\/moving-companies\/\">companii interna\u021bionale de mutare<\/a> \u0219i a noastr\u0103 <a href=\"https:\/\/moverdb.com\/ro\/comentarii\/\">procesul de revizuire<\/a>.<\/p>\n<p><strong>Site web:<\/strong> <a href=\"https:\/\/www.pssremovals.com\" target=\"_blank\" rel=\"noopener\">https:\/\/www.pssremovals.com<\/a>.<\/p>","protected":false},"excerpt":{"rendered":"<p>PSS International Removals has been moving people abroad for over 34 years. Listed below are the various services they offer. International Removals Bespoke service to most countries Designated international move co-ordinator Professional packers or self-pack option Door to door service Insurance arranged Advice on every aspect of destination country Migration Services Customs Information\/Documentation International Shipping [&hellip;]<\/p>\n","protected":false},"author":1,"featured_media":0,"parent":0,"menu_order":0,"comment_status":"closed","ping_status":"closed","template":"","meta":{"_genesis_hide_title":false,"_genesis_hide_breadcrumbs":false,"_genesis_hide_singular_image":false,"_genesis_hide_footer_widgets":false,"_genesis_custom_body_class":"","_genesis_custom_post_class":"","_genesis_layout":"","footnotes":""},"class_list":{"0":"post-889","1":"page","2":"type-page","3":"status-publish","5":"entry"},"_links":{"self":[{"href":"https:\/\/moverdb.com\/ro\/wp-json\/wp\/v2\/pages\/889","targetHints":{"allow":["GET"]}}],"collection":[{"href":"https:\/\/moverdb.com\/ro\/wp-json\/wp\/v2\/pages"}],"about":[{"href":"https:\/\/moverdb.com\/ro\/wp-json\/wp\/v2\/types\/page"}],"author":[{"embeddable":true,"href":"https:\/\/moverdb.com\/ro\/wp-json\/wp\/v2\/users\/1"}],"replies":[{"embeddable":true,"href":"https:\/\/moverdb.com\/ro\/wp-json\/wp\/v2\/comments?post=889"}],"version-history":[{"count":4,"href":"https:\/\/moverdb.com\/ro\/wp-json\/wp\/v2\/pages\/889\/revisions"}],"predecessor-version":[{"id":6230,"href":"https:\/\/moverdb.com\/ro\/wp-json\/wp\/v2\/pages\/889\/revisions\/6230"}],"wp:attachment":[{"href":"https:\/\/moverdb.com\/ro\/wp-json\/wp\/v2\/media?parent=889"}],"curies":[{"name":"wp","href":"https:\/\/api.w.org\/{rel}","templated":true}]}}