{"id":8883,"date":"2023-04-27T14:40:02","date_gmt":"2023-04-27T14:40:02","guid":{"rendered":"https:\/\/moverdb.com\/?page_id=8883"},"modified":"2026-05-15T15:00:47","modified_gmt":"2026-05-15T15:00:47","slug":"moving-companies-namibia","status":"publish","type":"page","link":"https:\/\/moverdb.com\/ro\/moving-companies\/moving-companies-namibia\/","title":{"rendered":"Cele mai bune companii de mutare interna\u021bional\u0103 \u00een Namibia"},"content":{"rendered":"<p>Mutarea poate fi un moment dificil, indiferent dac\u0103 planifica\u021bi o mutare \u00een Namibia, spre sau din Namibia, astfel \u00eenc\u00e2t implicarea unui serviciu de mutare v\u0103 poate ajuta s\u0103 face\u021bi procesul mai u\u0219or. Mai jos am compilat o list\u0103 de servicii de mutare cu sediul \u00een Namibia. <a href=\"https:\/\/moverdb.com\/ro\/international-removals\/\" data-internallinksmanager029f6b8e52c=\"27\" title=\"36 Cele mai bune companii de mut\u0103ri interna\u021bionale din Marea Britanie\">companii de mutare<\/a> care sunt membri ai grupului <a href=\"https:\/\/moverdb.com\/ro\/iam\/\" data-internallinksmanager029f6b8e52c=\"23\" title=\"Explica\u021bii despre Asocia\u021bia Interna\u021bional\u0103 a Transportatorilor (IAM)\">Asocia\u021bia Interna\u021bional\u0103 a Transportatorilor<\/a> (IAM) \u0219i\/sau <a href=\"https:\/\/moverdb.com\/ro\/fidi-faim\/\" data-internallinksmanager029f6b8e52c=\"16\" title=\"FIDI &amp; FAIM (FIDI Accredited International Mover) Explicat\">FIDI<\/a> Accredited International Mover (FAIM), care v\u0103 poate ajuta cu mutarea dumneavoastr\u0103.<\/p>\n<h2><strong>Stuttaford Van Lines<\/strong><\/h2>\n<p><img loading=\"lazy\" decoding=\"async\" class=\"alignnone size-full wp-image-8861\" src=\"https:\/\/moverdb.com\/wp-content\/uploads\/Stuttaford-Van-Lines-Namibia-international-moving-company.png\" alt=\"Stuttaford Van Lines Namibia companie de mutare interna\u021bional\u0103 Namibia\" width=\"1440\" height=\"683\" data-wp-pid=\"8861\" srcset=\"https:\/\/moverdb.com\/wp-content\/uploads\/Stuttaford-Van-Lines-Namibia-international-moving-company.png 1440w, https:\/\/moverdb.com\/wp-content\/uploads\/Stuttaford-Van-Lines-Namibia-international-moving-company-300x142.png 300w, https:\/\/moverdb.com\/wp-content\/uploads\/Stuttaford-Van-Lines-Namibia-international-moving-company-1024x486.png 1024w, https:\/\/moverdb.com\/wp-content\/uploads\/Stuttaford-Van-Lines-Namibia-international-moving-company-18x9.png 18w, https:\/\/moverdb.com\/wp-content\/uploads\/Stuttaford-Van-Lines-Namibia-international-moving-company-600x285.png 600w\" sizes=\"auto, (max-width: 1440px) 100vw, 1440px\" \/><\/p>\n<ul>\n<li>Mi\u0219c\u0103ri na\u021bionale<\/li>\n<li>Mut\u0103ri interna\u021bionale<\/li>\n<li>Mutarea gospod\u0103riei<\/li>\n<li>Mut\u0103ri corporative \u0219i de birouri<\/li>\n<li>Serviciul de ambalare<\/li>\n<li>Organizarea transportului<\/li>\n<li>Ambalaje de art\u0103 fin\u0103<\/li>\n<li>Transferuri de vehicule<\/li>\n<li>Asigurare<\/li>\n<li>Facilit\u0103\u021bi de depozitare<\/li>\n<\/ul>\n<p>Stuttaford Van Lines este un <a href=\"https:\/\/moverdb.com\/ro\/moving-companies\/\" data-internallinksmanager029f6b8e52c=\"79\" title=\"Top 25 Companii interna\u021bionale de mutare online\">companie de mutare interna\u021bional\u0103<\/a> \u00eenfiin\u021bat\u0103 \u00een 1857, cu 14 birouri \u00een Africa de Sud, inclusiv Windhoek, \u00een Namibia. Ei au o re\u021bea global\u0103 de \u00eencredere de parteneri de mi\u0219care care \u00eei sprijin\u0103 \u00een furnizarea serviciilor lor la nivel interna\u021bional. Sunt membri ai IAM cu 34 de ani de activitate \u0219i sunt acredita\u021bi de FIDI.<\/p>\n<p>Stuttaford Van Lines v\u0103 va ghida \u00een fiecare etap\u0103 a mut\u0103rii \u0219i v\u0103 va aloca un singur punct de contact. C\u0103l\u0103toria dvs. \u00eencepe cu un studiu \u00eenainte de mutare. Ace\u0219tia ofer\u0103 un serviciu de \u00eempachetare, folosind \u00eenvelitori \u0219i ambalaje de protec\u021bie, precum \u0219i realizarea unui inventar detaliat. Ei vor aranja transportul \u0219i vor despacheta \u0219i reasambla mobila la destina\u021bie.<\/p>\n<p>Site web: <a href=\"http:\/\/www.stuttafordvanlines.co.za\/branches\/windhoek\" target=\"_blank\" rel=\"noopener\">http:\/\/www.stuttafordvanlines.co.za\/branches\/windhoek<\/a><\/p>","protected":false},"excerpt":{"rendered":"<p>Moving can be a difficult time whether you are planning a move within, to or from Namibia, so involving a moving service can assist you in making the process easier. Below we have compiled a list of Namibia based removal companies that are members of the International Association of Movers (IAM) and\/or FIDI Accredited International [&hellip;]<\/p>\n","protected":false},"author":4,"featured_media":0,"parent":190,"menu_order":0,"comment_status":"closed","ping_status":"closed","template":"","meta":{"_genesis_hide_title":false,"_genesis_hide_breadcrumbs":false,"_genesis_hide_singular_image":false,"_genesis_hide_footer_widgets":false,"_genesis_custom_body_class":"","_genesis_custom_post_class":"","_genesis_layout":"","footnotes":""},"class_list":{"0":"post-8883","1":"page","2":"type-page","3":"status-publish","5":"entry","6":"has-post-thumbnail"},"_links":{"self":[{"href":"https:\/\/moverdb.com\/ro\/wp-json\/wp\/v2\/pages\/8883","targetHints":{"allow":["GET"]}}],"collection":[{"href":"https:\/\/moverdb.com\/ro\/wp-json\/wp\/v2\/pages"}],"about":[{"href":"https:\/\/moverdb.com\/ro\/wp-json\/wp\/v2\/types\/page"}],"author":[{"embeddable":true,"href":"https:\/\/moverdb.com\/ro\/wp-json\/wp\/v2\/users\/4"}],"replies":[{"embeddable":true,"href":"https:\/\/moverdb.com\/ro\/wp-json\/wp\/v2\/comments?post=8883"}],"version-history":[{"count":1,"href":"https:\/\/moverdb.com\/ro\/wp-json\/wp\/v2\/pages\/8883\/revisions"}],"predecessor-version":[{"id":8885,"href":"https:\/\/moverdb.com\/ro\/wp-json\/wp\/v2\/pages\/8883\/revisions\/8885"}],"up":[{"embeddable":true,"href":"https:\/\/moverdb.com\/ro\/wp-json\/wp\/v2\/pages\/190"}],"wp:attachment":[{"href":"https:\/\/moverdb.com\/ro\/wp-json\/wp\/v2\/media?parent=8883"}],"curies":[{"name":"wp","href":"https:\/\/api.w.org\/{rel}","templated":true}]}}