{"id":888,"date":"2016-08-31T21:15:38","date_gmt":"2016-08-31T21:15:38","guid":{"rendered":"http:\/\/moverdb.com\/?page_id=888"},"modified":"2026-01-08T14:47:24","modified_gmt":"2026-01-08T14:47:24","slug":"abels-removals","status":"publish","type":"page","link":"https:\/\/moverdb.com\/ro\/abels-removals\/","title":{"rendered":"Abels Moving Services: Recenzii mut\u0103ri interna\u021bionale"},"content":{"rendered":"<p>Abels Moving Services are sediul \u00een Brandon, Suffolk, dar are facilit\u0103\u021bi \u00een <a href=\"https:\/\/moverdb.com\/ro\/moving-to-london\/\">Londra<\/a>, <a href=\"\" data-internallinksmanager029f6b8e52c=\"37\" title=\"Cambridge\">Cambridge<\/a> \u0219i Lutterworth, dar deserve\u0219te \u00eentreaga regiune a <a href=\"https:\/\/moverdb.com\/ro\/moving-to-the-uk\/\" data-internallinksmanager029f6b8e52c=\"93\" title=\"V\u0103 muta\u021bi \u00een Regatul Unit? 2026 Costurile vie\u021bii \u0219i sfaturi de relocare\">MAREA BRITANIE<\/a>. <\/p>\n<p>Ofer\u0103 clien\u021bilor s\u0103i multe servicii de mutare inten\u021bionat\u0103, care sunt enumerate mai jos. De asemenea, urmeaz\u0103 un profil al companiei \u0219i recenzii ale companiei.<\/p>\n<p><strong>Muta\u021bii interna\u021bionale<\/strong><\/p>\n<ul>\n<li> Transport aerian pentru volume mici<\/li>\n<li> Transport maritim pentru volume mari<\/li>\n<li> Managementul complet al mut\u0103rii disponibil<\/li>\n<li> \u00cendep\u0103rtarea animalelor de companie<\/li>\n<li> \u00cendep\u0103rtarea ma\u0219inii<\/li>\n<li> Serviciu din u\u0219\u0103 \u00een u\u0219\u0103<\/li>\n<li> Ambalatori cu \u00eenalt\u0103 calificare<\/li>\n<li> Materiale de ambalare de \u00eenalt\u0103 calitate<\/li>\n<li> Asisten\u021b\u0103 vamal\u0103<\/li>\n<li> Serviciu de livrare \u0219i despachetare<\/li>\n<li> Informa\u021bii privind relocarea<\/li>\n<li> Asigurare aranjat\u0103<\/li>\n<li> Serviciul de menajer\u0103<\/li>\n<li> Serviciul de gr\u0103din\u0103<\/li>\n<\/ul>\n<p><strong>Servicii de relocare<\/strong><\/p>\n<ul>\n<li> Ghiduri de relocare a \u021b\u0103rilor disponibile pentru 60 de \u021b\u0103ri<\/li>\n<li> Evaluarea ini\u021bial\u0103 a nevoilor<\/li>\n<li> Orientare - cump\u0103r\u0103turi, divertisment, servicii bancare, facilit\u0103\u021bi de agrement<\/li>\n<li> Prezentare general\u0103 a educa\u021biei<\/li>\n<li> Prezentare general\u0103 a propriet\u0103\u021bii<\/li>\n<li> \u00cenchiriere de mobilier<\/li>\n<li> Conexiune utilit\u0103\u021bi<\/li>\n<li> Serviciul de menajer\u0103<\/li>\n<li> Serviciul de gr\u0103din\u0103<\/li>\n<\/ul>\n<p><strong>Mi\u0219c\u0103ri europene<\/strong><\/p>\n<ul>\n<li> Serviciu din u\u0219\u0103 \u00een u\u0219\u0103<\/li>\n<li> Toate documentele au fost completate de Abels<\/li>\n<li> Ambalare \u0219i despachetare<\/li>\n<li> Materiale de ambalare specializate<\/li>\n<li> Depozitare pe termen scurt \u0219i lung<\/li>\n<li> Serviciu de asistent personal - orice \u0219i totul<\/li>\n<li> Ghiduri de relocare<\/li>\n<li> Serviciul de menajer\u0103<\/li>\n<li> Serviciul de gr\u0103din\u0103<\/li>\n<\/ul>\n<p><strong>Servicii de ambalare<\/strong><\/p>\n<ul>\n<li> Articole fragile, inclusiv cristal, <a href=\"https:\/\/moverdb.com\/ro\/moving-to-china\/\" data-internallinksmanager029f6b8e52c=\"357\" title=\"V\u0103 muta\u021bi \u00een China? 2026 Costurile de trai \u0219i sfaturi de relocare\">china<\/a>, sticl\u0103 etc.<\/li>\n<li> Picturi, imagini<\/li>\n<li> Haine<\/li>\n<li> Mobilier antic, obiecte de mare valoare<\/li>\n<li> Con\u021binutul dulapurilor \u00een general<\/li>\n<\/ul>\n<p><strong>Depozitare<\/strong><\/p>\n<ul>\n<li> Pe termen lung \u0219i scurt<\/li>\n<li> Depozitare \u00een Marea Britanie, Europa \u0219i \u00een str\u0103in\u0103tate<\/li>\n<li> Construit cu scopul<\/li>\n<li> Mediu optim<\/li>\n<li> Controale stricte ale incendiilor<\/li>\n<li> Acoperire CCTV<\/li>\n<li> Prezen\u021ba constant\u0103 a securit\u0103\u021bii<\/li>\n<li> Containere sigilate la colectare<\/li>\n<li> Mobilier moale depozitat \u00een condi\u021bii ideale de temperatur\u0103<\/li>\n<li> Stocarea fi\u0219ierelor \u0219i arhivelor<\/li>\n<li> Depozitarea studen\u021bilor<\/li>\n<\/ul>\n<p><strong>Servicii specializate<\/strong><\/p>\n<ul>\n<li> Afaceri \u0219i mut\u0103ri comerciale<\/li>\n<li> Servicii de documente<\/li>\n<li> Servicii de amenaj\u0103ri \u0219i echipamente pentru mobilier<\/li>\n<li> Servicii de v\u00e2nzare cu am\u0103nuntul \u0219i de livrare la domiciliu<\/li>\n<li> Servicii de instalare de mobilier<\/li>\n<li> Solu\u021bii de instalare pentru designerii de interior \u0219i dezvoltatorii imobiliari<\/li>\n<\/ul>\n<h2>Profilul companiei Abels Moving Services<\/h2>\n<p>Abels Moving Services a \u00eenceput ca o afacere de familie \u00een 1958, livr\u00e2nd bunuri la magazine. De atunci, compania a crescut, iar \u00een prezent are 1.500 de centre de servicii \u00een 56 de \u021b\u0103ri din \u00eentreaga lume. <\/p>\n<p>Compania a primit un mandat regal din partea Majest\u0103\u021bii Sale Regina \u00een 1989, \u00een semn de apreciere pentru serviciile aduse Coroanei, printre care se num\u0103r\u0103 mutarea tuturor cadourilor de nunt\u0103 ale Prin\u021bului Charles \u0219i Prin\u021besei Diana \u00een 1981. <\/p>\n<p>Abels Moving Services se m\u00e2ndresc cu camioanele lor construite special, ecologice. Ace\u0219tia cred c\u0103 trebuie s\u0103 dea \u00eenapoi comunit\u0103\u021bii \u0219i sprijin\u0103 diverse organiza\u021bii de caritate din \u00eentreaga lume. <\/p>\n<p>Ace\u0219tia cred cu t\u0103rie \u00een abordarea \"f\u0103r\u0103 probleme\" cu clien\u021bii \u0219i cred c\u0103 un z\u00e2mbet este foarte util.<\/p>\n<p>Abels Moving Services are urm\u0103toarele afilieri \u0219i acredit\u0103ri:<\/p>\n<ul>\n<li> Mandat regal pentru Majestatea Sa Regina<\/li>\n<li> <a href=\"https:\/\/moverdb.com\/ro\/fidi-faim\/\">FIDI<\/a><\/li>\n<li> <a href=\"https:\/\/moverdb.com\/ro\/fidi-faim\/\" data-internallinksmanager029f6b8e52c=\"16\" title=\"FIDI &amp; FAIM (FIDI Accredited International Mover) Explicat\">FAIM<\/a><\/li>\n<li> Investitori \u00een oameni<\/li>\n<li> <a href=\"https:\/\/moverdb.com\/ro\/asociatia-britanica-a-demolatorilor\/\">Asocia\u021bia Britanic\u0103 a Transportatorilor<\/a> (<a href=\"https:\/\/moverdb.com\/ro\/british-association-of-removers\/\" data-internallinksmanager029f6b8e52c=\"9\" title=\"Asocia\u021bia Britanic\u0103 a Transportatorilor (BAR) Explica\u021bii\">BAR<\/a>)<\/li>\n<li> <a href=\"https:\/\/moverdb.com\/ro\/bar-overseas\/\">Grupul BAR Overseas<\/a><\/li>\n<li> Autoritatea pentru servicii financiare<\/li>\n<li> <a href=\"https:\/\/moverdb.com\/ro\/fedemac\/\">Federa\u021bia Asocia\u021biei Europene a Transportatorilor<\/a> (<a href=\"https:\/\/moverdb.com\/ro\/fedemac\/\" data-internallinksmanager029f6b8e52c=\"15\" title=\"Federa\u021bia Asocia\u021biei Europene a Transportatorilor (FEDEMAC) Explica\u021bii\">FEDEMAC<\/a>)<\/li>\n<li> Asigurarea mutual\u0103 a transportatorilor interna\u021bionali (IMMI)<\/li>\n<li> BS EN ISO 9001<\/li>\n<\/ul>\n<h2>Abels Moving Services<\/h2>\n<p><strong>Pozitiv:<\/strong><\/p>\n<ul>\n<li> <em>\"Echipele de mutare de la ambele capete au fost grozave - competente, au lucrat \u00een mod constant \u0219i au fost pur \u0219i simplu ni\u0219te b\u0103ie\u021bi dr\u0103gu\u021bi cu care am avut de-a face, care ne-au ajutat dincolo de ceea ce era strict necesar.\"<\/em> - Dna Jenson prin <a href=\"http:\/\/www.abels.co.uk\/reviews\/\" target=\"_blank\" rel=\"noopener\">Pagina de recenzii ale clien\u021bilor Abels<\/a>.<\/li>\n<li> <em>\"To\u021bi cei cu care am avut de-a face la Abels, fie prin telefon, prin e-mail sau \u00een persoan\u0103, au fost de mare ajutor, prieteno\u0219i \u0219i eficien\u021bi, cu siguran\u021b\u0103 i-a\u0219 folosi din nou \u0219i nu am nicio ezitare \u00een a-i recomanda altora\".<\/em> Doamna Pledge via <a href=\"http:\/\/moveaide.com\/movers\/abels-moving-cambrige-uk-mover-reviews\" target=\"_blank\" rel=\"noopener\">MoveAide<\/a><\/li>\n<li> <em>\"Am vrut doar s\u0103 v\u0103 anun\u021b\u0103m c\u0103 suntem foarte mul\u021bumi\u021bi c\u0103 mutarea noastr\u0103 s-a \u00eencheiat cu succes.\"<\/em> - prin <a href=\"http:\/\/removal-company-reviews.com\/view-removal-company-review.php?c=Abels%20Moving%20Services%20Ltd&#038;id=384\" target=\"_blank\" rel=\"noopener\">Evalu\u0103ri ale companiei de mutare<\/a><\/li>\n<\/ul>\n<p><strong>Negativ:<\/strong><\/p>\n<ul>\n<li> <em>\"Comunicare \u00eengrozitoare despre \u00eent\u00e2rzieri inutile. Te vei teme c\u0103 toate bunurile vie\u021bii tale au disp\u0103rut.\"<\/em> - Jeanie C. via <a href=\"https:\/\/www.yelp.co.uk\/biz\/abels-moving-services-ltd-brandon-2?hrid=qZqRG6iZsRo2GEP-XgQefQ&#038;utm_campaign=www_review_share_popup&#038;utm_medium=copy_link&#038;utm_source=(direct)\" target=\"_blank\" rel=\"noopener\">Yelp<\/a><\/li>\n<li> <em>\"Dac\u0103 nu e\u0219ti regina, nu vor avea prea mult\u0103 grij\u0103.\"<\/em> - Simon via <a href=\"http:\/\/www.removalreviews.co.uk\/movingreviews\/far-from-their-advertising-image-7304\" target=\"_blank\" rel=\"noopener\">Recenzii de mutare<\/a><\/li>\n<li> <em>\"Serviciu slab \u00een toate direc\u021biile, cu o comunicare slab\u0103 \u00eentre cele dou\u0103 p\u0103r\u021bi. <a href=\"https:\/\/moverdb.com\/ro\/mutarea-in-singapore\/\">Singapore<\/a> echipa \u0219i echipa britanic\u0103.\"<\/em> - Domnul Crapper via <a href=\"http:\/\/moveaide.com\/movers\/abels-moving-cambrige-uk-mover-reviews\" target=\"_blank\" rel=\"noopener\">MoveAide<\/a><\/li>\n<\/li>\n<\/ul>\n<div itemprop=\"review\" itemscope itemtype=\"http:\/\/schema.org\/Review\">\n<span itemprop=\"author\" itemscope=\"\" itemtype=\"http:\/\/schema.org\/Organization\"><span itemprop=\"name\">MoverDB.com<\/span><\/span> Revizuirea online a site-ului pentru <span itemprop=\"itemreviewed\" itemscope=\"\" itemtype=\"http:\/\/schema.org\/Brand\"><span itemprop=\"name\">Abels Moving Services<\/span><\/span>:<\/p>\n<ol>\n<li> Detalii de contact clare pe site-ul web (inclusiv num\u0103rul de telefon): <strong>Da<\/strong><\/li>\n<li> U\u0219or de ob\u021binut <a href=\"https:\/\/moverdb.com\/ro\/citate\/\">citate de mut\u0103ri interna\u021bionale<\/a>? (Formular de solicitare a unui deviz online): <strong>Da<\/strong><\/li>\n<li> Informa\u021bii clare pe site-ul web: <strong>Da,<\/strong> o cantitate decent\u0103 de informa\u021bii pe site-ul web despre serviciile lor, de\u0219i unele <\/li>\n<li> Apartenen\u021ba la organiza\u021bii interna\u021bionale recunoscute \u00een domeniul mut\u0103rii: <strong>Da<\/strong>, a se vedea mai sus.<\/li>\n<li> Lista de clien\u021bi \u0219i\/sau m\u0103rturii ale clien\u021bilor anteriori: <strong>Da<\/strong> Exist\u0103 m\u0103rturii pozitive ale clien\u021bilor pe site-ul web.<\/li>\n<\/ol>\n<div itemprop=\"reviewRating\" itemscope itemtype=\"http:\/\/schema.org\/Rating\"><meta itemprop=\"worstRating\" content = \"0\" \/><meta itemprop=\"bestRating\" content=\"5\" \/><meta itemprop=\"ratingValue\" content=\"4.5\"><\/div>\n<p><strong>Scor general: 4.5\/5<\/strong><br \/>\n<strong>Data revizuirii:<\/strong> <span itemprop=\"datePublished\" content=\"2016-08-31\">31\/08\/2016<\/span>\n<\/div>\n<p>Mai multe despre <a href=\"https:\/\/moverdb.com\/ro\/mutari-internationale\/\">mut\u0103ri interna\u021bionale<\/a> \u0219i a noastr\u0103 <a href=\"https:\/\/moverdb.com\/ro\/comentarii\/\">procesul de revizuire<\/a>.<\/p>\n<p><strong>Site web:<\/strong> <a href=\"http:\/\/www.abels.co.uk\" target=\"_blank\" rel=\"noopener\">http:\/\/www.abels.co.uk<\/a><\/p>","protected":false},"excerpt":{"rendered":"<p>Abels Moving Services is based in Brandon, Suffolk but has facilities in London, Cambridge and Lutterworth but serves the whole of the UK. It offers its clients many intentional moving services which are listed below. There also follows a company profile and company reviews. International Moves Airfreight for small volumes Sea freight for large volumes [&hellip;]<\/p>\n","protected":false},"author":1,"featured_media":0,"parent":0,"menu_order":0,"comment_status":"closed","ping_status":"closed","template":"","meta":{"_genesis_hide_title":false,"_genesis_hide_breadcrumbs":false,"_genesis_hide_singular_image":false,"_genesis_hide_footer_widgets":false,"_genesis_custom_body_class":"","_genesis_custom_post_class":"","_genesis_layout":"","footnotes":""},"class_list":{"0":"post-888","1":"page","2":"type-page","3":"status-publish","5":"entry"},"_links":{"self":[{"href":"https:\/\/moverdb.com\/ro\/wp-json\/wp\/v2\/pages\/888","targetHints":{"allow":["GET"]}}],"collection":[{"href":"https:\/\/moverdb.com\/ro\/wp-json\/wp\/v2\/pages"}],"about":[{"href":"https:\/\/moverdb.com\/ro\/wp-json\/wp\/v2\/types\/page"}],"author":[{"embeddable":true,"href":"https:\/\/moverdb.com\/ro\/wp-json\/wp\/v2\/users\/1"}],"replies":[{"embeddable":true,"href":"https:\/\/moverdb.com\/ro\/wp-json\/wp\/v2\/comments?post=888"}],"version-history":[{"count":8,"href":"https:\/\/moverdb.com\/ro\/wp-json\/wp\/v2\/pages\/888\/revisions"}],"predecessor-version":[{"id":6166,"href":"https:\/\/moverdb.com\/ro\/wp-json\/wp\/v2\/pages\/888\/revisions\/6166"}],"wp:attachment":[{"href":"https:\/\/moverdb.com\/ro\/wp-json\/wp\/v2\/media?parent=888"}],"curies":[{"name":"wp","href":"https:\/\/api.w.org\/{rel}","templated":true}]}}