{"id":8879,"date":"2023-04-27T14:40:42","date_gmt":"2023-04-27T14:40:42","guid":{"rendered":"https:\/\/moverdb.com\/?page_id=8879"},"modified":"2026-01-08T15:29:24","modified_gmt":"2026-01-08T15:29:24","slug":"moving-companies-myanmar","status":"publish","type":"page","link":"https:\/\/moverdb.com\/ro\/moving-companies\/moving-companies-myanmar\/","title":{"rendered":"6 Cele mai bune companii interna\u021bionale de mutare din Myanmar"},"content":{"rendered":"<p>Atunci c\u00e2nd v\u0103 muta\u021bi acas\u0103 sau \u00een interes de serviciu, poate fi o perioad\u0103 foarte stresant\u0103, deoarece sunt at\u00e2t de multe de planificat \u0219i de f\u0103cut, mai ales dac\u0103 v\u0103 muta\u021bi \u00eentr-o alt\u0103 \u021bar\u0103. Angajarea serviciilor unui <a href=\"https:\/\/moverdb.com\/ro\/moving-companies\/\" data-internallinksmanager029f6b8e52c=\"79\" title=\"Top 25 Companii interna\u021bionale de mutare online\">companie \u00een mi\u0219care<\/a> v\u0103 poate ajuta s\u0103 reduce\u021bi stresul \u0219i s\u0103 v\u0103 u\u0219ura\u021bi multe dintre aceste sarcini. Mai jos am compilat o list\u0103 de oferte de munc\u0103 \u00een Myanmar (Burma) <a href=\"https:\/\/moverdb.com\/ro\/international-removals\/\" data-internallinksmanager029f6b8e52c=\"27\" title=\"36 Cele mai bune companii de mut\u0103ri interna\u021bionale din Marea Britanie\">companii de mutare<\/a> care sunt membri ai grupului <a href=\"https:\/\/moverdb.com\/ro\/iam\/\" data-internallinksmanager029f6b8e52c=\"23\" title=\"Explica\u021bii despre Asocia\u021bia Interna\u021bional\u0103 a Transportatorilor (IAM)\">Asocia\u021bia Interna\u021bional\u0103 a Transportatorilor<\/a> (IAM) \u0219i\/sau <a href=\"https:\/\/moverdb.com\/ro\/fidi-faim\/\" data-internallinksmanager029f6b8e52c=\"16\" title=\"FIDI &amp; FAIM (FIDI Accredited International Mover) Explicat\">FIDI<\/a> Accredited International Mover (FAIM), care v\u0103 poate ajuta cu mutarea dumneavoastr\u0103.<\/p>\n<div id=\"ez-toc-container\" class=\"ez-toc-v2_0_83 ez-toc-wrap-left counter-hierarchy ez-toc-counter ez-toc-transparent ez-toc-container-direction\">\n<div class=\"ez-toc-title-container\">\n<p class=\"ez-toc-title\" style=\"cursor:inherit\">Sec\u021biuni<\/p>\n<span class=\"ez-toc-title-toggle\"><a href=\"#\" class=\"ez-toc-pull-right ez-toc-btn ez-toc-btn-xs ez-toc-btn-default ez-toc-toggle\" aria-label=\"Comuta\u021bi tabelul de con\u021binut\"><span class=\"ez-toc-js-icon-con\"><span class=\"\"><span class=\"eztoc-hide\" style=\"display:none;\">Toggle<\/span><span class=\"ez-toc-icon-toggle-span\"><svg style=\"fill: #999;color:#999\" xmlns=\"http:\/\/www.w3.org\/2000\/svg\" class=\"list-377408\" width=\"20px\" height=\"20px\" viewbox=\"0 0 24 24\" fill=\"none\"><path d=\"M6 6H4v2h2V6zm14 0H8v2h12V6zM4 11h2v2H4v-2zm16 0H8v2h12v-2zM4 16h2v2H4v-2zm16 0H8v2h12v-2z\" fill=\"currentColor\"><\/path><\/svg><svg style=\"fill: #999;color:#999\" class=\"arrow-unsorted-368013\" xmlns=\"http:\/\/www.w3.org\/2000\/svg\" width=\"10px\" height=\"10px\" viewbox=\"0 0 24 24\" version=\"1.2\" baseprofile=\"tiny\"><path d=\"M18.2 9.3l-6.2-6.3-6.2 6.3c-.2.2-.3.4-.3.7s.1.5.3.7c.2.2.4.3.7.3h11c.3 0 .5-.1.7-.3.2-.2.3-.5.3-.7s-.1-.5-.3-.7zM5.8 14.7l6.2 6.3 6.2-6.3c.2-.2.3-.5.3-.7s-.1-.5-.3-.7c-.2-.2-.4-.3-.7-.3h-11c-.3 0-.5.1-.7.3-.2.2-.3.5-.3.7s.1.5.3.7z\"\/><\/svg><\/span><\/span><\/span><\/a><\/span><\/div>\n<nav><ul class='ez-toc-list ez-toc-list-level-1 eztoc-toggle-hide-by-default' ><li class='ez-toc-page-1 ez-toc-heading-level-2'><a class=\"ez-toc-link ez-toc-heading-1\" href=\"https:\/\/moverdb.com\/ro\/moving-companies\/moving-companies-myanmar\/#1_Dawood_Worldwide_Movers\" >1. Dawood Worldwide Movers<\/a><\/li><li class='ez-toc-page-1 ez-toc-heading-level-2'><a class=\"ez-toc-link ez-toc-heading-2\" href=\"https:\/\/moverdb.com\/ro\/moving-companies\/moving-companies-myanmar\/#2_DNS_Mobility_Ltd\" >2. DNS Mobility Ltd.<\/a><\/li><li class='ez-toc-page-1 ez-toc-heading-level-2'><a class=\"ez-toc-link ez-toc-heading-3\" href=\"https:\/\/moverdb.com\/ro\/moving-companies\/moving-companies-myanmar\/#3_Global_Moving_Storage_Ltd\" >3. Global Moving &amp; Storage Ltd<\/a><\/li><li class='ez-toc-page-1 ez-toc-heading-level-2'><a class=\"ez-toc-link ez-toc-heading-4\" href=\"https:\/\/moverdb.com\/ro\/moving-companies\/moving-companies-myanmar\/#4_Legendary_Myanmar_International_Moving_Logistics_Co_Ltd\" >4. Legendary Myanmar International Moving &amp; Logistics Co Ltd.<\/a><\/li><li class='ez-toc-page-1 ez-toc-heading-level-2'><a class=\"ez-toc-link ez-toc-heading-5\" href=\"https:\/\/moverdb.com\/ro\/moving-companies\/moving-companies-myanmar\/#5_Myanmar_Express_Moving\" >5. Myanmar Express Moving<\/a><\/li><li class='ez-toc-page-1 ez-toc-heading-level-2'><a class=\"ez-toc-link ez-toc-heading-6\" href=\"https:\/\/moverdb.com\/ro\/moving-companies\/moving-companies-myanmar\/#6_NMT_Ltd\" >6. NMT Ltd.<\/a><\/li><\/ul><\/nav><\/div>\n<h2><span class=\"ez-toc-section\" id=\"1_Dawood_Worldwide_Movers\"><\/span><strong>1. Dawood Worldwide Movers<\/strong><span class=\"ez-toc-section-end\"><\/span><\/h2>\n<p><img loading=\"lazy\" decoding=\"async\" class=\"alignnone size-full wp-image-8783\" src=\"https:\/\/moverdb.com\/wp-content\/uploads\/Dawood-Worldwide-Moving-international-moving-company.png\" alt=\"Dawood Worldwide Moving companie interna\u021bional\u0103 de mutare\" width=\"1440\" height=\"682\" data-wp-pid=\"8783\" srcset=\"https:\/\/moverdb.com\/wp-content\/uploads\/Dawood-Worldwide-Moving-international-moving-company.png 1440w, https:\/\/moverdb.com\/wp-content\/uploads\/Dawood-Worldwide-Moving-international-moving-company-300x142.png 300w, https:\/\/moverdb.com\/wp-content\/uploads\/Dawood-Worldwide-Moving-international-moving-company-1024x485.png 1024w, https:\/\/moverdb.com\/wp-content\/uploads\/Dawood-Worldwide-Moving-international-moving-company-18x9.png 18w, https:\/\/moverdb.com\/wp-content\/uploads\/Dawood-Worldwide-Moving-international-moving-company-600x284.png 600w\" sizes=\"auto, (max-width: 1440px) 100vw, 1440px\" \/><\/p>\n<ul>\n<li>Mut\u0103ri na\u021bionale<\/li>\n<li>Mut\u0103ri interna\u021bionale<\/li>\n<li>Mutarea gospod\u0103riilor<\/li>\n<li>Mutarea birourilor<\/li>\n<li>Serviciul de ambalare<\/li>\n<li>Aranjamente de transport<\/li>\n<li>V\u0103muire<\/li>\n<li>Servicii de origine \u0219i destina\u021bie<\/li>\n<li>Relocarea animalelor de companie<\/li>\n<li>Depozitare securizat\u0103<\/li>\n<\/ul>\n<p>Dawood Worldwide Movers este o companie de mut\u0103ri interna\u021bionale, fondat\u0103 \u00een 1963 \u0219i cu sediul \u00een Yangon. Ace\u0219tia colaboreaz\u0103 cu servicii de mut\u0103ri interna\u021bionale \u0219i expeditori pentru a-\u0219i livra serviciile \u00een \u00eentreaga lume. Ei sunt membri ai IAM cu 47 de ani de serviciu.<\/p>\n<p>Dawood Worldwide Movers ofer\u0103 un serviciu complet de mutare, care include asisten\u021b\u0103 \u00eenainte de mutare cu servicii de origine \u0219i servicii de destina\u021bie la sosire, \u0219i poate, de asemenea, s\u0103 v\u0103 mute animalele de companie. Ace\u0219tia ofer\u0103 un serviciu complet de ambalare care include materiale de ambalare pentru a v\u0103 proteja bunurile \u00een timpul transportului. Ei vor face aranjamentele necesare pentru a v\u0103 transporta bunurile la destina\u021bie cu v\u0103muire.<\/p>\n<p>Site web: <a href=\"http:\/\/www.dawoodmovers.com\" target=\"_blank\" rel=\"noopener\">http:\/\/www.dawoodmovers.com<\/a><\/p>\n<h2><span class=\"ez-toc-section\" id=\"2_DNS_Mobility_Ltd\"><\/span><strong>2. DNS Mobility Ltd.<\/strong><span class=\"ez-toc-section-end\"><\/span><\/h2>\n<p><img loading=\"lazy\" decoding=\"async\" class=\"alignnone size-full wp-image-8789\" src=\"https:\/\/moverdb.com\/wp-content\/uploads\/DNS-Mobility-Ltd-international-moving-company.png\" alt=\"DNS Mobility Ltd companie interna\u021bional\u0103 de mutare\" width=\"1440\" height=\"680\" data-wp-pid=\"8789\" srcset=\"https:\/\/moverdb.com\/wp-content\/uploads\/DNS-Mobility-Ltd-international-moving-company.png 1440w, https:\/\/moverdb.com\/wp-content\/uploads\/DNS-Mobility-Ltd-international-moving-company-300x142.png 300w, https:\/\/moverdb.com\/wp-content\/uploads\/DNS-Mobility-Ltd-international-moving-company-1024x484.png 1024w, https:\/\/moverdb.com\/wp-content\/uploads\/DNS-Mobility-Ltd-international-moving-company-18x9.png 18w, https:\/\/moverdb.com\/wp-content\/uploads\/DNS-Mobility-Ltd-international-moving-company-600x283.png 600w\" sizes=\"auto, (max-width: 1440px) 100vw, 1440px\" \/><\/p>\n<ul>\n<li>Mut\u0103ri na\u021bionale<\/li>\n<li>Reloc\u0103ri interna\u021bionale<\/li>\n<li>Mutarea gospod\u0103riei<\/li>\n<li>Servicii complete de ambalare<\/li>\n<li>Echipamente de ambalare personalizate<\/li>\n<li>Organizarea transportului<\/li>\n<li><a href=\"https:\/\/moverdb.com\/ro\/car-transport-shipping\/\" data-internallinksmanager029f6b8e52c=\"2\" title=\"2026 Transport auto interna\u021bional \u0219i oferte de transport maritim de vehicule\">Transportul vehiculelor<\/a><\/li>\n<li>Manipularea artelor frumoase<\/li>\n<li>Reloc\u0103ri de animale de companie<\/li>\n<li>Facilit\u0103\u021bi de depozitare securizate<\/li>\n<\/ul>\n<p>DNS Mobility Ltd. este o companie interna\u021bional\u0103 de logistic\u0103 \u0219i relocare a animalelor de companie, \u00eenfiin\u021bat\u0103 \u00een 2013 \u0219i cu sediul \u00een Yangon. Ace\u0219tia lucreaz\u0103 cu peste 100 de birouri asociate \u0219i afiliate din \u00eentreaga lume pentru a-\u0219i furniza serviciile la nivel interna\u021bional. Ei sunt membri ai IAM cu 11 ani de activitate.<\/p>\n<p>DNS Mobility Ltd ofer\u0103 servicii complete de mutare pentru gospod\u0103rii care pot oferi un serviciu complet de ambalare pentru a v\u0103 proteja bunurile \u00een tranzit, care include echipamente de ambalare personalizate \u0219i l\u0103zi. Ace\u0219tia vor aranja transportul bunurilor dvs. \u0219i v\u0103 vor urm\u0103ri online transportul. La sosire, ace\u0219tia vor despacheta \u0219i vor \u00eendep\u0103rta resturile.<\/p>\n<p>Site web: <a href=\"http:\/\/www.dnsmyanmar.com\" target=\"_blank\" rel=\"noopener\">http:\/\/www.dnsmyanmar.com<\/a><\/p>\n<h2><span class=\"ez-toc-section\" id=\"3_Global_Moving_Storage_Ltd\"><\/span><strong>3. Global Moving &amp; Storage Ltd<\/strong><span class=\"ez-toc-section-end\"><\/span><\/h2>\n<p><img loading=\"lazy\" decoding=\"async\" class=\"alignnone size-full wp-image-8806\" src=\"https:\/\/moverdb.com\/wp-content\/uploads\/Global-Moving-Storage-Ltd-international-moving-company.png\" alt=\"Global Moving &amp; Storage Ltd companie interna\u021bional\u0103 de mutare\" width=\"1440\" height=\"675\" data-wp-pid=\"8806\" srcset=\"https:\/\/moverdb.com\/wp-content\/uploads\/Global-Moving-Storage-Ltd-international-moving-company.png 1440w, https:\/\/moverdb.com\/wp-content\/uploads\/Global-Moving-Storage-Ltd-international-moving-company-300x141.png 300w, https:\/\/moverdb.com\/wp-content\/uploads\/Global-Moving-Storage-Ltd-international-moving-company-1024x480.png 1024w, https:\/\/moverdb.com\/wp-content\/uploads\/Global-Moving-Storage-Ltd-international-moving-company-18x8.png 18w, https:\/\/moverdb.com\/wp-content\/uploads\/Global-Moving-Storage-Ltd-international-moving-company-600x281.png 600w\" sizes=\"auto, (max-width: 1440px) 100vw, 1440px\" \/><\/p>\n<ul>\n<li>Mi\u0219c\u0103ri na\u021bionale<\/li>\n<li>Mut\u0103ri interna\u021bionale<\/li>\n<li>Mutarea gospod\u0103riei<\/li>\n<li>Mutarea birourilor<\/li>\n<li>Servicii de ambalare<\/li>\n<li>Aranjament de transport<\/li>\n<li>V\u0103muire<\/li>\n<li>Ambalarea artelor plastice<\/li>\n<li>Serviciul de mutare a animalelor de companie<\/li>\n<li>Facilit\u0103\u021bi de depozitare<\/li>\n<\/ul>\n<p>Global Moving &amp; Storage Ltd este o companie de mut\u0103ri \u0219i logistic\u0103 la nivel mondial, cu o experien\u021b\u0103 de peste dou\u0103 decenii. Este membr\u0103 a IAM cu 12 ani de activitate, ceea ce \u00eei ofer\u0103 o re\u021bea interna\u021bional\u0103 de agen\u021bi de mutare care \u00eei pot ajuta \u00een furnizarea de servicii \u00een \u00eentreaga lume.<\/p>\n<p>Global Moving &amp; Storage Ltd ofer\u0103 servicii de mutare din u\u0219\u0103 \u00een u\u0219\u0103, din u\u0219\u0103 \u00een u\u0219\u0103.<a href=\"https:\/\/moverdb.com\/ro\/top-49-container-ports\/\" data-internallinksmanager029f6b8e52c=\"80\" title=\"Top 49 cele mai mari \u0219i mai aglomerate porturi de containere \u00een 2026\">port<\/a> sau servicii de la port la u\u0219\u0103, care includ v\u0103muirea \u0219i organizarea transportului. Ace\u0219tia ofer\u0103 servicii de ambalare pentru a v\u0103 proteja obiectele \u00een tranzit care respect\u0103 standardele interna\u021bionale. Ofer\u0103 servicii specializate pentru diploma\u021bi, arte frumoase \u0219i servicii de mutare a animalelor de companie.<\/p>\n<p>Site web: <a href=\"http:\/\/www.globalmovingstorage.com\" target=\"_blank\" rel=\"noopener\">http:\/\/www.globalmovingstorage.com<\/a><\/p>\n<h2><span class=\"ez-toc-section\" id=\"4_Legendary_Myanmar_International_Moving_Logistics_Co_Ltd\"><\/span><strong>4. Legendary Myanmar International Moving &amp; Logistics Co Ltd.<\/strong><span class=\"ez-toc-section-end\"><\/span><\/h2>\n<p><img loading=\"lazy\" decoding=\"async\" class=\"alignnone size-full wp-image-8821\" src=\"https:\/\/moverdb.com\/wp-content\/uploads\/Legendary-Myanmar-International-Moving-Logistics-Co-Ltd.png\" alt=\"Legendary Myanmar International Moving &amp; Logistics Co Ltd\" width=\"1440\" height=\"682\" data-wp-pid=\"8821\" srcset=\"https:\/\/moverdb.com\/wp-content\/uploads\/Legendary-Myanmar-International-Moving-Logistics-Co-Ltd.png 1440w, https:\/\/moverdb.com\/wp-content\/uploads\/Legendary-Myanmar-International-Moving-Logistics-Co-Ltd-300x142.png 300w, https:\/\/moverdb.com\/wp-content\/uploads\/Legendary-Myanmar-International-Moving-Logistics-Co-Ltd-1024x485.png 1024w, https:\/\/moverdb.com\/wp-content\/uploads\/Legendary-Myanmar-International-Moving-Logistics-Co-Ltd-18x9.png 18w, https:\/\/moverdb.com\/wp-content\/uploads\/Legendary-Myanmar-International-Moving-Logistics-Co-Ltd-600x284.png 600w\" sizes=\"auto, (max-width: 1440px) 100vw, 1440px\" \/><\/p>\n<ul>\n<li>Mi\u0219c\u0103ri na\u021bionale<\/li>\n<li>Mut\u0103ri interna\u021bionale<\/li>\n<li>Mutarea gospod\u0103riei<\/li>\n<li>Mi\u0219c\u0103ri corporative<\/li>\n<li>Serviciul de ambalare<\/li>\n<li>Transport rutier, maritim \u0219i aerian<\/li>\n<li>Suport pentru documenta\u021bie<\/li>\n<li>Transportul auto<\/li>\n<li>Relocarea animalelor de companie<\/li>\n<li>Facilit\u0103\u021bi de depozitare<\/li>\n<\/ul>\n<p>Legendary Myanmar International Moving &amp; Logistics Co Ltd (LMSL) este o companie de transport maritim, de mutare \u0219i de <a href=\"https:\/\/moverdb.com\/ro\/relocation-agents\/\" data-internallinksmanager029f6b8e52c=\"1\" title=\"7 Motive pentru care ar trebui s\u0103 folosi\u021bi un agent de relocare?\">agent de relocare<\/a> fondat\u0103 \u00een 2010, cu birouri \u00een Yangon, Mandalay \u0219i Bagan. Au stabilit rela\u021bii la nivel mondial cu agen\u021bii de transport \u0219i de mutare pentru a furniza servicii interna\u021bionale \u0219i sunt membri ai IAM cu 13 ani de activitate.<\/p>\n<p>LMSL ofer\u0103 servicii de mutare de la un cap\u0103t la altul pentru mut\u0103ri locale \u0219i interna\u021bionale, care includ asisten\u021b\u0103 cu documenta\u021bia. Ofer\u0103 un serviciu de ambalare pentru a v\u0103 proteja bunurile \u0219i organizeaz\u0103 transportul rutier, aerian \u0219i maritim, care include documente justificative, cum ar fi v\u0103muirea. Ofer\u0103 servicii de relocare, inclusiv orientare, c\u0103utarea unei case \u0219i a unei \u0219coli \u0219i negocierea unui contract de \u00eenchiriere.<\/p>\n<p>Site web: <a href=\"http:\/\/www.lmsl-shipping.com\" target=\"_blank\" rel=\"noopener\">http:\/\/www.lmsl-shipping.com<\/a><\/p>\n<h2><span class=\"ez-toc-section\" id=\"5_Myanmar_Express_Moving\"><\/span><strong>5. Myanmar Express Moving<\/strong><span class=\"ez-toc-section-end\"><\/span><\/h2>\n<p><img loading=\"lazy\" decoding=\"async\" class=\"alignnone size-full wp-image-8835\" src=\"https:\/\/moverdb.com\/wp-content\/uploads\/Myanmar-Express-Moving-international-moving-company.png\" alt=\"Myanmar Express Moving companie de mutare interna\u021bional\u0103 \u00een mi\u0219care\" width=\"1440\" height=\"677\" data-wp-pid=\"8835\" srcset=\"https:\/\/moverdb.com\/wp-content\/uploads\/Myanmar-Express-Moving-international-moving-company.png 1440w, https:\/\/moverdb.com\/wp-content\/uploads\/Myanmar-Express-Moving-international-moving-company-300x141.png 300w, https:\/\/moverdb.com\/wp-content\/uploads\/Myanmar-Express-Moving-international-moving-company-1024x481.png 1024w, https:\/\/moverdb.com\/wp-content\/uploads\/Myanmar-Express-Moving-international-moving-company-18x8.png 18w, https:\/\/moverdb.com\/wp-content\/uploads\/Myanmar-Express-Moving-international-moving-company-600x282.png 600w\" sizes=\"auto, (max-width: 1440px) 100vw, 1440px\" \/><\/p>\n<ul>\n<li>Mut\u0103ri locale<\/li>\n<li>Mut\u0103ri interna\u021bionale<\/li>\n<li>Mutarea gospod\u0103riilor<\/li>\n<li>Marf\u0103 comercial\u0103<\/li>\n<li>Serviciul de ambalare<\/li>\n<li>Transport rutier, aerian \u0219i maritim<\/li>\n<li>V\u0103muire<\/li>\n<li>Relocarea animalelor de companie<\/li>\n<li>Asigurare<\/li>\n<li>Facilit\u0103\u021bi de depozitare<\/li>\n<\/ul>\n<p>Myanmar Express Moving este o companie de mutare \u0219i ambalare cu o experien\u021b\u0103 de peste 57 de ani \u0219i are sediul \u00een Yangon. Au parteneriate \u0219i alian\u021be strategice interna\u021bionale \u00een \u00eentreaga lume pentru a oferi servicii interna\u021bionale. Sunt membri ai IAM cu 29 de ani de activitate.<\/p>\n<p>Myanmar Express Moving ofer\u0103 un sondaj gratuit pentru a evalua cerin\u021bele dumneavoastr\u0103 de mutare \u0219i pentru a v\u0103 oferi o ofert\u0103. Ei ofer\u0103 un serviciu de ambalare care v\u0103 va proteja mobila folosind materiale de ambalare moderne care sunt la un standard ridicat, vor despacheta la sosire \u0219i vor \u00eendep\u0103rta orice resturi. Ei vor aranja transportul rutier, aerian \u0219i maritim cu v\u0103muire \u0219i asigurare.<\/p>\n<p>Site web: <a href=\"http:\/\/www.myanmarexpressmoving.com\" target=\"_blank\" rel=\"noopener\">http:\/\/www.myanmarexpressmoving.com<\/a><\/p>\n<h2><span class=\"ez-toc-section\" id=\"6_NMT_Ltd\"><\/span><strong>6. NMT Ltd.<\/strong><span class=\"ez-toc-section-end\"><\/span><\/h2>\n<p><img loading=\"lazy\" decoding=\"async\" class=\"alignnone size-full wp-image-8838\" src=\"https:\/\/moverdb.com\/wp-content\/uploads\/NMT-Ltd-international-moving-company.png\" alt=\"NMT Ltd companie interna\u021bional\u0103 de mutare\" width=\"1440\" height=\"683\" data-wp-pid=\"8838\" srcset=\"https:\/\/moverdb.com\/wp-content\/uploads\/NMT-Ltd-international-moving-company.png 1440w, https:\/\/moverdb.com\/wp-content\/uploads\/NMT-Ltd-international-moving-company-300x142.png 300w, https:\/\/moverdb.com\/wp-content\/uploads\/NMT-Ltd-international-moving-company-1024x486.png 1024w, https:\/\/moverdb.com\/wp-content\/uploads\/NMT-Ltd-international-moving-company-18x9.png 18w, https:\/\/moverdb.com\/wp-content\/uploads\/NMT-Ltd-international-moving-company-600x285.png 600w\" sizes=\"auto, (max-width: 1440px) 100vw, 1440px\" \/><\/p>\n<ul>\n<li>Mut\u0103ri na\u021bionale<\/li>\n<li>Mut\u0103ri interna\u021bionale<\/li>\n<li>Mutarea gospod\u0103riilor<\/li>\n<li>Mutarea birourilor<\/li>\n<li>Mi\u0219care diplomatic\u0103<\/li>\n<li>Serviciul de ambalare<\/li>\n<li>Transport maritim \u0219i aerian<\/li>\n<li>Brokeraj vamal<\/li>\n<li>Transportul vehiculelor<\/li>\n<li>Facilit\u0103\u021bi de depozitare<\/li>\n<\/ul>\n<p>NMT Ltd este o companie interna\u021bional\u0103 de ambalare, expediere, relocare, logistic\u0103 \u0219i transport \u00eenfiin\u021bat\u0103 \u00een 1993 \u0219i cu sediul \u00een North Dagon \u0219i Yangon. Ofer\u0103, de asemenea, servicii pentru t\u00e2rguri \u0219i evenimente care se ocup\u0103 de transport maritim \u0219i amenajare. Sunt membri ai IAM cu 30 de ani de activitate, ceea ce le ofer\u0103 acces la o re\u021bea interna\u021bional\u0103 de agen\u021bi de mutare pentru a-\u0219i oferi serviciile \u00een \u00eentreaga lume.<\/p>\n<p>NMT Ltd se ocup\u0103 de mut\u0103ri de cas\u0103 \u0219i de birou \u00een interiorul, spre \u0219i din Myanmar, care include ambasade \u0219i diploma\u021bi. Ei au personal experimentat care v\u0103 sprijin\u0103 pe tot parcursul mut\u0103rii, inclusiv ambalatori experimenta\u021bi care v\u0103 vor \u00eempacheta \u00een siguran\u021b\u0103 bunurile \u0219i vor aranja transportul maritim sau aerian cu brokeraj vamal.<\/p>\n<p>Site web: <a href=\"http:\/\/www.ntmyanmar.com\" target=\"_blank\" rel=\"noopener\">http:\/\/www.ntmyanmar.com<\/a><\/p>","protected":false},"excerpt":{"rendered":"<p>When you are moving home or business it can be such a stressful time as there is so much to plan and do especially if you are moving to another country. Engaging the services of a moving company can help reduce your stress and take away a lot of those tasks. Below we have compiled [&hellip;]<\/p>\n","protected":false},"author":4,"featured_media":0,"parent":190,"menu_order":0,"comment_status":"closed","ping_status":"closed","template":"","meta":{"_genesis_hide_title":false,"_genesis_hide_breadcrumbs":false,"_genesis_hide_singular_image":false,"_genesis_hide_footer_widgets":false,"_genesis_custom_body_class":"","_genesis_custom_post_class":"","_genesis_layout":"","footnotes":""},"class_list":{"0":"post-8879","1":"page","2":"type-page","3":"status-publish","5":"entry","6":"has-post-thumbnail"},"_links":{"self":[{"href":"https:\/\/moverdb.com\/ro\/wp-json\/wp\/v2\/pages\/8879","targetHints":{"allow":["GET"]}}],"collection":[{"href":"https:\/\/moverdb.com\/ro\/wp-json\/wp\/v2\/pages"}],"about":[{"href":"https:\/\/moverdb.com\/ro\/wp-json\/wp\/v2\/types\/page"}],"author":[{"embeddable":true,"href":"https:\/\/moverdb.com\/ro\/wp-json\/wp\/v2\/users\/4"}],"replies":[{"embeddable":true,"href":"https:\/\/moverdb.com\/ro\/wp-json\/wp\/v2\/comments?post=8879"}],"version-history":[{"count":1,"href":"https:\/\/moverdb.com\/ro\/wp-json\/wp\/v2\/pages\/8879\/revisions"}],"predecessor-version":[{"id":8881,"href":"https:\/\/moverdb.com\/ro\/wp-json\/wp\/v2\/pages\/8879\/revisions\/8881"}],"up":[{"embeddable":true,"href":"https:\/\/moverdb.com\/ro\/wp-json\/wp\/v2\/pages\/190"}],"wp:attachment":[{"href":"https:\/\/moverdb.com\/ro\/wp-json\/wp\/v2\/media?parent=8879"}],"curies":[{"name":"wp","href":"https:\/\/api.w.org\/{rel}","templated":true}]}}