{"id":8429,"date":"2023-04-27T14:44:53","date_gmt":"2023-04-27T14:44:53","guid":{"rendered":"https:\/\/moverdb.com\/?page_id=8429"},"modified":"2026-01-08T15:29:22","modified_gmt":"2026-01-08T15:29:22","slug":"moving-companies-mauritius","status":"publish","type":"page","link":"https:\/\/moverdb.com\/ro\/moving-companies\/moving-companies-mauritius\/","title":{"rendered":"6 Cele mai bune companii de mutare interna\u021bional\u0103 \u00een Mauritius"},"content":{"rendered":"<p>Mutarea locuin\u021bei sau a afacerii \u00een Mauritius, spre sau din Mauritius poate fi o perioad\u0103 stresant\u0103, deoarece sunt multe de organizat \u0219i multe documente de completat dac\u0103 v\u0103 muta\u021bi \u00een str\u0103in\u0103tate. Acesta este motivul pentru care mul\u021bi oameni angajeaz\u0103 serviciile unui <a href=\"https:\/\/moverdb.com\/ro\/moving-companies\/\" data-internallinksmanager029f6b8e52c=\"79\" title=\"Top 25 Companii interna\u021bionale de mutare online\">companie \u00een mi\u0219care<\/a> pentru a le face via\u021ba mai u\u0219oar\u0103. Mai jos am compilat o list\u0103 cu hoteluri din Mauritius. <a href=\"https:\/\/moverdb.com\/ro\/international-removals\/\" data-internallinksmanager029f6b8e52c=\"27\" title=\"36 Cele mai bune companii de mut\u0103ri interna\u021bionale din Marea Britanie\">companii de mutare<\/a> care sunt membri ai grupului <a href=\"https:\/\/moverdb.com\/ro\/iam\/\" data-internallinksmanager029f6b8e52c=\"23\" title=\"Explica\u021bii despre Asocia\u021bia Interna\u021bional\u0103 a Transportatorilor (IAM)\">Asocia\u021bia Interna\u021bional\u0103 a Transportatorilor<\/a> (IAM) \u0219i\/sau <a href=\"https:\/\/moverdb.com\/ro\/fidi-faim\/\" data-internallinksmanager029f6b8e52c=\"16\" title=\"FIDI &amp; FAIM (FIDI Accredited International Mover) Explicat\">FIDI<\/a> Accredited International Mover (FAIM) care v\u0103 poate ajuta cu mutarea dumneavoastr\u0103.<\/p>\n<div id=\"ez-toc-container\" class=\"ez-toc-v2_0_82_2 ez-toc-wrap-left counter-hierarchy ez-toc-counter ez-toc-transparent ez-toc-container-direction\">\n<div class=\"ez-toc-title-container\">\n<p class=\"ez-toc-title\" style=\"cursor:inherit\">Sec\u021biuni<\/p>\n<span class=\"ez-toc-title-toggle\"><a href=\"#\" class=\"ez-toc-pull-right ez-toc-btn ez-toc-btn-xs ez-toc-btn-default ez-toc-toggle\" aria-label=\"Comuta\u021bi tabelul de con\u021binut\"><span class=\"ez-toc-js-icon-con\"><span class=\"\"><span class=\"eztoc-hide\" style=\"display:none;\">Toggle<\/span><span class=\"ez-toc-icon-toggle-span\"><svg style=\"fill: #999;color:#999\" xmlns=\"http:\/\/www.w3.org\/2000\/svg\" class=\"list-377408\" width=\"20px\" height=\"20px\" viewbox=\"0 0 24 24\" fill=\"none\"><path d=\"M6 6H4v2h2V6zm14 0H8v2h12V6zM4 11h2v2H4v-2zm16 0H8v2h12v-2zM4 16h2v2H4v-2zm16 0H8v2h12v-2z\" fill=\"currentColor\"><\/path><\/svg><svg style=\"fill: #999;color:#999\" class=\"arrow-unsorted-368013\" xmlns=\"http:\/\/www.w3.org\/2000\/svg\" width=\"10px\" height=\"10px\" viewbox=\"0 0 24 24\" version=\"1.2\" baseprofile=\"tiny\"><path d=\"M18.2 9.3l-6.2-6.3-6.2 6.3c-.2.2-.3.4-.3.7s.1.5.3.7c.2.2.4.3.7.3h11c.3 0 .5-.1.7-.3.2-.2.3-.5.3-.7s-.1-.5-.3-.7zM5.8 14.7l6.2 6.3 6.2-6.3c.2-.2.3-.5.3-.7s-.1-.5-.3-.7c-.2-.2-.4-.3-.7-.3h-11c-.3 0-.5.1-.7.3-.2.2-.3.5-.3.7s.1.5.3.7z\"\/><\/svg><\/span><\/span><\/span><\/a><\/span><\/div>\n<nav><ul class='ez-toc-list ez-toc-list-level-1 eztoc-toggle-hide-by-default' ><li class='ez-toc-page-1 ez-toc-heading-level-2'><a class=\"ez-toc-link ez-toc-heading-1\" href=\"https:\/\/moverdb.com\/ro\/moving-companies\/moving-companies-mauritius\/#1_Celero\" >1. Celero<\/a><\/li><li class='ez-toc-page-1 ez-toc-heading-level-2'><a class=\"ez-toc-link ez-toc-heading-2\" href=\"https:\/\/moverdb.com\/ro\/moving-companies\/moving-companies-mauritius\/#2_Freight_and_Transit_Co_Ltd\" >2. Freight and Transit Co Ltd<\/a><\/li><li class='ez-toc-page-1 ez-toc-heading-level-2'><a class=\"ez-toc-link ez-toc-heading-3\" href=\"https:\/\/moverdb.com\/ro\/moving-companies\/moving-companies-mauritius\/#3_Relocation_and_Moving_Solutions_Ltd\" >3. Solu\u021bii de relocare \u0219i mutare Ltd<\/a><\/li><li class='ez-toc-page-1 ez-toc-heading-level-2'><a class=\"ez-toc-link ez-toc-heading-4\" href=\"https:\/\/moverdb.com\/ro\/moving-companies\/moving-companies-mauritius\/#4_Somatrans\" >4. Somatrans<\/a><\/li><li class='ez-toc-page-1 ez-toc-heading-level-2'><a class=\"ez-toc-link ez-toc-heading-5\" href=\"https:\/\/moverdb.com\/ro\/moving-companies\/moving-companies-mauritius\/#5_Velogic\" >5. Velogic<\/a><\/li><li class='ez-toc-page-1 ez-toc-heading-level-2'><a class=\"ez-toc-link ez-toc-heading-6\" href=\"https:\/\/moverdb.com\/ro\/moving-companies\/moving-companies-mauritius\/#6_Worldwide_Relocation_Services\" >6. Servicii de relocare la nivel mondial<\/a><\/li><\/ul><\/nav><\/div>\n<h2><span class=\"ez-toc-section\" id=\"1_Celero\"><\/span><strong>1. Celero<\/strong><span class=\"ez-toc-section-end\"><\/span><\/h2>\n<p><img loading=\"lazy\" decoding=\"async\" class=\"alignnone size-full wp-image-8296\" src=\"https:\/\/moverdb.com\/wp-content\/uploads\/Celero-international-moving-company.png\" alt=\"Celero companie de mutare interna\u021bional\u0103\" width=\"1440\" height=\"671\" data-wp-pid=\"8296\" srcset=\"https:\/\/moverdb.com\/wp-content\/uploads\/Celero-international-moving-company.png 1440w, https:\/\/moverdb.com\/wp-content\/uploads\/Celero-international-moving-company-300x140.png 300w, https:\/\/moverdb.com\/wp-content\/uploads\/Celero-international-moving-company-1024x477.png 1024w, https:\/\/moverdb.com\/wp-content\/uploads\/Celero-international-moving-company-18x8.png 18w, https:\/\/moverdb.com\/wp-content\/uploads\/Celero-international-moving-company-600x280.png 600w\" sizes=\"auto, (max-width: 1440px) 100vw, 1440px\" \/><\/p>\n<ul>\n<li>Mut\u0103ri interna\u021bionale<\/li>\n<li>Mut\u0103ri reziden\u021biale<\/li>\n<li>Mutarea birourilor<\/li>\n<li>Serviciu profesionist de ambalare<\/li>\n<li>Transport maritim \u0219i aerian<\/li>\n<li>Serviciul de consolidare<\/li>\n<li>V\u0103muire<\/li>\n<li>Transportul animalelor de companie<\/li>\n<li>Asigurare<\/li>\n<li>Depozitare securizat\u0103<\/li>\n<\/ul>\n<p>Celero este o companie independent\u0103 de logistic\u0103 \u00eenfiin\u021bat\u0103 \u00een 2009, cu sediul \u00een Mauritius \u0219i cu un birou \u00een <a href=\"https:\/\/moverdb.com\/ro\/moving-companies\/moving-companies-madagascar\/\" data-internallinksmanager029f6b8e52c=\"297\" title=\"Cele mai bune companii de mutare interna\u021bional\u0103 \u00een Madagascar\">Madagascar<\/a> prea. Sunt membri ai IAM, cu 14 ani de serviciu, ceea ce le ofer\u0103 acces la o re\u021bea interna\u021bional\u0103 de agen\u021bi de mutare pentru a-i ajuta \u00een cazul mut\u0103rilor interna\u021bionale.<\/p>\n<p>Celero ofer\u0103 servicii de mutare pentru mut\u0103ri reziden\u021biale \u0219i de birouri. Ace\u0219tia ofer\u0103 un serviciu profesionist de ambalare \u0219i \u00eempachetare pentru a v\u0103 proteja bunurile \u00een timpul transportului \u0219i vor despacheta \u0219i \u00eendep\u0103rta resturile. Ei vor aranja transportul \u00een siguran\u021b\u0103 al bunurilor dvs. prin transport maritim sau aerian \u0219i v\u0103 vor asista cu v\u0103muirea. Ofer\u0103, de asemenea, transport de animale de companie, asigurare \u0219i facilit\u0103\u021bi de depozitare sigure.<\/p>\n<p>Site web: <a href=\"http:\/\/www.celerogroup.com\" target=\"_blank\" rel=\"noopener\">http:\/\/www.celerogroup.com<\/a><\/p>\n<h2><span class=\"ez-toc-section\" id=\"2_Freight_and_Transit_Co_Ltd\"><\/span><strong>2. Freight and Transit Co Ltd<\/strong><span class=\"ez-toc-section-end\"><\/span><\/h2>\n<p><img loading=\"lazy\" decoding=\"async\" class=\"alignnone size-full wp-image-8315\" src=\"https:\/\/moverdb.com\/wp-content\/uploads\/Freight-and-Transit-Co-Ltd-international-moving-company.png\" alt=\"Freight and Transit Co Ltd companie de mutare interna\u021bional\u0103\" width=\"1440\" height=\"655\" data-wp-pid=\"8315\" srcset=\"https:\/\/moverdb.com\/wp-content\/uploads\/Freight-and-Transit-Co-Ltd-international-moving-company.png 1440w, https:\/\/moverdb.com\/wp-content\/uploads\/Freight-and-Transit-Co-Ltd-international-moving-company-300x136.png 300w, https:\/\/moverdb.com\/wp-content\/uploads\/Freight-and-Transit-Co-Ltd-international-moving-company-1024x466.png 1024w, https:\/\/moverdb.com\/wp-content\/uploads\/Freight-and-Transit-Co-Ltd-international-moving-company-18x8.png 18w, https:\/\/moverdb.com\/wp-content\/uploads\/Freight-and-Transit-Co-Ltd-international-moving-company-600x273.png 600w\" sizes=\"auto, (max-width: 1440px) 100vw, 1440px\" \/><\/p>\n<ul>\n<li>Mut\u0103ri locale<\/li>\n<li>Mut\u0103ri interna\u021bionale<\/li>\n<li>Mutarea gospod\u0103riilor<\/li>\n<li>Solu\u021bii door-to-door<\/li>\n<li>Ambalare profesional\u0103<\/li>\n<li>Transport maritim \u0219i aerian<\/li>\n<li>V\u0103muire<\/li>\n<li>Transportul animalelor de companie<\/li>\n<li>Asigurare<\/li>\n<li>Depozitare securizat\u0103<\/li>\n<\/ul>\n<p>Freight and Transit Co Ltd este o companie de transport \u0219i expediere de m\u0103rfuri \u00eenfiin\u021bat\u0103 \u00een 1994. Sunt membri ai IAM cu 29 de ani de activitate, ceea ce le ofer\u0103 acces la o re\u021bea interna\u021bional\u0103 de agen\u021bi de mutare.<\/p>\n<p>Freight and Transit Co Ltd ofer\u0103 servicii de mutare din u\u0219\u0103 \u00een u\u0219\u0103 la nivel na\u021bional \u0219i interna\u021bional. Ace\u0219tia ofer\u0103 un serviciu profesionist de ambalare care include \u00eempachetarea \u0219i \u00eempachetarea bunurilor dumneavoastr\u0103, demontarea \u0219i asamblarea mobilei, despachetarea \u0219i \u00eendep\u0103rtarea oric\u0103ror resturi. Ei v\u0103 vor ajuta s\u0103 alege\u021bi cea mai optim\u0103 op\u021biune de mutare, inclusiv transportul aerian \u0219i maritim. V\u0103 vor ajuta cu v\u0103muirea \u0219i documenta\u021bia vamal\u0103, precum \u0219i v\u0103 vor oferi asigurare \u0219i depozitare securizat\u0103, dac\u0103 este necesar.<\/p>\n<p>Site web: <a href=\"http:\/\/www.ftl.mu\" target=\"_blank\" rel=\"noopener\">http:\/\/www.ftl.mu<\/a><\/p>\n<h2><span class=\"ez-toc-section\" id=\"3_Relocation_and_Moving_Solutions_Ltd\"><\/span><strong>3. Solu\u021bii de relocare \u0219i mutare Ltd<\/strong><span class=\"ez-toc-section-end\"><\/span><\/h2>\n<p><img loading=\"lazy\" decoding=\"async\" class=\"alignnone size-full wp-image-8359\" src=\"https:\/\/moverdb.com\/wp-content\/uploads\/Relocation-and-Moving-Solutions-Ltd-international-moving-company.png\" alt=\"Relocare \u0219i solu\u021bii de mutare Ltd companie interna\u021bional\u0103 de mutare\" width=\"1440\" height=\"679\" data-wp-pid=\"8359\" srcset=\"https:\/\/moverdb.com\/wp-content\/uploads\/Relocation-and-Moving-Solutions-Ltd-international-moving-company.png 1440w, https:\/\/moverdb.com\/wp-content\/uploads\/Relocation-and-Moving-Solutions-Ltd-international-moving-company-300x141.png 300w, https:\/\/moverdb.com\/wp-content\/uploads\/Relocation-and-Moving-Solutions-Ltd-international-moving-company-1024x483.png 1024w, https:\/\/moverdb.com\/wp-content\/uploads\/Relocation-and-Moving-Solutions-Ltd-international-moving-company-18x8.png 18w, https:\/\/moverdb.com\/wp-content\/uploads\/Relocation-and-Moving-Solutions-Ltd-international-moving-company-600x283.png 600w\" sizes=\"auto, (max-width: 1440px) 100vw, 1440px\" \/><\/p>\n<ul>\n<li>Mi\u0219c\u0103ri na\u021bionale<\/li>\n<li>Mut\u0103ri interna\u021bionale<\/li>\n<li>Mutarea gospod\u0103riei<\/li>\n<li>Mutarea biroului<\/li>\n<li>Solu\u021bii personalizate<\/li>\n<li>Servicii door-to-door<\/li>\n<li>Serviciul de ambalare<\/li>\n<li>Transport rutier, maritim sau aerian<\/li>\n<li>V\u0103muire<\/li>\n<li>Depozitare pe termen scurt \u0219i lung<\/li>\n<\/ul>\n<p>Relocation and Moving Solutions Ltd este un furnizor de servicii de mutare din u\u0219\u0103 \u00een u\u0219\u0103 care ofer\u0103 servicii de mutare \u00een interiorul, spre \u0219i din Mauritius. Ei lucreaz\u0103 cu parteneri acredita\u021bi pentru a-\u0219i furniza serviciile la nivel interna\u021bional \u0219i sunt membri ai IAM.<\/p>\n<p>Relocation and Moving Solutions Ltd ofer\u0103 servicii de mutare personalizate, care includ un serviciu u\u0219\u0103 la u\u0219\u0103 pentru mut\u0103ri na\u021bionale \u0219i interna\u021bionale. Ace\u0219tia ofer\u0103 un serviciu de ambalare care utilizeaz\u0103 materiale de cea mai bun\u0103 calitate pentru a se asigura c\u0103 obiectele sunt protejate, inclusiv prin utilizarea de l\u0103zi \u0219i chingi. Ace\u0219tia vor aranja transportul lucrurilor dumneavoastr\u0103 pe cale rutier\u0103, aerian\u0103 \u0219i maritim\u0103 \u0219i v\u0103 vor ajuta cu v\u0103muirea.<\/p>\n<p>Site web: <a href=\"http:\/\/mauritius-relocation.com\/\" target=\"_blank\" rel=\"noopener\">http:\/\/mauritius-relocation.com\/<\/a><\/p>\n<h2><span class=\"ez-toc-section\" id=\"4_Somatrans\"><\/span><strong>4. Somatrans<\/strong><span class=\"ez-toc-section-end\"><\/span><\/h2>\n<p><img loading=\"lazy\" decoding=\"async\" class=\"alignnone size-full wp-image-8366\" src=\"https:\/\/moverdb.com\/wp-content\/uploads\/Somatrans-international-moving-company.png\" alt=\"Somatrans companie de mut\u0103ri interna\u021bionale\" width=\"1440\" height=\"632\" data-wp-pid=\"8366\" srcset=\"https:\/\/moverdb.com\/wp-content\/uploads\/Somatrans-international-moving-company.png 1440w, https:\/\/moverdb.com\/wp-content\/uploads\/Somatrans-international-moving-company-300x132.png 300w, https:\/\/moverdb.com\/wp-content\/uploads\/Somatrans-international-moving-company-1024x449.png 1024w, https:\/\/moverdb.com\/wp-content\/uploads\/Somatrans-international-moving-company-18x8.png 18w, https:\/\/moverdb.com\/wp-content\/uploads\/Somatrans-international-moving-company-600x263.png 600w\" sizes=\"auto, (max-width: 1440px) 100vw, 1440px\" \/><\/p>\n<ul>\n<li>Mi\u0219c\u0103ri na\u021bionale<\/li>\n<li>Mut\u0103ri interna\u021bionale<\/li>\n<li>Mutarea gospod\u0103riilor<\/li>\n<li>Serviciu din u\u0219\u0103 \u00een u\u0219\u0103<\/li>\n<li>Serviciul de ambalare<\/li>\n<li>Transport maritim \u0219i aerian<\/li>\n<li>Alegerea de <a href=\"https:\/\/moverdb.com\/ro\/shipping-container-sizes-and-dimensions\/\" data-internallinksmanager029f6b8e52c=\"247\" title=\"Ghidul suprem pentru dimensiunile \u0219i dimensiunile containerelor de transport maritim\">Dimensiunile recipientelor<\/a><\/li>\n<li>Brokeraj vamal<\/li>\n<li>Asigurare<\/li>\n<li>Facilit\u0103\u021bi de depozitare<\/li>\n<\/ul>\n<p>Somatrans este o organiza\u021bie interna\u021bional\u0103 <a href=\"https:\/\/moverdb.com\/ro\/freight-forwarder\/\" data-internallinksmanager029f6b8e52c=\"17\" title=\"Freight Forwarder &amp; NVOCC Ghidul interna\u021bional de costuri \u0219i companii\">expeditor de m\u0103rfuri<\/a> cu sediul \u00een Ruche Terre \u0219i cu birouri la Aeroportul Interna\u021bional SSR. Ei au afilieri cu firme de mutare interna\u021bionale de renume \u0219i calificate pentru a-i ajuta s\u0103 ofere servicii \u00een \u00eentreaga lume. De asemenea, sunt membri ai IAM cu 50 de ani de serviciu.<\/p>\n<p>Somatrans ofer\u0103 servicii de mutare din u\u0219\u0103 \u00een u\u0219\u0103, cu transportatori profesioni\u0219ti care au experien\u021b\u0103 \u00een mut\u0103ri interna\u021bionale. Ei v\u0103 ofer\u0103 op\u021biunea de a v\u0103 \u00eempacheta propriile bunuri sau de a-i l\u0103sa pe ei s\u0103 \u00eempacheteze pentru dvs. \u0219i ofer\u0103 op\u021biuni de pale\u021bi \u0219i l\u0103zi. Ace\u0219tia ofer\u0103 transport aerian \u0219i maritim, care include \u00eenc\u0103rc\u0103turi complete de containere \u0219i \u00eenc\u0103rc\u0103turi mai mici de containere, precum \u0219i op\u021biuni de consolidare.<\/p>\n<p>Site web: <a href=\"http:\/\/www.somatrans.mu\" target=\"_blank\" rel=\"noopener\">http:\/\/www.somatrans.mu<\/a><\/p>\n<h2><span class=\"ez-toc-section\" id=\"5_Velogic\"><\/span><strong>5. Velogic<\/strong><span class=\"ez-toc-section-end\"><\/span><\/h2>\n<p><img loading=\"lazy\" decoding=\"async\" class=\"alignnone size-full wp-image-8380\" src=\"https:\/\/moverdb.com\/wp-content\/uploads\/Velogic-international-moving-company.png\" alt=\"Velogic companie de mut\u0103ri interna\u021bionale\" width=\"1440\" height=\"678\" data-wp-pid=\"8380\" srcset=\"https:\/\/moverdb.com\/wp-content\/uploads\/Velogic-international-moving-company.png 1440w, https:\/\/moverdb.com\/wp-content\/uploads\/Velogic-international-moving-company-300x141.png 300w, https:\/\/moverdb.com\/wp-content\/uploads\/Velogic-international-moving-company-1024x482.png 1024w, https:\/\/moverdb.com\/wp-content\/uploads\/Velogic-international-moving-company-18x8.png 18w, https:\/\/moverdb.com\/wp-content\/uploads\/Velogic-international-moving-company-600x283.png 600w\" sizes=\"auto, (max-width: 1440px) 100vw, 1440px\" \/><\/p>\n<ul>\n<li>Mi\u0219c\u0103ri na\u021bionale<\/li>\n<li>Mut\u0103ri interna\u021bionale<\/li>\n<li>Mutarea gospod\u0103riei<\/li>\n<li>Servicii corporative<\/li>\n<li>Solu\u021bii personalizate<\/li>\n<li>Transport terestru, maritim \u0219i aerian<\/li>\n<li>Gama de op\u021biuni de \u00eenc\u0103rcare<\/li>\n<li>V\u0103muire<\/li>\n<li>Platforma de urm\u0103rire<\/li>\n<li>Facilit\u0103\u021bi de depozitare<\/li>\n<\/ul>\n<p>Velogic este o companie de logistic\u0103 care are opera\u021biuni \u00een 38 de loca\u021bii din \u00eentreaga lume, inclusiv \u00een Mauritius, <a href=\"https:\/\/moverdb.com\/ro\/moving-to-france\/\" data-internallinksmanager029f6b8e52c=\"315\" title=\"V\u0103 muta\u021bi \u00een Fran\u021ba? 2026 Costurile vie\u021bii \u0219i sfaturi de relocare\">Fran\u021ba<\/a>, <a href=\"https:\/\/moverdb.com\/ro\/moving-to-india\/\" data-internallinksmanager029f6b8e52c=\"356\" title=\"V\u0103 muta\u021bi \u00een India? 2026 Costurile de trai \u0219i sfaturi de relocare\">India<\/a>, Madagascar, <a href=\"https:\/\/moverdb.com\/ro\/moving-companies\/moving-companies-kenya\/\" data-internallinksmanager029f6b8e52c=\"305\" title=\"4 Cele mai bune companii interna\u021bionale de mutare din Kenya\">Kenya<\/a> \u0219i Insula Reunion. Lucreaz\u0103 cu o re\u021bea de agen\u021bi de mut\u0103ri interna\u021bionale pentru a-\u0219i extinde resursele \u0219i capacit\u0103\u021bile de a oferi servicii la nivel interna\u021bional. Sunt membri ai IAM cu 30 de ani de activitate.<\/p>\n<p>Velogic ofer\u0103 solu\u021bii personalizate pentru importuri \u0219i exporturi, care includ servicii de mutare. Ace\u0219tia ofer\u0103 o gam\u0103 de op\u021biuni de transport care include transportul aerian, maritim \u0219i rutier, cu v\u0103muire complet\u0103. Transportul lor maritim include \u00eenc\u0103rc\u0103turi mai mici de un container \u0219i \u00eenc\u0103rc\u0103turi complete de containere.<\/p>\n<p>Site web: <a href=\"http:\/\/www.velogic.net\" target=\"_blank\" rel=\"noopener\">http:\/\/www.velogic.net<\/a><\/p>\n<h2><span class=\"ez-toc-section\" id=\"6_Worldwide_Relocation_Services\"><\/span><strong>6. Servicii de relocare la nivel mondial<\/strong><span class=\"ez-toc-section-end\"><\/span><\/h2>\n<p>&nbsp;<img loading=\"lazy\" decoding=\"async\" class=\"alignnone size-full wp-image-8430\" src=\"https:\/\/moverdb.com\/wp-content\/uploads\/Worldwide-Relocation-Services-international-moving-company.png\" alt=\"Worldwide Relocation Services companie de mutare interna\u021bional\u0103\" width=\"1440\" height=\"683\" data-wp-pid=\"8430\" srcset=\"https:\/\/moverdb.com\/wp-content\/uploads\/Worldwide-Relocation-Services-international-moving-company.png 1440w, https:\/\/moverdb.com\/wp-content\/uploads\/Worldwide-Relocation-Services-international-moving-company-300x142.png 300w, https:\/\/moverdb.com\/wp-content\/uploads\/Worldwide-Relocation-Services-international-moving-company-1024x486.png 1024w, https:\/\/moverdb.com\/wp-content\/uploads\/Worldwide-Relocation-Services-international-moving-company-18x9.png 18w, https:\/\/moverdb.com\/wp-content\/uploads\/Worldwide-Relocation-Services-international-moving-company-600x285.png 600w\" sizes=\"auto, (max-width: 1440px) 100vw, 1440px\" \/><\/p>\n<ul>\n<li>Mi\u0219c\u0103ri na\u021bionale<\/li>\n<li>Mut\u0103ri interna\u021bionale<\/li>\n<li>Mut\u0103ri \u0219i reloc\u0103ri de gospod\u0103rii<\/li>\n<li>Mutarea birourilor<\/li>\n<li>Manager de mi\u0219care personal\u0103<\/li>\n<li>Serviciu din u\u0219\u0103 \u00een u\u0219\u0103<\/li>\n<li>Serviciul de ambalare<\/li>\n<li>Transport cu consultan\u021b\u0103 vamal\u0103<\/li>\n<li>Serviciul de c\u0103l\u0103torie pentru animale de companie<\/li>\n<li>Facilit\u0103\u021bi de depozitare<\/li>\n<\/ul>\n<p>Worldwide Relocation Services este o companie de mut\u0103ri \u0219i reloc\u0103ri care ofer\u0103 acoperire global\u0103 pentru mut\u0103ri de gospod\u0103rii. Lucreaz\u0103 cu o serie de agen\u021bi de mutare din \u00eentreaga lume pentru a oferi reloc\u0103ri interna\u021bionale \u0219i sunt, de asemenea, membri ai IAM.<\/p>\n<p>Worldwide Relocation Services ofer\u0103 o abordare agil\u0103 a transportului \u0219i desemneaz\u0103 un manager personal de mutare \u0219i un consultant cu experien\u021b\u0103 \u00een mut\u0103ri interna\u021bionale pentru a v\u0103 asista. Ace\u0219tia ofer\u0103 un serviciu de la u\u0219\u0103 la u\u0219\u0103, inclusiv servicii profesionale de ambalare, ambalare de mobil\u0103 \u0219i antichit\u0103\u021bi, mutare de obiecte de art\u0103 \u0219i servicii de c\u0103l\u0103torie pentru animale de companie. Ace\u0219tia vor aranja transportul obiectelor dumneavoastr\u0103, care include consultan\u021b\u0103 vamal\u0103 \u0219i asigurare.<\/p>\n<p>Site web: <a href=\"http:\/\/www.relocation.mu\" target=\"_blank\" rel=\"noopener\">http:\/\/www.relocation.mu<\/a><\/p>","protected":false},"excerpt":{"rendered":"<p>Moving home or business within, to or from Mauritius can be a stressful time as there is so much to organise and paperwork to complete if you are moving abroad. This is why many people engage the services of a moving company to make their life easier. Below we have compiled a list of Mauritius [&hellip;]<\/p>\n","protected":false},"author":4,"featured_media":0,"parent":190,"menu_order":0,"comment_status":"closed","ping_status":"closed","template":"","meta":{"_genesis_hide_title":false,"_genesis_hide_breadcrumbs":false,"_genesis_hide_singular_image":false,"_genesis_hide_footer_widgets":false,"_genesis_custom_body_class":"","_genesis_custom_post_class":"","_genesis_layout":"","footnotes":""},"class_list":{"0":"post-8429","1":"page","2":"type-page","3":"status-publish","5":"entry","6":"has-post-thumbnail"},"_links":{"self":[{"href":"https:\/\/moverdb.com\/ro\/wp-json\/wp\/v2\/pages\/8429","targetHints":{"allow":["GET"]}}],"collection":[{"href":"https:\/\/moverdb.com\/ro\/wp-json\/wp\/v2\/pages"}],"about":[{"href":"https:\/\/moverdb.com\/ro\/wp-json\/wp\/v2\/types\/page"}],"author":[{"embeddable":true,"href":"https:\/\/moverdb.com\/ro\/wp-json\/wp\/v2\/users\/4"}],"replies":[{"embeddable":true,"href":"https:\/\/moverdb.com\/ro\/wp-json\/wp\/v2\/comments?post=8429"}],"version-history":[{"count":1,"href":"https:\/\/moverdb.com\/ro\/wp-json\/wp\/v2\/pages\/8429\/revisions"}],"predecessor-version":[{"id":8431,"href":"https:\/\/moverdb.com\/ro\/wp-json\/wp\/v2\/pages\/8429\/revisions\/8431"}],"up":[{"embeddable":true,"href":"https:\/\/moverdb.com\/ro\/wp-json\/wp\/v2\/pages\/190"}],"wp:attachment":[{"href":"https:\/\/moverdb.com\/ro\/wp-json\/wp\/v2\/media?parent=8429"}],"curies":[{"name":"wp","href":"https:\/\/api.w.org\/{rel}","templated":true}]}}