{"id":8424,"date":"2023-04-27T14:46:03","date_gmt":"2023-04-27T14:46:03","guid":{"rendered":"https:\/\/moverdb.com\/?page_id=8424"},"modified":"2026-01-08T15:24:47","modified_gmt":"2026-01-08T15:24:47","slug":"moving-companies-malta","status":"publish","type":"page","link":"https:\/\/moverdb.com\/ro\/moving-companies\/moving-companies-malta\/","title":{"rendered":"4 Cele mai bune companii de mutare interna\u021bional\u0103 \u00een Malta"},"content":{"rendered":"<p>Atunci c\u00e2nd planifica\u021bi o mutare, nu v\u0103 umple\u021bi de groaz\u0103 g\u00e2ndindu-v\u0103 la num\u0103rul de sarcini pe care va trebui s\u0103 le face\u021bi \u0219i la ambalare? Pute\u021bi s\u0103 v\u0103 u\u0219ura\u021bi via\u021ba angaj\u00e2nd un <a href=\"https:\/\/moverdb.com\/ro\/moving-companies\/\" data-internallinksmanager029f6b8e52c=\"79\" title=\"Top 25 Companii interna\u021bionale de mutare online\">companie \u00een mi\u0219care<\/a> s\u0103 v\u0103 organizeze transportul, s\u0103 v\u0103 \u00eentocmeasc\u0103 actele \u0219i s\u0103 v\u0103 \u00eempacheteze bunurile. Mai jos am \u00eentocmit o list\u0103 de servicii pentru maltezi <a href=\"https:\/\/moverdb.com\/ro\/international-removals\/\" data-internallinksmanager029f6b8e52c=\"27\" title=\"36 Cele mai bune companii de mut\u0103ri interna\u021bionale din Marea Britanie\">companii de mutare<\/a> care sunt membri ai grupului <a href=\"https:\/\/moverdb.com\/ro\/iam\/\" data-internallinksmanager029f6b8e52c=\"23\" title=\"Explica\u021bii despre Asocia\u021bia Interna\u021bional\u0103 a Transportatorilor (IAM)\">Asocia\u021bia Interna\u021bional\u0103 a Transportatorilor<\/a> (IAM) \u0219i\/sau <a href=\"https:\/\/moverdb.com\/ro\/fidi-faim\/\" data-internallinksmanager029f6b8e52c=\"16\" title=\"FIDI &amp; FAIM (FIDI Accredited International Mover) Explicat\">FIDI<\/a> Accredited International Mover (FAIM), care v\u0103 poate ajuta cu mutarea dumneavoastr\u0103.<\/p>\n<div id=\"ez-toc-container\" class=\"ez-toc-v2_0_83 ez-toc-wrap-left counter-hierarchy ez-toc-counter ez-toc-transparent ez-toc-container-direction\">\n<div class=\"ez-toc-title-container\">\n<p class=\"ez-toc-title\" style=\"cursor:inherit\">Sec\u021biuni<\/p>\n<span class=\"ez-toc-title-toggle\"><a href=\"#\" class=\"ez-toc-pull-right ez-toc-btn ez-toc-btn-xs ez-toc-btn-default ez-toc-toggle\" aria-label=\"Comuta\u021bi tabelul de con\u021binut\"><span class=\"ez-toc-js-icon-con\"><span class=\"\"><span class=\"eztoc-hide\" style=\"display:none;\">Toggle<\/span><span class=\"ez-toc-icon-toggle-span\"><svg style=\"fill: #999;color:#999\" xmlns=\"http:\/\/www.w3.org\/2000\/svg\" class=\"list-377408\" width=\"20px\" height=\"20px\" viewbox=\"0 0 24 24\" fill=\"none\"><path d=\"M6 6H4v2h2V6zm14 0H8v2h12V6zM4 11h2v2H4v-2zm16 0H8v2h12v-2zM4 16h2v2H4v-2zm16 0H8v2h12v-2z\" fill=\"currentColor\"><\/path><\/svg><svg style=\"fill: #999;color:#999\" class=\"arrow-unsorted-368013\" xmlns=\"http:\/\/www.w3.org\/2000\/svg\" width=\"10px\" height=\"10px\" viewbox=\"0 0 24 24\" version=\"1.2\" baseprofile=\"tiny\"><path d=\"M18.2 9.3l-6.2-6.3-6.2 6.3c-.2.2-.3.4-.3.7s.1.5.3.7c.2.2.4.3.7.3h11c.3 0 .5-.1.7-.3.2-.2.3-.5.3-.7s-.1-.5-.3-.7zM5.8 14.7l6.2 6.3 6.2-6.3c.2-.2.3-.5.3-.7s-.1-.5-.3-.7c-.2-.2-.4-.3-.7-.3h-11c-.3 0-.5.1-.7.3-.2.2-.3.5-.3.7s.1.5.3.7z\"\/><\/svg><\/span><\/span><\/span><\/a><\/span><\/div>\n<nav><ul class='ez-toc-list ez-toc-list-level-1 eztoc-toggle-hide-by-default' ><li class='ez-toc-page-1 ez-toc-heading-level-2'><a class=\"ez-toc-link ez-toc-heading-1\" href=\"https:\/\/moverdb.com\/ro\/moving-companies\/moving-companies-malta\/#1_Cube_Relocations\" >1. Reloc\u0103ri de cuburi<\/a><\/li><li class='ez-toc-page-1 ez-toc-heading-level-2'><a class=\"ez-toc-link ez-toc-heading-2\" href=\"https:\/\/moverdb.com\/ro\/moving-companies\/moving-companies-malta\/#2_DOM_Transport\" >2. Transport DOM<\/a><\/li><li class='ez-toc-page-1 ez-toc-heading-level-2'><a class=\"ez-toc-link ez-toc-heading-3\" href=\"https:\/\/moverdb.com\/ro\/moving-companies\/moving-companies-malta\/#3_Express_Trailers\" >3. Remorci expres<\/a><\/li><li class='ez-toc-page-1 ez-toc-heading-level-2'><a class=\"ez-toc-link ez-toc-heading-4\" href=\"https:\/\/moverdb.com\/ro\/moving-companies\/moving-companies-malta\/#4_Transpak\" >4. Transpak<\/a><\/li><li class='ez-toc-page-1 ez-toc-heading-level-2'><a class=\"ez-toc-link ez-toc-heading-5\" href=\"https:\/\/moverdb.com\/ro\/moving-companies\/moving-companies-malta\/#Other_Useful_Guides_to_Malta\" >Alte ghiduri utile pentru Malta<\/a><\/li><\/ul><\/nav><\/div>\n<h2><span class=\"ez-toc-section\" id=\"1_Cube_Relocations\"><\/span><strong>1. Reloc\u0103ri de cuburi<\/strong><span class=\"ez-toc-section-end\"><\/span><\/h2>\n<p><img loading=\"lazy\" decoding=\"async\" class=\"alignnone size-full wp-image-8301\" src=\"https:\/\/moverdb.com\/wp-content\/uploads\/Cube-Relocations-international-moving-company.png\" alt=\"Cube Relocations companie de mutare interna\u021bional\u0103\" width=\"1440\" height=\"680\" data-wp-pid=\"8301\" srcset=\"https:\/\/moverdb.com\/wp-content\/uploads\/Cube-Relocations-international-moving-company.png 1440w, https:\/\/moverdb.com\/wp-content\/uploads\/Cube-Relocations-international-moving-company-300x142.png 300w, https:\/\/moverdb.com\/wp-content\/uploads\/Cube-Relocations-international-moving-company-1024x484.png 1024w, https:\/\/moverdb.com\/wp-content\/uploads\/Cube-Relocations-international-moving-company-18x9.png 18w, https:\/\/moverdb.com\/wp-content\/uploads\/Cube-Relocations-international-moving-company-600x283.png 600w\" sizes=\"auto, (max-width: 1440px) 100vw, 1440px\" \/><\/p>\n<ul>\n<li>Mi\u0219c\u0103ri na\u021bionale<\/li>\n<li>Mut\u0103ri interna\u021bionale<\/li>\n<li>Mut\u0103ri reziden\u021biale<\/li>\n<li>Mi\u0219c\u0103ri corporative<\/li>\n<li>Servicii personalizate din u\u0219\u0103 \u00een u\u0219\u0103<\/li>\n<li>Serviciul de ambalare<\/li>\n<li>Transportul rutier, aerian \u0219i maritim<\/li>\n<li>Transportul vehiculelor<\/li>\n<li>Asigurare<\/li>\n<li>Depozitare<\/li>\n<\/ul>\n<p>Cube Relocations este o companie de mut\u0103ri interna\u021bionale fondat\u0103 \u00een 2007 \u0219i are sediul \u00een Ghaxaq. Ofer\u0103 mut\u0103ri na\u021bionale \u0219i interna\u021bionale pentru clien\u021bi reziden\u021biali \u0219i corporativi, care sunt sus\u021binute prin intermediul asocia\u021biilor lor interna\u021bionale. Ei sunt membri ai IAM cu 15 ani de serviciu.<\/p>\n<p>Cube Relocations ofer\u0103 un serviciu de mutare personalizat pentru a se potrivi nevoilor dumneavoastr\u0103 \u0219i poate oferi servicii din u\u0219\u0103 \u00een u\u0219\u0103. Ace\u0219tia ofer\u0103 un serviciu de ambalare cu o echip\u0103 complet preg\u0103tit\u0103 care folose\u0219te materiale \u0219i cutii de cea mai bun\u0103 calitate. Ace\u0219tia vor aranja transportul maritim, rutier sau aerian, cu v\u0103muire complet\u0103. La sosire, v\u0103 vor despacheta, v\u0103 vor aranja mobila \u0219i vor \u00eendep\u0103rta orice resturi.<\/p>\n<p>Site web: <a href=\"http:\/\/www.cuberelocations.com\" target=\"_blank\" rel=\"noopener\">http:\/\/www.cuberelocations.com<\/a><\/p>\n<h2><span class=\"ez-toc-section\" id=\"2_DOM_Transport\"><\/span><strong>2. Transport DOM<\/strong><span class=\"ez-toc-section-end\"><\/span><\/h2>\n<p><img loading=\"lazy\" decoding=\"async\" class=\"alignnone size-full wp-image-8305\" src=\"https:\/\/moverdb.com\/wp-content\/uploads\/DOM-Transport-international-moving-company.png\" alt=\"DOM Transport companie de mut\u0103ri interna\u021bionale\" width=\"1440\" height=\"680\" data-wp-pid=\"8305\" srcset=\"https:\/\/moverdb.com\/wp-content\/uploads\/DOM-Transport-international-moving-company.png 1440w, https:\/\/moverdb.com\/wp-content\/uploads\/DOM-Transport-international-moving-company-300x142.png 300w, https:\/\/moverdb.com\/wp-content\/uploads\/DOM-Transport-international-moving-company-1024x484.png 1024w, https:\/\/moverdb.com\/wp-content\/uploads\/DOM-Transport-international-moving-company-18x9.png 18w, https:\/\/moverdb.com\/wp-content\/uploads\/DOM-Transport-international-moving-company-600x283.png 600w\" sizes=\"auto, (max-width: 1440px) 100vw, 1440px\" \/><\/p>\n<ul>\n<li>Mut\u0103ri locale \u0219i na\u021bionale<\/li>\n<li>Mut\u0103ri interna\u021bionale<\/li>\n<li>Mutarea gospod\u0103riei<\/li>\n<li>Mutarea birourilor \u0219i a corpora\u021biilor<\/li>\n<li>Serviciu din u\u0219\u0103 \u00een u\u0219\u0103<\/li>\n<li>Serviciul de ambalare<\/li>\n<li>Transport rutier, maritim \u0219i aerian<\/li>\n<li>Asisten\u021b\u0103 vamal\u0103<\/li>\n<li>Asigurare<\/li>\n<li>Facilit\u0103\u021bi de depozitare<\/li>\n<\/ul>\n<p>DOM Transport este o companie de mut\u0103ri fondat\u0103 la \u00eenceputul anilor 1930, cu sediul \u00een Qormi \u0219i ofer\u0103 servicii de mutare na\u021bional\u0103 \u0219i interna\u021bional\u0103. Ei au o re\u021bea de \u00eencredere de parteneri de peste m\u0103ri \u0219i \u021b\u0103ri din \u00eentreaga lume pentru a-i ajuta cu mut\u0103rile interna\u021bionale. Ei sunt membri ai IAM cu 91 de ani de serviciu.<\/p>\n<p>DOM Transport ofer\u0103 o vizit\u0103 a unui inspector pentru a v\u0103 evalua nevoile de mutare \u0219i pentru a v\u0103 oferi o ofert\u0103. Ace\u0219tia ofer\u0103 un serviciu de la u\u0219\u0103 la u\u0219\u0103 care include asigurarea \u0219i toate serviciile. Ofer\u0103 un serviciu de ambalare cu o echip\u0103 experimentat\u0103 care v\u0103 va \u00eempacheta bunurile \u00een siguran\u021b\u0103 \u0219i va \u00eentocmi o list\u0103 de ambalare. Folosesc agen\u021bi de transport de \u00eencredere care ofer\u0103 \u00eenc\u0103rc\u0103turi complete sau par\u021biale \u0219i op\u021biuni de grupaj.<\/p>\n<p>Site web: <a href=\"http:\/\/www.domtransportmalta.com\" target=\"_blank\" rel=\"noopener\">http:\/\/www.domtransportmalta.com<\/a><\/p>\n<h2><span class=\"ez-toc-section\" id=\"3_Express_Trailers\"><\/span><strong>3. Remorci expres<\/strong><span class=\"ez-toc-section-end\"><\/span><\/h2>\n<p><img loading=\"lazy\" decoding=\"async\" class=\"alignnone size-full wp-image-8312\" src=\"https:\/\/moverdb.com\/wp-content\/uploads\/Express-Trailers-international-moving-company.png\" alt=\"Express Trailers companie de mutare interna\u021bional\u0103\" width=\"1440\" height=\"680\" data-wp-pid=\"8312\" srcset=\"https:\/\/moverdb.com\/wp-content\/uploads\/Express-Trailers-international-moving-company.png 1440w, https:\/\/moverdb.com\/wp-content\/uploads\/Express-Trailers-international-moving-company-300x142.png 300w, https:\/\/moverdb.com\/wp-content\/uploads\/Express-Trailers-international-moving-company-1024x484.png 1024w, https:\/\/moverdb.com\/wp-content\/uploads\/Express-Trailers-international-moving-company-18x9.png 18w, https:\/\/moverdb.com\/wp-content\/uploads\/Express-Trailers-international-moving-company-600x283.png 600w\" sizes=\"auto, (max-width: 1440px) 100vw, 1440px\" \/><\/p>\n<ul>\n<li>Transport na\u021bional<\/li>\n<li>Transport interna\u021bional<\/li>\n<li>Servicii pentru \u00eentreprinderi<\/li>\n<li>Expedierea obiectelor personale<\/li>\n<li>O flot\u0103 de camioane cu urm\u0103rire a vehiculelor<\/li>\n<li>Serviciu din u\u0219\u0103 \u00een u\u0219\u0103<\/li>\n<li>Transport rutier, maritim \u0219i aerian<\/li>\n<li>V\u0103muire<\/li>\n<li>Transport auto<\/li>\n<li>Depozitare securizat\u0103<\/li>\n<\/ul>\n<p>Express Trailers este o companie de transport \u0219i logistic\u0103 cu sediul \u00een Luqa. Aceasta ofer\u0103 servicii de distribu\u021bie \u0219i transport \u00een <a href=\"https:\/\/moverdb.com\/ro\/moving-to-malta\/\" data-internallinksmanager029f6b8e52c=\"433\" title=\"V\u0103 muta\u021bi \u00een Malta? 2026 Costurile de trai \u0219i sfaturi de relocare\">Malta<\/a> \u0219i servicii de transport maritim la nivel interna\u021bional. Ace\u0219tia au \u00eencheiat alian\u021be interna\u021bionale cu re\u021bele de distribu\u021bie str\u0103ine pentru a-\u0219i livra serviciile \u00een \u00eentreaga lume. Sunt membri ai IAM cu 45 de ani de activitate.<\/p>\n<p>Express Trailers ofer\u0103 un serviciu door-to-door de transport de m\u0103rfuri \u00een interiorul, spre \u0219i dinspre Malta, care include v\u0103muirea \u0219i declara\u021biile NSO pentru importuri \u0219i exporturi. Ace\u0219tia ofer\u0103 \u00eenc\u0103rc\u0103turi complete \u0219i par\u021biale, precum \u0219i servicii de grupaj pentru transportul rutier de marf\u0103. Op\u021biunile de transport maritim includ op\u021biuni de \u00eenc\u0103rcare a unui num\u0103r mai mic de containere \u0219i de \u00eenc\u0103rcare a unui container complet. Ofer\u0103 transporturi directe pentru transportul aerian.<\/p>\n<p>Site web: <a href=\"http:\/\/www.expressgroup.com\" target=\"_blank\" rel=\"noopener\">http:\/\/www.expressgroup.com<\/a><\/p>\n<h2><span class=\"ez-toc-section\" id=\"4_Transpak\"><\/span><strong>4. Transpak<\/strong><span class=\"ez-toc-section-end\"><\/span><\/h2>\n<p><img loading=\"lazy\" decoding=\"async\" class=\"alignnone size-full wp-image-8377\" src=\"https:\/\/moverdb.com\/wp-content\/uploads\/Transpak-international-moving-company.png\" alt=\"Transpak companie de mutare interna\u021bional\u0103 Transpak\" width=\"1440\" height=\"673\" data-wp-pid=\"8377\" srcset=\"https:\/\/moverdb.com\/wp-content\/uploads\/Transpak-international-moving-company.png 1440w, https:\/\/moverdb.com\/wp-content\/uploads\/Transpak-international-moving-company-300x140.png 300w, https:\/\/moverdb.com\/wp-content\/uploads\/Transpak-international-moving-company-1024x479.png 1024w, https:\/\/moverdb.com\/wp-content\/uploads\/Transpak-international-moving-company-18x8.png 18w, https:\/\/moverdb.com\/wp-content\/uploads\/Transpak-international-moving-company-600x280.png 600w\" sizes=\"auto, (max-width: 1440px) 100vw, 1440px\" \/><\/p>\n<ul>\n<li>Mi\u0219c\u0103ri na\u021bionale<\/li>\n<li>Mut\u0103ri interna\u021bionale<\/li>\n<li>Mutarea gospod\u0103riei<\/li>\n<li>Mi\u0219c\u0103ri de afaceri<\/li>\n<li>Servicii de ambalare<\/li>\n<li>Ambalaje de \u00eenalt\u0103 calitate<\/li>\n<li>Organizarea transportului<\/li>\n<li>Manipularea operelor de art\u0103<\/li>\n<li>Transportul vehiculelor<\/li>\n<li>Asigurare<\/li>\n<\/ul>\n<p>Transpak este o companie de mut\u0103ri fondat\u0103 \u00een 1976, care ofer\u0103 solu\u021bii de ambalare \u0219i transport interna\u021bional. Au o re\u021bea de agen\u021bi \u00een \u00eentreaga lume care \u00eei ajut\u0103 s\u0103 \u00ee\u0219i deserveasc\u0103 clien\u021bii care se mut\u0103 \u00een sau din Malta. Ei sunt membri ai IAM cu 47 de ani de serviciu.<\/p>\n<p>Transpak ofer\u0103 produse \u0219i tehnologii avansate pentru a permite transportul \u00een siguran\u021b\u0103 al obiectelor dumneavoastr\u0103. Ace\u0219tia pot produce materiale de ambalare de \u00eenalt\u0103 calitate, care includ cutii de ambalaj \u0219i l\u0103zi din lemn, precum \u0219i materiale de protec\u021bie. Ei pot muta diferite tipuri de bunuri, inclusiv obiecte de uz casnic, antichit\u0103\u021bi, opere de art\u0103 \u0219i vehicule.<\/p>\n<p>Site web: <a href=\"http:\/\/www.transpakmalta.com\" target=\"_blank\" rel=\"noopener\">http:\/\/www.transpakmalta.com<\/a><\/p>\n<h2><span class=\"ez-toc-section\" id=\"Other_Useful_Guides_to_Malta\"><\/span>Alte ghiduri utile pentru Malta <span class=\"ez-toc-section-end\"><\/span><\/h2>\n<ul>\n<li> <a href=\"https:\/\/moverdb.com\/ro\/transport-maritim-de-containere\/malta\/\">2024 Tarife de transport maritim de containere c\u0103tre \u0219i din Malta<\/a><\/li>\n<li> <a href=\"https:\/\/moverdb.com\/ro\/moving-to-malta\/\">V\u0103 muta\u021bi \u00een Malta? 2026 Costurile de trai \u0219i sfaturi de relocare<\/a><\/li>\n<li> <a href=\"https:\/\/moverdb.com\/ro\/moving-to-malta\/living-in-malta\/\">21 de secrete despre via\u021ba \u00een Malta pe care trebuie s\u0103 le \u0219ti\u021bi \u00eenainte de a v\u0103 muta<\/a><\/li>\n<\/ul>","protected":false},"excerpt":{"rendered":"<p>When you are planning a move does it fill you with dread thinking about the number of tasks you will need to do and the packing? You can make your life easier by employing a moving company to organise your transport, paperwork and pack your belongings. Below we have compiled a list of Maltese removal [&hellip;]<\/p>\n","protected":false},"author":4,"featured_media":0,"parent":190,"menu_order":0,"comment_status":"closed","ping_status":"closed","template":"","meta":{"_genesis_hide_title":false,"_genesis_hide_breadcrumbs":false,"_genesis_hide_singular_image":false,"_genesis_hide_footer_widgets":false,"_genesis_custom_body_class":"","_genesis_custom_post_class":"","_genesis_layout":"","footnotes":""},"class_list":{"0":"post-8424","1":"page","2":"type-page","3":"status-publish","5":"entry","6":"has-post-thumbnail"},"_links":{"self":[{"href":"https:\/\/moverdb.com\/ro\/wp-json\/wp\/v2\/pages\/8424","targetHints":{"allow":["GET"]}}],"collection":[{"href":"https:\/\/moverdb.com\/ro\/wp-json\/wp\/v2\/pages"}],"about":[{"href":"https:\/\/moverdb.com\/ro\/wp-json\/wp\/v2\/types\/page"}],"author":[{"embeddable":true,"href":"https:\/\/moverdb.com\/ro\/wp-json\/wp\/v2\/users\/4"}],"replies":[{"embeddable":true,"href":"https:\/\/moverdb.com\/ro\/wp-json\/wp\/v2\/comments?post=8424"}],"version-history":[{"count":3,"href":"https:\/\/moverdb.com\/ro\/wp-json\/wp\/v2\/pages\/8424\/revisions"}],"predecessor-version":[{"id":18368,"href":"https:\/\/moverdb.com\/ro\/wp-json\/wp\/v2\/pages\/8424\/revisions\/18368"}],"up":[{"embeddable":true,"href":"https:\/\/moverdb.com\/ro\/wp-json\/wp\/v2\/pages\/190"}],"wp:attachment":[{"href":"https:\/\/moverdb.com\/ro\/wp-json\/wp\/v2\/media?parent=8424"}],"curies":[{"name":"wp","href":"https:\/\/api.w.org\/{rel}","templated":true}]}}