{"id":8414,"date":"2023-04-27T14:48:39","date_gmt":"2023-04-27T14:48:39","guid":{"rendered":"https:\/\/moverdb.com\/?page_id=8414"},"modified":"2026-01-08T15:30:05","modified_gmt":"2026-01-08T15:30:05","slug":"moving-companies-madagascar","status":"publish","type":"page","link":"https:\/\/moverdb.com\/ro\/moving-companies\/moving-companies-madagascar\/","title":{"rendered":"Cele mai bune companii de mutare interna\u021bional\u0103 \u00een Madagascar"},"content":{"rendered":"<p>Inten\u021biona\u021bi s\u0103 v\u0103 muta\u021bi locuin\u021ba sau afacerea \u00een, spre sau din Madagascar? Atunci ar fi bine s\u0103 apela\u021bi la un <a href=\"https:\/\/moverdb.com\/ro\/moving-companies\/\" data-internallinksmanager029f6b8e52c=\"79\" title=\"Top 25 Companii interna\u021bionale de mutare online\">companie \u00een mi\u0219care<\/a> pentru a u\u0219ura sarcina \u0219i stresul. Mai jos am \u00eentocmit o list\u0103 cu hoteluri din Madagascar. <a href=\"https:\/\/moverdb.com\/ro\/international-removals\/\" data-internallinksmanager029f6b8e52c=\"27\" title=\"36 Cele mai bune companii de mut\u0103ri interna\u021bionale din Marea Britanie\">companii de mutare<\/a> care sunt membri ai grupului <a href=\"https:\/\/moverdb.com\/ro\/iam\/\" data-internallinksmanager029f6b8e52c=\"23\" title=\"Explica\u021bii despre Asocia\u021bia Interna\u021bional\u0103 a Transportatorilor (IAM)\">Asocia\u021bia Interna\u021bional\u0103 a Transportatorilor<\/a> (IAM) \u0219i\/sau <a href=\"https:\/\/moverdb.com\/ro\/fidi-faim\/\" data-internallinksmanager029f6b8e52c=\"16\" title=\"FIDI &amp; FAIM (FIDI Accredited International Mover) Explicat\">FIDI<\/a> Accredited International Mover (FAIM) care v\u0103 poate ajuta cu mutarea dumneavoastr\u0103.<\/p>\n<h2><strong>Worldwide Movers Africa<\/strong><\/h2>\n<p><img loading=\"lazy\" decoding=\"async\" class=\"alignnone size-full wp-image-6012\" src=\"https:\/\/moverdb.com\/wp-content\/uploads\/Worldwide-Movers-Africa-international-moving-company.png\" alt=\"Worldwide Movers Africa companie de mutare interna\u021bional\u0103\" width=\"1440\" height=\"681\" data-wp-pid=\"6012\" srcset=\"https:\/\/moverdb.com\/wp-content\/uploads\/Worldwide-Movers-Africa-international-moving-company.png 1440w, https:\/\/moverdb.com\/wp-content\/uploads\/Worldwide-Movers-Africa-international-moving-company-300x142.png 300w, https:\/\/moverdb.com\/wp-content\/uploads\/Worldwide-Movers-Africa-international-moving-company-1024x484.png 1024w, https:\/\/moverdb.com\/wp-content\/uploads\/Worldwide-Movers-Africa-international-moving-company-18x9.png 18w, https:\/\/moverdb.com\/wp-content\/uploads\/Worldwide-Movers-Africa-international-moving-company-600x284.png 600w\" sizes=\"auto, (max-width: 1440px) 100vw, 1440px\" \/><\/p>\n<ul>\n<li>Mut\u0103ri locale<\/li>\n<li>Reloc\u0103ri interna\u021bionale<\/li>\n<li>Mutarea gospod\u0103riei<\/li>\n<li>Mutarea birourilor<\/li>\n<li>Serviciul de ambalare<\/li>\n<li>Transport rutier, aerian \u0219i maritim<\/li>\n<li>V\u0103muire<\/li>\n<li>Relocarea animalelor de companie<\/li>\n<li>Asigurare<\/li>\n<li>Depozitare<\/li>\n<\/ul>\n<p>Worldwide Movers Africa este o companie de reloc\u0103ri interna\u021bionale care a fost \u00eenfiin\u021bat\u0103 \u00een Tanzania \u00een 1993. \u00cen prezent, compania are loca\u021bii opera\u021bionale \u00een 16 \u021b\u0103ri africane, inclusiv \u00een Madagascar. Ei au rela\u021bii globale bine stabilite care \u00eei ajut\u0103 s\u0103 ofere servicii \u00een afara zonelor lor. Ei sunt membri ai IAM cu 20 de ani de serviciu.<\/p>\n<p>Worldwide Movers Africa ofer\u0103 servicii de mutare local\u0103 \u0219i interna\u021bional\u0103 pentru gospod\u0103rii \u0219i birouri. Ace\u0219tia ofer\u0103 servicii de relocare care includ ambalarea \u0219i \u00eempachetarea \u00een condi\u021bii de siguran\u021b\u0103 a bunurilor dumneavoastr\u0103, organizarea transportului rutier, aerian sau maritim cu v\u0103muire. Ace\u0219tia ofer\u0103 servicii suplimentare, inclusiv relocarea animalelor de companie, facilit\u0103\u021bi de depozitare \u0219i asigurare.<\/p>\n<p>Site web: <a href=\"http:\/\/www.worldwidemoversafrica.com\/\" target=\"_blank\" rel=\"noopener\">http:\/\/www.worldwidemoversafrica.com\/<\/a><\/p>","protected":false},"excerpt":{"rendered":"<p>Are you planning on moving home or your business within, to or from Madagascar? Then you may want to engage a moving company to help lighten the load and stress. Below we have compiled a list of Madagascar based removal companies that are members of the International Association of Movers (IAM) and\/or FIDI Accredited International [&hellip;]<\/p>\n","protected":false},"author":4,"featured_media":0,"parent":190,"menu_order":0,"comment_status":"closed","ping_status":"closed","template":"","meta":{"_genesis_hide_title":false,"_genesis_hide_breadcrumbs":false,"_genesis_hide_singular_image":false,"_genesis_hide_footer_widgets":false,"_genesis_custom_body_class":"","_genesis_custom_post_class":"","_genesis_layout":"","footnotes":""},"class_list":{"0":"post-8414","1":"page","2":"type-page","3":"status-publish","5":"entry"},"_links":{"self":[{"href":"https:\/\/moverdb.com\/ro\/wp-json\/wp\/v2\/pages\/8414","targetHints":{"allow":["GET"]}}],"collection":[{"href":"https:\/\/moverdb.com\/ro\/wp-json\/wp\/v2\/pages"}],"about":[{"href":"https:\/\/moverdb.com\/ro\/wp-json\/wp\/v2\/types\/page"}],"author":[{"embeddable":true,"href":"https:\/\/moverdb.com\/ro\/wp-json\/wp\/v2\/users\/4"}],"replies":[{"embeddable":true,"href":"https:\/\/moverdb.com\/ro\/wp-json\/wp\/v2\/comments?post=8414"}],"version-history":[{"count":1,"href":"https:\/\/moverdb.com\/ro\/wp-json\/wp\/v2\/pages\/8414\/revisions"}],"predecessor-version":[{"id":8415,"href":"https:\/\/moverdb.com\/ro\/wp-json\/wp\/v2\/pages\/8414\/revisions\/8415"}],"up":[{"embeddable":true,"href":"https:\/\/moverdb.com\/ro\/wp-json\/wp\/v2\/pages\/190"}],"wp:attachment":[{"href":"https:\/\/moverdb.com\/ro\/wp-json\/wp\/v2\/media?parent=8414"}],"curies":[{"name":"wp","href":"https:\/\/api.w.org\/{rel}","templated":true}]}}