{"id":8408,"date":"2023-04-27T14:50:26","date_gmt":"2023-04-27T14:50:26","guid":{"rendered":"https:\/\/moverdb.com\/?page_id=8408"},"modified":"2026-01-08T15:30:04","modified_gmt":"2026-01-08T15:30:04","slug":"moving-companies-lithuania","status":"publish","type":"page","link":"https:\/\/moverdb.com\/ro\/moving-companies\/moving-companies-lithuania\/","title":{"rendered":"Cele mai bune companii de mutare interna\u021bional\u0103 \u00een Lithuania"},"content":{"rendered":"<p>Pl\u0103nui\u021bi s\u0103 v\u0103 muta\u021bi acas\u0103? Fie c\u0103 este vorba despre o mutare \u00een Lituania, fie c\u0103 este vorba despre o mutare din Lituania sau spre sau dinspre Lituania, atunci ar fi bine s\u0103 apela\u021bi la serviciile unei firme de <a href=\"https:\/\/moverdb.com\/ro\/moving-companies\/\" data-internallinksmanager029f6b8e52c=\"79\" title=\"Top 25 Companii interna\u021bionale de mutare online\">companie \u00een mi\u0219care<\/a> pentru a v\u0103 ajuta. Mai jos am compilat o list\u0103 de site-uri din Lituania. <a href=\"https:\/\/moverdb.com\/ro\/international-removals\/\" data-internallinksmanager029f6b8e52c=\"27\" title=\"36 Cele mai bune companii de mut\u0103ri interna\u021bionale din Marea Britanie\">companii de mutare<\/a> care sunt membri ai grupului <a href=\"https:\/\/moverdb.com\/ro\/iam\/\" data-internallinksmanager029f6b8e52c=\"23\" title=\"Explica\u021bii despre Asocia\u021bia Interna\u021bional\u0103 a Transportatorilor (IAM)\">Asocia\u021bia Interna\u021bional\u0103 a Transportatorilor<\/a> (IAM) \u0219i\/sau <a href=\"https:\/\/moverdb.com\/ro\/fidi-faim\/\" data-internallinksmanager029f6b8e52c=\"16\" title=\"FIDI &amp; FAIM (FIDI Accredited International Mover) Explicat\">FIDI<\/a> Accredited International Mover (FAIM) care v\u0103 poate ajuta cu mutarea dumneavoastr\u0103.<\/p>\n<h2><strong>UAB Movers<\/strong><\/h2>\n<p><img loading=\"lazy\" decoding=\"async\" class=\"alignnone size-full wp-image-8378\" src=\"https:\/\/moverdb.com\/wp-content\/uploads\/UAB-Moving-international-moving-company.png\" alt=\"UAB Moving companie interna\u021bional\u0103 de mutare\" width=\"1440\" height=\"683\" data-wp-pid=\"8378\" srcset=\"https:\/\/moverdb.com\/wp-content\/uploads\/UAB-Moving-international-moving-company.png 1440w, https:\/\/moverdb.com\/wp-content\/uploads\/UAB-Moving-international-moving-company-300x142.png 300w, https:\/\/moverdb.com\/wp-content\/uploads\/UAB-Moving-international-moving-company-1024x486.png 1024w, https:\/\/moverdb.com\/wp-content\/uploads\/UAB-Moving-international-moving-company-18x9.png 18w, https:\/\/moverdb.com\/wp-content\/uploads\/UAB-Moving-international-moving-company-600x285.png 600w\" sizes=\"auto, (max-width: 1440px) 100vw, 1440px\" \/><\/p>\n<ul>\n<li>Mut\u0103ri locale<\/li>\n<li>Mut\u0103ri interna\u021bionale<\/li>\n<li>Mutarea gospod\u0103riei<\/li>\n<li>Mutarea birourilor<\/li>\n<li>Serviciu din u\u0219\u0103 \u00een u\u0219\u0103<\/li>\n<li>Serviciul de ambalare<\/li>\n<li>Transport rutier, aerian sau maritim<\/li>\n<li>Proceduri de export \u0219i de import<\/li>\n<li>Asisten\u021b\u0103 vamal\u0103<\/li>\n<li>Facilit\u0103\u021bi de depozitare<\/li>\n<\/ul>\n<p>UAB Movers este o companie de mut\u0103ri cu sediul \u00een Vilnius \u0219i ofer\u0103 servicii de mut\u0103ri locale, na\u021bionale \u0219i interna\u021bionale. Sunt membri ai IAM \u0219i au \u0219apte ani de activitate. Apartenen\u021ba lor la asocia\u021bii interna\u021bionale le permite s\u0103 ofere servicii de \u00eenalt\u0103 calitate oriunde \u00een lume.<\/p>\n<p>UAB Movers ofer\u0103 un serviciu de mutare din u\u0219\u0103 \u00een u\u0219\u0103 pentru proiecte de mutare mici \u0219i mari \u0219i va oferi cele mai bune solu\u021bii de transport, fie c\u0103 este vorba de transport rutier, aerian sau maritim. Ace\u0219tia ofer\u0103 posibilitatea de a alege \u00eentre \u00eenc\u0103rc\u0103turi complete sau mai pu\u021bin complete de containere pentru transportul maritim \u0219i diferite dimensiuni de dube pentru transportul rutier. Ace\u0219tia v\u0103 vor consilia cu privire la formalit\u0103\u021bile procedurilor de export \u0219i de import.<\/p>\n<p>Site web: <a href=\"http:\/\/www.movers.lt\" target=\"_blank\" rel=\"noopener\">http:\/\/www.movers.lt<\/a><\/p>\n<h2>Alte ghiduri utile pentru Lituania<\/h2>\n<ul>\n<li> <a href=\"https:\/\/moverdb.com\/ro\/transport-maritim-de-containere\/lituania\/\">2024 Tarife de transport maritim de marf\u0103 \u00een containere c\u0103tre \u0219i din Lituania<\/a><\/li>\n<li> <a href=\"https:\/\/moverdb.com\/ro\/moving-to-lithuania\/\">V\u0103 muta\u021bi \u00een Lituania? 2026 Costuri de trai \u0219i sfaturi de relocare<\/a><\/li>\n<\/ul>","protected":false},"excerpt":{"rendered":"<p>Are you planning on moving home? Whether that is within, or to or from Lithuania then you might want to engage the services of a moving company to help you. Below we have compiled a list of Lithuania based removal companies that are members of the International Association of Movers (IAM) and\/or FIDI Accredited International [&hellip;]<\/p>\n","protected":false},"author":4,"featured_media":0,"parent":190,"menu_order":0,"comment_status":"closed","ping_status":"closed","template":"","meta":{"_genesis_hide_title":false,"_genesis_hide_breadcrumbs":false,"_genesis_hide_singular_image":false,"_genesis_hide_footer_widgets":false,"_genesis_custom_body_class":"","_genesis_custom_post_class":"","_genesis_layout":"","footnotes":""},"class_list":{"0":"post-8408","1":"page","2":"type-page","3":"status-publish","5":"entry","6":"has-post-thumbnail"},"_links":{"self":[{"href":"https:\/\/moverdb.com\/ro\/wp-json\/wp\/v2\/pages\/8408","targetHints":{"allow":["GET"]}}],"collection":[{"href":"https:\/\/moverdb.com\/ro\/wp-json\/wp\/v2\/pages"}],"about":[{"href":"https:\/\/moverdb.com\/ro\/wp-json\/wp\/v2\/types\/page"}],"author":[{"embeddable":true,"href":"https:\/\/moverdb.com\/ro\/wp-json\/wp\/v2\/users\/4"}],"replies":[{"embeddable":true,"href":"https:\/\/moverdb.com\/ro\/wp-json\/wp\/v2\/comments?post=8408"}],"version-history":[{"count":3,"href":"https:\/\/moverdb.com\/ro\/wp-json\/wp\/v2\/pages\/8408\/revisions"}],"predecessor-version":[{"id":18259,"href":"https:\/\/moverdb.com\/ro\/wp-json\/wp\/v2\/pages\/8408\/revisions\/18259"}],"up":[{"embeddable":true,"href":"https:\/\/moverdb.com\/ro\/wp-json\/wp\/v2\/pages\/190"}],"wp:attachment":[{"href":"https:\/\/moverdb.com\/ro\/wp-json\/wp\/v2\/media?parent=8408"}],"curies":[{"name":"wp","href":"https:\/\/api.w.org\/{rel}","templated":true}]}}