{"id":8404,"date":"2023-04-27T14:48:01","date_gmt":"2023-04-27T14:48:01","guid":{"rendered":"https:\/\/moverdb.com\/?page_id=8404"},"modified":"2026-01-08T15:23:47","modified_gmt":"2026-01-08T15:23:47","slug":"moving-companies-lesotho","status":"publish","type":"page","link":"https:\/\/moverdb.com\/ro\/moving-companies\/moving-companies-lesotho\/","title":{"rendered":"2 Cele mai bune companii de mutare interna\u021bional\u0103 \u00een Lesotho"},"content":{"rendered":"<p>Mutarea poate fi un moment stresant, fie c\u0103 v\u0103 muta\u021bi casa sau afacerea, iar nivelul de stres cre\u0219te atunci c\u00e2nd v\u0103 muta\u021bi \u00een \u021b\u0103ri. Acesta este motivul pentru care at\u00e2t de mul\u021bi oameni apeleaz\u0103 la serviciile unui <a href=\"https:\/\/moverdb.com\/ro\/moving-companies\/\" data-internallinksmanager029f6b8e52c=\"79\" title=\"Top 25 Companii interna\u021bionale de mutare online\">companie \u00een mi\u0219care<\/a>. Mai jos am compilat o list\u0103 de Lesotho cu sediul \u00een Lesotho. <a href=\"https:\/\/moverdb.com\/ro\/international-removals\/\" data-internallinksmanager029f6b8e52c=\"27\" title=\"36 Cele mai bune companii de mut\u0103ri interna\u021bionale din Marea Britanie\">companii de mutare<\/a> care sunt membri ai grupului <a href=\"https:\/\/moverdb.com\/ro\/iam\/\" data-internallinksmanager029f6b8e52c=\"23\" title=\"Explica\u021bii despre Asocia\u021bia Interna\u021bional\u0103 a Transportatorilor (IAM)\">Asocia\u021bia Interna\u021bional\u0103 a Transportatorilor<\/a> (IAM) \u0219i\/sau <a href=\"https:\/\/moverdb.com\/ro\/fidi-faim\/\" data-internallinksmanager029f6b8e52c=\"16\" title=\"FIDI &amp; FAIM (FIDI Accredited International Mover) Explicat\">FIDI<\/a> Accredited International Mover (FAIM), care v\u0103 poate ajuta cu mutarea dumneavoastr\u0103.<\/p>\n<h2><strong>1. Stuttaford Van Lines<\/strong><\/h2>\n<p><img loading=\"lazy\" decoding=\"async\" class=\"alignnone size-full wp-image-8368\" src=\"https:\/\/moverdb.com\/wp-content\/uploads\/Stuttaford-Van-Lines-international-moving-company.png\" alt=\"Stuttaford Van Lines companie de mutare interna\u021bional\u0103\" width=\"1440\" height=\"680\" data-wp-pid=\"8368\" srcset=\"https:\/\/moverdb.com\/wp-content\/uploads\/Stuttaford-Van-Lines-international-moving-company.png 1440w, https:\/\/moverdb.com\/wp-content\/uploads\/Stuttaford-Van-Lines-international-moving-company-300x142.png 300w, https:\/\/moverdb.com\/wp-content\/uploads\/Stuttaford-Van-Lines-international-moving-company-1024x484.png 1024w, https:\/\/moverdb.com\/wp-content\/uploads\/Stuttaford-Van-Lines-international-moving-company-18x9.png 18w, https:\/\/moverdb.com\/wp-content\/uploads\/Stuttaford-Van-Lines-international-moving-company-600x283.png 600w\" sizes=\"auto, (max-width: 1440px) 100vw, 1440px\" \/><\/p>\n<ul>\n<li>Mi\u0219c\u0103ri na\u021bionale<\/li>\n<li>Mut\u0103ri interna\u021bionale<\/li>\n<li>Mut\u0103ri reziden\u021biale<\/li>\n<li>Mi\u0219c\u0103ri de afaceri<\/li>\n<li>Servicii personalizate<\/li>\n<li>Serviciul de ambalare<\/li>\n<li>Relocarea vehiculelor \u0219i a animalelor de companie<\/li>\n<li>Manipularea artelor frumoase<\/li>\n<li>Asigurare<\/li>\n<li>Depozitare pe termen scurt \u0219i lung<\/li>\n<\/ul>\n<p>Stuttaford Van Lines este o companie de mutare care deserve\u0219te familiile \u0219i \u00eentreprinderile de la mijlocul anilor 1800, cu sucursale \u00een toat\u0103 \u021bara. <a href=\"https:\/\/moverdb.com\/ro\/moving-to-south-africa\/\" data-internallinksmanager029f6b8e52c=\"347\" title=\"V\u0103 muta\u021bi \u00een Africa de Sud? 2026 Costurile vie\u021bii \u0219i sfaturi de relocare\">Africa de Sud<\/a> inclusiv Masero, Lesotho. Sunt membri ai IAM, cu 47 de ani de activitate, ceea ce le ofer\u0103 acces la o re\u021bea interna\u021bional\u0103 de agen\u021bi de mutare care \u00eei sprijin\u0103,<\/p>\n<p>Stuffaford Van Lines v\u0103 va ajuta s\u0103 v\u0103 planifica\u021bi \u0219i s\u0103 v\u0103 preg\u0103ti\u021bi cu aten\u021bie pentru mutarea dumneavoastr\u0103. V\u0103 vor aloca un singur punct de contact care s\u0103 v\u0103 sprijine \u00een fiecare etap\u0103. Ofer\u0103 un serviciu de ambalare care include utilizarea de ambalaje de \u00eenalt\u0103 calitate \u0219i \u00eenvelitori de protec\u021bie, vor eticheta toate cutiile \u0219i vor \u00eentocmi un inventar.<\/p>\n<p>Site web: <a href=\"http:\/\/www.stuttafordvanlines.co.za\" target=\"_blank\" rel=\"noopener\">http:\/\/www.stuttafordvanlines.co.za<\/a><\/p>\n<h2><strong>2. Sure Logistics<\/strong><\/h2>\n<p><img loading=\"lazy\" decoding=\"async\" class=\"alignnone size-full wp-image-8371\" src=\"https:\/\/moverdb.com\/wp-content\/uploads\/Sure-Logistics-international-moving-company.png\" alt=\"Sure Logistics companie de mut\u0103ri interna\u021bionale\" width=\"1440\" height=\"678\" data-wp-pid=\"8371\" srcset=\"https:\/\/moverdb.com\/wp-content\/uploads\/Sure-Logistics-international-moving-company.png 1440w, https:\/\/moverdb.com\/wp-content\/uploads\/Sure-Logistics-international-moving-company-300x141.png 300w, https:\/\/moverdb.com\/wp-content\/uploads\/Sure-Logistics-international-moving-company-1024x482.png 1024w, https:\/\/moverdb.com\/wp-content\/uploads\/Sure-Logistics-international-moving-company-18x8.png 18w, https:\/\/moverdb.com\/wp-content\/uploads\/Sure-Logistics-international-moving-company-600x283.png 600w\" sizes=\"auto, (max-width: 1440px) 100vw, 1440px\" \/><\/p>\n<ul>\n<li>Mut\u0103ri locale<\/li>\n<li>Deplas\u0103ri \u00een str\u0103in\u0103tate<\/li>\n<li>Mi\u0219c\u0103ri de acas\u0103<\/li>\n<li>Mutarea birourilor<\/li>\n<li>Servicii de relocare<\/li>\n<li>Serviciu de mutare personalizat<\/li>\n<li>Organizarea transportului<\/li>\n<li>Op\u021biuni pentru containere<\/li>\n<li><a href=\"https:\/\/moverdb.com\/ro\/car-transport-shipping\/\" data-internallinksmanager029f6b8e52c=\"2\" title=\"2026 Transport auto interna\u021bional \u0219i oferte de transport maritim de vehicule\">Transportul vehiculelor<\/a><\/li>\n<li>Stocare sigur\u0103 pe termen scurt \u0219i lung<\/li>\n<\/ul>\n<p>Sure Logistics este o companie specializat\u0103 \u00een managementul logisticii care ofer\u0103 o gam\u0103 larg\u0103 de servicii de transport \u0219i solu\u021bii pentru lan\u021bul de aprovizionare \u0219i are sediul \u00een Masero. Ace\u0219tia colaboreaz\u0103 cu parteneri interna\u021bionali de mutare pentru a-\u0219i livra serviciile \u00een alte \u021b\u0103ri. Ei sunt membri ai IAM cu nou\u0103 ani de activitate.<\/p>\n<p>Sure Logistics ofer\u0103 servicii de mutare \u00een interiorul, spre \u0219i dinspre Lesotho pentru locuin\u021be \u0219i afaceri, care sunt adaptate pentru a r\u0103spunde nevoilor dumneavoastr\u0103. Ofer\u0103, de asemenea, servicii de relocare care ofer\u0103 sprijin \u00een domeniul resurselor umane pentru angaja\u021bi \u0219i pachete specializate de mobilitate global\u0103 \u00een peste 150 de \u021b\u0103ri. V\u0103 vor transporta \u00een siguran\u021b\u0103 bunurile \u0219i v\u0103 pot oferi \u00eenc\u0103rc\u0103turi complete sau mai pu\u021bin de un container.<\/p>\n<p>Site web: <a href=\"http:\/\/www.surelogistics.co.ls\" target=\"_blank\" rel=\"noopener\">http:\/\/www.surelogistics.co.ls<\/a><\/p>","protected":false},"excerpt":{"rendered":"<p>Moving can be a stressful time whether you are moving your home or your business, and the stress level increases when you are moving countries. This is why so many people employ the services of a moving company. Below we have compiled a list of Lesotho based removal companies that are members of the International [&hellip;]<\/p>\n","protected":false},"author":4,"featured_media":0,"parent":190,"menu_order":0,"comment_status":"closed","ping_status":"closed","template":"","meta":{"_genesis_hide_title":false,"_genesis_hide_breadcrumbs":false,"_genesis_hide_singular_image":false,"_genesis_hide_footer_widgets":false,"_genesis_custom_body_class":"","_genesis_custom_post_class":"","_genesis_layout":"","footnotes":""},"class_list":{"0":"post-8404","1":"page","2":"type-page","3":"status-publish","5":"entry","6":"has-post-thumbnail"},"_links":{"self":[{"href":"https:\/\/moverdb.com\/ro\/wp-json\/wp\/v2\/pages\/8404","targetHints":{"allow":["GET"]}}],"collection":[{"href":"https:\/\/moverdb.com\/ro\/wp-json\/wp\/v2\/pages"}],"about":[{"href":"https:\/\/moverdb.com\/ro\/wp-json\/wp\/v2\/types\/page"}],"author":[{"embeddable":true,"href":"https:\/\/moverdb.com\/ro\/wp-json\/wp\/v2\/users\/4"}],"replies":[{"embeddable":true,"href":"https:\/\/moverdb.com\/ro\/wp-json\/wp\/v2\/comments?post=8404"}],"version-history":[{"count":2,"href":"https:\/\/moverdb.com\/ro\/wp-json\/wp\/v2\/pages\/8404\/revisions"}],"predecessor-version":[{"id":8418,"href":"https:\/\/moverdb.com\/ro\/wp-json\/wp\/v2\/pages\/8404\/revisions\/8418"}],"up":[{"embeddable":true,"href":"https:\/\/moverdb.com\/ro\/wp-json\/wp\/v2\/pages\/190"}],"wp:attachment":[{"href":"https:\/\/moverdb.com\/ro\/wp-json\/wp\/v2\/media?parent=8404"}],"curies":[{"name":"wp","href":"https:\/\/api.w.org\/{rel}","templated":true}]}}