{"id":8402,"date":"2023-04-27T14:51:30","date_gmt":"2023-04-27T14:51:30","guid":{"rendered":"https:\/\/moverdb.com\/?page_id=8402"},"modified":"2026-01-08T15:29:28","modified_gmt":"2026-01-08T15:29:28","slug":"moving-companies-lebanon","status":"publish","type":"page","link":"https:\/\/moverdb.com\/ro\/moving-companies\/moving-companies-lebanon\/","title":{"rendered":"7 Cele mai bune companii de mut\u0103ri interna\u021bionale din Liban"},"content":{"rendered":"<p>Doar g\u00e2ndindu-v\u0103 la mutarea casei sau a afacerii dvs. poate fi stresant \u0219i poate p\u0103rea complicat dac\u0103 pl\u0103nui\u021bi s\u0103 v\u0103 muta\u021bi \u00een str\u0103in\u0103tate, ceea ce este cazul \u00een care un <a href=\"https:\/\/moverdb.com\/ro\/moving-companies\/\" data-internallinksmanager029f6b8e52c=\"79\" title=\"Top 25 Companii interna\u021bionale de mutare online\">companie \u00een mi\u0219care<\/a> poate ajuta prin u\u0219urarea sarcinii. Mai jos am compilat o list\u0103 de site-uri din Liban. <a href=\"https:\/\/moverdb.com\/ro\/international-removals\/\" data-internallinksmanager029f6b8e52c=\"27\" title=\"36 Cele mai bune companii de mut\u0103ri interna\u021bionale din Marea Britanie\">companii de mutare<\/a> care sunt membri ai grupului <a href=\"https:\/\/moverdb.com\/ro\/iam\/\" data-internallinksmanager029f6b8e52c=\"23\" title=\"Explica\u021bii despre Asocia\u021bia Interna\u021bional\u0103 a Transportatorilor (IAM)\">Asocia\u021bia Interna\u021bional\u0103 a Transportatorilor<\/a> (IAM) \u0219i\/sau <a href=\"https:\/\/moverdb.com\/ro\/fidi-faim\/\" data-internallinksmanager029f6b8e52c=\"16\" title=\"FIDI &amp; FAIM (FIDI Accredited International Mover) Explicat\">FIDI<\/a> Accredited International Mover (FAIM), care v\u0103 poate ajuta cu mutarea dumneavoastr\u0103.<\/p>\n<div id=\"ez-toc-container\" class=\"ez-toc-v2_0_82_2 ez-toc-wrap-left counter-hierarchy ez-toc-counter ez-toc-transparent ez-toc-container-direction\">\n<div class=\"ez-toc-title-container\">\n<p class=\"ez-toc-title\" style=\"cursor:inherit\">Sec\u021biuni<\/p>\n<span class=\"ez-toc-title-toggle\"><a href=\"#\" class=\"ez-toc-pull-right ez-toc-btn ez-toc-btn-xs ez-toc-btn-default ez-toc-toggle\" aria-label=\"Comuta\u021bi tabelul de con\u021binut\"><span class=\"ez-toc-js-icon-con\"><span class=\"\"><span class=\"eztoc-hide\" style=\"display:none;\">Toggle<\/span><span class=\"ez-toc-icon-toggle-span\"><svg style=\"fill: #999;color:#999\" xmlns=\"http:\/\/www.w3.org\/2000\/svg\" class=\"list-377408\" width=\"20px\" height=\"20px\" viewbox=\"0 0 24 24\" fill=\"none\"><path d=\"M6 6H4v2h2V6zm14 0H8v2h12V6zM4 11h2v2H4v-2zm16 0H8v2h12v-2zM4 16h2v2H4v-2zm16 0H8v2h12v-2z\" fill=\"currentColor\"><\/path><\/svg><svg style=\"fill: #999;color:#999\" class=\"arrow-unsorted-368013\" xmlns=\"http:\/\/www.w3.org\/2000\/svg\" width=\"10px\" height=\"10px\" viewbox=\"0 0 24 24\" version=\"1.2\" baseprofile=\"tiny\"><path d=\"M18.2 9.3l-6.2-6.3-6.2 6.3c-.2.2-.3.4-.3.7s.1.5.3.7c.2.2.4.3.7.3h11c.3 0 .5-.1.7-.3.2-.2.3-.5.3-.7s-.1-.5-.3-.7zM5.8 14.7l6.2 6.3 6.2-6.3c.2-.2.3-.5.3-.7s-.1-.5-.3-.7c-.2-.2-.4-.3-.7-.3h-11c-.3 0-.5.1-.7.3-.2.2-.3.5-.3.7s.1.5.3.7z\"\/><\/svg><\/span><\/span><\/span><\/a><\/span><\/div>\n<nav><ul class='ez-toc-list ez-toc-list-level-1 eztoc-toggle-hide-by-default' ><li class='ez-toc-page-1 ez-toc-heading-level-2'><a class=\"ez-toc-link ez-toc-heading-1\" href=\"https:\/\/moverdb.com\/ro\/moving-companies\/moving-companies-lebanon\/#1_I-Movers\" >1. I-Movers<\/a><\/li><li class='ez-toc-page-1 ez-toc-heading-level-2'><a class=\"ez-toc-link ez-toc-heading-2\" href=\"https:\/\/moverdb.com\/ro\/moving-companies\/moving-companies-lebanon\/#2_Adam_International_Movers\" >2. Adam International Movers<\/a><\/li><li class='ez-toc-page-1 ez-toc-heading-level-2'><a class=\"ez-toc-link ez-toc-heading-3\" href=\"https:\/\/moverdb.com\/ro\/moving-companies\/moving-companies-lebanon\/#3_Orbit_International_Forwarders\" >3. Orbit International Forwarders<\/a><\/li><li class='ez-toc-page-1 ez-toc-heading-level-2'><a class=\"ez-toc-link ez-toc-heading-4\" href=\"https:\/\/moverdb.com\/ro\/moving-companies\/moving-companies-lebanon\/#4_All_Transportation_Agency\" >4. Toate agen\u021biile de transport<\/a><\/li><li class='ez-toc-page-1 ez-toc-heading-level-2'><a class=\"ez-toc-link ez-toc-heading-5\" href=\"https:\/\/moverdb.com\/ro\/moving-companies\/moving-companies-lebanon\/#5_Beirut_Express\" >5. Beirut Express<\/a><\/li><li class='ez-toc-page-1 ez-toc-heading-level-2'><a class=\"ez-toc-link ez-toc-heading-6\" href=\"https:\/\/moverdb.com\/ro\/moving-companies\/moving-companies-lebanon\/#6_Domex\" >6. Domex<\/a><\/li><li class='ez-toc-page-1 ez-toc-heading-level-2'><a class=\"ez-toc-link ez-toc-heading-7\" href=\"https:\/\/moverdb.com\/ro\/moving-companies\/moving-companies-lebanon\/#7_BCC_Logistics\" >7. Logistic\u0103 BCC<\/a><\/li><\/ul><\/nav><\/div>\n<h2><span class=\"ez-toc-section\" id=\"1_I-Movers\"><\/span><strong>1. I-Movers<\/strong><span class=\"ez-toc-section-end\"><\/span><\/h2>\n<p><img loading=\"lazy\" decoding=\"async\" class=\"alignnone size-full wp-image-8327\" src=\"https:\/\/moverdb.com\/wp-content\/uploads\/I-Movers-international-moving-company.png\" alt=\"I-Movers companie de mutare interna\u021bional\u0103\" width=\"1440\" height=\"680\" data-wp-pid=\"8327\" srcset=\"https:\/\/moverdb.com\/wp-content\/uploads\/I-Movers-international-moving-company.png 1440w, https:\/\/moverdb.com\/wp-content\/uploads\/I-Movers-international-moving-company-300x142.png 300w, https:\/\/moverdb.com\/wp-content\/uploads\/I-Movers-international-moving-company-1024x484.png 1024w, https:\/\/moverdb.com\/wp-content\/uploads\/I-Movers-international-moving-company-18x9.png 18w, https:\/\/moverdb.com\/wp-content\/uploads\/I-Movers-international-moving-company-600x283.png 600w\" sizes=\"auto, (max-width: 1440px) 100vw, 1440px\" \/><\/p>\n<ul>\n<li>Mut\u0103ri locale<\/li>\n<li>Mut\u0103ri interna\u021bionale<\/li>\n<li>Mutarea gospod\u0103riei<\/li>\n<li>Mi\u0219c\u0103ri corporative<\/li>\n<li>Serviciu personalizat<\/li>\n<li>Serviciu profesionist de ambalare<\/li>\n<li>Transport aerian \u0219i maritim<\/li>\n<li>Acte vamale<\/li>\n<li><a href=\"https:\/\/moverdb.com\/ro\/car-transport-shipping\/\" data-internallinksmanager029f6b8e52c=\"2\" title=\"2026 Transport auto interna\u021bional \u0219i oferte de transport maritim de vehicule\">Transportul vehiculelor<\/a><\/li>\n<li>Op\u021biuni de depozitare<\/li>\n<\/ul>\n<p>I-Movers este o companie de mut\u0103ri interna\u021bionale care se adreseaz\u0103 at\u00e2t gospod\u0103riilor, c\u00e2t \u0219i corpora\u021biilor \u0219i are sediul \u00een Beirut. Este membr\u0103 a IAM cu opt ani de activitate, iar aceast\u0103 calitate de membru \u00eei ofer\u0103 acces la o re\u021bea interna\u021bional\u0103 de agen\u021bi de mutare.<\/p>\n<p>I-Movers ofer\u0103 un sondaj virtual pentru rapiditate \u0219i eficien\u021b\u0103. Ace\u0219tia ofer\u0103 un serviciu de mutare personalizat, cu un manager de mutare dedicat pentru a v\u0103 gestiona mutarea. Ofer\u0103 un serviciu de ambalare care utilizeaz\u0103 materiale de ambalare de calitate superioar\u0103 \u0219i echipe de ambalatori bine preg\u0103ti\u021bi care sunt, de asemenea, asigura\u021bi \u00eempotriva tuturor riscurilor. Ofer\u0103 un sistem de urm\u0103rire \u0219i localizare pentru transporturile aeriene \u0219i maritime \u0219i ofer\u0103 sprijin pentru \u00eendeplinirea documentelor, inclusiv pentru v\u0103muire.<\/p>\n<p>Site web: <a href=\"http:\/\/www.i-movers.com\" target=\"_blank\" rel=\"noopener\">http:\/\/www.i-movers.com<\/a><\/p>\n<h2><span class=\"ez-toc-section\" id=\"2_Adam_International_Movers\"><\/span><strong>2. Adam International Movers<\/strong><span class=\"ez-toc-section-end\"><\/span><\/h2>\n<p><img loading=\"lazy\" decoding=\"async\" class=\"alignnone size-full wp-image-8279\" src=\"https:\/\/moverdb.com\/wp-content\/uploads\/Adam-International-Movers-company.png\" alt=\"Compania Adam International Movers\" width=\"1440\" height=\"679\" data-wp-pid=\"8279\" srcset=\"https:\/\/moverdb.com\/wp-content\/uploads\/Adam-International-Movers-company.png 1440w, https:\/\/moverdb.com\/wp-content\/uploads\/Adam-International-Movers-company-300x141.png 300w, https:\/\/moverdb.com\/wp-content\/uploads\/Adam-International-Movers-company-1024x483.png 1024w, https:\/\/moverdb.com\/wp-content\/uploads\/Adam-International-Movers-company-18x8.png 18w, https:\/\/moverdb.com\/wp-content\/uploads\/Adam-International-Movers-company-600x283.png 600w\" sizes=\"auto, (max-width: 1440px) 100vw, 1440px\" \/><\/p>\n<ul>\n<li>Mi\u0219c\u0103ri na\u021bionale<\/li>\n<li>Mut\u0103ri interna\u021bionale<\/li>\n<li>Mutarea gospod\u0103riei<\/li>\n<li>Mutarea birourilor<\/li>\n<li>Citate personalizabile care sunt prietenoase cu bugetul<\/li>\n<li>Serviciu profesionist de ambalare<\/li>\n<li>Transport rutier, aerian sau maritim<\/li>\n<li>V\u0103muire<\/li>\n<li>Asigurare<\/li>\n<li>Facilit\u0103\u021bi de depozitare<\/li>\n<\/ul>\n<p>Adam International Movers este o companie de servicii de ambalare \u0219i mutare pentru persoane fizice, case \u0219i birouri, cu loca\u021bii \u00een Beirut, Liban \u0219i Armenia. Ei au o re\u021bea de agen\u021bi \u0219i expeditori din \u00eentreaga lume care \u00eei sprijin\u0103 \u00een furnizarea de servicii interna\u021bionale. Ei sunt membri ai IAM cu \u0219ase ani de serviciu.<\/p>\n<p>Adam International Movers ofer\u0103 un sondaj \u00eenainte de mutare pentru a \u00een\u021belege cerin\u021bele dvs. de mutare \u0219i pentru a v\u0103 oferi o ofert\u0103. Ace\u0219tia ofer\u0103 un serviciu profesionist de ambalare, care este asigurat de personal calificat care utilizeaz\u0103 cele mai noi tehnici \u0219i materiale de ambalare de \u00eenalt\u0103 calitate. Ace\u0219tia vor gestiona transportul bunurilor dumneavoastr\u0103 pe cale rutier\u0103, aerian\u0103 sau maritim\u0103, \u00eempreun\u0103 cu v\u0103muirea, dac\u0103 este necesar.<\/p>\n<p>Site web: <a href=\"http:\/\/www.adam-movers.com\" target=\"_blank\" rel=\"noopener\">http:\/\/www.adam-movers.com<\/a><\/p>\n<h2><span class=\"ez-toc-section\" id=\"3_Orbit_International_Forwarders\"><\/span><strong>3. Orbit International Forwarders<\/strong><span class=\"ez-toc-section-end\"><\/span><\/h2>\n<p><img loading=\"lazy\" decoding=\"async\" class=\"alignnone size-full wp-image-8351\" src=\"https:\/\/moverdb.com\/wp-content\/uploads\/Orbit-International-Forwarders-Lebanon-moving-company.png\" alt=\"Orbit International Forwarders Liban companie de mutare\" width=\"1440\" height=\"679\" data-wp-pid=\"8351\" srcset=\"https:\/\/moverdb.com\/wp-content\/uploads\/Orbit-International-Forwarders-Lebanon-moving-company.png 1440w, https:\/\/moverdb.com\/wp-content\/uploads\/Orbit-International-Forwarders-Lebanon-moving-company-300x141.png 300w, https:\/\/moverdb.com\/wp-content\/uploads\/Orbit-International-Forwarders-Lebanon-moving-company-1024x483.png 1024w, https:\/\/moverdb.com\/wp-content\/uploads\/Orbit-International-Forwarders-Lebanon-moving-company-18x8.png 18w, https:\/\/moverdb.com\/wp-content\/uploads\/Orbit-International-Forwarders-Lebanon-moving-company-600x283.png 600w\" sizes=\"auto, (max-width: 1440px) 100vw, 1440px\" \/><\/p>\n<ul>\n<li>Mut\u0103ri locale \u0219i na\u021bionale<\/li>\n<li>Muta\u021bii la nivel mondial<\/li>\n<li>Mutarea gospod\u0103riei<\/li>\n<li>Reloc\u0103ri corporative<\/li>\n<li>Serviciu din u\u0219\u0103 \u00een u\u0219\u0103<\/li>\n<li>Serviciul de ambalare<\/li>\n<li>Transportul terestru, maritim sau aerian<\/li>\n<li>Manipularea artelor plastice<\/li>\n<li>Transportul autovehiculelor<\/li>\n<li>Facilit\u0103\u021bi de depozitare<\/li>\n<\/ul>\n<p>Orbit International Forwarders este o companie de ambalare \u0219i mutare \u00eenfiin\u021bat\u0103 \u00een 1983. Aceasta are nou\u0103 loca\u021bii \u00een Europa \u0219i Asia, inclusiv \u00een Beirut, \u00een Liban. Ei lucreaz\u0103 cu peste o mie de agen\u021bi selecta\u021bi \u00een aproape orice \u021bar\u0103 din lume pentru a-\u0219i livra serviciile la nivel interna\u021bional. Sunt membri ai IAM cu 26 de ani de activitate.<\/p>\n<p>Orbit International Forwarders ofer\u0103 un serviciu personalizat de mutare din u\u0219\u0103 \u00een u\u0219\u0103, \u00eencep\u00e2nd cu un studiu ini\u021bial. Ace\u0219tia ofer\u0103 un serviciu de ambalare de \u00eenalt\u0103 calitate pentru a v\u0103 proteja bunurile \u0219i pun la dispozi\u021bie l\u0103zi pentru obiectele fragile. Ace\u0219tia ofer\u0103 servicii suplimentare care includ transportul autovehiculelor, manipularea artelor frumoase, logistica expozi\u021biilor, logistica mass-media \u0219i a divertismentului \u0219i facilit\u0103\u021bi de depozitare.<\/p>\n<p>Site web: <a href=\"http:\/\/www.orbitlb.com\" target=\"_blank\" rel=\"noopener\">http:\/\/www.orbitlb.com<\/a><\/p>\n<h2><span class=\"ez-toc-section\" id=\"4_All_Transportation_Agency\"><\/span><strong>4. Toate agen\u021biile de transport<\/strong><span class=\"ez-toc-section-end\"><\/span><\/h2>\n<p><img loading=\"lazy\" decoding=\"async\" class=\"alignnone size-full wp-image-8285\" src=\"https:\/\/moverdb.com\/wp-content\/uploads\/All-Transportation-Agency-international-moving-company.png\" alt=\"All Transportation Agency companie de mutare interna\u021bional\u0103\" width=\"1440\" height=\"680\" data-wp-pid=\"8285\" srcset=\"https:\/\/moverdb.com\/wp-content\/uploads\/All-Transportation-Agency-international-moving-company.png 1440w, https:\/\/moverdb.com\/wp-content\/uploads\/All-Transportation-Agency-international-moving-company-300x142.png 300w, https:\/\/moverdb.com\/wp-content\/uploads\/All-Transportation-Agency-international-moving-company-1024x484.png 1024w, https:\/\/moverdb.com\/wp-content\/uploads\/All-Transportation-Agency-international-moving-company-18x9.png 18w, https:\/\/moverdb.com\/wp-content\/uploads\/All-Transportation-Agency-international-moving-company-600x283.png 600w\" sizes=\"auto, (max-width: 1440px) 100vw, 1440px\" \/><\/p>\n<ul>\n<li>Mi\u0219c\u0103ri na\u021bionale<\/li>\n<li>Mut\u0103ri interna\u021bionale<\/li>\n<li>Mutarea gospod\u0103riei<\/li>\n<li>Proiecte comerciale<\/li>\n<li>Serviciu din u\u0219\u0103 \u00een u\u0219\u0103<\/li>\n<li>Serviciu profesionist de ambalare<\/li>\n<li>Transport terestru, maritim \u0219i aerian<\/li>\n<li>V\u0103muire<\/li>\n<li>Manipularea artelor plastice<\/li>\n<li>Depozitare securizat\u0103<\/li>\n<\/ul>\n<p>All Transportation Agency este o agen\u021bie de compensare \u0219i expediere \u00eenfiin\u021bat\u0103 \u00een 1985 \u0219i are sediul \u00een Beirut. De asemenea, are sedii \u00een Tripoli, Saida \u0219i Tyr. Sunt membri ai IAM, ceea ce le ofer\u0103 acces la o re\u021bea interna\u021bional\u0103 de agen\u021bi de mutare care \u00eei pot ajuta \u00een furnizarea de servicii la nivel interna\u021bional.<\/p>\n<p>All Transportation Agency ofer\u0103 un serviciu de transport din u\u0219\u0103 \u00een u\u0219\u0103 pentru gospod\u0103riile care se mut\u0103 \u00een Liban, spre sau dinspre Liban. Ace\u0219tia ofer\u0103 un serviciu profesionist de ambalare pentru a v\u0103 proteja bunurile, care include un serviciu specializat pentru artele frumoase. Serviciul lor de ambalare include, de asemenea, demontarea \u0219i asamblarea mobilei \u0219i etichetarea cutiilor dumneavoastr\u0103.<\/p>\n<p>Site web: <a href=\"http:\/\/www.ata-lebanon.com\" target=\"_blank\" rel=\"noopener\">http:\/\/www.ata-lebanon.com<\/a><\/p>\n<h2><span class=\"ez-toc-section\" id=\"5_Beirut_Express\"><\/span><strong>5. Beirut Express<\/strong><span class=\"ez-toc-section-end\"><\/span><\/h2>\n<p><img loading=\"lazy\" decoding=\"async\" class=\"alignnone size-full wp-image-8293\" src=\"https:\/\/moverdb.com\/wp-content\/uploads\/Beirut-Express-international-moving-company.png\" alt=\"Beirut Express companie de mutare interna\u021bional\u0103\" width=\"1440\" height=\"681\" data-wp-pid=\"8293\" srcset=\"https:\/\/moverdb.com\/wp-content\/uploads\/Beirut-Express-international-moving-company.png 1440w, https:\/\/moverdb.com\/wp-content\/uploads\/Beirut-Express-international-moving-company-300x142.png 300w, https:\/\/moverdb.com\/wp-content\/uploads\/Beirut-Express-international-moving-company-1024x484.png 1024w, https:\/\/moverdb.com\/wp-content\/uploads\/Beirut-Express-international-moving-company-18x9.png 18w, https:\/\/moverdb.com\/wp-content\/uploads\/Beirut-Express-international-moving-company-600x284.png 600w\" sizes=\"auto, (max-width: 1440px) 100vw, 1440px\" \/><\/p>\n<ul>\n<li>Mut\u0103ri locale<\/li>\n<li>Reloc\u0103ri interna\u021bionale<\/li>\n<li>Mutarea gospod\u0103riilor<\/li>\n<li>Mutarea birourilor<\/li>\n<li>Serviciu profesionist de ambalare<\/li>\n<li>Materiale de ambalare de calitate<\/li>\n<li>Transport aerian \u0219i maritim<\/li>\n<li>V\u0103muire<\/li>\n<li>Transportul vehiculelor<\/li>\n<li>C\u0103l\u0103torii \u0219i bilete<\/li>\n<\/ul>\n<p>Beirut Express este un serviciu local \u0219i interna\u021bional de mutare \u0219i relocalizare care func\u021bioneaz\u0103 de 56 de ani \u0219i are sediul \u00een Beirut. Ei au o re\u021bea mondial\u0103 de companii asociate \u0219i agen\u021bi acredita\u021bi \u0219i sunt membri ai IAM.<\/p>\n<p>Beirut Express ofer\u0103 servicii de mutare pentru gospod\u0103rii, companii \u0219i corpora\u021bii, f\u0103c\u00e2nd mutarea c\u00e2t mai u\u0219oar\u0103 posibil. Ace\u0219tia ofer\u0103 un serviciu profesionist de ambalare cu o echip\u0103 instruit\u0103 care folose\u0219te tehnici de \u00eenalt\u0103 protec\u021bie pentru a v\u0103 proteja bunurile \u00een timpul transportului. Ace\u0219tia vor aranja tranzitul bunurilor dvs. prin transport aerian \u0219i maritim \u0219i v\u0103 vor asista cu v\u0103muirea.<\/p>\n<p>Site web: <a href=\"http:\/\/www.beirutexpress.com\" target=\"_blank\" rel=\"noopener\">http:\/\/www.beirutexpress.com<\/a><\/p>\n<h2><span class=\"ez-toc-section\" id=\"6_Domex\"><\/span><strong>6. Domex<\/strong><span class=\"ez-toc-section-end\"><\/span><\/h2>\n<p><img loading=\"lazy\" decoding=\"async\" class=\"alignnone size-full wp-image-8306\" src=\"https:\/\/moverdb.com\/wp-content\/uploads\/Domex-international-moving-company.png\" alt=\"Domex companie de mut\u0103ri interna\u021bionale\" width=\"1440\" height=\"681\" data-wp-pid=\"8306\" srcset=\"https:\/\/moverdb.com\/wp-content\/uploads\/Domex-international-moving-company.png 1440w, https:\/\/moverdb.com\/wp-content\/uploads\/Domex-international-moving-company-300x142.png 300w, https:\/\/moverdb.com\/wp-content\/uploads\/Domex-international-moving-company-1024x484.png 1024w, https:\/\/moverdb.com\/wp-content\/uploads\/Domex-international-moving-company-18x9.png 18w, https:\/\/moverdb.com\/wp-content\/uploads\/Domex-international-moving-company-600x284.png 600w\" sizes=\"auto, (max-width: 1440px) 100vw, 1440px\" \/><\/p>\n<ul>\n<li>Mut\u0103ri interna\u021bionale<\/li>\n<li>Mutarea gospod\u0103riei<\/li>\n<li>Mutarea birourilor<\/li>\n<li>Serviciu din u\u0219\u0103 \u00een u\u0219\u0103<\/li>\n<li>Serviciul de ambalare<\/li>\n<li>Materiale de ambalare de \u00eenalt\u0103 calitate<\/li>\n<li>V\u0103muire<\/li>\n<li>Manipularea artelor frumoase<\/li>\n<li>Asigurare<\/li>\n<li>Facilit\u0103\u021bi de depozitare<\/li>\n<\/ul>\n<p>Domex este o companie de mut\u0103ri \u0219i depozitare care ofer\u0103 servicii interna\u021bionale din \u0219i c\u0103tre Liban \u0219i are sediul \u00een Beirut. Ei colaboreaz\u0103 cu companii de mut\u0103ri selectate din \u00eentreaga lume pentru a furniza servicii \u00een afara Libanului \u0219i sunt membri ai IAM.<\/p>\n<p>Domex ofer\u0103 servicii din u\u0219\u0103 \u00een u\u0219\u0103 pentru gospod\u0103rii \u0219i birouri. Ace\u0219tia ofer\u0103 un serviciu de ambalare care utilizeaz\u0103 materiale de ambalare de \u00eenalt\u0103 calitate pentru a v\u0103 proteja obiectele \u0219i personal calificat. De asemenea, ofer\u0103 un serviciu special pentru obiecte fragile \u0219i obiecte de art\u0103. Ace\u0219tia vor organiza cea mai potrivit\u0103 rut\u0103 \u0219i transport prin intermediul transportului maritim \u0219i aerian \u0219i v\u0103 vor asista la v\u0103muire.<\/p>\n<p>Site web: <a href=\"http:\/\/www.domexco.net\" target=\"_blank\" rel=\"noopener\">http:\/\/www.domexco.net<\/a><\/p>\n<h2><span class=\"ez-toc-section\" id=\"7_BCC_Logistics\"><\/span><strong>7. Logistic\u0103 BCC<\/strong><span class=\"ez-toc-section-end\"><\/span><\/h2>\n<p><img loading=\"lazy\" decoding=\"async\" class=\"alignnone size-full wp-image-7673\" src=\"https:\/\/moverdb.com\/wp-content\/uploads\/BCC-Logistics-international-moving-company.png\" alt=\"BCC Logistics companie de mut\u0103ri interna\u021bionale\" width=\"1440\" height=\"634\" data-wp-pid=\"7673\" srcset=\"https:\/\/moverdb.com\/wp-content\/uploads\/BCC-Logistics-international-moving-company.png 1440w, https:\/\/moverdb.com\/wp-content\/uploads\/BCC-Logistics-international-moving-company-300x132.png 300w, https:\/\/moverdb.com\/wp-content\/uploads\/BCC-Logistics-international-moving-company-1024x451.png 1024w, https:\/\/moverdb.com\/wp-content\/uploads\/BCC-Logistics-international-moving-company-18x8.png 18w, https:\/\/moverdb.com\/wp-content\/uploads\/BCC-Logistics-international-moving-company-600x264.png 600w\" sizes=\"auto, (max-width: 1440px) 100vw, 1440px\" \/><\/p>\n<ul>\n<li>Mi\u0219c\u0103ri na\u021bionale<\/li>\n<li>Mut\u0103ri interna\u021bionale<\/li>\n<li>Mut\u0103ri reziden\u021biale<\/li>\n<li>Mi\u0219c\u0103ri corporative<\/li>\n<li>Serviciu din u\u0219\u0103 \u00een u\u0219\u0103<\/li>\n<li>Serviciul de ambalare<\/li>\n<li>Transporturi terestre, maritime \u0219i aeriene<\/li>\n<li>V\u0103muire<\/li>\n<li>Manipularea artelor plastice<\/li>\n<li>Facilit\u0103\u021bi de depozitare<\/li>\n<\/ul>\n<p>BCC Logistics este o companie global\u0103 de transport de marf\u0103 cu sediul \u00een Beirut, fondat\u0103 \u00een 1993, cu loca\u021bii \u00een <a href=\"https:\/\/moverdb.com\/ro\/moving-to-qatar\/\" data-internallinksmanager029f6b8e52c=\"334\" title=\"V\u0103 muta\u021bi \u00een Qatar? 2026 Costurile de trai \u0219i sfaturi de relocare\">Qatar<\/a>, <a href=\"https:\/\/moverdb.com\/ro\/moving-companies\/moving-companies-iraq\/\" data-internallinksmanager029f6b8e52c=\"314\" title=\"2 Cele mai bune companii de mut\u0103ri interna\u021bionale \u00een Irak\">Irak<\/a> \u0219i <a href=\"https:\/\/moverdb.com\/ro\/moving-to-saudi-arabia\/\" data-internallinksmanager029f6b8e52c=\"319\" title=\"V\u0103 muta\u021bi \u00een Arabia Saudit\u0103? 2026 Costurile vie\u021bii \u0219i sfaturi de relocare\">Arabia Saudit\u0103<\/a>. Ei sunt bine conecta\u021bi cu agen\u021bii de mutare interna\u021bional\u0103, ceea ce le permite s\u0103 ofere servicii \u00een \u00eentreaga lume. Ei sunt membri ai IAM \u0219i sunt acredita\u021bi de FIDI.<\/p>\n<p>BCC Logistics ofer\u0103 un serviciu de mutare din u\u0219\u0103 \u00een u\u0219\u0103, cu un singur punct de contact. Ofer\u0103 un serviciu de ambalare folosind materiale de ambalare de calitate, precum \u0219i transporturi maritime \u00een containere \u0219i ambalare cu trei pere\u021bi pentru transportul aerian cu formalit\u0103\u021bi vamale. Ace\u0219tia v\u0103 vor ajuta cu \u00eempachetarea, despachetarea \u0219i montarea mobilierului. Ofer\u0103, de asemenea, manipularea obiectelor grele, transport de vehicule \u0219i asigurare.<\/p>\n<p>Site web: <a href=\"http:\/\/www.bcclogistics.com\/\" target=\"_blank\" rel=\"noopener\">http:\/\/www.bcclogistics.com\/<\/a><\/p>","protected":false},"excerpt":{"rendered":"<p>Just thinking about moving your home or business can be stressful and seem complicated if you are planning on moving abroad, which is where a moving company can assist by lightening the load. Below we have compiled a list of Lebanon based removal companies that are members of the International Association of Movers (IAM) and\/or [&hellip;]<\/p>\n","protected":false},"author":4,"featured_media":0,"parent":190,"menu_order":0,"comment_status":"closed","ping_status":"closed","template":"","meta":{"_genesis_hide_title":false,"_genesis_hide_breadcrumbs":false,"_genesis_hide_singular_image":false,"_genesis_hide_footer_widgets":false,"_genesis_custom_body_class":"","_genesis_custom_post_class":"","_genesis_layout":"","footnotes":""},"class_list":{"0":"post-8402","1":"page","2":"type-page","3":"status-publish","5":"entry","6":"has-post-thumbnail"},"_links":{"self":[{"href":"https:\/\/moverdb.com\/ro\/wp-json\/wp\/v2\/pages\/8402","targetHints":{"allow":["GET"]}}],"collection":[{"href":"https:\/\/moverdb.com\/ro\/wp-json\/wp\/v2\/pages"}],"about":[{"href":"https:\/\/moverdb.com\/ro\/wp-json\/wp\/v2\/types\/page"}],"author":[{"embeddable":true,"href":"https:\/\/moverdb.com\/ro\/wp-json\/wp\/v2\/users\/4"}],"replies":[{"embeddable":true,"href":"https:\/\/moverdb.com\/ro\/wp-json\/wp\/v2\/comments?post=8402"}],"version-history":[{"count":1,"href":"https:\/\/moverdb.com\/ro\/wp-json\/wp\/v2\/pages\/8402\/revisions"}],"predecessor-version":[{"id":8403,"href":"https:\/\/moverdb.com\/ro\/wp-json\/wp\/v2\/pages\/8402\/revisions\/8403"}],"up":[{"embeddable":true,"href":"https:\/\/moverdb.com\/ro\/wp-json\/wp\/v2\/pages\/190"}],"wp:attachment":[{"href":"https:\/\/moverdb.com\/ro\/wp-json\/wp\/v2\/media?parent=8402"}],"curies":[{"name":"wp","href":"https:\/\/api.w.org\/{rel}","templated":true}]}}