{"id":8396,"date":"2023-04-27T14:53:30","date_gmt":"2023-04-27T14:53:30","guid":{"rendered":"https:\/\/moverdb.com\/?page_id=8396"},"modified":"2026-01-08T15:24:46","modified_gmt":"2026-01-08T15:24:46","slug":"moving-companies-kenya","status":"publish","type":"page","link":"https:\/\/moverdb.com\/ro\/moving-companies\/moving-companies-kenya\/","title":{"rendered":"4 Cele mai bune companii interna\u021bionale de mutare din Kenya"},"content":{"rendered":"<p>Dac\u0103 v\u0103 muta\u021bi casa sau v\u0103 muta\u021bi afacerea, poate p\u0103rea un pic descurajant, mai ales dac\u0103 v\u0103 muta\u021bi \u00een alt\u0103 \u021bar\u0103, av\u00e2nd \u00een vedere actele \u0219i aranjamentele suplimentare care trebuie f\u0103cute. \u00cen acest caz, un <a href=\"https:\/\/moverdb.com\/ro\/moving-companies\/\" data-internallinksmanager029f6b8e52c=\"79\" title=\"Top 25 Companii interna\u021bionale de mutare online\">companie \u00een mi\u0219care<\/a> v\u0103 poate u\u0219ura cu adev\u0103rat sarcina. A\u0219a c\u0103 mai jos am enumerat o list\u0103 cu firme din Kenya <a href=\"https:\/\/moverdb.com\/ro\/international-removals\/\" data-internallinksmanager029f6b8e52c=\"27\" title=\"36 Cele mai bune companii de mut\u0103ri interna\u021bionale din Marea Britanie\">companii de mutare<\/a> care sunt membri ai grupului <a href=\"https:\/\/moverdb.com\/ro\/iam\/\" data-internallinksmanager029f6b8e52c=\"23\" title=\"Explica\u021bii despre Asocia\u021bia Interna\u021bional\u0103 a Transportatorilor (IAM)\">Asocia\u021bia Interna\u021bional\u0103 a Transportatorilor<\/a> (IAM) \u0219i\/sau <a href=\"https:\/\/moverdb.com\/ro\/fidi-faim\/\" data-internallinksmanager029f6b8e52c=\"16\" title=\"FIDI &amp; FAIM (FIDI Accredited International Mover) Explicat\">FIDI<\/a> Accredited International Mover (FAIM) care v\u0103 poate ajuta cu mutarea dumneavoastr\u0103.<\/p>\n<div id=\"ez-toc-container\" class=\"ez-toc-v2_0_82_2 ez-toc-wrap-left counter-hierarchy ez-toc-counter ez-toc-transparent ez-toc-container-direction\">\n<div class=\"ez-toc-title-container\">\n<p class=\"ez-toc-title\" style=\"cursor:inherit\">Sec\u021biuni<\/p>\n<span class=\"ez-toc-title-toggle\"><a href=\"#\" class=\"ez-toc-pull-right ez-toc-btn ez-toc-btn-xs ez-toc-btn-default ez-toc-toggle\" aria-label=\"Comuta\u021bi tabelul de con\u021binut\"><span class=\"ez-toc-js-icon-con\"><span class=\"\"><span class=\"eztoc-hide\" style=\"display:none;\">Toggle<\/span><span class=\"ez-toc-icon-toggle-span\"><svg style=\"fill: #999;color:#999\" xmlns=\"http:\/\/www.w3.org\/2000\/svg\" class=\"list-377408\" width=\"20px\" height=\"20px\" viewbox=\"0 0 24 24\" fill=\"none\"><path d=\"M6 6H4v2h2V6zm14 0H8v2h12V6zM4 11h2v2H4v-2zm16 0H8v2h12v-2zM4 16h2v2H4v-2zm16 0H8v2h12v-2z\" fill=\"currentColor\"><\/path><\/svg><svg style=\"fill: #999;color:#999\" class=\"arrow-unsorted-368013\" xmlns=\"http:\/\/www.w3.org\/2000\/svg\" width=\"10px\" height=\"10px\" viewbox=\"0 0 24 24\" version=\"1.2\" baseprofile=\"tiny\"><path d=\"M18.2 9.3l-6.2-6.3-6.2 6.3c-.2.2-.3.4-.3.7s.1.5.3.7c.2.2.4.3.7.3h11c.3 0 .5-.1.7-.3.2-.2.3-.5.3-.7s-.1-.5-.3-.7zM5.8 14.7l6.2 6.3 6.2-6.3c.2-.2.3-.5.3-.7s-.1-.5-.3-.7c-.2-.2-.4-.3-.7-.3h-11c-.3 0-.5.1-.7.3-.2.2-.3.5-.3.7s.1.5.3.7z\"\/><\/svg><\/span><\/span><\/span><\/a><\/span><\/div>\n<nav><ul class='ez-toc-list ez-toc-list-level-1 eztoc-toggle-hide-by-default' ><li class='ez-toc-page-1 ez-toc-heading-level-2'><a class=\"ez-toc-link ez-toc-heading-1\" href=\"https:\/\/moverdb.com\/ro\/moving-companies\/moving-companies-kenya\/#1_Quick_Task_Freight_Limited\" >1. Quick Task Freight Limited<\/a><\/li><li class='ez-toc-page-1 ez-toc-heading-level-2'><a class=\"ez-toc-link ez-toc-heading-2\" href=\"https:\/\/moverdb.com\/ro\/moving-companies\/moving-companies-kenya\/#2_Nellions_Moving_Relocations\" >2. Nellions Moving &amp; Relocations<\/a><\/li><li class='ez-toc-page-1 ez-toc-heading-level-2'><a class=\"ez-toc-link ez-toc-heading-3\" href=\"https:\/\/moverdb.com\/ro\/moving-companies\/moving-companies-kenya\/#3_Benfi_Global_Logistics\" >3. Benfi Global Logistics<\/a><\/li><li class='ez-toc-page-1 ez-toc-heading-level-2'><a class=\"ez-toc-link ez-toc-heading-4\" href=\"https:\/\/moverdb.com\/ro\/moving-companies\/moving-companies-kenya\/#4_DB_Schenker\" >4. DB Schenker<\/a><\/li><\/ul><\/nav><\/div>\n<h2><span class=\"ez-toc-section\" id=\"1_Quick_Task_Freight_Limited\"><\/span><strong>1. Quick Task Freight Limited<\/strong><span class=\"ez-toc-section-end\"><\/span><\/h2>\n<p><img loading=\"lazy\" decoding=\"async\" class=\"alignnone size-full wp-image-8356\" src=\"https:\/\/moverdb.com\/wp-content\/uploads\/Quick-Task-Freight-international-moving-company.png\" alt=\"Quick Task Freight companie interna\u021bional\u0103 de transport de marf\u0103 \u00een mi\u0219care\" width=\"1440\" height=\"682\" data-wp-pid=\"8356\" srcset=\"https:\/\/moverdb.com\/wp-content\/uploads\/Quick-Task-Freight-international-moving-company.png 1440w, https:\/\/moverdb.com\/wp-content\/uploads\/Quick-Task-Freight-international-moving-company-300x142.png 300w, https:\/\/moverdb.com\/wp-content\/uploads\/Quick-Task-Freight-international-moving-company-1024x485.png 1024w, https:\/\/moverdb.com\/wp-content\/uploads\/Quick-Task-Freight-international-moving-company-18x9.png 18w, https:\/\/moverdb.com\/wp-content\/uploads\/Quick-Task-Freight-international-moving-company-600x284.png 600w\" sizes=\"auto, (max-width: 1440px) 100vw, 1440px\" \/><\/p>\n<ul>\n<li>Mut\u0103ri locale<\/li>\n<li>Mut\u0103ri interna\u021bionale<\/li>\n<li>Mutarea gospod\u0103riei<\/li>\n<li>Mi\u0219c\u0103ri corporative<\/li>\n<li>Servicii personalizate din u\u0219\u0103 \u00een u\u0219\u0103<\/li>\n<li>Serviciul de ambalare<\/li>\n<li>Transport rutier, maritim \u0219i aerian<\/li>\n<li>Brokeraj vamal<\/li>\n<li>Consultan\u021b\u0103 \u00een domeniul asigur\u0103rilor<\/li>\n<li>Facilit\u0103\u021bi de depozitare<\/li>\n<\/ul>\n<p>Quick Task Freight Limited este o companie de expediere de m\u0103rfuri \u0219i logistic\u0103 \u00eenfiin\u021bat\u0103 \u00een 2013, cu sediul \u00een Kenya, cu loca\u021bii \u00een Nairobi \u0219i Mombasa, precum \u0219i alte birouri \u00een Africa de Est. Ace\u0219tia colaboreaz\u0103 cu parteneri interna\u021bionali pentru a reloca persoane din \u00eentreaga lume. Sunt membri ai IAM cu opt ani de activitate.<\/p>\n<p>Quick Task Freight Limited ofer\u0103 servicii personalizate de mutare din u\u0219\u0103 \u00een u\u0219\u0103 pentru gospod\u0103rii \u0219i corpora\u021bii. Ace\u0219tia ofer\u0103 un serviciu de ambalare care v\u0103 va proteja bunurile \u00een timpul transportului, indiferent dac\u0103 acesta este rutier, maritim sau aerian. Ace\u0219tia ofer\u0103 asisten\u021b\u0103 \u00een ceea ce prive\u0219te brokerajul vamal \u0219i asigurarea.<\/p>\n<p>Site web: <a href=\"http:\/\/www.quicktaskfreight.com\" target=\"_blank\" rel=\"noopener\">http:\/\/www.quicktaskfreight.com<\/a><\/p>\n<h2><span class=\"ez-toc-section\" id=\"2_Nellions_Moving_Relocations\"><\/span><strong>2. Nellions Moving &amp; Relocations<\/strong><span class=\"ez-toc-section-end\"><\/span><\/h2>\n<p><img loading=\"lazy\" decoding=\"async\" class=\"alignnone size-full wp-image-8348\" src=\"https:\/\/moverdb.com\/wp-content\/uploads\/Nellions-international-moving-company.png\" alt=\"Nellions companie de mutare interna\u021bional\u0103\" width=\"1440\" height=\"680\" data-wp-pid=\"8348\" srcset=\"https:\/\/moverdb.com\/wp-content\/uploads\/Nellions-international-moving-company.png 1440w, https:\/\/moverdb.com\/wp-content\/uploads\/Nellions-international-moving-company-300x142.png 300w, https:\/\/moverdb.com\/wp-content\/uploads\/Nellions-international-moving-company-1024x484.png 1024w, https:\/\/moverdb.com\/wp-content\/uploads\/Nellions-international-moving-company-18x9.png 18w, https:\/\/moverdb.com\/wp-content\/uploads\/Nellions-international-moving-company-600x283.png 600w\" sizes=\"auto, (max-width: 1440px) 100vw, 1440px\" \/><\/p>\n<ul>\n<li>Mi\u0219c\u0103ri na\u021bionale<\/li>\n<li>Mut\u0103ri interna\u021bionale<\/li>\n<li>Mut\u0103ri reziden\u021biale<\/li>\n<li>Mut\u0103ri corporative \u0219i de birouri<\/li>\n<li>Serviciu din u\u0219\u0103 \u00een u\u0219\u0103<\/li>\n<li>Transportul de m\u0103rfuri pe cale aerian\u0103, maritim\u0103 sau rutier\u0103<\/li>\n<li>Op\u021biuni de expediere, inclusiv groupage<\/li>\n<li>V\u0103muire<\/li>\n<li>Asigurare<\/li>\n<li>Facilit\u0103\u021bi de depozitare<\/li>\n<\/ul>\n<p>Nellions Moving &amp; Relocations este o companie de mut\u0103ri interna\u021bionale cu sediul \u00een Nairobi. Sunt membri ai IAM cu nou\u0103 ani de serviciu, ceea ce le ofer\u0103 acces la o re\u021bea interna\u021bional\u0103 de agen\u021bi de mutare care \u00eei sprijin\u0103.<\/p>\n<p>Nellions Moving &amp; Relocations ofer\u0103 un studiu \u00eenainte de mutare \u0219i consultan\u021bi de mutare pentru a v\u0103 sprijini \u00een planificarea mut\u0103rii. Ace\u0219tia ofer\u0103 servicii de transport din u\u0219\u0103 \u00een u\u0219\u0103, din u\u0219\u0103 \u00een u\u0219\u0103<a href=\"https:\/\/moverdb.com\/ro\/top-49-container-ports\/\" data-internallinksmanager029f6b8e52c=\"80\" title=\"Top 49 cele mai mari \u0219i mai aglomerate porturi de containere \u00een 2026\">port<\/a> sau solu\u021bii de tip \"port la u\u0219\u0103\". Ace\u0219tia v\u0103 vor \u00eempacheta bunurile \u00een siguran\u021b\u0103, ceea ce include instalarea \u0219i asamblarea mobilierului \u0219i crearea unei liste de ambalare f\u0103r\u0103 h\u00e2rtii. Ace\u0219tia vor aranja transportul pe calea aerului, maritim\u0103 sau rutier\u0103 \u0219i se vor ocupa de v\u0103mile de import \u0219i export. Transportul maritim include \u00eenc\u0103rc\u0103turi complete sau mai mici dec\u00e2t un container \u0219i op\u021biuni de grupaj.<\/p>\n<p>Site web: <a href=\"http:\/\/www.nellions.co.ke\" target=\"_blank\" rel=\"noopener\">http:\/\/www.nellions.co.ke<\/a><\/p>\n<h2><span class=\"ez-toc-section\" id=\"3_Benfi_Global_Logistics\"><\/span><strong>3. <\/strong><strong>Benfi Global Logistics<\/strong><span class=\"ez-toc-section-end\"><\/span><\/h2>\n<p><img loading=\"lazy\" decoding=\"async\" class=\"alignnone size-full wp-image-8294\" src=\"https:\/\/moverdb.com\/wp-content\/uploads\/Benfi-Global-Logistics-international-moving-company.png\" alt=\"Benfi Global Logistics companie de mut\u0103ri interna\u021bionale\" width=\"1440\" height=\"683\" data-wp-pid=\"8294\" srcset=\"https:\/\/moverdb.com\/wp-content\/uploads\/Benfi-Global-Logistics-international-moving-company.png 1440w, https:\/\/moverdb.com\/wp-content\/uploads\/Benfi-Global-Logistics-international-moving-company-300x142.png 300w, https:\/\/moverdb.com\/wp-content\/uploads\/Benfi-Global-Logistics-international-moving-company-1024x486.png 1024w, https:\/\/moverdb.com\/wp-content\/uploads\/Benfi-Global-Logistics-international-moving-company-18x9.png 18w, https:\/\/moverdb.com\/wp-content\/uploads\/Benfi-Global-Logistics-international-moving-company-600x285.png 600w\" sizes=\"auto, (max-width: 1440px) 100vw, 1440px\" \/><\/p>\n<ul>\n<li>Logistic\u0103 local\u0103 \u0219i na\u021bional\u0103<\/li>\n<li><a href=\"https:\/\/moverdb.com\/ro\/container-shipping\/\" data-internallinksmanager029f6b8e52c=\"3\" title=\"Graficul ratelor de transport maritim interna\u021bional de containere: Aprilie 2026\">Transport maritim interna\u021bional<\/a><\/li>\n<li>Transporturi individuale<\/li>\n<li>Transporturi corporative<\/li>\n<li>Abordare personalizat\u0103<\/li>\n<li>Transportul rutier de marf\u0103 cu ajutorul flotei lor<\/li>\n<li>Op\u021biuni de transport aerian<\/li>\n<li>Op\u021biuni de transport maritim<\/li>\n<li>Brokeraj vamal<\/li>\n<li>Facilit\u0103\u021bi de depozitare<\/li>\n<\/ul>\n<p>Benfi Global Logistics este un furnizor de solu\u021bii logistice unice care poate livra \u00een orice col\u021b al lumii \u0219i are sediul \u00een Nairobi. Ace\u0219tia au asocia\u021bii \u00een \u00eentreaga lume pentru a-\u0219i extinde raza de ac\u021biune \u0219i livrarea oferind servicii la nivel interna\u021bional. Ei sunt membri ai IAM cu 10 ani de serviciu.<\/p>\n<p>Benfi Global Logistics ofer\u0103 doar servicii de expediere \u0219i depozitare, dar poate satisface nevoile persoanelor fizice \u0219i juridice. Ofer\u0103 o gam\u0103 de op\u021biuni de transport care includ transportul de marf\u0103 cu ajutorul flotei lor de camioane, transportul aerian, de la transporturi mici la chartere, \u0219i transportul maritim, fie c\u0103 este vorba de \u00eenc\u0103rc\u0103turi complete sau mai pu\u021bin de o \u00eenc\u0103rc\u0103tur\u0103 de container.<\/p>\n<p>Site web: <a href=\"http:\/\/www.benfifreightkenya.co.ke\" target=\"_blank\" rel=\"noopener\">http:\/\/www.benfifreightkenya.co.ke<\/a><\/p>\n<h2><span class=\"ez-toc-section\" id=\"4_DB_Schenker\"><\/span><strong>4. DB Schenker<\/strong><span class=\"ez-toc-section-end\"><\/span><\/h2>\n<p><img loading=\"lazy\" decoding=\"async\" class=\"alignnone size-full wp-image-8303\" src=\"https:\/\/moverdb.com\/wp-content\/uploads\/DB-Schenker-Kenya-international-moving-company.png\" alt=\"DB Schenker Kenya companie de mut\u0103ri interna\u021bionale\" width=\"1440\" height=\"677\" data-wp-pid=\"8303\" srcset=\"https:\/\/moverdb.com\/wp-content\/uploads\/DB-Schenker-Kenya-international-moving-company.png 1440w, https:\/\/moverdb.com\/wp-content\/uploads\/DB-Schenker-Kenya-international-moving-company-300x141.png 300w, https:\/\/moverdb.com\/wp-content\/uploads\/DB-Schenker-Kenya-international-moving-company-1024x481.png 1024w, https:\/\/moverdb.com\/wp-content\/uploads\/DB-Schenker-Kenya-international-moving-company-18x8.png 18w, https:\/\/moverdb.com\/wp-content\/uploads\/DB-Schenker-Kenya-international-moving-company-600x282.png 600w\" sizes=\"auto, (max-width: 1440px) 100vw, 1440px\" \/><\/p>\n<ul>\n<li>Mi\u0219c\u0103ri na\u021bionale<\/li>\n<li>Mut\u0103ri interna\u021bionale<\/li>\n<li>Mut\u0103ri reziden\u021biale<\/li>\n<li>Compania se mut\u0103<\/li>\n<li>Serviciul de ambalare<\/li>\n<li>Ambalatori profesioni\u0219ti<\/li>\n<li>Transportul de m\u0103rfuri terestru, feroviar, aerian \u0219i maritim<\/li>\n<li>V\u0103muire<\/li>\n<li>Serviciul de urm\u0103rire<\/li>\n<li>Facilit\u0103\u021bi de depozitare<\/li>\n<\/ul>\n<p>DB Schenker este un furnizor global de servicii de logistic\u0103, prezent \u00een aproape 725 de loca\u021bii \u0219i peste 60 de \u021b\u0103ri, cu o vechime de peste 150 de ani. Baza lor kenyan\u0103 se afl\u0103 \u00een Nairobi, unde ofer\u0103 servicii na\u021bionale \u0219i interna\u021bionale. Ei au o re\u021bea interna\u021bional\u0103 pentru a furniza servicii la nivel mondial \u0219i sunt membri ai IAM.<\/p>\n<p>DB Schenker ofer\u0103 un serviciu de ambalare care v\u0103 va proteja bunurile folosind materiale de ambalare ecologice \u0219i include demontarea \u0219i asamblarea mobilierului. Ace\u0219tia vor aranja transportul pe cale terestr\u0103, feroviar\u0103, aerian\u0103 sau maritim\u0103, cu v\u0103muire \u0219i un serviciu de urm\u0103rire care v\u0103 permite s\u0103 monitoriza\u021bi progresul.<\/p>\n<p>Site web: <a href=\"http:\/\/www.dbschenker.com\" target=\"_blank\" rel=\"noopener\">http:\/\/www.dbschenker.com<\/a><\/p>","protected":false},"excerpt":{"rendered":"<p>If you are moving home or your business, it might seem a bit daunting especially if you are moving countries with the additional paperwork and arrangements to make. This is where a moving company can really lighten your load. So below we\u2019ve listed Kenyan based removal companies that are members of the International Association of [&hellip;]<\/p>\n","protected":false},"author":4,"featured_media":0,"parent":190,"menu_order":0,"comment_status":"closed","ping_status":"closed","template":"","meta":{"_genesis_hide_title":false,"_genesis_hide_breadcrumbs":false,"_genesis_hide_singular_image":false,"_genesis_hide_footer_widgets":false,"_genesis_custom_body_class":"","_genesis_custom_post_class":"","_genesis_layout":"","footnotes":""},"class_list":{"0":"post-8396","1":"page","2":"type-page","3":"status-publish","5":"entry","6":"has-post-thumbnail"},"_links":{"self":[{"href":"https:\/\/moverdb.com\/ro\/wp-json\/wp\/v2\/pages\/8396","targetHints":{"allow":["GET"]}}],"collection":[{"href":"https:\/\/moverdb.com\/ro\/wp-json\/wp\/v2\/pages"}],"about":[{"href":"https:\/\/moverdb.com\/ro\/wp-json\/wp\/v2\/types\/page"}],"author":[{"embeddable":true,"href":"https:\/\/moverdb.com\/ro\/wp-json\/wp\/v2\/users\/4"}],"replies":[{"embeddable":true,"href":"https:\/\/moverdb.com\/ro\/wp-json\/wp\/v2\/comments?post=8396"}],"version-history":[{"count":1,"href":"https:\/\/moverdb.com\/ro\/wp-json\/wp\/v2\/pages\/8396\/revisions"}],"predecessor-version":[{"id":8397,"href":"https:\/\/moverdb.com\/ro\/wp-json\/wp\/v2\/pages\/8396\/revisions\/8397"}],"up":[{"embeddable":true,"href":"https:\/\/moverdb.com\/ro\/wp-json\/wp\/v2\/pages\/190"}],"wp:attachment":[{"href":"https:\/\/moverdb.com\/ro\/wp-json\/wp\/v2\/media?parent=8396"}],"curies":[{"name":"wp","href":"https:\/\/api.w.org\/{rel}","templated":true}]}}