{"id":8394,"date":"2023-04-27T14:54:05","date_gmt":"2023-04-27T14:54:05","guid":{"rendered":"https:\/\/moverdb.com\/?page_id=8394"},"modified":"2026-01-08T15:24:20","modified_gmt":"2026-01-08T15:24:20","slug":"moving-companies-kazakhstan","status":"publish","type":"page","link":"https:\/\/moverdb.com\/ro\/moving-companies\/moving-companies-kazakhstan\/","title":{"rendered":"3 Cele mai bune companii de mutare interna\u021bional\u0103 \u00een Kazahstan"},"content":{"rendered":"<p>Mutarea poate fi un moment stresant, dar dac\u0103 dori\u021bi s\u0103 \u00eel reduce\u021bi, pute\u021bi apela la serviciile unui <a href=\"https:\/\/moverdb.com\/ro\/moving-companies\/\" data-internallinksmanager029f6b8e52c=\"79\" title=\"Top 25 Companii interna\u021bionale de mutare online\">companie \u00een mi\u0219care<\/a>. Ace\u0219tia se pot ocupa de organizarea, ambalarea \u0219i administrarea mut\u0103rii dumneavoastr\u0103. Mai jos am compilat o list\u0103 de firme de mutare din Kazahstan. <a href=\"https:\/\/moverdb.com\/ro\/international-removals\/\" data-internallinksmanager029f6b8e52c=\"27\" title=\"36 Cele mai bune companii de mut\u0103ri interna\u021bionale din Marea Britanie\">companii de mutare<\/a> care sunt membri ai grupului <a href=\"https:\/\/moverdb.com\/ro\/iam\/\" data-internallinksmanager029f6b8e52c=\"23\" title=\"Explica\u021bii despre Asocia\u021bia Interna\u021bional\u0103 a Transportatorilor (IAM)\">Asocia\u021bia Interna\u021bional\u0103 a Transportatorilor<\/a> (IAM) \u0219i\/sau <a href=\"https:\/\/moverdb.com\/ro\/fidi-faim\/\" data-internallinksmanager029f6b8e52c=\"16\" title=\"FIDI &amp; FAIM (FIDI Accredited International Mover) Explicat\">FIDI<\/a> Accredited International Mover (FAIM), care v\u0103 poate ajuta cu mutarea dumneavoastr\u0103.<\/p>\n<h2><strong>1. Intermovex<\/strong><\/h2>\n<p><img loading=\"lazy\" decoding=\"async\" class=\"alignnone size-full wp-image-8330\" src=\"https:\/\/moverdb.com\/wp-content\/uploads\/Intermovex-international-moving-company.png\" alt=\"Intermovex companie interna\u021bional\u0103 de mutare\" width=\"1440\" height=\"680\" data-wp-pid=\"8330\" srcset=\"https:\/\/moverdb.com\/wp-content\/uploads\/Intermovex-international-moving-company.png 1440w, https:\/\/moverdb.com\/wp-content\/uploads\/Intermovex-international-moving-company-300x142.png 300w, https:\/\/moverdb.com\/wp-content\/uploads\/Intermovex-international-moving-company-1024x484.png 1024w, https:\/\/moverdb.com\/wp-content\/uploads\/Intermovex-international-moving-company-18x9.png 18w, https:\/\/moverdb.com\/wp-content\/uploads\/Intermovex-international-moving-company-600x283.png 600w\" sizes=\"auto, (max-width: 1440px) 100vw, 1440px\" \/><\/p>\n<ul>\n<li>Mi\u0219c\u0103ri na\u021bionale<\/li>\n<li>Mut\u0103ri interna\u021bionale<\/li>\n<li>Mutarea gospod\u0103riei<\/li>\n<li>Mutarea birourilor<\/li>\n<li>Serviciu din u\u0219\u0103 \u00een u\u0219\u0103<\/li>\n<li>Serviciul de ambalare<\/li>\n<li>V\u0103muire<\/li>\n<li>Manipularea artelor frumoase<\/li>\n<li>Transportul animalelor \u0219i al ma\u0219inilor<\/li>\n<li>Depozitare pe termen scurt sau lung<\/li>\n<\/ul>\n<p>Intermovex este o companie interna\u021bional\u0103 de mut\u0103ri \u00eenfiin\u021bat\u0103 \u00een 2009, cu birouri \u00een Almaty \u0219i Astana. Ace\u0219tia colaboreaz\u0103 cu parteneri str\u0103ini pentru a-i ajuta s\u0103 \u00ee\u0219i ofere serviciile la nivel interna\u021bional. Sunt membri ai IAM cu 14 ani de activitate.<\/p>\n<p>Intermovex ofer\u0103 un serviciu din u\u0219\u0103 \u00een u\u0219\u0103, cu un manager personal care s\u0103 v\u0103 sprijine \u00een toate etapele mut\u0103rii dumneavoastr\u0103. Serviciul lor de ambalare folose\u0219te materiale de ambalare de \u00eenalt\u0103 calitate, v\u0103 ajut\u0103 s\u0103 alege\u021bi cel mai potrivit mijloc de transport \u0219i v\u0103 asist\u0103 \u00een procesul de v\u0103muire. Ace\u0219tia ofer\u0103 o gam\u0103 de servicii suplimentare care includ transportul de ma\u0219ini, expozi\u021bii, animale, bunuri culturale \u0219i obiecte de art\u0103, precum \u0219i asigurarea \u00eenc\u0103rc\u0103turii \u0219i facilit\u0103\u021bi de depozitare.<\/p>\n<p>Site web: <a href=\"http:\/\/www.intermovex.kz\" target=\"_blank\" rel=\"noopener\">http:\/\/www.intermovex.kz<\/a><\/p>\n<h2><strong>2. Gosselin<\/strong><\/h2>\n<p><img loading=\"lazy\" decoding=\"async\" class=\"alignnone size-full wp-image-8321\" src=\"https:\/\/moverdb.com\/wp-content\/uploads\/Gosselin-Kazakhstan-international-moving-company.png\" alt=\"Gosselin Kazahstan companie de mut\u0103ri interna\u021bionale\" width=\"1440\" height=\"680\" data-wp-pid=\"8321\" srcset=\"https:\/\/moverdb.com\/wp-content\/uploads\/Gosselin-Kazakhstan-international-moving-company.png 1440w, https:\/\/moverdb.com\/wp-content\/uploads\/Gosselin-Kazakhstan-international-moving-company-300x142.png 300w, https:\/\/moverdb.com\/wp-content\/uploads\/Gosselin-Kazakhstan-international-moving-company-1024x484.png 1024w, https:\/\/moverdb.com\/wp-content\/uploads\/Gosselin-Kazakhstan-international-moving-company-18x9.png 18w, https:\/\/moverdb.com\/wp-content\/uploads\/Gosselin-Kazakhstan-international-moving-company-600x283.png 600w\" sizes=\"auto, (max-width: 1440px) 100vw, 1440px\" \/><\/p>\n<ul>\n<li>Mi\u0219c\u0103ri na\u021bionale<\/li>\n<li>Mut\u0103ri interna\u021bionale<\/li>\n<li>Mut\u0103ri reziden\u021biale<\/li>\n<li>Mutarea birourilor<\/li>\n<li>Servicii personalizate din u\u0219\u0103 \u00een u\u0219\u0103<\/li>\n<li>Serviciul de ambalare<\/li>\n<li>Organizarea transportului<\/li>\n<li>Transportul animalelor de companie \u0219i al vehiculelor<\/li>\n<li>Asigurare<\/li>\n<li>Depozitare flexibil\u0103 pe termen scurt sau lung<\/li>\n<\/ul>\n<p>Gosselin este o companie interna\u021bional\u0103 de mut\u0103ri \u0219i reloc\u0103ri cu 34 de birouri \u00een Europa \u0219i Rusia, inclusiv \u00een Kazahstan. Ace\u0219tia au propria re\u021bea de sucursale \u0219i parteneri care \u00eei asist\u0103 \u00een cazul mut\u0103rilor interna\u021bionale \u0219i sunt membri ai IAM.<\/p>\n<p>Gosselin ofer\u0103 un serviciu de mutare din u\u0219\u0103 \u00een u\u0219\u0103 cu un instrument de sondaj online pentru a oferi o estimare rapid\u0103 urmat\u0103 de o estimare fiabil\u0103. Ace\u0219tia ofer\u0103 un serviciu de \u00eempachetare cu transportatori profesioni\u0219ti care folosesc materiale de ambalare ecologice pentru a v\u0103 proteja bunurile \u0219i ofer\u0103, de asemenea, demontarea \u0219i reasamblarea mobilei \u0219i serviciul de despachetare. De asemenea, ei ofer\u0103 servicii suplimentare, inclusiv mutarea animalelor de companie, manipularea artelor frumoase, transportul auto \u0219i solu\u021bii de depozitare.<\/p>\n<p>Site web: <a href=\"http:\/\/www.moving.gosselingroup.eu\" target=\"_blank\" rel=\"noopener\">http:\/\/www.moving.gosselingroup.eu<\/a><\/p>\n<h2><strong>3. Globalink Logistics<\/strong><\/h2>\n<p><img loading=\"lazy\" decoding=\"async\" class=\"alignnone size-full wp-image-8320\" src=\"https:\/\/moverdb.com\/wp-content\/uploads\/Globalink-Logistics-international-moving-company.png\" alt=\"Globalink Logistics companie de mutare interna\u021bional\u0103\" width=\"1440\" height=\"680\" data-wp-pid=\"8320\" srcset=\"https:\/\/moverdb.com\/wp-content\/uploads\/Globalink-Logistics-international-moving-company.png 1440w, https:\/\/moverdb.com\/wp-content\/uploads\/Globalink-Logistics-international-moving-company-300x142.png 300w, https:\/\/moverdb.com\/wp-content\/uploads\/Globalink-Logistics-international-moving-company-1024x484.png 1024w, https:\/\/moverdb.com\/wp-content\/uploads\/Globalink-Logistics-international-moving-company-18x9.png 18w, https:\/\/moverdb.com\/wp-content\/uploads\/Globalink-Logistics-international-moving-company-600x283.png 600w\" sizes=\"auto, (max-width: 1440px) 100vw, 1440px\" \/><\/p>\n<ul>\n<li>Mi\u0219c\u0103ri na\u021bionale<\/li>\n<li>Mut\u0103ri interna\u021bionale<\/li>\n<li>Mut\u0103ri reziden\u021biale<\/li>\n<li>Reloc\u0103ri corporative<\/li>\n<li>Serviciu din u\u0219\u0103 \u00een u\u0219\u0103<\/li>\n<li>Serviciul de ambalare<\/li>\n<li>Transport rutier, feroviar, maritim \u0219i aerian<\/li>\n<li>Brokeraj vamal<\/li>\n<li>Mutarea animalelor de companie<\/li>\n<li>Facilit\u0103\u021bi de depozitare<\/li>\n<\/ul>\n<p>Globalink Logistics este o companie de logistic\u0103 specializat\u0103 \u00een Europa \u0219i Asia, care ofer\u0103 servicii de mutare. Aceasta are loca\u021bii \u00een Almaty, Astana, Atyrau, Aktobe, Oskemen, Uralsk \u0219i Shymkent. Au o re\u021bea global\u0103 \u00een 55 de \u021b\u0103ri pentru a oferi servicii la nivel interna\u021bional. Sunt membri ai IAM cu 24 de ani de activitate \u0219i sunt acredita\u021bi de FIDI.<\/p>\n<p>Globalink Logistics ofer\u0103 un studiu \u00eenainte de mutare \u0219i un proces de planificare a mut\u0103rii cu o estimare a pre\u021bului. Ace\u0219tia ofer\u0103 servicii de mutare din u\u0219\u0103 \u00een u\u0219\u0103, inclusiv transport de animale de companie \u0219i vehicule, asigurare \u0219i urm\u0103rire a mut\u0103rii. Ofer\u0103 un serviciu de ambalare folosind materiale de \u00eenalt\u0103 calitate, cu tranzit rutier, feroviar, maritim sau aerian \u0219i ofer\u0103 asisten\u021b\u0103 \u00een ceea ce prive\u0219te brokerajul vamal.<\/p>\n<p>Site web: <a href=\"https:\/\/globalinklogistics.com\/\" target=\"_blank\" rel=\"noopener\">https:\/\/globalinklogistics.com\/<\/a><\/p>","protected":false},"excerpt":{"rendered":"<p>Moving can be a stressful time but if you want to reduce it, you can employ the services of a moving company. They can take over the organisation, packing and administration of your move. Below we have compiled a list of Kazakhstan based removal companies that are members of the International Association of Movers (IAM) [&hellip;]<\/p>\n","protected":false},"author":4,"featured_media":0,"parent":190,"menu_order":0,"comment_status":"closed","ping_status":"closed","template":"","meta":{"_genesis_hide_title":false,"_genesis_hide_breadcrumbs":false,"_genesis_hide_singular_image":false,"_genesis_hide_footer_widgets":false,"_genesis_custom_body_class":"","_genesis_custom_post_class":"","_genesis_layout":"","footnotes":""},"class_list":{"0":"post-8394","1":"page","2":"type-page","3":"status-publish","5":"entry","6":"has-post-thumbnail"},"_links":{"self":[{"href":"https:\/\/moverdb.com\/ro\/wp-json\/wp\/v2\/pages\/8394","targetHints":{"allow":["GET"]}}],"collection":[{"href":"https:\/\/moverdb.com\/ro\/wp-json\/wp\/v2\/pages"}],"about":[{"href":"https:\/\/moverdb.com\/ro\/wp-json\/wp\/v2\/types\/page"}],"author":[{"embeddable":true,"href":"https:\/\/moverdb.com\/ro\/wp-json\/wp\/v2\/users\/4"}],"replies":[{"embeddable":true,"href":"https:\/\/moverdb.com\/ro\/wp-json\/wp\/v2\/comments?post=8394"}],"version-history":[{"count":1,"href":"https:\/\/moverdb.com\/ro\/wp-json\/wp\/v2\/pages\/8394\/revisions"}],"predecessor-version":[{"id":8395,"href":"https:\/\/moverdb.com\/ro\/wp-json\/wp\/v2\/pages\/8394\/revisions\/8395"}],"up":[{"embeddable":true,"href":"https:\/\/moverdb.com\/ro\/wp-json\/wp\/v2\/pages\/190"}],"wp:attachment":[{"href":"https:\/\/moverdb.com\/ro\/wp-json\/wp\/v2\/media?parent=8394"}],"curies":[{"name":"wp","href":"https:\/\/api.w.org\/{rel}","templated":true}]}}