{"id":8390,"date":"2023-04-27T14:54:37","date_gmt":"2023-04-27T14:54:37","guid":{"rendered":"https:\/\/moverdb.com\/?page_id=8390"},"modified":"2026-01-08T15:29:21","modified_gmt":"2026-01-08T15:29:21","slug":"moving-companies-jordan","status":"publish","type":"page","link":"https:\/\/moverdb.com\/ro\/moving-companies\/moving-companies-jordan\/","title":{"rendered":"6 Cele mai bune companii de mutare interna\u021bional\u0103 \u00een Iordania"},"content":{"rendered":"<p>V\u0103 muta\u021bi casa sau afacerea? \u00cen acest caz, este posibil ca organizarea \u0219i birocra\u021bia s\u0103 \u00eenceap\u0103 s\u0103 v\u0103 descurajeze, a\u0219a c\u0103 este posibil s\u0103 dori\u021bi ajutorul unui <a href=\"https:\/\/moverdb.com\/ro\/moving-companies\/\" data-internallinksmanager029f6b8e52c=\"79\" title=\"Top 25 Companii interna\u021bionale de mutare online\">companie \u00een mi\u0219care<\/a>. Dac\u0103 dori\u021bi s\u0103 v\u0103 muta\u021bi \u00een, spre sau din Iordania, am compilat lista de mai jos cu <a href=\"https:\/\/moverdb.com\/ro\/international-removals\/\" data-internallinksmanager029f6b8e52c=\"27\" title=\"36 Cele mai bune companii de mut\u0103ri interna\u021bionale din Marea Britanie\">companii de mutare<\/a> care sunt membri ai grupului <a href=\"https:\/\/moverdb.com\/ro\/iam\/\" data-internallinksmanager029f6b8e52c=\"23\" title=\"Explica\u021bii despre Asocia\u021bia Interna\u021bional\u0103 a Transportatorilor (IAM)\">Asocia\u021bia Interna\u021bional\u0103 a Transportatorilor<\/a> (IAM) \u0219i\/sau <a href=\"https:\/\/moverdb.com\/ro\/fidi-faim\/\" data-internallinksmanager029f6b8e52c=\"16\" title=\"FIDI &amp; FAIM (FIDI Accredited International Mover) Explicat\">FIDI<\/a> Accredited International Mover (FAIM) care v\u0103 poate ajuta cu mutarea dumneavoastr\u0103.<\/p>\n<div id=\"ez-toc-container\" class=\"ez-toc-v2_0_82_2 ez-toc-wrap-left counter-hierarchy ez-toc-counter ez-toc-transparent ez-toc-container-direction\">\n<div class=\"ez-toc-title-container\">\n<p class=\"ez-toc-title\" style=\"cursor:inherit\">Sec\u021biuni<\/p>\n<span class=\"ez-toc-title-toggle\"><a href=\"#\" class=\"ez-toc-pull-right ez-toc-btn ez-toc-btn-xs ez-toc-btn-default ez-toc-toggle\" aria-label=\"Comuta\u021bi tabelul de con\u021binut\"><span class=\"ez-toc-js-icon-con\"><span class=\"\"><span class=\"eztoc-hide\" style=\"display:none;\">Toggle<\/span><span class=\"ez-toc-icon-toggle-span\"><svg style=\"fill: #999;color:#999\" xmlns=\"http:\/\/www.w3.org\/2000\/svg\" class=\"list-377408\" width=\"20px\" height=\"20px\" viewbox=\"0 0 24 24\" fill=\"none\"><path d=\"M6 6H4v2h2V6zm14 0H8v2h12V6zM4 11h2v2H4v-2zm16 0H8v2h12v-2zM4 16h2v2H4v-2zm16 0H8v2h12v-2z\" fill=\"currentColor\"><\/path><\/svg><svg style=\"fill: #999;color:#999\" class=\"arrow-unsorted-368013\" xmlns=\"http:\/\/www.w3.org\/2000\/svg\" width=\"10px\" height=\"10px\" viewbox=\"0 0 24 24\" version=\"1.2\" baseprofile=\"tiny\"><path d=\"M18.2 9.3l-6.2-6.3-6.2 6.3c-.2.2-.3.4-.3.7s.1.5.3.7c.2.2.4.3.7.3h11c.3 0 .5-.1.7-.3.2-.2.3-.5.3-.7s-.1-.5-.3-.7zM5.8 14.7l6.2 6.3 6.2-6.3c.2-.2.3-.5.3-.7s-.1-.5-.3-.7c-.2-.2-.4-.3-.7-.3h-11c-.3 0-.5.1-.7.3-.2.2-.3.5-.3.7s.1.5.3.7z\"\/><\/svg><\/span><\/span><\/span><\/a><\/span><\/div>\n<nav><ul class='ez-toc-list ez-toc-list-level-1 eztoc-toggle-hide-by-default' ><li class='ez-toc-page-1 ez-toc-heading-level-2'><a class=\"ez-toc-link ez-toc-heading-1\" href=\"https:\/\/moverdb.com\/ro\/moving-companies\/moving-companies-jordan\/#1_CML_Safe_Pak\" >1. CML Safe Pak<\/a><\/li><li class='ez-toc-page-1 ez-toc-heading-level-2'><a class=\"ez-toc-link ez-toc-heading-2\" href=\"https:\/\/moverdb.com\/ro\/moving-companies\/moving-companies-jordan\/#2_Jirpac\" >2. Jirpac<\/a><\/li><li class='ez-toc-page-1 ez-toc-heading-level-2'><a class=\"ez-toc-link ez-toc-heading-3\" href=\"https:\/\/moverdb.com\/ro\/moving-companies\/moving-companies-jordan\/#3_Jordanian_Coast_Cargo_Service\" >3. Serviciul de marf\u0103 de coast\u0103 iordanian<\/a><\/li><li class='ez-toc-page-1 ez-toc-heading-level-2'><a class=\"ez-toc-link ez-toc-heading-4\" href=\"https:\/\/moverdb.com\/ro\/moving-companies\/moving-companies-jordan\/#4_Levant_Express\" >4. Levant Express<\/a><\/li><li class='ez-toc-page-1 ez-toc-heading-level-2'><a class=\"ez-toc-link ez-toc-heading-5\" href=\"https:\/\/moverdb.com\/ro\/moving-companies\/moving-companies-jordan\/#5_Logistimania\" >5. Logistimania<\/a><\/li><li class='ez-toc-page-1 ez-toc-heading-level-2'><a class=\"ez-toc-link ez-toc-heading-6\" href=\"https:\/\/moverdb.com\/ro\/moving-companies\/moving-companies-jordan\/#6_Naouri_Group\" >6. Grupul Naouri<\/a><\/li><\/ul><\/nav><\/div>\n<h2><span class=\"ez-toc-section\" id=\"1_CML_Safe_Pak\"><\/span><strong>1. CML Safe Pak<\/strong><span class=\"ez-toc-section-end\"><\/span><\/h2>\n<p><img loading=\"lazy\" decoding=\"async\" class=\"alignnone size-full wp-image-8391\" src=\"https:\/\/moverdb.com\/wp-content\/uploads\/CML-Safe-Pak-international-moving-company.png\" alt=\"CML Safe Pak companie de mut\u0103ri interna\u021bionale\" width=\"1440\" height=\"667\" data-wp-pid=\"8391\" srcset=\"https:\/\/moverdb.com\/wp-content\/uploads\/CML-Safe-Pak-international-moving-company.png 1440w, https:\/\/moverdb.com\/wp-content\/uploads\/CML-Safe-Pak-international-moving-company-300x139.png 300w, https:\/\/moverdb.com\/wp-content\/uploads\/CML-Safe-Pak-international-moving-company-1024x474.png 1024w, https:\/\/moverdb.com\/wp-content\/uploads\/CML-Safe-Pak-international-moving-company-18x8.png 18w, https:\/\/moverdb.com\/wp-content\/uploads\/CML-Safe-Pak-international-moving-company-600x278.png 600w\" sizes=\"auto, (max-width: 1440px) 100vw, 1440px\" \/><\/p>\n<ul>\n<li>Reloc\u0103ri locale \u0219i na\u021bionale<\/li>\n<li>Reloc\u0103ri interna\u021bionale<\/li>\n<li>Mut\u0103ri reziden\u021biale<\/li>\n<li>Coordonator de mi\u0219care<\/li>\n<li>Serviciul de ambalare<\/li>\n<li>Transport terestru, maritim \u0219i aerian<\/li>\n<li>V\u0103muire<\/li>\n<li>Transportul animalelor de companie<\/li>\n<li>Servicii de cur\u0103\u021benie<\/li>\n<li>Depozitare securizat\u0103<\/li>\n<\/ul>\n<p>CML Safe Pak este o companie de servicii de mutare, logistic\u0103 \u0219i transport de marf\u0103 care ajut\u0103 oamenii s\u0103 se mute din 1992 \u0219i are sediul \u00een Amman. Compania este membr\u0103 a <a href=\"https:\/\/moverdb.com\/ro\/harmony-relocation-network\/\" data-internallinksmanager029f6b8e52c=\"20\" title=\"Explica\u021bii despre re\u021beaua Harmony Relocation Network (HRN)\">Re\u021beaua de relocare Harmony<\/a> \u0219i IAM cu 31 de ani de activitate \u0219i sunt acreditate de FIDI. Aceste asocia\u021bii le ofer\u0103 acces la o re\u021bea interna\u021bional\u0103 de agen\u021bi de mutare.<\/p>\n<p>CML Safe Pak ofer\u0103 o consulta\u021bie \u00eenainte de mutare cu un consultant \u00een mutare pentru a v\u0103 evalua nevoile. Coordonatorul de mutare se va ocupa de toat\u0103 logistica mut\u0103rii dvs., inclusiv de documente \u0219i de v\u0103muire. Ace\u0219tia ofer\u0103 servicii suplimentare care includ servicii de cur\u0103\u021benie \u00een timpul mut\u0103rii, mutarea operelor de art\u0103 \u0219i a antichit\u0103\u021bilor \u0219i transportul animalelor de companie.<\/p>\n<p>Site web: <a href=\"http:\/\/www.cml-jo.com\" target=\"_blank\" rel=\"noopener\">http:\/\/www.cml-jo.com<\/a><\/p>\n<h2><span class=\"ez-toc-section\" id=\"2_Jirpac\"><\/span><strong>2. Jirpac<\/strong><span class=\"ez-toc-section-end\"><\/span><\/h2>\n<p><img loading=\"lazy\" decoding=\"async\" class=\"alignnone size-full wp-image-8333\" src=\"https:\/\/moverdb.com\/wp-content\/uploads\/Jirpac-international-moving-company.png\" alt=\"Jirpac companie interna\u021bional\u0103 de mutare\" width=\"1440\" height=\"679\" data-wp-pid=\"8333\" srcset=\"https:\/\/moverdb.com\/wp-content\/uploads\/Jirpac-international-moving-company.png 1440w, https:\/\/moverdb.com\/wp-content\/uploads\/Jirpac-international-moving-company-300x141.png 300w, https:\/\/moverdb.com\/wp-content\/uploads\/Jirpac-international-moving-company-1024x483.png 1024w, https:\/\/moverdb.com\/wp-content\/uploads\/Jirpac-international-moving-company-18x8.png 18w, https:\/\/moverdb.com\/wp-content\/uploads\/Jirpac-international-moving-company-600x283.png 600w\" sizes=\"auto, (max-width: 1440px) 100vw, 1440px\" \/><\/p>\n<ul>\n<li>Mi\u0219c\u0103ri na\u021bionale<\/li>\n<li>Mut\u0103ri interna\u021bionale<\/li>\n<li>Mutarea gospod\u0103riei<\/li>\n<li>Mutarea angaja\u021bilor<\/li>\n<li>Mutarea afacerilor \u0219i a birourilor<\/li>\n<li>Serviciul de ambalare<\/li>\n<li>Transport terestru, maritim \u0219i aerian<\/li>\n<li>Brokeraj vamal<\/li>\n<li>Asigurare<\/li>\n<li>Facilit\u0103\u021bi de depozitare securizate<\/li>\n<\/ul>\n<p>Jirpac este o companie interna\u021bional\u0103 de mutare \u0219i ambalare, \u00eenfiin\u021bat\u0103 \u00een 1978 \u0219i cu sediul \u00een Amman. Ei au o re\u021bea de coresponden\u021bi \u00een 170 de \u021b\u0103ri din \u00eentreaga lume, care \u00eei ajut\u0103 \u00een furnizarea de servicii la nivel interna\u021bional. Ei sunt membri ai IAM cu 45 de ani de activitate.<\/p>\n<p>Jirpac ofer\u0103 servicii de mutare na\u021bional\u0103 \u0219i interna\u021bional\u0103 pentru gospod\u0103rii \u0219i organiza\u021bii. Ace\u0219tia ofer\u0103 un serviciu de ambalare care pune la dispozi\u021bie o varietate de materiale de ambalare \u0219i cutii de carton pentru a v\u0103 proteja bunurile \u00een tranzit, care respect\u0103 standardele interna\u021bionale. Ace\u0219tia ofer\u0103 transport terestru, aerian \u0219i maritim cu servicii de v\u0103muire.<\/p>\n<p>Site web: <a href=\"http:\/\/www.jirpac.com\" target=\"_blank\" rel=\"noopener\">http:\/\/www.jirpac.com<\/a><\/p>\n<h2><span class=\"ez-toc-section\" id=\"3_Jordanian_Coast_Cargo_Service\"><\/span><strong>3. Serviciul de marf\u0103 de coast\u0103 iordanian<\/strong><span class=\"ez-toc-section-end\"><\/span><\/h2>\n<p><img loading=\"lazy\" decoding=\"async\" class=\"alignnone size-full wp-image-8334\" src=\"https:\/\/moverdb.com\/wp-content\/uploads\/Jordanian-Coast-Cargo-Services-international-moving-company.png\" alt=\"Iordanian Coast Cargo Services companie interna\u021bional\u0103 de mutare\" width=\"1440\" height=\"677\" data-wp-pid=\"8334\" srcset=\"https:\/\/moverdb.com\/wp-content\/uploads\/Jordanian-Coast-Cargo-Services-international-moving-company.png 1440w, https:\/\/moverdb.com\/wp-content\/uploads\/Jordanian-Coast-Cargo-Services-international-moving-company-300x141.png 300w, https:\/\/moverdb.com\/wp-content\/uploads\/Jordanian-Coast-Cargo-Services-international-moving-company-1024x481.png 1024w, https:\/\/moverdb.com\/wp-content\/uploads\/Jordanian-Coast-Cargo-Services-international-moving-company-18x8.png 18w, https:\/\/moverdb.com\/wp-content\/uploads\/Jordanian-Coast-Cargo-Services-international-moving-company-600x282.png 600w\" sizes=\"auto, (max-width: 1440px) 100vw, 1440px\" \/><\/p>\n<ul>\n<li>Mut\u0103ri na\u021bionale<\/li>\n<li>Mut\u0103ri interna\u021bionale<\/li>\n<li>Mutarea gospod\u0103riei<\/li>\n<li>Servicii comerciale<\/li>\n<li>Serviciu din u\u0219\u0103 \u00een u\u0219\u0103<\/li>\n<li>Serviciu profesionist de ambalare<\/li>\n<li>Transport terestru, aerian \u0219i maritim<\/li>\n<li>V\u0103muire<\/li>\n<li>Transportul vehiculelor \u0219i al animalelor de companie<\/li>\n<li>Stocare sigur\u0103 pe termen scurt \u0219i lung<\/li>\n<\/ul>\n<p>Jordanian Coast Cargo Services este o companie de transport maritim, <a href=\"https:\/\/moverdb.com\/ro\/freight-forwarder\/\" data-internallinksmanager029f6b8e52c=\"17\" title=\"Freight Forwarder &amp; NVOCC Ghidul interna\u021bional de costuri \u0219i companii\">expeditor de m\u0103rfuri<\/a> \u0219i de depozitare care ofer\u0103 servicii de mutare \u0219i mut\u0103ri diplomatice. Au fost fondate \u00een anul 2000 \u0219i au sediul \u00een Amman. Lucreaz\u0103 cu organiza\u021bii interna\u021bionale pentru a-\u0219i furniza serviciile \u00een \u00eentreaga lume. Sunt membri ai IAM cu 23 de ani de activitate.<\/p>\n<p>Jordanian Coast Cargo Services ofer\u0103 un serviciu door-to-door care vine cu ambalatori cu \u00eenalt\u0103 calificare care folosesc materiale de ambalare \u0219i l\u0103zi de \u00eenalt\u0103 calitate pentru a v\u0103 muta bunurile \u00een siguran\u021b\u0103. Ace\u0219tia vor aranja transportul cu v\u0103muire, acesta put\u00e2nd fi pe uscat, pe calea aerului sau pe mare, \u00een \u00eenc\u0103rc\u0103turi mai mici de container \u0219i \u00eenc\u0103rc\u0103turi complete de container.<\/p>\n<p>Site web: <a href=\"http:\/\/www.jordaniancoastco.com\" target=\"_blank\" rel=\"noopener\">http:\/\/www.jordaniancoastco.com<\/a><\/p>\n<h2><span class=\"ez-toc-section\" id=\"4_Levant_Express\"><\/span><strong>4. Levant Express<\/strong><span class=\"ez-toc-section-end\"><\/span><\/h2>\n<p><img loading=\"lazy\" decoding=\"async\" class=\"alignnone size-full wp-image-8392\" src=\"https:\/\/moverdb.com\/wp-content\/uploads\/Levant-Express-international-moving-company.png\" alt=\"Levant Express companie de mut\u0103ri interna\u021bionale\" width=\"1440\" height=\"683\" data-wp-pid=\"8392\" srcset=\"https:\/\/moverdb.com\/wp-content\/uploads\/Levant-Express-international-moving-company.png 1440w, https:\/\/moverdb.com\/wp-content\/uploads\/Levant-Express-international-moving-company-300x142.png 300w, https:\/\/moverdb.com\/wp-content\/uploads\/Levant-Express-international-moving-company-1024x486.png 1024w, https:\/\/moverdb.com\/wp-content\/uploads\/Levant-Express-international-moving-company-18x9.png 18w, https:\/\/moverdb.com\/wp-content\/uploads\/Levant-Express-international-moving-company-600x285.png 600w\" sizes=\"auto, (max-width: 1440px) 100vw, 1440px\" \/><\/p>\n<ul>\n<li>Mut\u0103ri na\u021bionale<\/li>\n<li>Mut\u0103ri interna\u021bionale<\/li>\n<li>Mutarea gospod\u0103riilor<\/li>\n<li>Sondaj ini\u021bial<\/li>\n<li>Serviciul de ambalare<\/li>\n<li>Inventar<\/li>\n<li>Transporturi terestre, maritime \u0219i aeriene<\/li>\n<li>V\u0103muire<\/li>\n<li>Asigurare<\/li>\n<li>Facilit\u0103\u021bi de depozitare<\/li>\n<\/ul>\n<p>Levant Express este un furnizor de solu\u021bii complete pentru lan\u021bul de aprovizionare care ofer\u0103 servicii de mutare. Au fost \u00eenfiin\u021bate \u00een 1930 \u0219i au loca\u021bii \u00een Iordania \u0219i <a href=\"https:\/\/moverdb.com\/ro\/moving-companies\/moving-companies-lebanon\/\" data-internallinksmanager029f6b8e52c=\"302\" title=\"7 Cele mai bune companii de mut\u0103ri interna\u021bionale din Liban\">Liban<\/a>. Sunt membri ai IAM, cu 93 de ani de activitate, ceea ce le ofer\u0103 acces la o re\u021bea interna\u021bional\u0103 de agen\u021bi de mutare care \u00eei sprijin\u0103.<\/p>\n<p>Levant Express ofer\u0103 un studiu \u00eenainte de mutare pentru a estima volumul mut\u0103rii dvs. \u0219i pentru a crea o ofert\u0103. Ace\u0219tia ofer\u0103 un serviciu de ambalare care v\u0103 protejeaz\u0103 bunurile \u00een timpul transportului, folosind cele mai potrivite materiale de ambalare, inclusiv cutii de carton \u0219i l\u0103zi. Toate ambalajele sunt etichetate \u0219i se \u00eentocme\u0219te un inventar.<\/p>\n<p>Site web: <a href=\"http:\/\/www.levantexpress.net\" target=\"_blank\" rel=\"noopener\">http:\/\/www.levantexpress.net<\/a><\/p>\n<h2><span class=\"ez-toc-section\" id=\"5_Logistimania\"><\/span><strong>5. <\/strong><strong>Logistimania<\/strong><span class=\"ez-toc-section-end\"><\/span><\/h2>\n<p><img loading=\"lazy\" decoding=\"async\" class=\"alignnone size-full wp-image-8337\" src=\"https:\/\/moverdb.com\/wp-content\/uploads\/Logistimania-international-moving-company.png\" alt=\"Logistimania companie de mut\u0103ri interna\u021bionale\" width=\"1440\" height=\"676\" data-wp-pid=\"8337\" srcset=\"https:\/\/moverdb.com\/wp-content\/uploads\/Logistimania-international-moving-company.png 1440w, https:\/\/moverdb.com\/wp-content\/uploads\/Logistimania-international-moving-company-300x141.png 300w, https:\/\/moverdb.com\/wp-content\/uploads\/Logistimania-international-moving-company-1024x481.png 1024w, https:\/\/moverdb.com\/wp-content\/uploads\/Logistimania-international-moving-company-18x8.png 18w, https:\/\/moverdb.com\/wp-content\/uploads\/Logistimania-international-moving-company-600x282.png 600w\" sizes=\"auto, (max-width: 1440px) 100vw, 1440px\" \/><\/p>\n<ul>\n<li>Mi\u0219c\u0103ri na\u021bionale<\/li>\n<li>Mut\u0103ri interna\u021bionale<\/li>\n<li>Mutarea gospod\u0103riilor<\/li>\n<li>Marf\u0103 comercial\u0103<\/li>\n<li>Serviciu din u\u0219\u0103 \u00een u\u0219\u0103<\/li>\n<li>Serviciu profesionist de ambalare<\/li>\n<li>Materiale de ambalare de \u00eenalt\u0103 calitate<\/li>\n<li>Transport aerian, maritim \u0219i rutier<\/li>\n<li>V\u0103muire<\/li>\n<li>Facilit\u0103\u021bi de depozitare<\/li>\n<\/ul>\n<p>Logistimania este o companie interna\u021bional\u0103 de mut\u0103ri \u0219i expedi\u021bii de marf\u0103 care a fost \u00eenfiin\u021bat\u0103 \u00een Stockholm, dar care are \u0219i o filial\u0103 \u00een Amman, Iordania. Ei au rela\u021bii pe termen lung cu linii de transport maritim, agen\u021bi de marf\u0103 \u0219i furnizori de camioane pentru a-\u0219i furniza serviciile \u00een \u00eentreaga lume \u0219i sunt, de asemenea, membri ai IAM.<\/p>\n<p>Logistimania ofer\u0103 servicii de mutare \u0219i relocare din u\u0219\u0103 \u00een u\u0219\u0103. Ace\u0219tia ofer\u0103 un serviciu profesionist de ambalare care utilizeaz\u0103 materiale de ambalare de \u00eenalt\u0103 calitate pentru a v\u0103 proteja obiectele \u00een timpul transportului. Ace\u0219tia vor aranja transportul pe calea aerului, maritim\u0103 \u0219i rutier\u0103, cu v\u0103muire, dac\u0103 este necesar. Ei v\u0103 vor ajuta la despachetarea obiectelor dumneavoastr\u0103 la sosire.<\/p>\n<p>Site web: <a href=\"http:\/\/www.logistimania.com\" target=\"_blank\" rel=\"noopener\">http:\/\/www.logistimania.com<\/a><\/p>\n<h2><span class=\"ez-toc-section\" id=\"6_Naouri_Group\"><\/span><strong>6. Grupul Naouri<\/strong><span class=\"ez-toc-section-end\"><\/span><\/h2>\n<p><img loading=\"lazy\" decoding=\"async\" class=\"alignnone size-full wp-image-8347\" src=\"https:\/\/moverdb.com\/wp-content\/uploads\/Naouri-Group-international-moving-company.png\" alt=\"Naouri Group companie de mut\u0103ri interna\u021bionale\" width=\"1440\" height=\"680\" data-wp-pid=\"8347\" srcset=\"https:\/\/moverdb.com\/wp-content\/uploads\/Naouri-Group-international-moving-company.png 1440w, https:\/\/moverdb.com\/wp-content\/uploads\/Naouri-Group-international-moving-company-300x142.png 300w, https:\/\/moverdb.com\/wp-content\/uploads\/Naouri-Group-international-moving-company-1024x484.png 1024w, https:\/\/moverdb.com\/wp-content\/uploads\/Naouri-Group-international-moving-company-18x9.png 18w, https:\/\/moverdb.com\/wp-content\/uploads\/Naouri-Group-international-moving-company-600x283.png 600w\" sizes=\"auto, (max-width: 1440px) 100vw, 1440px\" \/><\/p>\n<ul>\n<li>Mi\u0219c\u0103ri na\u021bionale<\/li>\n<li>Mut\u0103ri interna\u021bionale<\/li>\n<li>Expedieri ale companiei<\/li>\n<li>Transporturi individuale<\/li>\n<li>Transmiterea proiectelor<\/li>\n<li>Serviciu personalizat<\/li>\n<li>Transport rutier, maritim \u0219i aerian<\/li>\n<li>Op\u021biuni de grupaj<\/li>\n<li>V\u0103muire<\/li>\n<li>Terminal de containere<\/li>\n<\/ul>\n<p>Naouri Group este o companie de expedi\u021bie \u0219i logistic\u0103 fondat\u0103 \u00een 1994, cu sediul \u00een Amman \u0219i cu opera\u021biuni \u0219i \u00een alte \u021b\u0103ri. <a href=\"https:\/\/moverdb.com\/ro\/moving-companies\/moving-companies-iraq\/\" data-internallinksmanager029f6b8e52c=\"314\" title=\"2 Cele mai bune companii de mut\u0103ri interna\u021bionale \u00een Irak\">Irak<\/a> \u0219i Palestina. Este membr\u0103 a IAM cu 13 ani de activitate \u0219i este acreditat\u0103 de FIDI. Aceste asocia\u021bii le ofer\u0103 acces la o re\u021bea interna\u021bional\u0103 de agen\u021bi care \u00eei ajut\u0103 \u00een furnizarea de servicii \u00een str\u0103in\u0103tate.<\/p>\n<p>Naouri Group ofer\u0103 un serviciu personalizat pentru a satisface cerin\u021bele dumneavoastr\u0103 \u0219i sus\u021bine c\u0103 este unul dintre cele mai importante grupuri logistice din Iordania. Ace\u0219tia ofer\u0103 o gam\u0103 de servicii de transport \u0219i de expediere a m\u0103rfurilor care include servicii rutiere, aeriene \u0219i maritime, precum \u0219i op\u021biuni de grupaj pentru \u00eenc\u0103rc\u0103turi mai mici dec\u00e2t cele de containere.<\/p>\n<p>Site web: <a href=\"http:\/\/www.naouri.com\" target=\"_blank\" rel=\"noopener\">http:\/\/www.naouri.com<\/a><\/p>","protected":false},"excerpt":{"rendered":"<p>Are you moving home or your business? Then the organisation and paperwork may be starting to daunt you, so you may want the assistance of a moving company. If you are looking to move within, to or from Jordan we have compiled the below list of removal companies that are members of the International Association [&hellip;]<\/p>\n","protected":false},"author":4,"featured_media":0,"parent":190,"menu_order":0,"comment_status":"closed","ping_status":"closed","template":"","meta":{"_genesis_hide_title":false,"_genesis_hide_breadcrumbs":false,"_genesis_hide_singular_image":false,"_genesis_hide_footer_widgets":false,"_genesis_custom_body_class":"","_genesis_custom_post_class":"","_genesis_layout":"","footnotes":""},"class_list":{"0":"post-8390","1":"page","2":"type-page","3":"status-publish","5":"entry","6":"has-post-thumbnail"},"_links":{"self":[{"href":"https:\/\/moverdb.com\/ro\/wp-json\/wp\/v2\/pages\/8390","targetHints":{"allow":["GET"]}}],"collection":[{"href":"https:\/\/moverdb.com\/ro\/wp-json\/wp\/v2\/pages"}],"about":[{"href":"https:\/\/moverdb.com\/ro\/wp-json\/wp\/v2\/types\/page"}],"author":[{"embeddable":true,"href":"https:\/\/moverdb.com\/ro\/wp-json\/wp\/v2\/users\/4"}],"replies":[{"embeddable":true,"href":"https:\/\/moverdb.com\/ro\/wp-json\/wp\/v2\/comments?post=8390"}],"version-history":[{"count":1,"href":"https:\/\/moverdb.com\/ro\/wp-json\/wp\/v2\/pages\/8390\/revisions"}],"predecessor-version":[{"id":8393,"href":"https:\/\/moverdb.com\/ro\/wp-json\/wp\/v2\/pages\/8390\/revisions\/8393"}],"up":[{"embeddable":true,"href":"https:\/\/moverdb.com\/ro\/wp-json\/wp\/v2\/pages\/190"}],"wp:attachment":[{"href":"https:\/\/moverdb.com\/ro\/wp-json\/wp\/v2\/media?parent=8390"}],"curies":[{"name":"wp","href":"https:\/\/api.w.org\/{rel}","templated":true}]}}