{"id":7779,"date":"2023-04-27T14:57:32","date_gmt":"2023-04-27T14:57:32","guid":{"rendered":"https:\/\/moverdb.com\/?page_id=7779"},"modified":"2026-01-08T15:29:20","modified_gmt":"2026-01-08T15:29:20","slug":"moving-companies-israel","status":"publish","type":"page","link":"https:\/\/moverdb.com\/ro\/moving-companies\/moving-companies-israel\/","title":{"rendered":"6 Cele mai bune companii de mut\u0103ri interna\u021bionale din Israel"},"content":{"rendered":"<p>Mutarea casei sau a afacerii poate fi stresant\u0103, astfel \u00eenc\u00e2t angajarea serviciilor unui <a href=\"https:\/\/moverdb.com\/ro\/moving-companies\/\" data-internallinksmanager029f6b8e52c=\"79\" title=\"Top 25 Companii interna\u021bionale de mutare online\">companie \u00een mi\u0219care<\/a> ar putea reduce volumul de munc\u0103 \u0219i ar facilita mutarea. A\u0219a c\u0103 mai jos am alc\u0103tuit o list\u0103 de <a href=\"https:\/\/moverdb.com\/ro\/moving-to-israel\/\" data-internallinksmanager029f6b8e52c=\"333\" title=\"V\u0103 muta\u021bi \u00een Israel? 2026 Costurile de trai \u0219i sfaturi de relocare\">Israel<\/a> pe <a href=\"https:\/\/moverdb.com\/ro\/international-removals\/\" data-internallinksmanager029f6b8e52c=\"27\" title=\"36 Cele mai bune companii de mut\u0103ri interna\u021bionale din Marea Britanie\">companii de mutare<\/a> care sunt membri ai grupului <a href=\"https:\/\/moverdb.com\/ro\/iam\/\" data-internallinksmanager029f6b8e52c=\"23\" title=\"Explica\u021bii despre Asocia\u021bia Interna\u021bional\u0103 a Transportatorilor (IAM)\">Asocia\u021bia Interna\u021bional\u0103 a Transportatorilor<\/a> (IAM) \u0219i\/sau <a href=\"https:\/\/moverdb.com\/ro\/fidi-faim\/\" data-internallinksmanager029f6b8e52c=\"16\" title=\"FIDI &amp; FAIM (FIDI Accredited International Mover) Explicat\">FIDI<\/a> Transportator interna\u021bional acreditat (FAIM) care v\u0103 poate ajuta cu mutarea dvs. c\u0103tre, dinspre sau \u00een Israel.<\/p>\n<div id=\"ez-toc-container\" class=\"ez-toc-v2_0_82_2 ez-toc-wrap-left counter-hierarchy ez-toc-counter ez-toc-transparent ez-toc-container-direction\">\n<div class=\"ez-toc-title-container\">\n<p class=\"ez-toc-title\" style=\"cursor:inherit\">Sec\u021biuni<\/p>\n<span class=\"ez-toc-title-toggle\"><a href=\"#\" class=\"ez-toc-pull-right ez-toc-btn ez-toc-btn-xs ez-toc-btn-default ez-toc-toggle\" aria-label=\"Comuta\u021bi tabelul de con\u021binut\"><span class=\"ez-toc-js-icon-con\"><span class=\"\"><span class=\"eztoc-hide\" style=\"display:none;\">Toggle<\/span><span class=\"ez-toc-icon-toggle-span\"><svg style=\"fill: #999;color:#999\" xmlns=\"http:\/\/www.w3.org\/2000\/svg\" class=\"list-377408\" width=\"20px\" height=\"20px\" viewbox=\"0 0 24 24\" fill=\"none\"><path d=\"M6 6H4v2h2V6zm14 0H8v2h12V6zM4 11h2v2H4v-2zm16 0H8v2h12v-2zM4 16h2v2H4v-2zm16 0H8v2h12v-2z\" fill=\"currentColor\"><\/path><\/svg><svg style=\"fill: #999;color:#999\" class=\"arrow-unsorted-368013\" xmlns=\"http:\/\/www.w3.org\/2000\/svg\" width=\"10px\" height=\"10px\" viewbox=\"0 0 24 24\" version=\"1.2\" baseprofile=\"tiny\"><path d=\"M18.2 9.3l-6.2-6.3-6.2 6.3c-.2.2-.3.4-.3.7s.1.5.3.7c.2.2.4.3.7.3h11c.3 0 .5-.1.7-.3.2-.2.3-.5.3-.7s-.1-.5-.3-.7zM5.8 14.7l6.2 6.3 6.2-6.3c.2-.2.3-.5.3-.7s-.1-.5-.3-.7c-.2-.2-.4-.3-.7-.3h-11c-.3 0-.5.1-.7.3-.2.2-.3.5-.3.7s.1.5.3.7z\"\/><\/svg><\/span><\/span><\/span><\/a><\/span><\/div>\n<nav><ul class='ez-toc-list ez-toc-list-level-1 eztoc-toggle-hide-by-default' ><li class='ez-toc-page-1 ez-toc-heading-level-2'><a class=\"ez-toc-link ez-toc-heading-1\" href=\"https:\/\/moverdb.com\/ro\/moving-companies\/moving-companies-israel\/#1_Globus_Relocation\" >1. Relocarea Globus<\/a><\/li><li class='ez-toc-page-1 ez-toc-heading-level-2'><a class=\"ez-toc-link ez-toc-heading-2\" href=\"https:\/\/moverdb.com\/ro\/moving-companies\/moving-companies-israel\/#2_Infinity_Pack_Ship\" >2. Infinity Pack &amp; Ship<\/a><\/li><li class='ez-toc-page-1 ez-toc-heading-level-2'><a class=\"ez-toc-link ez-toc-heading-3\" href=\"https:\/\/moverdb.com\/ro\/moving-companies\/moving-companies-israel\/#3_Ocean\" >3. Oceanul<\/a><\/li><li class='ez-toc-page-1 ez-toc-heading-level-2'><a class=\"ez-toc-link ez-toc-heading-4\" href=\"https:\/\/moverdb.com\/ro\/moving-companies\/moving-companies-israel\/#4_Sonigo\" >4. Sonigo<\/a><\/li><li class='ez-toc-page-1 ez-toc-heading-level-2'><a class=\"ez-toc-link ez-toc-heading-5\" href=\"https:\/\/moverdb.com\/ro\/moving-companies\/moving-companies-israel\/#5_A_Univers_Transit\" >5. A. Univers Transit<\/a><\/li><li class='ez-toc-page-1 ez-toc-heading-level-2'><a class=\"ez-toc-link ez-toc-heading-6\" href=\"https:\/\/moverdb.com\/ro\/moving-companies\/moving-companies-israel\/#6_Teamnet\" >6. Teamnet<\/a><\/li><li class='ez-toc-page-1 ez-toc-heading-level-2'><a class=\"ez-toc-link ez-toc-heading-7\" href=\"https:\/\/moverdb.com\/ro\/moving-companies\/moving-companies-israel\/#Other_Useful_Guides_to_Israel\" >Alte ghiduri utile pentru Israel<\/a><\/li><\/ul><\/nav><\/div>\n<h2><span class=\"ez-toc-section\" id=\"1_Globus_Relocation\"><\/span><strong>1. Relocarea Globus<\/strong><span class=\"ez-toc-section-end\"><\/span><\/h2>\n<p><img loading=\"lazy\" decoding=\"async\" class=\"alignnone size-full wp-image-7699\" src=\"https:\/\/moverdb.com\/wp-content\/uploads\/Globus-Relocation-international-moving-company.png\" alt=\"Globus Relocation companie de mutare interna\u021bional\u0103\" width=\"1440\" height=\"681\" data-wp-pid=\"7699\" srcset=\"https:\/\/moverdb.com\/wp-content\/uploads\/Globus-Relocation-international-moving-company.png 1440w, https:\/\/moverdb.com\/wp-content\/uploads\/Globus-Relocation-international-moving-company-300x142.png 300w, https:\/\/moverdb.com\/wp-content\/uploads\/Globus-Relocation-international-moving-company-1024x484.png 1024w, https:\/\/moverdb.com\/wp-content\/uploads\/Globus-Relocation-international-moving-company-18x9.png 18w, https:\/\/moverdb.com\/wp-content\/uploads\/Globus-Relocation-international-moving-company-600x284.png 600w\" sizes=\"auto, (max-width: 1440px) 100vw, 1440px\" \/><\/p>\n<ul>\n<li>Mut\u0103ri interna\u021bionale<\/li>\n<li>Mi\u0219c\u0103ri personale<\/li>\n<li>Mut\u0103ri comerciale<\/li>\n<li>Servicii de relocare<\/li>\n<li>Serviciu din u\u0219\u0103 \u00een u\u0219\u0103<\/li>\n<li>Asisten\u021b\u0103 la ambalare<\/li>\n<li>Materiale de ambalare avansate \u0219i personalizate<\/li>\n<li>Transport terestru, maritim \u0219i aerian<\/li>\n<li>Asigurare<\/li>\n<li>Depozitare securizat\u0103<\/li>\n<\/ul>\n<p>Globus Relocation este o firm\u0103 interna\u021bional\u0103 de ambalare \u0219i <a href=\"https:\/\/moverdb.com\/ro\/shipping-companies\/\" data-internallinksmanager029f6b8e52c=\"4\" title=\"Top 10 Companii interna\u021bionale de transport maritim de containere\">companie de transport maritim<\/a> care a fost \u00eenfiin\u021bat\u0103 \u00een 2014 \u0219i are sediul \u00een Ashdod. Ei sunt membri ai IAM \u0219i sunt acredita\u021bi de FIDI. Aceste adeziuni sau acredit\u0103ri le ofer\u0103 acces la o re\u021bea interna\u021bional\u0103 de agen\u021bi.<\/p>\n<p>Globus Relocation aloc\u0103 unul dintre speciali\u0219tii s\u0103i pentru a v\u0103 sprijini pe tot parcursul mut\u0103rii. Ace\u0219tia ofer\u0103 un serviciu de la u\u0219\u0103 la u\u0219\u0103, care ofer\u0103 materiale de ambalare avansate \u0219i solu\u021bii de ambalare personalizate pentru a se potrivi tuturor obiectelor. Ace\u0219tia se ocup\u0103 de transportul bunurilor dumneavoastr\u0103 pe cale terestr\u0103, maritim\u0103 sau aerian\u0103. Ofer\u0103 servicii suplimentare de relocare care includ vize de lucru, c\u0103ut\u0103ri de locuin\u021be \u0219i \u0219coli, \u00eenchiriere de mobilier, servicii de sosire \u0219i servicii de menajer\u0103.<\/p>\n<p>Site web: <a href=\"http:\/\/www.globus-relocation.com\" target=\"_blank\" rel=\"noopener\">http:\/\/www.globus-relocation.com<\/a><\/p>\n<h2><span class=\"ez-toc-section\" id=\"2_Infinity_Pack_Ship\"><\/span><strong>2. Infinity Pack &amp; Ship<\/strong><span class=\"ez-toc-section-end\"><\/span><\/h2>\n<p><img loading=\"lazy\" decoding=\"async\" class=\"alignnone size-full wp-image-7707\" src=\"https:\/\/moverdb.com\/wp-content\/uploads\/Infinity-Pack-Ship-international-moving-company.png\" alt=\"Infinity Pack &amp; Ship companie de mutare interna\u021bional\u0103\" width=\"1440\" height=\"680\" data-wp-pid=\"7707\" srcset=\"https:\/\/moverdb.com\/wp-content\/uploads\/Infinity-Pack-Ship-international-moving-company.png 1440w, https:\/\/moverdb.com\/wp-content\/uploads\/Infinity-Pack-Ship-international-moving-company-300x142.png 300w, https:\/\/moverdb.com\/wp-content\/uploads\/Infinity-Pack-Ship-international-moving-company-1024x484.png 1024w, https:\/\/moverdb.com\/wp-content\/uploads\/Infinity-Pack-Ship-international-moving-company-18x9.png 18w, https:\/\/moverdb.com\/wp-content\/uploads\/Infinity-Pack-Ship-international-moving-company-600x283.png 600w\" sizes=\"auto, (max-width: 1440px) 100vw, 1440px\" \/><\/p>\n<ul>\n<li>Mi\u0219c\u0103ri na\u021bionale<\/li>\n<li>Mut\u0103ri interna\u021bionale<\/li>\n<li>Mut\u0103ri reziden\u021biale<\/li>\n<li>Transporturi comerciale<\/li>\n<li>Din u\u0219\u0103 \u00een u\u0219\u0103 sau din u\u0219\u0103 \u00een u\u0219\u0103<a href=\"https:\/\/moverdb.com\/ro\/top-49-container-ports\/\" data-internallinksmanager029f6b8e52c=\"80\" title=\"Top 49 cele mai mari \u0219i mai aglomerate porturi de containere \u00een 2026\">port<\/a> serviciu<\/li>\n<li>Asisten\u021b\u0103 la ambalare<\/li>\n<li>Servicii rutiere, maritime \u0219i aeriene<\/li>\n<li>V\u0103muire<\/li>\n<li>Asigurare<\/li>\n<li>Depozitare pe termen scurt sau lung<\/li>\n<\/ul>\n<p>Infinity Pack &amp; Ship este o companie de relocalizare \u0219i logistic\u0103 \u00eenfiin\u021bat\u0103 \u00een 2005 \u00een Ierusalim. Ei lucreaz\u0103 cu o re\u021bea interna\u021bional\u0103 de companii de mutare \u0219i logistic\u0103 pentru a-\u0219i furniza serviciile. Sunt membri ai IAM cu 16 ani de activitate.<\/p>\n<p>Infinity Pack &amp; Ship ofer\u0103 un sondaj gratuit la domiciliu \u0219i se ocup\u0103 de toate actele pentru mutarea dumneavoastr\u0103, inclusiv de v\u0103muire. Ace\u0219tia pun la dispozi\u021bie o echip\u0103 de ambalatori profesioni\u0219ti pentru a v\u0103 \u00eempacheta bunurile \u00een siguran\u021b\u0103. Ofer\u0103 o varietate de op\u021biuni de transport, inclusiv transport rutier, cum ar fi saci de aer \u00eenchi\u0219i, remorci \u0219i refrigerare, transport aerian \u0219i transport maritim, cum ar fi \u00eenc\u0103rc\u0103turi complete sau mai pu\u021bin de container.<\/p>\n<p>Site web: <a href=\"http:\/\/infinitypack.co.il\" target=\"_blank\" rel=\"noopener\">http:\/\/infinitypack.co.il<\/a><\/p>\n<h2><span class=\"ez-toc-section\" id=\"3_Ocean\"><\/span><strong>3. <\/strong><strong>Ocean<\/strong><span class=\"ez-toc-section-end\"><\/span><\/h2>\n<p><img loading=\"lazy\" decoding=\"async\" class=\"alignnone size-full wp-image-7731\" src=\"https:\/\/moverdb.com\/wp-content\/uploads\/Ocean-international-moving-company.png\" alt=\"Companie de mut\u0103ri interna\u021bionale Ocean\" width=\"1440\" height=\"682\" data-wp-pid=\"7731\" srcset=\"https:\/\/moverdb.com\/wp-content\/uploads\/Ocean-international-moving-company.png 1440w, https:\/\/moverdb.com\/wp-content\/uploads\/Ocean-international-moving-company-300x142.png 300w, https:\/\/moverdb.com\/wp-content\/uploads\/Ocean-international-moving-company-1024x485.png 1024w, https:\/\/moverdb.com\/wp-content\/uploads\/Ocean-international-moving-company-18x9.png 18w, https:\/\/moverdb.com\/wp-content\/uploads\/Ocean-international-moving-company-600x284.png 600w\" sizes=\"auto, (max-width: 1440px) 100vw, 1440px\" \/><\/p>\n<ul>\n<li>Mut\u0103ri interna\u021bionale<\/li>\n<li>Mutarea gospod\u0103riei<\/li>\n<li>Servicii de relocare<\/li>\n<li>Managerul de clien\u021bi pentru a v\u0103 sprijini<\/li>\n<li>Serviciul de ambalare<\/li>\n<li>Transport rutier, maritim \u0219i aerian<\/li>\n<li>V\u0103muire<\/li>\n<li>Urm\u0103rirea transportului<\/li>\n<li>Acreditat de FIDI<\/li>\n<li>Servicii de depozitare global\u0103<\/li>\n<\/ul>\n<p>Ocean este o companie de mut\u0103ri \u0219i reloc\u0103ri cu sediul \u00een Kibbutz Yakum. Ace\u0219tia colaboreaz\u0103 cu parteneri interna\u021bionali pentru a oferi servicii de mutare \u0219i relocare la nivel interna\u021bional. Sunt membri ai IAM cu 79 de ani de activitate \u0219i sunt acredita\u021bi de FIDI.<\/p>\n<p>Ocean ofer\u0103 un manager de relocalizare care s\u0103 v\u0103 sprijine pe tot parcursul mut\u0103rii \u0219i s\u0103 creeze un plan de transport. Ace\u0219tia pun la dispozi\u021bie un evaluator pentru a v\u0103 evalua nevoile \u0219i a construi un plan cu ceea ce ar trebui transportat pe calea aerului, pe mare sau \u00een bagaje. Serviciile lor de relocare includ g\u0103sirea unei locuin\u021be \u0219i a \u0219colilor, servicii de aclimatizare, locuin\u021be temporare, \u00eenchirierea de mobilier, vize de munc\u0103, \u00eenv\u0103\u021barea limbilor str\u0103ine \u0219i solu\u021bii de depozitare.<\/p>\n<p>Site web: <a href=\"http:\/\/www.ocean-il.co.il\" target=\"_blank\" rel=\"noopener\">http:\/\/www.ocean-il.co.il<\/a><\/p>\n<h2><span class=\"ez-toc-section\" id=\"4_Sonigo\"><\/span><strong>4. Sonigo<\/strong><span class=\"ez-toc-section-end\"><\/span><\/h2>\n<p><img loading=\"lazy\" decoding=\"async\" class=\"alignnone size-full wp-image-7750\" src=\"https:\/\/moverdb.com\/wp-content\/uploads\/Sonigo-international-moving-company.png\" alt=\"Sonigo international moving company\" width=\"1440\" height=\"679\" data-wp-pid=\"7750\" srcset=\"https:\/\/moverdb.com\/wp-content\/uploads\/Sonigo-international-moving-company.png 1440w, https:\/\/moverdb.com\/wp-content\/uploads\/Sonigo-international-moving-company-300x141.png 300w, https:\/\/moverdb.com\/wp-content\/uploads\/Sonigo-international-moving-company-1024x483.png 1024w, https:\/\/moverdb.com\/wp-content\/uploads\/Sonigo-international-moving-company-18x8.png 18w, https:\/\/moverdb.com\/wp-content\/uploads\/Sonigo-international-moving-company-600x283.png 600w\" sizes=\"auto, (max-width: 1440px) 100vw, 1440px\" \/><\/p>\n<ul>\n<li>Mut\u0103ri locale \u0219i na\u021bionale<\/li>\n<li>Mut\u0103ri \u0219i reloc\u0103ri interna\u021bionale<\/li>\n<li>Mutarea gospod\u0103riei<\/li>\n<li>Mut\u0103ri comerciale<\/li>\n<li>Serviciu din u\u0219\u0103 \u00een u\u0219\u0103<\/li>\n<li>Serviciul de ambalare<\/li>\n<li>V\u0103muire<\/li>\n<li>Manipularea artelor frumoase<\/li>\n<li>Asigurare<\/li>\n<li>Depozitare pe termen scurt \u0219i lung<\/li>\n<\/ul>\n<p>Sonigo este un <a href=\"https:\/\/moverdb.com\/ro\/container-shipping\/\" data-internallinksmanager029f6b8e52c=\"3\" title=\"Graficul ratelor de transport maritim interna\u021bional de containere: Aprilie 2026\">transport maritim interna\u021bional<\/a> companie cu sediul \u00een Gan Yavne, care func\u021bioneaz\u0103 din 1986 \u0219i care ofer\u0103 servicii de ambalare \u0219i de transport maritim pentru uz casnic \u0219i comercial. Ei au o re\u021bea global\u0103 de agen\u021bi de transport maritim interna\u021bional selecta\u021bi cu grij\u0103 pentru a-i sprijini. Sunt membri ai IAM cu 36 de ani de activitate \u0219i sunt acredita\u021bi de FIDI.<\/p>\n<p>Sonigo ofer\u0103 servicii de mutare \u0219i relocalizare din u\u0219\u0103 \u00een u\u0219\u0103, care \u00eencep cu un studiu la domiciliu pentru a evalua cerin\u021bele \u0219i a oferi o ofert\u0103. Ace\u0219tia ofer\u0103 un serviciu profesionist de ambalare, completarea documenta\u021biei \u0219i aranjarea transportului. Serviciile lor de relocare includ vize, consultan\u021b\u0103 fiscal\u0103, c\u0103ut\u0103ri de case \u0219i \u0219coli, \u00eenchiriere de mobilier, servicii de sosire, servicii de orientare \u0219i asisten\u021b\u0103 pentru utilit\u0103\u021bi.<\/p>\n<p>Site web: <a href=\"http:\/\/www.sonigo.com\" target=\"_blank\" rel=\"noopener\">http:\/\/www.sonigo.com<\/a><\/p>\n<h2><span class=\"ez-toc-section\" id=\"5_A_Univers_Transit\"><\/span><strong>5. A. Univers Transit<\/strong><span class=\"ez-toc-section-end\"><\/span><\/h2>\n<p><img loading=\"lazy\" decoding=\"async\" class=\"alignnone size-full wp-image-7654\" src=\"https:\/\/moverdb.com\/wp-content\/uploads\/A-Univers-Transit-international-moving-company.png\" alt=\"O companie de mut\u0103ri interna\u021bionale Univers Transit\" width=\"1440\" height=\"691\" data-wp-pid=\"7654\" srcset=\"https:\/\/moverdb.com\/wp-content\/uploads\/A-Univers-Transit-international-moving-company.png 1440w, https:\/\/moverdb.com\/wp-content\/uploads\/A-Univers-Transit-international-moving-company-300x144.png 300w, https:\/\/moverdb.com\/wp-content\/uploads\/A-Univers-Transit-international-moving-company-1024x491.png 1024w, https:\/\/moverdb.com\/wp-content\/uploads\/A-Univers-Transit-international-moving-company-18x9.png 18w, https:\/\/moverdb.com\/wp-content\/uploads\/A-Univers-Transit-international-moving-company-600x288.png 600w\" sizes=\"auto, (max-width: 1440px) 100vw, 1440px\" \/><\/p>\n<ul>\n<li>Mut\u0103ri interna\u021bionale<\/li>\n<li>Mutarea gospod\u0103riei<\/li>\n<li>Mut\u0103ri comerciale<\/li>\n<li>Servicii de relocare<\/li>\n<li>Serviciu din u\u0219\u0103 \u00een u\u0219\u0103<\/li>\n<li>Ambalare profesional\u0103<\/li>\n<li>Transport aerian \u0219i maritim<\/li>\n<li>Completarea documentelor<\/li>\n<li>C\u0103ut\u0103ri la domiciliu \u0219i la \u0219coal\u0103<\/li>\n<li>Depozitare securizat\u0103<\/li>\n<\/ul>\n<p>Univers Transit este o companie de expediere, transport \u0219i relocare care ofer\u0103, de asemenea, solu\u021bii de ambalare \u0219i depozitare, fondat\u0103 la sf\u00e2r\u0219itul anilor 1980. Au loca\u021bii \u00een Tel Aviv, Ashdod \u0219i Haifa. Sunt membri ai IAM cu 28 de ani de activitate \u0219i sunt acredita\u021bi de FIDI.<\/p>\n<p>Univers Transit ofer\u0103 servicii de mutare \u0219i relocare din u\u0219\u0103 \u00een u\u0219\u0103, care \u00eencep cu o \u00eent\u00e2lnire de consultare pentru a v\u0103 evalua nevoile \u0219i a crea un plan de mutare. Ace\u0219tia furnizeaz\u0103 servicii profesionale de ambalare \u0219i cutii adecvate pentru bunurile dumneavoastr\u0103. Ei vor \u00eenc\u0103rca containerele \u0219i cutiile pentru transport \u0219i le vor duce la aeroport sau \u00een port pentru livrare.<\/p>\n<p>Site web: <a href=\"http:\/\/www.univers-transit.co.il\" target=\"_blank\" rel=\"noopener\">http:\/\/www.univers-transit.co.il<\/a><\/p>\n<h2><span class=\"ez-toc-section\" id=\"6_Teamnet\"><\/span><strong>6. Teamnet<\/strong><span class=\"ez-toc-section-end\"><\/span><\/h2>\n<p><img loading=\"lazy\" decoding=\"async\" class=\"alignnone size-full wp-image-7752\" src=\"https:\/\/moverdb.com\/wp-content\/uploads\/Teamnet-international-moving-company.png\" alt=\"Teamnet companie de mut\u0103ri interna\u021bionale\" width=\"1440\" height=\"685\" data-wp-pid=\"7752\" srcset=\"https:\/\/moverdb.com\/wp-content\/uploads\/Teamnet-international-moving-company.png 1440w, https:\/\/moverdb.com\/wp-content\/uploads\/Teamnet-international-moving-company-300x143.png 300w, https:\/\/moverdb.com\/wp-content\/uploads\/Teamnet-international-moving-company-1024x487.png 1024w, https:\/\/moverdb.com\/wp-content\/uploads\/Teamnet-international-moving-company-18x9.png 18w, https:\/\/moverdb.com\/wp-content\/uploads\/Teamnet-international-moving-company-600x285.png 600w\" sizes=\"auto, (max-width: 1440px) 100vw, 1440px\" \/><\/p>\n<ul>\n<li>Mut\u0103ri interna\u021bionale<\/li>\n<li>Mi\u0219c\u0103ri personale<\/li>\n<li>Transporturi comerciale<\/li>\n<li>Servicii de relocare<\/li>\n<li>Serviciu din u\u0219\u0103 \u00een u\u0219\u0103<\/li>\n<li>Servicii de ambalare<\/li>\n<li>Organizarea transportului maritim sau aerian<\/li>\n<li>Formalit\u0103\u021bi vamale<\/li>\n<li>Asigurare<\/li>\n<li>Facilit\u0103\u021bi de depozitare<\/li>\n<\/ul>\n<p>Teamnet este o companie de mut\u0103ri \u0219i reloc\u0103ri cu sediul \u00een Haifa. Ofer\u0103 o gam\u0103 de servicii pentru persoane fizice \u0219i companii care transport\u0103 bunuri c\u0103tre sau din Israel. Lucreaz\u0103 cu o re\u021bea de agen\u021bi interna\u021bionali pentru a oferi servicii \u00een afara Israelului \u0219i sunt membri ai IAM.<\/p>\n<p>Teamnet ofer\u0103 un serviciu de mutare \u0219i relocare din u\u0219\u0103 \u00een u\u0219\u0103 pentru clien\u021bii care pleac\u0103 \u0219i sosesc \u00een Israel. Ace\u0219tia ofer\u0103 o consulta\u021bie la domiciliu pentru a v\u0103 evalua nevoile de mutare. Ei vor crea un plan detaliat \u0219i vor oferi un serviciu de ambalare folosind materiale de ambalare avansate, potrivite pentru transportul maritim sau aerian. Ei se vor ocupa de autorit\u0103\u021bi \u0219i de formalit\u0103\u021bile vamale.<\/p>\n<p>Site web: <a href=\"http:\/\/www.en.team-net.co.il\" target=\"_blank\" rel=\"noopener\">http:\/\/www.en.team-net.co.il<\/a><\/p>\n<h2><span class=\"ez-toc-section\" id=\"Other_Useful_Guides_to_Israel\"><\/span>Alte ghiduri utile pentru Israel<span class=\"ez-toc-section-end\"><\/span><\/h2>\n<ul>\n<li> <a href=\"https:\/\/moverdb.com\/ro\/transport-maritim-de-containere\/israel\/\">2024 Tarife de transport maritim de containere c\u0103tre \u0219i din Israel<\/a><\/li>\n<li> <a href=\"https:\/\/moverdb.com\/ro\/moving-to-israel\/\">V\u0103 muta\u021bi \u00een Israel? 2026 Costuri de trai \u0219i sfaturi de relocare<\/a><\/li>\n<li> <a href=\"https:\/\/moverdb.com\/ro\/moving-to-israel\/best-places-to-live-israel\/\">13 Cele mai bune locuri de locuit \u00een Israel<\/a><\/li>\n<li> <a href=\"https:\/\/moverdb.com\/ro\/moving-to-israel\/living-in-israel\/\">21 de secrete despre via\u021ba \u00een Israel pe care trebuie s\u0103 le \u0219tii \u00eenainte s\u0103 te mu\u021bi<\/a><\/li>\n<\/ul>","protected":false},"excerpt":{"rendered":"<p>Moving your home or business can be stressful so employing the services of a moving company could reduce the workload and ease the move. So below we have compiled a list of Israel based removal companies that are members of the International Association of Movers (IAM) and\/or FIDI Accredited International Mover (FAIM) who could assist [&hellip;]<\/p>\n","protected":false},"author":4,"featured_media":0,"parent":190,"menu_order":0,"comment_status":"closed","ping_status":"closed","template":"","meta":{"_genesis_hide_title":false,"_genesis_hide_breadcrumbs":false,"_genesis_hide_singular_image":false,"_genesis_hide_footer_widgets":false,"_genesis_custom_body_class":"","_genesis_custom_post_class":"","_genesis_layout":"","footnotes":""},"class_list":{"0":"post-7779","1":"page","2":"type-page","3":"status-publish","5":"entry","6":"has-post-thumbnail"},"_links":{"self":[{"href":"https:\/\/moverdb.com\/ro\/wp-json\/wp\/v2\/pages\/7779","targetHints":{"allow":["GET"]}}],"collection":[{"href":"https:\/\/moverdb.com\/ro\/wp-json\/wp\/v2\/pages"}],"about":[{"href":"https:\/\/moverdb.com\/ro\/wp-json\/wp\/v2\/types\/page"}],"author":[{"embeddable":true,"href":"https:\/\/moverdb.com\/ro\/wp-json\/wp\/v2\/users\/4"}],"replies":[{"embeddable":true,"href":"https:\/\/moverdb.com\/ro\/wp-json\/wp\/v2\/comments?post=7779"}],"version-history":[{"count":4,"href":"https:\/\/moverdb.com\/ro\/wp-json\/wp\/v2\/pages\/7779\/revisions"}],"predecessor-version":[{"id":17076,"href":"https:\/\/moverdb.com\/ro\/wp-json\/wp\/v2\/pages\/7779\/revisions\/17076"}],"up":[{"embeddable":true,"href":"https:\/\/moverdb.com\/ro\/wp-json\/wp\/v2\/pages\/190"}],"wp:attachment":[{"href":"https:\/\/moverdb.com\/ro\/wp-json\/wp\/v2\/media?parent=7779"}],"curies":[{"name":"wp","href":"https:\/\/api.w.org\/{rel}","templated":true}]}}