{"id":7764,"date":"2023-04-27T14:59:23","date_gmt":"2023-04-27T14:59:23","guid":{"rendered":"https:\/\/moverdb.com\/?page_id=7764"},"modified":"2026-01-08T15:23:45","modified_gmt":"2026-01-08T15:23:45","slug":"moving-companies-iraq","status":"publish","type":"page","link":"https:\/\/moverdb.com\/ro\/moving-companies\/moving-companies-iraq\/","title":{"rendered":"2 Cele mai bune companii de mut\u0103ri interna\u021bionale \u00een Irak"},"content":{"rendered":"<p>Mutarea locuin\u021bei sau a afacerii nu este niciodat\u0103 simpl\u0103, a\u0219a c\u0103 ob\u021binerea de asisten\u021b\u0103 poate fi de mare ajutor, mai ales dac\u0103 v\u0103 muta\u021bi \u00eentre \u021b\u0103ri. Dac\u0103 v\u0103 muta\u021bi \u00een, spre sau din Irak, am \u00eentocmit o list\u0103 cu <a href=\"https:\/\/moverdb.com\/ro\/international-removals\/\" data-internallinksmanager029f6b8e52c=\"27\" title=\"36 Cele mai bune companii de mut\u0103ri interna\u021bionale din Marea Britanie\">companii de mutare<\/a> care sunt membri ai grupului <a href=\"https:\/\/moverdb.com\/ro\/iam\/\" data-internallinksmanager029f6b8e52c=\"23\" title=\"Explica\u021bii despre Asocia\u021bia Interna\u021bional\u0103 a Transportatorilor (IAM)\">Asocia\u021bia Interna\u021bional\u0103 a Transportatorilor<\/a> (IAM) \u0219i\/sau <a href=\"https:\/\/moverdb.com\/ro\/fidi-faim\/\" data-internallinksmanager029f6b8e52c=\"16\" title=\"FIDI &amp; FAIM (FIDI Accredited International Mover) Explicat\">FIDI<\/a> Accredited International Mover (FAIM), care v\u0103 poate ajuta cu mutarea dumneavoastr\u0103.<\/p>\n<h2><strong>1. BCC Logistic\u0103<\/strong><\/h2>\n<p><img loading=\"lazy\" decoding=\"async\" class=\"alignnone size-full wp-image-7673\" src=\"https:\/\/moverdb.com\/wp-content\/uploads\/BCC-Logistics-international-moving-company.png\" alt=\"BCC Logistics companie de mut\u0103ri interna\u021bionale\" width=\"1440\" height=\"634\" data-wp-pid=\"7673\" srcset=\"https:\/\/moverdb.com\/wp-content\/uploads\/BCC-Logistics-international-moving-company.png 1440w, https:\/\/moverdb.com\/wp-content\/uploads\/BCC-Logistics-international-moving-company-300x132.png 300w, https:\/\/moverdb.com\/wp-content\/uploads\/BCC-Logistics-international-moving-company-1024x451.png 1024w, https:\/\/moverdb.com\/wp-content\/uploads\/BCC-Logistics-international-moving-company-18x8.png 18w, https:\/\/moverdb.com\/wp-content\/uploads\/BCC-Logistics-international-moving-company-600x264.png 600w\" sizes=\"auto, (max-width: 1440px) 100vw, 1440px\" \/><\/p>\n<ul>\n<li>Mi\u0219c\u0103ri na\u021bionale<\/li>\n<li>Mut\u0103ri interna\u021bionale<\/li>\n<li>Mutarea gospod\u0103riei<\/li>\n<li>Mi\u0219c\u0103ri corporative, diplomatice \u0219i militare<\/li>\n<li>Serviciu de mutare din u\u0219\u0103 \u00een u\u0219\u0103<\/li>\n<li>Serviciul de ambalare<\/li>\n<li>Transport rutier, maritim \u0219i aerian<\/li>\n<li>V\u0103muire<\/li>\n<li>Manipularea artelor plastice<\/li>\n<li>Facilit\u0103\u021bi de depozitare<\/li>\n<\/ul>\n<p>BCC Logistics este un furnizor global de servicii de transport de marf\u0103 care a fost fondat \u00een 1993 \u00een <a href=\"https:\/\/moverdb.com\/ro\/moving-companies\/moving-companies-lebanon\/\" data-internallinksmanager029f6b8e52c=\"302\" title=\"7 Cele mai bune companii de mut\u0103ri interna\u021bionale din Liban\">Liban<\/a> cu birouri \u00een <a href=\"https:\/\/moverdb.com\/ro\/moving-to-qatar\/\" data-internallinksmanager029f6b8e52c=\"334\" title=\"V\u0103 muta\u021bi \u00een Qatar? 2026 Costurile de trai \u0219i sfaturi de relocare\">Qatar<\/a>, Irak \u0219i <a href=\"https:\/\/moverdb.com\/ro\/moving-to-saudi-arabia\/\" data-internallinksmanager029f6b8e52c=\"319\" title=\"V\u0103 muta\u021bi \u00een Arabia Saudit\u0103? 2026 Costurile vie\u021bii \u0219i sfaturi de relocare\">Arabia Saudit\u0103<\/a>. Biroul din Irak, situat \u00een Erbil, a fost deschis \u00een 2008. Ace\u0219tia dispun de o re\u021bea interna\u021bional\u0103 de agen\u021bi care le sprijin\u0103 eforturile globale. Sunt membri ai IAM, cu o vechime de 15 ani.<\/p>\n<p>BCC Logistics ofer\u0103 un serviciu de mutare din u\u0219\u0103 \u00een u\u0219\u0103 pentru mut\u0103ri na\u021bionale \u0219i interna\u021bionale. Ofer\u0103 un serviciu de ambalare care asigur\u0103 transporturi maritime \u00een containere, tri-wall pentru transporturi aeriene \u0219i furgonete cu lift din lemn. Ace\u0219tia vor despacheta \u0219i aranja mobila \u0219i vor \u00eendep\u0103rta orice resturi de ambalaj. Se ocup\u0103 de expedierea pe cale terestr\u0103, aerian\u0103 sau maritim\u0103 cu formalit\u0103\u021bi vamale.<\/p>\n<p>Site web: <a href=\"http:\/\/www.bcclogistics.com\" target=\"_blank\" rel=\"noopener\">http:\/\/www.bcclogistics.com<\/a><\/p>\n<h2><strong>2. Paxton<\/strong><\/h2>\n<p><img loading=\"lazy\" decoding=\"async\" class=\"alignnone size-full wp-image-7736\" src=\"https:\/\/moverdb.com\/wp-content\/uploads\/Paxton-international-moving-company.png\" alt=\"Paxton companie de mutare interna\u021bional\u0103\" width=\"1440\" height=\"682\" data-wp-pid=\"7736\" srcset=\"https:\/\/moverdb.com\/wp-content\/uploads\/Paxton-international-moving-company.png 1440w, https:\/\/moverdb.com\/wp-content\/uploads\/Paxton-international-moving-company-300x142.png 300w, https:\/\/moverdb.com\/wp-content\/uploads\/Paxton-international-moving-company-1024x485.png 1024w, https:\/\/moverdb.com\/wp-content\/uploads\/Paxton-international-moving-company-18x9.png 18w, https:\/\/moverdb.com\/wp-content\/uploads\/Paxton-international-moving-company-600x284.png 600w\" sizes=\"auto, (max-width: 1440px) 100vw, 1440px\" \/><\/p>\n<ul>\n<li>Mi\u0219c\u0103ri na\u021bionale<\/li>\n<li>Mut\u0103ri interna\u021bionale<\/li>\n<li>Mutarea gospod\u0103riilor<\/li>\n<li>Mut\u0103ri de birouri \u0219i industriale<\/li>\n<li>Serviciu din u\u0219\u0103 \u00een u\u0219\u0103<\/li>\n<li>Serviciul de ambalare<\/li>\n<li>Organizarea transportului<\/li>\n<li>V\u0103muire<\/li>\n<li>Transportul vehiculelor<\/li>\n<li>Facilit\u0103\u021bi de depozitare securizate<\/li>\n<\/ul>\n<p>Paxton este o companie de servicii de management al reloc\u0103rii, al informa\u021biilor \u0219i al logisticii, care opereaz\u0103 la nivel local \u0219i global. Activeaz\u0103 de peste 60 de ani \u0219i are birouri \u00een America, Pakistan, Sudanul de Sud, <a href=\"https:\/\/moverdb.com\/ro\/moving-to-singapore\/\" data-internallinksmanager029f6b8e52c=\"68\" title=\"V\u0103 muta\u021bi \u00een Singapore? 2026 Costuri de trai \u0219i sfaturi de relocare\">Singapore<\/a>, Afganistan \u0219i Irak la Bagdad \u0219i Erbil. Ei au o re\u021bea de parteneri selecta\u021bi pentru a furniza servicii la nivel interna\u021bional \u0219i sunt membri ai IAM.<\/p>\n<p>Paxton ofer\u0103 un serviciu de mutare din u\u0219\u0103 \u00een u\u0219\u0103 la nivel local, na\u021bional \u0219i interna\u021bional. Ace\u0219tia ofer\u0103 un serviciu de ambalare pentru a v\u0103 proteja bunurile \u00een timpul transportului sau o op\u021biune de bricolaj. V\u0103 vor oferi op\u021biuni de transport care s\u0103 se potriveasc\u0103 cel mai bine nevoilor \u0219i bugetului dvs. \u0219i ofer\u0103 asisten\u021b\u0103 pentru v\u0103muire.<\/p>\n<p>Site web: <a href=\"http:\/\/www.paxton.com\" target=\"_blank\" rel=\"noopener\">http:\/\/www.paxton.com<\/a><\/p>","protected":false},"excerpt":{"rendered":"<p>Moving home or your business is never straightforward so getting assistance can really help especially if you are moving between countries. If you moving within, to or from Iraq, we have compiled a list of removal companies that are members of the International Association of Movers (IAM) and\/or FIDI Accredited International Mover (FAIM) who could [&hellip;]<\/p>\n","protected":false},"author":4,"featured_media":0,"parent":190,"menu_order":0,"comment_status":"closed","ping_status":"closed","template":"","meta":{"_genesis_hide_title":false,"_genesis_hide_breadcrumbs":false,"_genesis_hide_singular_image":false,"_genesis_hide_footer_widgets":false,"_genesis_custom_body_class":"","_genesis_custom_post_class":"","_genesis_layout":"","footnotes":""},"class_list":{"0":"post-7764","1":"page","2":"type-page","3":"status-publish","5":"entry","6":"has-post-thumbnail"},"_links":{"self":[{"href":"https:\/\/moverdb.com\/ro\/wp-json\/wp\/v2\/pages\/7764","targetHints":{"allow":["GET"]}}],"collection":[{"href":"https:\/\/moverdb.com\/ro\/wp-json\/wp\/v2\/pages"}],"about":[{"href":"https:\/\/moverdb.com\/ro\/wp-json\/wp\/v2\/types\/page"}],"author":[{"embeddable":true,"href":"https:\/\/moverdb.com\/ro\/wp-json\/wp\/v2\/users\/4"}],"replies":[{"embeddable":true,"href":"https:\/\/moverdb.com\/ro\/wp-json\/wp\/v2\/comments?post=7764"}],"version-history":[{"count":1,"href":"https:\/\/moverdb.com\/ro\/wp-json\/wp\/v2\/pages\/7764\/revisions"}],"predecessor-version":[{"id":7765,"href":"https:\/\/moverdb.com\/ro\/wp-json\/wp\/v2\/pages\/7764\/revisions\/7765"}],"up":[{"embeddable":true,"href":"https:\/\/moverdb.com\/ro\/wp-json\/wp\/v2\/pages\/190"}],"wp:attachment":[{"href":"https:\/\/moverdb.com\/ro\/wp-json\/wp\/v2\/media?parent=7764"}],"curies":[{"name":"wp","href":"https:\/\/api.w.org\/{rel}","templated":true}]}}