{"id":7525,"date":"2023-02-01T14:03:46","date_gmt":"2023-02-01T14:03:46","guid":{"rendered":"https:\/\/moverdb.com\/?page_id=7525"},"modified":"2026-01-08T15:25:10","modified_gmt":"2026-01-08T15:25:10","slug":"companii-de-mutare-iran","status":"publish","type":"page","link":"https:\/\/moverdb.com\/ro\/moving-companies\/moving-companies-iran\/","title":{"rendered":"5 Cele mai bune companii de mutare interna\u021bional\u0103 \u00een Iran"},"content":{"rendered":"<p>Pl\u0103nui\u021bi s\u0103 v\u0103 muta\u021bi? Fie c\u0103 v\u0103 muta\u021bi casa \u0219i\/sau afacerea, s-ar putea s\u0103 dori\u021bi ajutor pentru a reduce presiunea, ceea ce este cazul \u00een care un <a href=\"https:\/\/moverdb.com\/ro\/moving-companies\/\" data-internallinksmanager029f6b8e52c=\"79\" title=\"Top 25 Companii interna\u021bionale de mutare online\">companie \u00een mi\u0219care<\/a> poate ajuta. Mai jos am compilat o list\u0103 de site-uri din Iran. <a href=\"https:\/\/moverdb.com\/ro\/international-removals\/\" data-internallinksmanager029f6b8e52c=\"27\" title=\"36 Cele mai bune companii de mut\u0103ri interna\u021bionale din Marea Britanie\">companii de mutare<\/a> care sunt membri ai grupului <a href=\"https:\/\/moverdb.com\/ro\/iam\/\" data-internallinksmanager029f6b8e52c=\"23\" title=\"Explica\u021bii despre Asocia\u021bia Interna\u021bional\u0103 a Transportatorilor (IAM)\">Asocia\u021bia Interna\u021bional\u0103 a Transportatorilor<\/a> (IAM) \u0219i\/sau <a href=\"https:\/\/moverdb.com\/ro\/fidi-faim\/\" data-internallinksmanager029f6b8e52c=\"16\" title=\"FIDI &amp; FAIM (FIDI Accredited International Mover) Explicat\">FIDI<\/a> Accredited International Mover (FAIM) care v\u0103 poate ajuta cu mutarea dumneavoastr\u0103.<\/p>\n<div id=\"ez-toc-container\" class=\"ez-toc-v2_0_82_2 ez-toc-wrap-left counter-hierarchy ez-toc-counter ez-toc-transparent ez-toc-container-direction\">\n<div class=\"ez-toc-title-container\">\n<p class=\"ez-toc-title\" style=\"cursor:inherit\">Sec\u021biuni<\/p>\n<span class=\"ez-toc-title-toggle\"><a href=\"#\" class=\"ez-toc-pull-right ez-toc-btn ez-toc-btn-xs ez-toc-btn-default ez-toc-toggle\" aria-label=\"Comuta\u021bi tabelul de con\u021binut\"><span class=\"ez-toc-js-icon-con\"><span class=\"\"><span class=\"eztoc-hide\" style=\"display:none;\">Toggle<\/span><span class=\"ez-toc-icon-toggle-span\"><svg style=\"fill: #999;color:#999\" xmlns=\"http:\/\/www.w3.org\/2000\/svg\" class=\"list-377408\" width=\"20px\" height=\"20px\" viewbox=\"0 0 24 24\" fill=\"none\"><path d=\"M6 6H4v2h2V6zm14 0H8v2h12V6zM4 11h2v2H4v-2zm16 0H8v2h12v-2zM4 16h2v2H4v-2zm16 0H8v2h12v-2z\" fill=\"currentColor\"><\/path><\/svg><svg style=\"fill: #999;color:#999\" class=\"arrow-unsorted-368013\" xmlns=\"http:\/\/www.w3.org\/2000\/svg\" width=\"10px\" height=\"10px\" viewbox=\"0 0 24 24\" version=\"1.2\" baseprofile=\"tiny\"><path d=\"M18.2 9.3l-6.2-6.3-6.2 6.3c-.2.2-.3.4-.3.7s.1.5.3.7c.2.2.4.3.7.3h11c.3 0 .5-.1.7-.3.2-.2.3-.5.3-.7s-.1-.5-.3-.7zM5.8 14.7l6.2 6.3 6.2-6.3c.2-.2.3-.5.3-.7s-.1-.5-.3-.7c-.2-.2-.4-.3-.7-.3h-11c-.3 0-.5.1-.7.3-.2.2-.3.5-.3.7s.1.5.3.7z\"\/><\/svg><\/span><\/span><\/span><\/a><\/span><\/div>\n<nav><ul class='ez-toc-list ez-toc-list-level-1 eztoc-toggle-hide-by-default' ><li class='ez-toc-page-1 ez-toc-heading-level-2'><a class=\"ez-toc-link ez-toc-heading-1\" href=\"https:\/\/moverdb.com\/ro\/moving-companies\/moving-companies-iran\/#1_Barad_Air_Sea_Co\" >1. Barad Air &amp; Sea Co.<\/a><\/li><li class='ez-toc-page-1 ez-toc-heading-level-2'><a class=\"ez-toc-link ez-toc-heading-2\" href=\"https:\/\/moverdb.com\/ro\/moving-companies\/moving-companies-iran\/#2_Kar_Kia_Co_Ltd\" >2. Kar Kia Co Ltd<\/a><\/li><li class='ez-toc-page-1 ez-toc-heading-level-2'><a class=\"ez-toc-link ez-toc-heading-3\" href=\"https:\/\/moverdb.com\/ro\/moving-companies\/moving-companies-iran\/#3_Simorgh_Pack_Express\" >3. Simorgh Pack Express<\/a><\/li><li class='ez-toc-page-1 ez-toc-heading-level-2'><a class=\"ez-toc-link ez-toc-heading-4\" href=\"https:\/\/moverdb.com\/ro\/moving-companies\/moving-companies-iran\/#4_Simorgh_Pack\" >4. Pachet Simorgh<\/a><\/li><li class='ez-toc-page-1 ez-toc-heading-level-2'><a class=\"ez-toc-link ez-toc-heading-5\" href=\"https:\/\/moverdb.com\/ro\/moving-companies\/moving-companies-iran\/#5_Unipack\" >5. Unipack<\/a><\/li><\/ul><\/nav><\/div>\n<h2><span class=\"ez-toc-section\" id=\"1_Barad_Air_Sea_Co\"><\/span><strong>1. Barad Air &amp; Sea Co.<\/strong><span class=\"ez-toc-section-end\"><\/span><\/h2>\n<p><img loading=\"lazy\" decoding=\"async\" class=\"alignnone size-full wp-image-7418\" src=\"https:\/\/moverdb.com\/wp-content\/uploads\/Barad-international-moving-company.png\" alt=\"Barad companie de mutare interna\u021bional\u0103\" width=\"1440\" height=\"687\" data-wp-pid=\"7418\" srcset=\"https:\/\/moverdb.com\/wp-content\/uploads\/Barad-international-moving-company.png 1440w, https:\/\/moverdb.com\/wp-content\/uploads\/Barad-international-moving-company-300x143.png 300w, https:\/\/moverdb.com\/wp-content\/uploads\/Barad-international-moving-company-1024x489.png 1024w, https:\/\/moverdb.com\/wp-content\/uploads\/Barad-international-moving-company-18x9.png 18w, https:\/\/moverdb.com\/wp-content\/uploads\/Barad-international-moving-company-600x286.png 600w\" sizes=\"auto, (max-width: 1440px) 100vw, 1440px\" \/><\/p>\n<ul>\n<li>Mi\u0219c\u0103ri na\u021bionale<\/li>\n<li>Mut\u0103ri interna\u021bionale<\/li>\n<li>Mutarea gospod\u0103riei<\/li>\n<li>Mutarea birourilor<\/li>\n<li>Manageri de cont dedica\u021bi<\/li>\n<li>Serviciu profesionist de ambalare<\/li>\n<li>Transport rutier, maritim \u0219i aerian<\/li>\n<li>V\u0103muire<\/li>\n<li>Transportul operelor de art\u0103<\/li>\n<li>Depozitare pe termen scurt sau lung<\/li>\n<\/ul>\n<p>Barad este o companie de transport rutier \u0219i logistic\u0103 care ofer\u0103 solu\u021bii de mutare \u00een Iran \u0219i \u00een peste 150 de \u021b\u0103ri din \u00eentreaga lume, prin intermediul unei re\u021bele de parteneri de mutare. De asemenea, ofer\u0103 servicii de expediere a m\u0103rfurilor, servicii de depozitare \u0219i servicii de v\u0103muire. De asemenea, sunt membri ai IAM.<\/p>\n<p>Barad pune la dispozi\u021bie manageri de cont dedica\u021bi pentru serviciile sale, pentru a v\u0103 asista \u00een ceea ce prive\u0219te nevoile dumneavoastr\u0103 de transport. Ace\u0219tia ofer\u0103 un serviciu de mutare din u\u0219\u0103 \u00een u\u0219\u0103, care poate fi efectuat pe cale rutier\u0103, maritim\u0103 sau aerian\u0103 \u0219i care include v\u0103muirea. Ace\u0219tia ofer\u0103 un serviciu profesionist de ambalare care include ambalarea \u00een l\u0103zi, despachetarea \u0219i \u00eendep\u0103rtarea resturilor. Se ocup\u0103 de efecte personale, bagaje \u00een exces, opere de art\u0103, echipamente de birou \u0219i ambasade.<\/p>\n<p>Site web: <a href=\"http:\/\/baradairsea.com\" target=\"_blank\" rel=\"noopener\">http:\/\/baradairsea.com<\/a><\/p>\n<h2><span class=\"ez-toc-section\" id=\"2_Kar_Kia_Co_Ltd\"><\/span><strong>2. Kar Kia Co Ltd<\/strong><span class=\"ez-toc-section-end\"><\/span><\/h2>\n<p><img loading=\"lazy\" decoding=\"async\" class=\"alignnone size-full wp-image-7526\" src=\"https:\/\/moverdb.com\/wp-content\/uploads\/Kat-Kia-international-moving-company.png\" alt=\"Kat Kia companie de mutare interna\u021bional\u0103\" width=\"1440\" height=\"680\" data-wp-pid=\"7526\" srcset=\"https:\/\/moverdb.com\/wp-content\/uploads\/Kat-Kia-international-moving-company.png 1440w, https:\/\/moverdb.com\/wp-content\/uploads\/Kat-Kia-international-moving-company-300x142.png 300w, https:\/\/moverdb.com\/wp-content\/uploads\/Kat-Kia-international-moving-company-1024x484.png 1024w, https:\/\/moverdb.com\/wp-content\/uploads\/Kat-Kia-international-moving-company-18x9.png 18w, https:\/\/moverdb.com\/wp-content\/uploads\/Kat-Kia-international-moving-company-600x283.png 600w\" sizes=\"auto, (max-width: 1440px) 100vw, 1440px\" \/><\/p>\n<ul>\n<li>Mi\u0219c\u0103ri na\u021bionale<\/li>\n<li>Mut\u0103ri interna\u021bionale<\/li>\n<li>Mutarea gospod\u0103riei<\/li>\n<li>Serviciu din u\u0219\u0103 \u00een u\u0219\u0103<\/li>\n<li>Serviciul de ambalare<\/li>\n<li>Transport terestru, maritim sau aerian<\/li>\n<li>V\u0103muire<\/li>\n<li>Transportul artelor plastice<\/li>\n<li>Asigurare<\/li>\n<li>Depozitare<\/li>\n<\/ul>\n<p>Kar Kia este o companie de mutare \u0219i depozitare cu sediul \u00een Teheran, care ofer\u0103 solu\u021bii de mutare la nivel local \u00een Teheran, \u00een Iran \u0219i la nivel interna\u021bional c\u0103tre \u0219i din Iran. Ei sunt sus\u021binu\u021bi de o re\u021bea de agen\u021bi de mutare din \u00eentreaga lume \u0219i sunt membri ai IAM cu 39 de ani de serviciu.<\/p>\n<p>Kar Kia ofer\u0103 un serviciu de la u\u0219\u0103 la u\u0219\u0103 pentru mut\u0103ri de gospod\u0103rie, care include \u00eempachetarea \u00een siguran\u021b\u0103 a tuturor bunurilor dumneavoastr\u0103 pentru tranzit. Kia Kia va aranja transportul bunurilor dumneavoastr\u0103 la destina\u021bie pe cale rutier\u0103, maritim\u0103 sau aerian\u0103 \u0219i v\u0103 va asista \u00een ceea ce prive\u0219te formalit\u0103\u021bile vamale de import \u0219i export. Ofer\u0103, de asemenea, servicii suplimentare care includ mutarea obiectelor de art\u0103, asigurarea \u0219i depozitarea.<\/p>\n<p>Site web: <a href=\"http:\/\/www.karkiamovers.com\" target=\"_blank\" rel=\"noopener\">http:\/\/www.karkiamovers.com<\/a><\/p>\n<h2><span class=\"ez-toc-section\" id=\"3_Simorgh_Pack_Express\"><\/span><strong>3. <\/strong><strong>Simorgh Pack Express<\/strong><span class=\"ez-toc-section-end\"><\/span><\/h2>\n<p><img loading=\"lazy\" decoding=\"async\" class=\"alignnone size-full wp-image-7486\" src=\"https:\/\/moverdb.com\/wp-content\/uploads\/Simorgh-Pack-Express-international-moving-company.png\" alt=\"Simorgh Pack Express companie de mut\u0103ri interna\u021bionale\" width=\"1440\" height=\"678\" data-wp-pid=\"7486\" srcset=\"https:\/\/moverdb.com\/wp-content\/uploads\/Simorgh-Pack-Express-international-moving-company.png 1440w, https:\/\/moverdb.com\/wp-content\/uploads\/Simorgh-Pack-Express-international-moving-company-300x141.png 300w, https:\/\/moverdb.com\/wp-content\/uploads\/Simorgh-Pack-Express-international-moving-company-1024x482.png 1024w, https:\/\/moverdb.com\/wp-content\/uploads\/Simorgh-Pack-Express-international-moving-company-18x8.png 18w, https:\/\/moverdb.com\/wp-content\/uploads\/Simorgh-Pack-Express-international-moving-company-600x283.png 600w\" sizes=\"auto, (max-width: 1440px) 100vw, 1440px\" \/><\/p>\n<ul>\n<li>Mi\u0219c\u0103ri na\u021bionale<\/li>\n<li>Mut\u0103ri interna\u021bionale<\/li>\n<li>Mutarea gospod\u0103riei<\/li>\n<li>Sondaj la domiciliu<\/li>\n<li>Serviciul de ambalare<\/li>\n<li>Transport maritim, aerian \u0219i terestru<\/li>\n<li>Asisten\u021b\u0103 vamal\u0103<\/li>\n<li>Transportul vehiculelor<\/li>\n<li>Asigurare<\/li>\n<li>Facilit\u0103\u021bi de depozitare<\/li>\n<\/ul>\n<p>Simorgh Pack Express este o companie de mut\u0103ri cu sediul \u00een Teheran. Ace\u0219tia au o re\u021bea mondial\u0103 de asocia\u021bi care \u00eei ajut\u0103 cu mut\u0103ri interna\u021bionale oriunde \u00een lume. Ei sunt membri ai IAM cu 31 de ani de serviciu.<\/p>\n<p>Simorgh Pack Express v\u0103 va coordona \u00eentreaga mutare \u0219i se va asigura c\u0103 aceasta se desf\u0103\u0219oar\u0103 f\u0103r\u0103 probleme, indiferent dac\u0103 v\u0103 muta\u021bi la nivel local sau \u00een \u00eentreaga lume. Ace\u0219tia pun la dispozi\u021bie personal calificat pentru a v\u0103 \u00eempacheta bunurile \u00een siguran\u021b\u0103 pentru a le proteja \u00een timpul transportului, folosind materiale de \u00eenalt\u0103 calitate. Se vor ocupa de transportul dumneavoastr\u0103 pe cale terestr\u0103, aerian\u0103 sau maritim\u0103 \u0219i se vor asigura c\u0103 vor g\u0103si cea mai bun\u0103 solu\u021bie pentru nevoile dumneavoastr\u0103 \u0219i cele mai mici taxe.<\/p>\n<p>Site web: <a href=\"http:\/\/www.simorghpackexpress.com\" target=\"_blank\" rel=\"noopener\">http:\/\/www.simorghpackexpress.com<\/a><\/p>\n<h2><span class=\"ez-toc-section\" id=\"4_Simorgh_Pack\"><\/span><strong>4. Pachet Simorgh<\/strong><span class=\"ez-toc-section-end\"><\/span><\/h2>\n<p><img loading=\"lazy\" decoding=\"async\" class=\"alignnone size-full wp-image-7487\" src=\"https:\/\/moverdb.com\/wp-content\/uploads\/Simorgh-Pack-international-moving-company.png\" alt=\"Simorgh Pack companie de mutare interna\u021bional\u0103\" width=\"1440\" height=\"680\" data-wp-pid=\"7487\" srcset=\"https:\/\/moverdb.com\/wp-content\/uploads\/Simorgh-Pack-international-moving-company.png 1440w, https:\/\/moverdb.com\/wp-content\/uploads\/Simorgh-Pack-international-moving-company-300x142.png 300w, https:\/\/moverdb.com\/wp-content\/uploads\/Simorgh-Pack-international-moving-company-1024x484.png 1024w, https:\/\/moverdb.com\/wp-content\/uploads\/Simorgh-Pack-international-moving-company-18x9.png 18w, https:\/\/moverdb.com\/wp-content\/uploads\/Simorgh-Pack-international-moving-company-600x283.png 600w\" sizes=\"auto, (max-width: 1440px) 100vw, 1440px\" \/><\/p>\n<ul>\n<li>Mut\u0103ri locale \u0219i na\u021bionale<\/li>\n<li>Mut\u0103ri interna\u021bionale<\/li>\n<li>Mutarea gospod\u0103riei<\/li>\n<li>Mut\u0103ri comerciale<\/li>\n<li>Serviciu din u\u0219\u0103 \u00een u\u0219\u0103<\/li>\n<li>Ambalare profesional\u0103<\/li>\n<li>Transport terestru, aerian sau maritim<\/li>\n<li>Transportul vehiculelor<\/li>\n<li>Asigurare<\/li>\n<li>Facilit\u0103\u021bi de depozitare securizate<\/li>\n<\/ul>\n<p>Simorgh Pack este o companie de relocalizare global\u0103 care ajut\u0103 oamenii s\u0103 se mute din 1992 \u0219i are sediul \u00een Teheran. Au o re\u021bea mondial\u0103 de agen\u021bi \u0219i speciali\u0219ti \u00een transport \u0219i mutare care \u00eei sprijin\u0103. Sunt membri ai IAM cu 31 de ani de activitate.<\/p>\n<p>Simorgh Pack ofer\u0103 un coordonator de mutare dedicat, care v\u0103 va sprijini \u00een fiecare etap\u0103. Acesta \u00eencepe cu un studiu ini\u021bial pentru a v\u0103 evalua nevoile, apoi va g\u0103si cele mai bune rute la pre\u021buri corecte. Ambalatorii lor profesioni\u0219ti v\u0103 vor \u00eempacheta bunurile pentru transportul pe uscat, pe calea aerului sau pe mare, cu un inventar detaliat.<\/p>\n<p>Site web: <a href=\"http:\/\/www.simorghpack.com\" target=\"_blank\" rel=\"noopener\">http:\/\/www.simorghpack.com<\/a><\/p>\n<h2><span class=\"ez-toc-section\" id=\"5_Unipack\"><\/span><strong>5. Unipack<\/strong><span class=\"ez-toc-section-end\"><\/span><\/h2>\n<p><img loading=\"lazy\" decoding=\"async\" class=\"alignnone size-full wp-image-7494\" src=\"https:\/\/moverdb.com\/wp-content\/uploads\/Unipack-international-moving-company-1.png\" alt=\"Unipack companie de mutare interna\u021bional\u0103\" width=\"1440\" height=\"681\" data-wp-pid=\"7494\" srcset=\"https:\/\/moverdb.com\/wp-content\/uploads\/Unipack-international-moving-company-1.png 1440w, https:\/\/moverdb.com\/wp-content\/uploads\/Unipack-international-moving-company-1-300x142.png 300w, https:\/\/moverdb.com\/wp-content\/uploads\/Unipack-international-moving-company-1-1024x484.png 1024w, https:\/\/moverdb.com\/wp-content\/uploads\/Unipack-international-moving-company-1-18x9.png 18w, https:\/\/moverdb.com\/wp-content\/uploads\/Unipack-international-moving-company-1-600x284.png 600w\" sizes=\"auto, (max-width: 1440px) 100vw, 1440px\" \/><\/p>\n<ul>\n<li>Mut\u0103ri interna\u021bionale<\/li>\n<li>Mutarea gospod\u0103riei<\/li>\n<li>Mut\u0103ri comerciale \u0219i de birouri<\/li>\n<li>Serviciu din u\u0219\u0103 \u00een u\u0219\u0103<\/li>\n<li>Servicii de ambalare<\/li>\n<li>Formalit\u0103\u021bi vamale<\/li>\n<li>Transport terestru, maritim \u0219i aerian<\/li>\n<li>Transportul animalelor de companie<\/li>\n<li>Transportul vehiculelor<\/li>\n<li>Facilit\u0103\u021bi de depozitare<\/li>\n<\/ul>\n<p>Unipack este o companie interna\u021bional\u0103 de ambalare \u0219i expediere cu sediul \u00een Iran, fondat\u0103 \u00een 1975. Ace\u0219tia lucreaz\u0103 cu o re\u021bea de parteneri interna\u021bionali de mutare \u0219i relocare selecta\u021bi din \u00eentreaga lume pentru a livra mut\u0103ri oriunde. Ei sunt membri ai IAM cu 49 de ani de serviciu.<\/p>\n<p>Unipack ofer\u0103 o gam\u0103 larg\u0103 de servicii de transport, inclusiv bunuri de uz casnic, bunuri de expozi\u021bie, obiecte de art\u0103, vehicule, animale de companie, cadavre \u0219i mut\u0103ri de birouri. Ace\u0219tia ofer\u0103 un serviciu de mutare din u\u0219\u0103 \u00een u\u0219\u0103 pentru mut\u0103ri care include \u00eempachetarea sigur\u0103 a bunurilor dumneavoastr\u0103 \u0219i utilizarea de l\u0103zi de lemn pentru obiectele fragile. Ace\u0219tia organizeaz\u0103 transportul pe cale terestr\u0103, aerian\u0103 \u0219i maritim\u0103 \u0219i se vor ocupa de formalit\u0103\u021bile vamale.<\/p>\n<p>Site web: <a href=\"http:\/\/www.unipack.ir\" target=\"_blank\" rel=\"noopener\">http:\/\/www.unipack.ir<\/a><\/p>","protected":false},"excerpt":{"rendered":"<p>Are you planning on moving? Whether you are moving home and\/or business, you might want some help to reduce the pressure which is where a moving company can help. Below we have compiled a list of Iran based removal companies that are members of the International Association of Movers (IAM) and\/or FIDI Accredited International Mover [&hellip;]<\/p>\n","protected":false},"author":4,"featured_media":0,"parent":190,"menu_order":0,"comment_status":"closed","ping_status":"closed","template":"","meta":{"_genesis_hide_title":false,"_genesis_hide_breadcrumbs":false,"_genesis_hide_singular_image":false,"_genesis_hide_footer_widgets":false,"_genesis_custom_body_class":"","_genesis_custom_post_class":"","_genesis_layout":"","footnotes":""},"class_list":{"0":"post-7525","1":"page","2":"type-page","3":"status-publish","5":"entry","6":"has-post-thumbnail"},"_links":{"self":[{"href":"https:\/\/moverdb.com\/ro\/wp-json\/wp\/v2\/pages\/7525","targetHints":{"allow":["GET"]}}],"collection":[{"href":"https:\/\/moverdb.com\/ro\/wp-json\/wp\/v2\/pages"}],"about":[{"href":"https:\/\/moverdb.com\/ro\/wp-json\/wp\/v2\/types\/page"}],"author":[{"embeddable":true,"href":"https:\/\/moverdb.com\/ro\/wp-json\/wp\/v2\/users\/4"}],"replies":[{"embeddable":true,"href":"https:\/\/moverdb.com\/ro\/wp-json\/wp\/v2\/comments?post=7525"}],"version-history":[{"count":1,"href":"https:\/\/moverdb.com\/ro\/wp-json\/wp\/v2\/pages\/7525\/revisions"}],"predecessor-version":[{"id":7527,"href":"https:\/\/moverdb.com\/ro\/wp-json\/wp\/v2\/pages\/7525\/revisions\/7527"}],"up":[{"embeddable":true,"href":"https:\/\/moverdb.com\/ro\/wp-json\/wp\/v2\/pages\/190"}],"wp:attachment":[{"href":"https:\/\/moverdb.com\/ro\/wp-json\/wp\/v2\/media?parent=7525"}],"curies":[{"name":"wp","href":"https:\/\/api.w.org\/{rel}","templated":true}]}}