{"id":7518,"date":"2023-02-01T14:01:41","date_gmt":"2023-02-01T14:01:41","guid":{"rendered":"https:\/\/moverdb.com\/?page_id=7518"},"modified":"2026-01-08T15:23:44","modified_gmt":"2026-01-08T15:23:44","slug":"companii-de-mutare-honduras","status":"publish","type":"page","link":"https:\/\/moverdb.com\/ro\/moving-companies\/moving-companies-honduras\/","title":{"rendered":"2 Cele mai bune companii de mutare interna\u021bional\u0103 \u00een Honduras"},"content":{"rendered":"<p>Mutarea poate fi un moment complicat \u0219i stresant, a\u0219a c\u0103, dac\u0103 planifica\u021bi o mutare c\u0103tre, din sau \u00een Honduras, este posibil s\u0103 dori\u021bi ajutorul unui agent de turism. <a href=\"https:\/\/moverdb.com\/ro\/moving-companies\/\" data-internallinksmanager029f6b8e52c=\"79\" title=\"Top 25 Companii interna\u021bionale de mutare online\">companie \u00een mi\u0219care<\/a>. Mai jos am compilat o list\u0103 de Honduras bazate pe <a href=\"https:\/\/moverdb.com\/ro\/international-removals\/\" data-internallinksmanager029f6b8e52c=\"27\" title=\"36 Cele mai bune companii de mut\u0103ri interna\u021bionale din Marea Britanie\">companii de mutare<\/a> care sunt membri ai grupului <a href=\"https:\/\/moverdb.com\/ro\/iam\/\" data-internallinksmanager029f6b8e52c=\"23\" title=\"Explica\u021bii despre Asocia\u021bia Interna\u021bional\u0103 a Transportatorilor (IAM)\">Asocia\u021bia Interna\u021bional\u0103 a Transportatorilor<\/a> (IAM) \u0219i\/sau <a href=\"https:\/\/moverdb.com\/ro\/fidi-faim\/\" data-internallinksmanager029f6b8e52c=\"16\" title=\"FIDI &amp; FAIM (FIDI Accredited International Mover) Explicat\">FIDI<\/a> Accredited International Mover (FAIM) care v\u0103 poate ajuta cu mutarea dumneavoastr\u0103.<\/p>\n<h2><strong>1. Mudanzas International<\/strong><\/h2>\n<p><img loading=\"lazy\" decoding=\"async\" class=\"alignnone size-full wp-image-7471\" src=\"https:\/\/moverdb.com\/wp-content\/uploads\/Mudanzas-International-moving-company.png\" alt=\"Mudanzas Companie de mutare interna\u021bional\u0103\" width=\"1440\" height=\"681\" data-wp-pid=\"7471\" srcset=\"https:\/\/moverdb.com\/wp-content\/uploads\/Mudanzas-International-moving-company.png 1440w, https:\/\/moverdb.com\/wp-content\/uploads\/Mudanzas-International-moving-company-300x142.png 300w, https:\/\/moverdb.com\/wp-content\/uploads\/Mudanzas-International-moving-company-1024x484.png 1024w, https:\/\/moverdb.com\/wp-content\/uploads\/Mudanzas-International-moving-company-18x9.png 18w, https:\/\/moverdb.com\/wp-content\/uploads\/Mudanzas-International-moving-company-600x284.png 600w\" sizes=\"auto, (max-width: 1440px) 100vw, 1440px\" \/><\/p>\n<ul>\n<li>Mi\u0219c\u0103ri na\u021bionale<\/li>\n<li>Mut\u0103ri interna\u021bionale<\/li>\n<li>Mutarea gospod\u0103riei<\/li>\n<li>Serviciu din u\u0219\u0103 \u00een u\u0219\u0103<\/li>\n<li>Serviciu profesionist de ambalare<\/li>\n<li>Flot\u0103 proprie de vehicule<\/li>\n<li>Transport rutier, maritim \u0219i aerian<\/li>\n<li>Asisten\u021b\u0103 vamal\u0103<\/li>\n<li>Transportul vehiculelor<\/li>\n<li>Alegerea op\u021biunilor de depozitare<\/li>\n<\/ul>\n<p>Mudanzas International este o companie interna\u021bional\u0103 de mut\u0103ri, ambalare \u0219i depozitare cu peste 25 de ani de experien\u021b\u0103. Sunt membri ai IAM cu 32 de ani de serviciu, ceea ce le ofer\u0103 acces la o re\u021bea interna\u021bional\u0103 de agen\u021bi de mutare pentru a ajuta la mut\u0103ri \u00een str\u0103in\u0103tate.<\/p>\n<p>Mudanzas International ofer\u0103 un serviciu de mutare personalizat pentru mut\u0103ri na\u021bionale \u0219i interna\u021bionale cu un serviciu u\u0219\u0103 la u\u0219\u0103. Ace\u0219tia ofer\u0103 un serviciu profesionist de ambalare pentru a v\u0103 proteja bunurile \u00een timpul transportului. Pot aranja transportul rutier cu ajutorul flotei proprii, transportul aerian \u0219i maritim \u0219i v\u0103 pot oferi asisten\u021b\u0103 pentru serviciile vamale. De asemenea, pot asigura transportul de vehicule \u0219i motociclete.<\/p>\n<p>Site web: <a href=\"http:\/\/www.mudanzasinternational.net\" target=\"_blank\" rel=\"noopener\">http:\/\/www.mudanzasinternational.net<\/a><\/p>\n<h2><strong>2. Transportul aerian Mudanzas<\/strong><\/h2>\n<p><img loading=\"lazy\" decoding=\"async\" class=\"alignnone size-full wp-image-7470\" src=\"https:\/\/moverdb.com\/wp-content\/uploads\/Mudanzas-Airlift-international-moving-company.png\" alt=\"Mudanzas Airlift companie interna\u021bional\u0103 de mutare\" width=\"1440\" height=\"678\" data-wp-pid=\"7470\" srcset=\"https:\/\/moverdb.com\/wp-content\/uploads\/Mudanzas-Airlift-international-moving-company.png 1440w, https:\/\/moverdb.com\/wp-content\/uploads\/Mudanzas-Airlift-international-moving-company-300x141.png 300w, https:\/\/moverdb.com\/wp-content\/uploads\/Mudanzas-Airlift-international-moving-company-1024x482.png 1024w, https:\/\/moverdb.com\/wp-content\/uploads\/Mudanzas-Airlift-international-moving-company-18x8.png 18w, https:\/\/moverdb.com\/wp-content\/uploads\/Mudanzas-Airlift-international-moving-company-600x283.png 600w\" sizes=\"auto, (max-width: 1440px) 100vw, 1440px\" \/><\/p>\n<ul>\n<li>Mi\u0219c\u0103ri na\u021bionale<\/li>\n<li>Mut\u0103ri interna\u021bionale<\/li>\n<li>Mutarea gospod\u0103riei<\/li>\n<li>Serviciu din u\u0219\u0103 \u00een u\u0219\u0103<\/li>\n<li>Serviciul de ambalare<\/li>\n<li>Organizarea transportului<\/li>\n<li>V\u0103muire<\/li>\n<li>Transportul vehiculelor<\/li>\n<li>Asigurare<\/li>\n<li>Serviciul de depozitare<\/li>\n<\/ul>\n<p>Mudanzas Airlift este o companie interna\u021bional\u0103 de relocalizare, transport \u0219i logistic\u0103, fondat\u0103 \u00een 1963. Sediul central se afl\u0103 \u00een Tegucigalpa \u0219i are o sucursal\u0103 \u00een San Pedro Sula. Sunt membri ai IAM, care le ofer\u0103 o re\u021bea interna\u021bional\u0103 de agen\u021bi de mutare.<\/p>\n<p>Mudanzas Airlift ofer\u0103 un studiu \u00eenainte de mutare pentru a v\u0103 ajuta s\u0103 v\u0103 evalua\u021bi cerin\u021bele. Ace\u0219tia ofer\u0103 un transport din u\u0219\u0103 \u00een u\u0219\u0103 sau din u\u0219\u0103 \u00een<a href=\"https:\/\/moverdb.com\/ro\/top-49-container-ports\/\" data-internallinksmanager029f6b8e52c=\"80\" title=\"Top 49 cele mai mari \u0219i mai aglomerate porturi de containere \u00een 2026\">port<\/a> serviciu care include un serviciu de ambalare \u0219i ambalare \u00een l\u0103zi pentru a v\u0103 proteja obiectele \u00een timpul mut\u0103rii. Ace\u0219tia se vor ocupa de transportul lucrurilor dumneavoastr\u0103 \u0219i v\u0103 vor ajuta cu v\u0103muirea \u0219i asigurarea. Ofer\u0103, de asemenea, solu\u021bii de transport \u0219i depozitare a vehiculelor, dac\u0103 ave\u021bi nevoie.<\/p>\n<p>Site web: <a href=\"http:\/\/www.mudanzasairlift.com\" target=\"_blank\" rel=\"noopener\">http:\/\/www.mudanzasairlift.com<\/a><\/p>","protected":false},"excerpt":{"rendered":"<p>Moving can be a complicated and stressful time so if you are planning a move to, from or within Honduras, you may want the help of a moving company. Below we have compiled a list of Honduras based removal companies that are members of the International Association of Movers (IAM) and\/or FIDI Accredited International Mover [&hellip;]<\/p>\n","protected":false},"author":4,"featured_media":0,"parent":190,"menu_order":0,"comment_status":"closed","ping_status":"closed","template":"","meta":{"_genesis_hide_title":false,"_genesis_hide_breadcrumbs":false,"_genesis_hide_singular_image":false,"_genesis_hide_footer_widgets":false,"_genesis_custom_body_class":"","_genesis_custom_post_class":"","_genesis_layout":"","footnotes":""},"class_list":{"0":"post-7518","1":"page","2":"type-page","3":"status-publish","5":"entry","6":"has-post-thumbnail"},"_links":{"self":[{"href":"https:\/\/moverdb.com\/ro\/wp-json\/wp\/v2\/pages\/7518","targetHints":{"allow":["GET"]}}],"collection":[{"href":"https:\/\/moverdb.com\/ro\/wp-json\/wp\/v2\/pages"}],"about":[{"href":"https:\/\/moverdb.com\/ro\/wp-json\/wp\/v2\/types\/page"}],"author":[{"embeddable":true,"href":"https:\/\/moverdb.com\/ro\/wp-json\/wp\/v2\/users\/4"}],"replies":[{"embeddable":true,"href":"https:\/\/moverdb.com\/ro\/wp-json\/wp\/v2\/comments?post=7518"}],"version-history":[{"count":1,"href":"https:\/\/moverdb.com\/ro\/wp-json\/wp\/v2\/pages\/7518\/revisions"}],"predecessor-version":[{"id":7519,"href":"https:\/\/moverdb.com\/ro\/wp-json\/wp\/v2\/pages\/7518\/revisions\/7519"}],"up":[{"embeddable":true,"href":"https:\/\/moverdb.com\/ro\/wp-json\/wp\/v2\/pages\/190"}],"wp:attachment":[{"href":"https:\/\/moverdb.com\/ro\/wp-json\/wp\/v2\/media?parent=7518"}],"curies":[{"name":"wp","href":"https:\/\/api.w.org\/{rel}","templated":true}]}}