{"id":7512,"date":"2023-02-01T13:59:57","date_gmt":"2023-02-01T13:59:57","guid":{"rendered":"https:\/\/moverdb.com\/?page_id=7512"},"modified":"2026-01-08T15:24:16","modified_gmt":"2026-01-08T15:24:16","slug":"moving-companies-guatemala","status":"publish","type":"page","link":"https:\/\/moverdb.com\/ro\/moving-companies\/moving-companies-guatemala\/","title":{"rendered":"3 Cele mai bune companii de mutare interna\u021bional\u0103 \u00een Guatemala"},"content":{"rendered":"<p>V\u0103 muta\u021bi \u00een Guatemala, dinspre Guatemala sau \u00een Guatemala? Atunci a\u021bi putea fi interesat de serviciile unui <a href=\"https:\/\/moverdb.com\/ro\/moving-companies\/\" data-internallinksmanager029f6b8e52c=\"79\" title=\"Top 25 Companii interna\u021bionale de mutare online\">companie \u00een mi\u0219care<\/a> care v\u0103 poate ajuta cu ambalarea, transportul \u0219i formalit\u0103\u021bile vamale. Mai jos am compilat o list\u0103 de firme din Guatemala <a href=\"https:\/\/moverdb.com\/ro\/international-removals\/\" data-internallinksmanager029f6b8e52c=\"27\" title=\"36 Cele mai bune companii de mut\u0103ri interna\u021bionale din Marea Britanie\">companii de mutare<\/a> care sunt membri ai grupului <a href=\"https:\/\/moverdb.com\/ro\/iam\/\" data-internallinksmanager029f6b8e52c=\"23\" title=\"Explica\u021bii despre Asocia\u021bia Interna\u021bional\u0103 a Transportatorilor (IAM)\">Asocia\u021bia Interna\u021bional\u0103 a Transportatorilor<\/a> (IAM) \u0219i\/sau <a href=\"https:\/\/moverdb.com\/ro\/fidi-faim\/\" data-internallinksmanager029f6b8e52c=\"16\" title=\"FIDI &amp; FAIM (FIDI Accredited International Mover) Explicat\">FIDI<\/a> Accredited International Mover (FAIM) care v\u0103 poate ajuta cu mutarea dumneavoastr\u0103.<\/p>\n<h2><strong>1. Brizmud<\/strong><\/h2>\n<p><img loading=\"lazy\" decoding=\"async\" class=\"alignnone size-full wp-image-7422\" src=\"https:\/\/moverdb.com\/wp-content\/uploads\/Brizmud-international-moving-company.png\" alt=\"Brizmud companie interna\u021bional\u0103 de mutare\" width=\"1440\" height=\"686\" data-wp-pid=\"7422\" srcset=\"https:\/\/moverdb.com\/wp-content\/uploads\/Brizmud-international-moving-company.png 1440w, https:\/\/moverdb.com\/wp-content\/uploads\/Brizmud-international-moving-company-300x143.png 300w, https:\/\/moverdb.com\/wp-content\/uploads\/Brizmud-international-moving-company-1024x488.png 1024w, https:\/\/moverdb.com\/wp-content\/uploads\/Brizmud-international-moving-company-18x9.png 18w, https:\/\/moverdb.com\/wp-content\/uploads\/Brizmud-international-moving-company-600x286.png 600w\" sizes=\"auto, (max-width: 1440px) 100vw, 1440px\" \/><\/p>\n<ul>\n<li>Mut\u0103ri na\u021bionale<\/li>\n<li>Mut\u0103ri interna\u021bionale<\/li>\n<li>Servicii de relocare<\/li>\n<li>Mutarea gospod\u0103riei<\/li>\n<li>Servicii de ambalare<\/li>\n<li>Transport rutier, maritim \u0219i aerian<\/li>\n<li>Acte vamale<\/li>\n<li>Transportul operelor de art\u0103<\/li>\n<li>Re\u021bea de agen\u021bi interna\u021bionali<\/li>\n<li>Facilit\u0103\u021bi de depozitare<\/li>\n<\/ul>\n<p>Brizmud este o companie de mut\u0103ri locale \u0219i interna\u021bionale cu sediul \u00een Guatemala. Ace\u0219tia ofer\u0103 servicii de mutare \u0219i relocalizare a gospod\u0103riilor. Ei au o re\u021bea de furnizori \u0219i agen\u021bi califica\u021bi care le permite s\u0103 opereze \u00een alte \u021b\u0103ri. Ei sunt membri ai IAM cu cinci ani de serviciu.<\/p>\n<p>Brizmud ofer\u0103 clien\u021bilor s\u0103i o \u00eengrijire personalizat\u0103, care include adaptarea ofertei de mutare pentru a satisface nevoile clien\u021bilor. Ace\u0219tia ofer\u0103 o gam\u0103 de servicii de mutare care includ \u00eempachetarea \u00een siguran\u021b\u0103 a bunurilor dumneavoastr\u0103, organizarea tranzitului pe cale rutier\u0103, maritim\u0103 sau aerian\u0103 \u0219i oferirea de asisten\u021b\u0103 vamal\u0103 \u00een completarea documentelor. Ofer\u0103, de asemenea, facilit\u0103\u021bi de depozitare, dac\u0103 ave\u021bi nevoie de ele.<\/p>\n<p>Site web: <a href=\"https:\/\/brizmud.com\/\" target=\"_blank\" rel=\"noopener\">https:\/\/brizmud.com\/<\/a><\/p>\n<h2><strong>2. Intermud<\/strong><\/h2>\n<p><img loading=\"lazy\" decoding=\"async\" class=\"alignnone size-full wp-image-7457\" src=\"https:\/\/moverdb.com\/wp-content\/uploads\/Intermud-international-moving-company.png\" alt=\"Intermud companie de mut\u0103ri interna\u021bionale\" width=\"1440\" height=\"683\" data-wp-pid=\"7457\" srcset=\"https:\/\/moverdb.com\/wp-content\/uploads\/Intermud-international-moving-company.png 1440w, https:\/\/moverdb.com\/wp-content\/uploads\/Intermud-international-moving-company-300x142.png 300w, https:\/\/moverdb.com\/wp-content\/uploads\/Intermud-international-moving-company-1024x486.png 1024w, https:\/\/moverdb.com\/wp-content\/uploads\/Intermud-international-moving-company-18x9.png 18w, https:\/\/moverdb.com\/wp-content\/uploads\/Intermud-international-moving-company-600x285.png 600w\" sizes=\"auto, (max-width: 1440px) 100vw, 1440px\" \/><\/p>\n<ul>\n<li>Mi\u0219c\u0103ri na\u021bionale<\/li>\n<li>Mut\u0103ri interna\u021bionale<\/li>\n<li>Mut\u0103ri reziden\u021biale<\/li>\n<li>Mutarea birourilor<\/li>\n<li>Sfaturi pentru mutare<\/li>\n<li>Servicii de ambalare<\/li>\n<li>Demontarea \u0219i montarea mobilierului<\/li>\n<li>Transporturi terestre, maritime \u0219i aeriene<\/li>\n<li>Asisten\u021b\u0103 vamal\u0103<\/li>\n<li>Facilit\u0103\u021bi de depozitare<\/li>\n<\/ul>\n<p>Intermud este o companie de mut\u0103ri \u0219i logistic\u0103 care are peste 35 de ani de experien\u021b\u0103 \u00een mutarea persoanelor \u0219i are sediul \u00een Guatemala. Este membr\u0103 a IAM cu 40 de ani de activitate \u0219i este acreditat\u0103 de FIDI. Prin intermediul membrilor lor, pot accesa o re\u021bea interna\u021bional\u0103 de agen\u021bi de mutare care s\u0103 \u00eei sprijine \u00een cazul mut\u0103rilor \u00een str\u0103in\u0103tate.<\/p>\n<p>Intermud ofer\u0103 at\u00e2t mut\u0103ri reziden\u021biale, c\u00e2t \u0219i de birouri la nivel local \u0219i interna\u021bional. Pentru clien\u021bii reziden\u021biali, ace\u0219tia ofer\u0103 servicii de ambalare \u0219i despachetare, \u00eenchiriere temporar\u0103 de mobilier \u0219i facilit\u0103\u021bi de depozitare. Pentru mut\u0103rile de birouri, ace\u0219tia se ocup\u0103 de birouri mici p\u00e2n\u0103 la cl\u0103diri mari, care includ servicii de ambalare \u0219i despachetare, demontarea \u0219i asamblarea mobilierului \u0219i ambalarea \u00een siguran\u021b\u0103 a echipamentelor electronice.<\/p>\n<p>Site web: <a href=\"http:\/\/www.intermud.com\" target=\"_blank\" rel=\"noopener\">http:\/\/www.intermud.com<\/a><\/p>\n<h2><strong>3. Swiss Global Movers<\/strong><\/h2>\n<p><img loading=\"lazy\" decoding=\"async\" class=\"alignnone size-full wp-image-7493\" src=\"https:\/\/moverdb.com\/wp-content\/uploads\/Swiss-Global-Movers-international-moving-company.png\" alt=\"Swiss Global Movers companie interna\u021bional\u0103 de mutare\" width=\"1440\" height=\"683\" data-wp-pid=\"7493\" srcset=\"https:\/\/moverdb.com\/wp-content\/uploads\/Swiss-Global-Movers-international-moving-company.png 1440w, https:\/\/moverdb.com\/wp-content\/uploads\/Swiss-Global-Movers-international-moving-company-300x142.png 300w, https:\/\/moverdb.com\/wp-content\/uploads\/Swiss-Global-Movers-international-moving-company-1024x486.png 1024w, https:\/\/moverdb.com\/wp-content\/uploads\/Swiss-Global-Movers-international-moving-company-18x9.png 18w, https:\/\/moverdb.com\/wp-content\/uploads\/Swiss-Global-Movers-international-moving-company-600x285.png 600w\" sizes=\"auto, (max-width: 1440px) 100vw, 1440px\" \/><\/p>\n<ul>\n<li>Mut\u0103ri locale<\/li>\n<li>Mut\u0103ri interna\u021bionale<\/li>\n<li>Mutarea gospod\u0103riei<\/li>\n<li>Mi\u0219c\u0103ri corporative<\/li>\n<li>Solu\u021bii door-to-door<\/li>\n<li>Personal calificat<\/li>\n<li>Serviciul de ambalare<\/li>\n<li>Organizarea transportului<\/li>\n<li>Servicii vamale<\/li>\n<li>Facilit\u0103\u021bi de depozitare<\/li>\n<\/ul>\n<p>Swiss Global Movers este un furnizor de servicii de mutare \u0219i logistic\u0103 cu sediul \u00een Guatemala City \u0219i are peste 20 de ani de experien\u021b\u0103. Ace\u0219tia lucreaz\u0103 \u00een parteneriat cu al\u021bii pentru a oferi un serviciu complet cu acoperire mondial\u0103. Sunt membri ai IAM, cu 42 de ani de activitate.<\/p>\n<p>Swiss Global Movers pune la dispozi\u021bie personal calificat pentru a v\u0103 consilia \u0219i a v\u0103 asista \u00een planificarea mut\u0103rii dumneavoastr\u0103. Ace\u0219tia ofer\u0103 un serviciu de la u\u0219\u0103 la u\u0219\u0103 care include servicii de ambalare \u0219i despachetare \u0219i pot oferi depozitare provizorie dac\u0103 este necesar. Ace\u0219tia se vor ocupa de transportul bunurilor dumneavoastr\u0103, inclusiv de gestionarea proceselor de import \u0219i export cu serviciile vamale.<\/p>\n<p>Site web: <a href=\"https:\/\/swissglobalmovers.com.gt\/\" target=\"_blank\" rel=\"noopener\">https:\/\/swissglobalmovers.com.gt\/<\/a><\/p>","protected":false},"excerpt":{"rendered":"<p>Are you moving to or from, or within Guatemala? Then you might be interested in the services of a moving company that can assist with packing, transportation and customs formalities. Below we have compiled a list of Guatemala based removal companies that are members of the International Association of Movers (IAM) and\/or FIDI Accredited International [&hellip;]<\/p>\n","protected":false},"author":4,"featured_media":0,"parent":190,"menu_order":0,"comment_status":"closed","ping_status":"closed","template":"","meta":{"_genesis_hide_title":false,"_genesis_hide_breadcrumbs":false,"_genesis_hide_singular_image":false,"_genesis_hide_footer_widgets":false,"_genesis_custom_body_class":"","_genesis_custom_post_class":"","_genesis_layout":"","footnotes":""},"class_list":{"0":"post-7512","1":"page","2":"type-page","3":"status-publish","5":"entry","6":"has-post-thumbnail"},"_links":{"self":[{"href":"https:\/\/moverdb.com\/ro\/wp-json\/wp\/v2\/pages\/7512","targetHints":{"allow":["GET"]}}],"collection":[{"href":"https:\/\/moverdb.com\/ro\/wp-json\/wp\/v2\/pages"}],"about":[{"href":"https:\/\/moverdb.com\/ro\/wp-json\/wp\/v2\/types\/page"}],"author":[{"embeddable":true,"href":"https:\/\/moverdb.com\/ro\/wp-json\/wp\/v2\/users\/4"}],"replies":[{"embeddable":true,"href":"https:\/\/moverdb.com\/ro\/wp-json\/wp\/v2\/comments?post=7512"}],"version-history":[{"count":1,"href":"https:\/\/moverdb.com\/ro\/wp-json\/wp\/v2\/pages\/7512\/revisions"}],"predecessor-version":[{"id":7513,"href":"https:\/\/moverdb.com\/ro\/wp-json\/wp\/v2\/pages\/7512\/revisions\/7513"}],"up":[{"embeddable":true,"href":"https:\/\/moverdb.com\/ro\/wp-json\/wp\/v2\/pages\/190"}],"wp:attachment":[{"href":"https:\/\/moverdb.com\/ro\/wp-json\/wp\/v2\/media?parent=7512"}],"curies":[{"name":"wp","href":"https:\/\/api.w.org\/{rel}","templated":true}]}}