{"id":7508,"date":"2023-02-01T13:58:25","date_gmt":"2023-02-01T13:58:25","guid":{"rendered":"https:\/\/moverdb.com\/?page_id=7508"},"modified":"2026-01-08T15:23:42","modified_gmt":"2026-01-08T15:23:42","slug":"companii-de-mutare-ghana","status":"publish","type":"page","link":"https:\/\/moverdb.com\/ro\/moving-companies\/moving-companies-ghana\/","title":{"rendered":"2 Cele mai bune companii de mutare interna\u021bional\u0103 \u00een Ghana"},"content":{"rendered":"<p>Pl\u0103nui\u021bi o mutare \u00een, din sau c\u0103tre Ghana? Atunci a\u021bi putea fi interesat s\u0103 apela\u021bi la serviciile unui profesionist <a href=\"https:\/\/moverdb.com\/ro\/moving-companies\/\" data-internallinksmanager029f6b8e52c=\"79\" title=\"Top 25 Companii interna\u021bionale de mutare online\">companie \u00een mi\u0219care<\/a> care v\u0103 poate ajuta s\u0103 v\u0103 muta\u021bi bunurile \u0219i s\u0103 se ocupe de documente. Mai jos am compilat o list\u0103 de firme din Ghana <a href=\"https:\/\/moverdb.com\/ro\/international-removals\/\" data-internallinksmanager029f6b8e52c=\"27\" title=\"36 Cele mai bune companii de mut\u0103ri interna\u021bionale din Marea Britanie\">companii de mutare<\/a> care sunt membri ai grupului <a href=\"https:\/\/moverdb.com\/ro\/iam\/\" data-internallinksmanager029f6b8e52c=\"23\" title=\"Explica\u021bii despre Asocia\u021bia Interna\u021bional\u0103 a Transportatorilor (IAM)\">Asocia\u021bia Interna\u021bional\u0103 a Transportatorilor<\/a> (IAM) \u0219i\/sau <a href=\"https:\/\/moverdb.com\/ro\/fidi-faim\/\" data-internallinksmanager029f6b8e52c=\"16\" title=\"FIDI &amp; FAIM (FIDI Accredited International Mover) Explicat\">FIDI<\/a> Accredited International Mover (FAIM) care v\u0103 poate ajuta cu mutarea dumneavoastr\u0103.<\/p>\n<h2><strong>1. Transportatorii din \u00eentreaga lume<\/strong><\/h2>\n<p><img loading=\"lazy\" decoding=\"async\" class=\"alignnone size-full wp-image-7498\" src=\"https:\/\/moverdb.com\/wp-content\/uploads\/Worldwide-Movers-Ghana-international-moving-company.png\" alt=\"Worldwide Movers Ghana companie de mutare interna\u021bional\u0103\" width=\"1440\" height=\"675\" data-wp-pid=\"7498\" srcset=\"https:\/\/moverdb.com\/wp-content\/uploads\/Worldwide-Movers-Ghana-international-moving-company.png 1440w, https:\/\/moverdb.com\/wp-content\/uploads\/Worldwide-Movers-Ghana-international-moving-company-300x141.png 300w, https:\/\/moverdb.com\/wp-content\/uploads\/Worldwide-Movers-Ghana-international-moving-company-1024x480.png 1024w, https:\/\/moverdb.com\/wp-content\/uploads\/Worldwide-Movers-Ghana-international-moving-company-18x8.png 18w, https:\/\/moverdb.com\/wp-content\/uploads\/Worldwide-Movers-Ghana-international-moving-company-600x281.png 600w\" sizes=\"auto, (max-width: 1440px) 100vw, 1440px\" \/><\/p>\n<ul>\n<li>Mi\u0219c\u0103ri na\u021bionale<\/li>\n<li>Mut\u0103ri interna\u021bionale<\/li>\n<li>Mutarea gospod\u0103riei<\/li>\n<li>Mutarea birourilor<\/li>\n<li>Serviciu din u\u0219\u0103 \u00een u\u0219\u0103<\/li>\n<li>Transport rutier, maritim \u0219i aerian<\/li>\n<li>Sprijin pentru formalit\u0103\u021bile vamale<\/li>\n<li>Transportul animalelor de companie<\/li>\n<li>Servicii de orientare<\/li>\n<li>Facilit\u0103\u021bi de depozitare<\/li>\n<\/ul>\n<p>Worldwide Movers este o companie de mut\u0103ri interna\u021bionale cu birouri \u00een \u00eentreaga lume, inclusiv unul \u00een Ghana, \u00eenfiin\u021bat \u00een 2013 \u00een Accra. Ei au standardul de aur al Africii pentru relocare, precum \u0219i calitatea de membru al IAM cu 10 ani de serviciu.<\/p>\n<p>Worldwide Movers ofer\u0103 un serviciu de mutare din u\u0219\u0103 \u00een u\u0219\u0103, care \u00eencepe cu un studiu pentru a stabili o ofert\u0103. Ace\u0219tia pot aranja transportul rutier, maritim sau aerian \u0219i v\u0103 pot \u00eendruma cu privire la reglement\u0103rile vamale \u0219i la asigur\u0103ri. De asemenea, ofer\u0103 servicii suplimentare pentru a v\u0103 ajuta s\u0103 v\u0103 instala\u021bi, care includ un serviciu de orientare pentru a v\u0103 familiariza cu zona \u0219i sprijin pentru g\u0103sirea de locuin\u021be \u0219i \u0219coli.<\/p>\n<p>Site web: <a href=\"https:\/\/www.worldwidemoversafrica.com\/countries\/ghana\/\" target=\"_blank\" rel=\"noopener\">https:\/\/www.worldwidemoversafrica.com\/countries\/ghana\/<\/a><\/p>\n<h2><strong>2. Doxa Worldwide Movers<\/strong><\/h2>\n<p><img loading=\"lazy\" decoding=\"async\" class=\"alignnone size-full wp-image-7436\" src=\"https:\/\/moverdb.com\/wp-content\/uploads\/Doxa-Worldwide-Movers-international-moving-company.png\" alt=\"Doxa Worldwide Movers companie de mut\u0103ri interna\u021bionale\" width=\"1440\" height=\"686\" data-wp-pid=\"7436\" srcset=\"https:\/\/moverdb.com\/wp-content\/uploads\/Doxa-Worldwide-Movers-international-moving-company.png 1440w, https:\/\/moverdb.com\/wp-content\/uploads\/Doxa-Worldwide-Movers-international-moving-company-300x143.png 300w, https:\/\/moverdb.com\/wp-content\/uploads\/Doxa-Worldwide-Movers-international-moving-company-1024x488.png 1024w, https:\/\/moverdb.com\/wp-content\/uploads\/Doxa-Worldwide-Movers-international-moving-company-18x9.png 18w, https:\/\/moverdb.com\/wp-content\/uploads\/Doxa-Worldwide-Movers-international-moving-company-600x286.png 600w\" sizes=\"auto, (max-width: 1440px) 100vw, 1440px\" \/><\/p>\n<ul>\n<li>Mi\u0219c\u0103ri na\u021bionale<\/li>\n<li>Mut\u0103ri interna\u021bionale<\/li>\n<li>Mut\u0103ri reziden\u021biale<\/li>\n<li>Reloc\u0103ri corporative<\/li>\n<li>Din u\u0219\u0103 \u00een u\u0219\u0103 sau <a href=\"https:\/\/moverdb.com\/ro\/top-49-container-ports\/\" data-internallinksmanager029f6b8e52c=\"80\" title=\"Top 49 cele mai mari \u0219i mai aglomerate porturi de containere \u00een 2026\">port<\/a>-servicii de la un port la altul<\/li>\n<li>Serviciul de ambalare<\/li>\n<li>Cutii speciale din furnir sau din lemn<\/li>\n<li>Transport terestru, aerian sau maritim<\/li>\n<li>V\u0103muire<\/li>\n<li>Facilit\u0103\u021bi de depozitare securizate<\/li>\n<\/ul>\n<p>Doxa Worldwide Movers este o afacere de expediere de m\u0103rfuri cu sediul \u00een Ghana, care func\u021bioneaz\u0103 de 20 de ani. Ei sunt membri ai IAM cu 28 de ani de serviciu \u0219i aceast\u0103 calitate de membru le ofer\u0103 acces la o re\u021bea larg\u0103 de agen\u021bi de mutare din \u00eentreaga lume pentru a-i ajuta.<\/p>\n<p>Doxa Worldwide Movers ofer\u0103 posibilitatea de a alege \u00eentre un serviciu door-to-door sau un serviciu port-to-port. Ace\u0219tia ofer\u0103 un serviciu de ambalare la standarde interna\u021bionale, folosind o gam\u0103 de materiale de ambalare \u0219i cutii speciale de lemn sau de furnir, atunci c\u00e2nd este necesar, pentru a v\u0103 proteja bunurile \u00een tranzit. Ofer\u0103 posibilitatea de a alege \u00eentre transportul pe uscat, pe mare sau pe calea aerului \u0219i ofer\u0103 asisten\u021b\u0103 pentru v\u0103muire.<\/p>\n<p>Site web: <a href=\"https:\/\/doxaworldwidemovers.com\" target=\"_blank\" rel=\"noopener\">https:\/\/doxaworldwidemovers.com<\/a><\/p>","protected":false},"excerpt":{"rendered":"<p>Are you planning a move in, from or to Ghana? Then you might be interested in employing the services of a professional moving company that can assist with moving your belongings and handle the paperwork. Below we have compiled a list of Ghana based removal companies that are members of the International Association of Movers [&hellip;]<\/p>\n","protected":false},"author":4,"featured_media":0,"parent":190,"menu_order":0,"comment_status":"closed","ping_status":"closed","template":"","meta":{"_genesis_hide_title":false,"_genesis_hide_breadcrumbs":false,"_genesis_hide_singular_image":false,"_genesis_hide_footer_widgets":false,"_genesis_custom_body_class":"","_genesis_custom_post_class":"","_genesis_layout":"","footnotes":""},"class_list":{"0":"post-7508","1":"page","2":"type-page","3":"status-publish","5":"entry","6":"has-post-thumbnail"},"_links":{"self":[{"href":"https:\/\/moverdb.com\/ro\/wp-json\/wp\/v2\/pages\/7508","targetHints":{"allow":["GET"]}}],"collection":[{"href":"https:\/\/moverdb.com\/ro\/wp-json\/wp\/v2\/pages"}],"about":[{"href":"https:\/\/moverdb.com\/ro\/wp-json\/wp\/v2\/types\/page"}],"author":[{"embeddable":true,"href":"https:\/\/moverdb.com\/ro\/wp-json\/wp\/v2\/users\/4"}],"replies":[{"embeddable":true,"href":"https:\/\/moverdb.com\/ro\/wp-json\/wp\/v2\/comments?post=7508"}],"version-history":[{"count":1,"href":"https:\/\/moverdb.com\/ro\/wp-json\/wp\/v2\/pages\/7508\/revisions"}],"predecessor-version":[{"id":7509,"href":"https:\/\/moverdb.com\/ro\/wp-json\/wp\/v2\/pages\/7508\/revisions\/7509"}],"up":[{"embeddable":true,"href":"https:\/\/moverdb.com\/ro\/wp-json\/wp\/v2\/pages\/190"}],"wp:attachment":[{"href":"https:\/\/moverdb.com\/ro\/wp-json\/wp\/v2\/media?parent=7508"}],"curies":[{"name":"wp","href":"https:\/\/api.w.org\/{rel}","templated":true}]}}