{"id":6051,"date":"2023-02-01T12:39:56","date_gmt":"2023-02-01T12:39:56","guid":{"rendered":"https:\/\/moverdb.com\/?page_id=6051"},"modified":"2026-01-08T15:24:43","modified_gmt":"2026-01-08T15:24:43","slug":"moving-companies-finland","status":"publish","type":"page","link":"https:\/\/moverdb.com\/ro\/moving-companies\/moving-companies-finland\/","title":{"rendered":"4 Cele mai bune companii de mut\u0103ri interna\u021bionale din Finlanda"},"content":{"rendered":"<p>Mutarea locuin\u021bei sau a sediului unei \u00eentreprinderi poate fi un moment stresant, deoarece sunt multe de aranjat, mai ales dac\u0103 v\u0103 muta\u021bi \u00eentr-o alt\u0103 \u021bar\u0103. A\u0219adar, contractarea serviciilor unui <a href=\"https:\/\/moverdb.com\/ro\/moving-companies\/\" data-internallinksmanager029f6b8e52c=\"79\" title=\"Top 25 Companii interna\u021bionale de mutare online\">companie \u00een mi\u0219care<\/a> v\u0103 poate ajuta s\u0103 v\u0103 u\u0219ura\u021bi sarcina, deoarece poate face toate aranjamentele \u00een locul dumneavoastr\u0103 \u0219i v\u0103 poate ajuta s\u0103 v\u0103 descurca\u021bi cu actele. Mai jos am compilat o list\u0103 de <a href=\"https:\/\/moverdb.com\/ro\/international-removals\/\" data-internallinksmanager029f6b8e52c=\"27\" title=\"36 Cele mai bune companii de mut\u0103ri interna\u021bionale din Marea Britanie\">companii de mutare<\/a> cu sediul \u00een <a href=\"https:\/\/moverdb.com\/ro\/moving-to-finland\/\" data-internallinksmanager029f6b8e52c=\"345\" title=\"V\u0103 muta\u021bi \u00een Finlanda? 2026 Costurile de trai \u0219i sfaturi de relocare\">Finlanda<\/a> care sunt membri ai grupului <a href=\"https:\/\/moverdb.com\/ro\/iam\/\" data-internallinksmanager029f6b8e52c=\"23\" title=\"Explica\u021bii despre Asocia\u021bia Interna\u021bional\u0103 a Transportatorilor (IAM)\">Asocia\u021bia Interna\u021bional\u0103 a Transportatorilor<\/a> (IAM) \u0219i\/sau <a href=\"https:\/\/moverdb.com\/ro\/fidi-faim\/\" data-internallinksmanager029f6b8e52c=\"16\" title=\"FIDI &amp; FAIM (FIDI Accredited International Mover) Explicat\">FIDI<\/a> Accredited International Mover (FAIM), care v\u0103 poate ajuta cu mutarea dumneavoastr\u0103.<\/p>\n<div id=\"ez-toc-container\" class=\"ez-toc-v2_0_82_2 ez-toc-wrap-left counter-hierarchy ez-toc-counter ez-toc-transparent ez-toc-container-direction\">\n<div class=\"ez-toc-title-container\">\n<p class=\"ez-toc-title\" style=\"cursor:inherit\">Sec\u021biuni<\/p>\n<span class=\"ez-toc-title-toggle\"><a href=\"#\" class=\"ez-toc-pull-right ez-toc-btn ez-toc-btn-xs ez-toc-btn-default ez-toc-toggle\" aria-label=\"Comuta\u021bi tabelul de con\u021binut\"><span class=\"ez-toc-js-icon-con\"><span class=\"\"><span class=\"eztoc-hide\" style=\"display:none;\">Toggle<\/span><span class=\"ez-toc-icon-toggle-span\"><svg style=\"fill: #999;color:#999\" xmlns=\"http:\/\/www.w3.org\/2000\/svg\" class=\"list-377408\" width=\"20px\" height=\"20px\" viewbox=\"0 0 24 24\" fill=\"none\"><path d=\"M6 6H4v2h2V6zm14 0H8v2h12V6zM4 11h2v2H4v-2zm16 0H8v2h12v-2zM4 16h2v2H4v-2zm16 0H8v2h12v-2z\" fill=\"currentColor\"><\/path><\/svg><svg style=\"fill: #999;color:#999\" class=\"arrow-unsorted-368013\" xmlns=\"http:\/\/www.w3.org\/2000\/svg\" width=\"10px\" height=\"10px\" viewbox=\"0 0 24 24\" version=\"1.2\" baseprofile=\"tiny\"><path d=\"M18.2 9.3l-6.2-6.3-6.2 6.3c-.2.2-.3.4-.3.7s.1.5.3.7c.2.2.4.3.7.3h11c.3 0 .5-.1.7-.3.2-.2.3-.5.3-.7s-.1-.5-.3-.7zM5.8 14.7l6.2 6.3 6.2-6.3c.2-.2.3-.5.3-.7s-.1-.5-.3-.7c-.2-.2-.4-.3-.7-.3h-11c-.3 0-.5.1-.7.3-.2.2-.3.5-.3.7s.1.5.3.7z\"\/><\/svg><\/span><\/span><\/span><\/a><\/span><\/div>\n<nav><ul class='ez-toc-list ez-toc-list-level-1 eztoc-toggle-hide-by-default' ><li class='ez-toc-page-1 ez-toc-heading-level-2'><a class=\"ez-toc-link ez-toc-heading-1\" href=\"https:\/\/moverdb.com\/ro\/moving-companies\/moving-companies-finland\/#1_Travelcargo_International_Removals\" >1. Travelcargo International Removals<\/a><\/li><li class='ez-toc-page-1 ez-toc-heading-level-2'><a class=\"ez-toc-link ez-toc-heading-2\" href=\"https:\/\/moverdb.com\/ro\/moving-companies\/moving-companies-finland\/#2_Niemi_Services\" >2. Niemi Services<\/a><\/li><li class='ez-toc-page-1 ez-toc-heading-level-2'><a class=\"ez-toc-link ez-toc-heading-3\" href=\"https:\/\/moverdb.com\/ro\/moving-companies\/moving-companies-finland\/#3_Pegasus_Moving\" >3. Pegasus Moving<\/a><\/li><li class='ez-toc-page-1 ez-toc-heading-level-2'><a class=\"ez-toc-link ez-toc-heading-4\" href=\"https:\/\/moverdb.com\/ro\/moving-companies\/moving-companies-finland\/#4_Victor_EK\" >4. Victor EK<\/a><\/li><li class='ez-toc-page-1 ez-toc-heading-level-2'><a class=\"ez-toc-link ez-toc-heading-5\" href=\"https:\/\/moverdb.com\/ro\/moving-companies\/moving-companies-finland\/#Other_Useful_Guides_to_Finland\" >Alte ghiduri utile pentru Finlanda<\/a><\/li><\/ul><\/nav><\/div>\n<h2><span class=\"ez-toc-section\" id=\"1_Travelcargo_International_Removals\"><\/span><strong>1. Travelcargo International Removals<\/strong><span class=\"ez-toc-section-end\"><\/span><\/h2>\n<p><img loading=\"lazy\" decoding=\"async\" class=\"alignnone size-full wp-image-6052\" src=\"https:\/\/moverdb.com\/wp-content\/uploads\/Travel-Cargo-international-moving-company.png\" alt=\"Travel Cargo companie de mutare interna\u021bional\u0103\" width=\"1440\" height=\"672\" data-wp-pid=\"6052\" srcset=\"https:\/\/moverdb.com\/wp-content\/uploads\/Travel-Cargo-international-moving-company.png 1440w, https:\/\/moverdb.com\/wp-content\/uploads\/Travel-Cargo-international-moving-company-300x140.png 300w, https:\/\/moverdb.com\/wp-content\/uploads\/Travel-Cargo-international-moving-company-1024x478.png 1024w, https:\/\/moverdb.com\/wp-content\/uploads\/Travel-Cargo-international-moving-company-18x8.png 18w, https:\/\/moverdb.com\/wp-content\/uploads\/Travel-Cargo-international-moving-company-600x280.png 600w\" sizes=\"auto, (max-width: 1440px) 100vw, 1440px\" \/><\/p>\n<ul>\n<li>Mut\u0103ri interna\u021bionale<\/li>\n<li>Mutarea gospod\u0103riei<\/li>\n<li>Mi\u0219c\u0103ri corporative<\/li>\n<li>Serviciu din u\u0219\u0103 \u00een u\u0219\u0103<\/li>\n<li>Serviciu profesionist de ambalare<\/li>\n<li>Transport rutier, aerian \u0219i maritim<\/li>\n<li>V\u0103muire<\/li>\n<li>Transportul animalelor<\/li>\n<li>Serviciu pentru bagaje \u00een exces<\/li>\n<li>T\u00e2rguri \u0219i evenimente<\/li>\n<\/ul>\n<p>Travelcargo International Removals este o companie de mut\u0103ri \u0219i logistic\u0103 cu sediul \u00een Helsinki, fondat\u0103 \u00een 2005. Este o divizie a ATC Global Solutions. Ace\u0219tia ofer\u0103 servicii de mutare \u00een peste 180 de \u021b\u0103ri din \u00eentreaga lume prin parteneriate cu al\u021bi agen\u021bi de mut\u0103ri interna\u021bionale. Sunt membri ai IAM cu 17 ani de activitate \u0219i sunt acredita\u021bi de FIDI.<\/p>\n<p>Travelcargo ofer\u0103 un sondaj \u00eenainte de mutare pentru a v\u0103 evalua nevoile \u0219i pentru a face aranjamentele pentru mutarea dumneavoastr\u0103 cu servicii din u\u0219\u0103 \u00een u\u0219\u0103. Ace\u0219tia pun la dispozi\u021bie ambalatori profesioni\u0219ti pentru a v\u0103 \u00eempacheta bunurile \u00een siguran\u021b\u0103, folosind materiale de ambalare de \u00eenalt\u0103 calitate. Ace\u0219tia organizeaz\u0103 transportul rutier, aerian \u0219i maritim cu v\u0103muire.<\/p>\n<p>Site web: <a href=\"http:\/\/www.travelcargo.fi\" target=\"_blank\" rel=\"noopener\">http:\/\/www.travelcargo.fi<\/a><\/p>\n<h2><span class=\"ez-toc-section\" id=\"2_Niemi_Services\"><\/span><strong>2. Niemi Services<\/strong><span class=\"ez-toc-section-end\"><\/span><\/h2>\n<p><img loading=\"lazy\" decoding=\"async\" class=\"alignnone size-full wp-image-5986\" src=\"https:\/\/moverdb.com\/wp-content\/uploads\/Niemi-Services-international-moving-company.png\" alt=\"Niemi Services companie de mut\u0103ri interna\u021bionale\" width=\"1440\" height=\"683\" data-wp-pid=\"5986\" srcset=\"https:\/\/moverdb.com\/wp-content\/uploads\/Niemi-Services-international-moving-company.png 1440w, https:\/\/moverdb.com\/wp-content\/uploads\/Niemi-Services-international-moving-company-300x142.png 300w, https:\/\/moverdb.com\/wp-content\/uploads\/Niemi-Services-international-moving-company-1024x486.png 1024w, https:\/\/moverdb.com\/wp-content\/uploads\/Niemi-Services-international-moving-company-18x9.png 18w, https:\/\/moverdb.com\/wp-content\/uploads\/Niemi-Services-international-moving-company-600x285.png 600w\" sizes=\"auto, (max-width: 1440px) 100vw, 1440px\" \/><\/p>\n<ul>\n<li>Mi\u0219c\u0103ri na\u021bionale<\/li>\n<li>Mut\u0103ri interna\u021bionale<\/li>\n<li>Mut\u0103ri reziden\u021biale<\/li>\n<li>Mi\u0219c\u0103ri corporative<\/li>\n<li>Alegerea nivelului pachetului de mi\u0219care<\/li>\n<li>Servicii de ambalare<\/li>\n<li>Transport rutier, maritim \u0219i aerian<\/li>\n<li>V\u0103muire<\/li>\n<li>Asigurare<\/li>\n<li>Facilit\u0103\u021bi de depozitare pe termen scurt \u0219i lung<\/li>\n<\/ul>\n<p>Niemi Services este o companie de mut\u0103ri \u0219i logistic\u0103 care are centre opera\u021bionale \u00een Helsinki, Jyvaskyla \u0219i Kuopio, <a href=\"https:\/\/www.niemi.fi\/en\/about_us\/offices\/niemi_lahti\" target=\"_blank\" rel=\"noopener\">Lahti<\/a>,&nbsp;<a href=\"https:\/\/www.niemi.fi\/en\/about_us\/offices\/niemi_oulu\" target=\"_blank\" rel=\"noopener\">Oulu<\/a>,&nbsp;<a href=\"https:\/\/www.niemi.fi\/en\/about_us\/offices\/niemi_tampere\" target=\"_blank\" rel=\"noopener\">Tampere<\/a>,&nbsp;<a href=\"https:\/\/www.niemi.fi\/en\/about_us\/offices\/niemi_turku\" target=\"_blank\" rel=\"noopener\">Turku<\/a>, \u0219i&nbsp;<a href=\"https:\/\/www.niemi.fi\/en\/about_us\/offices\/niemi_vaasa\" target=\"_blank\" rel=\"noopener\">Vaasa<\/a>. Ofer\u0103 mut\u0103ri \u00een \u00eentreaga lume \u00een parteneriat cu agen\u021bi de mut\u0103ri interna\u021bionale. Sunt membri ai IAM cu 41 de ani de activitate \u0219i sunt acredita\u021bi de FIDI.<\/p>\n<p>Niemi Services ofer\u0103 o gam\u0103 variat\u0103 de servicii de mutare, de la \u00eenchirierea cutiilor de mutare p\u00e2n\u0103 la servicii complete de mutare. Ace\u0219tia ofer\u0103 o evaluare gratuit\u0103 \u0219i o vizit\u0103 de planificare pentru a face aranjamentele pentru mutarea dumneavoastr\u0103. Ace\u0219tia folosesc propria flot\u0103 de vehicule \u0219i ofer\u0103, de asemenea, transport aerian \u0219i maritim pentru un singur articol sau containere complete.<\/p>\n<p>Site web: <a href=\"http:\/\/www.niemi.fi\/en\" target=\"_blank\" rel=\"noopener\">http:\/\/www.niemi.fi\/en<\/a><\/p>\n<h2><span class=\"ez-toc-section\" id=\"3_Pegasus_Moving\"><\/span><strong>3. Pegasus Moving<\/strong><span class=\"ez-toc-section-end\"><\/span><\/h2>\n<p><img loading=\"lazy\" decoding=\"async\" class=\"alignnone size-full wp-image-5991\" src=\"https:\/\/moverdb.com\/wp-content\/uploads\/Pegasus-Moving-international-moving-company.png\" alt=\"Pegasus Moving companie de mutare interna\u021bional\u0103\" width=\"1440\" height=\"682\" data-wp-pid=\"5991\" srcset=\"https:\/\/moverdb.com\/wp-content\/uploads\/Pegasus-Moving-international-moving-company.png 1440w, https:\/\/moverdb.com\/wp-content\/uploads\/Pegasus-Moving-international-moving-company-300x142.png 300w, https:\/\/moverdb.com\/wp-content\/uploads\/Pegasus-Moving-international-moving-company-1024x485.png 1024w, https:\/\/moverdb.com\/wp-content\/uploads\/Pegasus-Moving-international-moving-company-18x9.png 18w, https:\/\/moverdb.com\/wp-content\/uploads\/Pegasus-Moving-international-moving-company-600x284.png 600w\" sizes=\"auto, (max-width: 1440px) 100vw, 1440px\" \/><\/p>\n<ul>\n<li>Mi\u0219c\u0103ri na\u021bionale<\/li>\n<li>Mut\u0103ri interna\u021bionale<\/li>\n<li>Mutarea gospod\u0103riei<\/li>\n<li>Servicii de relocare<\/li>\n<li>Servicii personalizate<\/li>\n<li>Servicii de ambalare<\/li>\n<li>Cutii de transport personalizate<\/li>\n<li>Asisten\u021b\u0103 vamal\u0103<\/li>\n<li>Transport auto<\/li>\n<li>Depozitare pe termen scurt sau lung<\/li>\n<\/ul>\n<p>Pegasus Moving este o companie de mut\u0103ri \u0219i logistic\u0103 cu o experien\u021b\u0103 de peste 20 de ani, cu sediul \u00een Helsinki. Ace\u0219tia colaboreaz\u0103 cu al\u021bi agen\u021bi de mut\u0103ri pentru a livra mut\u0103ri interna\u021bionale. Sunt membri ai IAM cu 11 ani de activitate.<\/p>\n<p>Pegasus Moving ofer\u0103 inspec\u021bii de mutare pentru a stabili care sunt cerin\u021bele dvs. \u0219i poate oferi servicii de ambalare pentru a v\u0103 proteja bunurile. Ace\u0219tia vor organiza toate aspectele mut\u0103rii dvs. \u00een func\u021bie de nevoile dvs. \u0219i v\u0103 vor ajuta cu cerin\u021bele vamale. De asemenea, ofer\u0103 servicii suplimentare, cum ar fi cur\u0103\u021benia final\u0103, \u00eendep\u0103rtarea de\u0219eurilor, reciclarea mobilei vechi, instalarea de aparate electrice \u0219i facilit\u0103\u021bi de depozitare.<\/p>\n<p>Site web: <a href=\"http:\/\/www.pegasusmoving.fi\" target=\"_blank\" rel=\"noopener\">http:\/\/www.pegasusmoving.fi<\/a><\/p>\n<h2><span class=\"ez-toc-section\" id=\"4_Victor_EK\"><\/span><strong>4. Victor EK<\/strong><span class=\"ez-toc-section-end\"><\/span><\/h2>\n<p><img loading=\"lazy\" decoding=\"async\" class=\"alignnone size-full wp-image-6010\" src=\"https:\/\/moverdb.com\/wp-content\/uploads\/Victor-EK-international-moving-company.png\" alt=\"Victor EK companie interna\u021bional\u0103 de mutare\" width=\"1440\" height=\"682\" data-wp-pid=\"6010\" srcset=\"https:\/\/moverdb.com\/wp-content\/uploads\/Victor-EK-international-moving-company.png 1440w, https:\/\/moverdb.com\/wp-content\/uploads\/Victor-EK-international-moving-company-300x142.png 300w, https:\/\/moverdb.com\/wp-content\/uploads\/Victor-EK-international-moving-company-1024x485.png 1024w, https:\/\/moverdb.com\/wp-content\/uploads\/Victor-EK-international-moving-company-18x9.png 18w, https:\/\/moverdb.com\/wp-content\/uploads\/Victor-EK-international-moving-company-600x284.png 600w\" sizes=\"auto, (max-width: 1440px) 100vw, 1440px\" \/><\/p>\n<ul>\n<li>Mi\u0219c\u0103ri na\u021bionale<\/li>\n<li>Mut\u0103ri interna\u021bionale<\/li>\n<li>Mutarea gospod\u0103riei<\/li>\n<li>Reloc\u0103ri de companii<\/li>\n<li>Serviciul de ambalare<\/li>\n<li>Transport terestru, maritim \u0219i aerian<\/li>\n<li>V\u0103muire<\/li>\n<li>Asigurare<\/li>\n<li>Transport auto<\/li>\n<li>Facilit\u0103\u021bi de depozitare<\/li>\n<\/ul>\n<p>Victor EK este o companie de familie de transport maritim \u0219i logistic\u0103 fondat\u0103 \u00een 1885, cu birouri \u00een Helsinki, Tampere \u0219i Hanko. Au rela\u021bii pe termen lung cu companii de transport maritim \u0219i organiza\u021bii interna\u021bionale pentru a furniza servicii \u00een \u00eentreaga lume. Este membr\u0103 a <a href=\"https:\/\/moverdb.com\/ro\/harmony-relocation-network\/\" data-internallinksmanager029f6b8e52c=\"20\" title=\"Explica\u021bii despre re\u021beaua Harmony Relocation Network (HRN)\">Re\u021beaua de relocare Harmony<\/a> ad IAM cu 129 de ani de activitate \u0219i sunt acredita\u021bi de FIDI.<\/p>\n<p>Victor EK v\u0103 ofer\u0103 o inspec\u021bie gratuit\u0103 pentru a v\u0103 descoperi cerin\u021bele. Ace\u0219tia ofer\u0103 servicii de ambalare dac\u0103 ave\u021bi nevoie de ele. Ei vor aranja transportul bunurilor dumneavoastr\u0103 pe uscat, pe calea aerului sau pe mare \u0219i v\u0103 vor ajuta cu v\u0103muirea \u0219i asigurarea. Ofer\u0103, de asemenea, servicii de cur\u0103\u021benie atunci c\u00e2nd pleca\u021bi de acas\u0103.<\/p>\n<p>Site web: <a href=\"http:\/\/www.victorek.fi\" target=\"_blank\" rel=\"noopener\">http:\/\/www.victorek.fi<\/a><\/p>\n<h2><span class=\"ez-toc-section\" id=\"Other_Useful_Guides_to_Finland\"><\/span>Alte ghiduri utile pentru Finlanda<span class=\"ez-toc-section-end\"><\/span><\/h2>\n<ul>\n<li> <a href=\"https:\/\/moverdb.com\/ro\/moving-to-finland\/\">V\u0103 muta\u021bi \u00een Finlanda? 2026 Costurile de trai \u0219i sfaturi de relocare<\/a><\/li>\n<li> <a href=\"https:\/\/moverdb.com\/ro\/moving-to-finland\/best-places-to-live-finland\/\">12 Cele mai bune locuri pentru a tr\u0103i \u00een Finlanda<\/a><\/li>\n<li> <a href=\"https:\/\/moverdb.com\/ro\/moving-to-finland\/living-in-finland\/\">21 de secrete despre via\u021ba \u00een Finlanda pe care trebuie s\u0103 le \u0219tii \u00eenainte de a te muta<\/a><\/li>\n<li> <a href=\"https:\/\/moverdb.com\/ro\/transport-maritim-de-containere\/finlanda\/\">2024 Tarife de expediere a containerelor de marf\u0103 maritim\u0103 c\u0103tre \u0219i din Finlanda<\/a><\/li>\n<\/ul>","protected":false},"excerpt":{"rendered":"<p>Moving home or business premises can be a stressful time as there is so much to arrange, especially if you are moving to another country. So, engaging the services of a moving company can help lighten the load as they can make all the arrangements for you and assist you in navigating through the paperwork. [&hellip;]<\/p>\n","protected":false},"author":4,"featured_media":0,"parent":190,"menu_order":0,"comment_status":"closed","ping_status":"closed","template":"","meta":{"_genesis_hide_title":false,"_genesis_hide_breadcrumbs":false,"_genesis_hide_singular_image":false,"_genesis_hide_footer_widgets":false,"_genesis_custom_body_class":"","_genesis_custom_post_class":"","_genesis_layout":"","footnotes":""},"class_list":{"0":"post-6051","1":"page","2":"type-page","3":"status-publish","5":"entry","6":"has-post-thumbnail"},"_links":{"self":[{"href":"https:\/\/moverdb.com\/ro\/wp-json\/wp\/v2\/pages\/6051","targetHints":{"allow":["GET"]}}],"collection":[{"href":"https:\/\/moverdb.com\/ro\/wp-json\/wp\/v2\/pages"}],"about":[{"href":"https:\/\/moverdb.com\/ro\/wp-json\/wp\/v2\/types\/page"}],"author":[{"embeddable":true,"href":"https:\/\/moverdb.com\/ro\/wp-json\/wp\/v2\/users\/4"}],"replies":[{"embeddable":true,"href":"https:\/\/moverdb.com\/ro\/wp-json\/wp\/v2\/comments?post=6051"}],"version-history":[{"count":3,"href":"https:\/\/moverdb.com\/ro\/wp-json\/wp\/v2\/pages\/6051\/revisions"}],"predecessor-version":[{"id":16285,"href":"https:\/\/moverdb.com\/ro\/wp-json\/wp\/v2\/pages\/6051\/revisions\/16285"}],"up":[{"embeddable":true,"href":"https:\/\/moverdb.com\/ro\/wp-json\/wp\/v2\/pages\/190"}],"wp:attachment":[{"href":"https:\/\/moverdb.com\/ro\/wp-json\/wp\/v2\/media?parent=6051"}],"curies":[{"name":"wp","href":"https:\/\/api.w.org\/{rel}","templated":true}]}}