{"id":6043,"date":"2023-02-01T13:40:56","date_gmt":"2023-02-01T13:40:56","guid":{"rendered":"https:\/\/moverdb.com\/?page_id=6043"},"modified":"2026-01-08T15:24:40","modified_gmt":"2026-01-08T15:24:40","slug":"moving-companies-estonia","status":"publish","type":"page","link":"https:\/\/moverdb.com\/ro\/moving-companies\/moving-companies-estonia\/","title":{"rendered":"4 Cele mai bune companii de mut\u0103ri interna\u021bionale \u00een Estonia"},"content":{"rendered":"<p>Mutarea poate fi un moment stresant, fie c\u0103 este vorba de mutarea casei sau a afacerii. Mul\u021bi oameni apeleaz\u0103 la serviciile unui <a href=\"https:\/\/moverdb.com\/ro\/moving-companies\/\" data-internallinksmanager029f6b8e52c=\"79\" title=\"Top 25 Companii interna\u021bionale de mutare online\">companie \u00een mi\u0219care<\/a> pentru c\u0103 v\u0103 pot muta \u00een siguran\u021b\u0103 bunurile \u0219i v\u0103 pot reduce stresul mut\u0103rii. Mai jos am compilat o list\u0103 de firme de transport din Estonia <a href=\"https:\/\/moverdb.com\/ro\/international-removals\/\" data-internallinksmanager029f6b8e52c=\"27\" title=\"36 Cele mai bune companii de mut\u0103ri interna\u021bionale din Marea Britanie\">companii de mutare<\/a> care sunt membri ai grupului <a href=\"https:\/\/moverdb.com\/ro\/iam\/\" data-internallinksmanager029f6b8e52c=\"23\" title=\"Explica\u021bii despre Asocia\u021bia Interna\u021bional\u0103 a Transportatorilor (IAM)\">Asocia\u021bia Interna\u021bional\u0103 a Transportatorilor<\/a> (IAM) \u0219i\/sau <a href=\"https:\/\/moverdb.com\/ro\/fidi-faim\/\" data-internallinksmanager029f6b8e52c=\"16\" title=\"FIDI &amp; FAIM (FIDI Accredited International Mover) Explicat\">FIDI<\/a> Accredited International Mover (FAIM) care v\u0103 poate ajuta cu mutarea dumneavoastr\u0103.<\/p>\n<div id=\"ez-toc-container\" class=\"ez-toc-v2_0_82_2 ez-toc-wrap-left counter-hierarchy ez-toc-counter ez-toc-transparent ez-toc-container-direction\">\n<div class=\"ez-toc-title-container\">\n<p class=\"ez-toc-title\" style=\"cursor:inherit\">Sec\u021biuni<\/p>\n<span class=\"ez-toc-title-toggle\"><a href=\"#\" class=\"ez-toc-pull-right ez-toc-btn ez-toc-btn-xs ez-toc-btn-default ez-toc-toggle\" aria-label=\"Comuta\u021bi tabelul de con\u021binut\"><span class=\"ez-toc-js-icon-con\"><span class=\"\"><span class=\"eztoc-hide\" style=\"display:none;\">Toggle<\/span><span class=\"ez-toc-icon-toggle-span\"><svg style=\"fill: #999;color:#999\" xmlns=\"http:\/\/www.w3.org\/2000\/svg\" class=\"list-377408\" width=\"20px\" height=\"20px\" viewbox=\"0 0 24 24\" fill=\"none\"><path d=\"M6 6H4v2h2V6zm14 0H8v2h12V6zM4 11h2v2H4v-2zm16 0H8v2h12v-2zM4 16h2v2H4v-2zm16 0H8v2h12v-2z\" fill=\"currentColor\"><\/path><\/svg><svg style=\"fill: #999;color:#999\" class=\"arrow-unsorted-368013\" xmlns=\"http:\/\/www.w3.org\/2000\/svg\" width=\"10px\" height=\"10px\" viewbox=\"0 0 24 24\" version=\"1.2\" baseprofile=\"tiny\"><path d=\"M18.2 9.3l-6.2-6.3-6.2 6.3c-.2.2-.3.4-.3.7s.1.5.3.7c.2.2.4.3.7.3h11c.3 0 .5-.1.7-.3.2-.2.3-.5.3-.7s-.1-.5-.3-.7zM5.8 14.7l6.2 6.3 6.2-6.3c.2-.2.3-.5.3-.7s-.1-.5-.3-.7c-.2-.2-.4-.3-.7-.3h-11c-.3 0-.5.1-.7.3-.2.2-.3.5-.3.7s.1.5.3.7z\"\/><\/svg><\/span><\/span><\/span><\/a><\/span><\/div>\n<nav><ul class='ez-toc-list ez-toc-list-level-1 eztoc-toggle-hide-by-default' ><li class='ez-toc-page-1 ez-toc-heading-level-2'><a class=\"ez-toc-link ez-toc-heading-1\" href=\"https:\/\/moverdb.com\/ro\/moving-companies\/moving-companies-estonia\/#1_Adduco\" >1. Adduco<\/a><\/li><li class='ez-toc-page-1 ez-toc-heading-level-2'><a class=\"ez-toc-link ez-toc-heading-2\" href=\"https:\/\/moverdb.com\/ro\/moving-companies\/moving-companies-estonia\/#2_AVA_Express\" >2. AVA Express<\/a><\/li><li class='ez-toc-page-1 ez-toc-heading-level-2'><a class=\"ez-toc-link ez-toc-heading-3\" href=\"https:\/\/moverdb.com\/ro\/moving-companies\/moving-companies-estonia\/#3_MoveMaster\" >3. MoveMaster<\/a><\/li><li class='ez-toc-page-1 ez-toc-heading-level-2'><a class=\"ez-toc-link ez-toc-heading-4\" href=\"https:\/\/moverdb.com\/ro\/moving-companies\/moving-companies-estonia\/#4_KLG_Estonia\" >4. KLG Estonia<\/a><\/li><li class='ez-toc-page-1 ez-toc-heading-level-2'><a class=\"ez-toc-link ez-toc-heading-5\" href=\"https:\/\/moverdb.com\/ro\/moving-companies\/moving-companies-estonia\/#Other_Useful_Guides_to_Estonia\" >Alte ghiduri utile pentru Estonia<\/a><\/li><\/ul><\/nav><\/div>\n<h2><span class=\"ez-toc-section\" id=\"1_Adduco\"><\/span><strong>1. Adduco<\/strong><span class=\"ez-toc-section-end\"><\/span><\/h2>\n<p><img loading=\"lazy\" decoding=\"async\" class=\"alignnone size-full wp-image-6044\" src=\"https:\/\/moverdb.com\/wp-content\/uploads\/Adduco-international-moving-company.png\" alt=\"Adduco, companie de mut\u0103ri interna\u021bionale\" width=\"1440\" height=\"629\" data-wp-pid=\"6044\" srcset=\"https:\/\/moverdb.com\/wp-content\/uploads\/Adduco-international-moving-company.png 1440w, https:\/\/moverdb.com\/wp-content\/uploads\/Adduco-international-moving-company-300x131.png 300w, https:\/\/moverdb.com\/wp-content\/uploads\/Adduco-international-moving-company-1024x447.png 1024w, https:\/\/moverdb.com\/wp-content\/uploads\/Adduco-international-moving-company-18x8.png 18w, https:\/\/moverdb.com\/wp-content\/uploads\/Adduco-international-moving-company-600x262.png 600w\" sizes=\"auto, (max-width: 1440px) 100vw, 1440px\" \/><\/p>\n<ul>\n<li>Obiecte grele \u00een mi\u0219care<\/li>\n<li>Mut\u0103ri interna\u021bionale<\/li>\n<li>Mutarea gospod\u0103riei<\/li>\n<li>Mi\u0219c\u0103ri de afaceri<\/li>\n<li>Serviciul de ambalare<\/li>\n<li>Planifica\u021bi-v\u0103 itinerariul \u0219i transportul<\/li>\n<li>Suport cu documenta\u021bie<\/li>\n<li>Transport de art\u0103 fin\u0103<\/li>\n<li>Asigurare<\/li>\n<li>Solu\u021bii de depozitare<\/li>\n<\/ul>\n<p>Adduco este un furnizor de servicii de mutare care ajut\u0103 oamenii s\u0103 se mute din 2006 \u0219i are birouri \u00een Tallinn \u0219i Tartu. Sunt membri ai IAM, cu 16 ani de serviciu, ceea ce le ofer\u0103 acces la o re\u021bea interna\u021bional\u0103 de agen\u021bi de mutare pentru a ajuta la mut\u0103ri \u00een \u00eentreaga lume.<\/p>\n<p>Adduco ofer\u0103 un serviciu de mutare care include un serviciu de eliminare a gunoiului pentru a v\u0103 ajuta s\u0103 reduce\u021bi volumul de bunuri pe care le lua\u021bi cu dumneavoastr\u0103 \u00een timpul mut\u0103rii. Ace\u0219tia v\u0103 vor gestiona cu aten\u021bie mutarea, v\u0103 vor planifica itinerariul \u0219i vor preg\u0103ti documentele necesare \u0219i asigurarea. De asemenea, v\u0103 vor \u00eempacheta bunurile \u00een siguran\u021b\u0103 \u0219i le vor transporta \u00eenainte de a le despacheta la destina\u021bie.<\/p>\n<p>Site web: <a href=\"https:\/\/adduco.ee\/en\/\" target=\"_blank\" rel=\"noopener\">https:\/\/adduco.ee\/en\/<\/a><\/p>\n<h2><span class=\"ez-toc-section\" id=\"2_AVA_Express\"><\/span><strong>2. AVA Express<\/strong><span class=\"ez-toc-section-end\"><\/span><\/h2>\n<p><img loading=\"lazy\" decoding=\"async\" class=\"alignnone size-full wp-image-5928\" src=\"https:\/\/moverdb.com\/wp-content\/uploads\/AVA-Express-international-moving-company.png\" alt=\"AVA Express companie de mut\u0103ri interna\u021bionale\" width=\"1440\" height=\"712\" data-wp-pid=\"5928\" srcset=\"https:\/\/moverdb.com\/wp-content\/uploads\/AVA-Express-international-moving-company.png 1440w, https:\/\/moverdb.com\/wp-content\/uploads\/AVA-Express-international-moving-company-300x148.png 300w, https:\/\/moverdb.com\/wp-content\/uploads\/AVA-Express-international-moving-company-1024x506.png 1024w, https:\/\/moverdb.com\/wp-content\/uploads\/AVA-Express-international-moving-company-18x9.png 18w, https:\/\/moverdb.com\/wp-content\/uploads\/AVA-Express-international-moving-company-600x297.png 600w\" sizes=\"auto, (max-width: 1440px) 100vw, 1440px\" \/><\/p>\n<ul>\n<li>Mi\u0219c\u0103ri na\u021bionale<\/li>\n<li>Mut\u0103ri interna\u021bionale<\/li>\n<li>Mutarea gospod\u0103riei<\/li>\n<li>Mutarea birourilor<\/li>\n<li>Transport \u0219i echipament specializat<\/li>\n<li>Servicii de ambalare<\/li>\n<li>Aranjamente de transport<\/li>\n<li>Deplasarea obiectelor grele<\/li>\n<li>Transportul de art\u0103<\/li>\n<li>Solu\u021bii de stocare provizorie<\/li>\n<\/ul>\n<p>AVA Express este o companie estonian\u0103 de mut\u0103ri care are peste 20 de ani de experien\u021b\u0103 \u00een mut\u0103ri de locuin\u021be \u0219i birouri. Lucreaz\u0103 cu agen\u021bi de mut\u0103ri interna\u021bionale pentru a oferi mut\u0103ri la nivel mondial \u0219i sunt membri ai IAM. Au propria flot\u0103 rutier\u0103 pentru a efectua mut\u0103ri \u00een <a href=\"https:\/\/moverdb.com\/ro\/moving-to-estonia\/\" data-internallinksmanager029f6b8e52c=\"430\" title=\"V\u0103 muta\u021bi \u00een Estonia? 2026 Costuri de trai \u0219i sfaturi de relocare\">Estonia<\/a>.<\/p>\n<p>AVA Express ofer\u0103 o ofert\u0103 personalizat\u0103 pentru serviciile sale de mutare pentru gospod\u0103rii \u0219i \u00eentreprinderi. Ace\u0219tia furnizeaz\u0103 toate materialele de ambalare pentru mutarea dvs. \u0219i, dac\u0103 este necesar, v\u0103 vor \u00eempacheta bunurile. Se va ocupa de transportul bunurilor dumneavoastr\u0103, inclusiv al operelor de art\u0103 sau al obiectelor grele, \u00een condi\u021bii de siguran\u021b\u0103 p\u00e2n\u0103 la destina\u021bie, \u00een Estonia sau la nivel interna\u021bional.<\/p>\n<p>Site web: <a href=\"http:\/\/www.ava.ee\" target=\"_blank\" rel=\"noopener\">http:\/\/www.ava.ee<\/a><\/p>\n<h2><span class=\"ez-toc-section\" id=\"3_MoveMaster\"><\/span><strong>3. MoveMaster<\/strong><span class=\"ez-toc-section-end\"><\/span><\/h2>\n<p><img loading=\"lazy\" decoding=\"async\" class=\"alignnone size-full wp-image-5976\" src=\"https:\/\/moverdb.com\/wp-content\/uploads\/MoveMaster-international-moving-company.png\" alt=\"MoveMaster companie de mutare interna\u021bional\u0103\" width=\"1440\" height=\"713\" data-wp-pid=\"5976\" srcset=\"https:\/\/moverdb.com\/wp-content\/uploads\/MoveMaster-international-moving-company.png 1440w, https:\/\/moverdb.com\/wp-content\/uploads\/MoveMaster-international-moving-company-300x149.png 300w, https:\/\/moverdb.com\/wp-content\/uploads\/MoveMaster-international-moving-company-1024x507.png 1024w, https:\/\/moverdb.com\/wp-content\/uploads\/MoveMaster-international-moving-company-18x9.png 18w, https:\/\/moverdb.com\/wp-content\/uploads\/MoveMaster-international-moving-company-600x297.png 600w\" sizes=\"auto, (max-width: 1440px) 100vw, 1440px\" \/><\/p>\n<ul>\n<li>Mut\u0103ri locale \u0219i na\u021bionale<\/li>\n<li>Mut\u0103ri interna\u021bionale<\/li>\n<li>Mut\u0103ri reziden\u021biale<\/li>\n<li>Compania se mut\u0103<\/li>\n<li>Abordare individual\u0103<\/li>\n<li>Serviciul de ambalare<\/li>\n<li>Transport terestru, maritim \u0219i aerian<\/li>\n<li>Transportul obiectelor de art\u0103<\/li>\n<li>Asigurare<\/li>\n<li>Facilit\u0103\u021bi de depozitare<\/li>\n<\/ul>\n<p>MoveMaster este o companie estonian\u0103 de mut\u0103ri cu sediul \u00een Tallinn, cu o experien\u021b\u0103 de 39 de ani, care a realizat mii de mut\u0103ri \u00een 147 de \u021b\u0103ri. Lucreaz\u0103 cu parteneri de cooperare \u00een marile ora\u0219e pentru a ajuta la mut\u0103ri \u00een afara zonei lor \u0219i sunt membri ai IAM.<\/p>\n<p>MoveMaster ofer\u0103 o abordare individual\u0103 a serviciilor sale de mutare, care include o inspec\u021bie \u00eenainte de mutare \u00een Tallinn pentru a crea cel mai potrivit plan de mutare. Ace\u0219tia ofer\u0103 un serviciu de ambalare folosind materiale de ambalare de \u00eenalt\u0103 calitate pentru a v\u0103 proteja bunurile, pentru a demonta mobilierul \u0219i pentru a reasambla mobila la sosire. Ei organizeaz\u0103 transportul pe uscat, pe mare \u0219i pe calea aerului, precum \u0219i asisten\u021b\u0103 pentru declara\u021bii vamale \u0219i asigur\u0103ri.<\/p>\n<p>Site web: <a href=\"http:\/\/www.movemaster.ee\" target=\"_blank\" rel=\"noopener\">http:\/\/www.movemaster.ee<\/a><\/p>\n<h2><span class=\"ez-toc-section\" id=\"4_KLG_Estonia\"><\/span><strong>4. KLG Estonia<\/strong><span class=\"ez-toc-section-end\"><\/span><\/h2>\n<p><img loading=\"lazy\" decoding=\"async\" class=\"alignnone size-full wp-image-5964\" src=\"https:\/\/moverdb.com\/wp-content\/uploads\/KLG-Estonia-international-moving-company.png\" alt=\"KLG Estonia companie de mutare interna\u021bional\u0103\" width=\"1440\" height=\"711\" data-wp-pid=\"5964\" srcset=\"https:\/\/moverdb.com\/wp-content\/uploads\/KLG-Estonia-international-moving-company.png 1440w, https:\/\/moverdb.com\/wp-content\/uploads\/KLG-Estonia-international-moving-company-300x148.png 300w, https:\/\/moverdb.com\/wp-content\/uploads\/KLG-Estonia-international-moving-company-1024x506.png 1024w, https:\/\/moverdb.com\/wp-content\/uploads\/KLG-Estonia-international-moving-company-18x9.png 18w, https:\/\/moverdb.com\/wp-content\/uploads\/KLG-Estonia-international-moving-company-600x296.png 600w\" sizes=\"auto, (max-width: 1440px) 100vw, 1440px\" \/><\/p>\n<ul>\n<li>Mi\u0219c\u0103ri na\u021bionale<\/li>\n<li>Mut\u0103ri interna\u021bionale<\/li>\n<li>Mutarea gospod\u0103riei<\/li>\n<li>Serviciul de ambalare<\/li>\n<li>Construi\u021bi l\u0103zi de lemn personalizate<\/li>\n<li>Transport terestru, aerian, maritim \u0219i feroviar<\/li>\n<li>Asisten\u021b\u0103 vamal\u0103<\/li>\n<li>Transportul de art\u0103<\/li>\n<li>Asigurare<\/li>\n<li>Facilit\u0103\u021bi de depozitare pe termen scurt \u0219i lung<\/li>\n<\/ul>\n<p>KLG Estonia este un furnizor de solu\u021bii logistice speciale, cu sediul \u00een Tallinn, care ofer\u0103 servicii de mutare din 1994. Ei au o re\u021bea global\u0103 de parteneri care \u00eei ajut\u0103 s\u0103 livreze mut\u0103ri interna\u021bionale. Ei sunt acredita\u021bi de FIDI.<\/p>\n<p>KLG Estonia ofer\u0103 o inspec\u021bie \u0219i o consultare pentru a v\u0103 evalua nevoile. Ace\u0219tia ofer\u0103 un serviciu profesionist de ambalare pentru a v\u0103 proteja bunurile, inclusiv cutii de lemn personalizate pentru a se potrivi oric\u0103rui con\u021binut, inclusiv opere de art\u0103 \u0219i echipamente IT. De asemenea, ace\u0219tia mut\u0103 obiecte mai mari, inclusiv motociclete \u0219i piane. Se ocup\u0103 de transportul terestru, aerian, maritim \u0219i feroviar \u0219i ofer\u0103 asisten\u021b\u0103 \u00een ceea ce prive\u0219te cerin\u021bele vamale.<\/p>\n<p>Site web: <a href=\"http:\/\/www.klg.ee\/\" target=\"_blank\" rel=\"noopener\">http:\/\/www.klg.ee\/<\/a><\/p>\n<h2><span class=\"ez-toc-section\" id=\"Other_Useful_Guides_to_Estonia\"><\/span>Alte ghiduri utile pentru Estonia<span class=\"ez-toc-section-end\"><\/span><\/h2>\n<ul>\n<li> <a href=\"https:\/\/moverdb.com\/ro\/moving-to-estonia\/\">V\u0103 muta\u021bi \u00een Estonia? 2026 Costuri de trai \u0219i sfaturi de relocare<\/a><\/li>\n<li> <a href=\"https:\/\/moverdb.com\/ro\/moving-to-estonia\/best-places-to-live-estonia\/\">12 Cele mai bune locuri pentru a tr\u0103i \u00een Estonia<\/a><\/li>\n<li> <a href=\"https:\/\/moverdb.com\/ro\/transport-maritim-de-containere\/estonia\/\">2026 Taxe de transport maritim de m\u0103rfuri containerizate c\u0103tre \u0219i din Estonia<\/a><\/li>\n<\/ul>","protected":false},"excerpt":{"rendered":"<p>Moving can be a stressful time, whether that is moving home or your business. Many people employ the services of a moving company as they can safely move your belongings and reduce the stress of your move. Below we have compiled a list of Estonian removal companies that are members of the International Association of [&hellip;]<\/p>\n","protected":false},"author":4,"featured_media":0,"parent":190,"menu_order":0,"comment_status":"closed","ping_status":"closed","template":"","meta":{"_genesis_hide_title":false,"_genesis_hide_breadcrumbs":false,"_genesis_hide_singular_image":false,"_genesis_hide_footer_widgets":false,"_genesis_custom_body_class":"","_genesis_custom_post_class":"","_genesis_layout":"","footnotes":""},"class_list":{"0":"post-6043","1":"page","2":"type-page","3":"status-publish","5":"entry","6":"has-post-thumbnail"},"_links":{"self":[{"href":"https:\/\/moverdb.com\/ro\/wp-json\/wp\/v2\/pages\/6043","targetHints":{"allow":["GET"]}}],"collection":[{"href":"https:\/\/moverdb.com\/ro\/wp-json\/wp\/v2\/pages"}],"about":[{"href":"https:\/\/moverdb.com\/ro\/wp-json\/wp\/v2\/types\/page"}],"author":[{"embeddable":true,"href":"https:\/\/moverdb.com\/ro\/wp-json\/wp\/v2\/users\/4"}],"replies":[{"embeddable":true,"href":"https:\/\/moverdb.com\/ro\/wp-json\/wp\/v2\/comments?post=6043"}],"version-history":[{"count":3,"href":"https:\/\/moverdb.com\/ro\/wp-json\/wp\/v2\/pages\/6043\/revisions"}],"predecessor-version":[{"id":16257,"href":"https:\/\/moverdb.com\/ro\/wp-json\/wp\/v2\/pages\/6043\/revisions\/16257"}],"up":[{"embeddable":true,"href":"https:\/\/moverdb.com\/ro\/wp-json\/wp\/v2\/pages\/190"}],"wp:attachment":[{"href":"https:\/\/moverdb.com\/ro\/wp-json\/wp\/v2\/media?parent=6043"}],"curies":[{"name":"wp","href":"https:\/\/api.w.org\/{rel}","templated":true}]}}