{"id":6040,"date":"2023-02-01T12:37:34","date_gmt":"2023-02-01T12:37:34","guid":{"rendered":"https:\/\/moverdb.com\/?page_id=6040"},"modified":"2026-01-08T15:24:14","modified_gmt":"2026-01-08T15:24:14","slug":"moving-companies-el-salvador","status":"publish","type":"page","link":"https:\/\/moverdb.com\/ro\/moving-companies\/moving-companies-el-salvador\/","title":{"rendered":"3 Cele mai bune companii de mutare interna\u021bional\u0103 \u00een El Salvador"},"content":{"rendered":"<p>Pl\u0103nui\u021bi s\u0103 v\u0103 muta\u021bi \u00een El Salvador sau s\u0103 v\u0103 muta\u021bi dinspre sau \u00eenspre El Salvador? Atunci este posibil s\u0103 dori\u021bi s\u0103 apela\u021bi la serviciile unui <a href=\"https:\/\/moverdb.com\/ro\/moving-companies\/\" data-internallinksmanager029f6b8e52c=\"79\" title=\"Top 25 Companii interna\u021bionale de mutare online\">companie \u00een mi\u0219care<\/a> s\u0103 v\u0103 ajute \u0219i s\u0103 v\u0103 u\u0219ureze o parte din presiune. Mai jos am compilat o list\u0103 cu El Salvador <a href=\"https:\/\/moverdb.com\/ro\/international-removals\/\" data-internallinksmanager029f6b8e52c=\"27\" title=\"36 Cele mai bune companii de mut\u0103ri interna\u021bionale din Marea Britanie\">companii de mutare<\/a> care sunt membri ai grupului <a href=\"https:\/\/moverdb.com\/ro\/iam\/\" data-internallinksmanager029f6b8e52c=\"23\" title=\"Explica\u021bii despre Asocia\u021bia Interna\u021bional\u0103 a Transportatorilor (IAM)\">Asocia\u021bia Interna\u021bional\u0103 a Transportatorilor<\/a> (IAM) \u0219i\/sau <a href=\"https:\/\/moverdb.com\/ro\/fidi-faim\/\" data-internallinksmanager029f6b8e52c=\"16\" title=\"FIDI &amp; FAIM (FIDI Accredited International Mover) Explicat\">FIDI<\/a> Accredited International Mover (FAIM), care ar putea s\u0103 v\u0103 ajute cu mutarea dumneavoastr\u0103.<\/p>\n<h2><strong>1. Comca International<\/strong><\/h2>\n<ul>\n<li>Mi\u0219c\u0103ri na\u021bionale<\/li>\n<li>Mut\u0103ri interna\u021bionale<\/li>\n<li>Mutarea gospod\u0103riei<\/li>\n<li>Inspec\u021bie la domiciliu<\/li>\n<li>Serviciu profesionist de ambalare<\/li>\n<li>Transport rutier, maritim \u0219i aerian<\/li>\n<li>Asisten\u021b\u0103 vamal\u0103<\/li>\n<li>Ambalaje de opere de art\u0103<\/li>\n<li>Asigurare<\/li>\n<li>Depozitare securizat\u0103<\/li>\n<\/ul>\n<p>Comca International este o companie de solu\u021bii logistice de transport \u0219i distribu\u021bie fondat\u0103 \u00een 1967, care ofer\u0103 servicii de mut\u0103ri na\u021bionale \u0219i interna\u021bionale. Ei au alian\u021be strategice cu agen\u021bii interna\u021bionale pentru a le permite s\u0103 finalizeze mut\u0103ri interna\u021bionale. Sunt membri ai IAM cu 55 de ani de activitate.<\/p>\n<p>Comca International ofer\u0103 o inspec\u021bie \u0219i o estimare pentru mutarea dumneavoastr\u0103, precum \u0219i consiliere cu privire la cea mai bun\u0103 metod\u0103 de transport. Ace\u0219tia ofer\u0103 servicii profesionale de ambalare folosind cele mai bune materiale \u0219i cutii sau l\u0103zi de lemn cu plastic adeziv \u0219i chingi pentru o mai mare protec\u021bie \u00een timpul transportului. Ace\u0219tia vor aranja transportul rutier, maritim sau aerian \u0219i v\u0103 vor ajuta cu v\u0103mile.<\/p>\n<p>Site web: <a href=\"http:\/\/www.comca.com.sv\" target=\"_blank\" rel=\"noopener\">http:\/\/www.comca.com.sv<\/a><\/p>\n<h2><strong>2. Mudanzas Suarez<\/strong><\/h2>\n<p><img loading=\"lazy\" decoding=\"async\" class=\"alignnone size-full wp-image-5982\" src=\"https:\/\/moverdb.com\/wp-content\/uploads\/Mudanzas-Suarez-international-moving-company.png\" alt=\"Mudanzas Suarez companie interna\u021bional\u0103 de mutare\" width=\"1440\" height=\"712\" data-wp-pid=\"5982\" srcset=\"https:\/\/moverdb.com\/wp-content\/uploads\/Mudanzas-Suarez-international-moving-company.png 1440w, https:\/\/moverdb.com\/wp-content\/uploads\/Mudanzas-Suarez-international-moving-company-300x148.png 300w, https:\/\/moverdb.com\/wp-content\/uploads\/Mudanzas-Suarez-international-moving-company-1024x506.png 1024w, https:\/\/moverdb.com\/wp-content\/uploads\/Mudanzas-Suarez-international-moving-company-18x9.png 18w, https:\/\/moverdb.com\/wp-content\/uploads\/Mudanzas-Suarez-international-moving-company-600x297.png 600w\" sizes=\"auto, (max-width: 1440px) 100vw, 1440px\" \/><\/p>\n<ul>\n<li>Mut\u0103ri na\u021bionale<\/li>\n<li>Mut\u0103ri interna\u021bionale<\/li>\n<li>Mut\u0103ri reziden\u021biale<\/li>\n<li>Mi\u0219c\u0103ri de afaceri<\/li>\n<li>Serviciu personalizat<\/li>\n<li>Serviciu din u\u0219\u0103 \u00een u\u0219\u0103<\/li>\n<li>Serviciul de ambalare<\/li>\n<li>Cutii din lemn personalizate<\/li>\n<li>Alegerea op\u021biunilor de transport<\/li>\n<li>Spa\u021biu de depozitare condi\u021bionat<\/li>\n<\/ul>\n<p>Mudanzas Suarez este o companie de logistic\u0103 \u0219i de mut\u0103ri fondat\u0103 \u00een 1958, cu sediul \u00een Antiguo Cuscatlan. Aceasta dispune de o re\u021bea larg\u0103 de agen\u021bi interna\u021bionali care \u00eei ajut\u0103 la efectuarea de mut\u0103ri \u00een \u00eentreaga lume. Este membr\u0103 a IAM cu 54 de ani de activitate.<\/p>\n<p>Mudanzas Suarez ofer\u0103 un serviciu personalizat \u0219i ofer\u0103 solu\u021bii de ambalare personalizate prin intermediul echipei interne de t\u00e2mpl\u0103rie care construie\u0219te cutii de lemn personalizate. Ace\u0219tia ofer\u0103 un serviciu de ambalare care v\u0103 va proteja bunurile \u00een timpul transportului. Ace\u0219tia ofer\u0103 o gam\u0103 de op\u021biuni de transport de marf\u0103, inclusiv transport aerian \u0219i maritim, cum ar fi transportul consolidat.<\/p>\n<p>Site web: <a href=\"http:\/\/suarez.com.sv\" target=\"_blank\" rel=\"noopener\">http:\/\/suarez.com.sv<\/a><\/p>\n<h2><strong>3. Mudisa El Salvador<\/strong><\/h2>\n<p><img loading=\"lazy\" decoding=\"async\" class=\"alignnone size-full wp-image-5983\" src=\"https:\/\/moverdb.com\/wp-content\/uploads\/Mudisa-international-moving-company.png\" alt=\"Mudisa companie de mutare interna\u021bional\u0103\" width=\"1440\" height=\"712\" data-wp-pid=\"5983\" srcset=\"https:\/\/moverdb.com\/wp-content\/uploads\/Mudisa-international-moving-company.png 1440w, https:\/\/moverdb.com\/wp-content\/uploads\/Mudisa-international-moving-company-300x148.png 300w, https:\/\/moverdb.com\/wp-content\/uploads\/Mudisa-international-moving-company-1024x506.png 1024w, https:\/\/moverdb.com\/wp-content\/uploads\/Mudisa-international-moving-company-18x9.png 18w, https:\/\/moverdb.com\/wp-content\/uploads\/Mudisa-international-moving-company-600x297.png 600w\" sizes=\"auto, (max-width: 1440px) 100vw, 1440px\" \/><\/p>\n<ul>\n<li>Mut\u0103ri na\u021bionale<\/li>\n<li>Mut\u0103ri interna\u021bionale<\/li>\n<li>Mutarea gospod\u0103riei<\/li>\n<li>Mi\u0219c\u0103ri corporative<\/li>\n<li>Servicii de relocare<\/li>\n<li>Servicii door-to-door<\/li>\n<li>Ambalare, inclusiv cutii \u0219i l\u0103zi personalizate<\/li>\n<li>Transportul operelor de art\u0103<\/li>\n<li>Transportul vehiculelor<\/li>\n<li>Facilit\u0103\u021bi de depozitare securizate<\/li>\n<\/ul>\n<p>Mudisa este o companie de mut\u0103ri, logistic\u0103 \u0219i m\u0103rfuri generale fondat\u0103 \u00een 1963 \u00een San Salvador. Ofer\u0103 un serviciu interna\u021bional din u\u0219\u0103 \u00een u\u0219\u0103 \u00een parteneriat cu al\u021bi agen\u021bi de mut\u0103ri interna\u021bionale \u0219i dispune de propria flot\u0103 de vehicule pentru a face mut\u0103ri na\u021bionale. Sunt membri ai IAM cu 45 de ani de activitate.<\/p>\n<p>Mudisa ofer\u0103 servicii de mutare \u0219i relocare pentru gospod\u0103rii \u0219i corpora\u021bii. Ace\u0219tia ofer\u0103 servicii la sediul dvs. existent \u0219i la noul sediu, cum ar fi \u00eempachetarea \u0219i despachetarea, care include cutii \u0219i l\u0103zi personalizate. Serviciile lor de relocare includ sprijin pentru imigra\u021bie, servicii de sosire, \u00eendrumare privind \u0219colile, c\u0103ut\u0103ri de case \u0219i servicii de instalare.<\/p>\n<p>Site web: <a href=\"http:\/\/www.mudisa.com.sv\" target=\"_blank\" rel=\"noopener\">http:\/\/www.mudisa.com.sv<\/a><\/p>","protected":false},"excerpt":{"rendered":"<p>Are you planning on moving in El Salvador or to or from El Salvador? Then you may want to employ the services of a moving company to assist you and take some of the pressure off. Below we have compiled a list of El Salvador removal companies that are members of the International Association of [&hellip;]<\/p>\n","protected":false},"author":4,"featured_media":0,"parent":190,"menu_order":0,"comment_status":"closed","ping_status":"closed","template":"","meta":{"_genesis_hide_title":false,"_genesis_hide_breadcrumbs":false,"_genesis_hide_singular_image":false,"_genesis_hide_footer_widgets":false,"_genesis_custom_body_class":"","_genesis_custom_post_class":"","_genesis_layout":"","footnotes":""},"class_list":{"0":"post-6040","1":"page","2":"type-page","3":"status-publish","5":"entry","6":"has-post-thumbnail"},"_links":{"self":[{"href":"https:\/\/moverdb.com\/ro\/wp-json\/wp\/v2\/pages\/6040","targetHints":{"allow":["GET"]}}],"collection":[{"href":"https:\/\/moverdb.com\/ro\/wp-json\/wp\/v2\/pages"}],"about":[{"href":"https:\/\/moverdb.com\/ro\/wp-json\/wp\/v2\/types\/page"}],"author":[{"embeddable":true,"href":"https:\/\/moverdb.com\/ro\/wp-json\/wp\/v2\/users\/4"}],"replies":[{"embeddable":true,"href":"https:\/\/moverdb.com\/ro\/wp-json\/wp\/v2\/comments?post=6040"}],"version-history":[{"count":3,"href":"https:\/\/moverdb.com\/ro\/wp-json\/wp\/v2\/pages\/6040\/revisions"}],"predecessor-version":[{"id":6056,"href":"https:\/\/moverdb.com\/ro\/wp-json\/wp\/v2\/pages\/6040\/revisions\/6056"}],"up":[{"embeddable":true,"href":"https:\/\/moverdb.com\/ro\/wp-json\/wp\/v2\/pages\/190"}],"wp:attachment":[{"href":"https:\/\/moverdb.com\/ro\/wp-json\/wp\/v2\/media?parent=6040"}],"curies":[{"name":"wp","href":"https:\/\/api.w.org\/{rel}","templated":true}]}}