{"id":6038,"date":"2023-02-01T13:41:44","date_gmt":"2023-02-01T13:41:44","guid":{"rendered":"https:\/\/moverdb.com\/?page_id=6038"},"modified":"2026-01-08T15:24:39","modified_gmt":"2026-01-08T15:24:39","slug":"moving-companies-ecuador","status":"publish","type":"page","link":"https:\/\/moverdb.com\/ro\/moving-companies\/moving-companies-ecuador\/","title":{"rendered":"4 Cele mai bune companii de mutare interna\u021bional\u0103 \u00een Ecuador"},"content":{"rendered":"<p>Mutarea casei poate fi un moment stresant, la fel ca \u0219i mutarea afacerii, a\u0219a c\u0103, c\u0103ut\u00e2nd sprijinul unui <a href=\"https:\/\/moverdb.com\/ro\/moving-companies\/\" data-internallinksmanager029f6b8e52c=\"79\" title=\"Top 25 Companii interna\u021bionale de mutare online\">companie \u00een mi\u0219care<\/a> ar putea ajuta la u\u0219urarea sarcinii \u0219i la u\u0219urarea sarcinii de mutare. Mai jos am compilat o list\u0103 de Ecuador <a href=\"https:\/\/moverdb.com\/ro\/international-removals\/\" data-internallinksmanager029f6b8e52c=\"27\" title=\"36 Cele mai bune companii de mut\u0103ri interna\u021bionale din Marea Britanie\">companii de mutare<\/a> care sunt membri ai grupului <a href=\"https:\/\/moverdb.com\/ro\/iam\/\" data-internallinksmanager029f6b8e52c=\"23\" title=\"Explica\u021bii despre Asocia\u021bia Interna\u021bional\u0103 a Transportatorilor (IAM)\">Asocia\u021bia Interna\u021bional\u0103 a Transportatorilor<\/a> (IAM) \u0219i\/sau <a href=\"https:\/\/moverdb.com\/ro\/fidi-faim\/\" data-internallinksmanager029f6b8e52c=\"16\" title=\"FIDI &amp; FAIM (FIDI Accredited International Mover) Explicat\">FIDI<\/a> Accredited International Mover (FAIM), care v\u0103 poate oferi sprijin.<\/p>\n<div id=\"ez-toc-container\" class=\"ez-toc-v2_0_82_2 ez-toc-wrap-left counter-hierarchy ez-toc-counter ez-toc-transparent ez-toc-container-direction\">\n<div class=\"ez-toc-title-container\">\n<p class=\"ez-toc-title\" style=\"cursor:inherit\">Sec\u021biuni<\/p>\n<span class=\"ez-toc-title-toggle\"><a href=\"#\" class=\"ez-toc-pull-right ez-toc-btn ez-toc-btn-xs ez-toc-btn-default ez-toc-toggle\" aria-label=\"Comuta\u021bi tabelul de con\u021binut\"><span class=\"ez-toc-js-icon-con\"><span class=\"\"><span class=\"eztoc-hide\" style=\"display:none;\">Toggle<\/span><span class=\"ez-toc-icon-toggle-span\"><svg style=\"fill: #999;color:#999\" xmlns=\"http:\/\/www.w3.org\/2000\/svg\" class=\"list-377408\" width=\"20px\" height=\"20px\" viewbox=\"0 0 24 24\" fill=\"none\"><path d=\"M6 6H4v2h2V6zm14 0H8v2h12V6zM4 11h2v2H4v-2zm16 0H8v2h12v-2zM4 16h2v2H4v-2zm16 0H8v2h12v-2z\" fill=\"currentColor\"><\/path><\/svg><svg style=\"fill: #999;color:#999\" class=\"arrow-unsorted-368013\" xmlns=\"http:\/\/www.w3.org\/2000\/svg\" width=\"10px\" height=\"10px\" viewbox=\"0 0 24 24\" version=\"1.2\" baseprofile=\"tiny\"><path d=\"M18.2 9.3l-6.2-6.3-6.2 6.3c-.2.2-.3.4-.3.7s.1.5.3.7c.2.2.4.3.7.3h11c.3 0 .5-.1.7-.3.2-.2.3-.5.3-.7s-.1-.5-.3-.7zM5.8 14.7l6.2 6.3 6.2-6.3c.2-.2.3-.5.3-.7s-.1-.5-.3-.7c-.2-.2-.4-.3-.7-.3h-11c-.3 0-.5.1-.7.3-.2.2-.3.5-.3.7s.1.5.3.7z\"\/><\/svg><\/span><\/span><\/span><\/a><\/span><\/div>\n<nav><ul class='ez-toc-list ez-toc-list-level-1 eztoc-toggle-hide-by-default' ><li class='ez-toc-page-1 ez-toc-heading-level-2'><a class=\"ez-toc-link ez-toc-heading-1\" href=\"https:\/\/moverdb.com\/ro\/moving-companies\/moving-companies-ecuador\/#1_Sandhill_Ecuador\" >1. Sandhill Ecuador<\/a><\/li><li class='ez-toc-page-1 ez-toc-heading-level-2'><a class=\"ez-toc-link ez-toc-heading-2\" href=\"https:\/\/moverdb.com\/ro\/moving-companies\/moving-companies-ecuador\/#2_INSA_Moving\" >2. INSA Moving<\/a><\/li><li class='ez-toc-page-1 ez-toc-heading-level-2'><a class=\"ez-toc-link ez-toc-heading-3\" href=\"https:\/\/moverdb.com\/ro\/moving-companies\/moving-companies-ecuador\/#3_Premium_Logistics\" >3. Logistic\u0103 premium<\/a><\/li><li class='ez-toc-page-1 ez-toc-heading-level-2'><a class=\"ez-toc-link ez-toc-heading-4\" href=\"https:\/\/moverdb.com\/ro\/moving-companies\/moving-companies-ecuador\/#4_Global_Transport\" >4. Transport global<\/a><\/li><\/ul><\/nav><\/div>\n<h2><span class=\"ez-toc-section\" id=\"1_Sandhill_Ecuador\"><\/span><strong>1. Sandhill Ecuador<\/strong><span class=\"ez-toc-section-end\"><\/span><\/h2>\n<p><img loading=\"lazy\" decoding=\"async\" class=\"alignnone size-full wp-image-5998\" src=\"https:\/\/moverdb.com\/wp-content\/uploads\/Sandhill-Ecuador-international-moving-company.png\" alt=\"Sandhill Ecuador companie de mutare interna\u021bional\u0103\" width=\"1440\" height=\"680\" data-wp-pid=\"5998\" srcset=\"https:\/\/moverdb.com\/wp-content\/uploads\/Sandhill-Ecuador-international-moving-company.png 1440w, https:\/\/moverdb.com\/wp-content\/uploads\/Sandhill-Ecuador-international-moving-company-300x142.png 300w, https:\/\/moverdb.com\/wp-content\/uploads\/Sandhill-Ecuador-international-moving-company-1024x484.png 1024w, https:\/\/moverdb.com\/wp-content\/uploads\/Sandhill-Ecuador-international-moving-company-18x9.png 18w, https:\/\/moverdb.com\/wp-content\/uploads\/Sandhill-Ecuador-international-moving-company-600x283.png 600w\" sizes=\"auto, (max-width: 1440px) 100vw, 1440px\" \/><\/p>\n<ul>\n<li>Mi\u0219c\u0103ri na\u021bionale<\/li>\n<li>Mut\u0103ri interna\u021bionale<\/li>\n<li>Mut\u0103ri reziden\u021biale<\/li>\n<li>Reloc\u0103ri corporative<\/li>\n<li>Serviciu personalizat<\/li>\n<li>Ambalare de calitate interna\u021bional\u0103<\/li>\n<li>Acorduri de transport de marf\u0103<\/li>\n<li>V\u0103muire<\/li>\n<li>Asigurare<\/li>\n<li>Facilit\u0103\u021bi de depozitare<\/li>\n<\/ul>\n<p>Sandhill Ecuador este o companie de logistic\u0103 \u0219i mut\u0103ri cu sediul \u00een Quito \u0219i are peste 60 de ani de experien\u021b\u0103 \u00een domeniul mut\u0103rilor. Ei au o re\u021bea global\u0103 de parteneri de mutare pentru a v\u0103 ajuta s\u0103 v\u0103 muta\u021bi oriunde \u00een lume. Ei sunt membri ai IAM cu 2 ani de serviciu.<\/p>\n<p>Sandhill Ecuador ofer\u0103 un serviciu de mutare personalizat \u0219i unic. Ace\u0219tia ofer\u0103 un studiu virtual sau personal pentru a evalua cerin\u021bele dumneavoastr\u0103 de mutare \u0219i pentru a v\u0103 oferi o ofert\u0103. Vi se va aloca un lider de mutare care v\u0103 va asista pe tot parcursul c\u0103l\u0103toriei, gestion\u00e2nd \u00eempachetarea, aranj\u00e2nd transportul, v\u0103muirea, oferind asigurare \u0219i sprijin \u00een leg\u0103tur\u0103 cu destina\u021bia dumneavoastr\u0103, inclusiv ghiduri \u0219i g\u0103sirea de \u0219coli.<\/p>\n<p>Site web: <a href=\"http:\/\/www.sandhillrelo.com\" target=\"_blank\" rel=\"noopener\">http:\/\/www.sandhillrelo.com<\/a><\/p>\n<h2><span class=\"ez-toc-section\" id=\"2_INSA_Moving\"><\/span><strong>2. INSA Moving<\/strong><span class=\"ez-toc-section-end\"><\/span><\/h2>\n<p><img loading=\"lazy\" decoding=\"async\" class=\"alignnone size-full wp-image-5957\" src=\"https:\/\/moverdb.com\/wp-content\/uploads\/INSA-Moving-international-moving-company.png\" alt=\"INSA Moving companie de mut\u0103ri interna\u021bionale\" width=\"1440\" height=\"664\" data-wp-pid=\"5957\" srcset=\"https:\/\/moverdb.com\/wp-content\/uploads\/INSA-Moving-international-moving-company.png 1440w, https:\/\/moverdb.com\/wp-content\/uploads\/INSA-Moving-international-moving-company-300x138.png 300w, https:\/\/moverdb.com\/wp-content\/uploads\/INSA-Moving-international-moving-company-1024x472.png 1024w, https:\/\/moverdb.com\/wp-content\/uploads\/INSA-Moving-international-moving-company-18x8.png 18w, https:\/\/moverdb.com\/wp-content\/uploads\/INSA-Moving-international-moving-company-600x277.png 600w\" sizes=\"auto, (max-width: 1440px) 100vw, 1440px\" \/><\/p>\n<ul>\n<li>Mut\u0103ri locale \u0219i na\u021bionale<\/li>\n<li>Mut\u0103ri interna\u021bionale<\/li>\n<li>Servicii de relocare<\/li>\n<li>Mutarea gospod\u0103riei<\/li>\n<li>Mi\u0219c\u0103ri corporative<\/li>\n<li>Serviciu din u\u0219\u0103 \u00een u\u0219\u0103<\/li>\n<li>Servicii de ambalare<\/li>\n<li>Servicii de imigrare<\/li>\n<li>Transportul animalelor de companie<\/li>\n<li>Solu\u021bii de depozitare<\/li>\n<\/ul>\n<p>INSA Moving este o companie de mut\u0103ri, logistic\u0103 \u0219i transport de marf\u0103 bine stabilit\u0103 \u00een Quito, care ofer\u0103 servicii de mutare \u0219i relocalizare. Ace\u0219tia ofer\u0103 mut\u0103ri locale, na\u021bionale \u0219i interna\u021bionale pentru gospod\u0103rii \u0219i corpora\u021bii. Ei sunt membri ai IAM cu 65 de ani de serviciu \u0219i sunt acredita\u021bi de FIDI.<\/p>\n<p>INSA Moving ofer\u0103 servicii de mutare \u0219i relocare din u\u0219\u0103 \u00een u\u0219\u0103, care includ \u00eempachetarea \u00een siguran\u021b\u0103 a bunurilor dumneavoastr\u0103, transportul acestora la destina\u021bie \u0219i servicii de despachetare. Serviciile lor de relocare includ, de asemenea, sprijin \u00een g\u0103sirea unei propriet\u0103\u021bi \u0219i a \u0219colilor, ghiduri informative despre destina\u021bia dumneavoastr\u0103, asisten\u021b\u0103 pentru \u00eentre\u021binerea locuin\u021bei, transportul animalelor de companie, servicii de imigrare \u0219i asigur\u0103ri.<\/p>\n<p>Site web: <a href=\"http:\/\/www.insa.com.ec\" target=\"_blank\" rel=\"noopener\">http:\/\/www.insa.com.ec<\/a><\/p>\n<h2><span class=\"ez-toc-section\" id=\"3_Premium_Logistics\"><\/span><strong>3. Logistic\u0103 premium<\/strong><span class=\"ez-toc-section-end\"><\/span><\/h2>\n<p><img loading=\"lazy\" decoding=\"async\" class=\"alignnone size-full wp-image-5994\" src=\"https:\/\/moverdb.com\/wp-content\/uploads\/Premium-Logistics-international-moving-company.png\" alt=\"Premium Logistics companie de mut\u0103ri interna\u021bionale\" width=\"1440\" height=\"679\" data-wp-pid=\"5994\" srcset=\"https:\/\/moverdb.com\/wp-content\/uploads\/Premium-Logistics-international-moving-company.png 1440w, https:\/\/moverdb.com\/wp-content\/uploads\/Premium-Logistics-international-moving-company-300x141.png 300w, https:\/\/moverdb.com\/wp-content\/uploads\/Premium-Logistics-international-moving-company-1024x483.png 1024w, https:\/\/moverdb.com\/wp-content\/uploads\/Premium-Logistics-international-moving-company-18x8.png 18w, https:\/\/moverdb.com\/wp-content\/uploads\/Premium-Logistics-international-moving-company-600x283.png 600w\" sizes=\"auto, (max-width: 1440px) 100vw, 1440px\" \/><\/p>\n<ul>\n<li>Mut\u0103ri locale \u0219i na\u021bionale<\/li>\n<li>Mut\u0103ri interna\u021bionale<\/li>\n<li>Mut\u0103ri reziden\u021biale<\/li>\n<li>Mut\u0103ri corporative<\/li>\n<li>Serviciu din u\u0219\u0103 \u00een u\u0219\u0103<\/li>\n<li>Serviciul de ambalare<\/li>\n<li>Personal cu preg\u0103tire profesional\u0103<\/li>\n<li>Consiliere vamal\u0103<\/li>\n<li>Asigurare all-risk<\/li>\n<li>Facilit\u0103\u021bi de depozitare securizate<\/li>\n<\/ul>\n<p>Premium Logistics este o companie specializat\u0103 \u00een mut\u0103ri \u0219i depozitare, fondat\u0103 \u00een 1998 \u00een Quito, cu acoperire local\u0103, na\u021bional\u0103 \u0219i interna\u021bional\u0103. Ace\u0219tia ofer\u0103 mut\u0103ri reziden\u021biale \u0219i corporative c\u0103tre \u0219i din Ecuador. Ei sunt membri ai IAM cu 23 de ani de serviciu.<\/p>\n<p>Premium Logistics ofer\u0103 un serviciu de mutare din u\u0219\u0103 \u00een u\u0219\u0103, care poate include un studiu pentru a v\u0103 evalua cerin\u021bele. Ace\u0219tia pun la dispozi\u021bie personal calificat care v\u0103 va ambala \u0219i v\u0103 va manipula cu grij\u0103 bunurile \u0219i mobilierul. Ofer\u0103 consultan\u021b\u0103 pentru a v\u0103 ajuta cu procedurile vamale \u0219i v\u0103 ofer\u0103 op\u021biuni de asigurare. De asemenea, ofer\u0103 facilit\u0103\u021bi de depozitare securizate \u00een depozitul lor din Quito.<\/p>\n<p>Site web: <a href=\"http:\/\/www.premiumlogistics.com.ec\" target=\"_blank\" rel=\"noopener\">http:\/\/www.premiumlogistics.com.ec<\/a><\/p>\n<h2><span class=\"ez-toc-section\" id=\"4_Global_Transport\"><\/span><strong>4. Transport global<\/strong><span class=\"ez-toc-section-end\"><\/span><\/h2>\n<p><img loading=\"lazy\" decoding=\"async\" class=\"alignnone size-full wp-image-5951\" src=\"https:\/\/moverdb.com\/wp-content\/uploads\/Global-Transport-international-moving-company.png\" alt=\"Global Transport companie de mut\u0103ri interna\u021bionale\" width=\"1440\" height=\"665\" data-wp-pid=\"5951\" srcset=\"https:\/\/moverdb.com\/wp-content\/uploads\/Global-Transport-international-moving-company.png 1440w, https:\/\/moverdb.com\/wp-content\/uploads\/Global-Transport-international-moving-company-300x139.png 300w, https:\/\/moverdb.com\/wp-content\/uploads\/Global-Transport-international-moving-company-1024x473.png 1024w, https:\/\/moverdb.com\/wp-content\/uploads\/Global-Transport-international-moving-company-18x8.png 18w, https:\/\/moverdb.com\/wp-content\/uploads\/Global-Transport-international-moving-company-600x277.png 600w\" sizes=\"auto, (max-width: 1440px) 100vw, 1440px\" \/><\/p>\n<ul>\n<li>Mi\u0219c\u0103ri na\u021bionale<\/li>\n<li>Mut\u0103ri interna\u021bionale<\/li>\n<li>Mutarea gospod\u0103riei<\/li>\n<li>Mutarea birourilor<\/li>\n<li>Din u\u0219\u0103 \u00een u\u0219\u0103 sau din u\u0219\u0103 \u00een u\u0219\u0103<a href=\"https:\/\/moverdb.com\/ro\/top-49-container-ports\/\" data-internallinksmanager029f6b8e52c=\"80\" title=\"Top 49 cele mai mari \u0219i mai aglomerate porturi de containere \u00een 2026\">port<\/a> serviciu<\/li>\n<li>Servicii de ambalare<\/li>\n<li>Organizarea transportului<\/li>\n<li>Proceduri vamale<\/li>\n<li>Despachetarea \u0219i \u00eendep\u0103rtarea de\u0219eurilor<\/li>\n<li>Facilit\u0103\u021bi de depozitare securizate<\/li>\n<\/ul>\n<p>Global Transport este o companie de mut\u0103ri interna\u021bionale fondat\u0103 \u00een 1971 \u0219i are sediul \u00een Quito. Ofer\u0103 servicii de mut\u0103ri na\u021bionale \u0219i interna\u021bionale, precum \u0219i servicii de mut\u0103ri specializate pentru opere de art\u0103. Sunt membri ai IAM cu 51 de ani de serviciu \u0219i au o re\u021bea de agen\u021bi interna\u021bionali pentru a sprijini mut\u0103rile oriunde.<\/p>\n<p>Global Transport ofer\u0103 o vizit\u0103 personal\u0103 pentru a evalua nevoile mut\u0103rii dumneavoastr\u0103, astfel \u00eenc\u00e2t s\u0103 poat\u0103 face aranjamentele pentru \u00eempachetarea \u0219i transportul bunurilor dumneavoastr\u0103 la destina\u021bie. Ace\u0219tia v\u0103 \u00eempacheteaz\u0103 bunurile \u00een condi\u021bii de siguran\u021b\u0103, cu materiale \u0219i cutii care s\u0103 le protejeze. Ei vor despacheta la destina\u021bie \u0219i vor lua de\u0219eurile de ambalare.<\/p>\n<p>Site web: <a href=\"http:\/\/www.globaltransportecuador.com\" target=\"_blank\" rel=\"noopener\">http:\/\/www.globaltransportecuador.com<\/a><\/p>","protected":false},"excerpt":{"rendered":"<p>Moving home can be a stressful time, as can moving your business, so seeking out the support of a moving company could help ease the burden and lighten the load of moving. Below we have compiled a list of Ecuador removal companies that are members of the International Association of Movers (IAM) and\/or FIDI Accredited [&hellip;]<\/p>\n","protected":false},"author":4,"featured_media":0,"parent":190,"menu_order":0,"comment_status":"closed","ping_status":"closed","template":"","meta":{"_genesis_hide_title":false,"_genesis_hide_breadcrumbs":false,"_genesis_hide_singular_image":false,"_genesis_hide_footer_widgets":false,"_genesis_custom_body_class":"","_genesis_custom_post_class":"","_genesis_layout":"","footnotes":""},"class_list":{"0":"post-6038","1":"page","2":"type-page","3":"status-publish","5":"entry","6":"has-post-thumbnail"},"_links":{"self":[{"href":"https:\/\/moverdb.com\/ro\/wp-json\/wp\/v2\/pages\/6038","targetHints":{"allow":["GET"]}}],"collection":[{"href":"https:\/\/moverdb.com\/ro\/wp-json\/wp\/v2\/pages"}],"about":[{"href":"https:\/\/moverdb.com\/ro\/wp-json\/wp\/v2\/types\/page"}],"author":[{"embeddable":true,"href":"https:\/\/moverdb.com\/ro\/wp-json\/wp\/v2\/users\/4"}],"replies":[{"embeddable":true,"href":"https:\/\/moverdb.com\/ro\/wp-json\/wp\/v2\/comments?post=6038"}],"version-history":[{"count":1,"href":"https:\/\/moverdb.com\/ro\/wp-json\/wp\/v2\/pages\/6038\/revisions"}],"predecessor-version":[{"id":6039,"href":"https:\/\/moverdb.com\/ro\/wp-json\/wp\/v2\/pages\/6038\/revisions\/6039"}],"up":[{"embeddable":true,"href":"https:\/\/moverdb.com\/ro\/wp-json\/wp\/v2\/pages\/190"}],"wp:attachment":[{"href":"https:\/\/moverdb.com\/ro\/wp-json\/wp\/v2\/media?parent=6038"}],"curies":[{"name":"wp","href":"https:\/\/api.w.org\/{rel}","templated":true}]}}