{"id":6036,"date":"2023-02-01T13:45:53","date_gmt":"2023-02-01T13:45:53","guid":{"rendered":"https:\/\/moverdb.com\/?page_id=6036"},"modified":"2026-01-08T15:29:19","modified_gmt":"2026-01-08T15:29:19","slug":"companii-de-mutare-republica-dominicana","status":"publish","type":"page","link":"https:\/\/moverdb.com\/ro\/moving-companies\/moving-companies-dominican-republic\/","title":{"rendered":"6 Cele mai bune companii de mutare interna\u021bional\u0103 \u00een Republica Dominican\u0103"},"content":{"rendered":"<p>Dac\u0103 v\u0103 muta\u021bi casa sau v\u0103 muta\u021bi afacerea \u00een Republica Dominican\u0103, sau dac\u0103 v\u0103 muta\u021bi \u00een Republica Dominican\u0103 sau din Republica Dominican\u0103, s-ar putea s\u0103 ave\u021bi nevoie de asisten\u021b\u0103. O companie de mutare sau de relocalizare ar putea s\u0103 v\u0103 ajute s\u0103 v\u0103 u\u0219ura\u021bi mutarea \u0219i s\u0103 v\u0103 \u00eendep\u0103rteze o parte din stres. Mai jos am compilat o list\u0103 de companii de mutare din Republica Dominican\u0103 <a href=\"https:\/\/moverdb.com\/ro\/international-removals\/\" data-internallinksmanager029f6b8e52c=\"27\" title=\"36 Cele mai bune companii de mut\u0103ri interna\u021bionale din Marea Britanie\">companii de mutare<\/a> care sunt membri ai grupului <a href=\"https:\/\/moverdb.com\/ro\/iam\/\" data-internallinksmanager029f6b8e52c=\"23\" title=\"Explica\u021bii despre Asocia\u021bia Interna\u021bional\u0103 a Transportatorilor (IAM)\">Asocia\u021bia Interna\u021bional\u0103 a Transportatorilor<\/a> (IAM) \u0219i\/sau <a href=\"https:\/\/moverdb.com\/ro\/fidi-faim\/\" data-internallinksmanager029f6b8e52c=\"16\" title=\"FIDI &amp; FAIM (FIDI Accredited International Mover) Explicat\">FIDI<\/a> Accredited International Mover (FAIM) care ar putea s\u0103 v\u0103 ajute.<\/p>\n<div id=\"ez-toc-container\" class=\"ez-toc-v2_0_82_2 ez-toc-wrap-left counter-hierarchy ez-toc-counter ez-toc-transparent ez-toc-container-direction\">\n<div class=\"ez-toc-title-container\">\n<p class=\"ez-toc-title\" style=\"cursor:inherit\">Sec\u021biuni<\/p>\n<span class=\"ez-toc-title-toggle\"><a href=\"#\" class=\"ez-toc-pull-right ez-toc-btn ez-toc-btn-xs ez-toc-btn-default ez-toc-toggle\" aria-label=\"Comuta\u021bi tabelul de con\u021binut\"><span class=\"ez-toc-js-icon-con\"><span class=\"\"><span class=\"eztoc-hide\" style=\"display:none;\">Toggle<\/span><span class=\"ez-toc-icon-toggle-span\"><svg style=\"fill: #999;color:#999\" xmlns=\"http:\/\/www.w3.org\/2000\/svg\" class=\"list-377408\" width=\"20px\" height=\"20px\" viewbox=\"0 0 24 24\" fill=\"none\"><path d=\"M6 6H4v2h2V6zm14 0H8v2h12V6zM4 11h2v2H4v-2zm16 0H8v2h12v-2zM4 16h2v2H4v-2zm16 0H8v2h12v-2z\" fill=\"currentColor\"><\/path><\/svg><svg style=\"fill: #999;color:#999\" class=\"arrow-unsorted-368013\" xmlns=\"http:\/\/www.w3.org\/2000\/svg\" width=\"10px\" height=\"10px\" viewbox=\"0 0 24 24\" version=\"1.2\" baseprofile=\"tiny\"><path d=\"M18.2 9.3l-6.2-6.3-6.2 6.3c-.2.2-.3.4-.3.7s.1.5.3.7c.2.2.4.3.7.3h11c.3 0 .5-.1.7-.3.2-.2.3-.5.3-.7s-.1-.5-.3-.7zM5.8 14.7l6.2 6.3 6.2-6.3c.2-.2.3-.5.3-.7s-.1-.5-.3-.7c-.2-.2-.4-.3-.7-.3h-11c-.3 0-.5.1-.7.3-.2.2-.3.5-.3.7s.1.5.3.7z\"\/><\/svg><\/span><\/span><\/span><\/a><\/span><\/div>\n<nav><ul class='ez-toc-list ez-toc-list-level-1 eztoc-toggle-hide-by-default' ><li class='ez-toc-page-1 ez-toc-heading-level-2'><a class=\"ez-toc-link ez-toc-heading-1\" href=\"https:\/\/moverdb.com\/ro\/moving-companies\/moving-companies-dominican-republic\/#1_International_Packers\" >1. Ambalatori interna\u021bionali<\/a><\/li><li class='ez-toc-page-1 ez-toc-heading-level-2'><a class=\"ez-toc-link ez-toc-heading-2\" href=\"https:\/\/moverdb.com\/ro\/moving-companies\/moving-companies-dominican-republic\/#2_Mega_Movers\" >2. Mega Movers<\/a><\/li><li class='ez-toc-page-1 ez-toc-heading-level-2'><a class=\"ez-toc-link ez-toc-heading-3\" href=\"https:\/\/moverdb.com\/ro\/moving-companies\/moving-companies-dominican-republic\/#3_Dominican_International_Moving\" >3. Dominican International Moving<\/a><\/li><li class='ez-toc-page-1 ez-toc-heading-level-2'><a class=\"ez-toc-link ez-toc-heading-4\" href=\"https:\/\/moverdb.com\/ro\/moving-companies\/moving-companies-dominican-republic\/#4_Frank_Leo\" >4. Frank Leo<\/a><\/li><li class='ez-toc-page-1 ez-toc-heading-level-2'><a class=\"ez-toc-link ez-toc-heading-5\" href=\"https:\/\/moverdb.com\/ro\/moving-companies\/moving-companies-dominican-republic\/#5_L_G_International_Movers\" >5. L&amp;G International Movers<\/a><\/li><li class='ez-toc-page-1 ez-toc-heading-level-2'><a class=\"ez-toc-link ez-toc-heading-6\" href=\"https:\/\/moverdb.com\/ro\/moving-companies\/moving-companies-dominican-republic\/#6_Latino_Express\" >6. Latino Express<\/a><\/li><\/ul><\/nav><\/div>\n<h2><span class=\"ez-toc-section\" id=\"1_International_Packers\"><\/span><strong>1. Ambalatori interna\u021bionali<\/strong><span class=\"ez-toc-section-end\"><\/span><\/h2>\n<p><img loading=\"lazy\" decoding=\"async\" class=\"alignnone size-full wp-image-5961\" src=\"https:\/\/moverdb.com\/wp-content\/uploads\/International-Packers-international-moving-company.png\" alt=\"Ambalatori interna\u021bionali companie interna\u021bional\u0103 de mutare\" width=\"1440\" height=\"683\" data-wp-pid=\"5961\" srcset=\"https:\/\/moverdb.com\/wp-content\/uploads\/International-Packers-international-moving-company.png 1440w, https:\/\/moverdb.com\/wp-content\/uploads\/International-Packers-international-moving-company-300x142.png 300w, https:\/\/moverdb.com\/wp-content\/uploads\/International-Packers-international-moving-company-1024x486.png 1024w, https:\/\/moverdb.com\/wp-content\/uploads\/International-Packers-international-moving-company-18x9.png 18w, https:\/\/moverdb.com\/wp-content\/uploads\/International-Packers-international-moving-company-600x285.png 600w\" sizes=\"auto, (max-width: 1440px) 100vw, 1440px\" \/><\/p>\n<ul>\n<li>Mi\u0219c\u0103ri na\u021bionale<\/li>\n<li>Mut\u0103ri interna\u021bionale<\/li>\n<li>Mutarea gospod\u0103riei<\/li>\n<li>Mi\u0219c\u0103ri corporative<\/li>\n<li>Serviciu profesional de ambalare<\/li>\n<li>Asisten\u021b\u0103 vamal\u0103<\/li>\n<li>Transportul operelor de art\u0103<\/li>\n<li>Transportul animalelor de companie<\/li>\n<li>Asigurare<\/li>\n<li>Facilit\u0103\u021bi de depozitare<\/li>\n<\/ul>\n<p>International Packers este o companie de mut\u0103ri \u0219i depozitare cu sediul \u00een Santo Domingo, fondat\u0103 \u00een 1989. Ofer\u0103 servicii de mutare \u0219i relocare, inclusiv servicii specializate pentru mutarea operelor de art\u0103, transportul animalelor de companie \u0219i \u00eenchirierea de mobilier. Ei sunt membri ai IAM cu 33 de ani de serviciu \u0219i sunt acredita\u021bi de FIDI.<\/p>\n<p>International Packers ofer\u0103 un serviciu personal pentru mut\u0103ri na\u021bionale \u0219i interna\u021bionale care sunt furnizate cu agen\u021bi de mutare interna\u021bional\u0103 din \u00eentreaga lume. Ace\u0219tia ofer\u0103 un serviciu de la u\u0219\u0103 la u\u0219\u0103 care include un serviciu de ambalare profesionist pentru a v\u0103 proteja bunurile \u0219i ofer\u0103 protec\u021bie prin asigurare. De asemenea, ofer\u0103 facilit\u0103\u021bi de depozitare dac\u0103 ave\u021bi nevoie de ele.<\/p>\n<p>Site web: <a href=\"http:\/\/www.internt-packers.com.do\" target=\"_blank\" rel=\"noopener\">http:\/\/www.internt-packers.com.do<\/a><\/p>\n<h2><span class=\"ez-toc-section\" id=\"2_Mega_Movers\"><\/span><strong>2. Mega Movers<\/strong><span class=\"ez-toc-section-end\"><\/span><\/h2>\n<p><img loading=\"lazy\" decoding=\"async\" class=\"alignnone size-full wp-image-5970\" src=\"https:\/\/moverdb.com\/wp-content\/uploads\/Mega-Movers-international-moving-company.png\" alt=\"Mega Movers companie de mutare interna\u021bional\u0103\" width=\"1440\" height=\"677\" data-wp-pid=\"5970\" srcset=\"https:\/\/moverdb.com\/wp-content\/uploads\/Mega-Movers-international-moving-company.png 1440w, https:\/\/moverdb.com\/wp-content\/uploads\/Mega-Movers-international-moving-company-300x141.png 300w, https:\/\/moverdb.com\/wp-content\/uploads\/Mega-Movers-international-moving-company-1024x481.png 1024w, https:\/\/moverdb.com\/wp-content\/uploads\/Mega-Movers-international-moving-company-18x8.png 18w, https:\/\/moverdb.com\/wp-content\/uploads\/Mega-Movers-international-moving-company-600x282.png 600w\" sizes=\"auto, (max-width: 1440px) 100vw, 1440px\" \/><\/p>\n<ul>\n<li>Mi\u0219c\u0103ri na\u021bionale<\/li>\n<li>Mut\u0103ri interna\u021bionale<\/li>\n<li>Mutarea gospod\u0103riei<\/li>\n<li>Mutarea birourilor<\/li>\n<li>Specializat\u0103 \u00een mutarea echipamentelor medicale<\/li>\n<li>Servicii de ambalare<\/li>\n<li>L\u0103zi personalizate<\/li>\n<li>Echipament specializat<\/li>\n<li>Se ocup\u0103 de m\u0103rfuri supradimensionate \u0219i\/sau supraponderale<\/li>\n<li>Asigurare<\/li>\n<\/ul>\n<p>Mega Movers este o companie de logistic\u0103 de familie care opereaz\u0103 \u00een Republica Dominican\u0103, Puerto Rico \u0219i \u00een Caraibe. Ace\u0219tia ofer\u0103 servicii de montaj de utilaje, proiecte la cheie, bunuri supradimensionate\/cu greutate excesiv\u0103 \u0219i mut\u0103ri interna\u021bionale de gospod\u0103rii. De asemenea, ofer\u0103 un serviciu specializat pentru mutarea echipamentelor medicale \u00een Republica Dominican\u0103. Sunt membri ai IAM cu 3 ani de activitate.<\/p>\n<p>Mega Movers ofer\u0103 un serviciu personalizat, care include consultan\u021b\u0103 \u0219i consiliere intern\u0103. Ace\u0219tia pun la dispozi\u021bie ambalatori cu experien\u021b\u0103 \u0219i materiale de ambalare noi, inclusiv l\u0103zi personalizate pe care le confec\u021bioneaz\u0103 ei \u00een\u0219i\u0219i. De asemenea, colaboreaz\u0103 cu peste 1.000 de agen\u021bi de mut\u0103ri interna\u021bionale din \u00eentreaga lume pentru a furniza servicii \u00eempreun\u0103.<\/p>\n<p>Site web: <a href=\"http:\/\/www.megamovers.co\" target=\"_blank\" rel=\"noopener\">http:\/\/www.megamovers.co<\/a><\/p>\n<h2><span class=\"ez-toc-section\" id=\"3_Dominican_International_Moving\"><\/span><strong>3. Dominican International Moving<\/strong><span class=\"ez-toc-section-end\"><\/span><\/h2>\n<p><img loading=\"lazy\" decoding=\"async\" class=\"alignnone size-full wp-image-5939\" src=\"https:\/\/moverdb.com\/wp-content\/uploads\/Domincan-International-Moving-company.png\" alt=\"Domincan International Moving Company\" width=\"1440\" height=\"672\" data-wp-pid=\"5939\" srcset=\"https:\/\/moverdb.com\/wp-content\/uploads\/Domincan-International-Moving-company.png 1440w, https:\/\/moverdb.com\/wp-content\/uploads\/Domincan-International-Moving-company-300x140.png 300w, https:\/\/moverdb.com\/wp-content\/uploads\/Domincan-International-Moving-company-1024x478.png 1024w, https:\/\/moverdb.com\/wp-content\/uploads\/Domincan-International-Moving-company-18x8.png 18w, https:\/\/moverdb.com\/wp-content\/uploads\/Domincan-International-Moving-company-600x280.png 600w\" sizes=\"auto, (max-width: 1440px) 100vw, 1440px\" \/><\/p>\n<ul>\n<li>Mi\u0219c\u0103ri na\u021bionale<\/li>\n<li>Mut\u0103ri interna\u021bionale<\/li>\n<li>Mut\u0103ri reziden\u021biale<\/li>\n<li>Mi\u0219c\u0103ri de afaceri<\/li>\n<li>Experien\u021b\u0103 \u00een manipularea obiectelor sensibile \u0219i fragile<\/li>\n<li>Servicii de ambalare<\/li>\n<li>Asisten\u021b\u0103 vamal\u0103<\/li>\n<li>Transportul vehiculelor<\/li>\n<li>Relocarea animalelor de companie<\/li>\n<li>Facilit\u0103\u021bi de depozitare<\/li>\n<\/ul>\n<p>Dominican International Moving este un <a href=\"https:\/\/moverdb.com\/ro\/moving-companies\/\" data-internallinksmanager029f6b8e52c=\"79\" title=\"Top 25 Companii interna\u021bionale de mutare online\">companie \u00een mi\u0219care<\/a> cu sediul \u00een Santo Domingo, care ofer\u0103 mut\u0103ri \u0219i reloc\u0103ri na\u021bionale \u0219i interna\u021bionale. Ofer\u0103, de asemenea, transport de vehicule \u0219i relocarea animalelor de companie. Ei sunt membri ai IAM \u0219i au o re\u021bea de agen\u021bi califica\u021bi din \u00eentreaga lume pentru a ajuta la furnizarea de mut\u0103ri interna\u021bionale.<\/p>\n<p>Dominican International Moving ofer\u0103 solu\u021bii complete de mutare, care includ ambalarea \u00een siguran\u021b\u0103 a tuturor bunurilor dumneavoastr\u0103 cu ambalaje specializate, dezmembrarea mobilierului \u0219i \u00eentocmirea unui inventar. Ace\u0219tia se vor ocupa de transportul bunurilor dumneavoastr\u0103, se vor ocupa de cerin\u021bele vamale, le vor desc\u0103rca \u0219i vor asambla mobilierul.<\/p>\n<p>Site web: <a href=\"http:\/\/www.dim.do\/\" target=\"_blank\" rel=\"noopener\">http:\/\/www.dim.do\/<\/a><\/p>\n<h2><span class=\"ez-toc-section\" id=\"4_Frank_Leo\"><\/span><strong>4. Frank Leo<\/strong><span class=\"ez-toc-section-end\"><\/span><\/h2>\n<p><img loading=\"lazy\" decoding=\"async\" class=\"alignnone size-full wp-image-5946\" src=\"https:\/\/moverdb.com\/wp-content\/uploads\/Frank-Leo-international-moving-company.png\" alt=\"Frank Leo companie de mutare interna\u021bional\u0103\" width=\"1440\" height=\"680\" data-wp-pid=\"5946\" srcset=\"https:\/\/moverdb.com\/wp-content\/uploads\/Frank-Leo-international-moving-company.png 1440w, https:\/\/moverdb.com\/wp-content\/uploads\/Frank-Leo-international-moving-company-300x142.png 300w, https:\/\/moverdb.com\/wp-content\/uploads\/Frank-Leo-international-moving-company-1024x484.png 1024w, https:\/\/moverdb.com\/wp-content\/uploads\/Frank-Leo-international-moving-company-18x9.png 18w, https:\/\/moverdb.com\/wp-content\/uploads\/Frank-Leo-international-moving-company-600x283.png 600w\" sizes=\"auto, (max-width: 1440px) 100vw, 1440px\" \/><\/p>\n<ul>\n<li>Mi\u0219c\u0103ri na\u021bionale<\/li>\n<li>Mut\u0103ri interna\u021bionale<\/li>\n<li>Servicii de relocare<\/li>\n<li>Mutarea gospod\u0103riei<\/li>\n<li>Mut\u0103ri comerciale<\/li>\n<li>Transport terestru, maritim \u0219i aerian<\/li>\n<li>Brokeraj vamal<\/li>\n<li>Servicii suplimentare de transport pentru vehicule \u0219i animale de companie<\/li>\n<li>Asigurare<\/li>\n<li>Facilit\u0103\u021bi de depozitare<\/li>\n<\/ul>\n<p>Frank Leo este o companie de logistic\u0103 \u0219i de mut\u0103ri \u00eenfiin\u021bat\u0103 \u00een Republica Dominican\u0103 \u00een 1990. Ofer\u0103 servicii de mutare na\u021bional\u0103 \u0219i interna\u021bional\u0103, precum \u0219i servicii de relocalizare care v\u0103 sprijin\u0103 cu sfaturi locale \u0219i cu stabilirea \u00eentr-o \u021bar\u0103 nou\u0103. Ei sunt membri ai IAM cu 32 de ani de serviciu.<\/p>\n<p>Frank Leo ofer\u0103 solu\u021bii personalizate pentru persoane fizice, familii, companii \u0219i diploma\u021bi. Serviciile lor includ ambalarea tuturor bunurilor dumneavoastr\u0103, cu servicii speciale de ambalare pentru antichit\u0103\u021bi, opere de art\u0103 \u0219i ma\u0219ini. Ace\u0219tia se vor ocupa de transportul pe uscat, pe mare sau pe calea aerului \u0219i v\u0103 vor sprijini \u00een ceea ce prive\u0219te brokerajul vamal. De asemenea, ofer\u0103 servicii de asisten\u021b\u0103 pentru mutarea vehiculelor, b\u0103rcilor, avioanelor u\u0219oare, plantelor \u0219i animalelor de companie.<\/p>\n<p>Site web: <a href=\"http:\/\/www.frankleo.com\" target=\"_blank\" rel=\"noopener\">http:\/\/www.frankleo.com<\/a><\/p>\n<h2><span class=\"ez-toc-section\" id=\"5_L_G_International_Movers\"><\/span><strong>5. L&amp;G International Movers<\/strong><span class=\"ez-toc-section-end\"><\/span><\/h2>\n<p><img loading=\"lazy\" decoding=\"async\" class=\"alignnone size-full wp-image-5965\" src=\"https:\/\/moverdb.com\/wp-content\/uploads\/LG-International-Movers-company.png\" alt=\"Compania L&amp;G International Movers\" width=\"1440\" height=\"676\" data-wp-pid=\"5965\" srcset=\"https:\/\/moverdb.com\/wp-content\/uploads\/LG-International-Movers-company.png 1440w, https:\/\/moverdb.com\/wp-content\/uploads\/LG-International-Movers-company-300x141.png 300w, https:\/\/moverdb.com\/wp-content\/uploads\/LG-International-Movers-company-1024x481.png 1024w, https:\/\/moverdb.com\/wp-content\/uploads\/LG-International-Movers-company-18x8.png 18w, https:\/\/moverdb.com\/wp-content\/uploads\/LG-International-Movers-company-600x282.png 600w\" sizes=\"auto, (max-width: 1440px) 100vw, 1440px\" \/><\/p>\n<ul>\n<li>Mi\u0219c\u0103ri na\u021bionale<\/li>\n<li>Mut\u0103ri interna\u021bionale<\/li>\n<li>Mut\u0103ri reziden\u021biale<\/li>\n<li>Mi\u0219c\u0103ri de afaceri<\/li>\n<li>Op\u021biunea de autoambalare<\/li>\n<li>Servicii de ambalare<\/li>\n<li>Alegerea op\u021biunilor de transport<\/li>\n<li>V\u0103muire<\/li>\n<li>Transport auto<\/li>\n<li>Facilit\u0103\u021bi de depozitare<\/li>\n<\/ul>\n<p>L&amp;G International Movers este o companie de logistic\u0103 \u0219i servicii de mut\u0103ri interna\u021bionale cu sediul \u00een Santo Domingo. Ace\u0219tia ofer\u0103 mut\u0103ri interna\u021bionale cu ajutorul partenerilor lor, a altor firme de mut\u0103ri \u0219i expeditori din \u00eentreaga lume. Ei sunt membri ai IAM \u0219i sunt acredita\u021bi de FIDI.<\/p>\n<p>L&amp;G International Movers v\u0103 va \u00eempacheta bunurile folosind cele mai noi tehnici \u0219i materiale, sau pute\u021bi alege s\u0103 v\u0103 \u00eempacheta\u021bi singur. Ofer\u0103 o gam\u0103 variat\u0103 de servicii de transport, care includ transportul aerian \u0219i maritim, inclusiv metode mai economice, cum ar fi transportul \u00een grup, prin care v\u0103 pute\u021bi combina transportul cu altele. De asemenea, v\u0103 vor ajuta \u0219i la v\u0103muire.<\/p>\n<p>Site web: <a href=\"http:\/\/www.lginternationalmovers.com\" target=\"_blank\" rel=\"noopener\">http:\/\/www.lginternationalmovers.com<\/a><\/p>\n<h2><span class=\"ez-toc-section\" id=\"6_Latino_Express\"><\/span><strong>6. Latino Express<\/strong><span class=\"ez-toc-section-end\"><\/span><\/h2>\n<p><img loading=\"lazy\" decoding=\"async\" class=\"alignnone size-full wp-image-5967\" src=\"https:\/\/moverdb.com\/wp-content\/uploads\/Latino-Express-international-moving-company.png\" alt=\"Latino Express companie de mut\u0103ri interna\u021bionale\" width=\"1440\" height=\"665\" data-wp-pid=\"5967\" srcset=\"https:\/\/moverdb.com\/wp-content\/uploads\/Latino-Express-international-moving-company.png 1440w, https:\/\/moverdb.com\/wp-content\/uploads\/Latino-Express-international-moving-company-300x139.png 300w, https:\/\/moverdb.com\/wp-content\/uploads\/Latino-Express-international-moving-company-1024x473.png 1024w, https:\/\/moverdb.com\/wp-content\/uploads\/Latino-Express-international-moving-company-18x8.png 18w, https:\/\/moverdb.com\/wp-content\/uploads\/Latino-Express-international-moving-company-600x277.png 600w\" sizes=\"auto, (max-width: 1440px) 100vw, 1440px\" \/><\/p>\n<ul>\n<li>Mut\u0103ri na\u021bionale<\/li>\n<li>Mut\u0103ri interna\u021bionale<\/li>\n<li>Reloc\u0103ri<\/li>\n<li>Mutarea gospod\u0103riilor<\/li>\n<li>Mut\u0103ri corporative<\/li>\n<li>Servicii de ambalare<\/li>\n<li>Personal cu preg\u0103tire profesional\u0103<\/li>\n<li>Brokerii vamali<\/li>\n<li>Transportul terestru, maritim \u0219i aerian<\/li>\n<li>Solu\u021bii de depozitare securizate<\/li>\n<\/ul>\n<p>Latino Express este o companie de transport de marf\u0103 \u0219i mut\u0103ri fondat\u0103 \u00een 1979, care ofer\u0103 servicii de mut\u0103ri na\u021bionale \u0219i interna\u021bionale, precum \u0219i servicii de relocalizare. Ei lucreaz\u0103 cu o re\u021bea de companii de mut\u0103ri interna\u021bionale pentru a ajuta la furnizarea de servicii de relocare \u00een \u00eentreaga lume. Ei sunt membri ai IAM cu 43 de ani de serviciu.<\/p>\n<p>Latino Express ofer\u0103 un serviciu profesionist de mutare care include mut\u0103ri de gospod\u0103rie \u0219i corporative. Ace\u0219tia ofer\u0103 un serviciu de ambalare asigurat de personal calificat care v\u0103 va proteja bunurile \u0219i vor aranja transportul pe uscat, pe mare sau pe calea aerului \u0219i v\u0103 vor oferi asisten\u021b\u0103 \u00een ceea ce prive\u0219te formalit\u0103\u021bile vamale. De asemenea, ofer\u0103 solu\u021bii de depozitare securizat\u0103, dac\u0103 ave\u021bi nevoie.<\/p>\n<p>Site web: <a href=\"http:\/\/www.latinoexpress.com.do\" target=\"_blank\" rel=\"noopener\">http:\/\/www.latinoexpress.com.do<\/a><\/p>","protected":false},"excerpt":{"rendered":"<p>If you are moving home or relocating your business in the Dominican Republic, or to or from the Dominican Republic, you might be looking for some assistance. A moving or relocation company could help ease your move and take away some of the stress. Below we have compiled a list of Dominican Republic removal companies [&hellip;]<\/p>\n","protected":false},"author":4,"featured_media":0,"parent":190,"menu_order":0,"comment_status":"closed","ping_status":"closed","template":"","meta":{"_genesis_hide_title":false,"_genesis_hide_breadcrumbs":false,"_genesis_hide_singular_image":false,"_genesis_hide_footer_widgets":false,"_genesis_custom_body_class":"","_genesis_custom_post_class":"","_genesis_layout":"","footnotes":""},"class_list":{"0":"post-6036","1":"page","2":"type-page","3":"status-publish","5":"entry","6":"has-post-thumbnail"},"_links":{"self":[{"href":"https:\/\/moverdb.com\/ro\/wp-json\/wp\/v2\/pages\/6036","targetHints":{"allow":["GET"]}}],"collection":[{"href":"https:\/\/moverdb.com\/ro\/wp-json\/wp\/v2\/pages"}],"about":[{"href":"https:\/\/moverdb.com\/ro\/wp-json\/wp\/v2\/types\/page"}],"author":[{"embeddable":true,"href":"https:\/\/moverdb.com\/ro\/wp-json\/wp\/v2\/users\/4"}],"replies":[{"embeddable":true,"href":"https:\/\/moverdb.com\/ro\/wp-json\/wp\/v2\/comments?post=6036"}],"version-history":[{"count":1,"href":"https:\/\/moverdb.com\/ro\/wp-json\/wp\/v2\/pages\/6036\/revisions"}],"predecessor-version":[{"id":6037,"href":"https:\/\/moverdb.com\/ro\/wp-json\/wp\/v2\/pages\/6036\/revisions\/6037"}],"up":[{"embeddable":true,"href":"https:\/\/moverdb.com\/ro\/wp-json\/wp\/v2\/pages\/190"}],"wp:attachment":[{"href":"https:\/\/moverdb.com\/ro\/wp-json\/wp\/v2\/media?parent=6036"}],"curies":[{"name":"wp","href":"https:\/\/api.w.org\/{rel}","templated":true}]}}