{"id":6026,"date":"2023-02-01T13:47:16","date_gmt":"2023-02-01T13:47:16","guid":{"rendered":"https:\/\/moverdb.com\/?page_id=6026"},"modified":"2026-01-08T15:29:04","modified_gmt":"2026-01-08T15:29:04","slug":"companii-de-mutare-republica-ceha","status":"publish","type":"page","link":"https:\/\/moverdb.com\/ro\/moving-companies\/moving-companies-czech-republic\/","title":{"rendered":"5 Cele mai bune companii de mut\u0103ri interna\u021bionale din Republica Ceh\u0103"},"content":{"rendered":"<p>Mutarea poate fi un moment stresant, motiv pentru care mul\u021bi oameni caut\u0103 asisten\u021ba unui <a href=\"https:\/\/moverdb.com\/ro\/moving-companies\/\" data-internallinksmanager029f6b8e52c=\"79\" title=\"Top 25 Companii interna\u021bionale de mutare online\">companie \u00een mi\u0219care<\/a> pentru a u\u0219ura povara. Fie c\u0103 v\u0103 muta\u021bi pe dumneavoastr\u0103 sau afacerea dumneavoastr\u0103 la nivel local sau interna\u021bional, exist\u0103 o companie care v\u0103 poate ajuta. Mai jos am compilat o list\u0103 de <a href=\"https:\/\/moverdb.com\/ro\/moving-to-the-czech-republic\/\" data-internallinksmanager029f6b8e52c=\"391\" title=\"V\u0103 muta\u021bi \u00een Republica Ceh\u0103? 2026 Costurile vie\u021bii \u0219i sfaturi de relocare\">Republica Ceh\u0103<\/a> <a href=\"https:\/\/moverdb.com\/ro\/international-removals\/\" data-internallinksmanager029f6b8e52c=\"27\" title=\"36 Cele mai bune companii de mut\u0103ri interna\u021bionale din Marea Britanie\">companii de mutare<\/a> care sunt membri ai grupului <a href=\"https:\/\/moverdb.com\/ro\/iam\/\" data-internallinksmanager029f6b8e52c=\"23\" title=\"Explica\u021bii despre Asocia\u021bia Interna\u021bional\u0103 a Transportatorilor (IAM)\">Asocia\u021bia Interna\u021bional\u0103 a Transportatorilor<\/a> (IAM) \u0219i\/sau <a href=\"https:\/\/moverdb.com\/ro\/fidi-faim\/\" data-internallinksmanager029f6b8e52c=\"16\" title=\"FIDI &amp; FAIM (FIDI Accredited International Mover) Explicat\">FIDI<\/a> Accredited International Mover (FAIM) care v\u0103 poate ajuta.<\/p>\n<div id=\"ez-toc-container\" class=\"ez-toc-v2_0_82_2 ez-toc-wrap-left counter-hierarchy ez-toc-counter ez-toc-transparent ez-toc-container-direction\">\n<div class=\"ez-toc-title-container\">\n<p class=\"ez-toc-title\" style=\"cursor:inherit\">Sec\u021biuni<\/p>\n<span class=\"ez-toc-title-toggle\"><a href=\"#\" class=\"ez-toc-pull-right ez-toc-btn ez-toc-btn-xs ez-toc-btn-default ez-toc-toggle\" aria-label=\"Comuta\u021bi tabelul de con\u021binut\"><span class=\"ez-toc-js-icon-con\"><span class=\"\"><span class=\"eztoc-hide\" style=\"display:none;\">Toggle<\/span><span class=\"ez-toc-icon-toggle-span\"><svg style=\"fill: #999;color:#999\" xmlns=\"http:\/\/www.w3.org\/2000\/svg\" class=\"list-377408\" width=\"20px\" height=\"20px\" viewbox=\"0 0 24 24\" fill=\"none\"><path d=\"M6 6H4v2h2V6zm14 0H8v2h12V6zM4 11h2v2H4v-2zm16 0H8v2h12v-2zM4 16h2v2H4v-2zm16 0H8v2h12v-2z\" fill=\"currentColor\"><\/path><\/svg><svg style=\"fill: #999;color:#999\" class=\"arrow-unsorted-368013\" xmlns=\"http:\/\/www.w3.org\/2000\/svg\" width=\"10px\" height=\"10px\" viewbox=\"0 0 24 24\" version=\"1.2\" baseprofile=\"tiny\"><path d=\"M18.2 9.3l-6.2-6.3-6.2 6.3c-.2.2-.3.4-.3.7s.1.5.3.7c.2.2.4.3.7.3h11c.3 0 .5-.1.7-.3.2-.2.3-.5.3-.7s-.1-.5-.3-.7zM5.8 14.7l6.2 6.3 6.2-6.3c.2-.2.3-.5.3-.7s-.1-.5-.3-.7c-.2-.2-.4-.3-.7-.3h-11c-.3 0-.5.1-.7.3-.2.2-.3.5-.3.7s.1.5.3.7z\"\/><\/svg><\/span><\/span><\/span><\/a><\/span><\/div>\n<nav><ul class='ez-toc-list ez-toc-list-level-1 eztoc-toggle-hide-by-default' ><li class='ez-toc-page-1 ez-toc-heading-level-2'><a class=\"ez-toc-link ez-toc-heading-1\" href=\"https:\/\/moverdb.com\/ro\/moving-companies\/moving-companies-czech-republic\/#1_Santa_Fe_Relocation\" >1. Relocarea Santa Fe<\/a><\/li><li class='ez-toc-page-1 ez-toc-heading-level-2'><a class=\"ez-toc-link ez-toc-heading-2\" href=\"https:\/\/moverdb.com\/ro\/moving-companies\/moving-companies-czech-republic\/#2_Voerman_International\" >2. Voerman International<\/a><\/li><li class='ez-toc-page-1 ez-toc-heading-level-2'><a class=\"ez-toc-link ez-toc-heading-3\" href=\"https:\/\/moverdb.com\/ro\/moving-companies\/moving-companies-czech-republic\/#3_Gosselin\" >3. Gosselin<\/a><\/li><li class='ez-toc-page-1 ez-toc-heading-level-2'><a class=\"ez-toc-link ez-toc-heading-4\" href=\"https:\/\/moverdb.com\/ro\/moving-companies\/moving-companies-czech-republic\/#4_KAE_International_Movers\" >4. KAE International Movers<\/a><\/li><li class='ez-toc-page-1 ez-toc-heading-level-2'><a class=\"ez-toc-link ez-toc-heading-5\" href=\"https:\/\/moverdb.com\/ro\/moving-companies\/moving-companies-czech-republic\/#5_Fenix_Shipping\" >5. Fenix Shipping<\/a><\/li><li class='ez-toc-page-1 ez-toc-heading-level-2'><a class=\"ez-toc-link ez-toc-heading-6\" href=\"https:\/\/moverdb.com\/ro\/moving-companies\/moving-companies-czech-republic\/#Other_Useful_Guides_to_the_Czech_Republic\" >Alte ghiduri utile pentru Republica Ceh\u0103<\/a><\/li><\/ul><\/nav><\/div>\n<h2><span class=\"ez-toc-section\" id=\"1_Santa_Fe_Relocation\"><\/span><strong>1. Relocarea Santa Fe<\/strong><span class=\"ez-toc-section-end\"><\/span><\/h2>\n<p><img loading=\"lazy\" decoding=\"async\" class=\"alignnone size-full wp-image-6030\" src=\"https:\/\/moverdb.com\/wp-content\/uploads\/Santa-Fe-Relocation-Prague-international-moving-company.png\" alt=\"Santa Fe Relocation Praga companie de mutare interna\u021bional\u0103\" width=\"1440\" height=\"683\" data-wp-pid=\"6030\" srcset=\"https:\/\/moverdb.com\/wp-content\/uploads\/Santa-Fe-Relocation-Prague-international-moving-company.png 1440w, https:\/\/moverdb.com\/wp-content\/uploads\/Santa-Fe-Relocation-Prague-international-moving-company-300x142.png 300w, https:\/\/moverdb.com\/wp-content\/uploads\/Santa-Fe-Relocation-Prague-international-moving-company-1024x486.png 1024w, https:\/\/moverdb.com\/wp-content\/uploads\/Santa-Fe-Relocation-Prague-international-moving-company-18x9.png 18w, https:\/\/moverdb.com\/wp-content\/uploads\/Santa-Fe-Relocation-Prague-international-moving-company-600x285.png 600w\" sizes=\"auto, (max-width: 1440px) 100vw, 1440px\" \/><\/p>\n<ul>\n<li>Mut\u0103ri locale<\/li>\n<li>Mut\u0103ri interna\u021bionale<\/li>\n<li>Mutarea gospod\u0103riei<\/li>\n<li>Reloc\u0103ri corporative<\/li>\n<li>Serviciul de ambalare folosind materiale de \u00eenalt\u0103 calitate<\/li>\n<li>Transport terestru, aerian sau maritim<\/li>\n<li>V\u0103muire<\/li>\n<li>Asisten\u021b\u0103 \u00een materie de vize \u0219i imigra\u021bie<\/li>\n<li>Transportul animalelor de companie \u0219i al vehiculelor<\/li>\n<li>Facilit\u0103\u021bi de depozitare pe termen scurt \u0219i lung<\/li>\n<\/ul>\n<p>Santa Fe Relocation este o companie interna\u021bional\u0103 de mut\u0103ri \u0219i reloc\u0103ri cu birouri \u00een \u021b\u0103ri cheie. \u0218i-a deschis biroul din Praga \u00een 1992, oferind at\u00e2t reloc\u0103ri reziden\u021biale, c\u00e2t \u0219i corporative. Este membru al IAM cu 30 de ani de activitate \u0219i este acreditat de FIDI.<\/p>\n<p>Santa Fe Relocation ofer\u0103 o consulta\u021bie la fa\u021ba locului \u00eenainte de mutare pentru a v\u0103 evalua nevoile. Ace\u0219tia ofer\u0103 un serviciu profesionist de ambalare, inclusiv catalogarea tuturor lucrurilor \u0219i utilizarea celor mai bune materiale \u0219i tehnici de ambalare. Ace\u0219tia vor aranja transportul terestru, aerian sau maritim cu v\u0103muire. Ofer\u0103 servicii suplimentare, inclusiv asigurare, depozitare, c\u0103ut\u0103ri de case \u0219i \u0219coli, servicii de instalare, transport de animale de companie \u0219i vehicule.<\/p>\n<p>Site web: <a href=\"https:\/\/www.santaferelo.com\/en\/contact\/our-offices\/czech-republic-prague\/\" target=\"_blank\" rel=\"noopener\">https:\/\/www.santaferelo.com\/en\/contact\/our-offices\/czech-republic-prague\/<\/a><\/p>\n<h2><span class=\"ez-toc-section\" id=\"2_Voerman_International\"><\/span><strong>2. Voerman International<\/strong><span class=\"ez-toc-section-end\"><\/span><\/h2>\n<p><img loading=\"lazy\" decoding=\"async\" class=\"alignnone size-full wp-image-6011\" src=\"https:\/\/moverdb.com\/wp-content\/uploads\/Voerman-international-moving-company.png\" alt=\"Voerman companie de mutare interna\u021bional\u0103\" width=\"1440\" height=\"683\" data-wp-pid=\"6011\" srcset=\"https:\/\/moverdb.com\/wp-content\/uploads\/Voerman-international-moving-company.png 1440w, https:\/\/moverdb.com\/wp-content\/uploads\/Voerman-international-moving-company-300x142.png 300w, https:\/\/moverdb.com\/wp-content\/uploads\/Voerman-international-moving-company-1024x486.png 1024w, https:\/\/moverdb.com\/wp-content\/uploads\/Voerman-international-moving-company-18x9.png 18w, https:\/\/moverdb.com\/wp-content\/uploads\/Voerman-international-moving-company-600x285.png 600w\" sizes=\"auto, (max-width: 1440px) 100vw, 1440px\" \/><\/p>\n<ul>\n<li>Mi\u0219c\u0103ri na\u021bionale<\/li>\n<li>Mut\u0103ri interna\u021bionale<\/li>\n<li>Servicii de relocare<\/li>\n<li>Asisten\u021b\u0103 \u00een materie de imigra\u021bie \u0219i vize<\/li>\n<li>Asisten\u021b\u0103 \u00een g\u0103sirea unei case \u0219i a unei \u0219coli<\/li>\n<li>Transportul vehiculelor<\/li>\n<li>Relocarea animalelor de companie<\/li>\n<li>Asigurare<\/li>\n<li>Depozitare pe termen scurt sau lung<\/li>\n<li>Mut\u0103ri durabile \u00eencep\u00e2nd cu februarie 2023<\/li>\n<\/ul>\n<p>Voerman International este o companie de mut\u0103ri \u0219i reloc\u0103ri care activeaz\u0103 din 1986, cu birouri \u00een <a href=\"https:\/\/moverdb.com\/ro\/moving-to-the-netherlands\/\" data-internallinksmanager029f6b8e52c=\"328\" title=\"V\u0103 muta\u021bi \u00een Olanda? 2026 Costurile vie\u021bii \u0219i sfaturi de relocare\">Olanda<\/a>, Rusia, Republica Ceh\u0103 \u0219i <a href=\"https:\/\/moverdb.com\/ro\/moving-to-poland\/\" data-internallinksmanager029f6b8e52c=\"378\" title=\"V\u0103 muta\u021bi \u00een Polonia? 2026 Costurile de trai \u0219i sfaturi de relocare\">Polonia<\/a>. Acestea colaboreaz\u0103 cu alte agen\u021bii interna\u021bionale de mut\u0103ri pentru a furniza servicii \u00een \u00eentreaga lume. Sunt membri ai IAM, cu 26 de ani de activitate, membri ai <a href=\"https:\/\/moverdb.com\/ro\/harmony-relocation-network\/\" data-internallinksmanager029f6b8e52c=\"20\" title=\"Explica\u021bii despre re\u021beaua Harmony Relocation Network (HRN)\">Re\u021beaua de relocare Harmony<\/a> \u0219i sunt acreditate de FIDI.<\/p>\n<p>Voerman International ofer\u0103 un serviciu complet care include servicii pre \u0219i post-servicii, cum ar fi servicii de plecare, completarea documentelor, asisten\u021b\u0103 pentru imigrare \u0219i vize. Ofer\u0103, de asemenea, servicii de instalare, asisten\u021b\u0103 pentru g\u0103sirea unei case \u0219i a unei \u0219coli, servicii de menaj, instruire cultural\u0103 \u0219i lingvistic\u0103.<\/p>\n<p>Site web: <a href=\"https:\/\/www.voerman.com\/\" target=\"_blank\" rel=\"noopener\">https:\/\/www.voerman.com\/<\/a><\/p>\n<h2><span class=\"ez-toc-section\" id=\"3_Gosselin\"><\/span><strong>3. Gosselin<\/strong><span class=\"ez-toc-section-end\"><\/span><\/h2>\n<p><img loading=\"lazy\" decoding=\"async\" class=\"alignnone size-full wp-image-5954\" src=\"https:\/\/moverdb.com\/wp-content\/uploads\/Gosselin-Czech-Republic-international-moving-company.png\" alt=\"Gosselin Republica Ceh\u0103 companie de mut\u0103ri interna\u021bionale\" width=\"1440\" height=\"682\" data-wp-pid=\"5954\" srcset=\"https:\/\/moverdb.com\/wp-content\/uploads\/Gosselin-Czech-Republic-international-moving-company.png 1440w, https:\/\/moverdb.com\/wp-content\/uploads\/Gosselin-Czech-Republic-international-moving-company-300x142.png 300w, https:\/\/moverdb.com\/wp-content\/uploads\/Gosselin-Czech-Republic-international-moving-company-1024x485.png 1024w, https:\/\/moverdb.com\/wp-content\/uploads\/Gosselin-Czech-Republic-international-moving-company-18x9.png 18w, https:\/\/moverdb.com\/wp-content\/uploads\/Gosselin-Czech-Republic-international-moving-company-600x284.png 600w\" sizes=\"auto, (max-width: 1440px) 100vw, 1440px\" \/><\/p>\n<ul>\n<li>Mut\u0103ri interna\u021bionale<\/li>\n<li>Servicii de relocare<\/li>\n<li>Mutarea gospod\u0103riei<\/li>\n<li>Mutarea birourilor<\/li>\n<li>Serviciu de ambalare folosind materiale premium<\/li>\n<li>Transport terestru sau maritim<\/li>\n<li>Transportul artelor plastice<\/li>\n<li>Relocarea animalelor de companie<\/li>\n<li>Transportul vehiculelor<\/li>\n<li>Facilit\u0103\u021bi de depozitare<\/li>\n<\/ul>\n<p>Gosselin este un furnizor de servicii de mut\u0103ri interna\u021bionale cu birouri \u00een toat\u0103 Europa, inclusiv \u00een Praga, care a fost \u00eenfiin\u021bat \u00een 1992. De asemenea, Gosselin are o re\u021bea de parteneriat \u00een \u00eentreaga lume pentru a oferi servicii de mut\u0103ri interna\u021bionale. Gosselin este membru al IAM, cu o vechime de 30 de ani.<\/p>\n<p>Gosselin ofer\u0103 un serviciu de mutare cu experien\u021b\u0103 care poate muta obiecte de uz casnic, birouri, autovehicule, animale de companie \u0219i obiecte de art\u0103 \u00een \u0219i din Republica Ceh\u0103. Ace\u0219tia v\u0103 vor \u00eempacheta bunurile la un standard ridicat, folosind materiale de \u00eempachetare de calitate superioar\u0103. Ace\u0219tia vor aranja transportul pe uscat sau pe mare p\u00e2n\u0103 la destina\u021bie. Ace\u0219tia ofer\u0103 servicii pentru persoane fizice, companii, diploma\u021bi \u0219i ambasade.<\/p>\n<p>Site web: <a href=\"https:\/\/gosselin-moving.com\/en\/czech-republic\" target=\"_blank\" rel=\"noopener\">https:\/\/gosselin-moving.com\/en\/czech-republic<\/a><\/p>\n<h2><span class=\"ez-toc-section\" id=\"4_KAE_International_Movers\"><\/span><strong>4. KAE International Movers<\/strong><span class=\"ez-toc-section-end\"><\/span><\/h2>\n<p><img loading=\"lazy\" decoding=\"async\" class=\"alignnone size-full wp-image-6028\" src=\"https:\/\/moverdb.com\/wp-content\/uploads\/KAE-International-Movers-international-moving-company.png\" alt=\"KAE International Movers companie de mutare interna\u021bional\u0103\" width=\"1440\" height=\"681\" data-wp-pid=\"6028\" srcset=\"https:\/\/moverdb.com\/wp-content\/uploads\/KAE-International-Movers-international-moving-company.png 1440w, https:\/\/moverdb.com\/wp-content\/uploads\/KAE-International-Movers-international-moving-company-300x142.png 300w, https:\/\/moverdb.com\/wp-content\/uploads\/KAE-International-Movers-international-moving-company-1024x484.png 1024w, https:\/\/moverdb.com\/wp-content\/uploads\/KAE-International-Movers-international-moving-company-18x9.png 18w, https:\/\/moverdb.com\/wp-content\/uploads\/KAE-International-Movers-international-moving-company-600x284.png 600w\" sizes=\"auto, (max-width: 1440px) 100vw, 1440px\" \/><\/p>\n<ul>\n<li>Mi\u0219c\u0103ri na\u021bionale<\/li>\n<li>Mut\u0103ri interna\u021bionale<\/li>\n<li>Mutarea gospod\u0103riei<\/li>\n<li>Mutarea birourilor<\/li>\n<li>Servicii de ambalare<\/li>\n<li>Asisten\u021b\u0103 vamal\u0103<\/li>\n<li>Asigurare<\/li>\n<li>Transportul artelor plastice<\/li>\n<li>Transportul vehiculelor<\/li>\n<li>Solu\u021bii de depozitare<\/li>\n<\/ul>\n<p>KAE International Movers este un furnizor de servicii de mutare \u0219i relocare care are birouri \u00een Republica Ceh\u0103 \u0219i \u00een Republica Moldova. <a href=\"https:\/\/moverdb.com\/ro\/moving-to-greece\/\" data-internallinksmanager029f6b8e52c=\"353\" title=\"V\u0103 muta\u021bi \u00een Grecia? 2026 Costurile de trai \u0219i sfaturi de relocare\">Grecia<\/a>. Ace\u0219tia colaboreaz\u0103 cu agen\u021bii de mut\u0103ri interna\u021bionale pentru a-\u0219i furniza serviciile \u00een \u00eentreaga lume. Sunt membri ai IAM cu 8 ani de activitate.<\/p>\n<p>KAE International Movers ofer\u0103 un studiu ini\u021bial pentru a evalua nevoile dumneavoastr\u0103 de mutare \u0219i pentru a crea o ofert\u0103. Ace\u0219tia ofer\u0103 un serviciu profesionist de ambalare a locuin\u021belor \u0219i birourilor, care le va proteja \u0219i le va eticheta pentru transportul pe uscat, pe calea aerului sau pe mare. Ei v\u0103 vor asista cu v\u0103muirea \u0219i documentele vamale. Ofer\u0103, de asemenea, servicii specializate de transport pentru arte frumoase \u0219i vehicule.<\/p>\n<p>Site web: <a href=\"http:\/\/www.kaeintlmovers.com\" target=\"_blank\" rel=\"noopener\">http:\/\/www.kaeintlmovers.com<\/a><\/p>\n<h2><span class=\"ez-toc-section\" id=\"5_Fenix_Shipping\"><\/span><strong>5. Fenix Shipping<\/strong><span class=\"ez-toc-section-end\"><\/span><\/h2>\n<p><img loading=\"lazy\" decoding=\"async\" class=\"alignnone size-full wp-image-6027\" src=\"https:\/\/moverdb.com\/wp-content\/uploads\/Fenix-Shipping-international-moving-company.png\" alt=\"Fenix Shipping companie de transport interna\u021bional \u00een mi\u0219care\" width=\"1440\" height=\"683\" data-wp-pid=\"6027\" srcset=\"https:\/\/moverdb.com\/wp-content\/uploads\/Fenix-Shipping-international-moving-company.png 1440w, https:\/\/moverdb.com\/wp-content\/uploads\/Fenix-Shipping-international-moving-company-300x142.png 300w, https:\/\/moverdb.com\/wp-content\/uploads\/Fenix-Shipping-international-moving-company-1024x486.png 1024w, https:\/\/moverdb.com\/wp-content\/uploads\/Fenix-Shipping-international-moving-company-18x9.png 18w, https:\/\/moverdb.com\/wp-content\/uploads\/Fenix-Shipping-international-moving-company-600x285.png 600w\" sizes=\"auto, (max-width: 1440px) 100vw, 1440px\" \/><\/p>\n<ul>\n<li>Mi\u0219c\u0103ri na\u021bionale<\/li>\n<li>Mut\u0103ri interna\u021bionale<\/li>\n<li>Servicii de relocare<\/li>\n<li>Mutarea gospod\u0103riei<\/li>\n<li>Serviciul de ambalare<\/li>\n<li>Rutier, maritim \u0219i aerian<\/li>\n<li>Asisten\u021b\u0103 vamal\u0103<\/li>\n<li>Servicii de cur\u0103\u021benie<\/li>\n<li>Transportul animalelor de companie<\/li>\n<li>Facilit\u0103\u021bi de depozitare pe termen scurt \u0219i lung<\/li>\n<\/ul>\n<p>Fenix Shipping este un furnizor interna\u021bional de servicii de mutare cu sediul \u00een Praga, care ofer\u0103 servicii de mutare \u00een Republica Ceh\u0103 \u0219i din \u0219i spre Republica Ceh\u0103. Ace\u0219tia lucreaz\u0103 cu parteneri din \u00eentreaga lume pentru a-\u0219i oferi serviciile interna\u021bionale. Ei sunt membri ai IAM cu 7 ani de serviciu.<\/p>\n<p>Fenix Shipping ofer\u0103 un serviciu complet de mutare care include servicii de ambalare pentru a v\u0103 proteja bunurile, v\u0103 va \u00eenc\u0103rca bunurile \u0219i va aranja transportul pe uscat, pe mare sau pe calea aerului. De asemenea, organizeaz\u0103 servicii vamale \u0219i documente pentru a v\u0103 sprijini mutarea. Serviciile lor de mutare v\u0103 ajut\u0103, de asemenea, cu cur\u0103\u021benia \u0219i \u00eenchirierea de ma\u0219ini.<\/p>\n<p>Site web: <a href=\"http:\/\/www.fenixshipping.cz\" target=\"_blank\" rel=\"noopener\">http:\/\/www.fenixshipping.cz<\/a><\/p>\n<h2><span class=\"ez-toc-section\" id=\"Other_Useful_Guides_to_the_Czech_Republic\"><\/span>Alte ghiduri utile pentru Republica Ceh\u0103<span class=\"ez-toc-section-end\"><\/span><\/h2>\n<ul>\n<li> <a href=\"https:\/\/moverdb.com\/ro\/moving-to-the-czech-republic\/\">V\u0103 muta\u021bi \u00een Republica Ceh\u0103? 2026 Costurile vie\u021bii \u0219i sfaturi de relocare<\/a><\/li>\n<li> <a href=\"https:\/\/moverdb.com\/ro\/moving-to-the-czech-republic\/best-places-to-live-in-czech-republic\/\">12 Cele mai bune locuri de locuit \u00een Republica Ceh\u0103<\/a><\/li>\n<li> <a href=\"https:\/\/moverdb.com\/ro\/?page_id=9648&#038;preview=true\">21 de secrete despre via\u021ba \u00een Republica Ceh\u0103 pe care trebuie s\u0103 le \u0219tii \u00eenainte de a te muta<\/a><\/li>\n<li> <a href=\"https:\/\/moverdb.com\/ro\/transport-maritim-de-containere\/republica-ceha\/\">2024 Tarife de transport maritim de marf\u0103 \u00een containere c\u0103tre \u0219i din Republica Ceh\u0103<\/a><\/li>\n<\/ul>","protected":false},"excerpt":{"rendered":"<p>Moving can be a stressful time which is why many people seek the assistance of a moving company to help ease the burden. Whether you are moving yourself or your business locally or internationally, there is a company that can help. Below we have compiled a list of Czech Republic removal companies that are members [&hellip;]<\/p>\n","protected":false},"author":4,"featured_media":0,"parent":190,"menu_order":0,"comment_status":"closed","ping_status":"closed","template":"","meta":{"_genesis_hide_title":false,"_genesis_hide_breadcrumbs":false,"_genesis_hide_singular_image":false,"_genesis_hide_footer_widgets":false,"_genesis_custom_body_class":"","_genesis_custom_post_class":"","_genesis_layout":"","footnotes":""},"class_list":{"0":"post-6026","1":"page","2":"type-page","3":"status-publish","5":"entry","6":"has-post-thumbnail"},"_links":{"self":[{"href":"https:\/\/moverdb.com\/ro\/wp-json\/wp\/v2\/pages\/6026","targetHints":{"allow":["GET"]}}],"collection":[{"href":"https:\/\/moverdb.com\/ro\/wp-json\/wp\/v2\/pages"}],"about":[{"href":"https:\/\/moverdb.com\/ro\/wp-json\/wp\/v2\/types\/page"}],"author":[{"embeddable":true,"href":"https:\/\/moverdb.com\/ro\/wp-json\/wp\/v2\/users\/4"}],"replies":[{"embeddable":true,"href":"https:\/\/moverdb.com\/ro\/wp-json\/wp\/v2\/comments?post=6026"}],"version-history":[{"count":4,"href":"https:\/\/moverdb.com\/ro\/wp-json\/wp\/v2\/pages\/6026\/revisions"}],"predecessor-version":[{"id":16359,"href":"https:\/\/moverdb.com\/ro\/wp-json\/wp\/v2\/pages\/6026\/revisions\/16359"}],"up":[{"embeddable":true,"href":"https:\/\/moverdb.com\/ro\/wp-json\/wp\/v2\/pages\/190"}],"wp:attachment":[{"href":"https:\/\/moverdb.com\/ro\/wp-json\/wp\/v2\/media?parent=6026"}],"curies":[{"name":"wp","href":"https:\/\/api.w.org\/{rel}","templated":true}]}}