{"id":6024,"date":"2023-02-01T12:30:48","date_gmt":"2023-02-01T12:30:48","guid":{"rendered":"https:\/\/moverdb.com\/?page_id=6024"},"modified":"2026-01-08T15:23:41","modified_gmt":"2026-01-08T15:23:41","slug":"moving-companies-in-cyprus","status":"publish","type":"page","link":"https:\/\/moverdb.com\/ro\/moving-companies\/moving-companies-in-cyprus\/","title":{"rendered":"2 Cele mai bune companii de mutare interna\u021bional\u0103 \u00een Cipru"},"content":{"rendered":"<p>Dac\u0103 v\u0103 muta\u021bi acas\u0103 \u00een <a href=\"https:\/\/moverdb.com\/ro\/moving-to-cyprus\/\" data-internallinksmanager029f6b8e52c=\"377\" title=\"Mutarea \u00een Cipru? 2026 Costurile de trai \u0219i sfaturi de relocare\">Cipru<\/a>sau care se mut\u0103 \u00een sau din Cipru, s-ar putea s\u0103 dori\u021bi ajutor pentru mutarea dvs. de la o firm\u0103 de mut\u0103ri sau de la o firm\u0103 de asigur\u0103ri. <a href=\"https:\/\/moverdb.com\/ro\/relocation-agents\/\" data-internallinksmanager029f6b8e52c=\"1\" title=\"7 Motive pentru care ar trebui s\u0103 folosi\u021bi un agent de relocare?\">agent de relocare<\/a> care poate elimina o parte din stres. Mai jos am \u00eentocmit o list\u0103 cu Cipru <a href=\"https:\/\/moverdb.com\/ro\/international-removals\/\" data-internallinksmanager029f6b8e52c=\"27\" title=\"36 Cele mai bune companii de mut\u0103ri interna\u021bionale din Marea Britanie\">companii de mutare<\/a> care sunt membri ai grupului <a href=\"https:\/\/moverdb.com\/ro\/iam\/\" data-internallinksmanager029f6b8e52c=\"23\" title=\"Explica\u021bii despre Asocia\u021bia Interna\u021bional\u0103 a Transportatorilor (IAM)\">Asocia\u021bia Interna\u021bional\u0103 a Transportatorilor<\/a> (IAM) \u0219i\/sau <a href=\"https:\/\/moverdb.com\/ro\/fidi-faim\/\" data-internallinksmanager029f6b8e52c=\"16\" title=\"FIDI &amp; FAIM (FIDI Accredited International Mover) Explicat\">FIDI<\/a> Accredited International Mover (FAIM) care v\u0103 poate ajuta.<\/p>\n<h2><strong>1. Columbia Worldwide Movers<\/strong><\/h2>\n<p><img loading=\"lazy\" decoding=\"async\" class=\"alignnone size-full wp-image-5936\" src=\"https:\/\/moverdb.com\/wp-content\/uploads\/Columbia-Worldwide-Movers-international-moving-company.png\" alt=\"Columbia Worldwide Movers companie de mutare interna\u021bional\u0103\" width=\"1440\" height=\"682\" data-wp-pid=\"5936\" srcset=\"https:\/\/moverdb.com\/wp-content\/uploads\/Columbia-Worldwide-Movers-international-moving-company.png 1440w, https:\/\/moverdb.com\/wp-content\/uploads\/Columbia-Worldwide-Movers-international-moving-company-300x142.png 300w, https:\/\/moverdb.com\/wp-content\/uploads\/Columbia-Worldwide-Movers-international-moving-company-1024x485.png 1024w, https:\/\/moverdb.com\/wp-content\/uploads\/Columbia-Worldwide-Movers-international-moving-company-18x9.png 18w, https:\/\/moverdb.com\/wp-content\/uploads\/Columbia-Worldwide-Movers-international-moving-company-600x284.png 600w\" sizes=\"auto, (max-width: 1440px) 100vw, 1440px\" \/><\/p>\n<ul>\n<li>Mi\u0219c\u0103ri na\u021bionale<\/li>\n<li>Mut\u0103ri interna\u021bionale<\/li>\n<li>Servicii de relocare<\/li>\n<li>Mutarea gospod\u0103riei<\/li>\n<li>Mi\u0219c\u0103ri de afaceri<\/li>\n<li>Servicii de ambalare<\/li>\n<li>Teren, mare \u0219i aer<\/li>\n<li>Transportul animalelor de companie<\/li>\n<li><a href=\"https:\/\/moverdb.com\/ro\/car-transport-shipping\/\" data-internallinksmanager029f6b8e52c=\"2\" title=\"2026 Transport auto interna\u021bional \u0219i oferte de transport maritim de vehicule\">Transportul vehiculelor<\/a><\/li>\n<li>Facilit\u0103\u021bi de depozitare<\/li>\n<\/ul>\n<p>Columbia Worldwide Movers a fost \u00eenfiin\u021bat\u0103 \u00een 1994 ca furnizor de servicii de mutare \u0219i depozitare. Ace\u0219tia ofer\u0103 servicii de mutare \u0219i relocare na\u021bionale \u0219i interna\u021bionale pentru gospod\u0103rii \u0219i \u00eentreprinderi. \u00ce\u0219i livreaz\u0103 mut\u0103rile interna\u021bionale \u00een parteneriat cu agen\u021bi de mutare de \u00eencredere din alte \u021b\u0103ri. Sunt membri ai IAM cu 28 de ani de activitate \u0219i sunt acredita\u021bi de FIDI.<\/p>\n<p>Columbia Worldwide Movers ofer\u0103 solu\u021bii personalizate de mutare care ofer\u0103 un serviciu de la u\u0219\u0103 la u\u0219\u0103, care include organizarea \u00eempachet\u0103rii bunurilor dumneavoastr\u0103 \u0219i aranjarea transportului pe uscat, pe mare sau pe calea aerului cu v\u0103muire. Ace\u0219tia ofer\u0103, de asemenea, servicii specializate de transport pentru animale de companie \u0219i vehicule.<\/p>\n<p>Site web: <a href=\"http:\/\/www.columbiamovers.com\" target=\"_blank\" rel=\"noopener\">http:\/\/www.columbiamovers.com<\/a><\/p>\n<h2><strong>2. Orbit Moving and Storage<\/strong><\/h2>\n<p><img loading=\"lazy\" decoding=\"async\" class=\"alignnone size-full wp-image-5988\" src=\"https:\/\/moverdb.com\/wp-content\/uploads\/Orbit-Moving-and-Storage-international-moving-company.png\" alt=\"Orbit Moving and Storage companie de mutare interna\u021bional\u0103\" width=\"1440\" height=\"679\" data-wp-pid=\"5988\" srcset=\"https:\/\/moverdb.com\/wp-content\/uploads\/Orbit-Moving-and-Storage-international-moving-company.png 1440w, https:\/\/moverdb.com\/wp-content\/uploads\/Orbit-Moving-and-Storage-international-moving-company-300x141.png 300w, https:\/\/moverdb.com\/wp-content\/uploads\/Orbit-Moving-and-Storage-international-moving-company-1024x483.png 1024w, https:\/\/moverdb.com\/wp-content\/uploads\/Orbit-Moving-and-Storage-international-moving-company-18x8.png 18w, https:\/\/moverdb.com\/wp-content\/uploads\/Orbit-Moving-and-Storage-international-moving-company-600x283.png 600w\" sizes=\"auto, (max-width: 1440px) 100vw, 1440px\" \/><\/p>\n<ul>\n<li>Mut\u0103ri locale<\/li>\n<li>Mut\u0103ri interna\u021bionale<\/li>\n<li>Servicii de relocare<\/li>\n<li>Mut\u0103ri reziden\u021biale<\/li>\n<li>Mutarea birourilor<\/li>\n<li>Servicii de ambalare<\/li>\n<li>Transportul artelor plastice<\/li>\n<li>Transportul animalelor de companie<\/li>\n<li>Transportul vehiculelor<\/li>\n<li>Servicii de depozitare<\/li>\n<\/ul>\n<p>Orbit Moving and Storage este o companie interna\u021bional\u0103 de mutare \u0219i depozitare care activeaz\u0103 din 1982. Face parte din grupul de companii Orphee Beingoglou, care este un furnizor de transport \u0219i logistic\u0103. Ace\u0219tia au o re\u021bea mondial\u0103 de agen\u021bi de mutare care \u00eei ajut\u0103 la mut\u0103rile interna\u021bionale. Ei sunt membri ai IAM cu 40 de ani de serviciu \u0219i sunt acredita\u021bi de FIDI.<\/p>\n<p>Orbit Moving and Storage ofer\u0103 servicii de mutare personale \u0219i de afaceri care sunt furnizate folosind cea mai recent\u0103 tehnologie \u0219i materiale de ambalare. Ace\u0219tia ofer\u0103 un serviciu profesionist de ambalare \u0219i vor organiza transportul bunurilor dumneavoastr\u0103, inclusiv un serviciu specializat pentru obiecte de art\u0103, animale de companie \u0219i vehicule.<\/p>\n<p>Site web: <a href=\"http:\/\/www.orbitcy.com\/\" target=\"_blank\" rel=\"noopener\">http:\/\/www.orbitcy.com\/<\/a><\/p>\n<p>A se vedea \u0219i:<\/p>\n<ul>\n<li> <a href=\"https:\/\/moverdb.com\/ro\/moving-to-cyprus\/living-in-cyprus\/\">20 Secrete despre via\u021ba \u00een Cipru pe care trebuie s\u0103 le \u0219tii \u00eenainte de a te muta<\/a><\/li>\n<li> <a href=\"https:\/\/moverdb.com\/ro\/moving-to-cyprus\/\">V\u0103 muta\u021bi \u00een Cipru? Costurile de trai \u0219i sfaturi de relocare<\/a><\/li>\n<li> <a href=\"https:\/\/moverdb.com\/ro\/transport-maritim-de-containere\/cipru\/\">Tarife de transport maritim de containere c\u0103tre \u0219i din Cipru<\/a><\/li>\n<\/ul>","protected":false},"excerpt":{"rendered":"<p>If you are moving home in Cyprus, or moving to or from Cyprus you might want some help with your move from a moving or relocation agent that can take away some of the stress. Below we have compiled a list of Cyprus removal companies that are members of the International Association of Movers (IAM) [&hellip;]<\/p>\n","protected":false},"author":4,"featured_media":0,"parent":190,"menu_order":0,"comment_status":"closed","ping_status":"closed","template":"","meta":{"_genesis_hide_title":false,"_genesis_hide_breadcrumbs":false,"_genesis_hide_singular_image":false,"_genesis_hide_footer_widgets":false,"_genesis_custom_body_class":"","_genesis_custom_post_class":"","_genesis_layout":"","footnotes":""},"class_list":{"0":"post-6024","1":"page","2":"type-page","3":"status-publish","5":"entry","6":"has-post-thumbnail"},"_links":{"self":[{"href":"https:\/\/moverdb.com\/ro\/wp-json\/wp\/v2\/pages\/6024","targetHints":{"allow":["GET"]}}],"collection":[{"href":"https:\/\/moverdb.com\/ro\/wp-json\/wp\/v2\/pages"}],"about":[{"href":"https:\/\/moverdb.com\/ro\/wp-json\/wp\/v2\/types\/page"}],"author":[{"embeddable":true,"href":"https:\/\/moverdb.com\/ro\/wp-json\/wp\/v2\/users\/4"}],"replies":[{"embeddable":true,"href":"https:\/\/moverdb.com\/ro\/wp-json\/wp\/v2\/comments?post=6024"}],"version-history":[{"count":4,"href":"https:\/\/moverdb.com\/ro\/wp-json\/wp\/v2\/pages\/6024\/revisions"}],"predecessor-version":[{"id":15035,"href":"https:\/\/moverdb.com\/ro\/wp-json\/wp\/v2\/pages\/6024\/revisions\/15035"}],"up":[{"embeddable":true,"href":"https:\/\/moverdb.com\/ro\/wp-json\/wp\/v2\/pages\/190"}],"wp:attachment":[{"href":"https:\/\/moverdb.com\/ro\/wp-json\/wp\/v2\/media?parent=6024"}],"curies":[{"name":"wp","href":"https:\/\/api.w.org\/{rel}","templated":true}]}}