{"id":6020,"date":"2023-02-01T13:55:01","date_gmt":"2023-02-01T13:55:01","guid":{"rendered":"https:\/\/moverdb.com\/?page_id=6020"},"modified":"2026-01-08T15:29:53","modified_gmt":"2026-01-08T15:29:53","slug":"moving-companies-croatia","status":"publish","type":"page","link":"https:\/\/moverdb.com\/ro\/moving-companies\/moving-companies-croatia\/","title":{"rendered":"Cele mai bune companii de mutare interna\u021bional\u0103 \u00een Croa\u021bia"},"content":{"rendered":"<p>Dac\u0103 v\u0103 muta\u021bi casa sau afacerea \u00een <a href=\"https:\/\/moverdb.com\/ro\/moving-to-croatia\/\" data-internallinksmanager029f6b8e52c=\"428\" title=\"V\u0103 muta\u021bi \u00een Croa\u021bia? 2026 Costurile de trai \u0219i sfaturi de relocare\">Croa\u021bia<\/a>, sau c\u0103tre sau dinspre Croa\u021bia, s-ar putea s\u0103 dori\u021bi ajutor pentru mutarea dumneavoastr\u0103. Pentru a-i ajuta pe cei care se mut\u0103, am \u00eentocmit o list\u0103 de croa\u021bi <a href=\"https:\/\/moverdb.com\/ro\/international-removals\/\" data-internallinksmanager029f6b8e52c=\"27\" title=\"36 Cele mai bune companii de mut\u0103ri interna\u021bionale din Marea Britanie\">companii de mutare<\/a> de mai jos care sunt membri ai <a href=\"https:\/\/moverdb.com\/ro\/iam\/\" data-internallinksmanager029f6b8e52c=\"23\" title=\"Explica\u021bii despre Asocia\u021bia Interna\u021bional\u0103 a Transportatorilor (IAM)\">Asocia\u021bia Interna\u021bional\u0103 a Transportatorilor<\/a> (IAM) \u0219i\/sau <a href=\"https:\/\/moverdb.com\/ro\/fidi-faim\/\" data-internallinksmanager029f6b8e52c=\"16\" title=\"FIDI &amp; FAIM (FIDI Accredited International Mover) Explicat\">FIDI<\/a> Transportator interna\u021bional acreditat (FAIM).<\/p>\n<h2><strong>Gosselin<\/strong><\/h2>\n<p><img loading=\"lazy\" decoding=\"async\" class=\"alignnone size-full wp-image-5953\" src=\"https:\/\/moverdb.com\/wp-content\/uploads\/Gosselin-Croatia-international-moving-company.png\" alt=\"Gosselin Croa\u021bia companie de mut\u0103ri interna\u021bionale\" width=\"1440\" height=\"680\" data-wp-pid=\"5953\" srcset=\"https:\/\/moverdb.com\/wp-content\/uploads\/Gosselin-Croatia-international-moving-company.png 1440w, https:\/\/moverdb.com\/wp-content\/uploads\/Gosselin-Croatia-international-moving-company-300x142.png 300w, https:\/\/moverdb.com\/wp-content\/uploads\/Gosselin-Croatia-international-moving-company-1024x484.png 1024w, https:\/\/moverdb.com\/wp-content\/uploads\/Gosselin-Croatia-international-moving-company-18x9.png 18w, https:\/\/moverdb.com\/wp-content\/uploads\/Gosselin-Croatia-international-moving-company-600x283.png 600w\" sizes=\"auto, (max-width: 1440px) 100vw, 1440px\" \/><\/p>\n<ul>\n<li>Mi\u0219c\u0103ri na\u021bionale<\/li>\n<li>Mut\u0103ri interna\u021bionale<\/li>\n<li>Mutarea gospod\u0103riei<\/li>\n<li>Mutarea birourilor \u0219i a ambasadelor<\/li>\n<li>Personalul de mutare instruit ofer\u0103 standarde de \u00eenalt\u0103 calitate<\/li>\n<li>Serviciul de ambalare \u0219i despachetare<\/li>\n<li>Arte plastice \u00een mi\u0219care<\/li>\n<li>Transportul animalelor de companie<\/li>\n<li>Transportul vehiculelor<\/li>\n<li>Depozitare pe termen scurt sau lung<\/li>\n<\/ul>\n<p>Gosselin este un <a href=\"https:\/\/moverdb.com\/ro\/moving-companies\/\" data-internallinksmanager029f6b8e52c=\"79\" title=\"Top 25 Companii interna\u021bionale de mutare online\">companie de mutare interna\u021bional\u0103<\/a> care are birouri \u00een \u00eentreaga lume \u0219i func\u021bioneaz\u0103 din 1930. Ofer\u0103 servicii de mutare \u00een Croa\u021bia de peste 20 de ani de la baza lor din Zagreb. Sunt membri ai IAM cu 9 ani de serviciu.<\/p>\n<p>Gosselin ofer\u0103 un serviciu profesionist de mutare care se ocup\u0103 de mut\u0103ri excep\u021bional de mari sau mici, care pot include, de asemenea, obiecte de art\u0103 care necesit\u0103 o manipulare mai atent\u0103 \u0219i servicii mai specializate, cum ar fi transportul animalelor de companie \u0219i al vehiculelor. Ace\u0219tia pun la dispozi\u021bie personal calificat care lucreaz\u0103 la standarde de \u00eenalt\u0103 calitate pentru a v\u0103 proteja bunurile \u00een timpul transportului \u0219i v\u0103 vor despacheta bunurile la sosire.<\/p>\n<p>Site web: <a href=\"https:\/\/gosselin-moving.com\/en\/southeast-europe\" target=\"_blank\" rel=\"noopener\">https:\/\/gosselin-moving.com\/en\/southeast-europe<\/a><\/p>\n<h2>Alte ghiduri utile pentru Croa\u021bia<\/h2>\n<ul>\n<li> <a href=\"https:\/\/moverdb.com\/ro\/transport-maritim-de-containere\/croatia\/\">2024 Tarife de transport maritim de containere c\u0103tre \u0219i din Croa\u021bia<\/a><\/li>\n<li> <a href=\"https:\/\/moverdb.com\/ro\/moving-to-croatia\/\">V\u0103 muta\u021bi \u00een Croa\u021bia? 2026 Costurile de trai \u0219i sfaturi de relocare<\/a><\/li>\n<li> <a href=\"https:\/\/moverdb.com\/ro\/moving-to-croatia\/living-in-croatia\/\">21 de secrete despre via\u021ba \u00een Croa\u021bia pe care trebuie s\u0103 le \u0219tii \u00eenainte de a te muta<\/a><\/li>\n<\/ul>","protected":false},"excerpt":{"rendered":"<p>If you are moving home or business in Croatia, or to or from Croatia, you might want some help with your move. To assist those that are moving we have compiled a list of Croatian removal companies below that are members of the International Association of Movers (IAM) and\/or FIDI Accredited International Mover (FAIM). Gosselin [&hellip;]<\/p>\n","protected":false},"author":4,"featured_media":0,"parent":190,"menu_order":0,"comment_status":"closed","ping_status":"closed","template":"","meta":{"_genesis_hide_title":false,"_genesis_hide_breadcrumbs":false,"_genesis_hide_singular_image":false,"_genesis_hide_footer_widgets":false,"_genesis_custom_body_class":"","_genesis_custom_post_class":"","_genesis_layout":"","footnotes":""},"class_list":{"0":"post-6020","1":"page","2":"type-page","3":"status-publish","5":"entry","6":"has-post-thumbnail"},"_links":{"self":[{"href":"https:\/\/moverdb.com\/ro\/wp-json\/wp\/v2\/pages\/6020","targetHints":{"allow":["GET"]}}],"collection":[{"href":"https:\/\/moverdb.com\/ro\/wp-json\/wp\/v2\/pages"}],"about":[{"href":"https:\/\/moverdb.com\/ro\/wp-json\/wp\/v2\/types\/page"}],"author":[{"embeddable":true,"href":"https:\/\/moverdb.com\/ro\/wp-json\/wp\/v2\/users\/4"}],"replies":[{"embeddable":true,"href":"https:\/\/moverdb.com\/ro\/wp-json\/wp\/v2\/comments?post=6020"}],"version-history":[{"count":2,"href":"https:\/\/moverdb.com\/ro\/wp-json\/wp\/v2\/pages\/6020\/revisions"}],"predecessor-version":[{"id":18351,"href":"https:\/\/moverdb.com\/ro\/wp-json\/wp\/v2\/pages\/6020\/revisions\/18351"}],"up":[{"embeddable":true,"href":"https:\/\/moverdb.com\/ro\/wp-json\/wp\/v2\/pages\/190"}],"wp:attachment":[{"href":"https:\/\/moverdb.com\/ro\/wp-json\/wp\/v2\/media?parent=6020"}],"curies":[{"name":"wp","href":"https:\/\/api.w.org\/{rel}","templated":true}]}}